{"id":994,"date":"2020-05-05T18:53:34","date_gmt":"2020-05-05T18:53:34","guid":{"rendered":"https:\/\/econtrols.stagemysite.com\/?post_type=product&#038;p=994"},"modified":"2020-05-05T19:12:00","modified_gmt":"2020-05-05T19:12:00","slug":"3m-electronic-marking-system-ems-rope-7705-hr","status":"publish","type":"product","link":"https:\/\/equipmentcontrols.com\/fr\/produit\/3m-electronic-marking-system-ems-rope-7705-hr\/","title":{"rendered":"Corde de syst\u00e8me de marquage \u00e9lectronique (EMS) 3M\u2122 7705-HR"},"content":{"rendered":"<p><strong>Corde de syst\u00e8me de marquage \u00e9lectronique (EMS) 3M 7705-HR<\/strong><\/p>\n<ul class=\"MMM--pdpList SNAPS--bullets js--bnftsPdPList\">\n<li>Ils peuvent \u00eatre install\u00e9s \u00e0 proximit\u00e9 ou au-dessus des actifs enterr\u00e9s<\/li>\n<li>Ils sont faciles \u00e0 suivre, cr\u00e9ant un chemin d\u00e9tectable au-dessus du sol<\/li>\n<li>Pour une utilisation dans les tranch\u00e9es ouvertes et les applications HDD (forage directionnel horizontal)<\/li>\n<li>Ils ne n\u00e9cessitent pas de piles et il n&#039;est pas n\u00e9cessaire de brancher un \u00e9metteur externe ou de passer du temps \u00e0 chercher des points d&#039;acc\u00e8s<\/li>\n<\/ul>\n<p><strong>Caract\u00e9ristiques:<\/strong><br \/>\n<strong>Marque:<\/strong> 3M\u2122<\/p>\n<p><strong>Application\/Industrie\u00a0:<\/strong> Gaz<\/p>\n<p><strong>Type de marqueur\u00a0:<\/strong> Corde de balisage<\/p>\n<p><strong>Profondeur d&#039;enfouissement maximale\u00a0:<\/strong> 4 pieds (1,2 m)<\/p>\n<p><strong>Longueur hors tout (imp\u00e9rial):<\/strong> 328,2 m<\/p>\n<p><strong>Longueur totale (m\u00e9trique)\u00a0:<\/strong> 300,1 m<\/p>\n<p><strong>TDS requis\u00a0:<\/strong> Oui<\/p>\n<p><strong>D\u00e9tails:<\/strong><\/p>\n<p>Les marqueurs fonctionnent ind\u00e9pendamment, donc m\u00eame si une section de la corde de marquage de chemin est coup\u00e9e ou retir\u00e9e, les autres marqueurs sur la corde continueront \u00e0 fournir un emplacement pr\u00e9cis. Ils sont disponibles en 5 fr\u00e9quences, cr\u00e9ant une identification unique pour chaque type de service<\/p>\n<p>Notre derni\u00e8re innovation, la corde de marquage de chemin EMS 3M\u2122, est une solution pratiquement sans entretien pour le marquage et la localisation du chemin des tuyaux et conduits en plastique souterrains qui aide \u00e0 \u00e9liminer les probl\u00e8mes et les co\u00fbts associ\u00e9s au fil traceur et aux stations de test. Les cordes de marquage 3M EMS sont int\u00e9gr\u00e9es \u00e0 des marqueurs qui sont activ\u00e9s \u00e0 l&#039;aide d&#039;un localisateur 3M\u2122 Dynatel\u2122 s\u00e9rie 7000.<\/p>\n<p><strong>T\u00e9l\u00e9chargements\u00a0:<\/strong><\/p>\n<p><a href=\"https:\/\/equipmentcontrols.com\/wp-content\/uploads\/2020\/05\/multimedia.pdf\">Brochure SGE 3M<\/a><\/p>\n<p><a href=\"https:\/\/equipmentcontrols.com\/wp-content\/uploads\/2020\/05\/78-8141-8030-9-rev-B.pdf\">Instructions de candidature<\/a><\/p>\n<p>&nbsp;<\/p>\n<p>&nbsp;<\/p>","protected":false},"excerpt":{"rendered":"<p>3M Electronic Marking System (EMS) Rope 7705-HR They can be installed near or above buried assets They are easy to follow, creating a detectable path above ground For use in open trench and HDD (Horizontal Directional Drilling) applications They do not require batteries and there is no need to hook up an external transmitter or [&hellip;]<\/p>\n","protected":false},"featured_media":993,"template":"","meta":[],"product_brand":[],"product_cat":[54,25],"product_tag":[],"class_list":{"0":"post-994","1":"product","2":"type-product","3":"status-publish","4":"has-post-thumbnail","6":"product_cat-3m","7":"product_cat-utility-locators-marking-systems","9":"first","10":"instock","11":"shipping-taxable","12":"product-type-simple"},"yoast_head":"<!-- This site is optimized with the Yoast SEO Premium plugin v23.9 (Yoast SEO v27.3) - https:\/\/yoast.com\/product\/yoast-seo-premium-wordpress\/ -->\n<title>3M\u2122 Electronic Marking System (EMS) Rope 7705-HR - ECCO<\/title>\n<meta name=\"description\" content=\"3M\u2122 Electronic Marking System (EMS) Caution Tape 7615, Gas, 12 ft Spacing, 400 m RollThey can be installed near or above buried assetsThey are easy to follow, creating a detectable path above groundFor use in open trench and HDD (Horizontal Directional Drilling) applicationsThey do not require batteries and there is no need to hook up an external transmitter or spend time searching for access pointsSpecifications:\" \/>\n<meta name=\"robots\" content=\"index, follow, max-snippet:-1, max-image-preview:large, max-video-preview:-1\" \/>\n<link rel=\"canonical\" href=\"https:\/\/equipmentcontrols.com\/fr\/produit\/3m-electronic-marking-system-ems-rope-7705-hr\/\" \/>\n<meta property=\"og:locale\" content=\"fr_CA\" \/>\n<meta property=\"og:type\" content=\"article\" \/>\n<meta property=\"og:title\" content=\"3M\u2122 Electronic Marking System (EMS) Rope 7705-HR\" \/>\n<meta property=\"og:description\" content=\"3M\u2122 Electronic Marking System (EMS) Caution Tape 7615, Gas, 12 ft Spacing, 400 m RollThey can be installed near or above buried assetsThey are easy to follow, creating a detectable path above groundFor use in open trench and HDD (Horizontal Directional Drilling) applicationsThey do not require batteries and there is no need to hook up an external transmitter or spend time searching for access pointsSpecifications:\" \/>\n<meta property=\"og:url\" content=\"https:\/\/equipmentcontrols.com\/fr\/produit\/3m-electronic-marking-system-ems-rope-7705-hr\/\" \/>\n<meta property=\"og:site_name\" content=\"ECCO\" \/>\n<meta property=\"article:modified_time\" content=\"2020-05-05T19:12:00+00:00\" \/>\n<meta property=\"og:image\" content=\"https:\/\/equipmentcontrols.com\/wp-content\/uploads\/2020\/05\/3M-Electronic-Marking-System-EMS-Rope-7705-HR-Gas.jpeg\" \/>\n\t<meta property=\"og:image:width\" content=\"860\" \/>\n\t<meta property=\"og:image:height\" content=\"860\" \/>\n\t<meta property=\"og:image:type\" content=\"image\/jpeg\" \/>\n<meta name=\"twitter:card\" content=\"summary_large_image\" \/>\n<meta name=\"twitter:label1\" content=\"Estimation du temps de lecture\" \/>\n\t<meta name=\"twitter:data1\" content=\"1 minute\" \/>\n<script type=\"application\/ld+json\" class=\"yoast-schema-graph\">{\"@context\":\"https:\\\/\\\/schema.org\",\"@graph\":[{\"@type\":\"WebPage\",\"@id\":\"https:\\\/\\\/equipmentcontrols.com\\\/product\\\/3m-electronic-marking-system-ems-rope-7705-hr\\\/\",\"url\":\"https:\\\/\\\/equipmentcontrols.com\\\/product\\\/3m-electronic-marking-system-ems-rope-7705-hr\\\/\",\"name\":\"3M\u2122 Electronic Marking System (EMS) Rope 7705-HR - ECCO\",\"isPartOf\":{\"@id\":\"https:\\\/\\\/equipmentcontrols.com\\\/#website\"},\"primaryImageOfPage\":{\"@id\":\"https:\\\/\\\/equipmentcontrols.com\\\/product\\\/3m-electronic-marking-system-ems-rope-7705-hr\\\/#primaryimage\"},\"image\":{\"@id\":\"https:\\\/\\\/equipmentcontrols.com\\\/product\\\/3m-electronic-marking-system-ems-rope-7705-hr\\\/#primaryimage\"},\"thumbnailUrl\":\"https:\\\/\\\/equipmentcontrols.com\\\/wp-content\\\/uploads\\\/2020\\\/05\\\/3M-Electronic-Marking-System-EMS-Rope-7705-HR-Gas.jpeg\",\"datePublished\":\"2020-05-05T18:53:34+00:00\",\"dateModified\":\"2020-05-05T19:12:00+00:00\",\"description\":\"3M\u2122 Electronic Marking System (EMS) Caution Tape 7615, Gas, 12 ft Spacing, 400 m RollThey can be installed near or above buried assetsThey are easy to follow, creating a detectable path above groundFor use in open trench and HDD (Horizontal Directional Drilling) applicationsThey do not require batteries and there is no need to hook up an external transmitter or spend time searching for access pointsSpecifications:\",\"breadcrumb\":{\"@id\":\"https:\\\/\\\/equipmentcontrols.com\\\/product\\\/3m-electronic-marking-system-ems-rope-7705-hr\\\/#breadcrumb\"},\"inLanguage\":\"fr-CA\",\"potentialAction\":[{\"@type\":\"ReadAction\",\"target\":[\"https:\\\/\\\/equipmentcontrols.com\\\/product\\\/3m-electronic-marking-system-ems-rope-7705-hr\\\/\"]}]},{\"@type\":\"ImageObject\",\"inLanguage\":\"fr-CA\",\"@id\":\"https:\\\/\\\/equipmentcontrols.com\\\/product\\\/3m-electronic-marking-system-ems-rope-7705-hr\\\/#primaryimage\",\"url\":\"https:\\\/\\\/equipmentcontrols.com\\\/wp-content\\\/uploads\\\/2020\\\/05\\\/3M-Electronic-Marking-System-EMS-Rope-7705-HR-Gas.jpeg\",\"contentUrl\":\"https:\\\/\\\/equipmentcontrols.com\\\/wp-content\\\/uploads\\\/2020\\\/05\\\/3M-Electronic-Marking-System-EMS-Rope-7705-HR-Gas.jpeg\",\"width\":860,\"height\":860,\"caption\":\"3M-Electronic-Marking-System-EMS-Rope-7705-HR-Gas\"},{\"@type\":\"BreadcrumbList\",\"@id\":\"https:\\\/\\\/equipmentcontrols.com\\\/product\\\/3m-electronic-marking-system-ems-rope-7705-hr\\\/#breadcrumb\",\"itemListElement\":[{\"@type\":\"ListItem\",\"position\":1,\"name\":\"Home\",\"item\":\"https:\\\/\\\/equipmentcontrols.com\\\/\"},{\"@type\":\"ListItem\",\"position\":2,\"name\":\"Shop\",\"item\":\"https:\\\/\\\/equipmentcontrols.com\\\/shop\\\/\"},{\"@type\":\"ListItem\",\"position\":3,\"name\":\"3M\u2122 Electronic Marking System (EMS) Rope 7705-HR\"}]},{\"@type\":\"WebSite\",\"@id\":\"https:\\\/\\\/equipmentcontrols.com\\\/#website\",\"url\":\"https:\\\/\\\/equipmentcontrols.com\\\/\",\"name\":\"ECCO\",\"description\":\"Equipment Controls Company\",\"potentialAction\":[{\"@type\":\"SearchAction\",\"target\":{\"@type\":\"EntryPoint\",\"urlTemplate\":\"https:\\\/\\\/equipmentcontrols.com\\\/?s={search_term_string}\"},\"query-input\":{\"@type\":\"PropertyValueSpecification\",\"valueRequired\":true,\"valueName\":\"search_term_string\"}}],\"inLanguage\":\"fr-CA\"}]}<\/script>\n<!-- \/ Yoast SEO Premium plugin. -->","yoast_head_json":{"title":"3M\u2122 Electronic Marking System (EMS) Rope 7705-HR - ECCO","description":"3M\u2122 Electronic Marking System (EMS) Caution Tape 7615, Gas, 12 ft Spacing, 400 m RollThey can be installed near or above buried assetsThey are easy to follow, creating a detectable path above groundFor use in open trench and HDD (Horizontal Directional Drilling) applicationsThey do not require batteries and there is no need to hook up an external transmitter or spend time searching for access pointsSpecifications:","robots":{"index":"index","follow":"follow","max-snippet":"max-snippet:-1","max-image-preview":"max-image-preview:large","max-video-preview":"max-video-preview:-1"},"canonical":"https:\/\/equipmentcontrols.com\/fr\/produit\/3m-electronic-marking-system-ems-rope-7705-hr\/","og_locale":"fr_CA","og_type":"article","og_title":"3M\u2122 Electronic Marking System (EMS) Rope 7705-HR","og_description":"3M\u2122 Electronic Marking System (EMS) Caution Tape 7615, Gas, 12 ft Spacing, 400 m RollThey can be installed near or above buried assetsThey are easy to follow, creating a detectable path above groundFor use in open trench and HDD (Horizontal Directional Drilling) applicationsThey do not require batteries and there is no need to hook up an external transmitter or spend time searching for access pointsSpecifications:","og_url":"https:\/\/equipmentcontrols.com\/fr\/produit\/3m-electronic-marking-system-ems-rope-7705-hr\/","og_site_name":"ECCO","article_modified_time":"2020-05-05T19:12:00+00:00","og_image":[{"width":860,"height":860,"url":"https:\/\/equipmentcontrols.com\/wp-content\/uploads\/2020\/05\/3M-Electronic-Marking-System-EMS-Rope-7705-HR-Gas.jpeg","type":"image\/jpeg"}],"twitter_card":"summary_large_image","twitter_misc":{"Estimation du temps de lecture":"1 minute"},"schema":{"@context":"https:\/\/schema.org","@graph":[{"@type":"WebPage","@id":"https:\/\/equipmentcontrols.com\/product\/3m-electronic-marking-system-ems-rope-7705-hr\/","url":"https:\/\/equipmentcontrols.com\/product\/3m-electronic-marking-system-ems-rope-7705-hr\/","name":"3M\u2122 Electronic Marking System (EMS) Rope 7705-HR - ECCO","isPartOf":{"@id":"https:\/\/equipmentcontrols.com\/#website"},"primaryImageOfPage":{"@id":"https:\/\/equipmentcontrols.com\/product\/3m-electronic-marking-system-ems-rope-7705-hr\/#primaryimage"},"image":{"@id":"https:\/\/equipmentcontrols.com\/product\/3m-electronic-marking-system-ems-rope-7705-hr\/#primaryimage"},"thumbnailUrl":"https:\/\/equipmentcontrols.com\/wp-content\/uploads\/2020\/05\/3M-Electronic-Marking-System-EMS-Rope-7705-HR-Gas.jpeg","datePublished":"2020-05-05T18:53:34+00:00","dateModified":"2020-05-05T19:12:00+00:00","description":"3M\u2122 Electronic Marking System (EMS) Caution Tape 7615, Gas, 12 ft Spacing, 400 m RollThey can be installed near or above buried assetsThey are easy to follow, creating a detectable path above groundFor use in open trench and HDD (Horizontal Directional Drilling) applicationsThey do not require batteries and there is no need to hook up an external transmitter or spend time searching for access pointsSpecifications:","breadcrumb":{"@id":"https:\/\/equipmentcontrols.com\/product\/3m-electronic-marking-system-ems-rope-7705-hr\/#breadcrumb"},"inLanguage":"fr-CA","potentialAction":[{"@type":"ReadAction","target":["https:\/\/equipmentcontrols.com\/product\/3m-electronic-marking-system-ems-rope-7705-hr\/"]}]},{"@type":"ImageObject","inLanguage":"fr-CA","@id":"https:\/\/equipmentcontrols.com\/product\/3m-electronic-marking-system-ems-rope-7705-hr\/#primaryimage","url":"https:\/\/equipmentcontrols.com\/wp-content\/uploads\/2020\/05\/3M-Electronic-Marking-System-EMS-Rope-7705-HR-Gas.jpeg","contentUrl":"https:\/\/equipmentcontrols.com\/wp-content\/uploads\/2020\/05\/3M-Electronic-Marking-System-EMS-Rope-7705-HR-Gas.jpeg","width":860,"height":860,"caption":"3M-Electronic-Marking-System-EMS-Rope-7705-HR-Gas"},{"@type":"BreadcrumbList","@id":"https:\/\/equipmentcontrols.com\/product\/3m-electronic-marking-system-ems-rope-7705-hr\/#breadcrumb","itemListElement":[{"@type":"ListItem","position":1,"name":"Home","item":"https:\/\/equipmentcontrols.com\/"},{"@type":"ListItem","position":2,"name":"Shop","item":"https:\/\/equipmentcontrols.com\/shop\/"},{"@type":"ListItem","position":3,"name":"3M\u2122 Electronic Marking System (EMS) Rope 7705-HR"}]},{"@type":"WebSite","@id":"https:\/\/equipmentcontrols.com\/#website","url":"https:\/\/equipmentcontrols.com\/","name":"ECCO","description":"Compagnie de contr\u00f4le d&#039;\u00e9quipement","potentialAction":[{"@type":"SearchAction","target":{"@type":"EntryPoint","urlTemplate":"https:\/\/equipmentcontrols.com\/?s={search_term_string}"},"query-input":{"@type":"PropertyValueSpecification","valueRequired":true,"valueName":"search_term_string"}}],"inLanguage":"fr-CA"}]}},"_links":{"self":[{"href":"https:\/\/equipmentcontrols.com\/fr\/wp-json\/wp\/v2\/product\/994","targetHints":{"allow":["GET"]}}],"collection":[{"href":"https:\/\/equipmentcontrols.com\/fr\/wp-json\/wp\/v2\/product"}],"about":[{"href":"https:\/\/equipmentcontrols.com\/fr\/wp-json\/wp\/v2\/types\/product"}],"wp:featuredmedia":[{"embeddable":true,"href":"https:\/\/equipmentcontrols.com\/fr\/wp-json\/wp\/v2\/media\/993"}],"wp:attachment":[{"href":"https:\/\/equipmentcontrols.com\/fr\/wp-json\/wp\/v2\/media?parent=994"}],"wp:term":[{"taxonomy":"product_brand","embeddable":true,"href":"https:\/\/equipmentcontrols.com\/fr\/wp-json\/wp\/v2\/product_brand?post=994"},{"taxonomy":"product_cat","embeddable":true,"href":"https:\/\/equipmentcontrols.com\/fr\/wp-json\/wp\/v2\/product_cat?post=994"},{"taxonomy":"product_tag","embeddable":true,"href":"https:\/\/equipmentcontrols.com\/fr\/wp-json\/wp\/v2\/product_tag?post=994"}],"curies":[{"name":"wp","href":"https:\/\/api.w.org\/{rel}","templated":true}]}}