{"id":950,"date":"2020-05-01T01:38:14","date_gmt":"2020-05-01T01:38:14","guid":{"rendered":"https:\/\/econtrols.stagemysite.com\/product\/3m-full-range-marker-1254-xr-id-2\/"},"modified":"2020-05-01T03:05:34","modified_gmt":"2020-05-01T03:05:34","slug":"3m-full-range-marker-1254-xr-id-2","status":"publish","type":"product","link":"https:\/\/equipmentcontrols.com\/fr\/produit\/3m-full-range-marker-1254-xr-id-2\/","title":{"rendered":"Marqueur pleine port\u00e9e 3M 1254-XR-iD"},"content":{"rendered":"<p><strong>Marqueur \u00e0 port\u00e9e compl\u00e8te 3M\u2122 1254-XR\/iD, port\u00e9e de 8 pieds, gaz<\/strong><\/p>\n<p>\u2022 Identification positive des actifs souterrains<br \/>\n\u2022 Aucune source d&#039;alimentation externe n\u00e9cessaire<br \/>\n\u2022 R\u00e9sistant aux \u00e9l\u00e9ments<br \/>\n\u2022 Couleur conforme aux normes APWA<\/p>\n<p><strong>Caract\u00e9ristiques<\/strong><br \/>\nApplication\/Industrie\u00a0: Gaz<br \/>\nMarque : 3M\u2122<br \/>\nFamille de couleurs : Jaune<br \/>\nProfondeur du marqueur : 8 pieds (2,4 m)<br \/>\nDimension du marqueur (pouce)\u00a0: 15\u00a0pouces de diam\u00e8tre x 0,65\u00a0pouce d&#039;\u00e9paisseur<br \/>\nCapacit\u00e9 de recherche de marqueur : Oui<br \/>\nFonction marqueur\u00a0: programmable<br \/>\nType de marqueur\u00a0: Gamme compl\u00e8te<br \/>\nNombre de fr\u00e9quences : N\/A<br \/>\nDiam\u00e8tre total (imp\u00e9rial) : 15 po<br \/>\nDiam\u00e8tre total (m\u00e9trique) : 38,1 cm, 38,1 cm<br \/>\nHauteur totale (m\u00e9trique) : 1,65 cm, 1,65 cm<br \/>\nCouleur du produit : Jaune<br \/>\nPlage : 0 \u00e0 8 pieds lin\u00e9aires<br \/>\nConformit\u00e9 RoHS 2011\/65\/UE : Ind\u00e9termin\u00e9<br \/>\nRoHS UE Commentaires<br \/>\nContactez 3M pour plus d&#039;informations<br \/>\n*Information RoHS importante<br \/>\nSolution pour : R\u00e9seau d&#039;acc\u00e8s : FTTH\/FTTB\/CATV, R\u00e9seau d&#039;acc\u00e8s : xDSL, R\u00e9seau de boucle longue distance\/m\u00e9tro : Ext\u00e9rieur, R\u00e9seau sans fil : Backhaul<br \/>\nTDS requis\u00a0: oui<br \/>\nSortie de l&#039;\u00e9metteur : N\/A<\/p>\n<p><strong>D\u00e9tails<\/strong><br \/>\n\u2022 Identification positive des actifs souterrains<br \/>\n\u2022 Aucune source d&#039;alimentation externe n\u00e9cessaire<br \/>\n\u2022 R\u00e9sistant aux \u00e9l\u00e9ments<br \/>\n\u2022 Couleur conforme aux normes APWA<br \/>\n\u2022 Couleur conforme aux normes APWA<\/p>\n<p>Les marqueurs \u00e0 gamme compl\u00e8te 3M\u2122 EMS offrent une m\u00e9thode pr\u00e9cise, pratique et durable de marquage des installations souterraines.<\/p>\n<p>Les marqueurs Full Range sont parfaitement adapt\u00e9s pour marquer l&#039;emplacement des services publics enfouis \u00e0 une grande distance. Les marqueurs passifs \u00e0 port\u00e9e compl\u00e8te fourniront une identification pr\u00e9cise des lignes \u00e9lectriques enterr\u00e9es, aidant \u00e0 r\u00e9duire le risque d&#039;excavation accidentelle d&#039;autres installations enterr\u00e9es. Tous les marqueurs fonctionnent sans avoir besoin d&#039;une source d&#039;alimentation externe. Leurs coques en poly\u00e9thyl\u00e8ne r\u00e9sistantes \u00e0 l&#039;eau sont imperm\u00e9ables aux min\u00e9raux, aux produits chimiques et aux temp\u00e9ratures extr\u00eames que l&#039;on trouve normalement sous terre. Une version iD est disponible qui permet le stockage d&#039;informations sp\u00e9cifiques au client sur l&#039;actif souterrain.<\/p>\n<p><strong>Applications sugg\u00e9r\u00e9es\u00a0: industrie du gaz<\/strong><\/p>\n<p><strong>T\u00e9l\u00e9chargements\u00a0:<\/strong><br \/>\n<a href=\"https:\/\/equipmentcontrols.com\/wp-content\/uploads\/2020\/04\/EMS-Full-Range-Markers-DS-7527774.pdf\">Fiche technique des marqueurs \u00e0 gamme compl\u00e8te EMS<\/a><br \/>\n<a href=\"https:\/\/equipmentcontrols.com\/wp-content\/uploads\/2020\/04\/78-8141-8030-9-rev-B.pdf\">instructions d&#039;installation<\/a><\/p>","protected":false},"excerpt":{"rendered":"<p>3M\u2122 Full-Range Marker 1254-XR\/iD, 8 ft Range, Gas \u2022\u00a0 Positive Identification of underground assets \u2022\u00a0No external power source needed \u2022\u00a0Resistant to elements \u2022\u00a0Color conforms to APWA standards Specifications Application\/Industry: Gas Brand: 3M\u2122 Color Family: Yellow Marker Depth: 8 feet (2.4m) Marker Dimension (inch): 15 inch Diameter x 0.65 inch Thick Marker Finding Capability: Yes Marker [&hellip;]<\/p>\n","protected":false},"featured_media":932,"template":"","meta":[],"product_brand":[],"product_cat":[54,25],"product_tag":[],"class_list":{"0":"post-950","1":"product","2":"type-product","3":"status-publish","4":"has-post-thumbnail","6":"product_cat-3m","7":"product_cat-utility-locators-marking-systems","9":"first","10":"instock","11":"shipping-taxable","12":"product-type-simple"},"yoast_head":"<!-- This site is optimized with the Yoast SEO Premium plugin v23.9 (Yoast SEO v27.3) - https:\/\/yoast.com\/product\/yoast-seo-premium-wordpress\/ -->\n<title>3M Full-Range Marker 1254-XR-iD - ECCO<\/title>\n<meta name=\"description\" content=\"3M\u2122 EMS Full Range Markers provide an accurate, convenient, long lasting method of marking underground facilities.Full Range markers are ideally suited for marking the location of utilities buried at a deep distance. Passive full range markers will provide accurate identification of buried power lines, helping to reduce the risk of accidentally excavating other buried facilities. All markers function without the need for an external power source. Their water resistant polyetheline shells are impervious to minerals, chemicals and the temperature extremes normally found underground. An iD version is available which allows for the storage of customer specific information about the underground asset.\" \/>\n<meta name=\"robots\" content=\"index, follow, max-snippet:-1, max-image-preview:large, max-video-preview:-1\" \/>\n<link rel=\"canonical\" href=\"https:\/\/equipmentcontrols.com\/fr\/produit\/3m-full-range-marker-1254-xr-id-2\/\" \/>\n<meta property=\"og:locale\" content=\"fr_CA\" \/>\n<meta property=\"og:type\" content=\"article\" \/>\n<meta property=\"og:title\" content=\"3M Full-Range Marker 1254-XR-iD\" \/>\n<meta property=\"og:description\" content=\"3M\u2122 EMS Full Range Markers provide an accurate, convenient, long lasting method of marking underground facilities.Full Range markers are ideally suited for marking the location of utilities buried at a deep distance. Passive full range markers will provide accurate identification of buried power lines, helping to reduce the risk of accidentally excavating other buried facilities. All markers function without the need for an external power source. Their water resistant polyetheline shells are impervious to minerals, chemicals and the temperature extremes normally found underground. An iD version is available which allows for the storage of customer specific information about the underground asset.\" \/>\n<meta property=\"og:url\" content=\"https:\/\/equipmentcontrols.com\/fr\/produit\/3m-full-range-marker-1254-xr-id-2\/\" \/>\n<meta property=\"og:site_name\" content=\"ECCO\" \/>\n<meta property=\"article:modified_time\" content=\"2020-05-01T03:05:34+00:00\" \/>\n<meta property=\"og:image\" content=\"https:\/\/equipmentcontrols.com\/wp-content\/uploads\/2020\/05\/3M20Full-Range20Marker201254-XR-iD20820ft20Range20Gas.jpg\" \/>\n\t<meta property=\"og:image:width\" content=\"860\" \/>\n\t<meta property=\"og:image:height\" content=\"860\" \/>\n\t<meta property=\"og:image:type\" content=\"image\/jpeg\" \/>\n<meta name=\"twitter:card\" content=\"summary_large_image\" \/>\n<meta name=\"twitter:label1\" content=\"Estimation du temps de lecture\" \/>\n\t<meta name=\"twitter:data1\" content=\"1 minute\" \/>\n<script type=\"application\/ld+json\" class=\"yoast-schema-graph\">{\"@context\":\"https:\\\/\\\/schema.org\",\"@graph\":[{\"@type\":\"WebPage\",\"@id\":\"https:\\\/\\\/equipmentcontrols.com\\\/product\\\/3m-full-range-marker-1254-xr-id-2\\\/\",\"url\":\"https:\\\/\\\/equipmentcontrols.com\\\/product\\\/3m-full-range-marker-1254-xr-id-2\\\/\",\"name\":\"3M Full-Range Marker 1254-XR-iD - ECCO\",\"isPartOf\":{\"@id\":\"https:\\\/\\\/equipmentcontrols.com\\\/#website\"},\"primaryImageOfPage\":{\"@id\":\"https:\\\/\\\/equipmentcontrols.com\\\/product\\\/3m-full-range-marker-1254-xr-id-2\\\/#primaryimage\"},\"image\":{\"@id\":\"https:\\\/\\\/equipmentcontrols.com\\\/product\\\/3m-full-range-marker-1254-xr-id-2\\\/#primaryimage\"},\"thumbnailUrl\":\"https:\\\/\\\/equipmentcontrols.com\\\/wp-content\\\/uploads\\\/2020\\\/05\\\/3M20Full-Range20Marker201254-XR-iD20820ft20Range20Gas.jpg\",\"datePublished\":\"2020-05-01T01:38:14+00:00\",\"dateModified\":\"2020-05-01T03:05:34+00:00\",\"description\":\"3M\u2122 EMS Full Range Markers provide an accurate, convenient, long lasting method of marking underground facilities.Full Range markers are ideally suited for marking the location of utilities buried at a deep distance. Passive full range markers will provide accurate identification of buried power lines, helping to reduce the risk of accidentally excavating other buried facilities. All markers function without the need for an external power source. Their water resistant polyetheline shells are impervious to minerals, chemicals and the temperature extremes normally found underground. An iD version is available which allows for the storage of customer specific information about the underground asset.\",\"breadcrumb\":{\"@id\":\"https:\\\/\\\/equipmentcontrols.com\\\/product\\\/3m-full-range-marker-1254-xr-id-2\\\/#breadcrumb\"},\"inLanguage\":\"fr-CA\",\"potentialAction\":[{\"@type\":\"ReadAction\",\"target\":[\"https:\\\/\\\/equipmentcontrols.com\\\/product\\\/3m-full-range-marker-1254-xr-id-2\\\/\"]}]},{\"@type\":\"ImageObject\",\"inLanguage\":\"fr-CA\",\"@id\":\"https:\\\/\\\/equipmentcontrols.com\\\/product\\\/3m-full-range-marker-1254-xr-id-2\\\/#primaryimage\",\"url\":\"https:\\\/\\\/equipmentcontrols.com\\\/wp-content\\\/uploads\\\/2020\\\/05\\\/3M20Full-Range20Marker201254-XR-iD20820ft20Range20Gas.jpg\",\"contentUrl\":\"https:\\\/\\\/equipmentcontrols.com\\\/wp-content\\\/uploads\\\/2020\\\/05\\\/3M20Full-Range20Marker201254-XR-iD20820ft20Range20Gas.jpg\",\"width\":860,\"height\":860,\"caption\":\"3M20Full-Range20Marker201254-XR-iD20820ft20Range20Gas.jpg\"},{\"@type\":\"BreadcrumbList\",\"@id\":\"https:\\\/\\\/equipmentcontrols.com\\\/product\\\/3m-full-range-marker-1254-xr-id-2\\\/#breadcrumb\",\"itemListElement\":[{\"@type\":\"ListItem\",\"position\":1,\"name\":\"Home\",\"item\":\"https:\\\/\\\/equipmentcontrols.com\\\/\"},{\"@type\":\"ListItem\",\"position\":2,\"name\":\"Shop\",\"item\":\"https:\\\/\\\/equipmentcontrols.com\\\/shop\\\/\"},{\"@type\":\"ListItem\",\"position\":3,\"name\":\"3M Full-Range Marker 1254-XR-iD\"}]},{\"@type\":\"WebSite\",\"@id\":\"https:\\\/\\\/equipmentcontrols.com\\\/#website\",\"url\":\"https:\\\/\\\/equipmentcontrols.com\\\/\",\"name\":\"ECCO\",\"description\":\"Equipment Controls Company\",\"potentialAction\":[{\"@type\":\"SearchAction\",\"target\":{\"@type\":\"EntryPoint\",\"urlTemplate\":\"https:\\\/\\\/equipmentcontrols.com\\\/?s={search_term_string}\"},\"query-input\":{\"@type\":\"PropertyValueSpecification\",\"valueRequired\":true,\"valueName\":\"search_term_string\"}}],\"inLanguage\":\"fr-CA\"}]}<\/script>\n<!-- \/ Yoast SEO Premium plugin. -->","yoast_head_json":{"title":"3M Full-Range Marker 1254-XR-iD - ECCO","description":"3M\u2122 EMS Full Range Markers provide an accurate, convenient, long lasting method of marking underground facilities.Full Range markers are ideally suited for marking the location of utilities buried at a deep distance. Passive full range markers will provide accurate identification of buried power lines, helping to reduce the risk of accidentally excavating other buried facilities. All markers function without the need for an external power source. Their water resistant polyetheline shells are impervious to minerals, chemicals and the temperature extremes normally found underground. An iD version is available which allows for the storage of customer specific information about the underground asset.","robots":{"index":"index","follow":"follow","max-snippet":"max-snippet:-1","max-image-preview":"max-image-preview:large","max-video-preview":"max-video-preview:-1"},"canonical":"https:\/\/equipmentcontrols.com\/fr\/produit\/3m-full-range-marker-1254-xr-id-2\/","og_locale":"fr_CA","og_type":"article","og_title":"3M Full-Range Marker 1254-XR-iD","og_description":"3M\u2122 EMS Full Range Markers provide an accurate, convenient, long lasting method of marking underground facilities.Full Range markers are ideally suited for marking the location of utilities buried at a deep distance. Passive full range markers will provide accurate identification of buried power lines, helping to reduce the risk of accidentally excavating other buried facilities. All markers function without the need for an external power source. Their water resistant polyetheline shells are impervious to minerals, chemicals and the temperature extremes normally found underground. An iD version is available which allows for the storage of customer specific information about the underground asset.","og_url":"https:\/\/equipmentcontrols.com\/fr\/produit\/3m-full-range-marker-1254-xr-id-2\/","og_site_name":"ECCO","article_modified_time":"2020-05-01T03:05:34+00:00","og_image":[{"width":860,"height":860,"url":"https:\/\/equipmentcontrols.com\/wp-content\/uploads\/2020\/05\/3M20Full-Range20Marker201254-XR-iD20820ft20Range20Gas.jpg","type":"image\/jpeg"}],"twitter_card":"summary_large_image","twitter_misc":{"Estimation du temps de lecture":"1 minute"},"schema":{"@context":"https:\/\/schema.org","@graph":[{"@type":"WebPage","@id":"https:\/\/equipmentcontrols.com\/product\/3m-full-range-marker-1254-xr-id-2\/","url":"https:\/\/equipmentcontrols.com\/product\/3m-full-range-marker-1254-xr-id-2\/","name":"3M Full-Range Marker 1254-XR-iD - ECCO","isPartOf":{"@id":"https:\/\/equipmentcontrols.com\/#website"},"primaryImageOfPage":{"@id":"https:\/\/equipmentcontrols.com\/product\/3m-full-range-marker-1254-xr-id-2\/#primaryimage"},"image":{"@id":"https:\/\/equipmentcontrols.com\/product\/3m-full-range-marker-1254-xr-id-2\/#primaryimage"},"thumbnailUrl":"https:\/\/equipmentcontrols.com\/wp-content\/uploads\/2020\/05\/3M20Full-Range20Marker201254-XR-iD20820ft20Range20Gas.jpg","datePublished":"2020-05-01T01:38:14+00:00","dateModified":"2020-05-01T03:05:34+00:00","description":"3M\u2122 EMS Full Range Markers provide an accurate, convenient, long lasting method of marking underground facilities.Full Range markers are ideally suited for marking the location of utilities buried at a deep distance. Passive full range markers will provide accurate identification of buried power lines, helping to reduce the risk of accidentally excavating other buried facilities. All markers function without the need for an external power source. Their water resistant polyetheline shells are impervious to minerals, chemicals and the temperature extremes normally found underground. An iD version is available which allows for the storage of customer specific information about the underground asset.","breadcrumb":{"@id":"https:\/\/equipmentcontrols.com\/product\/3m-full-range-marker-1254-xr-id-2\/#breadcrumb"},"inLanguage":"fr-CA","potentialAction":[{"@type":"ReadAction","target":["https:\/\/equipmentcontrols.com\/product\/3m-full-range-marker-1254-xr-id-2\/"]}]},{"@type":"ImageObject","inLanguage":"fr-CA","@id":"https:\/\/equipmentcontrols.com\/product\/3m-full-range-marker-1254-xr-id-2\/#primaryimage","url":"https:\/\/equipmentcontrols.com\/wp-content\/uploads\/2020\/05\/3M20Full-Range20Marker201254-XR-iD20820ft20Range20Gas.jpg","contentUrl":"https:\/\/equipmentcontrols.com\/wp-content\/uploads\/2020\/05\/3M20Full-Range20Marker201254-XR-iD20820ft20Range20Gas.jpg","width":860,"height":860,"caption":"3M20Full-Range20Marker201254-XR-iD20820ft20Range20Gas.jpg"},{"@type":"BreadcrumbList","@id":"https:\/\/equipmentcontrols.com\/product\/3m-full-range-marker-1254-xr-id-2\/#breadcrumb","itemListElement":[{"@type":"ListItem","position":1,"name":"Home","item":"https:\/\/equipmentcontrols.com\/"},{"@type":"ListItem","position":2,"name":"Shop","item":"https:\/\/equipmentcontrols.com\/shop\/"},{"@type":"ListItem","position":3,"name":"3M Full-Range Marker 1254-XR-iD"}]},{"@type":"WebSite","@id":"https:\/\/equipmentcontrols.com\/#website","url":"https:\/\/equipmentcontrols.com\/","name":"ECCO","description":"Compagnie de contr\u00f4le d&#039;\u00e9quipement","potentialAction":[{"@type":"SearchAction","target":{"@type":"EntryPoint","urlTemplate":"https:\/\/equipmentcontrols.com\/?s={search_term_string}"},"query-input":{"@type":"PropertyValueSpecification","valueRequired":true,"valueName":"search_term_string"}}],"inLanguage":"fr-CA"}]}},"_links":{"self":[{"href":"https:\/\/equipmentcontrols.com\/fr\/wp-json\/wp\/v2\/product\/950","targetHints":{"allow":["GET"]}}],"collection":[{"href":"https:\/\/equipmentcontrols.com\/fr\/wp-json\/wp\/v2\/product"}],"about":[{"href":"https:\/\/equipmentcontrols.com\/fr\/wp-json\/wp\/v2\/types\/product"}],"wp:featuredmedia":[{"embeddable":true,"href":"https:\/\/equipmentcontrols.com\/fr\/wp-json\/wp\/v2\/media\/932"}],"wp:attachment":[{"href":"https:\/\/equipmentcontrols.com\/fr\/wp-json\/wp\/v2\/media?parent=950"}],"wp:term":[{"taxonomy":"product_brand","embeddable":true,"href":"https:\/\/equipmentcontrols.com\/fr\/wp-json\/wp\/v2\/product_brand?post=950"},{"taxonomy":"product_cat","embeddable":true,"href":"https:\/\/equipmentcontrols.com\/fr\/wp-json\/wp\/v2\/product_cat?post=950"},{"taxonomy":"product_tag","embeddable":true,"href":"https:\/\/equipmentcontrols.com\/fr\/wp-json\/wp\/v2\/product_tag?post=950"}],"curies":[{"name":"wp","href":"https:\/\/api.w.org\/{rel}","templated":true}]}}