{"id":947,"date":"2020-05-01T01:38:14","date_gmt":"2020-05-01T01:38:14","guid":{"rendered":"https:\/\/econtrols.stagemysite.com\/product\/3m-ball-marker-1405-xr\/"},"modified":"2020-05-01T02:59:46","modified_gmt":"2020-05-01T02:59:46","slug":"3m-ball-marker-1405-xr","status":"publish","type":"product","link":"https:\/\/equipmentcontrols.com\/fr\/produit\/3m-ball-marker-1405-xr\/","title":{"rendered":"Marqueur de balle 3M\u2122 1405-XR"},"content":{"rendered":"<p><strong>Marqueur \u00e0 bille 3M\u2122 1405-XR, EMS, port\u00e9e \u00e9tendue de 6 pieds, gaz<\/strong><\/p>\n<p>\u2022 Conception \u00e0 nivellement automatique pour un positionnement pr\u00e9cis et horizontal<br \/>\n\u2022 Offre un marquage facile des lignes \u00e9lectriques enterr\u00e9es<br \/>\n\u2022 Antenne passive enferm\u00e9e dans une coque en poly\u00e9thyl\u00e8ne r\u00e9sistant \u00e0 l&#039;eau<br \/>\n\u2022 R\u00e9siste \u00e0 une plage de temp\u00e9rature de -4 \u00e0 122\u00a0\u00b0F (-20 \u00e0 50\u00a0\u00b0C)<\/p>\n<p>Application\/Industrie\u00a0: Gaz<br \/>\nMarque : 3M\u2122<br \/>\nFamille de couleurs : Jaune<br \/>\nProfondeur du marqueur : 6 pieds (1,8 m)<br \/>\nDimension du marqueur (pouces) : 4 pouces de diam\u00e8tre<br \/>\nCapacit\u00e9 de recherche de marqueur : Oui<br \/>\nFonction marqueur : Passif<br \/>\nType de marqueur : Balle<br \/>\nNombre de fr\u00e9quences : N\/A<br \/>\nDiam\u00e8tre total (imp\u00e9rial) : 4 po<br \/>\nDiam\u00e8tre total (m\u00e9trique) : 10,16 cm, 10,16 cm<br \/>\nHauteur totale (m\u00e9trique) : 10,4 cm, 10,4 cm<br \/>\nCouleur du produit : Jaune<br \/>\nPlage : 0 \u00e0 5 pieds lin\u00e9aires<br \/>\nConformit\u00e9 RoHS 2011\/65\/UE : Ind\u00e9termin\u00e9<br \/>\nRoHS EU Commentaires : Contactez 3M pour plus d&#039;informations<br \/>\n*Information RoHS importante<br \/>\nSolution pour\u00a0: R\u00e9seau d&#039;acc\u00e8s\u00a0: FTTH\/FTTB\/CATV, R\u00e9seau d&#039;acc\u00e8s\u00a0: xDSL, Boucle longue distance\/m\u00e9tro<br \/>\nR\u00e9seau : ext\u00e9rieur, r\u00e9seau sans fil : backhaul<br \/>\nTDS requis\u00a0: oui<br \/>\nSortie de l&#039;\u00e9metteur : N\/A<\/p>\n<p><strong>D\u00e9tails<\/strong><br \/>\n\u2022 Conception \u00e0 nivellement automatique pour un positionnement pr\u00e9cis et horizontal<br \/>\n\u2022 Offre un marquage facile des lignes \u00e9lectriques enterr\u00e9es<br \/>\n\u2022 Antenne passive enferm\u00e9e dans une coque en poly\u00e9thyl\u00e8ne r\u00e9sistant \u00e0 l&#039;eau<br \/>\n\u2022 R\u00e9siste \u00e0 une plage de temp\u00e9rature de -4 \u00e0 122\u00a0\u00b0F (-20 \u00e0 50\u00a0\u00b0C)<br \/>\n\u2022 Fonctionne sans aucune source d&#039;alimentation externe<br \/>\n\u2022 Fonctionne sans aucune source d&#039;alimentation externe<\/p>\n<p>Le marqueur \u00e0 billes \u00e0 port\u00e9e \u00e9tendue 3M\u2122 EMS est sp\u00e9cialement con\u00e7u pour localiser les installations encastr\u00e9es recouvertes de remblai. Il est appos\u00e9 sur la face inf\u00e9rieure des couvercles ou couvercles non m\u00e9talliques au-dessus des installations encastr\u00e9es. Ce marqueur \u00e0 alignement automatique offre une identification positive des installations.<\/p>\n<p>Le marqueur \u00e0 bille \u00e0 port\u00e9e \u00e9tendue 3M\u2122 EMS offre un moyen efficace de marquer les lignes des installations souterraines. Il r\u00e9siste \u00e0 une plage de temp\u00e9rature de 4 \u00e0 122 \u00b0F (20 \u00e0 50 \u00b0C). Ce marqueur souterrain passif avec une coque en poly\u00e9thyl\u00e8ne r\u00e9sistant \u00e0 l&#039;eau ne r\u00e9agit avec aucun produit chimique ou min\u00e9ral. Ce marqueur de balle fonctionne efficacement sans avoir besoin d&#039;aucune source d&#039;alimentation externe.<\/p>\n<p><strong>Applications sugg\u00e9r\u00e9es\u00a0: industrie du gaz<\/strong><\/p>\n<p><a href=\"https:\/\/equipmentcontrols.com\/wp-content\/uploads\/2020\/04\/EMS-Ball-Marker-DS-7527758.pdf\">T\u00e9l\u00e9chargements\u00a0:<\/a><br \/>\nFiche technique du marqueur de balle EMS<br \/>\n<a href=\"https:\/\/equipmentcontrols.com\/wp-content\/uploads\/2020\/04\/78-8128-0476-9.pdf\">instructions d&#039;installation<\/a><\/p>","protected":false},"excerpt":{"rendered":"<p>3M\u2122 Ball Marker 1405-XR, EMS 6 ft Extended Range, Gas \u2022\u00a0Self-leveling design for precise and horizontal positioning \u2022\u00a0Offers easy marking of buried power lines \u2022\u00a0Passive antenna encased in water-resistant polyethylene shell \u2022\u00a0Withstands a temperature range of -4 to 122 \u00b0F (-20 to 50 \u00b0C) Application\/Industry: Gas Brand: 3M\u2122 Color Family: Yellow Marker Depth: 6 feet [&hellip;]<\/p>\n","protected":false},"featured_media":946,"template":"","meta":[],"product_brand":[],"product_cat":[54,25],"product_tag":[],"class_list":{"0":"post-947","1":"product","2":"type-product","3":"status-publish","4":"has-post-thumbnail","6":"product_cat-3m","7":"product_cat-utility-locators-marking-systems","9":"first","10":"instock","11":"shipping-taxable","12":"product-type-simple"},"yoast_head":"<!-- This site is optimized with the Yoast SEO Premium plugin v23.9 (Yoast SEO v27.3) - https:\/\/yoast.com\/product\/yoast-seo-premium-wordpress\/ -->\n<title>3M\u2122 Ball Marker 1405-XR - ECCO<\/title>\n<meta name=\"description\" content=\"3M\u2122 EMS Extended Range Ball Marker is specially designed for locating flush mounted facilities that are covered by backfill. It is affixed to the underside of non metallic lids or covers over flush mounted facilities. This self align marker offers positive identification of facilities.3M\u2122 EMS Extended Range Ball Marker provides an effective way of marking underground facility lines. It withstands a temperature range of 4 to 122 \u00b0F ( 20 to 50 \u00b0C). This passive underground marker with a water resistant polyethylene shell does not react with any chemicals or minerals. This ball marker effectively operates without the need for any external power source.\" \/>\n<meta name=\"robots\" content=\"index, follow, max-snippet:-1, max-image-preview:large, max-video-preview:-1\" \/>\n<link rel=\"canonical\" href=\"https:\/\/equipmentcontrols.com\/fr\/produit\/3m-ball-marker-1405-xr\/\" \/>\n<meta property=\"og:locale\" content=\"fr_CA\" \/>\n<meta property=\"og:type\" content=\"article\" \/>\n<meta property=\"og:title\" content=\"3M\u2122 Ball Marker 1405-XR\" \/>\n<meta property=\"og:description\" content=\"3M\u2122 EMS Extended Range Ball Marker is specially designed for locating flush mounted facilities that are covered by backfill. It is affixed to the underside of non metallic lids or covers over flush mounted facilities. This self align marker offers positive identification of facilities.3M\u2122 EMS Extended Range Ball Marker provides an effective way of marking underground facility lines. It withstands a temperature range of 4 to 122 \u00b0F ( 20 to 50 \u00b0C). This passive underground marker with a water resistant polyethylene shell does not react with any chemicals or minerals. This ball marker effectively operates without the need for any external power source.\" \/>\n<meta property=\"og:url\" content=\"https:\/\/equipmentcontrols.com\/fr\/produit\/3m-ball-marker-1405-xr\/\" \/>\n<meta property=\"og:site_name\" content=\"ECCO\" \/>\n<meta property=\"article:modified_time\" content=\"2020-05-01T02:59:46+00:00\" \/>\n<meta property=\"og:image\" content=\"https:\/\/equipmentcontrols.com\/wp-content\/uploads\/2020\/05\/3M20Ball20Marker201405-XR-EMS20620ft20Extended20Range-Gas.jpg\" \/>\n\t<meta property=\"og:image:width\" content=\"860\" \/>\n\t<meta property=\"og:image:height\" content=\"860\" \/>\n\t<meta property=\"og:image:type\" content=\"image\/jpeg\" \/>\n<meta name=\"twitter:card\" content=\"summary_large_image\" \/>\n<meta name=\"twitter:label1\" content=\"Estimation du temps de lecture\" \/>\n\t<meta name=\"twitter:data1\" content=\"1 minute\" \/>\n<script type=\"application\/ld+json\" class=\"yoast-schema-graph\">{\"@context\":\"https:\\\/\\\/schema.org\",\"@graph\":[{\"@type\":\"WebPage\",\"@id\":\"https:\\\/\\\/equipmentcontrols.com\\\/product\\\/3m-ball-marker-1405-xr\\\/\",\"url\":\"https:\\\/\\\/equipmentcontrols.com\\\/product\\\/3m-ball-marker-1405-xr\\\/\",\"name\":\"3M\u2122 Ball Marker 1405-XR - ECCO\",\"isPartOf\":{\"@id\":\"https:\\\/\\\/equipmentcontrols.com\\\/#website\"},\"primaryImageOfPage\":{\"@id\":\"https:\\\/\\\/equipmentcontrols.com\\\/product\\\/3m-ball-marker-1405-xr\\\/#primaryimage\"},\"image\":{\"@id\":\"https:\\\/\\\/equipmentcontrols.com\\\/product\\\/3m-ball-marker-1405-xr\\\/#primaryimage\"},\"thumbnailUrl\":\"https:\\\/\\\/equipmentcontrols.com\\\/wp-content\\\/uploads\\\/2020\\\/05\\\/3M20Ball20Marker201405-XR-EMS20620ft20Extended20Range-Gas.jpg\",\"datePublished\":\"2020-05-01T01:38:14+00:00\",\"dateModified\":\"2020-05-01T02:59:46+00:00\",\"description\":\"3M\u2122 EMS Extended Range Ball Marker is specially designed for locating flush mounted facilities that are covered by backfill. It is affixed to the underside of non metallic lids or covers over flush mounted facilities. This self align marker offers positive identification of facilities.3M\u2122 EMS Extended Range Ball Marker provides an effective way of marking underground facility lines. It withstands a temperature range of 4 to 122 \u00b0F ( 20 to 50 \u00b0C). This passive underground marker with a water resistant polyethylene shell does not react with any chemicals or minerals. This ball marker effectively operates without the need for any external power source.\",\"breadcrumb\":{\"@id\":\"https:\\\/\\\/equipmentcontrols.com\\\/product\\\/3m-ball-marker-1405-xr\\\/#breadcrumb\"},\"inLanguage\":\"fr-CA\",\"potentialAction\":[{\"@type\":\"ReadAction\",\"target\":[\"https:\\\/\\\/equipmentcontrols.com\\\/product\\\/3m-ball-marker-1405-xr\\\/\"]}]},{\"@type\":\"ImageObject\",\"inLanguage\":\"fr-CA\",\"@id\":\"https:\\\/\\\/equipmentcontrols.com\\\/product\\\/3m-ball-marker-1405-xr\\\/#primaryimage\",\"url\":\"https:\\\/\\\/equipmentcontrols.com\\\/wp-content\\\/uploads\\\/2020\\\/05\\\/3M20Ball20Marker201405-XR-EMS20620ft20Extended20Range-Gas.jpg\",\"contentUrl\":\"https:\\\/\\\/equipmentcontrols.com\\\/wp-content\\\/uploads\\\/2020\\\/05\\\/3M20Ball20Marker201405-XR-EMS20620ft20Extended20Range-Gas.jpg\",\"width\":860,\"height\":860,\"caption\":\"3M20Ball20Marker201405-XR-EMS20620ft20Extended20Range-Gas.jpg\"},{\"@type\":\"BreadcrumbList\",\"@id\":\"https:\\\/\\\/equipmentcontrols.com\\\/product\\\/3m-ball-marker-1405-xr\\\/#breadcrumb\",\"itemListElement\":[{\"@type\":\"ListItem\",\"position\":1,\"name\":\"Home\",\"item\":\"https:\\\/\\\/equipmentcontrols.com\\\/\"},{\"@type\":\"ListItem\",\"position\":2,\"name\":\"Shop\",\"item\":\"https:\\\/\\\/equipmentcontrols.com\\\/shop\\\/\"},{\"@type\":\"ListItem\",\"position\":3,\"name\":\"3M\u2122 Ball Marker 1405-XR\"}]},{\"@type\":\"WebSite\",\"@id\":\"https:\\\/\\\/equipmentcontrols.com\\\/#website\",\"url\":\"https:\\\/\\\/equipmentcontrols.com\\\/\",\"name\":\"ECCO\",\"description\":\"Equipment Controls Company\",\"potentialAction\":[{\"@type\":\"SearchAction\",\"target\":{\"@type\":\"EntryPoint\",\"urlTemplate\":\"https:\\\/\\\/equipmentcontrols.com\\\/?s={search_term_string}\"},\"query-input\":{\"@type\":\"PropertyValueSpecification\",\"valueRequired\":true,\"valueName\":\"search_term_string\"}}],\"inLanguage\":\"fr-CA\"}]}<\/script>\n<!-- \/ Yoast SEO Premium plugin. -->","yoast_head_json":{"title":"3M\u2122 Ball Marker 1405-XR - ECCO","description":"3M\u2122 EMS Extended Range Ball Marker is specially designed for locating flush mounted facilities that are covered by backfill. It is affixed to the underside of non metallic lids or covers over flush mounted facilities. This self align marker offers positive identification of facilities.3M\u2122 EMS Extended Range Ball Marker provides an effective way of marking underground facility lines. It withstands a temperature range of 4 to 122 \u00b0F ( 20 to 50 \u00b0C). This passive underground marker with a water resistant polyethylene shell does not react with any chemicals or minerals. This ball marker effectively operates without the need for any external power source.","robots":{"index":"index","follow":"follow","max-snippet":"max-snippet:-1","max-image-preview":"max-image-preview:large","max-video-preview":"max-video-preview:-1"},"canonical":"https:\/\/equipmentcontrols.com\/fr\/produit\/3m-ball-marker-1405-xr\/","og_locale":"fr_CA","og_type":"article","og_title":"3M\u2122 Ball Marker 1405-XR","og_description":"3M\u2122 EMS Extended Range Ball Marker is specially designed for locating flush mounted facilities that are covered by backfill. It is affixed to the underside of non metallic lids or covers over flush mounted facilities. This self align marker offers positive identification of facilities.3M\u2122 EMS Extended Range Ball Marker provides an effective way of marking underground facility lines. It withstands a temperature range of 4 to 122 \u00b0F ( 20 to 50 \u00b0C). This passive underground marker with a water resistant polyethylene shell does not react with any chemicals or minerals. This ball marker effectively operates without the need for any external power source.","og_url":"https:\/\/equipmentcontrols.com\/fr\/produit\/3m-ball-marker-1405-xr\/","og_site_name":"ECCO","article_modified_time":"2020-05-01T02:59:46+00:00","og_image":[{"width":860,"height":860,"url":"https:\/\/equipmentcontrols.com\/wp-content\/uploads\/2020\/05\/3M20Ball20Marker201405-XR-EMS20620ft20Extended20Range-Gas.jpg","type":"image\/jpeg"}],"twitter_card":"summary_large_image","twitter_misc":{"Estimation du temps de lecture":"1 minute"},"schema":{"@context":"https:\/\/schema.org","@graph":[{"@type":"WebPage","@id":"https:\/\/equipmentcontrols.com\/product\/3m-ball-marker-1405-xr\/","url":"https:\/\/equipmentcontrols.com\/product\/3m-ball-marker-1405-xr\/","name":"3M\u2122 Ball Marker 1405-XR - ECCO","isPartOf":{"@id":"https:\/\/equipmentcontrols.com\/#website"},"primaryImageOfPage":{"@id":"https:\/\/equipmentcontrols.com\/product\/3m-ball-marker-1405-xr\/#primaryimage"},"image":{"@id":"https:\/\/equipmentcontrols.com\/product\/3m-ball-marker-1405-xr\/#primaryimage"},"thumbnailUrl":"https:\/\/equipmentcontrols.com\/wp-content\/uploads\/2020\/05\/3M20Ball20Marker201405-XR-EMS20620ft20Extended20Range-Gas.jpg","datePublished":"2020-05-01T01:38:14+00:00","dateModified":"2020-05-01T02:59:46+00:00","description":"3M\u2122 EMS Extended Range Ball Marker is specially designed for locating flush mounted facilities that are covered by backfill. It is affixed to the underside of non metallic lids or covers over flush mounted facilities. This self align marker offers positive identification of facilities.3M\u2122 EMS Extended Range Ball Marker provides an effective way of marking underground facility lines. It withstands a temperature range of 4 to 122 \u00b0F ( 20 to 50 \u00b0C). This passive underground marker with a water resistant polyethylene shell does not react with any chemicals or minerals. This ball marker effectively operates without the need for any external power source.","breadcrumb":{"@id":"https:\/\/equipmentcontrols.com\/product\/3m-ball-marker-1405-xr\/#breadcrumb"},"inLanguage":"fr-CA","potentialAction":[{"@type":"ReadAction","target":["https:\/\/equipmentcontrols.com\/product\/3m-ball-marker-1405-xr\/"]}]},{"@type":"ImageObject","inLanguage":"fr-CA","@id":"https:\/\/equipmentcontrols.com\/product\/3m-ball-marker-1405-xr\/#primaryimage","url":"https:\/\/equipmentcontrols.com\/wp-content\/uploads\/2020\/05\/3M20Ball20Marker201405-XR-EMS20620ft20Extended20Range-Gas.jpg","contentUrl":"https:\/\/equipmentcontrols.com\/wp-content\/uploads\/2020\/05\/3M20Ball20Marker201405-XR-EMS20620ft20Extended20Range-Gas.jpg","width":860,"height":860,"caption":"3M20Ball20Marker201405-XR-EMS20620ft20Extended20Range-Gas.jpg"},{"@type":"BreadcrumbList","@id":"https:\/\/equipmentcontrols.com\/product\/3m-ball-marker-1405-xr\/#breadcrumb","itemListElement":[{"@type":"ListItem","position":1,"name":"Home","item":"https:\/\/equipmentcontrols.com\/"},{"@type":"ListItem","position":2,"name":"Shop","item":"https:\/\/equipmentcontrols.com\/shop\/"},{"@type":"ListItem","position":3,"name":"3M\u2122 Ball Marker 1405-XR"}]},{"@type":"WebSite","@id":"https:\/\/equipmentcontrols.com\/#website","url":"https:\/\/equipmentcontrols.com\/","name":"ECCO","description":"Compagnie de contr\u00f4le d&#039;\u00e9quipement","potentialAction":[{"@type":"SearchAction","target":{"@type":"EntryPoint","urlTemplate":"https:\/\/equipmentcontrols.com\/?s={search_term_string}"},"query-input":{"@type":"PropertyValueSpecification","valueRequired":true,"valueName":"search_term_string"}}],"inLanguage":"fr-CA"}]}},"_links":{"self":[{"href":"https:\/\/equipmentcontrols.com\/fr\/wp-json\/wp\/v2\/product\/947","targetHints":{"allow":["GET"]}}],"collection":[{"href":"https:\/\/equipmentcontrols.com\/fr\/wp-json\/wp\/v2\/product"}],"about":[{"href":"https:\/\/equipmentcontrols.com\/fr\/wp-json\/wp\/v2\/types\/product"}],"wp:featuredmedia":[{"embeddable":true,"href":"https:\/\/equipmentcontrols.com\/fr\/wp-json\/wp\/v2\/media\/946"}],"wp:attachment":[{"href":"https:\/\/equipmentcontrols.com\/fr\/wp-json\/wp\/v2\/media?parent=947"}],"wp:term":[{"taxonomy":"product_brand","embeddable":true,"href":"https:\/\/equipmentcontrols.com\/fr\/wp-json\/wp\/v2\/product_brand?post=947"},{"taxonomy":"product_cat","embeddable":true,"href":"https:\/\/equipmentcontrols.com\/fr\/wp-json\/wp\/v2\/product_cat?post=947"},{"taxonomy":"product_tag","embeddable":true,"href":"https:\/\/equipmentcontrols.com\/fr\/wp-json\/wp\/v2\/product_tag?post=947"}],"curies":[{"name":"wp","href":"https:\/\/api.w.org\/{rel}","templated":true}]}}