{"id":945,"date":"2020-05-01T01:38:13","date_gmt":"2020-05-01T01:38:13","guid":{"rendered":"https:\/\/econtrols.stagemysite.com\/product\/3m-disk-marker-1415-xr\/"},"modified":"2020-05-01T03:12:36","modified_gmt":"2020-05-01T03:12:36","slug":"3m-disk-marker-1415-xr","status":"publish","type":"product","link":"https:\/\/equipmentcontrols.com\/fr\/produit\/3m-disk-marker-1415-xr\/","title":{"rendered":"Marqueur de disque 3M 1415-XR"},"content":{"rendered":"<p><strong>Marqueur de disque 3M 1415-XR, port\u00e9e de 5 pieds, gaz, pas pour enfouissement direct, 210\/bo\u00eete<\/strong><\/p>\n<p><strong>D\u00e9tails<\/strong><\/p>\n<p>Localise les installations encastr\u00e9es recouvertes de remblai<br \/>\nOffre un marquage facile des lignes enterr\u00e9es<br \/>\nAntenne passive enferm\u00e9e dans une coque orange en poly\u00e9thyl\u00e8ne r\u00e9sistant \u00e0 l&#039;eau<br \/>\nR\u00e9siste \u00e0 une plage de temp\u00e9rature de -4 \u00e0 122 \u00b0F (-20 \u00e0 50 \u00b0C)<br \/>\nFonctionne sans aucune source d&#039;alimentation externe<br \/>\nFonctionne sans aucune source d&#039;alimentation externe<\/p>\n<p>Les marqueurs de disque 5\u2032 \u00e0 port\u00e9e \u00e9tendue 3M\u2122 ne sont pas destin\u00e9s aux applications enterr\u00e9es directes et offrent une m\u00e9thode facile et pr\u00e9cise pour localiser les installations encastr\u00e9es qui sont recouvertes de remblai ou d&#039;autres obstructions, telles que la neige ou la v\u00e9g\u00e9tation.<\/p>\n<p>Le marqueur de disque 3M\u2122 fournit une m\u00e9thode simple et pr\u00e9cise pour localiser avec pr\u00e9cision les installations encastr\u00e9es, qui sont recouvertes de remblai. Le marqueur de disque de quatre pouces se fixe facilement sur le dessous des couvercles ou couvercles non m\u00e9talliques sur les installations encastr\u00e9es, telles que les trous de main, les trous d&#039;homme et autres enceintes de niveau de qualit\u00e9 pendant la construction et l&#039;entretien. Les marqueurs de disque ne sont pas destin\u00e9s \u00e0 \u00eatre enterr\u00e9s directement.<\/p>\n<p><strong>Applications sugg\u00e9r\u00e9es<\/strong><br \/>\n\u2022 Industrie du gaz<\/p>\n<p><strong>T\u00e9l\u00e9chargements\u00a0:<\/strong><br \/>\n<a href=\"https:\/\/equipmentcontrols.com\/wp-content\/uploads\/2020\/04\/GasFacilitiesMarkingRecomm.pdf\">Recommandations de marquage des installations de gaz<\/a><br \/>\n<a href=\"https:\/\/equipmentcontrols.com\/wp-content\/uploads\/2020\/04\/Disk_Marker_Bro_LO.pdf\">Brochure sur les marqueurs de disque<\/a><\/p>","protected":false},"excerpt":{"rendered":"<p>3M Disk Marker 1415-XR, 5 ft Range, Gas, Not for Direct Bury, 210\/Case Details Locates flush-mounted facilities which have become covered by backfill Offers easy marking of buried lines Passive antenna encased in orange water-resistant polyethylene shell Withstands a temperature range of -4 to 122 \u00b0F (-20 to 50 \u00b0C) Works without any external power [&hellip;]<\/p>\n","protected":false},"featured_media":944,"template":"","meta":[],"product_brand":[],"product_cat":[54,25],"product_tag":[],"class_list":{"0":"post-945","1":"product","2":"type-product","3":"status-publish","4":"has-post-thumbnail","6":"product_cat-3m","7":"product_cat-utility-locators-marking-systems","9":"first","10":"instock","11":"shipping-taxable","12":"product-type-simple"},"yoast_head":"<!-- This site is optimized with the Yoast SEO Premium plugin v23.9 (Yoast SEO v27.3) - https:\/\/yoast.com\/product\/yoast-seo-premium-wordpress\/ -->\n<title>3M Disk Marker 1415-XR - ECCO<\/title>\n<meta name=\"description\" content=\"3M\u2122 Extended Range 5&#039; Disk Markers are not for direct buried applications and provide an easy, accurate method of locating flush mounted facilities which become covered by backfill or other obstructions, such as snow or vegetation.The 3M\u2122 Disk Marker provides an easy and accurate method of precisely locating flush mounted facilities, which become covered by backfill. The four inch disk marker is easily fastened to the underside of non metallic lids or covers over flush mounted facilities, such as hand holes, manholes and other grade level enclosures during construction and maintenance. Disk Markers are not intended for direct burial.\" \/>\n<meta name=\"robots\" content=\"index, follow, max-snippet:-1, max-image-preview:large, max-video-preview:-1\" \/>\n<link rel=\"canonical\" href=\"https:\/\/equipmentcontrols.com\/fr\/produit\/3m-disk-marker-1415-xr\/\" \/>\n<meta property=\"og:locale\" content=\"fr_CA\" \/>\n<meta property=\"og:type\" content=\"article\" \/>\n<meta property=\"og:title\" content=\"3M Disk Marker 1415-XR\" \/>\n<meta property=\"og:description\" content=\"3M\u2122 Extended Range 5&#039; Disk Markers are not for direct buried applications and provide an easy, accurate method of locating flush mounted facilities which become covered by backfill or other obstructions, such as snow or vegetation.The 3M\u2122 Disk Marker provides an easy and accurate method of precisely locating flush mounted facilities, which become covered by backfill. The four inch disk marker is easily fastened to the underside of non metallic lids or covers over flush mounted facilities, such as hand holes, manholes and other grade level enclosures during construction and maintenance. Disk Markers are not intended for direct burial.\" \/>\n<meta property=\"og:url\" content=\"https:\/\/equipmentcontrols.com\/fr\/produit\/3m-disk-marker-1415-xr\/\" \/>\n<meta property=\"og:site_name\" content=\"ECCO\" \/>\n<meta property=\"article:modified_time\" content=\"2020-05-01T03:12:36+00:00\" \/>\n<meta property=\"og:image\" content=\"https:\/\/equipmentcontrols.com\/wp-content\/uploads\/2020\/05\/3M20Disk20Marker201415-XR-520ft20Range-Gas-Not20for20Direct20Bury.jpg\" \/>\n\t<meta property=\"og:image:width\" content=\"860\" \/>\n\t<meta property=\"og:image:height\" content=\"860\" \/>\n\t<meta property=\"og:image:type\" content=\"image\/jpeg\" \/>\n<meta name=\"twitter:card\" content=\"summary_large_image\" \/>\n<meta name=\"twitter:label1\" content=\"Estimation du temps de lecture\" \/>\n\t<meta name=\"twitter:data1\" content=\"1 minute\" \/>\n<script type=\"application\/ld+json\" class=\"yoast-schema-graph\">{\"@context\":\"https:\\\/\\\/schema.org\",\"@graph\":[{\"@type\":\"WebPage\",\"@id\":\"https:\\\/\\\/equipmentcontrols.com\\\/product\\\/3m-disk-marker-1415-xr\\\/\",\"url\":\"https:\\\/\\\/equipmentcontrols.com\\\/product\\\/3m-disk-marker-1415-xr\\\/\",\"name\":\"3M Disk Marker 1415-XR - ECCO\",\"isPartOf\":{\"@id\":\"https:\\\/\\\/equipmentcontrols.com\\\/#website\"},\"primaryImageOfPage\":{\"@id\":\"https:\\\/\\\/equipmentcontrols.com\\\/product\\\/3m-disk-marker-1415-xr\\\/#primaryimage\"},\"image\":{\"@id\":\"https:\\\/\\\/equipmentcontrols.com\\\/product\\\/3m-disk-marker-1415-xr\\\/#primaryimage\"},\"thumbnailUrl\":\"https:\\\/\\\/equipmentcontrols.com\\\/wp-content\\\/uploads\\\/2020\\\/05\\\/3M20Disk20Marker201415-XR-520ft20Range-Gas-Not20for20Direct20Bury.jpg\",\"datePublished\":\"2020-05-01T01:38:13+00:00\",\"dateModified\":\"2020-05-01T03:12:36+00:00\",\"description\":\"3M\u2122 Extended Range 5' Disk Markers are not for direct buried applications and provide an easy, accurate method of locating flush mounted facilities which become covered by backfill or other obstructions, such as snow or vegetation.The 3M\u2122 Disk Marker provides an easy and accurate method of precisely locating flush mounted facilities, which become covered by backfill. The four inch disk marker is easily fastened to the underside of non metallic lids or covers over flush mounted facilities, such as hand holes, manholes and other grade level enclosures during construction and maintenance. Disk Markers are not intended for direct burial.\",\"breadcrumb\":{\"@id\":\"https:\\\/\\\/equipmentcontrols.com\\\/product\\\/3m-disk-marker-1415-xr\\\/#breadcrumb\"},\"inLanguage\":\"fr-CA\",\"potentialAction\":[{\"@type\":\"ReadAction\",\"target\":[\"https:\\\/\\\/equipmentcontrols.com\\\/product\\\/3m-disk-marker-1415-xr\\\/\"]}]},{\"@type\":\"ImageObject\",\"inLanguage\":\"fr-CA\",\"@id\":\"https:\\\/\\\/equipmentcontrols.com\\\/product\\\/3m-disk-marker-1415-xr\\\/#primaryimage\",\"url\":\"https:\\\/\\\/equipmentcontrols.com\\\/wp-content\\\/uploads\\\/2020\\\/05\\\/3M20Disk20Marker201415-XR-520ft20Range-Gas-Not20for20Direct20Bury.jpg\",\"contentUrl\":\"https:\\\/\\\/equipmentcontrols.com\\\/wp-content\\\/uploads\\\/2020\\\/05\\\/3M20Disk20Marker201415-XR-520ft20Range-Gas-Not20for20Direct20Bury.jpg\",\"width\":860,\"height\":860,\"caption\":\"3M20Disk20Marker201415-XR-520ft20Range-Gas-Not20for20Direct20Bury.jpg\"},{\"@type\":\"BreadcrumbList\",\"@id\":\"https:\\\/\\\/equipmentcontrols.com\\\/product\\\/3m-disk-marker-1415-xr\\\/#breadcrumb\",\"itemListElement\":[{\"@type\":\"ListItem\",\"position\":1,\"name\":\"Home\",\"item\":\"https:\\\/\\\/equipmentcontrols.com\\\/\"},{\"@type\":\"ListItem\",\"position\":2,\"name\":\"Shop\",\"item\":\"https:\\\/\\\/equipmentcontrols.com\\\/shop\\\/\"},{\"@type\":\"ListItem\",\"position\":3,\"name\":\"3M Disk Marker 1415-XR\"}]},{\"@type\":\"WebSite\",\"@id\":\"https:\\\/\\\/equipmentcontrols.com\\\/#website\",\"url\":\"https:\\\/\\\/equipmentcontrols.com\\\/\",\"name\":\"ECCO\",\"description\":\"Equipment Controls Company\",\"potentialAction\":[{\"@type\":\"SearchAction\",\"target\":{\"@type\":\"EntryPoint\",\"urlTemplate\":\"https:\\\/\\\/equipmentcontrols.com\\\/?s={search_term_string}\"},\"query-input\":{\"@type\":\"PropertyValueSpecification\",\"valueRequired\":true,\"valueName\":\"search_term_string\"}}],\"inLanguage\":\"fr-CA\"}]}<\/script>\n<!-- \/ Yoast SEO Premium plugin. -->","yoast_head_json":{"title":"3M Disk Marker 1415-XR - ECCO","description":"3M\u2122 Extended Range 5' Disk Markers are not for direct buried applications and provide an easy, accurate method of locating flush mounted facilities which become covered by backfill or other obstructions, such as snow or vegetation.The 3M\u2122 Disk Marker provides an easy and accurate method of precisely locating flush mounted facilities, which become covered by backfill. The four inch disk marker is easily fastened to the underside of non metallic lids or covers over flush mounted facilities, such as hand holes, manholes and other grade level enclosures during construction and maintenance. Disk Markers are not intended for direct burial.","robots":{"index":"index","follow":"follow","max-snippet":"max-snippet:-1","max-image-preview":"max-image-preview:large","max-video-preview":"max-video-preview:-1"},"canonical":"https:\/\/equipmentcontrols.com\/fr\/produit\/3m-disk-marker-1415-xr\/","og_locale":"fr_CA","og_type":"article","og_title":"3M Disk Marker 1415-XR","og_description":"3M\u2122 Extended Range 5' Disk Markers are not for direct buried applications and provide an easy, accurate method of locating flush mounted facilities which become covered by backfill or other obstructions, such as snow or vegetation.The 3M\u2122 Disk Marker provides an easy and accurate method of precisely locating flush mounted facilities, which become covered by backfill. The four inch disk marker is easily fastened to the underside of non metallic lids or covers over flush mounted facilities, such as hand holes, manholes and other grade level enclosures during construction and maintenance. Disk Markers are not intended for direct burial.","og_url":"https:\/\/equipmentcontrols.com\/fr\/produit\/3m-disk-marker-1415-xr\/","og_site_name":"ECCO","article_modified_time":"2020-05-01T03:12:36+00:00","og_image":[{"width":860,"height":860,"url":"https:\/\/equipmentcontrols.com\/wp-content\/uploads\/2020\/05\/3M20Disk20Marker201415-XR-520ft20Range-Gas-Not20for20Direct20Bury.jpg","type":"image\/jpeg"}],"twitter_card":"summary_large_image","twitter_misc":{"Estimation du temps de lecture":"1 minute"},"schema":{"@context":"https:\/\/schema.org","@graph":[{"@type":"WebPage","@id":"https:\/\/equipmentcontrols.com\/product\/3m-disk-marker-1415-xr\/","url":"https:\/\/equipmentcontrols.com\/product\/3m-disk-marker-1415-xr\/","name":"3M Disk Marker 1415-XR - ECCO","isPartOf":{"@id":"https:\/\/equipmentcontrols.com\/#website"},"primaryImageOfPage":{"@id":"https:\/\/equipmentcontrols.com\/product\/3m-disk-marker-1415-xr\/#primaryimage"},"image":{"@id":"https:\/\/equipmentcontrols.com\/product\/3m-disk-marker-1415-xr\/#primaryimage"},"thumbnailUrl":"https:\/\/equipmentcontrols.com\/wp-content\/uploads\/2020\/05\/3M20Disk20Marker201415-XR-520ft20Range-Gas-Not20for20Direct20Bury.jpg","datePublished":"2020-05-01T01:38:13+00:00","dateModified":"2020-05-01T03:12:36+00:00","description":"3M\u2122 Extended Range 5' Disk Markers are not for direct buried applications and provide an easy, accurate method of locating flush mounted facilities which become covered by backfill or other obstructions, such as snow or vegetation.The 3M\u2122 Disk Marker provides an easy and accurate method of precisely locating flush mounted facilities, which become covered by backfill. The four inch disk marker is easily fastened to the underside of non metallic lids or covers over flush mounted facilities, such as hand holes, manholes and other grade level enclosures during construction and maintenance. Disk Markers are not intended for direct burial.","breadcrumb":{"@id":"https:\/\/equipmentcontrols.com\/product\/3m-disk-marker-1415-xr\/#breadcrumb"},"inLanguage":"fr-CA","potentialAction":[{"@type":"ReadAction","target":["https:\/\/equipmentcontrols.com\/product\/3m-disk-marker-1415-xr\/"]}]},{"@type":"ImageObject","inLanguage":"fr-CA","@id":"https:\/\/equipmentcontrols.com\/product\/3m-disk-marker-1415-xr\/#primaryimage","url":"https:\/\/equipmentcontrols.com\/wp-content\/uploads\/2020\/05\/3M20Disk20Marker201415-XR-520ft20Range-Gas-Not20for20Direct20Bury.jpg","contentUrl":"https:\/\/equipmentcontrols.com\/wp-content\/uploads\/2020\/05\/3M20Disk20Marker201415-XR-520ft20Range-Gas-Not20for20Direct20Bury.jpg","width":860,"height":860,"caption":"3M20Disk20Marker201415-XR-520ft20Range-Gas-Not20for20Direct20Bury.jpg"},{"@type":"BreadcrumbList","@id":"https:\/\/equipmentcontrols.com\/product\/3m-disk-marker-1415-xr\/#breadcrumb","itemListElement":[{"@type":"ListItem","position":1,"name":"Home","item":"https:\/\/equipmentcontrols.com\/"},{"@type":"ListItem","position":2,"name":"Shop","item":"https:\/\/equipmentcontrols.com\/shop\/"},{"@type":"ListItem","position":3,"name":"3M Disk Marker 1415-XR"}]},{"@type":"WebSite","@id":"https:\/\/equipmentcontrols.com\/#website","url":"https:\/\/equipmentcontrols.com\/","name":"ECCO","description":"Compagnie de contr\u00f4le d&#039;\u00e9quipement","potentialAction":[{"@type":"SearchAction","target":{"@type":"EntryPoint","urlTemplate":"https:\/\/equipmentcontrols.com\/?s={search_term_string}"},"query-input":{"@type":"PropertyValueSpecification","valueRequired":true,"valueName":"search_term_string"}}],"inLanguage":"fr-CA"}]}},"_links":{"self":[{"href":"https:\/\/equipmentcontrols.com\/fr\/wp-json\/wp\/v2\/product\/945","targetHints":{"allow":["GET"]}}],"collection":[{"href":"https:\/\/equipmentcontrols.com\/fr\/wp-json\/wp\/v2\/product"}],"about":[{"href":"https:\/\/equipmentcontrols.com\/fr\/wp-json\/wp\/v2\/types\/product"}],"wp:featuredmedia":[{"embeddable":true,"href":"https:\/\/equipmentcontrols.com\/fr\/wp-json\/wp\/v2\/media\/944"}],"wp:attachment":[{"href":"https:\/\/equipmentcontrols.com\/fr\/wp-json\/wp\/v2\/media?parent=945"}],"wp:term":[{"taxonomy":"product_brand","embeddable":true,"href":"https:\/\/equipmentcontrols.com\/fr\/wp-json\/wp\/v2\/product_brand?post=945"},{"taxonomy":"product_cat","embeddable":true,"href":"https:\/\/equipmentcontrols.com\/fr\/wp-json\/wp\/v2\/product_cat?post=945"},{"taxonomy":"product_tag","embeddable":true,"href":"https:\/\/equipmentcontrols.com\/fr\/wp-json\/wp\/v2\/product_tag?post=945"}],"curies":[{"name":"wp","href":"https:\/\/api.w.org\/{rel}","templated":true}]}}