{"id":943,"date":"2020-05-01T01:38:13","date_gmt":"2020-05-01T01:38:13","guid":{"rendered":"https:\/\/econtrols.stagemysite.com\/product\/3m-ems-1436-3\/"},"modified":"2020-05-01T03:08:20","modified_gmt":"2020-05-01T03:08:20","slug":"3m-ems-1436-3","status":"publish","type":"product","link":"https:\/\/equipmentcontrols.com\/fr\/produit\/3m-ems-1436-3\/","title":{"rendered":"3M SGE 1436"},"content":{"rendered":"<p><strong>Marqueur de surface 3M\u2122 EMS \u2013 Gaz 1436<\/strong><\/p>\n<p><strong>D\u00e9tails:<\/strong><br \/>\n\u2022 Fournit une m\u00e9thode pr\u00e9cise et durable de marquage des installations souterraines<br \/>\n\u2022 Offre un marquage facile des lignes \u00e9lectriques enterr\u00e9es<br \/>\n\u2022 Antenne passive enferm\u00e9e dans une coque en poly\u00e9thyl\u00e8ne r\u00e9sistant \u00e0 l&#039;eau<br \/>\n\u2022 R\u00e9siste \u00e0 une plage de temp\u00e9rature de -4 \u00e0 122\u00a0\u00b0F (-20 \u00e0 50\u00a0\u00b0C)<br \/>\n\u2022 Localise la position exacte du marqueur<br \/>\n\u2022 Localise la position exacte du marqueur<\/p>\n<p>3M\u2122 EMS Near Surface Marker est sp\u00e9cialement con\u00e7u pour marquer avec pr\u00e9cision les lignes t\u00e9l\u00e9phoniques souterraines. Il se pr\u00e9sente sous une forme cylindrique, permettant une installation facile dans l&#039;asphalte ou le b\u00e9ton, sans creusement extensif. Ce marqueur offre une identification positive des installations.<\/p>\n<p>3M\u2122 EMS Near Surface Marker fournit un moyen efficace de marquer les lignes d&#039;installations souterraines pendant les applications de construction ou d&#039;entretien. Il r\u00e9siste \u00e0 une plage de temp\u00e9rature de 4 \u00e0 122 \u00b0F (20 \u00e0 50 \u00b0C). Ce marqueur de surface \u00e9tanche poss\u00e8de une antenne passive de longue dur\u00e9e, enferm\u00e9e dans une coque \u00e9tanche pour identifier les installations souterraines avec leur emplacement exact, m\u00eame dans les zones encombr\u00e9es. Lors de la cartographie des actifs nouveaux et h\u00e9rit\u00e9s, le num\u00e9ro de s\u00e9rie unique pr\u00e9programm\u00e9 s&#039;int\u00e8gre aux syst\u00e8mes de cartographie et SIG du back-office.<\/p>\n<p><strong>Applications sugg\u00e9r\u00e9es<\/strong><br \/>\n\u2022 Industrie du gaz<\/p>\n<p><strong>T\u00e9l\u00e9chargements\u00a0:<\/strong><br \/>\n<a href=\"https:\/\/equipmentcontrols.com\/wp-content\/uploads\/2020\/04\/GasFacilitiesMarkingRecomm.pdf\">Brochure sur les recommandations de marquage des installations de gaz<\/a><br \/>\n<a href=\"https:\/\/equipmentcontrols.com\/wp-content\/uploads\/2020\/04\/EMS-Near-Surface-Markers-DS-7527741.pdf\">Fiche technique des marqueurs de surface EMS<\/a><\/p>","protected":false},"excerpt":{"rendered":"<p>3M\u2122 EMS Near-Surface Marker &#8211; Gas 1436 Details: \u2022\u00a0Provides an accurate, long-lasting method of marking underground facilities \u2022\u00a0Offers easy marking of buried power lines \u2022\u00a0Passive antenna encased in a water-resistant polyethylene shell \u2022\u00a0Withstands a temperature range of -4 to 122 \u00b0F (-20 to 50 \u00b0C) \u2022\u00a0Locates the exact position of the marker \u2022\u00a0Locates the exact [&hellip;]<\/p>\n","protected":false},"featured_media":842,"template":"","meta":[],"product_brand":[],"product_cat":[54,25],"product_tag":[],"class_list":{"0":"post-943","1":"product","2":"type-product","3":"status-publish","4":"has-post-thumbnail","6":"product_cat-3m","7":"product_cat-utility-locators-marking-systems","9":"first","10":"instock","11":"shipping-taxable","12":"product-type-simple"},"yoast_head":"<!-- This site is optimized with the Yoast SEO Premium plugin v23.9 (Yoast SEO v27.3) - https:\/\/yoast.com\/product\/yoast-seo-premium-wordpress\/ -->\n<title>3M EMS 1436 - ECCO<\/title>\n<meta name=\"description\" content=\"3M\u2122 EMS Near Surface Marker is specially designed for marking underground telephone lines accurately. It comes in a cylindrical shape, allowing for easy installation in asphalt or concrete, without extensive digging. This marker offers positive identification of facilities.3M\u2122 EMS Near Surface Marker provides an effective way of marking underground facility lines during construction or maintenance applications. It withstands a temperature range of 4 to 122 \u00b0F ( 20 to 50 \u00b0C). This waterproof near surface marker has a long lasting passive antenna, encased in a waterproof shell to identify underground facilities with its exact location, even in congested areas. When mapping new and legacy assets, the pre programmed unique serial number integrates with back office mapping and GIS systems.\" \/>\n<meta name=\"robots\" content=\"index, follow, max-snippet:-1, max-image-preview:large, max-video-preview:-1\" \/>\n<link rel=\"canonical\" href=\"https:\/\/equipmentcontrols.com\/fr\/produit\/3m-ems-1436-3\/\" \/>\n<meta property=\"og:locale\" content=\"fr_CA\" \/>\n<meta property=\"og:type\" content=\"article\" \/>\n<meta property=\"og:title\" content=\"3M EMS 1436\" \/>\n<meta property=\"og:description\" content=\"3M\u2122 EMS Near Surface Marker is specially designed for marking underground telephone lines accurately. It comes in a cylindrical shape, allowing for easy installation in asphalt or concrete, without extensive digging. This marker offers positive identification of facilities.3M\u2122 EMS Near Surface Marker provides an effective way of marking underground facility lines during construction or maintenance applications. It withstands a temperature range of 4 to 122 \u00b0F ( 20 to 50 \u00b0C). This waterproof near surface marker has a long lasting passive antenna, encased in a waterproof shell to identify underground facilities with its exact location, even in congested areas. When mapping new and legacy assets, the pre programmed unique serial number integrates with back office mapping and GIS systems.\" \/>\n<meta property=\"og:url\" content=\"https:\/\/equipmentcontrols.com\/fr\/produit\/3m-ems-1436-3\/\" \/>\n<meta property=\"og:site_name\" content=\"ECCO\" \/>\n<meta property=\"article:modified_time\" content=\"2020-05-01T03:08:20+00:00\" \/>\n<meta property=\"og:image\" content=\"https:\/\/equipmentcontrols.com\/wp-content\/uploads\/2020\/04\/3M20EMS20Near-Surface20Marker20-20Gas201436.jpg\" \/>\n\t<meta property=\"og:image:width\" content=\"860\" \/>\n\t<meta property=\"og:image:height\" content=\"860\" \/>\n\t<meta property=\"og:image:type\" content=\"image\/jpeg\" \/>\n<meta name=\"twitter:card\" content=\"summary_large_image\" \/>\n<meta name=\"twitter:label1\" content=\"Estimation du temps de lecture\" \/>\n\t<meta name=\"twitter:data1\" content=\"1 minute\" \/>\n<script type=\"application\/ld+json\" class=\"yoast-schema-graph\">{\"@context\":\"https:\\\/\\\/schema.org\",\"@graph\":[{\"@type\":\"WebPage\",\"@id\":\"https:\\\/\\\/equipmentcontrols.com\\\/product\\\/3m-ems-1436-3\\\/\",\"url\":\"https:\\\/\\\/equipmentcontrols.com\\\/product\\\/3m-ems-1436-3\\\/\",\"name\":\"3M EMS 1436 - ECCO\",\"isPartOf\":{\"@id\":\"https:\\\/\\\/equipmentcontrols.com\\\/#website\"},\"primaryImageOfPage\":{\"@id\":\"https:\\\/\\\/equipmentcontrols.com\\\/product\\\/3m-ems-1436-3\\\/#primaryimage\"},\"image\":{\"@id\":\"https:\\\/\\\/equipmentcontrols.com\\\/product\\\/3m-ems-1436-3\\\/#primaryimage\"},\"thumbnailUrl\":\"https:\\\/\\\/equipmentcontrols.com\\\/wp-content\\\/uploads\\\/2020\\\/04\\\/3M20EMS20Near-Surface20Marker20-20Gas201436.jpg\",\"datePublished\":\"2020-05-01T01:38:13+00:00\",\"dateModified\":\"2020-05-01T03:08:20+00:00\",\"description\":\"3M\u2122 EMS Near Surface Marker is specially designed for marking underground telephone lines accurately. It comes in a cylindrical shape, allowing for easy installation in asphalt or concrete, without extensive digging. This marker offers positive identification of facilities.3M\u2122 EMS Near Surface Marker provides an effective way of marking underground facility lines during construction or maintenance applications. It withstands a temperature range of 4 to 122 \u00b0F ( 20 to 50 \u00b0C). This waterproof near surface marker has a long lasting passive antenna, encased in a waterproof shell to identify underground facilities with its exact location, even in congested areas. When mapping new and legacy assets, the pre programmed unique serial number integrates with back office mapping and GIS systems.\",\"breadcrumb\":{\"@id\":\"https:\\\/\\\/equipmentcontrols.com\\\/product\\\/3m-ems-1436-3\\\/#breadcrumb\"},\"inLanguage\":\"fr-CA\",\"potentialAction\":[{\"@type\":\"ReadAction\",\"target\":[\"https:\\\/\\\/equipmentcontrols.com\\\/product\\\/3m-ems-1436-3\\\/\"]}]},{\"@type\":\"ImageObject\",\"inLanguage\":\"fr-CA\",\"@id\":\"https:\\\/\\\/equipmentcontrols.com\\\/product\\\/3m-ems-1436-3\\\/#primaryimage\",\"url\":\"https:\\\/\\\/equipmentcontrols.com\\\/wp-content\\\/uploads\\\/2020\\\/04\\\/3M20EMS20Near-Surface20Marker20-20Gas201436.jpg\",\"contentUrl\":\"https:\\\/\\\/equipmentcontrols.com\\\/wp-content\\\/uploads\\\/2020\\\/04\\\/3M20EMS20Near-Surface20Marker20-20Gas201436.jpg\",\"width\":860,\"height\":860,\"caption\":\"3M20EMS20Near-Surface20Marker20-20Gas201436.jpg\"},{\"@type\":\"BreadcrumbList\",\"@id\":\"https:\\\/\\\/equipmentcontrols.com\\\/product\\\/3m-ems-1436-3\\\/#breadcrumb\",\"itemListElement\":[{\"@type\":\"ListItem\",\"position\":1,\"name\":\"Home\",\"item\":\"https:\\\/\\\/equipmentcontrols.com\\\/\"},{\"@type\":\"ListItem\",\"position\":2,\"name\":\"Shop\",\"item\":\"https:\\\/\\\/equipmentcontrols.com\\\/shop\\\/\"},{\"@type\":\"ListItem\",\"position\":3,\"name\":\"3M EMS 1436\"}]},{\"@type\":\"WebSite\",\"@id\":\"https:\\\/\\\/equipmentcontrols.com\\\/#website\",\"url\":\"https:\\\/\\\/equipmentcontrols.com\\\/\",\"name\":\"ECCO\",\"description\":\"Equipment Controls Company\",\"potentialAction\":[{\"@type\":\"SearchAction\",\"target\":{\"@type\":\"EntryPoint\",\"urlTemplate\":\"https:\\\/\\\/equipmentcontrols.com\\\/?s={search_term_string}\"},\"query-input\":{\"@type\":\"PropertyValueSpecification\",\"valueRequired\":true,\"valueName\":\"search_term_string\"}}],\"inLanguage\":\"fr-CA\"}]}<\/script>\n<!-- \/ Yoast SEO Premium plugin. -->","yoast_head_json":{"title":"3M EMS 1436 - ECCO","description":"3M\u2122 EMS Near Surface Marker is specially designed for marking underground telephone lines accurately. It comes in a cylindrical shape, allowing for easy installation in asphalt or concrete, without extensive digging. This marker offers positive identification of facilities.3M\u2122 EMS Near Surface Marker provides an effective way of marking underground facility lines during construction or maintenance applications. It withstands a temperature range of 4 to 122 \u00b0F ( 20 to 50 \u00b0C). This waterproof near surface marker has a long lasting passive antenna, encased in a waterproof shell to identify underground facilities with its exact location, even in congested areas. When mapping new and legacy assets, the pre programmed unique serial number integrates with back office mapping and GIS systems.","robots":{"index":"index","follow":"follow","max-snippet":"max-snippet:-1","max-image-preview":"max-image-preview:large","max-video-preview":"max-video-preview:-1"},"canonical":"https:\/\/equipmentcontrols.com\/fr\/produit\/3m-ems-1436-3\/","og_locale":"fr_CA","og_type":"article","og_title":"3M EMS 1436","og_description":"3M\u2122 EMS Near Surface Marker is specially designed for marking underground telephone lines accurately. It comes in a cylindrical shape, allowing for easy installation in asphalt or concrete, without extensive digging. This marker offers positive identification of facilities.3M\u2122 EMS Near Surface Marker provides an effective way of marking underground facility lines during construction or maintenance applications. It withstands a temperature range of 4 to 122 \u00b0F ( 20 to 50 \u00b0C). This waterproof near surface marker has a long lasting passive antenna, encased in a waterproof shell to identify underground facilities with its exact location, even in congested areas. When mapping new and legacy assets, the pre programmed unique serial number integrates with back office mapping and GIS systems.","og_url":"https:\/\/equipmentcontrols.com\/fr\/produit\/3m-ems-1436-3\/","og_site_name":"ECCO","article_modified_time":"2020-05-01T03:08:20+00:00","og_image":[{"width":860,"height":860,"url":"https:\/\/equipmentcontrols.com\/wp-content\/uploads\/2020\/04\/3M20EMS20Near-Surface20Marker20-20Gas201436.jpg","type":"image\/jpeg"}],"twitter_card":"summary_large_image","twitter_misc":{"Estimation du temps de lecture":"1 minute"},"schema":{"@context":"https:\/\/schema.org","@graph":[{"@type":"WebPage","@id":"https:\/\/equipmentcontrols.com\/product\/3m-ems-1436-3\/","url":"https:\/\/equipmentcontrols.com\/product\/3m-ems-1436-3\/","name":"3M EMS 1436 - ECCO","isPartOf":{"@id":"https:\/\/equipmentcontrols.com\/#website"},"primaryImageOfPage":{"@id":"https:\/\/equipmentcontrols.com\/product\/3m-ems-1436-3\/#primaryimage"},"image":{"@id":"https:\/\/equipmentcontrols.com\/product\/3m-ems-1436-3\/#primaryimage"},"thumbnailUrl":"https:\/\/equipmentcontrols.com\/wp-content\/uploads\/2020\/04\/3M20EMS20Near-Surface20Marker20-20Gas201436.jpg","datePublished":"2020-05-01T01:38:13+00:00","dateModified":"2020-05-01T03:08:20+00:00","description":"3M\u2122 EMS Near Surface Marker is specially designed for marking underground telephone lines accurately. It comes in a cylindrical shape, allowing for easy installation in asphalt or concrete, without extensive digging. This marker offers positive identification of facilities.3M\u2122 EMS Near Surface Marker provides an effective way of marking underground facility lines during construction or maintenance applications. It withstands a temperature range of 4 to 122 \u00b0F ( 20 to 50 \u00b0C). This waterproof near surface marker has a long lasting passive antenna, encased in a waterproof shell to identify underground facilities with its exact location, even in congested areas. When mapping new and legacy assets, the pre programmed unique serial number integrates with back office mapping and GIS systems.","breadcrumb":{"@id":"https:\/\/equipmentcontrols.com\/product\/3m-ems-1436-3\/#breadcrumb"},"inLanguage":"fr-CA","potentialAction":[{"@type":"ReadAction","target":["https:\/\/equipmentcontrols.com\/product\/3m-ems-1436-3\/"]}]},{"@type":"ImageObject","inLanguage":"fr-CA","@id":"https:\/\/equipmentcontrols.com\/product\/3m-ems-1436-3\/#primaryimage","url":"https:\/\/equipmentcontrols.com\/wp-content\/uploads\/2020\/04\/3M20EMS20Near-Surface20Marker20-20Gas201436.jpg","contentUrl":"https:\/\/equipmentcontrols.com\/wp-content\/uploads\/2020\/04\/3M20EMS20Near-Surface20Marker20-20Gas201436.jpg","width":860,"height":860,"caption":"3M20EMS20Near-Surface20Marker20-20Gas201436.jpg"},{"@type":"BreadcrumbList","@id":"https:\/\/equipmentcontrols.com\/product\/3m-ems-1436-3\/#breadcrumb","itemListElement":[{"@type":"ListItem","position":1,"name":"Home","item":"https:\/\/equipmentcontrols.com\/"},{"@type":"ListItem","position":2,"name":"Shop","item":"https:\/\/equipmentcontrols.com\/shop\/"},{"@type":"ListItem","position":3,"name":"3M EMS 1436"}]},{"@type":"WebSite","@id":"https:\/\/equipmentcontrols.com\/#website","url":"https:\/\/equipmentcontrols.com\/","name":"ECCO","description":"Compagnie de contr\u00f4le d&#039;\u00e9quipement","potentialAction":[{"@type":"SearchAction","target":{"@type":"EntryPoint","urlTemplate":"https:\/\/equipmentcontrols.com\/?s={search_term_string}"},"query-input":{"@type":"PropertyValueSpecification","valueRequired":true,"valueName":"search_term_string"}}],"inLanguage":"fr-CA"}]}},"_links":{"self":[{"href":"https:\/\/equipmentcontrols.com\/fr\/wp-json\/wp\/v2\/product\/943","targetHints":{"allow":["GET"]}}],"collection":[{"href":"https:\/\/equipmentcontrols.com\/fr\/wp-json\/wp\/v2\/product"}],"about":[{"href":"https:\/\/equipmentcontrols.com\/fr\/wp-json\/wp\/v2\/types\/product"}],"wp:featuredmedia":[{"embeddable":true,"href":"https:\/\/equipmentcontrols.com\/fr\/wp-json\/wp\/v2\/media\/842"}],"wp:attachment":[{"href":"https:\/\/equipmentcontrols.com\/fr\/wp-json\/wp\/v2\/media?parent=943"}],"wp:term":[{"taxonomy":"product_brand","embeddable":true,"href":"https:\/\/equipmentcontrols.com\/fr\/wp-json\/wp\/v2\/product_brand?post=943"},{"taxonomy":"product_cat","embeddable":true,"href":"https:\/\/equipmentcontrols.com\/fr\/wp-json\/wp\/v2\/product_cat?post=943"},{"taxonomy":"product_tag","embeddable":true,"href":"https:\/\/equipmentcontrols.com\/fr\/wp-json\/wp\/v2\/product_tag?post=943"}],"curies":[{"name":"wp","href":"https:\/\/api.w.org\/{rel}","templated":true}]}}