{"id":940,"date":"2020-05-01T01:38:12","date_gmt":"2020-05-01T01:38:12","guid":{"rendered":"https:\/\/econtrols.stagemysite.com\/product\/3m-dynatel-1420-id-2\/"},"modified":"2020-05-01T03:22:37","modified_gmt":"2020-05-01T03:22:37","slug":"3m-dynatel-1420-id-2","status":"publish","type":"product","link":"https:\/\/equipmentcontrols.com\/fr\/produit\/3m-dynatel-1420-id-2\/","title":{"rendered":"ID 3M Dynatel 1420"},"content":{"rendered":"<p><strong>Localisateur d&#039;identification 3M\u2122 Dynatel\u2122 1420, sans batterie, 1\/bo\u00eete<\/strong><\/p>\n<p>\u2022 Localise 2 fr\u00e9quences de marqueur diff\u00e9rentes simultan\u00e9ment<br \/>\n\u2022 Lit, \u00e9crit et localise les marqueurs iD<br \/>\n\u2022 Estime l&#039;emplacement exact des marqueurs souterrains<br \/>\n\u2022 Grand \u00e9cran graphique r\u00e9tro\u00e9clair\u00e9 haute r\u00e9solution<\/p>\n<p><strong>D\u00e9tails:<\/strong><br \/>\n\u2022 D\u00e9tecte les fr\u00e9quences de marqueurs \u00e9lectroniques standard de l&#039;industrie<br \/>\n\u2022 R\u00e9siste \u00e0 une large plage de temp\u00e9ratures de -4 \u00e0 122 \u00b0F (-20 \u00e0 50 \u00b0C)<br \/>\n\u2022 Compatible avec tous les marqueurs 3M\u2122 (t\u00e9l\u00e9phone, gaz, communication, \u00e9lectricit\u00e9, eau, eaux us\u00e9es et usage g\u00e9n\u00e9ral)<br \/>\n\u2022 Capacit\u00e9 de communication GPS<\/p>\n<p>Le localisateur de marqueurs 3M\u2122 Dynatel\u2122 1420 estime l&#039;emplacement exact des marqueurs souterrains. Ce localisateur lit, \u00e9crit et localise les marqueurs iD. Il localise simultan\u00e9ment 2 fr\u00e9quences de marqueur diff\u00e9rentes. La construction l\u00e9g\u00e8re et facile \u00e0 utiliser de ce localisateur offre un excellent \u00e9quilibre et une excellente ergonomie. Il dispose d&#039;un grand \u00e9cran graphique r\u00e9tro\u00e9clair\u00e9 haute r\u00e9solution pour indiquer l&#039;emplacement des marqueurs.<\/p>\n<p>Le localisateur de marqueurs 3M\u2122 Dynatel\u2122 1420 est capable de localiser tous les mod\u00e8les de marqueurs passifs correctement install\u00e9s. Il d\u00e9tecte les fr\u00e9quences de marqueurs \u00e9lectroniques standard de l&#039;industrie. Ce localisateur a des interfaces int\u00e9gr\u00e9es simplifi\u00e9es avec des capacit\u00e9s de localisation de pr\u00e9cision. Un syst\u00e8me de communication GPS est int\u00e9gr\u00e9 \u00e0 ce localisateur pour fournir une cartographie SIG des marqueurs \u00e9lectroniques. Le localisateur fonctionne \u00e0 une temp\u00e9rature de 4 \u00e0 122 \u00b0F (20 \u00e0 50 \u00b0C).<\/p>\n<p><strong>T\u00e9l\u00e9chargements\u00a0:<\/strong><br \/>\n<a href=\"https:\/\/equipmentcontrols.com\/wp-content\/uploads\/2020\/04\/EMD-Locating-Marking-PB-8008468-LR.pdf\">Fiche technique de marquage de localisation EMD<\/a><br \/>\n<a href=\"https:\/\/equipmentcontrols.com\/wp-content\/uploads\/2020\/04\/78-8130-6741-6-Rev-G.pdf\">Instructions de candidature<\/a><\/p>","protected":false},"excerpt":{"rendered":"<p>3M\u2122 Dynatel\u2122 1420 ID Locator, No Battery, 1\/Case \u2022\u00a0 Locates 2 different marker frequencies simultaneously \u2022\u00a0 Reads, writes and locates iD markers \u2022\u00a0Estimates exact location of underground markers \u2022\u00a0Large, backlit, high-resolution graphic display Details: \u2022\u00a0Detects industry-standard electronic marker frequencies \u2022\u00a0Withstands a wide temperature range of -4 to 122 \u00b0F (-20 to 50 \u00b0C) \u2022\u00a0Compatible with [&hellip;]<\/p>\n","protected":false},"featured_media":925,"template":"","meta":[],"product_brand":[],"product_cat":[54,25],"product_tag":[],"class_list":{"0":"post-940","1":"product","2":"type-product","3":"status-publish","4":"has-post-thumbnail","6":"product_cat-3m","7":"product_cat-utility-locators-marking-systems","9":"first","10":"instock","11":"shipping-taxable","12":"product-type-simple"},"yoast_head":"<!-- This site is optimized with the Yoast SEO Premium plugin v23.9 (Yoast SEO v27.3) - https:\/\/yoast.com\/product\/yoast-seo-premium-wordpress\/ -->\n<title>3M Dynatel 1420 ID - ECCO<\/title>\n<meta name=\"description\" content=\"3M\u2122 Dynatel\u2122 1420 Marker Locator estimates exact location of underground markers. This locator reads, writes and locates iD markers. It locates 2 different marker frequencies simultaneously. The lightweight, easy to use construction of this locator offers excellent balance and ergonomics. It features a large backlit, high resolution graphic display to show the location of the markers.3M\u2122 Dynatel\u2122 1420 Marker Locator is capable of locating all models of passive markers that are properly installed. It detects industry standard electronic marker frequencies. This locator has simplified integrated interfaces with precision locating capabilities. A GPS communication system is incorporated into this locator to provide GIS mapping of electronic markers. The locator operates at a temperature of 4 to 122 \u00b0F ( 20 to 50 \u00b0C).\" \/>\n<meta name=\"robots\" content=\"index, follow, max-snippet:-1, max-image-preview:large, max-video-preview:-1\" \/>\n<link rel=\"canonical\" href=\"https:\/\/equipmentcontrols.com\/fr\/produit\/3m-dynatel-1420-id-2\/\" \/>\n<meta property=\"og:locale\" content=\"fr_CA\" \/>\n<meta property=\"og:type\" content=\"article\" \/>\n<meta property=\"og:title\" content=\"3M Dynatel 1420 ID\" \/>\n<meta property=\"og:description\" content=\"3M\u2122 Dynatel\u2122 1420 Marker Locator estimates exact location of underground markers. This locator reads, writes and locates iD markers. It locates 2 different marker frequencies simultaneously. The lightweight, easy to use construction of this locator offers excellent balance and ergonomics. It features a large backlit, high resolution graphic display to show the location of the markers.3M\u2122 Dynatel\u2122 1420 Marker Locator is capable of locating all models of passive markers that are properly installed. It detects industry standard electronic marker frequencies. This locator has simplified integrated interfaces with precision locating capabilities. A GPS communication system is incorporated into this locator to provide GIS mapping of electronic markers. The locator operates at a temperature of 4 to 122 \u00b0F ( 20 to 50 \u00b0C).\" \/>\n<meta property=\"og:url\" content=\"https:\/\/equipmentcontrols.com\/fr\/produit\/3m-dynatel-1420-id-2\/\" \/>\n<meta property=\"og:site_name\" content=\"ECCO\" \/>\n<meta property=\"article:modified_time\" content=\"2020-05-01T03:22:37+00:00\" \/>\n<meta property=\"og:image\" content=\"https:\/\/equipmentcontrols.com\/wp-content\/uploads\/2020\/05\/3M20Dynatel20142020ID20Locator20No20Battery.jpg\" \/>\n\t<meta property=\"og:image:width\" content=\"860\" \/>\n\t<meta property=\"og:image:height\" content=\"860\" \/>\n\t<meta property=\"og:image:type\" content=\"image\/jpeg\" \/>\n<meta name=\"twitter:card\" content=\"summary_large_image\" \/>\n<meta name=\"twitter:label1\" content=\"Estimation du temps de lecture\" \/>\n\t<meta name=\"twitter:data1\" content=\"1 minute\" \/>\n<script type=\"application\/ld+json\" class=\"yoast-schema-graph\">{\"@context\":\"https:\\\/\\\/schema.org\",\"@graph\":[{\"@type\":\"WebPage\",\"@id\":\"https:\\\/\\\/equipmentcontrols.com\\\/product\\\/3m-dynatel-1420-id-2\\\/\",\"url\":\"https:\\\/\\\/equipmentcontrols.com\\\/product\\\/3m-dynatel-1420-id-2\\\/\",\"name\":\"3M Dynatel 1420 ID - ECCO\",\"isPartOf\":{\"@id\":\"https:\\\/\\\/equipmentcontrols.com\\\/#website\"},\"primaryImageOfPage\":{\"@id\":\"https:\\\/\\\/equipmentcontrols.com\\\/product\\\/3m-dynatel-1420-id-2\\\/#primaryimage\"},\"image\":{\"@id\":\"https:\\\/\\\/equipmentcontrols.com\\\/product\\\/3m-dynatel-1420-id-2\\\/#primaryimage\"},\"thumbnailUrl\":\"https:\\\/\\\/equipmentcontrols.com\\\/wp-content\\\/uploads\\\/2020\\\/05\\\/3M20Dynatel20142020ID20Locator20No20Battery.jpg\",\"datePublished\":\"2020-05-01T01:38:12+00:00\",\"dateModified\":\"2020-05-01T03:22:37+00:00\",\"description\":\"3M\u2122 Dynatel\u2122 1420 Marker Locator estimates exact location of underground markers. This locator reads, writes and locates iD markers. It locates 2 different marker frequencies simultaneously. The lightweight, easy to use construction of this locator offers excellent balance and ergonomics. It features a large backlit, high resolution graphic display to show the location of the markers.3M\u2122 Dynatel\u2122 1420 Marker Locator is capable of locating all models of passive markers that are properly installed. It detects industry standard electronic marker frequencies. This locator has simplified integrated interfaces with precision locating capabilities. A GPS communication system is incorporated into this locator to provide GIS mapping of electronic markers. The locator operates at a temperature of 4 to 122 \u00b0F ( 20 to 50 \u00b0C).\",\"breadcrumb\":{\"@id\":\"https:\\\/\\\/equipmentcontrols.com\\\/product\\\/3m-dynatel-1420-id-2\\\/#breadcrumb\"},\"inLanguage\":\"fr-CA\",\"potentialAction\":[{\"@type\":\"ReadAction\",\"target\":[\"https:\\\/\\\/equipmentcontrols.com\\\/product\\\/3m-dynatel-1420-id-2\\\/\"]}]},{\"@type\":\"ImageObject\",\"inLanguage\":\"fr-CA\",\"@id\":\"https:\\\/\\\/equipmentcontrols.com\\\/product\\\/3m-dynatel-1420-id-2\\\/#primaryimage\",\"url\":\"https:\\\/\\\/equipmentcontrols.com\\\/wp-content\\\/uploads\\\/2020\\\/05\\\/3M20Dynatel20142020ID20Locator20No20Battery.jpg\",\"contentUrl\":\"https:\\\/\\\/equipmentcontrols.com\\\/wp-content\\\/uploads\\\/2020\\\/05\\\/3M20Dynatel20142020ID20Locator20No20Battery.jpg\",\"width\":860,\"height\":860,\"caption\":\"3M20Dynatel20142020ID20Locator20No20Battery\"},{\"@type\":\"BreadcrumbList\",\"@id\":\"https:\\\/\\\/equipmentcontrols.com\\\/product\\\/3m-dynatel-1420-id-2\\\/#breadcrumb\",\"itemListElement\":[{\"@type\":\"ListItem\",\"position\":1,\"name\":\"Home\",\"item\":\"https:\\\/\\\/equipmentcontrols.com\\\/\"},{\"@type\":\"ListItem\",\"position\":2,\"name\":\"Shop\",\"item\":\"https:\\\/\\\/equipmentcontrols.com\\\/shop\\\/\"},{\"@type\":\"ListItem\",\"position\":3,\"name\":\"3M Dynatel 1420 ID\"}]},{\"@type\":\"WebSite\",\"@id\":\"https:\\\/\\\/equipmentcontrols.com\\\/#website\",\"url\":\"https:\\\/\\\/equipmentcontrols.com\\\/\",\"name\":\"ECCO\",\"description\":\"Equipment Controls Company\",\"potentialAction\":[{\"@type\":\"SearchAction\",\"target\":{\"@type\":\"EntryPoint\",\"urlTemplate\":\"https:\\\/\\\/equipmentcontrols.com\\\/?s={search_term_string}\"},\"query-input\":{\"@type\":\"PropertyValueSpecification\",\"valueRequired\":true,\"valueName\":\"search_term_string\"}}],\"inLanguage\":\"fr-CA\"}]}<\/script>\n<!-- \/ Yoast SEO Premium plugin. -->","yoast_head_json":{"title":"3M Dynatel 1420 ID - ECCO","description":"3M\u2122 Dynatel\u2122 1420 Marker Locator estimates exact location of underground markers. This locator reads, writes and locates iD markers. It locates 2 different marker frequencies simultaneously. The lightweight, easy to use construction of this locator offers excellent balance and ergonomics. It features a large backlit, high resolution graphic display to show the location of the markers.3M\u2122 Dynatel\u2122 1420 Marker Locator is capable of locating all models of passive markers that are properly installed. It detects industry standard electronic marker frequencies. This locator has simplified integrated interfaces with precision locating capabilities. A GPS communication system is incorporated into this locator to provide GIS mapping of electronic markers. The locator operates at a temperature of 4 to 122 \u00b0F ( 20 to 50 \u00b0C).","robots":{"index":"index","follow":"follow","max-snippet":"max-snippet:-1","max-image-preview":"max-image-preview:large","max-video-preview":"max-video-preview:-1"},"canonical":"https:\/\/equipmentcontrols.com\/fr\/produit\/3m-dynatel-1420-id-2\/","og_locale":"fr_CA","og_type":"article","og_title":"3M Dynatel 1420 ID","og_description":"3M\u2122 Dynatel\u2122 1420 Marker Locator estimates exact location of underground markers. This locator reads, writes and locates iD markers. It locates 2 different marker frequencies simultaneously. The lightweight, easy to use construction of this locator offers excellent balance and ergonomics. It features a large backlit, high resolution graphic display to show the location of the markers.3M\u2122 Dynatel\u2122 1420 Marker Locator is capable of locating all models of passive markers that are properly installed. It detects industry standard electronic marker frequencies. This locator has simplified integrated interfaces with precision locating capabilities. A GPS communication system is incorporated into this locator to provide GIS mapping of electronic markers. The locator operates at a temperature of 4 to 122 \u00b0F ( 20 to 50 \u00b0C).","og_url":"https:\/\/equipmentcontrols.com\/fr\/produit\/3m-dynatel-1420-id-2\/","og_site_name":"ECCO","article_modified_time":"2020-05-01T03:22:37+00:00","og_image":[{"width":860,"height":860,"url":"https:\/\/equipmentcontrols.com\/wp-content\/uploads\/2020\/05\/3M20Dynatel20142020ID20Locator20No20Battery.jpg","type":"image\/jpeg"}],"twitter_card":"summary_large_image","twitter_misc":{"Estimation du temps de lecture":"1 minute"},"schema":{"@context":"https:\/\/schema.org","@graph":[{"@type":"WebPage","@id":"https:\/\/equipmentcontrols.com\/product\/3m-dynatel-1420-id-2\/","url":"https:\/\/equipmentcontrols.com\/product\/3m-dynatel-1420-id-2\/","name":"3M Dynatel 1420 ID - ECCO","isPartOf":{"@id":"https:\/\/equipmentcontrols.com\/#website"},"primaryImageOfPage":{"@id":"https:\/\/equipmentcontrols.com\/product\/3m-dynatel-1420-id-2\/#primaryimage"},"image":{"@id":"https:\/\/equipmentcontrols.com\/product\/3m-dynatel-1420-id-2\/#primaryimage"},"thumbnailUrl":"https:\/\/equipmentcontrols.com\/wp-content\/uploads\/2020\/05\/3M20Dynatel20142020ID20Locator20No20Battery.jpg","datePublished":"2020-05-01T01:38:12+00:00","dateModified":"2020-05-01T03:22:37+00:00","description":"3M\u2122 Dynatel\u2122 1420 Marker Locator estimates exact location of underground markers. This locator reads, writes and locates iD markers. It locates 2 different marker frequencies simultaneously. The lightweight, easy to use construction of this locator offers excellent balance and ergonomics. It features a large backlit, high resolution graphic display to show the location of the markers.3M\u2122 Dynatel\u2122 1420 Marker Locator is capable of locating all models of passive markers that are properly installed. It detects industry standard electronic marker frequencies. This locator has simplified integrated interfaces with precision locating capabilities. A GPS communication system is incorporated into this locator to provide GIS mapping of electronic markers. The locator operates at a temperature of 4 to 122 \u00b0F ( 20 to 50 \u00b0C).","breadcrumb":{"@id":"https:\/\/equipmentcontrols.com\/product\/3m-dynatel-1420-id-2\/#breadcrumb"},"inLanguage":"fr-CA","potentialAction":[{"@type":"ReadAction","target":["https:\/\/equipmentcontrols.com\/product\/3m-dynatel-1420-id-2\/"]}]},{"@type":"ImageObject","inLanguage":"fr-CA","@id":"https:\/\/equipmentcontrols.com\/product\/3m-dynatel-1420-id-2\/#primaryimage","url":"https:\/\/equipmentcontrols.com\/wp-content\/uploads\/2020\/05\/3M20Dynatel20142020ID20Locator20No20Battery.jpg","contentUrl":"https:\/\/equipmentcontrols.com\/wp-content\/uploads\/2020\/05\/3M20Dynatel20142020ID20Locator20No20Battery.jpg","width":860,"height":860,"caption":"3M20Dynatel20142020ID20Locator20No20Battery"},{"@type":"BreadcrumbList","@id":"https:\/\/equipmentcontrols.com\/product\/3m-dynatel-1420-id-2\/#breadcrumb","itemListElement":[{"@type":"ListItem","position":1,"name":"Home","item":"https:\/\/equipmentcontrols.com\/"},{"@type":"ListItem","position":2,"name":"Shop","item":"https:\/\/equipmentcontrols.com\/shop\/"},{"@type":"ListItem","position":3,"name":"3M Dynatel 1420 ID"}]},{"@type":"WebSite","@id":"https:\/\/equipmentcontrols.com\/#website","url":"https:\/\/equipmentcontrols.com\/","name":"ECCO","description":"Compagnie de contr\u00f4le d&#039;\u00e9quipement","potentialAction":[{"@type":"SearchAction","target":{"@type":"EntryPoint","urlTemplate":"https:\/\/equipmentcontrols.com\/?s={search_term_string}"},"query-input":{"@type":"PropertyValueSpecification","valueRequired":true,"valueName":"search_term_string"}}],"inLanguage":"fr-CA"}]}},"_links":{"self":[{"href":"https:\/\/equipmentcontrols.com\/fr\/wp-json\/wp\/v2\/product\/940","targetHints":{"allow":["GET"]}}],"collection":[{"href":"https:\/\/equipmentcontrols.com\/fr\/wp-json\/wp\/v2\/product"}],"about":[{"href":"https:\/\/equipmentcontrols.com\/fr\/wp-json\/wp\/v2\/types\/product"}],"wp:featuredmedia":[{"embeddable":true,"href":"https:\/\/equipmentcontrols.com\/fr\/wp-json\/wp\/v2\/media\/925"}],"wp:attachment":[{"href":"https:\/\/equipmentcontrols.com\/fr\/wp-json\/wp\/v2\/media?parent=940"}],"wp:term":[{"taxonomy":"product_brand","embeddable":true,"href":"https:\/\/equipmentcontrols.com\/fr\/wp-json\/wp\/v2\/product_brand?post=940"},{"taxonomy":"product_cat","embeddable":true,"href":"https:\/\/equipmentcontrols.com\/fr\/wp-json\/wp\/v2\/product_cat?post=940"},{"taxonomy":"product_tag","embeddable":true,"href":"https:\/\/equipmentcontrols.com\/fr\/wp-json\/wp\/v2\/product_tag?post=940"}],"curies":[{"name":"wp","href":"https:\/\/api.w.org\/{rel}","templated":true}]}}