{"id":938,"date":"2020-05-01T01:38:12","date_gmt":"2020-05-01T01:38:12","guid":{"rendered":"https:\/\/econtrols.stagemysite.com\/product\/3m-dynatel-7573-id\/"},"modified":"2020-05-01T01:38:12","modified_gmt":"2020-05-01T01:38:12","slug":"3m-dynatel-7573-id","status":"publish","type":"product","link":"https:\/\/equipmentcontrols.com\/fr\/produit\/3m-dynatel-7573-id\/","title":{"rendered":"3M Dynatel 7573-ID"},"content":{"rendered":"<p>3M\u2122 Dynatel\u2122 7573-ID\/U3 Pipe\/Cable\/Fault\/EMS Locator Utility 4.5\u2033 Coupler 3W, 1\/Case<br \/>\n\u2022 Localisez et suivez le chemin du ruban de mise en garde 3M EMS<br \/>\n\u2022 Six fr\u00e9quences de trace actives qui peuvent \u00eatre utilis\u00e9es individuellement ou simultan\u00e9ment pour fournir une solution \u00e0 pratiquement toutes les applications difficiles rencontr\u00e9es sur le terrain. Le r\u00e9cepteur int\u00e8gre une puissance passive et des fr\u00e9quences auxiliaires qui ne n\u00e9cessitent pas l&#039;utilisation de l&#039;\u00e9metteur.<br \/>\n\u2022 Interface de cartographie de vue de trace qui fournit un affichage de cartographie intuitif montrant le chemin de l&#039;utilitaire combin\u00e9 avec un r\u00e9seau d&#039;antennes bas\u00e9 sur une antenne de cr\u00eate de pr\u00e9cision pour fournir la plus grande confiance dans l&#039;emplacement de l&#039;utilitaire.<br \/>\n\u2022 Cinq modes de fonctionnement \u2013 vue de trace, pic directionnel, z\u00e9ro directionnel, pic sp\u00e9cial et pic d&#039;induction \u2013 pour des localisations pr\u00e9cises, m\u00eame dans les zones encombr\u00e9es.<br \/>\n\u2022 Le mode directionnel utilise une conception d&#039;antenne tout-cr\u00eate pour un meilleur guidage gauche\/droite et une localisation pr\u00e9cise dans des conditions difficiles.<br \/>\n\u2022 Localisez, \u00e9crivez et lisez des informations dans le syst\u00e8me de marqueurs \u00e9lectroniques 3M\u2122 iD.<br \/>\n\u2022 Compatibilit\u00e9 avec certains instruments de cartographie de terrain GPS\/GIS pour la cartographie en temps r\u00e9el de marqueurs \u00e9lectroniques ou d&#039;installations de canalisations et de c\u00e2bles<\/p>\n<p>Con\u00e7us pour \u00eatre plus pr\u00e9cis, plus rapides et plus int\u00e9gr\u00e9s que la plupart des localisateurs du march\u00e9, les localisateurs 3M\u2122 Dynatel\u2122 s\u00e9rie 7500 repr\u00e9sentent une avanc\u00e9e dans la technologie de localisation et de recherche de pannes pour les professionnels de terrain. Offrant un large \u00e9ventail de fonctionnalit\u00e9s avec un traitement num\u00e9rique avanc\u00e9, les localisateurs de la s\u00e9rie 7500 combinent des interfaces simples avec des capacit\u00e9s de localisation de pr\u00e9cision.<\/p>\n<p>Les fonctionnalit\u00e9s incluent:<br \/>\n\u2022 Six fr\u00e9quences actives pour une connexion directe<br \/>\n\u2022 Mode d&#039;affichage du mappage de la vue Trace<br \/>\n\u2022 Quatre fr\u00e9quences d&#039;induction<br \/>\n\u2022 Tous les modes de fr\u00e9quence en connexion directe (quatre simultan\u00e9ment)<br \/>\n\u2022 Capacit\u00e9 EMS iD et EMS Tape sur tous les mod\u00e8les<br \/>\n\u2022 Profondeur du bouton poussoir \u00e0 tous les marqueurs \u00e9lectroniques souterrains 3M<\/p>\n<p>Comme avec d&#039;autres mod\u00e8les de localisateurs, le localisateur 3M\u2122 Dynatel\u2122 7573 ex\u00e9cute toutes les fonctions du localisateur 7550 ainsi que la capacit\u00e9 de trouver des d\u00e9fauts souterrains.<\/p>\n<p>Applications sugg\u00e9r\u00e9es<\/p>\n<p>    Localisation du chemin de la bande d&#039;avertissement EMS<br \/>\n    Lire, \u00e9crire et localiser des marqueurs<br \/>\n    Industrie du gaz<br \/>\n    Industrie de l&#039;\u00e9nergie<br \/>\n    Trouver \u00e0 redire<\/p>","protected":false},"excerpt":{"rendered":"<p>3M\u2122 Dynatel\u2122 7573-ID\/U3 Pipe\/Cable\/Fault\/EMS Locator Utility 4.5&#8243; Coupler 3W, 1\/Case \u2022\u00a0Locate and follow the path of 3M EMS Caution Tape \u2022\u00a0Six active trace frequencies which can be used individually or simultaneously to providing a solution for virtually all challenging applications encountered in the field. The receiver incorporates passive power and auxiliary frequencies that do not [&hellip;]<\/p>\n","protected":false},"featured_media":937,"template":"","meta":[],"product_brand":[],"product_cat":[54,25],"product_tag":[],"class_list":{"0":"post-938","1":"product","2":"type-product","3":"status-publish","4":"has-post-thumbnail","6":"product_cat-3m","7":"product_cat-utility-locators-marking-systems","9":"first","10":"instock","11":"shipping-taxable","12":"product-type-simple"},"yoast_head":"<!-- This site is optimized with the Yoast SEO Premium plugin v23.9 (Yoast SEO v27.3) - https:\/\/yoast.com\/product\/yoast-seo-premium-wordpress\/ -->\n<title>3M Dynatel 7573-ID - ECCO<\/title>\n<meta name=\"robots\" content=\"index, follow, max-snippet:-1, max-image-preview:large, max-video-preview:-1\" \/>\n<link rel=\"canonical\" href=\"https:\/\/equipmentcontrols.com\/fr\/produit\/3m-dynatel-7573-id\/\" \/>\n<meta property=\"og:locale\" content=\"fr_CA\" \/>\n<meta property=\"og:type\" content=\"article\" \/>\n<meta property=\"og:title\" content=\"3M Dynatel 7573-ID\" \/>\n<meta property=\"og:description\" content=\"3M\u2122 Dynatel\u2122 7573-ID\/U3 Pipe\/Cable\/Fault\/EMS Locator Utility 4.5&#8243; Coupler 3W, 1\/Case \u2022\u00a0Locate and follow the path of 3M EMS Caution Tape \u2022\u00a0Six active trace frequencies which can be used individually or simultaneously to providing a solution for virtually all challenging applications encountered in the field. The receiver incorporates passive power and auxiliary frequencies that do not [&hellip;]\" \/>\n<meta property=\"og:url\" content=\"https:\/\/equipmentcontrols.com\/fr\/produit\/3m-dynatel-7573-id\/\" \/>\n<meta property=\"og:site_name\" content=\"ECCO\" \/>\n<meta property=\"og:image\" content=\"https:\/\/equipmentcontrols.com\/wp-content\/uploads\/2020\/05\/3M20Dynatel207573-ID20U1220PipeCableFaultEMS20Locator20Utility204.5_20Coupler2012W.jpg\" \/>\n\t<meta property=\"og:image:width\" content=\"860\" \/>\n\t<meta property=\"og:image:height\" content=\"860\" \/>\n\t<meta property=\"og:image:type\" content=\"image\/jpeg\" \/>\n<meta name=\"twitter:card\" content=\"summary_large_image\" \/>\n<meta name=\"twitter:label1\" content=\"Estimation du temps de lecture\" \/>\n\t<meta name=\"twitter:data1\" content=\"2 minutes\" \/>\n<script type=\"application\/ld+json\" class=\"yoast-schema-graph\">{\"@context\":\"https:\\\/\\\/schema.org\",\"@graph\":[{\"@type\":\"WebPage\",\"@id\":\"https:\\\/\\\/equipmentcontrols.com\\\/product\\\/3m-dynatel-7573-id\\\/\",\"url\":\"https:\\\/\\\/equipmentcontrols.com\\\/product\\\/3m-dynatel-7573-id\\\/\",\"name\":\"3M Dynatel 7573-ID - ECCO\",\"isPartOf\":{\"@id\":\"https:\\\/\\\/equipmentcontrols.com\\\/#website\"},\"primaryImageOfPage\":{\"@id\":\"https:\\\/\\\/equipmentcontrols.com\\\/product\\\/3m-dynatel-7573-id\\\/#primaryimage\"},\"image\":{\"@id\":\"https:\\\/\\\/equipmentcontrols.com\\\/product\\\/3m-dynatel-7573-id\\\/#primaryimage\"},\"thumbnailUrl\":\"https:\\\/\\\/equipmentcontrols.com\\\/wp-content\\\/uploads\\\/2020\\\/05\\\/3M20Dynatel207573-ID20U1220PipeCableFaultEMS20Locator20Utility204.5_20Coupler2012W.jpg\",\"datePublished\":\"2020-05-01T01:38:12+00:00\",\"breadcrumb\":{\"@id\":\"https:\\\/\\\/equipmentcontrols.com\\\/product\\\/3m-dynatel-7573-id\\\/#breadcrumb\"},\"inLanguage\":\"fr-CA\",\"potentialAction\":[{\"@type\":\"ReadAction\",\"target\":[\"https:\\\/\\\/equipmentcontrols.com\\\/product\\\/3m-dynatel-7573-id\\\/\"]}]},{\"@type\":\"ImageObject\",\"inLanguage\":\"fr-CA\",\"@id\":\"https:\\\/\\\/equipmentcontrols.com\\\/product\\\/3m-dynatel-7573-id\\\/#primaryimage\",\"url\":\"https:\\\/\\\/equipmentcontrols.com\\\/wp-content\\\/uploads\\\/2020\\\/05\\\/3M20Dynatel207573-ID20U1220PipeCableFaultEMS20Locator20Utility204.5_20Coupler2012W.jpg\",\"contentUrl\":\"https:\\\/\\\/equipmentcontrols.com\\\/wp-content\\\/uploads\\\/2020\\\/05\\\/3M20Dynatel207573-ID20U1220PipeCableFaultEMS20Locator20Utility204.5_20Coupler2012W.jpg\",\"width\":860,\"height\":860,\"caption\":\"3M20Dynatel207573-ID20U1220PipeCableFaultEMS20Locator20Utility204.5_20Coupler2012W.jpg\"},{\"@type\":\"BreadcrumbList\",\"@id\":\"https:\\\/\\\/equipmentcontrols.com\\\/product\\\/3m-dynatel-7573-id\\\/#breadcrumb\",\"itemListElement\":[{\"@type\":\"ListItem\",\"position\":1,\"name\":\"Home\",\"item\":\"https:\\\/\\\/equipmentcontrols.com\\\/\"},{\"@type\":\"ListItem\",\"position\":2,\"name\":\"Shop\",\"item\":\"https:\\\/\\\/equipmentcontrols.com\\\/shop\\\/\"},{\"@type\":\"ListItem\",\"position\":3,\"name\":\"3M Dynatel 7573-ID\"}]},{\"@type\":\"WebSite\",\"@id\":\"https:\\\/\\\/equipmentcontrols.com\\\/#website\",\"url\":\"https:\\\/\\\/equipmentcontrols.com\\\/\",\"name\":\"ECCO\",\"description\":\"Equipment Controls Company\",\"potentialAction\":[{\"@type\":\"SearchAction\",\"target\":{\"@type\":\"EntryPoint\",\"urlTemplate\":\"https:\\\/\\\/equipmentcontrols.com\\\/?s={search_term_string}\"},\"query-input\":{\"@type\":\"PropertyValueSpecification\",\"valueRequired\":true,\"valueName\":\"search_term_string\"}}],\"inLanguage\":\"fr-CA\"}]}<\/script>\n<!-- \/ Yoast SEO Premium plugin. -->","yoast_head_json":{"title":"3M Dynatel 7573-ID - ECCO","robots":{"index":"index","follow":"follow","max-snippet":"max-snippet:-1","max-image-preview":"max-image-preview:large","max-video-preview":"max-video-preview:-1"},"canonical":"https:\/\/equipmentcontrols.com\/fr\/produit\/3m-dynatel-7573-id\/","og_locale":"fr_CA","og_type":"article","og_title":"3M Dynatel 7573-ID","og_description":"3M\u2122 Dynatel\u2122 7573-ID\/U3 Pipe\/Cable\/Fault\/EMS Locator Utility 4.5&#8243; Coupler 3W, 1\/Case \u2022\u00a0Locate and follow the path of 3M EMS Caution Tape \u2022\u00a0Six active trace frequencies which can be used individually or simultaneously to providing a solution for virtually all challenging applications encountered in the field. The receiver incorporates passive power and auxiliary frequencies that do not [&hellip;]","og_url":"https:\/\/equipmentcontrols.com\/fr\/produit\/3m-dynatel-7573-id\/","og_site_name":"ECCO","og_image":[{"width":860,"height":860,"url":"https:\/\/equipmentcontrols.com\/wp-content\/uploads\/2020\/05\/3M20Dynatel207573-ID20U1220PipeCableFaultEMS20Locator20Utility204.5_20Coupler2012W.jpg","type":"image\/jpeg"}],"twitter_card":"summary_large_image","twitter_misc":{"Estimation du temps de lecture":"2 minutes"},"schema":{"@context":"https:\/\/schema.org","@graph":[{"@type":"WebPage","@id":"https:\/\/equipmentcontrols.com\/product\/3m-dynatel-7573-id\/","url":"https:\/\/equipmentcontrols.com\/product\/3m-dynatel-7573-id\/","name":"3M Dynatel 7573-ID - ECCO","isPartOf":{"@id":"https:\/\/equipmentcontrols.com\/#website"},"primaryImageOfPage":{"@id":"https:\/\/equipmentcontrols.com\/product\/3m-dynatel-7573-id\/#primaryimage"},"image":{"@id":"https:\/\/equipmentcontrols.com\/product\/3m-dynatel-7573-id\/#primaryimage"},"thumbnailUrl":"https:\/\/equipmentcontrols.com\/wp-content\/uploads\/2020\/05\/3M20Dynatel207573-ID20U1220PipeCableFaultEMS20Locator20Utility204.5_20Coupler2012W.jpg","datePublished":"2020-05-01T01:38:12+00:00","breadcrumb":{"@id":"https:\/\/equipmentcontrols.com\/product\/3m-dynatel-7573-id\/#breadcrumb"},"inLanguage":"fr-CA","potentialAction":[{"@type":"ReadAction","target":["https:\/\/equipmentcontrols.com\/product\/3m-dynatel-7573-id\/"]}]},{"@type":"ImageObject","inLanguage":"fr-CA","@id":"https:\/\/equipmentcontrols.com\/product\/3m-dynatel-7573-id\/#primaryimage","url":"https:\/\/equipmentcontrols.com\/wp-content\/uploads\/2020\/05\/3M20Dynatel207573-ID20U1220PipeCableFaultEMS20Locator20Utility204.5_20Coupler2012W.jpg","contentUrl":"https:\/\/equipmentcontrols.com\/wp-content\/uploads\/2020\/05\/3M20Dynatel207573-ID20U1220PipeCableFaultEMS20Locator20Utility204.5_20Coupler2012W.jpg","width":860,"height":860,"caption":"3M20Dynatel207573-ID20U1220PipeCableFaultEMS20Locator20Utility204.5_20Coupler2012W.jpg"},{"@type":"BreadcrumbList","@id":"https:\/\/equipmentcontrols.com\/product\/3m-dynatel-7573-id\/#breadcrumb","itemListElement":[{"@type":"ListItem","position":1,"name":"Home","item":"https:\/\/equipmentcontrols.com\/"},{"@type":"ListItem","position":2,"name":"Shop","item":"https:\/\/equipmentcontrols.com\/shop\/"},{"@type":"ListItem","position":3,"name":"3M Dynatel 7573-ID"}]},{"@type":"WebSite","@id":"https:\/\/equipmentcontrols.com\/#website","url":"https:\/\/equipmentcontrols.com\/","name":"ECCO","description":"Compagnie de contr\u00f4le d&#039;\u00e9quipement","potentialAction":[{"@type":"SearchAction","target":{"@type":"EntryPoint","urlTemplate":"https:\/\/equipmentcontrols.com\/?s={search_term_string}"},"query-input":{"@type":"PropertyValueSpecification","valueRequired":true,"valueName":"search_term_string"}}],"inLanguage":"fr-CA"}]}},"_links":{"self":[{"href":"https:\/\/equipmentcontrols.com\/fr\/wp-json\/wp\/v2\/product\/938","targetHints":{"allow":["GET"]}}],"collection":[{"href":"https:\/\/equipmentcontrols.com\/fr\/wp-json\/wp\/v2\/product"}],"about":[{"href":"https:\/\/equipmentcontrols.com\/fr\/wp-json\/wp\/v2\/types\/product"}],"wp:featuredmedia":[{"embeddable":true,"href":"https:\/\/equipmentcontrols.com\/fr\/wp-json\/wp\/v2\/media\/937"}],"wp:attachment":[{"href":"https:\/\/equipmentcontrols.com\/fr\/wp-json\/wp\/v2\/media?parent=938"}],"wp:term":[{"taxonomy":"product_brand","embeddable":true,"href":"https:\/\/equipmentcontrols.com\/fr\/wp-json\/wp\/v2\/product_brand?post=938"},{"taxonomy":"product_cat","embeddable":true,"href":"https:\/\/equipmentcontrols.com\/fr\/wp-json\/wp\/v2\/product_cat?post=938"},{"taxonomy":"product_tag","embeddable":true,"href":"https:\/\/equipmentcontrols.com\/fr\/wp-json\/wp\/v2\/product_tag?post=938"}],"curies":[{"name":"wp","href":"https:\/\/api.w.org\/{rel}","templated":true}]}}