{"id":836,"date":"2020-04-30T16:50:18","date_gmt":"2020-04-30T16:50:18","guid":{"rendered":"https:\/\/econtrols.stagemysite.com\/product\/lz30\/"},"modified":"2022-09-30T17:23:55","modified_gmt":"2022-09-30T17:23:55","slug":"lz30","status":"publish","type":"product","link":"https:\/\/equipmentcontrols.com\/fr\/produit\/lz30\/","title":{"rendered":"SENSIT\u00ae LZ-30"},"content":{"rendered":"<p><strong>GAS\u2022TRAC\u00ae LZ-30<\/strong><br \/>\n<strong>D\u00e9tecteur de fuite de gaz \u00e0 distance laser portatif<\/strong><br \/>\nLe GAS\u2022TRAC\u00ae LZ-30 de SENSIT Technologies est un d\u00e9tecteur de fuite compact sp\u00e9cifique au m\u00e9thane qui fournit des lectures rapides et pr\u00e9cises \u00e0 des distances allant jusqu&#039;\u00e0 100 pieds.<\/p>\n<p>Le LZ-30 utilise la technologie TDLAS (spectroscopie d&#039;absorption laser \u00e0 diode accordable) pour fournir des r\u00e9ponses instantan\u00e9es et pr\u00e9cises \u00e0 la pr\u00e9sence de gaz m\u00e9thane.<\/p>\n<p>Con\u00e7u pour \u00eatre \u00e0 un prix comp\u00e9titif, le LZ-30 est parfait pour les zones difficiles d&#039;acc\u00e8s, \u00e9liminant le besoin d&#039;acc\u00e9der directement au panache de gaz, de monter dans des zones sur\u00e9lev\u00e9es ou d&#039;acc\u00e9der \u00e0 une propri\u00e9t\u00e9 cl\u00f4tur\u00e9e ou \u00e0 d&#039;autres situations potentiellement dangereuses.<\/p>\n<p>La NOUVELLE application SMART-LINK LIVE r\u00e9pond \u00e0 la demande croissante de suivi et de tra\u00e7abilit\u00e9. Il permet \u00e0 l&#039;utilisateur de garder les yeux sur la cible pendant que les donn\u00e9es en continu du LZ-30 sont captur\u00e9es dans l&#039;application.<\/p>\n<p>L&#039;application enregistre la date, l&#039;heure, les coordonn\u00e9es GPS et les mesures de gaz. Les sessions peuvent \u00eatre export\u00e9es depuis le t\u00e9l\u00e9phone\/tablette dans plusieurs formats. Gr\u00e2ce \u00e0 la capture d&#039;image int\u00e9gr\u00e9e, l&#039;utilisateur peut associer n&#039;importe quelle lecture \u00e0 une image ou m\u00eame signaler un probl\u00e8me de corrosion.<\/p>\n<p><strong>D\u00e9tectez rapidement et en toute s\u00e9curit\u00e9 les fuites de gaz m\u00e9thane dans les zones difficiles d&#039;acc\u00e8s avec le GAS-TRAC\u00ae LZ-30<\/strong><\/p>\n<p><strong>Traits:<\/strong><br \/>\n\u2022 S\u00e9lectif au m\u00e9thane<br \/>\n\u2022 Port\u00e9e de d\u00e9tection de 100\u00a0pieds<br \/>\n\u2022 D\u00e9tection continue<br \/>\n\u2022 Batterie rechargeable<br \/>\n\u2022 Points d&#039;alarme r\u00e9glables<br \/>\n\u2022 Entretien facile<br \/>\n\u2022 Design ergonomique<br \/>\n\u2022 Cal Cell int\u00e9gr\u00e9 dans la mallette de transport<\/p>\n<p><strong>T\u00e9l\u00e9chargements\u00a0:<\/strong><br \/>\n<a href=\"https:\/\/equipmentcontrols.com\/wp-content\/uploads\/2022\/09\/LZ-30-Brochure-REV-11-5-2021.pdf\">Brochure GAS-TRAC-LZ-30<\/a><br \/>\n<a href=\"https:\/\/equipmentcontrols.com\/wp-content\/uploads\/2022\/09\/GAS-TRAC-LZ-30-Instruction-Manual.pdf\">GAS-TRAC-LZ-30 Manuel d&#039;instructions<\/a><\/p>","protected":false},"excerpt":{"rendered":"<p>GAS\u2022TRAC\u00ae LZ-30 Hand-Held Laser Remote Gas Leak Detector The GAS\u2022TRAC\u00ae LZ-30 from SENSIT Technologies is a compact methane-specific leak detector that provides fast and accurate readings at distances up to 100 feet. The LZ-30 utilizes TDLAS (tunable diode laser absorption spectroscopy) technology to provide instantaneous and accurate responses to the presence of methane gas. Designed [&hellip;]<\/p>\n","protected":false},"featured_media":835,"template":"","meta":[],"product_brand":[],"product_cat":[24,50],"product_tag":[],"class_list":{"0":"post-836","1":"product","2":"type-product","3":"status-publish","4":"has-post-thumbnail","6":"product_cat-leak-detection","7":"product_cat-sensit","9":"first","10":"instock","11":"shipping-taxable","12":"product-type-simple"},"yoast_head":"<!-- This site is optimized with the Yoast SEO Premium plugin v23.9 (Yoast SEO v27.3) - https:\/\/yoast.com\/product\/yoast-seo-premium-wordpress\/ -->\n<title>SENSIT\u00ae LZ-30 - ECCO<\/title>\n<meta name=\"description\" content=\"The GAS\u2022TRAC\u00ae LZ-30 from SENSIT Technologies is a compact methane-specific leak detector that provides fast and accurate readings at distances up to 100 feet and utilizes TDLAS (tunable diode laser absorption spectroscopy) technology to provide instantaneous and accurate responses to the presence of methane gas.\" \/>\n<meta name=\"robots\" content=\"index, follow, max-snippet:-1, max-image-preview:large, max-video-preview:-1\" \/>\n<link rel=\"canonical\" href=\"https:\/\/equipmentcontrols.com\/fr\/produit\/lz30\/\" \/>\n<meta property=\"og:locale\" content=\"fr_CA\" \/>\n<meta property=\"og:type\" content=\"article\" \/>\n<meta property=\"og:title\" content=\"SENSIT\u00ae LZ-30\" \/>\n<meta property=\"og:description\" content=\"The GAS\u2022TRAC\u00ae LZ-30 from SENSIT Technologies is a compact methane-specific leak detector that provides fast and accurate readings at distances up to 100 feet and utilizes TDLAS (tunable diode laser absorption spectroscopy) technology to provide instantaneous and accurate responses to the presence of methane gas.\" \/>\n<meta property=\"og:url\" content=\"https:\/\/equipmentcontrols.com\/fr\/produit\/lz30\/\" \/>\n<meta property=\"og:site_name\" content=\"ECCO\" \/>\n<meta property=\"article:modified_time\" content=\"2022-09-30T17:23:55+00:00\" \/>\n<meta property=\"og:image\" content=\"https:\/\/equipmentcontrols.com\/wp-content\/uploads\/2020\/04\/SENSIT20GasTrac20LZ-3020Hand-Held20Laser20Remote20Gas20Leak20Detector.jpg\" \/>\n\t<meta property=\"og:image:width\" content=\"860\" \/>\n\t<meta property=\"og:image:height\" content=\"860\" \/>\n\t<meta property=\"og:image:type\" content=\"image\/jpeg\" \/>\n<meta name=\"twitter:card\" content=\"summary_large_image\" \/>\n<meta name=\"twitter:label1\" content=\"Estimation du temps de lecture\" \/>\n\t<meta name=\"twitter:data1\" content=\"1 minute\" \/>\n<script type=\"application\/ld+json\" class=\"yoast-schema-graph\">{\"@context\":\"https:\\\/\\\/schema.org\",\"@graph\":[{\"@type\":\"WebPage\",\"@id\":\"https:\\\/\\\/equipmentcontrols.com\\\/product\\\/lz30\\\/\",\"url\":\"https:\\\/\\\/equipmentcontrols.com\\\/product\\\/lz30\\\/\",\"name\":\"SENSIT\u00ae LZ-30 - ECCO\",\"isPartOf\":{\"@id\":\"https:\\\/\\\/equipmentcontrols.com\\\/#website\"},\"primaryImageOfPage\":{\"@id\":\"https:\\\/\\\/equipmentcontrols.com\\\/product\\\/lz30\\\/#primaryimage\"},\"image\":{\"@id\":\"https:\\\/\\\/equipmentcontrols.com\\\/product\\\/lz30\\\/#primaryimage\"},\"thumbnailUrl\":\"https:\\\/\\\/equipmentcontrols.com\\\/wp-content\\\/uploads\\\/2020\\\/04\\\/SENSIT20GasTrac20LZ-3020Hand-Held20Laser20Remote20Gas20Leak20Detector.jpg\",\"datePublished\":\"2020-04-30T16:50:18+00:00\",\"dateModified\":\"2022-09-30T17:23:55+00:00\",\"description\":\"The GAS\u2022TRAC\u00ae LZ-30 from SENSIT Technologies is a compact methane-specific leak detector that provides fast and accurate readings at distances up to 100 feet and utilizes TDLAS (tunable diode laser absorption spectroscopy) technology to provide instantaneous and accurate responses to the presence of methane gas.\",\"breadcrumb\":{\"@id\":\"https:\\\/\\\/equipmentcontrols.com\\\/product\\\/lz30\\\/#breadcrumb\"},\"inLanguage\":\"fr-CA\",\"potentialAction\":[{\"@type\":\"ReadAction\",\"target\":[\"https:\\\/\\\/equipmentcontrols.com\\\/product\\\/lz30\\\/\"]}]},{\"@type\":\"ImageObject\",\"inLanguage\":\"fr-CA\",\"@id\":\"https:\\\/\\\/equipmentcontrols.com\\\/product\\\/lz30\\\/#primaryimage\",\"url\":\"https:\\\/\\\/equipmentcontrols.com\\\/wp-content\\\/uploads\\\/2020\\\/04\\\/SENSIT20GasTrac20LZ-3020Hand-Held20Laser20Remote20Gas20Leak20Detector.jpg\",\"contentUrl\":\"https:\\\/\\\/equipmentcontrols.com\\\/wp-content\\\/uploads\\\/2020\\\/04\\\/SENSIT20GasTrac20LZ-3020Hand-Held20Laser20Remote20Gas20Leak20Detector.jpg\",\"width\":860,\"height\":860,\"caption\":\"SENSIT20GasTrac20LZ-3020Hand-Held20Laser20Remote20Gas20Leak20Detector.jpg\"},{\"@type\":\"BreadcrumbList\",\"@id\":\"https:\\\/\\\/equipmentcontrols.com\\\/product\\\/lz30\\\/#breadcrumb\",\"itemListElement\":[{\"@type\":\"ListItem\",\"position\":1,\"name\":\"Home\",\"item\":\"https:\\\/\\\/equipmentcontrols.com\\\/\"},{\"@type\":\"ListItem\",\"position\":2,\"name\":\"Shop\",\"item\":\"https:\\\/\\\/equipmentcontrols.com\\\/shop\\\/\"},{\"@type\":\"ListItem\",\"position\":3,\"name\":\"SENSIT\u00ae LZ-30\"}]},{\"@type\":\"WebSite\",\"@id\":\"https:\\\/\\\/equipmentcontrols.com\\\/#website\",\"url\":\"https:\\\/\\\/equipmentcontrols.com\\\/\",\"name\":\"ECCO\",\"description\":\"Equipment Controls Company\",\"potentialAction\":[{\"@type\":\"SearchAction\",\"target\":{\"@type\":\"EntryPoint\",\"urlTemplate\":\"https:\\\/\\\/equipmentcontrols.com\\\/?s={search_term_string}\"},\"query-input\":{\"@type\":\"PropertyValueSpecification\",\"valueRequired\":true,\"valueName\":\"search_term_string\"}}],\"inLanguage\":\"fr-CA\"}]}<\/script>\n<!-- \/ Yoast SEO Premium plugin. -->","yoast_head_json":{"title":"SENSIT\u00ae LZ-30 - ECCO","description":"The GAS\u2022TRAC\u00ae LZ-30 from SENSIT Technologies is a compact methane-specific leak detector that provides fast and accurate readings at distances up to 100 feet and utilizes TDLAS (tunable diode laser absorption spectroscopy) technology to provide instantaneous and accurate responses to the presence of methane gas.","robots":{"index":"index","follow":"follow","max-snippet":"max-snippet:-1","max-image-preview":"max-image-preview:large","max-video-preview":"max-video-preview:-1"},"canonical":"https:\/\/equipmentcontrols.com\/fr\/produit\/lz30\/","og_locale":"fr_CA","og_type":"article","og_title":"SENSIT\u00ae LZ-30","og_description":"The GAS\u2022TRAC\u00ae LZ-30 from SENSIT Technologies is a compact methane-specific leak detector that provides fast and accurate readings at distances up to 100 feet and utilizes TDLAS (tunable diode laser absorption spectroscopy) technology to provide instantaneous and accurate responses to the presence of methane gas.","og_url":"https:\/\/equipmentcontrols.com\/fr\/produit\/lz30\/","og_site_name":"ECCO","article_modified_time":"2022-09-30T17:23:55+00:00","og_image":[{"width":860,"height":860,"url":"https:\/\/equipmentcontrols.com\/wp-content\/uploads\/2020\/04\/SENSIT20GasTrac20LZ-3020Hand-Held20Laser20Remote20Gas20Leak20Detector.jpg","type":"image\/jpeg"}],"twitter_card":"summary_large_image","twitter_misc":{"Estimation du temps de lecture":"1 minute"},"schema":{"@context":"https:\/\/schema.org","@graph":[{"@type":"WebPage","@id":"https:\/\/equipmentcontrols.com\/product\/lz30\/","url":"https:\/\/equipmentcontrols.com\/product\/lz30\/","name":"SENSIT\u00ae LZ-30 - ECCO","isPartOf":{"@id":"https:\/\/equipmentcontrols.com\/#website"},"primaryImageOfPage":{"@id":"https:\/\/equipmentcontrols.com\/product\/lz30\/#primaryimage"},"image":{"@id":"https:\/\/equipmentcontrols.com\/product\/lz30\/#primaryimage"},"thumbnailUrl":"https:\/\/equipmentcontrols.com\/wp-content\/uploads\/2020\/04\/SENSIT20GasTrac20LZ-3020Hand-Held20Laser20Remote20Gas20Leak20Detector.jpg","datePublished":"2020-04-30T16:50:18+00:00","dateModified":"2022-09-30T17:23:55+00:00","description":"The GAS\u2022TRAC\u00ae LZ-30 from SENSIT Technologies is a compact methane-specific leak detector that provides fast and accurate readings at distances up to 100 feet and utilizes TDLAS (tunable diode laser absorption spectroscopy) technology to provide instantaneous and accurate responses to the presence of methane gas.","breadcrumb":{"@id":"https:\/\/equipmentcontrols.com\/product\/lz30\/#breadcrumb"},"inLanguage":"fr-CA","potentialAction":[{"@type":"ReadAction","target":["https:\/\/equipmentcontrols.com\/product\/lz30\/"]}]},{"@type":"ImageObject","inLanguage":"fr-CA","@id":"https:\/\/equipmentcontrols.com\/product\/lz30\/#primaryimage","url":"https:\/\/equipmentcontrols.com\/wp-content\/uploads\/2020\/04\/SENSIT20GasTrac20LZ-3020Hand-Held20Laser20Remote20Gas20Leak20Detector.jpg","contentUrl":"https:\/\/equipmentcontrols.com\/wp-content\/uploads\/2020\/04\/SENSIT20GasTrac20LZ-3020Hand-Held20Laser20Remote20Gas20Leak20Detector.jpg","width":860,"height":860,"caption":"SENSIT20GasTrac20LZ-3020Hand-Held20Laser20Remote20Gas20Leak20Detector.jpg"},{"@type":"BreadcrumbList","@id":"https:\/\/equipmentcontrols.com\/product\/lz30\/#breadcrumb","itemListElement":[{"@type":"ListItem","position":1,"name":"Home","item":"https:\/\/equipmentcontrols.com\/"},{"@type":"ListItem","position":2,"name":"Shop","item":"https:\/\/equipmentcontrols.com\/shop\/"},{"@type":"ListItem","position":3,"name":"SENSIT\u00ae LZ-30"}]},{"@type":"WebSite","@id":"https:\/\/equipmentcontrols.com\/#website","url":"https:\/\/equipmentcontrols.com\/","name":"ECCO","description":"Compagnie de contr\u00f4le d&#039;\u00e9quipement","potentialAction":[{"@type":"SearchAction","target":{"@type":"EntryPoint","urlTemplate":"https:\/\/equipmentcontrols.com\/?s={search_term_string}"},"query-input":{"@type":"PropertyValueSpecification","valueRequired":true,"valueName":"search_term_string"}}],"inLanguage":"fr-CA"}]}},"_links":{"self":[{"href":"https:\/\/equipmentcontrols.com\/fr\/wp-json\/wp\/v2\/product\/836","targetHints":{"allow":["GET"]}}],"collection":[{"href":"https:\/\/equipmentcontrols.com\/fr\/wp-json\/wp\/v2\/product"}],"about":[{"href":"https:\/\/equipmentcontrols.com\/fr\/wp-json\/wp\/v2\/types\/product"}],"wp:featuredmedia":[{"embeddable":true,"href":"https:\/\/equipmentcontrols.com\/fr\/wp-json\/wp\/v2\/media\/835"}],"wp:attachment":[{"href":"https:\/\/equipmentcontrols.com\/fr\/wp-json\/wp\/v2\/media?parent=836"}],"wp:term":[{"taxonomy":"product_brand","embeddable":true,"href":"https:\/\/equipmentcontrols.com\/fr\/wp-json\/wp\/v2\/product_brand?post=836"},{"taxonomy":"product_cat","embeddable":true,"href":"https:\/\/equipmentcontrols.com\/fr\/wp-json\/wp\/v2\/product_cat?post=836"},{"taxonomy":"product_tag","embeddable":true,"href":"https:\/\/equipmentcontrols.com\/fr\/wp-json\/wp\/v2\/product_tag?post=836"}],"curies":[{"name":"wp","href":"https:\/\/api.w.org\/{rel}","templated":true}]}}