{"id":834,"date":"2020-04-30T16:50:17","date_gmt":"2020-04-30T16:50:17","guid":{"rendered":"https:\/\/econtrols.stagemysite.com\/product\/ired\/"},"modified":"2020-04-30T20:50:48","modified_gmt":"2020-04-30T20:50:48","slug":"ired","status":"publish","type":"product","link":"https:\/\/equipmentcontrols.com\/fr\/produit\/ired\/","title":{"rendered":"IRED"},"content":{"rendered":"<p><strong>SENSIT\u00ae IRED<\/strong><br \/>\n<strong>D\u00e9tecteur d&#039;\u00e9thane infrarouge<\/strong><\/p>\n<p>SENSIT\u00ae IRED est un d\u00e9tecteur de gaz \u00e9thane \u00e0 la pointe de la technologie incorporant une utilisation unique et brevet\u00e9e de la spectroscopie d&#039;absorption infrarouge pour d\u00e9terminer la pr\u00e9sence d&#039;\u00e9thane dans un \u00e9chantillon de m\u00e9thane.<\/p>\n<p>Cette technologie peut d\u00e9tecter aussi peu que 250ppb d&#039;\u00e9thane dans un \u00e9chantillon de m\u00e9thane de 50ppm. M\u00eame le plus petit des \u00e9chantillons de gaz peut \u00eatre analys\u00e9 sur le terrain pour d\u00e9terminer si du gaz provenant d&#039;un syst\u00e8me de tuyauterie de gaz naturel est d\u00e9tect\u00e9.<\/p>\n<p><strong>Avantages:<\/strong><br \/>\n\u2022 Sp\u00e9cifique \u00e0 l&#039;\u00e9thane \u2013 IRED filtre les autres gaz.<br \/>\n\u2022 Id\u00e9al pour les lectures de m\u00e9thane \u00e0 faible concentration.<br \/>\n\u2022 Affiche 0-999\u00a0ppb d&#039;\u00e9thane<br \/>\n\u2022 Affiche 1,0 \u00e0 500\u00a0ppm d&#039;\u00e9thane<br \/>\n\u2022 Compatible GPS pour la cartographie des mesures (fonctionnalit\u00e9 en option)<\/p>\n<p>L&#039;\u00e9thane est la principale \u00ab empreinte digitale \u00bb contenue dans le gazoduc et varie g\u00e9n\u00e9ralement de 2 \u00e0 251 TP2T en volume. Le SENSIT IRED est un outil de terrain qui produit des r\u00e9sultats pr\u00e9cis en quelques minutes plut\u00f4t qu&#039;en heures ou en jours si d&#039;autres m\u00e9thodes sont utilis\u00e9es.<\/p>\n<p><strong>Traits:<\/strong><br \/>\n\u2022 Grand \u00e9cran r\u00e9tro\u00e9clair\u00e9<br \/>\n\u2022 Fonctionnement simple \u00e0 3\u00a0boutons<br \/>\n\u2022 Pompe puissante<br \/>\n\u2022 Communication infrarouge<br \/>\n\u2022 Journalisation des mesures<br \/>\n\u2022 Communication Bluetooth<br \/>\n\u2022 Lectures enregistr\u00e9es<br \/>\n\u2022 Batterie rechargeable au lithium-ion<br \/>\n\u2022 Enregistrer les donn\u00e9es d&#039;\u00e9talonnage<br \/>\n\u2022 Compatible Smart-Cal<\/p>\n<p><strong>Caract\u00e9ristiques:<\/strong><br \/>\nType R\u00e9solution Plage Pr\u00e9cision<br \/>\nPPB 1 ppb 250-999 \u00b120%<br \/>\nPPM* 0,1 ppm 1,0-500 ppm \u00b120%<\/p>\n<p>*La taille maximale de l&#039;\u00e9chantillon de m\u00e9thane est de 2 000 ppm (0,21 TP2TV\/V)<\/p>\n<p><strong>T\u00e9l\u00e9chargements\u00a0:<\/strong><br \/>\n<a href=\"https:\/\/equipmentcontrols.com\/wp-content\/uploads\/2020\/04\/sensit-ired-brochure.pdf\">Plaquette Sensit IRED<\/a><br \/>\n<a href=\"https:\/\/equipmentcontrols.com\/wp-content\/uploads\/2020\/04\/SENSIT-IRED-Instruction-Manual.pdf\">Sensit IRED Manuel d&#039;instructions<\/a><\/p>","protected":false},"excerpt":{"rendered":"<p>SENSIT\u00ae IRED Infrared Ethane Detector SENSIT\u00ae IRED is a state-of-the-art ethane gas detector incorporating a unique, patented use of infrared absorption spectroscopy to determine the presence of ethane in a methane sample. This technology can detect as little as 250ppb ethane in a 50ppm methane sample. Even the smallest of gas samples can be analyzed [&hellip;]<\/p>\n","protected":false},"featured_media":833,"template":"","meta":[],"product_brand":[],"product_cat":[24,50],"product_tag":[],"class_list":{"0":"post-834","1":"product","2":"type-product","3":"status-publish","4":"has-post-thumbnail","6":"product_cat-leak-detection","7":"product_cat-sensit","9":"first","10":"instock","11":"shipping-taxable","12":"product-type-simple"},"yoast_head":"<!-- This site is optimized with the Yoast SEO Premium plugin v23.9 (Yoast SEO v27.3) - https:\/\/yoast.com\/product\/yoast-seo-premium-wordpress\/ -->\n<title>IRED - ECCO<\/title>\n<meta name=\"description\" content=\"SENSIT\u00ae IRED is a state-of-the-art ethane gas detector incorporating a unique, patented use of infrared absorption spectroscopy to determine the presence of ethane in a methane sample.This technology can detect as little as 250ppb ethane in a 50ppm methane sample. Even the smallest of gas samples can be analyzed in the field to determine if gas from a natural gas piping system is being detected.\" \/>\n<meta name=\"robots\" content=\"index, follow, max-snippet:-1, max-image-preview:large, max-video-preview:-1\" \/>\n<link rel=\"canonical\" href=\"https:\/\/equipmentcontrols.com\/fr\/produit\/ired\/\" \/>\n<meta property=\"og:locale\" content=\"fr_CA\" \/>\n<meta property=\"og:type\" content=\"article\" \/>\n<meta property=\"og:title\" content=\"IRED\" \/>\n<meta property=\"og:description\" content=\"SENSIT\u00ae IRED is a state-of-the-art ethane gas detector incorporating a unique, patented use of infrared absorption spectroscopy to determine the presence of ethane in a methane sample.This technology can detect as little as 250ppb ethane in a 50ppm methane sample. Even the smallest of gas samples can be analyzed in the field to determine if gas from a natural gas piping system is being detected.\" \/>\n<meta property=\"og:url\" content=\"https:\/\/equipmentcontrols.com\/fr\/produit\/ired\/\" \/>\n<meta property=\"og:site_name\" content=\"ECCO\" \/>\n<meta property=\"article:modified_time\" content=\"2020-04-30T20:50:48+00:00\" \/>\n<meta property=\"og:image\" content=\"https:\/\/equipmentcontrols.com\/wp-content\/uploads\/2020\/04\/SENSIT20IRED20Infrared20Ethane20Detector.jpg\" \/>\n\t<meta property=\"og:image:width\" content=\"860\" \/>\n\t<meta property=\"og:image:height\" content=\"860\" \/>\n\t<meta property=\"og:image:type\" content=\"image\/jpeg\" \/>\n<meta name=\"twitter:card\" content=\"summary_large_image\" \/>\n<meta name=\"twitter:label1\" content=\"Estimation du temps de lecture\" \/>\n\t<meta name=\"twitter:data1\" content=\"1 minute\" \/>\n<script type=\"application\/ld+json\" class=\"yoast-schema-graph\">{\"@context\":\"https:\\\/\\\/schema.org\",\"@graph\":[{\"@type\":\"WebPage\",\"@id\":\"https:\\\/\\\/equipmentcontrols.com\\\/product\\\/ired\\\/\",\"url\":\"https:\\\/\\\/equipmentcontrols.com\\\/product\\\/ired\\\/\",\"name\":\"IRED - ECCO\",\"isPartOf\":{\"@id\":\"https:\\\/\\\/equipmentcontrols.com\\\/#website\"},\"primaryImageOfPage\":{\"@id\":\"https:\\\/\\\/equipmentcontrols.com\\\/product\\\/ired\\\/#primaryimage\"},\"image\":{\"@id\":\"https:\\\/\\\/equipmentcontrols.com\\\/product\\\/ired\\\/#primaryimage\"},\"thumbnailUrl\":\"https:\\\/\\\/equipmentcontrols.com\\\/wp-content\\\/uploads\\\/2020\\\/04\\\/SENSIT20IRED20Infrared20Ethane20Detector.jpg\",\"datePublished\":\"2020-04-30T16:50:17+00:00\",\"dateModified\":\"2020-04-30T20:50:48+00:00\",\"description\":\"SENSIT\u00ae IRED is a state-of-the-art ethane gas detector incorporating a unique, patented use of infrared absorption spectroscopy to determine the presence of ethane in a methane sample.This technology can detect as little as 250ppb ethane in a 50ppm methane sample. Even the smallest of gas samples can be analyzed in the field to determine if gas from a natural gas piping system is being detected.\",\"breadcrumb\":{\"@id\":\"https:\\\/\\\/equipmentcontrols.com\\\/product\\\/ired\\\/#breadcrumb\"},\"inLanguage\":\"fr-CA\",\"potentialAction\":[{\"@type\":\"ReadAction\",\"target\":[\"https:\\\/\\\/equipmentcontrols.com\\\/product\\\/ired\\\/\"]}]},{\"@type\":\"ImageObject\",\"inLanguage\":\"fr-CA\",\"@id\":\"https:\\\/\\\/equipmentcontrols.com\\\/product\\\/ired\\\/#primaryimage\",\"url\":\"https:\\\/\\\/equipmentcontrols.com\\\/wp-content\\\/uploads\\\/2020\\\/04\\\/SENSIT20IRED20Infrared20Ethane20Detector.jpg\",\"contentUrl\":\"https:\\\/\\\/equipmentcontrols.com\\\/wp-content\\\/uploads\\\/2020\\\/04\\\/SENSIT20IRED20Infrared20Ethane20Detector.jpg\",\"width\":860,\"height\":860,\"caption\":\"SENSIT20IRED20Infrared20Ethane20Detector.jpg\"},{\"@type\":\"BreadcrumbList\",\"@id\":\"https:\\\/\\\/equipmentcontrols.com\\\/product\\\/ired\\\/#breadcrumb\",\"itemListElement\":[{\"@type\":\"ListItem\",\"position\":1,\"name\":\"Home\",\"item\":\"https:\\\/\\\/equipmentcontrols.com\\\/\"},{\"@type\":\"ListItem\",\"position\":2,\"name\":\"Shop\",\"item\":\"https:\\\/\\\/equipmentcontrols.com\\\/shop\\\/\"},{\"@type\":\"ListItem\",\"position\":3,\"name\":\"IRED\"}]},{\"@type\":\"WebSite\",\"@id\":\"https:\\\/\\\/equipmentcontrols.com\\\/#website\",\"url\":\"https:\\\/\\\/equipmentcontrols.com\\\/\",\"name\":\"ECCO\",\"description\":\"Equipment Controls Company\",\"potentialAction\":[{\"@type\":\"SearchAction\",\"target\":{\"@type\":\"EntryPoint\",\"urlTemplate\":\"https:\\\/\\\/equipmentcontrols.com\\\/?s={search_term_string}\"},\"query-input\":{\"@type\":\"PropertyValueSpecification\",\"valueRequired\":true,\"valueName\":\"search_term_string\"}}],\"inLanguage\":\"fr-CA\"}]}<\/script>\n<!-- \/ Yoast SEO Premium plugin. -->","yoast_head_json":{"title":"IRED - ECCO","description":"SENSIT\u00ae IRED is a state-of-the-art ethane gas detector incorporating a unique, patented use of infrared absorption spectroscopy to determine the presence of ethane in a methane sample.This technology can detect as little as 250ppb ethane in a 50ppm methane sample. Even the smallest of gas samples can be analyzed in the field to determine if gas from a natural gas piping system is being detected.","robots":{"index":"index","follow":"follow","max-snippet":"max-snippet:-1","max-image-preview":"max-image-preview:large","max-video-preview":"max-video-preview:-1"},"canonical":"https:\/\/equipmentcontrols.com\/fr\/produit\/ired\/","og_locale":"fr_CA","og_type":"article","og_title":"IRED","og_description":"SENSIT\u00ae IRED is a state-of-the-art ethane gas detector incorporating a unique, patented use of infrared absorption spectroscopy to determine the presence of ethane in a methane sample.This technology can detect as little as 250ppb ethane in a 50ppm methane sample. Even the smallest of gas samples can be analyzed in the field to determine if gas from a natural gas piping system is being detected.","og_url":"https:\/\/equipmentcontrols.com\/fr\/produit\/ired\/","og_site_name":"ECCO","article_modified_time":"2020-04-30T20:50:48+00:00","og_image":[{"width":860,"height":860,"url":"https:\/\/equipmentcontrols.com\/wp-content\/uploads\/2020\/04\/SENSIT20IRED20Infrared20Ethane20Detector.jpg","type":"image\/jpeg"}],"twitter_card":"summary_large_image","twitter_misc":{"Estimation du temps de lecture":"1 minute"},"schema":{"@context":"https:\/\/schema.org","@graph":[{"@type":"WebPage","@id":"https:\/\/equipmentcontrols.com\/product\/ired\/","url":"https:\/\/equipmentcontrols.com\/product\/ired\/","name":"IRED - ECCO","isPartOf":{"@id":"https:\/\/equipmentcontrols.com\/#website"},"primaryImageOfPage":{"@id":"https:\/\/equipmentcontrols.com\/product\/ired\/#primaryimage"},"image":{"@id":"https:\/\/equipmentcontrols.com\/product\/ired\/#primaryimage"},"thumbnailUrl":"https:\/\/equipmentcontrols.com\/wp-content\/uploads\/2020\/04\/SENSIT20IRED20Infrared20Ethane20Detector.jpg","datePublished":"2020-04-30T16:50:17+00:00","dateModified":"2020-04-30T20:50:48+00:00","description":"SENSIT\u00ae IRED is a state-of-the-art ethane gas detector incorporating a unique, patented use of infrared absorption spectroscopy to determine the presence of ethane in a methane sample.This technology can detect as little as 250ppb ethane in a 50ppm methane sample. Even the smallest of gas samples can be analyzed in the field to determine if gas from a natural gas piping system is being detected.","breadcrumb":{"@id":"https:\/\/equipmentcontrols.com\/product\/ired\/#breadcrumb"},"inLanguage":"fr-CA","potentialAction":[{"@type":"ReadAction","target":["https:\/\/equipmentcontrols.com\/product\/ired\/"]}]},{"@type":"ImageObject","inLanguage":"fr-CA","@id":"https:\/\/equipmentcontrols.com\/product\/ired\/#primaryimage","url":"https:\/\/equipmentcontrols.com\/wp-content\/uploads\/2020\/04\/SENSIT20IRED20Infrared20Ethane20Detector.jpg","contentUrl":"https:\/\/equipmentcontrols.com\/wp-content\/uploads\/2020\/04\/SENSIT20IRED20Infrared20Ethane20Detector.jpg","width":860,"height":860,"caption":"SENSIT20IRED20Infrared20Ethane20Detector.jpg"},{"@type":"BreadcrumbList","@id":"https:\/\/equipmentcontrols.com\/product\/ired\/#breadcrumb","itemListElement":[{"@type":"ListItem","position":1,"name":"Home","item":"https:\/\/equipmentcontrols.com\/"},{"@type":"ListItem","position":2,"name":"Shop","item":"https:\/\/equipmentcontrols.com\/shop\/"},{"@type":"ListItem","position":3,"name":"IRED"}]},{"@type":"WebSite","@id":"https:\/\/equipmentcontrols.com\/#website","url":"https:\/\/equipmentcontrols.com\/","name":"ECCO","description":"Compagnie de contr\u00f4le d&#039;\u00e9quipement","potentialAction":[{"@type":"SearchAction","target":{"@type":"EntryPoint","urlTemplate":"https:\/\/equipmentcontrols.com\/?s={search_term_string}"},"query-input":{"@type":"PropertyValueSpecification","valueRequired":true,"valueName":"search_term_string"}}],"inLanguage":"fr-CA"}]}},"_links":{"self":[{"href":"https:\/\/equipmentcontrols.com\/fr\/wp-json\/wp\/v2\/product\/834","targetHints":{"allow":["GET"]}}],"collection":[{"href":"https:\/\/equipmentcontrols.com\/fr\/wp-json\/wp\/v2\/product"}],"about":[{"href":"https:\/\/equipmentcontrols.com\/fr\/wp-json\/wp\/v2\/types\/product"}],"wp:featuredmedia":[{"embeddable":true,"href":"https:\/\/equipmentcontrols.com\/fr\/wp-json\/wp\/v2\/media\/833"}],"wp:attachment":[{"href":"https:\/\/equipmentcontrols.com\/fr\/wp-json\/wp\/v2\/media?parent=834"}],"wp:term":[{"taxonomy":"product_brand","embeddable":true,"href":"https:\/\/equipmentcontrols.com\/fr\/wp-json\/wp\/v2\/product_brand?post=834"},{"taxonomy":"product_cat","embeddable":true,"href":"https:\/\/equipmentcontrols.com\/fr\/wp-json\/wp\/v2\/product_cat?post=834"},{"taxonomy":"product_tag","embeddable":true,"href":"https:\/\/equipmentcontrols.com\/fr\/wp-json\/wp\/v2\/product_tag?post=834"}],"curies":[{"name":"wp","href":"https:\/\/api.w.org\/{rel}","templated":true}]}}