{"id":832,"date":"2020-04-30T16:50:17","date_gmt":"2020-04-30T16:50:17","guid":{"rendered":"https:\/\/econtrols.stagemysite.com\/product\/vmd\/"},"modified":"2020-04-30T20:46:08","modified_gmt":"2020-04-30T20:46:08","slug":"vmd","status":"publish","type":"product","link":"https:\/\/equipmentcontrols.com\/fr\/produit\/vmd\/","title":{"rendered":"VMD"},"content":{"rendered":"<p><strong>SENSIT\u00ae VMD<\/strong><br \/>\n<strong>D\u00e9tecteur de m\u00e9thane pour v\u00e9hicule<\/strong><\/p>\n<p>SENSIT\u00ae VMD est un instrument d&#039;enqu\u00eate mont\u00e9 sur v\u00e9hicule utilis\u00e9 pour d\u00e9tecter les fuites de gaz naturel le long des conduites souterraines.<\/p>\n<p>SENSIT VMD augmente l&#039;efficacit\u00e9 et la pr\u00e9cision des enqu\u00eates mobiles sur les fuites de m\u00e9thane, en utilisant la derni\u00e8re technologie de spectroscopie d&#039;absorption infrarouge \u00e0 trajet ouvert.<\/p>\n<p><strong>Afficheurs SENSIT\u00ae VMD\u00a0:<\/strong><br \/>\n\u2022 Concentrations de gaz<br \/>\n\u2022 \u00c9tat du syst\u00e8me<br \/>\n\u2022 Localisation GPS<br \/>\n\u2022 Alarmes de d\u00e9tection<\/p>\n<p><strong>VMD enregistre les informations sur les fuites de gaz et cartographie les coordonn\u00e9es GPS.<\/strong><\/p>\n<p><strong>Traits:<\/strong><br \/>\n\u2022 S\u00e9lectif au m\u00e9thane<br \/>\n\u2022 Interface utilisateur simple<br \/>\n\u2022 Temps de r\u00e9ponse instantan\u00e9<br \/>\n\u2022 Ordinateur tablette \u00e9tanche<br \/>\n\u2022 Transmission de donn\u00e9es via Bluetooth<br \/>\n\u2022 S&#039;int\u00e8gre au vide PMD<br \/>\n\u2022 Alarmes r\u00e9glables<br \/>\n\u2022 Aucun c\u00e2ble \u00e0 travers le pare-feu du v\u00e9hicule<br \/>\n\u2022 Co\u00fbt de possession le plus bas<\/p>\n<p><strong>Caract\u00e9ristiques:<\/strong><br \/>\nType R\u00e9solution Plage Pr\u00e9cision<br \/>\nPPM* 0,1 ppm 1,0-1 000 ppm\/m\u00e8tre \u00b110% 2 ppm\/m\u00e8tre<br \/>\n*Mesures effectu\u00e9es \u00e0 25 mph<\/p>\n<p><strong>T\u00e9l\u00e9chargements\u00a0:<\/strong><br \/>\n<a href=\"https:\/\/equipmentcontrols.com\/wp-content\/uploads\/2020\/04\/sensit_vmd_brochure.pdf\">Brochure Sensit VMD<\/a><br \/>\n<a href=\"https:\/\/equipmentcontrols.com\/wp-content\/uploads\/2020\/04\/SENSIT-VMD-Instruction-Manual.pdf\">Manuel d&#039;instructions Sensit-VMD<\/a><\/p>","protected":false},"excerpt":{"rendered":"<p>SENSIT\u00ae VMD Vehicle Methane Detector SENSIT\u00ae VMD is a vehicle mounted survey instrument used to detect natural gas leaks along underground pipelines. SENSIT VMD increases the efficiency and accuracy of mobile methane leak surveys, using the latest in open path infrared absorption spectroscopy. SENSIT\u00ae VMD Displays: \u2022 Gas Concentrations \u2022 System Status \u2022 GPS Location [&hellip;]<\/p>\n","protected":false},"featured_media":831,"template":"","meta":[],"product_brand":[],"product_cat":[24,50],"product_tag":[],"class_list":{"0":"post-832","1":"product","2":"type-product","3":"status-publish","4":"has-post-thumbnail","6":"product_cat-leak-detection","7":"product_cat-sensit","9":"first","10":"instock","11":"shipping-taxable","12":"product-type-simple"},"yoast_head":"<!-- This site is optimized with the Yoast SEO Premium plugin v23.9 (Yoast SEO v27.3) - https:\/\/yoast.com\/product\/yoast-seo-premium-wordpress\/ -->\n<title>VMD - ECCO<\/title>\n<meta name=\"description\" content=\"SENSIT\u00ae VMD (Vehicle Methane Detector) is a vehicle mounted survey instrument used to detect natural gas leaks along underground pipelines.SENSIT VMD increases the efficiency and accuracy of mobile methane leak surveys, using the latest in open path infrared absorption spectroscopy.\" \/>\n<meta name=\"robots\" content=\"index, follow, max-snippet:-1, max-image-preview:large, max-video-preview:-1\" \/>\n<link rel=\"canonical\" href=\"https:\/\/equipmentcontrols.com\/fr\/produit\/vmd\/\" \/>\n<meta property=\"og:locale\" content=\"fr_CA\" \/>\n<meta property=\"og:type\" content=\"article\" \/>\n<meta property=\"og:title\" content=\"VMD\" \/>\n<meta property=\"og:description\" content=\"SENSIT\u00ae VMD (Vehicle Methane Detector) is a vehicle mounted survey instrument used to detect natural gas leaks along underground pipelines.SENSIT VMD increases the efficiency and accuracy of mobile methane leak surveys, using the latest in open path infrared absorption spectroscopy.\" \/>\n<meta property=\"og:url\" content=\"https:\/\/equipmentcontrols.com\/fr\/produit\/vmd\/\" \/>\n<meta property=\"og:site_name\" content=\"ECCO\" \/>\n<meta property=\"article:modified_time\" content=\"2020-04-30T20:46:08+00:00\" \/>\n<meta property=\"og:image\" content=\"https:\/\/equipmentcontrols.com\/wp-content\/uploads\/2020\/04\/SENSIT20VMD20Vehicle20Methane20Detector.jpg\" \/>\n\t<meta property=\"og:image:width\" content=\"860\" \/>\n\t<meta property=\"og:image:height\" content=\"860\" \/>\n\t<meta property=\"og:image:type\" content=\"image\/jpeg\" \/>\n<meta name=\"twitter:card\" content=\"summary_large_image\" \/>\n<meta name=\"twitter:label1\" content=\"Estimation du temps de lecture\" \/>\n\t<meta name=\"twitter:data1\" content=\"1 minute\" \/>\n<script type=\"application\/ld+json\" class=\"yoast-schema-graph\">{\"@context\":\"https:\\\/\\\/schema.org\",\"@graph\":[{\"@type\":\"WebPage\",\"@id\":\"https:\\\/\\\/equipmentcontrols.com\\\/product\\\/vmd\\\/\",\"url\":\"https:\\\/\\\/equipmentcontrols.com\\\/product\\\/vmd\\\/\",\"name\":\"VMD - ECCO\",\"isPartOf\":{\"@id\":\"https:\\\/\\\/equipmentcontrols.com\\\/#website\"},\"primaryImageOfPage\":{\"@id\":\"https:\\\/\\\/equipmentcontrols.com\\\/product\\\/vmd\\\/#primaryimage\"},\"image\":{\"@id\":\"https:\\\/\\\/equipmentcontrols.com\\\/product\\\/vmd\\\/#primaryimage\"},\"thumbnailUrl\":\"https:\\\/\\\/equipmentcontrols.com\\\/wp-content\\\/uploads\\\/2020\\\/04\\\/SENSIT20VMD20Vehicle20Methane20Detector.jpg\",\"datePublished\":\"2020-04-30T16:50:17+00:00\",\"dateModified\":\"2020-04-30T20:46:08+00:00\",\"description\":\"SENSIT\u00ae VMD (Vehicle Methane Detector) is a vehicle mounted survey instrument used to detect natural gas leaks along underground pipelines.SENSIT VMD increases the efficiency and accuracy of mobile methane leak surveys, using the latest in open path infrared absorption spectroscopy.\",\"breadcrumb\":{\"@id\":\"https:\\\/\\\/equipmentcontrols.com\\\/product\\\/vmd\\\/#breadcrumb\"},\"inLanguage\":\"fr-CA\",\"potentialAction\":[{\"@type\":\"ReadAction\",\"target\":[\"https:\\\/\\\/equipmentcontrols.com\\\/product\\\/vmd\\\/\"]}]},{\"@type\":\"ImageObject\",\"inLanguage\":\"fr-CA\",\"@id\":\"https:\\\/\\\/equipmentcontrols.com\\\/product\\\/vmd\\\/#primaryimage\",\"url\":\"https:\\\/\\\/equipmentcontrols.com\\\/wp-content\\\/uploads\\\/2020\\\/04\\\/SENSIT20VMD20Vehicle20Methane20Detector.jpg\",\"contentUrl\":\"https:\\\/\\\/equipmentcontrols.com\\\/wp-content\\\/uploads\\\/2020\\\/04\\\/SENSIT20VMD20Vehicle20Methane20Detector.jpg\",\"width\":860,\"height\":860,\"caption\":\"SENSIT20VMD20Vehicle20Methane20Detector.jpg\"},{\"@type\":\"BreadcrumbList\",\"@id\":\"https:\\\/\\\/equipmentcontrols.com\\\/product\\\/vmd\\\/#breadcrumb\",\"itemListElement\":[{\"@type\":\"ListItem\",\"position\":1,\"name\":\"Home\",\"item\":\"https:\\\/\\\/equipmentcontrols.com\\\/\"},{\"@type\":\"ListItem\",\"position\":2,\"name\":\"Shop\",\"item\":\"https:\\\/\\\/equipmentcontrols.com\\\/shop\\\/\"},{\"@type\":\"ListItem\",\"position\":3,\"name\":\"VMD\"}]},{\"@type\":\"WebSite\",\"@id\":\"https:\\\/\\\/equipmentcontrols.com\\\/#website\",\"url\":\"https:\\\/\\\/equipmentcontrols.com\\\/\",\"name\":\"ECCO\",\"description\":\"Equipment Controls Company\",\"potentialAction\":[{\"@type\":\"SearchAction\",\"target\":{\"@type\":\"EntryPoint\",\"urlTemplate\":\"https:\\\/\\\/equipmentcontrols.com\\\/?s={search_term_string}\"},\"query-input\":{\"@type\":\"PropertyValueSpecification\",\"valueRequired\":true,\"valueName\":\"search_term_string\"}}],\"inLanguage\":\"fr-CA\"}]}<\/script>\n<!-- \/ Yoast SEO Premium plugin. -->","yoast_head_json":{"title":"VMD - ECCO","description":"SENSIT\u00ae VMD (Vehicle Methane Detector) is a vehicle mounted survey instrument used to detect natural gas leaks along underground pipelines.SENSIT VMD increases the efficiency and accuracy of mobile methane leak surveys, using the latest in open path infrared absorption spectroscopy.","robots":{"index":"index","follow":"follow","max-snippet":"max-snippet:-1","max-image-preview":"max-image-preview:large","max-video-preview":"max-video-preview:-1"},"canonical":"https:\/\/equipmentcontrols.com\/fr\/produit\/vmd\/","og_locale":"fr_CA","og_type":"article","og_title":"VMD","og_description":"SENSIT\u00ae VMD (Vehicle Methane Detector) is a vehicle mounted survey instrument used to detect natural gas leaks along underground pipelines.SENSIT VMD increases the efficiency and accuracy of mobile methane leak surveys, using the latest in open path infrared absorption spectroscopy.","og_url":"https:\/\/equipmentcontrols.com\/fr\/produit\/vmd\/","og_site_name":"ECCO","article_modified_time":"2020-04-30T20:46:08+00:00","og_image":[{"width":860,"height":860,"url":"https:\/\/equipmentcontrols.com\/wp-content\/uploads\/2020\/04\/SENSIT20VMD20Vehicle20Methane20Detector.jpg","type":"image\/jpeg"}],"twitter_card":"summary_large_image","twitter_misc":{"Estimation du temps de lecture":"1 minute"},"schema":{"@context":"https:\/\/schema.org","@graph":[{"@type":"WebPage","@id":"https:\/\/equipmentcontrols.com\/product\/vmd\/","url":"https:\/\/equipmentcontrols.com\/product\/vmd\/","name":"VMD - ECCO","isPartOf":{"@id":"https:\/\/equipmentcontrols.com\/#website"},"primaryImageOfPage":{"@id":"https:\/\/equipmentcontrols.com\/product\/vmd\/#primaryimage"},"image":{"@id":"https:\/\/equipmentcontrols.com\/product\/vmd\/#primaryimage"},"thumbnailUrl":"https:\/\/equipmentcontrols.com\/wp-content\/uploads\/2020\/04\/SENSIT20VMD20Vehicle20Methane20Detector.jpg","datePublished":"2020-04-30T16:50:17+00:00","dateModified":"2020-04-30T20:46:08+00:00","description":"SENSIT\u00ae VMD (Vehicle Methane Detector) is a vehicle mounted survey instrument used to detect natural gas leaks along underground pipelines.SENSIT VMD increases the efficiency and accuracy of mobile methane leak surveys, using the latest in open path infrared absorption spectroscopy.","breadcrumb":{"@id":"https:\/\/equipmentcontrols.com\/product\/vmd\/#breadcrumb"},"inLanguage":"fr-CA","potentialAction":[{"@type":"ReadAction","target":["https:\/\/equipmentcontrols.com\/product\/vmd\/"]}]},{"@type":"ImageObject","inLanguage":"fr-CA","@id":"https:\/\/equipmentcontrols.com\/product\/vmd\/#primaryimage","url":"https:\/\/equipmentcontrols.com\/wp-content\/uploads\/2020\/04\/SENSIT20VMD20Vehicle20Methane20Detector.jpg","contentUrl":"https:\/\/equipmentcontrols.com\/wp-content\/uploads\/2020\/04\/SENSIT20VMD20Vehicle20Methane20Detector.jpg","width":860,"height":860,"caption":"SENSIT20VMD20Vehicle20Methane20Detector.jpg"},{"@type":"BreadcrumbList","@id":"https:\/\/equipmentcontrols.com\/product\/vmd\/#breadcrumb","itemListElement":[{"@type":"ListItem","position":1,"name":"Home","item":"https:\/\/equipmentcontrols.com\/"},{"@type":"ListItem","position":2,"name":"Shop","item":"https:\/\/equipmentcontrols.com\/shop\/"},{"@type":"ListItem","position":3,"name":"VMD"}]},{"@type":"WebSite","@id":"https:\/\/equipmentcontrols.com\/#website","url":"https:\/\/equipmentcontrols.com\/","name":"ECCO","description":"Compagnie de contr\u00f4le d&#039;\u00e9quipement","potentialAction":[{"@type":"SearchAction","target":{"@type":"EntryPoint","urlTemplate":"https:\/\/equipmentcontrols.com\/?s={search_term_string}"},"query-input":{"@type":"PropertyValueSpecification","valueRequired":true,"valueName":"search_term_string"}}],"inLanguage":"fr-CA"}]}},"_links":{"self":[{"href":"https:\/\/equipmentcontrols.com\/fr\/wp-json\/wp\/v2\/product\/832","targetHints":{"allow":["GET"]}}],"collection":[{"href":"https:\/\/equipmentcontrols.com\/fr\/wp-json\/wp\/v2\/product"}],"about":[{"href":"https:\/\/equipmentcontrols.com\/fr\/wp-json\/wp\/v2\/types\/product"}],"wp:featuredmedia":[{"embeddable":true,"href":"https:\/\/equipmentcontrols.com\/fr\/wp-json\/wp\/v2\/media\/831"}],"wp:attachment":[{"href":"https:\/\/equipmentcontrols.com\/fr\/wp-json\/wp\/v2\/media?parent=832"}],"wp:term":[{"taxonomy":"product_brand","embeddable":true,"href":"https:\/\/equipmentcontrols.com\/fr\/wp-json\/wp\/v2\/product_brand?post=832"},{"taxonomy":"product_cat","embeddable":true,"href":"https:\/\/equipmentcontrols.com\/fr\/wp-json\/wp\/v2\/product_cat?post=832"},{"taxonomy":"product_tag","embeddable":true,"href":"https:\/\/equipmentcontrols.com\/fr\/wp-json\/wp\/v2\/product_tag?post=832"}],"curies":[{"name":"wp","href":"https:\/\/api.w.org\/{rel}","templated":true}]}}