{"id":830,"date":"2020-04-30T16:50:16","date_gmt":"2020-04-30T16:50:16","guid":{"rendered":"https:\/\/econtrols.stagemysite.com\/product\/pmd\/"},"modified":"2020-04-30T20:57:35","modified_gmt":"2020-04-30T20:57:35","slug":"pmd","status":"publish","type":"product","link":"https:\/\/equipmentcontrols.com\/fr\/produit\/pmd\/","title":{"rendered":"PMD"},"content":{"rendered":"<p><strong>SENSIT\u00ae PMD<\/strong><br \/>\n<strong>D\u00e9tecteur de m\u00e9thane portable<\/strong><\/p>\n<p>SENSIT\u00ae PMD est un petit instrument l\u00e9ger fonctionnant sur batterie utilis\u00e9 pour surveiller, localiser et classer les fuites de gaz naturel o\u00f9 qu&#039;elles se produisent.<\/p>\n<p>SENSIT\u00ae PMD permet aux utilisateurs d&#039;effectuer des \u00e9tudes de fuites de gaz m\u00e9thane rapidement, avec pr\u00e9cision et au moindre co\u00fbt d&#039;exploitation, en utilisant la derni\u00e8re technologie de spectroscopie infrarouge filtr\u00e9e.<\/p>\n<p><strong>Avantages:<\/strong><br \/>\n\u2022 S\u00e9lectif au m\u00e9thane. PMD filtre les autres gaz dans la gamme PPM.<br \/>\n\u2022 La pompe puissante permet une d\u00e9tection rapide du m\u00e9thane.<br \/>\n\u2022 Haute sensibilit\u00e9 de 1 PPM d\u00e9tecte les fuites de m\u00e9thane plus rapidement.<br \/>\n\u2022 Plage de d\u00e9tection de volume 0-100% pour une classification plus rapide des fuites de gaz naturel.<br \/>\n\u2022 La marche ou la conduite d&#039;un v\u00e9hicule permet une plus grande souplesse d&#039;enqu\u00eate aupr\u00e8s des utilisateurs.<br \/>\n\u2022 Con\u00e7u pour \u00eatre \u00e0 s\u00e9curit\u00e9 intrins\u00e8que. PMD peut \u00eatre utilis\u00e9 \u00e0 l&#039;int\u00e9rieur ou \u00e0 l&#039;ext\u00e9rieur.<br \/>\n\u2022 Conformit\u00e9 d&#039;\u00e9talonnage simple \u00e0 l&#039;aide de Smart-Cal.<br \/>\n\u2022 Compatible GPS pour la cartographie des mesures (fonctionnalit\u00e9 en option)<\/p>\n<p><strong>Traits:<\/strong><br \/>\n\u2022 Grand \u00e9cran r\u00e9tro\u00e9clair\u00e9<br \/>\n\u2022 Fonctionnement simple \u00e0 3\u00a0boutons<br \/>\n\u2022 Pompe puissante<br \/>\n\u2022 Communication infrarouge<br \/>\n\u2022 Enregistrement de donn\u00e9es avec capture d&#039;\u00e9v\u00e9nement<br \/>\n\u2022 D\u00e9tection de fuite de type tique<br \/>\n\u2022 Alarmes r\u00e9glables<br \/>\n\u2022 Batterie rechargeable au lithium-ion<br \/>\n\u2022 Test de trou de barre<br \/>\n\u2022 Compatible Smart-Cal<\/p>\n<p><strong>Caract\u00e9ristiques:<\/strong><br \/>\n\u2022 Type R\u00e9solution Plage Pr\u00e9cision<br \/>\n\u2022 LIE 0,1% 0-100% LIE \u00b110%<br \/>\n\u2022 PPM* 1 ppm 0-5 000 ppm \u00b110%<br \/>\n\u2022 % Vol 0,1% 5-100% \u00b110%<\/p>\n<p>*PPM en option<\/p>\n<p><strong>T\u00e9l\u00e9chargements\u00a0:<\/strong><br \/>\n<a href=\"https:\/\/equipmentcontrols.com\/wp-content\/uploads\/2020\/04\/Sensit-PMD-Brochure.pdf\">Brochure Sensit PMD<\/a><br \/>\n<a href=\"https:\/\/equipmentcontrols.com\/wp-content\/uploads\/2020\/04\/SENSIT-PMD-Instruction-Manual.pdf\">Manuel d&#039;instructions Sensit PMD<\/a><\/p>","protected":false},"excerpt":{"rendered":"<p>SENSIT\u00ae PMD Portable Methane Detector SENSIT\u00ae PMD is a small, lightweight, battery operated instrument used to survey, pinpoint and grade natural gas leaks wherever they occur and is among the best performing and lowest cost optical instruments that can be used for both walking and vehicle applications. SENSIT\u00ae PMD allows users to perform methane gas [&hellip;]<\/p>\n","protected":false},"featured_media":829,"template":"","meta":[],"product_brand":[],"product_cat":[24,50],"product_tag":[],"class_list":{"0":"post-830","1":"product","2":"type-product","3":"status-publish","4":"has-post-thumbnail","6":"product_cat-leak-detection","7":"product_cat-sensit","9":"first","10":"instock","11":"shipping-taxable","12":"product-type-simple"},"yoast_head":"<!-- This site is optimized with the Yoast SEO Premium plugin v23.9 (Yoast SEO v27.3) - https:\/\/yoast.com\/product\/yoast-seo-premium-wordpress\/ -->\n<title>PMD - ECCO<\/title>\n<meta name=\"description\" content=\"SENSIT\u00ae PMD is a small, lightweight, battery operated instrument used to survey, pinpoint and grade natural gas leaks wherever they occur and is among the best performing and lowest cost optical instruments that can be used for both walking and vehicle applications.SENSIT\u00ae PMD allows users to perform methane gas leak surveys fast, accurately and at the lowest cost of operation, using the latest filtered infrared spectroscopy technology.\" \/>\n<meta name=\"robots\" content=\"index, follow, max-snippet:-1, max-image-preview:large, max-video-preview:-1\" \/>\n<link rel=\"canonical\" href=\"https:\/\/equipmentcontrols.com\/fr\/produit\/pmd\/\" \/>\n<meta property=\"og:locale\" content=\"fr_CA\" \/>\n<meta property=\"og:type\" content=\"article\" \/>\n<meta property=\"og:title\" content=\"PMD\" \/>\n<meta property=\"og:description\" content=\"SENSIT\u00ae PMD is a small, lightweight, battery operated instrument used to survey, pinpoint and grade natural gas leaks wherever they occur and is among the best performing and lowest cost optical instruments that can be used for both walking and vehicle applications.SENSIT\u00ae PMD allows users to perform methane gas leak surveys fast, accurately and at the lowest cost of operation, using the latest filtered infrared spectroscopy technology.\" \/>\n<meta property=\"og:url\" content=\"https:\/\/equipmentcontrols.com\/fr\/produit\/pmd\/\" \/>\n<meta property=\"og:site_name\" content=\"ECCO\" \/>\n<meta property=\"article:modified_time\" content=\"2020-04-30T20:57:35+00:00\" \/>\n<meta property=\"og:image\" content=\"https:\/\/equipmentcontrols.com\/wp-content\/uploads\/2020\/04\/SENSIT20PMD20Portable20Methane20Detector.jpg\" \/>\n\t<meta property=\"og:image:width\" content=\"860\" \/>\n\t<meta property=\"og:image:height\" content=\"860\" \/>\n\t<meta property=\"og:image:type\" content=\"image\/jpeg\" \/>\n<meta name=\"twitter:card\" content=\"summary_large_image\" \/>\n<meta name=\"twitter:label1\" content=\"Estimation du temps de lecture\" \/>\n\t<meta name=\"twitter:data1\" content=\"1 minute\" \/>\n<script type=\"application\/ld+json\" class=\"yoast-schema-graph\">{\"@context\":\"https:\\\/\\\/schema.org\",\"@graph\":[{\"@type\":\"WebPage\",\"@id\":\"https:\\\/\\\/equipmentcontrols.com\\\/product\\\/pmd\\\/\",\"url\":\"https:\\\/\\\/equipmentcontrols.com\\\/product\\\/pmd\\\/\",\"name\":\"PMD - ECCO\",\"isPartOf\":{\"@id\":\"https:\\\/\\\/equipmentcontrols.com\\\/#website\"},\"primaryImageOfPage\":{\"@id\":\"https:\\\/\\\/equipmentcontrols.com\\\/product\\\/pmd\\\/#primaryimage\"},\"image\":{\"@id\":\"https:\\\/\\\/equipmentcontrols.com\\\/product\\\/pmd\\\/#primaryimage\"},\"thumbnailUrl\":\"https:\\\/\\\/equipmentcontrols.com\\\/wp-content\\\/uploads\\\/2020\\\/04\\\/SENSIT20PMD20Portable20Methane20Detector.jpg\",\"datePublished\":\"2020-04-30T16:50:16+00:00\",\"dateModified\":\"2020-04-30T20:57:35+00:00\",\"description\":\"SENSIT\u00ae PMD is a small, lightweight, battery operated instrument used to survey, pinpoint and grade natural gas leaks wherever they occur and is among the best performing and lowest cost optical instruments that can be used for both walking and vehicle applications.SENSIT\u00ae PMD allows users to perform methane gas leak surveys fast, accurately and at the lowest cost of operation, using the latest filtered infrared spectroscopy technology.\",\"breadcrumb\":{\"@id\":\"https:\\\/\\\/equipmentcontrols.com\\\/product\\\/pmd\\\/#breadcrumb\"},\"inLanguage\":\"fr-CA\",\"potentialAction\":[{\"@type\":\"ReadAction\",\"target\":[\"https:\\\/\\\/equipmentcontrols.com\\\/product\\\/pmd\\\/\"]}]},{\"@type\":\"ImageObject\",\"inLanguage\":\"fr-CA\",\"@id\":\"https:\\\/\\\/equipmentcontrols.com\\\/product\\\/pmd\\\/#primaryimage\",\"url\":\"https:\\\/\\\/equipmentcontrols.com\\\/wp-content\\\/uploads\\\/2020\\\/04\\\/SENSIT20PMD20Portable20Methane20Detector.jpg\",\"contentUrl\":\"https:\\\/\\\/equipmentcontrols.com\\\/wp-content\\\/uploads\\\/2020\\\/04\\\/SENSIT20PMD20Portable20Methane20Detector.jpg\",\"width\":860,\"height\":860,\"caption\":\"SENSIT20PMD20Portable20Methane20Detector.jpg\"},{\"@type\":\"BreadcrumbList\",\"@id\":\"https:\\\/\\\/equipmentcontrols.com\\\/product\\\/pmd\\\/#breadcrumb\",\"itemListElement\":[{\"@type\":\"ListItem\",\"position\":1,\"name\":\"Home\",\"item\":\"https:\\\/\\\/equipmentcontrols.com\\\/\"},{\"@type\":\"ListItem\",\"position\":2,\"name\":\"Shop\",\"item\":\"https:\\\/\\\/equipmentcontrols.com\\\/shop\\\/\"},{\"@type\":\"ListItem\",\"position\":3,\"name\":\"PMD\"}]},{\"@type\":\"WebSite\",\"@id\":\"https:\\\/\\\/equipmentcontrols.com\\\/#website\",\"url\":\"https:\\\/\\\/equipmentcontrols.com\\\/\",\"name\":\"ECCO\",\"description\":\"Equipment Controls Company\",\"potentialAction\":[{\"@type\":\"SearchAction\",\"target\":{\"@type\":\"EntryPoint\",\"urlTemplate\":\"https:\\\/\\\/equipmentcontrols.com\\\/?s={search_term_string}\"},\"query-input\":{\"@type\":\"PropertyValueSpecification\",\"valueRequired\":true,\"valueName\":\"search_term_string\"}}],\"inLanguage\":\"fr-CA\"}]}<\/script>\n<!-- \/ Yoast SEO Premium plugin. -->","yoast_head_json":{"title":"PMD - ECCO","description":"SENSIT\u00ae PMD is a small, lightweight, battery operated instrument used to survey, pinpoint and grade natural gas leaks wherever they occur and is among the best performing and lowest cost optical instruments that can be used for both walking and vehicle applications.SENSIT\u00ae PMD allows users to perform methane gas leak surveys fast, accurately and at the lowest cost of operation, using the latest filtered infrared spectroscopy technology.","robots":{"index":"index","follow":"follow","max-snippet":"max-snippet:-1","max-image-preview":"max-image-preview:large","max-video-preview":"max-video-preview:-1"},"canonical":"https:\/\/equipmentcontrols.com\/fr\/produit\/pmd\/","og_locale":"fr_CA","og_type":"article","og_title":"PMD","og_description":"SENSIT\u00ae PMD is a small, lightweight, battery operated instrument used to survey, pinpoint and grade natural gas leaks wherever they occur and is among the best performing and lowest cost optical instruments that can be used for both walking and vehicle applications.SENSIT\u00ae PMD allows users to perform methane gas leak surveys fast, accurately and at the lowest cost of operation, using the latest filtered infrared spectroscopy technology.","og_url":"https:\/\/equipmentcontrols.com\/fr\/produit\/pmd\/","og_site_name":"ECCO","article_modified_time":"2020-04-30T20:57:35+00:00","og_image":[{"width":860,"height":860,"url":"https:\/\/equipmentcontrols.com\/wp-content\/uploads\/2020\/04\/SENSIT20PMD20Portable20Methane20Detector.jpg","type":"image\/jpeg"}],"twitter_card":"summary_large_image","twitter_misc":{"Estimation du temps de lecture":"1 minute"},"schema":{"@context":"https:\/\/schema.org","@graph":[{"@type":"WebPage","@id":"https:\/\/equipmentcontrols.com\/product\/pmd\/","url":"https:\/\/equipmentcontrols.com\/product\/pmd\/","name":"PMD - ECCO","isPartOf":{"@id":"https:\/\/equipmentcontrols.com\/#website"},"primaryImageOfPage":{"@id":"https:\/\/equipmentcontrols.com\/product\/pmd\/#primaryimage"},"image":{"@id":"https:\/\/equipmentcontrols.com\/product\/pmd\/#primaryimage"},"thumbnailUrl":"https:\/\/equipmentcontrols.com\/wp-content\/uploads\/2020\/04\/SENSIT20PMD20Portable20Methane20Detector.jpg","datePublished":"2020-04-30T16:50:16+00:00","dateModified":"2020-04-30T20:57:35+00:00","description":"SENSIT\u00ae PMD is a small, lightweight, battery operated instrument used to survey, pinpoint and grade natural gas leaks wherever they occur and is among the best performing and lowest cost optical instruments that can be used for both walking and vehicle applications.SENSIT\u00ae PMD allows users to perform methane gas leak surveys fast, accurately and at the lowest cost of operation, using the latest filtered infrared spectroscopy technology.","breadcrumb":{"@id":"https:\/\/equipmentcontrols.com\/product\/pmd\/#breadcrumb"},"inLanguage":"fr-CA","potentialAction":[{"@type":"ReadAction","target":["https:\/\/equipmentcontrols.com\/product\/pmd\/"]}]},{"@type":"ImageObject","inLanguage":"fr-CA","@id":"https:\/\/equipmentcontrols.com\/product\/pmd\/#primaryimage","url":"https:\/\/equipmentcontrols.com\/wp-content\/uploads\/2020\/04\/SENSIT20PMD20Portable20Methane20Detector.jpg","contentUrl":"https:\/\/equipmentcontrols.com\/wp-content\/uploads\/2020\/04\/SENSIT20PMD20Portable20Methane20Detector.jpg","width":860,"height":860,"caption":"SENSIT20PMD20Portable20Methane20Detector.jpg"},{"@type":"BreadcrumbList","@id":"https:\/\/equipmentcontrols.com\/product\/pmd\/#breadcrumb","itemListElement":[{"@type":"ListItem","position":1,"name":"Home","item":"https:\/\/equipmentcontrols.com\/"},{"@type":"ListItem","position":2,"name":"Shop","item":"https:\/\/equipmentcontrols.com\/shop\/"},{"@type":"ListItem","position":3,"name":"PMD"}]},{"@type":"WebSite","@id":"https:\/\/equipmentcontrols.com\/#website","url":"https:\/\/equipmentcontrols.com\/","name":"ECCO","description":"Compagnie de contr\u00f4le d&#039;\u00e9quipement","potentialAction":[{"@type":"SearchAction","target":{"@type":"EntryPoint","urlTemplate":"https:\/\/equipmentcontrols.com\/?s={search_term_string}"},"query-input":{"@type":"PropertyValueSpecification","valueRequired":true,"valueName":"search_term_string"}}],"inLanguage":"fr-CA"}]}},"_links":{"self":[{"href":"https:\/\/equipmentcontrols.com\/fr\/wp-json\/wp\/v2\/product\/830","targetHints":{"allow":["GET"]}}],"collection":[{"href":"https:\/\/equipmentcontrols.com\/fr\/wp-json\/wp\/v2\/product"}],"about":[{"href":"https:\/\/equipmentcontrols.com\/fr\/wp-json\/wp\/v2\/types\/product"}],"wp:featuredmedia":[{"embeddable":true,"href":"https:\/\/equipmentcontrols.com\/fr\/wp-json\/wp\/v2\/media\/829"}],"wp:attachment":[{"href":"https:\/\/equipmentcontrols.com\/fr\/wp-json\/wp\/v2\/media?parent=830"}],"wp:term":[{"taxonomy":"product_brand","embeddable":true,"href":"https:\/\/equipmentcontrols.com\/fr\/wp-json\/wp\/v2\/product_brand?post=830"},{"taxonomy":"product_cat","embeddable":true,"href":"https:\/\/equipmentcontrols.com\/fr\/wp-json\/wp\/v2\/product_cat?post=830"},{"taxonomy":"product_tag","embeddable":true,"href":"https:\/\/equipmentcontrols.com\/fr\/wp-json\/wp\/v2\/product_tag?post=830"}],"curies":[{"name":"wp","href":"https:\/\/api.w.org\/{rel}","templated":true}]}}