{"id":828,"date":"2020-04-30T16:50:16","date_gmt":"2020-04-30T16:50:16","guid":{"rendered":"https:\/\/econtrols.stagemysite.com\/product\/t3a\/"},"modified":"2022-06-21T15:18:15","modified_gmt":"2022-06-21T15:18:15","slug":"t3a","status":"publish","type":"product","link":"https:\/\/equipmentcontrols.com\/fr\/produit\/t3a\/","title":{"rendered":"Sensit Track-It\u00ae IIIa"},"content":{"rendered":"<p><strong>Indicateur de gaz combustible Trak-It\u00ae IIIa<\/strong><\/p>\n<p>TRAK-IT\u00ae IIIa est le TRAK-IT le plus durable et le plus convivial disponible. Le &quot;T3a&quot; peut \u00eatre configur\u00e9 pour des lectures de gaz combustibles en PPM, LIE et\/ou pourcentage de volume ainsi qu&#039;une vari\u00e9t\u00e9 de capteurs toxiques et d&#039;oxyg\u00e8ne. Le TRAK-IT IIIa est id\u00e9al pour le rep\u00e9rage des fuites de gaz et les applications en espace confin\u00e9.<\/p>\n<p><strong>Con\u00e7u pour des conditions de travail extr\u00eames<br \/>\nAffiche jusqu&#039;\u00e0 4 gaz simultan\u00e9ment<\/strong><br \/>\n\u2022 LIE (%Volume et PPM en option)<br \/>\n\u2022 Oxyg\u00e8ne<br \/>\n\u2022 Monoxyde de carbone<br \/>\n\u2022 Sulfure d&#039;hydrog\u00e8ne<\/p>\n<p><strong>Traits:<\/strong><br \/>\n\u2022 Capteurs \u00e0 faible co\u00fbt et longue dur\u00e9e de vie<br \/>\n\u2022 Voyants d&#039;avertissement \u00e0 DEL<br \/>\n\u2022 Grand \u00e9cran graphique lumineux<br \/>\n\u2022 Alarme sonore forte<br \/>\n\u2022 Journal automatique des \u00e9v\u00e9nements 1\u00a0600 en option<br \/>\n\u2022 Protection exceptionnelle contre l&#039;eau<br \/>\n\u2022 Longue dur\u00e9e de vie de la batterie<br \/>\n\u2022 Rentable en tant que moniteur de zone<br \/>\n\u2022 T\u00e9l\u00e9chargement infrarouge<br \/>\n\u2022 \u00c9talonnage int\u00e9gr\u00e9 du gaz naturel et du gaz propane<br \/>\n\u2022 Bo\u00eetier en acier inoxydable<\/p>\n<p><strong>Caract\u00e9ristiques:<\/strong><\/p>\n<table style=\"height: 559px;\" width=\"601\">\n<tbody>\n<tr>\n<td width=\"96\"><strong>TAPER<\/strong><\/td>\n<td width=\"96\"><strong>R\u00c9SOLUTION<\/strong><\/td>\n<td width=\"96\"><strong>INTERVALLE<\/strong><\/td>\n<td width=\"132\"><strong>PR\u00c9CISION<\/strong><\/td>\n<\/tr>\n<tr>\n<td width=\"96\">ppm*<\/td>\n<td width=\"96\">5ppm<\/td>\n<td width=\"96\">0-2 000 ppm<\/td>\n<td width=\"132\">\u00b110%<\/td>\n<\/tr>\n<tr>\n<td width=\"96\">LIE<\/td>\n<td width=\"96\">0.1% jusqu&#039;\u00e0 2%<\/td>\n<td width=\"96\">0-100% LIE<\/td>\n<td width=\"132\">\u00b110%<\/td>\n<\/tr>\n<tr>\n<td width=\"96\">% GAZ NAT<\/td>\n<td width=\"96\">0.1%<\/td>\n<td width=\"96\">5.0-100% GAZ<\/td>\n<td width=\"132\">\u00b15%<\/td>\n<\/tr>\n<tr>\n<td width=\"96\">O2<\/td>\n<td width=\"96\">0.1%<\/td>\n<td width=\"96\">0-25%<\/td>\n<td width=\"132\">\u00b10,2% ou 2%**<\/td>\n<\/tr>\n<tr>\n<td width=\"96\">CO<\/td>\n<td width=\"96\">1ppm<\/td>\n<td width=\"96\">0-2000ppm<\/td>\n<td width=\"132\">\u00b15ppm ou 5%**<\/td>\n<\/tr>\n<tr>\n<td width=\"96\">H25<\/td>\n<td width=\"96\">1ppm<\/td>\n<td width=\"96\">0-100ppm<\/td>\n<td width=\"132\">\u00b12ppm ou 5%**<\/td>\n<\/tr>\n<tr>\n<td width=\"96\">HCN<\/td>\n<td width=\"96\">1ppm<\/td>\n<td width=\"96\">0-30 ppm<\/td>\n<td width=\"132\">\u00b12ppm ou 5%**<\/td>\n<\/tr>\n<tr>\n<td width=\"96\">*PPM en option<\/td>\n<td width=\"96\"><\/td>\n<td width=\"96\"><\/td>\n<td width=\"132\">** Selon la valeur la plus \u00e9lev\u00e9e<\/td>\n<\/tr>\n<\/tbody>\n<\/table>\n<p><strong>T\u00e9l\u00e9chargements\u00a0:<\/strong><br \/>\n<a href=\"https:\/\/equipmentcontrols.com\/wp-content\/uploads\/2020\/05\/Sensit-T3a-Bulletin.pdf\">Brochure Sensit TraK-It IIIa<\/a><\/p>","protected":false},"excerpt":{"rendered":"<p>Trak-It\u00ae IIIa Combustible Gas Indicator TRAK-IT\u00ae IIIa is the most durable and user friendly TRAK-IT available. The \u201cT3a\u201d can be configured for combustible gas readings in PPM, LEL and\/or percent volume as well as a variety of toxic sensors and oxygen. The TRAK-IT IIIa is ideal for gas leak pin pointing and confined space applications. [&hellip;]<\/p>\n","protected":false},"featured_media":2721,"template":"","meta":[],"product_brand":[],"product_cat":[24,50],"product_tag":[],"class_list":{"0":"post-828","1":"product","2":"type-product","3":"status-publish","4":"has-post-thumbnail","6":"product_cat-leak-detection","7":"product_cat-sensit","9":"first","10":"instock","11":"shipping-taxable","12":"product-type-simple"},"yoast_head":"<!-- This site is optimized with the Yoast SEO Premium plugin v23.9 (Yoast SEO v27.3) - https:\/\/yoast.com\/product\/yoast-seo-premium-wordpress\/ -->\n<title>Sensit Track-It\u00ae IIIa - ECCO<\/title>\n<meta name=\"description\" content=\"TRAK-IT \u00ae IIIa combustible gas indicator is the most durable and user friendly TRAK-IT available. The \u201cT3a\u201d can be configured for combustible gas readings in PPM, LEL and\/or percent volume as well as a variety of toxic sensors and oxygen. The TRAK-IT IIIa is ideal for gas leak pin pointing and confined space applications.\" \/>\n<meta name=\"robots\" content=\"index, follow, max-snippet:-1, max-image-preview:large, max-video-preview:-1\" \/>\n<link rel=\"canonical\" href=\"https:\/\/equipmentcontrols.com\/fr\/produit\/t3a\/\" \/>\n<meta property=\"og:locale\" content=\"fr_CA\" \/>\n<meta property=\"og:type\" content=\"article\" \/>\n<meta property=\"og:title\" content=\"Sensit Track-It\u00ae IIIa\" \/>\n<meta property=\"og:description\" content=\"TRAK-IT \u00ae IIIa combustible gas indicator is the most durable and user friendly TRAK-IT available. The \u201cT3a\u201d can be configured for combustible gas readings in PPM, LEL and\/or percent volume as well as a variety of toxic sensors and oxygen. The TRAK-IT IIIa is ideal for gas leak pin pointing and confined space applications.\" \/>\n<meta property=\"og:url\" content=\"https:\/\/equipmentcontrols.com\/fr\/produit\/t3a\/\" \/>\n<meta property=\"og:site_name\" content=\"ECCO\" \/>\n<meta property=\"article:modified_time\" content=\"2022-06-21T15:18:15+00:00\" \/>\n<meta property=\"og:image\" content=\"https:\/\/equipmentcontrols.com\/wp-content\/uploads\/2022\/06\/Sensit-Trak-It-IIIa.jpeg\" \/>\n\t<meta property=\"og:image:width\" content=\"860\" \/>\n\t<meta property=\"og:image:height\" content=\"860\" \/>\n\t<meta property=\"og:image:type\" content=\"image\/jpeg\" \/>\n<meta name=\"twitter:card\" content=\"summary_large_image\" \/>\n<meta name=\"twitter:label1\" content=\"Estimation du temps de lecture\" \/>\n\t<meta name=\"twitter:data1\" content=\"1 minute\" \/>\n<script type=\"application\/ld+json\" class=\"yoast-schema-graph\">{\"@context\":\"https:\\\/\\\/schema.org\",\"@graph\":[{\"@type\":\"WebPage\",\"@id\":\"https:\\\/\\\/equipmentcontrols.com\\\/product\\\/t3a\\\/\",\"url\":\"https:\\\/\\\/equipmentcontrols.com\\\/product\\\/t3a\\\/\",\"name\":\"Sensit Track-It\u00ae IIIa - ECCO\",\"isPartOf\":{\"@id\":\"https:\\\/\\\/equipmentcontrols.com\\\/#website\"},\"primaryImageOfPage\":{\"@id\":\"https:\\\/\\\/equipmentcontrols.com\\\/product\\\/t3a\\\/#primaryimage\"},\"image\":{\"@id\":\"https:\\\/\\\/equipmentcontrols.com\\\/product\\\/t3a\\\/#primaryimage\"},\"thumbnailUrl\":\"https:\\\/\\\/equipmentcontrols.com\\\/wp-content\\\/uploads\\\/2022\\\/06\\\/Sensit-Trak-It-IIIa.jpeg\",\"datePublished\":\"2020-04-30T16:50:16+00:00\",\"dateModified\":\"2022-06-21T15:18:15+00:00\",\"description\":\"TRAK-IT \u00ae IIIa combustible gas indicator is the most durable and user friendly TRAK-IT available. The \u201cT3a\u201d can be configured for combustible gas readings in PPM, LEL and\\\/or percent volume as well as a variety of toxic sensors and oxygen. The TRAK-IT IIIa is ideal for gas leak pin pointing and confined space applications.\",\"breadcrumb\":{\"@id\":\"https:\\\/\\\/equipmentcontrols.com\\\/product\\\/t3a\\\/#breadcrumb\"},\"inLanguage\":\"fr-CA\",\"potentialAction\":[{\"@type\":\"ReadAction\",\"target\":[\"https:\\\/\\\/equipmentcontrols.com\\\/product\\\/t3a\\\/\"]}]},{\"@type\":\"ImageObject\",\"inLanguage\":\"fr-CA\",\"@id\":\"https:\\\/\\\/equipmentcontrols.com\\\/product\\\/t3a\\\/#primaryimage\",\"url\":\"https:\\\/\\\/equipmentcontrols.com\\\/wp-content\\\/uploads\\\/2022\\\/06\\\/Sensit-Trak-It-IIIa.jpeg\",\"contentUrl\":\"https:\\\/\\\/equipmentcontrols.com\\\/wp-content\\\/uploads\\\/2022\\\/06\\\/Sensit-Trak-It-IIIa.jpeg\",\"width\":860,\"height\":860,\"caption\":\"Sensit Trak-It IIIa\"},{\"@type\":\"BreadcrumbList\",\"@id\":\"https:\\\/\\\/equipmentcontrols.com\\\/product\\\/t3a\\\/#breadcrumb\",\"itemListElement\":[{\"@type\":\"ListItem\",\"position\":1,\"name\":\"Home\",\"item\":\"https:\\\/\\\/equipmentcontrols.com\\\/\"},{\"@type\":\"ListItem\",\"position\":2,\"name\":\"Shop\",\"item\":\"https:\\\/\\\/equipmentcontrols.com\\\/shop\\\/\"},{\"@type\":\"ListItem\",\"position\":3,\"name\":\"Sensit Track-It\u00ae IIIa\"}]},{\"@type\":\"WebSite\",\"@id\":\"https:\\\/\\\/equipmentcontrols.com\\\/#website\",\"url\":\"https:\\\/\\\/equipmentcontrols.com\\\/\",\"name\":\"ECCO\",\"description\":\"Equipment Controls Company\",\"potentialAction\":[{\"@type\":\"SearchAction\",\"target\":{\"@type\":\"EntryPoint\",\"urlTemplate\":\"https:\\\/\\\/equipmentcontrols.com\\\/?s={search_term_string}\"},\"query-input\":{\"@type\":\"PropertyValueSpecification\",\"valueRequired\":true,\"valueName\":\"search_term_string\"}}],\"inLanguage\":\"fr-CA\"}]}<\/script>\n<!-- \/ Yoast SEO Premium plugin. -->","yoast_head_json":{"title":"Sensit Track-It\u00ae IIIa - ECCO","description":"TRAK-IT \u00ae IIIa combustible gas indicator is the most durable and user friendly TRAK-IT available. The \u201cT3a\u201d can be configured for combustible gas readings in PPM, LEL and\/or percent volume as well as a variety of toxic sensors and oxygen. The TRAK-IT IIIa is ideal for gas leak pin pointing and confined space applications.","robots":{"index":"index","follow":"follow","max-snippet":"max-snippet:-1","max-image-preview":"max-image-preview:large","max-video-preview":"max-video-preview:-1"},"canonical":"https:\/\/equipmentcontrols.com\/fr\/produit\/t3a\/","og_locale":"fr_CA","og_type":"article","og_title":"Sensit Track-It\u00ae IIIa","og_description":"TRAK-IT \u00ae IIIa combustible gas indicator is the most durable and user friendly TRAK-IT available. The \u201cT3a\u201d can be configured for combustible gas readings in PPM, LEL and\/or percent volume as well as a variety of toxic sensors and oxygen. The TRAK-IT IIIa is ideal for gas leak pin pointing and confined space applications.","og_url":"https:\/\/equipmentcontrols.com\/fr\/produit\/t3a\/","og_site_name":"ECCO","article_modified_time":"2022-06-21T15:18:15+00:00","og_image":[{"width":860,"height":860,"url":"https:\/\/equipmentcontrols.com\/wp-content\/uploads\/2022\/06\/Sensit-Trak-It-IIIa.jpeg","type":"image\/jpeg"}],"twitter_card":"summary_large_image","twitter_misc":{"Estimation du temps de lecture":"1 minute"},"schema":{"@context":"https:\/\/schema.org","@graph":[{"@type":"WebPage","@id":"https:\/\/equipmentcontrols.com\/product\/t3a\/","url":"https:\/\/equipmentcontrols.com\/product\/t3a\/","name":"Sensit Track-It\u00ae IIIa - ECCO","isPartOf":{"@id":"https:\/\/equipmentcontrols.com\/#website"},"primaryImageOfPage":{"@id":"https:\/\/equipmentcontrols.com\/product\/t3a\/#primaryimage"},"image":{"@id":"https:\/\/equipmentcontrols.com\/product\/t3a\/#primaryimage"},"thumbnailUrl":"https:\/\/equipmentcontrols.com\/wp-content\/uploads\/2022\/06\/Sensit-Trak-It-IIIa.jpeg","datePublished":"2020-04-30T16:50:16+00:00","dateModified":"2022-06-21T15:18:15+00:00","description":"TRAK-IT \u00ae IIIa combustible gas indicator is the most durable and user friendly TRAK-IT available. The \u201cT3a\u201d can be configured for combustible gas readings in PPM, LEL and\/or percent volume as well as a variety of toxic sensors and oxygen. The TRAK-IT IIIa is ideal for gas leak pin pointing and confined space applications.","breadcrumb":{"@id":"https:\/\/equipmentcontrols.com\/product\/t3a\/#breadcrumb"},"inLanguage":"fr-CA","potentialAction":[{"@type":"ReadAction","target":["https:\/\/equipmentcontrols.com\/product\/t3a\/"]}]},{"@type":"ImageObject","inLanguage":"fr-CA","@id":"https:\/\/equipmentcontrols.com\/product\/t3a\/#primaryimage","url":"https:\/\/equipmentcontrols.com\/wp-content\/uploads\/2022\/06\/Sensit-Trak-It-IIIa.jpeg","contentUrl":"https:\/\/equipmentcontrols.com\/wp-content\/uploads\/2022\/06\/Sensit-Trak-It-IIIa.jpeg","width":860,"height":860,"caption":"Sensit Trak-It IIIa"},{"@type":"BreadcrumbList","@id":"https:\/\/equipmentcontrols.com\/product\/t3a\/#breadcrumb","itemListElement":[{"@type":"ListItem","position":1,"name":"Home","item":"https:\/\/equipmentcontrols.com\/"},{"@type":"ListItem","position":2,"name":"Shop","item":"https:\/\/equipmentcontrols.com\/shop\/"},{"@type":"ListItem","position":3,"name":"Sensit Track-It\u00ae IIIa"}]},{"@type":"WebSite","@id":"https:\/\/equipmentcontrols.com\/#website","url":"https:\/\/equipmentcontrols.com\/","name":"ECCO","description":"Compagnie de contr\u00f4le d&#039;\u00e9quipement","potentialAction":[{"@type":"SearchAction","target":{"@type":"EntryPoint","urlTemplate":"https:\/\/equipmentcontrols.com\/?s={search_term_string}"},"query-input":{"@type":"PropertyValueSpecification","valueRequired":true,"valueName":"search_term_string"}}],"inLanguage":"fr-CA"}]}},"_links":{"self":[{"href":"https:\/\/equipmentcontrols.com\/fr\/wp-json\/wp\/v2\/product\/828","targetHints":{"allow":["GET"]}}],"collection":[{"href":"https:\/\/equipmentcontrols.com\/fr\/wp-json\/wp\/v2\/product"}],"about":[{"href":"https:\/\/equipmentcontrols.com\/fr\/wp-json\/wp\/v2\/types\/product"}],"wp:featuredmedia":[{"embeddable":true,"href":"https:\/\/equipmentcontrols.com\/fr\/wp-json\/wp\/v2\/media\/2721"}],"wp:attachment":[{"href":"https:\/\/equipmentcontrols.com\/fr\/wp-json\/wp\/v2\/media?parent=828"}],"wp:term":[{"taxonomy":"product_brand","embeddable":true,"href":"https:\/\/equipmentcontrols.com\/fr\/wp-json\/wp\/v2\/product_brand?post=828"},{"taxonomy":"product_cat","embeddable":true,"href":"https:\/\/equipmentcontrols.com\/fr\/wp-json\/wp\/v2\/product_cat?post=828"},{"taxonomy":"product_tag","embeddable":true,"href":"https:\/\/equipmentcontrols.com\/fr\/wp-json\/wp\/v2\/product_tag?post=828"}],"curies":[{"name":"wp","href":"https:\/\/api.w.org\/{rel}","templated":true}]}}