{"id":826,"date":"2020-04-30T16:50:15","date_gmt":"2020-04-30T16:50:15","guid":{"rendered":"https:\/\/econtrols.stagemysite.com\/product\/sensit-gold-g2\/"},"modified":"2021-09-22T22:04:30","modified_gmt":"2021-09-22T22:04:30","slug":"sensit-gold-g2","status":"publish","type":"product","link":"https:\/\/equipmentcontrols.com\/fr\/produit\/sensit-gold-g2\/","title":{"rendered":"SENSIT\u00ae Or G2"},"content":{"rendered":"<p><strong>SENSIT\u00ae GOLD G2<\/strong><br \/>\n<strong>D\u00e9tecteur de fuite de gaz combustible<\/strong><\/p>\n<p>SENSIT\u00ae GOLD G2 est un indicateur de gaz combustible (CGI) utilis\u00e9 pour les enqu\u00eates sur les fuites de gaz, les enqu\u00eates, la localisation des fuites de gaz, la purge des gazoducs et les applications en espace confin\u00e9.<\/p>\n<p><strong>Affiche jusqu&#039;\u00e0 4 gaz<\/strong><br \/>\n\u2022 LIE (%Volume et PPM en option)<br \/>\n\u2022 Oxyg\u00e8ne<br \/>\n\u2022 Monoxyde de carbone<br \/>\n\u2022 Sulfure d&#039;hydrog\u00e8ne<br \/>\n\u2022 Cyanure d&#039;hydrog\u00e8ne (facultatif)<\/p>\n<p><strong>Type de gaz s\u00e9lectionnable<\/strong><br \/>\n\u2022 M\u00e9thane (gaz naturel)<br \/>\n\u2022 Propane<\/p>\n<p><strong>Certifications : ATEX, UL<\/strong><\/p>\n<p>SENSIT\u00ae GOLD G2 est le d\u00e9tecteur de fuites de gaz le plus convivial et le plus polyvalent disponible aujourd&#039;hui\u00a0!<\/p>\n<p>Le taux de tic-tac audible aide \u00e0 trouver rapidement les fuites de gaz\u00a0!<\/p>\n<p>Compatible avec la station d&#039;\u00e9talonnage SMART-CAL 360<\/p>\n<p><strong>Traits:<\/strong><br \/>\n\u2022 Contr\u00f4le num\u00e9rique &quot;Tick&quot; \u00e0 affichage graphique lumineux<br \/>\n\u2022 Voyants d&#039;avertissement \u00e0 LED Capteurs \u00e0 faible co\u00fbt et longue dur\u00e9e de vie<br \/>\n\u2022 Enregistrement des donn\u00e9es d&#039;alarme sonore forte et m\u00e9moire interne<br \/>\n\u2022 Pompe interne - \u00c9chantillonnage rapide Protection exceptionnelle de l&#039;eau<\/p>\n<p><strong>Caract\u00e9ristiques:<\/strong><br \/>\n\u2022 Type R\u00e9solution Plage Pr\u00e9cision<br \/>\n\u2022 LIE 0,1% jusqu&#039;\u00e0 2,0% 0-100% LIE \u00b110%<br \/>\n\u2022 PPM* 1 ppm ou 10 ppm 0-10 000 ppm \u00b110%<br \/>\n\u2022 % Gaz naturel 0,1% 5-100% Gaz \u00b15%<br \/>\n\u2022 % Propane 0,1% 2,2-100% Gaz \u00b15%<br \/>\n\u2022 Oxyg\u00e8ne 0,1% 0-25% \u00b10,2% ou 10%**<br \/>\n\u2022 Monoxyde de carbone 1\u00a0ppm 0-2\u00a0000\u00a0ppm \u00b15\u00a0ppm ou 5%**<br \/>\n\u2022 Sulfure d&#039;hydrog\u00e8ne 1 ppm 0-100 ppm \u00b12 ppm ou 5%**<br \/>\n\u2022 Cyanure d&#039;hydrog\u00e8ne 1 ppm 0-30 ppm \u00b11 ppm ou 5%**<\/p>\n<p>*PPM En option (gammes) 0-2 000 ppm 0-5 000 ppm 0-10 000 ppm<br \/>\n** Selon la valeur la plus \u00e9lev\u00e9e<\/p>\n<p><strong>T\u00e9l\u00e9chargements\u00a0:<\/strong><br \/>\n<a href=\"https:\/\/equipmentcontrols.com\/wp-content\/uploads\/2020\/04\/sensit_gold_g2_brochure.pdf\">Brochure SENSIT\u00ae Gold G2<\/a><br \/>\n<a href=\"https:\/\/equipmentcontrols.com\/wp-content\/uploads\/2020\/04\/SENSIT-GOLD-G2-Instruction-Manual.pdf\">Manuel d&#039;instructions SENSIT\u00ae Gold G2<\/a><\/p>","protected":false},"excerpt":{"rendered":"<p>SENSIT\u00ae GOLD G2 Combustible Gas Leak Detector SENSIT\u00ae GOLD G2 is a combustible gas indicator (CGI) used for gas leak surveys, investigations, gas leak pinpointing, gas pipeline purging and confined space applications. Displays Up To 4 Gases \u2022 LEL (%Volume and PPM Optional) \u2022 Oxygen \u2022 Carbon Monoxide \u2022 Hydrogen Sulfide \u2022 Hydrogen Cyanide (Optional) [&hellip;]<\/p>\n","protected":false},"featured_media":825,"template":"","meta":[],"product_brand":[],"product_cat":[24,50],"product_tag":[],"class_list":{"0":"post-826","1":"product","2":"type-product","3":"status-publish","4":"has-post-thumbnail","6":"product_cat-leak-detection","7":"product_cat-sensit","9":"first","10":"instock","11":"shipping-taxable","12":"product-type-simple"},"yoast_head":"<!-- This site is optimized with the Yoast SEO Premium plugin v23.9 (Yoast SEO v27.3) - https:\/\/yoast.com\/product\/yoast-seo-premium-wordpress\/ -->\n<title>SENSIT\u00ae Gold G2 - ECCO<\/title>\n<meta name=\"description\" content=\"SENSIT\u00ae GOLD G2 is a combustible gas indicator (CGI) used for gas leak surveys, investigations, gas leak pinpointing, gas pipeline purging and confined space applications.\" \/>\n<meta name=\"robots\" content=\"index, follow, max-snippet:-1, max-image-preview:large, max-video-preview:-1\" \/>\n<link rel=\"canonical\" href=\"https:\/\/equipmentcontrols.com\/fr\/produit\/sensit-gold-g2\/\" \/>\n<meta property=\"og:locale\" content=\"fr_CA\" \/>\n<meta property=\"og:type\" content=\"article\" \/>\n<meta property=\"og:title\" content=\"SENSIT\u00ae Gold G2\" \/>\n<meta property=\"og:description\" content=\"SENSIT\u00ae GOLD G2 is a combustible gas indicator (CGI) used for gas leak surveys, investigations, gas leak pinpointing, gas pipeline purging and confined space applications.\" \/>\n<meta property=\"og:url\" content=\"https:\/\/equipmentcontrols.com\/fr\/produit\/sensit-gold-g2\/\" \/>\n<meta property=\"og:site_name\" content=\"ECCO\" \/>\n<meta property=\"article:modified_time\" content=\"2021-09-22T22:04:30+00:00\" \/>\n<meta property=\"og:image\" content=\"https:\/\/equipmentcontrols.com\/wp-content\/uploads\/2020\/04\/SENSIT20Gold20G220Series20Combustible20Gas20Leak20Detectors.jpg\" \/>\n\t<meta property=\"og:image:width\" content=\"860\" \/>\n\t<meta property=\"og:image:height\" content=\"860\" \/>\n\t<meta property=\"og:image:type\" content=\"image\/jpeg\" \/>\n<meta name=\"twitter:card\" content=\"summary_large_image\" \/>\n<meta name=\"twitter:label1\" content=\"Estimation du temps de lecture\" \/>\n\t<meta name=\"twitter:data1\" content=\"1 minute\" \/>\n<script type=\"application\/ld+json\" class=\"yoast-schema-graph\">{\"@context\":\"https:\\\/\\\/schema.org\",\"@graph\":[{\"@type\":\"WebPage\",\"@id\":\"https:\\\/\\\/equipmentcontrols.com\\\/product\\\/sensit-gold-g2\\\/\",\"url\":\"https:\\\/\\\/equipmentcontrols.com\\\/product\\\/sensit-gold-g2\\\/\",\"name\":\"SENSIT\u00ae Gold G2 - ECCO\",\"isPartOf\":{\"@id\":\"https:\\\/\\\/equipmentcontrols.com\\\/#website\"},\"primaryImageOfPage\":{\"@id\":\"https:\\\/\\\/equipmentcontrols.com\\\/product\\\/sensit-gold-g2\\\/#primaryimage\"},\"image\":{\"@id\":\"https:\\\/\\\/equipmentcontrols.com\\\/product\\\/sensit-gold-g2\\\/#primaryimage\"},\"thumbnailUrl\":\"https:\\\/\\\/equipmentcontrols.com\\\/wp-content\\\/uploads\\\/2020\\\/04\\\/SENSIT20Gold20G220Series20Combustible20Gas20Leak20Detectors.jpg\",\"datePublished\":\"2020-04-30T16:50:15+00:00\",\"dateModified\":\"2021-09-22T22:04:30+00:00\",\"description\":\"SENSIT\u00ae GOLD G2 is a combustible gas indicator (CGI) used for gas leak surveys, investigations, gas leak pinpointing, gas pipeline purging and confined space applications.\",\"breadcrumb\":{\"@id\":\"https:\\\/\\\/equipmentcontrols.com\\\/product\\\/sensit-gold-g2\\\/#breadcrumb\"},\"inLanguage\":\"fr-CA\",\"potentialAction\":[{\"@type\":\"ReadAction\",\"target\":[\"https:\\\/\\\/equipmentcontrols.com\\\/product\\\/sensit-gold-g2\\\/\"]}]},{\"@type\":\"ImageObject\",\"inLanguage\":\"fr-CA\",\"@id\":\"https:\\\/\\\/equipmentcontrols.com\\\/product\\\/sensit-gold-g2\\\/#primaryimage\",\"url\":\"https:\\\/\\\/equipmentcontrols.com\\\/wp-content\\\/uploads\\\/2020\\\/04\\\/SENSIT20Gold20G220Series20Combustible20Gas20Leak20Detectors.jpg\",\"contentUrl\":\"https:\\\/\\\/equipmentcontrols.com\\\/wp-content\\\/uploads\\\/2020\\\/04\\\/SENSIT20Gold20G220Series20Combustible20Gas20Leak20Detectors.jpg\",\"width\":860,\"height\":860,\"caption\":\"SENSIT20Gold20G220Series20Combustible20Gas20Leak20Detectors.jpg\"},{\"@type\":\"BreadcrumbList\",\"@id\":\"https:\\\/\\\/equipmentcontrols.com\\\/product\\\/sensit-gold-g2\\\/#breadcrumb\",\"itemListElement\":[{\"@type\":\"ListItem\",\"position\":1,\"name\":\"Home\",\"item\":\"https:\\\/\\\/equipmentcontrols.com\\\/\"},{\"@type\":\"ListItem\",\"position\":2,\"name\":\"Shop\",\"item\":\"https:\\\/\\\/equipmentcontrols.com\\\/shop\\\/\"},{\"@type\":\"ListItem\",\"position\":3,\"name\":\"SENSIT\u00ae Gold G2\"}]},{\"@type\":\"WebSite\",\"@id\":\"https:\\\/\\\/equipmentcontrols.com\\\/#website\",\"url\":\"https:\\\/\\\/equipmentcontrols.com\\\/\",\"name\":\"ECCO\",\"description\":\"Equipment Controls Company\",\"potentialAction\":[{\"@type\":\"SearchAction\",\"target\":{\"@type\":\"EntryPoint\",\"urlTemplate\":\"https:\\\/\\\/equipmentcontrols.com\\\/?s={search_term_string}\"},\"query-input\":{\"@type\":\"PropertyValueSpecification\",\"valueRequired\":true,\"valueName\":\"search_term_string\"}}],\"inLanguage\":\"fr-CA\"}]}<\/script>\n<!-- \/ Yoast SEO Premium plugin. -->","yoast_head_json":{"title":"SENSIT\u00ae Gold G2 - ECCO","description":"SENSIT\u00ae GOLD G2 est un indicateur de gaz combustible (CGI) utilis\u00e9 pour les enqu\u00eates sur les fuites de gaz, les enqu\u00eates, la localisation des fuites de gaz, la purge des gazoducs et les applications en espace confin\u00e9.","robots":{"index":"index","follow":"follow","max-snippet":"max-snippet:-1","max-image-preview":"max-image-preview:large","max-video-preview":"max-video-preview:-1"},"canonical":"https:\/\/equipmentcontrols.com\/fr\/produit\/sensit-gold-g2\/","og_locale":"fr_CA","og_type":"article","og_title":"SENSIT\u00ae Gold G2","og_description":"SENSIT\u00ae GOLD G2 is a combustible gas indicator (CGI) used for gas leak surveys, investigations, gas leak pinpointing, gas pipeline purging and confined space applications.","og_url":"https:\/\/equipmentcontrols.com\/fr\/produit\/sensit-gold-g2\/","og_site_name":"ECCO","article_modified_time":"2021-09-22T22:04:30+00:00","og_image":[{"width":860,"height":860,"url":"https:\/\/equipmentcontrols.com\/wp-content\/uploads\/2020\/04\/SENSIT20Gold20G220Series20Combustible20Gas20Leak20Detectors.jpg","type":"image\/jpeg"}],"twitter_card":"summary_large_image","twitter_misc":{"Estimation du temps de lecture":"1 minute"},"schema":{"@context":"https:\/\/schema.org","@graph":[{"@type":"WebPage","@id":"https:\/\/equipmentcontrols.com\/product\/sensit-gold-g2\/","url":"https:\/\/equipmentcontrols.com\/product\/sensit-gold-g2\/","name":"SENSIT\u00ae Gold G2 - ECCO","isPartOf":{"@id":"https:\/\/equipmentcontrols.com\/#website"},"primaryImageOfPage":{"@id":"https:\/\/equipmentcontrols.com\/product\/sensit-gold-g2\/#primaryimage"},"image":{"@id":"https:\/\/equipmentcontrols.com\/product\/sensit-gold-g2\/#primaryimage"},"thumbnailUrl":"https:\/\/equipmentcontrols.com\/wp-content\/uploads\/2020\/04\/SENSIT20Gold20G220Series20Combustible20Gas20Leak20Detectors.jpg","datePublished":"2020-04-30T16:50:15+00:00","dateModified":"2021-09-22T22:04:30+00:00","description":"SENSIT\u00ae GOLD G2 est un indicateur de gaz combustible (CGI) utilis\u00e9 pour les enqu\u00eates sur les fuites de gaz, les enqu\u00eates, la localisation des fuites de gaz, la purge des gazoducs et les applications en espace confin\u00e9.","breadcrumb":{"@id":"https:\/\/equipmentcontrols.com\/product\/sensit-gold-g2\/#breadcrumb"},"inLanguage":"fr-CA","potentialAction":[{"@type":"ReadAction","target":["https:\/\/equipmentcontrols.com\/product\/sensit-gold-g2\/"]}]},{"@type":"ImageObject","inLanguage":"fr-CA","@id":"https:\/\/equipmentcontrols.com\/product\/sensit-gold-g2\/#primaryimage","url":"https:\/\/equipmentcontrols.com\/wp-content\/uploads\/2020\/04\/SENSIT20Gold20G220Series20Combustible20Gas20Leak20Detectors.jpg","contentUrl":"https:\/\/equipmentcontrols.com\/wp-content\/uploads\/2020\/04\/SENSIT20Gold20G220Series20Combustible20Gas20Leak20Detectors.jpg","width":860,"height":860,"caption":"SENSIT20Gold20G220Series20Combustible20Gas20Leak20Detectors.jpg"},{"@type":"BreadcrumbList","@id":"https:\/\/equipmentcontrols.com\/product\/sensit-gold-g2\/#breadcrumb","itemListElement":[{"@type":"ListItem","position":1,"name":"Home","item":"https:\/\/equipmentcontrols.com\/"},{"@type":"ListItem","position":2,"name":"Shop","item":"https:\/\/equipmentcontrols.com\/shop\/"},{"@type":"ListItem","position":3,"name":"SENSIT\u00ae Gold G2"}]},{"@type":"WebSite","@id":"https:\/\/equipmentcontrols.com\/#website","url":"https:\/\/equipmentcontrols.com\/","name":"ECCO","description":"Compagnie de contr\u00f4le d&#039;\u00e9quipement","potentialAction":[{"@type":"SearchAction","target":{"@type":"EntryPoint","urlTemplate":"https:\/\/equipmentcontrols.com\/?s={search_term_string}"},"query-input":{"@type":"PropertyValueSpecification","valueRequired":true,"valueName":"search_term_string"}}],"inLanguage":"fr-CA"}]}},"_links":{"self":[{"href":"https:\/\/equipmentcontrols.com\/fr\/wp-json\/wp\/v2\/product\/826","targetHints":{"allow":["GET"]}}],"collection":[{"href":"https:\/\/equipmentcontrols.com\/fr\/wp-json\/wp\/v2\/product"}],"about":[{"href":"https:\/\/equipmentcontrols.com\/fr\/wp-json\/wp\/v2\/types\/product"}],"wp:featuredmedia":[{"embeddable":true,"href":"https:\/\/equipmentcontrols.com\/fr\/wp-json\/wp\/v2\/media\/825"}],"wp:attachment":[{"href":"https:\/\/equipmentcontrols.com\/fr\/wp-json\/wp\/v2\/media?parent=826"}],"wp:term":[{"taxonomy":"product_brand","embeddable":true,"href":"https:\/\/equipmentcontrols.com\/fr\/wp-json\/wp\/v2\/product_brand?post=826"},{"taxonomy":"product_cat","embeddable":true,"href":"https:\/\/equipmentcontrols.com\/fr\/wp-json\/wp\/v2\/product_cat?post=826"},{"taxonomy":"product_tag","embeddable":true,"href":"https:\/\/equipmentcontrols.com\/fr\/wp-json\/wp\/v2\/product_tag?post=826"}],"curies":[{"name":"wp","href":"https:\/\/api.w.org\/{rel}","templated":true}]}}