{"id":823,"date":"2020-04-30T16:48:35","date_gmt":"2020-04-30T16:48:35","guid":{"rendered":"https:\/\/econtrols.stagemysite.com\/product\/eagle-xartu1-volume-corrector\/"},"modified":"2020-04-30T21:54:04","modified_gmt":"2020-04-30T21:54:04","slug":"eagle-xartu1-volume-corrector","status":"publish","type":"product","link":"https:\/\/equipmentcontrols.com\/fr\/produit\/eagle-xartu1-volume-corrector\/","title":{"rendered":"EAGLE XARTU1 Correcteur de volume"},"content":{"rendered":"<p><strong>XARTU\/1\u00ae<\/strong><br \/>\n<strong>Correcteur de volume<\/strong><\/p>\n<p>&nbsp;<\/p>\n<p>Le correcteur de volume XARTU\/1-LDVI\u2122 est le produit phare de la gamme des correcteurs de volume. Cette unit\u00e9 fonctionne sur le circuit imprim\u00e9 \u00e9prouv\u00e9 XARTU\/1\u2122 SBC61, c\u0153ur de tous les produits de la s\u00e9rie Eagle XA\/1. Le VC-LDVI comprend un transducteur de pression interne, un RTD interne (d\u00e9tecteur de temp\u00e9rature \u00e0 r\u00e9sistance), un \u00e9cran externe et un modem 2400 bps dans l&#039;offre de produit standard. Un index vertical \u00e0 faible tra\u00een\u00e9e (LDVI\u2122) en option fournit \u00e0 l&#039;utilisateur une sauvegarde m\u00e9canique \u00e0 faible co\u00fbt de l&#039;appareil \u00e9lectronique.<\/p>\n<p>Le VC-LDVI contient un ensemble complet de processus standard d&#039;Eagle Research, y compris les fonctionnalit\u00e9s de calcul AGA 7 et AGA 8 (Detail and Gross Method I &amp; II). Les fonctionnalit\u00e9s suppl\u00e9mentaires incluent une fonctionnalit\u00e9 de communication compl\u00e8te avec des analyseurs populaires pour les besoins de surveillance de l&#039;\u00e9nergie. Le VC-LDVI est un calculateur de d\u00e9bit enti\u00e8rement fonctionnel, capable d&#039;effectuer un appel d&#039;alarme, un contr\u00f4le et une vari\u00e9t\u00e9 d&#039;autres activit\u00e9s li\u00e9es au processus.<\/p>\n<p>Bien que le VC-LDVI comprenne un modem 2400 bps en standard, l&#039;unit\u00e9 peut \u00eatre interfac\u00e9e \u00e0 une grande vari\u00e9t\u00e9 d&#039;autres appareils de communication tels que les modems radio, cellulaires et satellites. Les rotations du compteur dans le sens des aiguilles d&#039;une montre et dans le sens inverse des aiguilles d&#039;une montre sont g\u00e9r\u00e9es par une simple inversion de l&#039;index dans le bo\u00eetier.<\/p>\n<p>\u2022 Indice vertical \u00e0 faible tra\u00een\u00e9e (LDVI)<br \/>\n\u2022 Versions unidirectionnelles et bidirectionnelles disponibles<br \/>\n\u2022 AGA\u00a07, AGA\u00a08 (m\u00e9thode d\u00e9taill\u00e9e et brute\u00a0I et II) et NX-19<br \/>\n\u2022\u00a0Sorties num\u00e9riques pour les volumes corrig\u00e9s\/non corrig\u00e9s<br \/>\n\u2022 Configurable pour les volumes directs, inverses et nets<br \/>\n\u2022 Configurations multi-ex\u00e9cutions disponibles \u00e0 l&#039;aide d&#039;une interface de transducteur ou XDI<\/p>\n<p><strong>T\u00e9l\u00e9charger:<\/strong><br \/>\n<a href=\"https:\/\/equipmentcontrols.com\/wp-content\/uploads\/2020\/04\/Eagle-XARTU-1.pdf\">Fiche technique du correcteur de volume XARTU<\/a><\/p>","protected":false},"excerpt":{"rendered":"<p>XARTU\/1\u00ae Volume Corrector &nbsp; The XARTU\/1-LDVI\u2122 Volume Corrector is the core product in the volume corrector line. This unit runs on the proven XARTU\/1\u2122 SBC61 circuit board, heart of all products in the Eagle XA\/1 series. The VC-LDVI includes an internal pressure transducer, an internal RTD (resistance temperature detector), external display and 2400 bps modem [&hellip;]<\/p>\n","protected":false},"featured_media":822,"template":"","meta":[],"product_brand":[],"product_cat":[49,23],"product_tag":[],"class_list":{"0":"post-823","1":"product","2":"type-product","3":"status-publish","4":"has-post-thumbnail","6":"product_cat-eagle-research-corporation","7":"product_cat-instrumentation","9":"first","10":"instock","11":"shipping-taxable","12":"product-type-simple"},"yoast_head":"<!-- This site is optimized with the Yoast SEO Premium plugin v23.9 (Yoast SEO v27.3) - https:\/\/yoast.com\/product\/yoast-seo-premium-wordpress\/ -->\n<title>EAGLE XARTU1 Volume Corrector - ECCO<\/title>\n<meta name=\"description\" content=\"The XARTU\/1-LDVI\u2122 Volume Corrector is the core product in the volume corrector line. This unit runs on the proven XARTU\/1\u2122 SBC61 circuit board, heart of all products in the Eagle XA\/1 series. The VC-LDVI includes an internal pressure transducer, an internal RTD (resistance temperature detector), external display and 2400 bps modem in the standard product offering. An optional Low Drag Vertical Index (LDVI\u2122) provides the user with a low cost mechanical backup to the electronic device.\" \/>\n<meta name=\"robots\" content=\"index, follow, max-snippet:-1, max-image-preview:large, max-video-preview:-1\" \/>\n<link rel=\"canonical\" href=\"https:\/\/equipmentcontrols.com\/fr\/produit\/eagle-xartu1-volume-corrector\/\" \/>\n<meta property=\"og:locale\" content=\"fr_CA\" \/>\n<meta property=\"og:type\" content=\"article\" \/>\n<meta property=\"og:title\" content=\"EAGLE XARTU1 Volume Corrector\" \/>\n<meta property=\"og:description\" content=\"The XARTU\/1-LDVI\u2122 Volume Corrector is the core product in the volume corrector line. This unit runs on the proven XARTU\/1\u2122 SBC61 circuit board, heart of all products in the Eagle XA\/1 series. The VC-LDVI includes an internal pressure transducer, an internal RTD (resistance temperature detector), external display and 2400 bps modem in the standard product offering. An optional Low Drag Vertical Index (LDVI\u2122) provides the user with a low cost mechanical backup to the electronic device.\" \/>\n<meta property=\"og:url\" content=\"https:\/\/equipmentcontrols.com\/fr\/produit\/eagle-xartu1-volume-corrector\/\" \/>\n<meta property=\"og:site_name\" content=\"ECCO\" \/>\n<meta property=\"article:modified_time\" content=\"2020-04-30T21:54:04+00:00\" \/>\n<meta property=\"og:image\" content=\"https:\/\/equipmentcontrols.com\/wp-content\/uploads\/2020\/04\/EAGLE20XARTU120Volume20Corrector.jpg\" \/>\n\t<meta property=\"og:image:width\" content=\"860\" \/>\n\t<meta property=\"og:image:height\" content=\"860\" \/>\n\t<meta property=\"og:image:type\" content=\"image\/jpeg\" \/>\n<meta name=\"twitter:card\" content=\"summary_large_image\" \/>\n<meta name=\"twitter:label1\" content=\"Estimation du temps de lecture\" \/>\n\t<meta name=\"twitter:data1\" content=\"1 minute\" \/>\n<script type=\"application\/ld+json\" class=\"yoast-schema-graph\">{\"@context\":\"https:\\\/\\\/schema.org\",\"@graph\":[{\"@type\":\"WebPage\",\"@id\":\"https:\\\/\\\/equipmentcontrols.com\\\/product\\\/eagle-xartu1-volume-corrector\\\/\",\"url\":\"https:\\\/\\\/equipmentcontrols.com\\\/product\\\/eagle-xartu1-volume-corrector\\\/\",\"name\":\"EAGLE XARTU1 Volume Corrector - ECCO\",\"isPartOf\":{\"@id\":\"https:\\\/\\\/equipmentcontrols.com\\\/#website\"},\"primaryImageOfPage\":{\"@id\":\"https:\\\/\\\/equipmentcontrols.com\\\/product\\\/eagle-xartu1-volume-corrector\\\/#primaryimage\"},\"image\":{\"@id\":\"https:\\\/\\\/equipmentcontrols.com\\\/product\\\/eagle-xartu1-volume-corrector\\\/#primaryimage\"},\"thumbnailUrl\":\"https:\\\/\\\/equipmentcontrols.com\\\/wp-content\\\/uploads\\\/2020\\\/04\\\/EAGLE20XARTU120Volume20Corrector.jpg\",\"datePublished\":\"2020-04-30T16:48:35+00:00\",\"dateModified\":\"2020-04-30T21:54:04+00:00\",\"description\":\"The XARTU\\\/1-LDVI\u2122 Volume Corrector is the core product in the volume corrector line. This unit runs on the proven XARTU\\\/1\u2122 SBC61 circuit board, heart of all products in the Eagle XA\\\/1 series. The VC-LDVI includes an internal pressure transducer, an internal RTD (resistance temperature detector), external display and 2400 bps modem in the standard product offering. An optional Low Drag Vertical Index (LDVI\u2122) provides the user with a low cost mechanical backup to the electronic device.\",\"breadcrumb\":{\"@id\":\"https:\\\/\\\/equipmentcontrols.com\\\/product\\\/eagle-xartu1-volume-corrector\\\/#breadcrumb\"},\"inLanguage\":\"fr-CA\",\"potentialAction\":[{\"@type\":\"ReadAction\",\"target\":[\"https:\\\/\\\/equipmentcontrols.com\\\/product\\\/eagle-xartu1-volume-corrector\\\/\"]}]},{\"@type\":\"ImageObject\",\"inLanguage\":\"fr-CA\",\"@id\":\"https:\\\/\\\/equipmentcontrols.com\\\/product\\\/eagle-xartu1-volume-corrector\\\/#primaryimage\",\"url\":\"https:\\\/\\\/equipmentcontrols.com\\\/wp-content\\\/uploads\\\/2020\\\/04\\\/EAGLE20XARTU120Volume20Corrector.jpg\",\"contentUrl\":\"https:\\\/\\\/equipmentcontrols.com\\\/wp-content\\\/uploads\\\/2020\\\/04\\\/EAGLE20XARTU120Volume20Corrector.jpg\",\"width\":860,\"height\":860,\"caption\":\"EAGLE20XARTU120Volume20Corrector.jpg\"},{\"@type\":\"BreadcrumbList\",\"@id\":\"https:\\\/\\\/equipmentcontrols.com\\\/product\\\/eagle-xartu1-volume-corrector\\\/#breadcrumb\",\"itemListElement\":[{\"@type\":\"ListItem\",\"position\":1,\"name\":\"Home\",\"item\":\"https:\\\/\\\/equipmentcontrols.com\\\/\"},{\"@type\":\"ListItem\",\"position\":2,\"name\":\"Shop\",\"item\":\"https:\\\/\\\/equipmentcontrols.com\\\/shop\\\/\"},{\"@type\":\"ListItem\",\"position\":3,\"name\":\"EAGLE XARTU1 Volume Corrector\"}]},{\"@type\":\"WebSite\",\"@id\":\"https:\\\/\\\/equipmentcontrols.com\\\/#website\",\"url\":\"https:\\\/\\\/equipmentcontrols.com\\\/\",\"name\":\"ECCO\",\"description\":\"Equipment Controls Company\",\"potentialAction\":[{\"@type\":\"SearchAction\",\"target\":{\"@type\":\"EntryPoint\",\"urlTemplate\":\"https:\\\/\\\/equipmentcontrols.com\\\/?s={search_term_string}\"},\"query-input\":{\"@type\":\"PropertyValueSpecification\",\"valueRequired\":true,\"valueName\":\"search_term_string\"}}],\"inLanguage\":\"fr-CA\"}]}<\/script>\n<!-- \/ Yoast SEO Premium plugin. -->","yoast_head_json":{"title":"EAGLE XARTU1 Volume Corrector - ECCO","description":"Le correcteur de volume XARTU\/1-LDVI\u2122 est le produit phare de la gamme des correcteurs de volume. Cette unit\u00e9 fonctionne sur le circuit imprim\u00e9 \u00e9prouv\u00e9 XARTU\/1\u2122 SBC61, c\u0153ur de tous les produits de la s\u00e9rie Eagle XA\/1. Le VC-LDVI comprend un transducteur de pression interne, un RTD interne (d\u00e9tecteur de temp\u00e9rature \u00e0 r\u00e9sistance), un \u00e9cran externe et un modem 2400 bps dans l&#039;offre de produit standard. Un index vertical \u00e0 faible tra\u00een\u00e9e (LDVI\u2122) en option fournit \u00e0 l&#039;utilisateur une sauvegarde m\u00e9canique \u00e0 faible co\u00fbt de l&#039;appareil \u00e9lectronique.","robots":{"index":"index","follow":"follow","max-snippet":"max-snippet:-1","max-image-preview":"max-image-preview:large","max-video-preview":"max-video-preview:-1"},"canonical":"https:\/\/equipmentcontrols.com\/fr\/produit\/eagle-xartu1-volume-corrector\/","og_locale":"fr_CA","og_type":"article","og_title":"EAGLE XARTU1 Volume Corrector","og_description":"The XARTU\/1-LDVI\u2122 Volume Corrector is the core product in the volume corrector line. This unit runs on the proven XARTU\/1\u2122 SBC61 circuit board, heart of all products in the Eagle XA\/1 series. The VC-LDVI includes an internal pressure transducer, an internal RTD (resistance temperature detector), external display and 2400 bps modem in the standard product offering. An optional Low Drag Vertical Index (LDVI\u2122) provides the user with a low cost mechanical backup to the electronic device.","og_url":"https:\/\/equipmentcontrols.com\/fr\/produit\/eagle-xartu1-volume-corrector\/","og_site_name":"ECCO","article_modified_time":"2020-04-30T21:54:04+00:00","og_image":[{"width":860,"height":860,"url":"https:\/\/equipmentcontrols.com\/wp-content\/uploads\/2020\/04\/EAGLE20XARTU120Volume20Corrector.jpg","type":"image\/jpeg"}],"twitter_card":"summary_large_image","twitter_misc":{"Estimation du temps de lecture":"1 minute"},"schema":{"@context":"https:\/\/schema.org","@graph":[{"@type":"WebPage","@id":"https:\/\/equipmentcontrols.com\/product\/eagle-xartu1-volume-corrector\/","url":"https:\/\/equipmentcontrols.com\/product\/eagle-xartu1-volume-corrector\/","name":"EAGLE XARTU1 Volume Corrector - ECCO","isPartOf":{"@id":"https:\/\/equipmentcontrols.com\/#website"},"primaryImageOfPage":{"@id":"https:\/\/equipmentcontrols.com\/product\/eagle-xartu1-volume-corrector\/#primaryimage"},"image":{"@id":"https:\/\/equipmentcontrols.com\/product\/eagle-xartu1-volume-corrector\/#primaryimage"},"thumbnailUrl":"https:\/\/equipmentcontrols.com\/wp-content\/uploads\/2020\/04\/EAGLE20XARTU120Volume20Corrector.jpg","datePublished":"2020-04-30T16:48:35+00:00","dateModified":"2020-04-30T21:54:04+00:00","description":"Le correcteur de volume XARTU\/1-LDVI\u2122 est le produit phare de la gamme des correcteurs de volume. Cette unit\u00e9 fonctionne sur le circuit imprim\u00e9 \u00e9prouv\u00e9 XARTU\/1\u2122 SBC61, c\u0153ur de tous les produits de la s\u00e9rie Eagle XA\/1. Le VC-LDVI comprend un transducteur de pression interne, un RTD interne (d\u00e9tecteur de temp\u00e9rature \u00e0 r\u00e9sistance), un \u00e9cran externe et un modem 2400 bps dans l&#039;offre de produit standard. Un index vertical \u00e0 faible tra\u00een\u00e9e (LDVI\u2122) en option fournit \u00e0 l&#039;utilisateur une sauvegarde m\u00e9canique \u00e0 faible co\u00fbt de l&#039;appareil \u00e9lectronique.","breadcrumb":{"@id":"https:\/\/equipmentcontrols.com\/product\/eagle-xartu1-volume-corrector\/#breadcrumb"},"inLanguage":"fr-CA","potentialAction":[{"@type":"ReadAction","target":["https:\/\/equipmentcontrols.com\/product\/eagle-xartu1-volume-corrector\/"]}]},{"@type":"ImageObject","inLanguage":"fr-CA","@id":"https:\/\/equipmentcontrols.com\/product\/eagle-xartu1-volume-corrector\/#primaryimage","url":"https:\/\/equipmentcontrols.com\/wp-content\/uploads\/2020\/04\/EAGLE20XARTU120Volume20Corrector.jpg","contentUrl":"https:\/\/equipmentcontrols.com\/wp-content\/uploads\/2020\/04\/EAGLE20XARTU120Volume20Corrector.jpg","width":860,"height":860,"caption":"EAGLE20XARTU120Volume20Corrector.jpg"},{"@type":"BreadcrumbList","@id":"https:\/\/equipmentcontrols.com\/product\/eagle-xartu1-volume-corrector\/#breadcrumb","itemListElement":[{"@type":"ListItem","position":1,"name":"Home","item":"https:\/\/equipmentcontrols.com\/"},{"@type":"ListItem","position":2,"name":"Shop","item":"https:\/\/equipmentcontrols.com\/shop\/"},{"@type":"ListItem","position":3,"name":"EAGLE XARTU1 Volume Corrector"}]},{"@type":"WebSite","@id":"https:\/\/equipmentcontrols.com\/#website","url":"https:\/\/equipmentcontrols.com\/","name":"ECCO","description":"Compagnie de contr\u00f4le d&#039;\u00e9quipement","potentialAction":[{"@type":"SearchAction","target":{"@type":"EntryPoint","urlTemplate":"https:\/\/equipmentcontrols.com\/?s={search_term_string}"},"query-input":{"@type":"PropertyValueSpecification","valueRequired":true,"valueName":"search_term_string"}}],"inLanguage":"fr-CA"}]}},"_links":{"self":[{"href":"https:\/\/equipmentcontrols.com\/fr\/wp-json\/wp\/v2\/product\/823","targetHints":{"allow":["GET"]}}],"collection":[{"href":"https:\/\/equipmentcontrols.com\/fr\/wp-json\/wp\/v2\/product"}],"about":[{"href":"https:\/\/equipmentcontrols.com\/fr\/wp-json\/wp\/v2\/types\/product"}],"wp:featuredmedia":[{"embeddable":true,"href":"https:\/\/equipmentcontrols.com\/fr\/wp-json\/wp\/v2\/media\/822"}],"wp:attachment":[{"href":"https:\/\/equipmentcontrols.com\/fr\/wp-json\/wp\/v2\/media?parent=823"}],"wp:term":[{"taxonomy":"product_brand","embeddable":true,"href":"https:\/\/equipmentcontrols.com\/fr\/wp-json\/wp\/v2\/product_brand?post=823"},{"taxonomy":"product_cat","embeddable":true,"href":"https:\/\/equipmentcontrols.com\/fr\/wp-json\/wp\/v2\/product_cat?post=823"},{"taxonomy":"product_tag","embeddable":true,"href":"https:\/\/equipmentcontrols.com\/fr\/wp-json\/wp\/v2\/product_tag?post=823"}],"curies":[{"name":"wp","href":"https:\/\/api.w.org\/{rel}","templated":true}]}}