{"id":821,"date":"2020-04-30T16:48:34","date_gmt":"2020-04-30T16:48:34","guid":{"rendered":"https:\/\/econtrols.stagemysite.com\/product\/eagle-xartu1-cathodic-protection\/"},"modified":"2020-04-30T21:54:37","modified_gmt":"2020-04-30T21:54:37","slug":"eagle-xartu1-cathodic-protection","status":"publish","type":"product","link":"https:\/\/equipmentcontrols.com\/fr\/produit\/eagle-xartu1-cathodic-protection\/","title":{"rendered":"EAGLE XARTU1 Protection Cathodique"},"content":{"rendered":"<p><strong>XARTU\/1\u2122<\/strong><br \/>\n<strong>La protection cathodique<\/strong><\/p>\n<p>Le XARTU\/1-CP\u2122 est con\u00e7u pour fournir aux exploitants de pipelines une gamme compl\u00e8te de fonctions pour la surveillance \u00e0 distance, l&#039;acquisition de donn\u00e9es et le contr\u00f4le des syst\u00e8mes de protection cathodique utilis\u00e9s sur les pipelines en acier enterr\u00e9s<\/p>\n<ul>\n<li>Algorithmes Sensus Auto-Adjust\u2122 int\u00e9gr\u00e9s certifi\u00e9s par Sensus\u2122<\/li>\n<li>Entr\u00e9es GC en direct<\/li>\n<li>AGA 5, AGA 7, AGA 8 M\u00e9thodes d\u00e9taill\u00e9es et brutes I et II, et calcul NX-19 si n\u00e9cessaire<\/li>\n<li>Sortie en direct 4-20\u00a0mA ou fr\u00e9quence en option pour un d\u00e9bit instantan\u00e9 \u2022 Configurable via RS232 pour la communication Modbus<\/li>\n<li>RS485 en option avec carte d&#039;extension<\/li>\n<li>Communications sans fil en option (cellulaire\/radio\/satellite)<\/li>\n<li>Repr\u00e9sentation graphique en direct des fr\u00e9quences principales\/de d\u00e9tection sur le terrain<\/li>\n<\/ul>\n<p><strong>Avantages du montage universel et de la configuration logicielle\u00a0:<\/strong><\/p>\n<ul>\n<li>Installation sur le terrain directement sur le compteur<\/li>\n<li>L\u00e9ger, facile \u00e0 installer par une seule personne<\/li>\n<li>Logiciel configurable pour diff\u00e9rentes r\u00e9volutions de sortie du compteur, c&#039;est-\u00e0-dire 10 pieds\/tour, 100 pieds\/tour, etc.<\/li>\n<li>Affichage activ\u00e9 par interrupteur magn\u00e9tique<\/li>\n<li>Le correcteur AAT de la s\u00e9rie XA est utilis\u00e9 avec le d\u00e9bitm\u00e8tre \u00e0 turbine \u00e0 r\u00e9glage automatique Sensus pour fournir une solution plus rentable pour vos besoins de mesure \u00e0 volume \u00e9lev\u00e9 et \u00e0 valeur \u00e9lev\u00e9e.<\/li>\n<li>Le moniteur et correcteur AAT de la s\u00e9rie XA offre de nombreuses options pour chaque besoin client.<\/li>\n<li>Le moniteur AAT fournit des sorties de fr\u00e9quence pour le d\u00e9bit ajust\u00e9 non corrig\u00e9.<\/li>\n<li>Le correcteur AAT peut fournir de v\u00e9ritables d\u00e9bits en direct avec des sorties analogiques en option, et non des mises \u00e0 jour incr\u00e9mentielles.<\/li>\n<li>Le correcteur AAT de la s\u00e9rie XA a \u00e9galement la capacit\u00e9 de dupliquer les sorties des capteurs de fente principale et de d\u00e9tection avec des cartes IPS en option (p\/n 9010418). Ces r\u00e9pliques d&#039;impulsions peuvent \u00eatre envoy\u00e9es \u00e0 une RTU tierce.<\/li>\n<li>Le correcteur AAT de la s\u00e9rie XA peut \u00e9galement fournir une repr\u00e9sentation graphique en direct du delta A, du d\u00e9bit ajust\u00e9 non corrig\u00e9, de la fr\u00e9quence du rotor principal et de la fr\u00e9quence du rotor de d\u00e9tection lorsqu&#039;il est utilis\u00e9 avec le logiciel Field Manager\u2122.<\/li>\n<li>Ajoutez facilement des facteurs AAT sans conna\u00eetre les codes sp\u00e9cifiques.<\/li>\n<li>Ajoutez facilement les facteurs Km, Ks, Kmo et A_Bar sur un formulaire d&#039;\u00e9dition facile \u00e0 lire.<\/li>\n<li>L&#039;unit\u00e9 a la capacit\u00e9 de simuler les fr\u00e9quences principales et de d\u00e9tection via un logiciel sans \u00e9quipement suppl\u00e9mentaire.<\/li>\n<li>Peut obtenir un volume corrig\u00e9 ajust\u00e9, mais l&#039;unit\u00e9 calcule \u00e9galement le volume corrig\u00e9 m\u00e9caniquement comme sauvegarde en cas de perte de la fr\u00e9quence principale (capteur de fente).<\/li>\n<\/ul>\n<p>&nbsp;<\/p>\n<p><strong>T\u00e9l\u00e9charger:<\/strong><br \/>\n<a href=\"https:\/\/equipmentcontrols.com\/wp-content\/uploads\/2020\/04\/xartu_cp.pdf\">Fiche technique XARTU CP<\/a><\/p>","protected":false},"excerpt":{"rendered":"<p>XARTU\/1\u2122 Cathodic Protection The XARTU\/1-CP\u2122 is designed to provide pipeline operators with a complete range of functions for remote monitoring, data acquisition, and control of cathodic protection systems used on buried steel pipelines Embedded Sensus Auto-Adjust\u2122 Algorithms certified by Sensus\u2122 Live GC inputs AGA 5, AGA 7, AGA 8 Detailed and Gross Methods I &amp; [&hellip;]<\/p>\n","protected":false},"featured_media":820,"template":"","meta":[],"product_brand":[],"product_cat":[49,23],"product_tag":[],"class_list":{"0":"post-821","1":"product","2":"type-product","3":"status-publish","4":"has-post-thumbnail","6":"product_cat-eagle-research-corporation","7":"product_cat-instrumentation","9":"first","10":"instock","11":"shipping-taxable","12":"product-type-simple"},"yoast_head":"<!-- This site is optimized with the Yoast SEO Premium plugin v23.9 (Yoast SEO v27.3) - https:\/\/yoast.com\/product\/yoast-seo-premium-wordpress\/ -->\n<title>EAGLE XARTU1 Cathodic Protection - ECCO<\/title>\n<meta name=\"description\" content=\"The XARTU\/1-CP\u2122 is designed to provide pipeline operators with a complete range of functions for remote monitoring, data acquisition, and control of cathodic protection systems used on buried steel pipelines\" \/>\n<meta name=\"robots\" content=\"index, follow, max-snippet:-1, max-image-preview:large, max-video-preview:-1\" \/>\n<link rel=\"canonical\" href=\"https:\/\/equipmentcontrols.com\/fr\/produit\/eagle-xartu1-cathodic-protection\/\" \/>\n<meta property=\"og:locale\" content=\"fr_CA\" \/>\n<meta property=\"og:type\" content=\"article\" \/>\n<meta property=\"og:title\" content=\"EAGLE XARTU1 Cathodic Protection\" \/>\n<meta property=\"og:description\" content=\"The XARTU\/1-CP\u2122 is designed to provide pipeline operators with a complete range of functions for remote monitoring, data acquisition, and control of cathodic protection systems used on buried steel pipelines\" \/>\n<meta property=\"og:url\" content=\"https:\/\/equipmentcontrols.com\/fr\/produit\/eagle-xartu1-cathodic-protection\/\" \/>\n<meta property=\"og:site_name\" content=\"ECCO\" \/>\n<meta property=\"article:modified_time\" content=\"2020-04-30T21:54:37+00:00\" \/>\n<meta property=\"og:image\" content=\"https:\/\/equipmentcontrols.com\/wp-content\/uploads\/2020\/04\/EAGLE20XARTU120Cathodic20Protection.jpg\" \/>\n\t<meta property=\"og:image:width\" content=\"860\" \/>\n\t<meta property=\"og:image:height\" content=\"860\" \/>\n\t<meta property=\"og:image:type\" content=\"image\/jpeg\" \/>\n<meta name=\"twitter:card\" content=\"summary_large_image\" \/>\n<meta name=\"twitter:label1\" content=\"Estimation du temps de lecture\" \/>\n\t<meta name=\"twitter:data1\" content=\"2 minutes\" \/>\n<script type=\"application\/ld+json\" class=\"yoast-schema-graph\">{\"@context\":\"https:\\\/\\\/schema.org\",\"@graph\":[{\"@type\":\"WebPage\",\"@id\":\"https:\\\/\\\/equipmentcontrols.com\\\/product\\\/eagle-xartu1-cathodic-protection\\\/\",\"url\":\"https:\\\/\\\/equipmentcontrols.com\\\/product\\\/eagle-xartu1-cathodic-protection\\\/\",\"name\":\"EAGLE XARTU1 Cathodic Protection - ECCO\",\"isPartOf\":{\"@id\":\"https:\\\/\\\/equipmentcontrols.com\\\/#website\"},\"primaryImageOfPage\":{\"@id\":\"https:\\\/\\\/equipmentcontrols.com\\\/product\\\/eagle-xartu1-cathodic-protection\\\/#primaryimage\"},\"image\":{\"@id\":\"https:\\\/\\\/equipmentcontrols.com\\\/product\\\/eagle-xartu1-cathodic-protection\\\/#primaryimage\"},\"thumbnailUrl\":\"https:\\\/\\\/equipmentcontrols.com\\\/wp-content\\\/uploads\\\/2020\\\/04\\\/EAGLE20XARTU120Cathodic20Protection.jpg\",\"datePublished\":\"2020-04-30T16:48:34+00:00\",\"dateModified\":\"2020-04-30T21:54:37+00:00\",\"description\":\"The XARTU\\\/1-CP\u2122 is designed to provide pipeline operators with a complete range of functions for remote monitoring, data acquisition, and control of cathodic protection systems used on buried steel pipelines\",\"breadcrumb\":{\"@id\":\"https:\\\/\\\/equipmentcontrols.com\\\/product\\\/eagle-xartu1-cathodic-protection\\\/#breadcrumb\"},\"inLanguage\":\"fr-CA\",\"potentialAction\":[{\"@type\":\"ReadAction\",\"target\":[\"https:\\\/\\\/equipmentcontrols.com\\\/product\\\/eagle-xartu1-cathodic-protection\\\/\"]}]},{\"@type\":\"ImageObject\",\"inLanguage\":\"fr-CA\",\"@id\":\"https:\\\/\\\/equipmentcontrols.com\\\/product\\\/eagle-xartu1-cathodic-protection\\\/#primaryimage\",\"url\":\"https:\\\/\\\/equipmentcontrols.com\\\/wp-content\\\/uploads\\\/2020\\\/04\\\/EAGLE20XARTU120Cathodic20Protection.jpg\",\"contentUrl\":\"https:\\\/\\\/equipmentcontrols.com\\\/wp-content\\\/uploads\\\/2020\\\/04\\\/EAGLE20XARTU120Cathodic20Protection.jpg\",\"width\":860,\"height\":860,\"caption\":\"EAGLE20XARTU120Cathodic20Protection.jpg\"},{\"@type\":\"BreadcrumbList\",\"@id\":\"https:\\\/\\\/equipmentcontrols.com\\\/product\\\/eagle-xartu1-cathodic-protection\\\/#breadcrumb\",\"itemListElement\":[{\"@type\":\"ListItem\",\"position\":1,\"name\":\"Home\",\"item\":\"https:\\\/\\\/equipmentcontrols.com\\\/\"},{\"@type\":\"ListItem\",\"position\":2,\"name\":\"Shop\",\"item\":\"https:\\\/\\\/equipmentcontrols.com\\\/shop\\\/\"},{\"@type\":\"ListItem\",\"position\":3,\"name\":\"EAGLE XARTU1 Cathodic Protection\"}]},{\"@type\":\"WebSite\",\"@id\":\"https:\\\/\\\/equipmentcontrols.com\\\/#website\",\"url\":\"https:\\\/\\\/equipmentcontrols.com\\\/\",\"name\":\"ECCO\",\"description\":\"Equipment Controls Company\",\"potentialAction\":[{\"@type\":\"SearchAction\",\"target\":{\"@type\":\"EntryPoint\",\"urlTemplate\":\"https:\\\/\\\/equipmentcontrols.com\\\/?s={search_term_string}\"},\"query-input\":{\"@type\":\"PropertyValueSpecification\",\"valueRequired\":true,\"valueName\":\"search_term_string\"}}],\"inLanguage\":\"fr-CA\"}]}<\/script>\n<!-- \/ Yoast SEO Premium plugin. -->","yoast_head_json":{"title":"EAGLE XARTU1 Cathodic Protection - ECCO","description":"Le XARTU\/1-CP\u2122 est con\u00e7u pour fournir aux exploitants de pipelines une gamme compl\u00e8te de fonctions pour la surveillance \u00e0 distance, l&#039;acquisition de donn\u00e9es et le contr\u00f4le des syst\u00e8mes de protection cathodique utilis\u00e9s sur les pipelines en acier enterr\u00e9s","robots":{"index":"index","follow":"follow","max-snippet":"max-snippet:-1","max-image-preview":"max-image-preview:large","max-video-preview":"max-video-preview:-1"},"canonical":"https:\/\/equipmentcontrols.com\/fr\/produit\/eagle-xartu1-cathodic-protection\/","og_locale":"fr_CA","og_type":"article","og_title":"EAGLE XARTU1 Cathodic Protection","og_description":"The XARTU\/1-CP\u2122 is designed to provide pipeline operators with a complete range of functions for remote monitoring, data acquisition, and control of cathodic protection systems used on buried steel pipelines","og_url":"https:\/\/equipmentcontrols.com\/fr\/produit\/eagle-xartu1-cathodic-protection\/","og_site_name":"ECCO","article_modified_time":"2020-04-30T21:54:37+00:00","og_image":[{"width":860,"height":860,"url":"https:\/\/equipmentcontrols.com\/wp-content\/uploads\/2020\/04\/EAGLE20XARTU120Cathodic20Protection.jpg","type":"image\/jpeg"}],"twitter_card":"summary_large_image","twitter_misc":{"Estimation du temps de lecture":"2 minutes"},"schema":{"@context":"https:\/\/schema.org","@graph":[{"@type":"WebPage","@id":"https:\/\/equipmentcontrols.com\/product\/eagle-xartu1-cathodic-protection\/","url":"https:\/\/equipmentcontrols.com\/product\/eagle-xartu1-cathodic-protection\/","name":"EAGLE XARTU1 Cathodic Protection - ECCO","isPartOf":{"@id":"https:\/\/equipmentcontrols.com\/#website"},"primaryImageOfPage":{"@id":"https:\/\/equipmentcontrols.com\/product\/eagle-xartu1-cathodic-protection\/#primaryimage"},"image":{"@id":"https:\/\/equipmentcontrols.com\/product\/eagle-xartu1-cathodic-protection\/#primaryimage"},"thumbnailUrl":"https:\/\/equipmentcontrols.com\/wp-content\/uploads\/2020\/04\/EAGLE20XARTU120Cathodic20Protection.jpg","datePublished":"2020-04-30T16:48:34+00:00","dateModified":"2020-04-30T21:54:37+00:00","description":"Le XARTU\/1-CP\u2122 est con\u00e7u pour fournir aux exploitants de pipelines une gamme compl\u00e8te de fonctions pour la surveillance \u00e0 distance, l&#039;acquisition de donn\u00e9es et le contr\u00f4le des syst\u00e8mes de protection cathodique utilis\u00e9s sur les pipelines en acier enterr\u00e9s","breadcrumb":{"@id":"https:\/\/equipmentcontrols.com\/product\/eagle-xartu1-cathodic-protection\/#breadcrumb"},"inLanguage":"fr-CA","potentialAction":[{"@type":"ReadAction","target":["https:\/\/equipmentcontrols.com\/product\/eagle-xartu1-cathodic-protection\/"]}]},{"@type":"ImageObject","inLanguage":"fr-CA","@id":"https:\/\/equipmentcontrols.com\/product\/eagle-xartu1-cathodic-protection\/#primaryimage","url":"https:\/\/equipmentcontrols.com\/wp-content\/uploads\/2020\/04\/EAGLE20XARTU120Cathodic20Protection.jpg","contentUrl":"https:\/\/equipmentcontrols.com\/wp-content\/uploads\/2020\/04\/EAGLE20XARTU120Cathodic20Protection.jpg","width":860,"height":860,"caption":"EAGLE20XARTU120Cathodic20Protection.jpg"},{"@type":"BreadcrumbList","@id":"https:\/\/equipmentcontrols.com\/product\/eagle-xartu1-cathodic-protection\/#breadcrumb","itemListElement":[{"@type":"ListItem","position":1,"name":"Home","item":"https:\/\/equipmentcontrols.com\/"},{"@type":"ListItem","position":2,"name":"Shop","item":"https:\/\/equipmentcontrols.com\/shop\/"},{"@type":"ListItem","position":3,"name":"EAGLE XARTU1 Cathodic Protection"}]},{"@type":"WebSite","@id":"https:\/\/equipmentcontrols.com\/#website","url":"https:\/\/equipmentcontrols.com\/","name":"ECCO","description":"Compagnie de contr\u00f4le d&#039;\u00e9quipement","potentialAction":[{"@type":"SearchAction","target":{"@type":"EntryPoint","urlTemplate":"https:\/\/equipmentcontrols.com\/?s={search_term_string}"},"query-input":{"@type":"PropertyValueSpecification","valueRequired":true,"valueName":"search_term_string"}}],"inLanguage":"fr-CA"}]}},"_links":{"self":[{"href":"https:\/\/equipmentcontrols.com\/fr\/wp-json\/wp\/v2\/product\/821","targetHints":{"allow":["GET"]}}],"collection":[{"href":"https:\/\/equipmentcontrols.com\/fr\/wp-json\/wp\/v2\/product"}],"about":[{"href":"https:\/\/equipmentcontrols.com\/fr\/wp-json\/wp\/v2\/types\/product"}],"wp:featuredmedia":[{"embeddable":true,"href":"https:\/\/equipmentcontrols.com\/fr\/wp-json\/wp\/v2\/media\/820"}],"wp:attachment":[{"href":"https:\/\/equipmentcontrols.com\/fr\/wp-json\/wp\/v2\/media?parent=821"}],"wp:term":[{"taxonomy":"product_brand","embeddable":true,"href":"https:\/\/equipmentcontrols.com\/fr\/wp-json\/wp\/v2\/product_brand?post=821"},{"taxonomy":"product_cat","embeddable":true,"href":"https:\/\/equipmentcontrols.com\/fr\/wp-json\/wp\/v2\/product_cat?post=821"},{"taxonomy":"product_tag","embeddable":true,"href":"https:\/\/equipmentcontrols.com\/fr\/wp-json\/wp\/v2\/product_tag?post=821"}],"curies":[{"name":"wp","href":"https:\/\/api.w.org\/{rel}","templated":true}]}}