{"id":819,"date":"2020-04-30T16:48:34","date_gmt":"2020-04-30T16:48:34","guid":{"rendered":"https:\/\/econtrols.stagemysite.com\/product\/eagle-xartu1-aat-volume-corrector\/"},"modified":"2020-04-30T21:52:55","modified_gmt":"2020-04-30T21:52:55","slug":"eagle-xartu1-aat-volume-corrector","status":"publish","type":"product","link":"https:\/\/equipmentcontrols.com\/fr\/produit\/eagle-xartu1-aat-volume-corrector\/","title":{"rendered":"EAGLE XARTU1 AAT Correcteur de volume"},"content":{"rendered":"<p><strong>XARTU\/1\u00ae<\/strong><br \/>\n<strong>Correcteur de volume AAT<\/strong><\/p>\n<p>&nbsp;<\/p>\n<p>Le correcteur de volume XARTU\/1\u2122-LDVI-AAT est applicable au d\u00e9bitm\u00e8tre \u00e0 turbine Sensus Auto-Adjust\u2122. Les caract\u00e9ristiques de cette configuration incluent\u00a0:\u25a0Algorithmes Sensus Auto-Adjust\u2122 int\u00e9gr\u00e9s certifi\u00e9s par Sensus\u2122<\/p>\n<p>Le correcteur de volume XARTU\/1\u2122-LDVI-AAT s&#039;applique au d\u00e9bitm\u00e8tre \u00e0 turbine Sensus Auto-Adjust\u2122.<\/p>\n<p><strong>Les caract\u00e9ristiques de cette configuration incluent\u00a0:<\/strong><\/p>\n<ul>\n<li>Algorithmes Sensus Auto-Adjust\u2122 int\u00e9gr\u00e9s certifi\u00e9s par Sensus\u2122<\/li>\n<li>Entr\u00e9es GC en direct<\/li>\n<li>AGA 5, AGA 7, AGA 8 M\u00e9thodes d\u00e9taill\u00e9es et brutes I et II, et calcul NX-19 si n\u00e9cessaire<\/li>\n<li>Sortie en direct 4-20mA ou fr\u00e9quence en option pour un d\u00e9bit instantan\u00e9<\/li>\n<li>Configurable via RS232 pour la communication Modbus<\/li>\n<li>RS485 en option avec carte d&#039;extension<\/li>\n<li>Communications sans fil en option (cellulaire\/radio\/satellite)<\/li>\n<li>Repr\u00e9sentation graphique en direct des fr\u00e9quences principales\/de d\u00e9tection dans Field Manager\u2122<\/li>\n<\/ul>\n<p><strong>Avantages du montage universel et de la configuration logicielle\u00a0:<\/strong><\/p>\n<ul>\n<li>Installation sur le terrain directement sur le compteur<\/li>\n<li>L\u00e9ger, facile \u00e0 installer par une seule personne<\/li>\n<li>Logiciel configurable pour diff\u00e9rentes r\u00e9volutions de sortie du compteur, c&#039;est-\u00e0-dire 10 pieds\/tour, 100 pieds\/tour, etc.<\/li>\n<li>Affichage activ\u00e9 par interrupteur magn\u00e9tique<\/li>\n<li>Le correcteur AAT de la s\u00e9rie XA est utilis\u00e9 avec le d\u00e9bitm\u00e8tre \u00e0 turbine \u00e0 r\u00e9glage automatique Sensus pour fournir une solution plus rentable pour vos besoins de mesure \u00e0 volume \u00e9lev\u00e9 et \u00e0 valeur \u00e9lev\u00e9e.<\/li>\n<li>Le moniteur et correcteur AAT de la s\u00e9rie XA offre de nombreuses options pour chaque besoin client.<\/li>\n<li>Le moniteur AAT fournit des sorties de fr\u00e9quence pour le d\u00e9bit ajust\u00e9 non corrig\u00e9.<\/li>\n<li>Le correcteur AAT peut fournir de v\u00e9ritables d\u00e9bits en direct avec des sorties analogiques en option, et non des mises \u00e0 jour incr\u00e9mentielles.<\/li>\n<li>Le correcteur AAT de la s\u00e9rie XA a \u00e9galement la capacit\u00e9 de dupliquer les sorties des capteurs de fente principale et de d\u00e9tection avec des cartes IPS en option (p\/n 9010418). Ces r\u00e9pliques d&#039;impulsions peuvent \u00eatre envoy\u00e9es \u00e0 une RTU tierce.<\/li>\n<li>Le correcteur AAT de la s\u00e9rie XA peut \u00e9galement fournir une repr\u00e9sentation graphique en direct du delta A, du d\u00e9bit ajust\u00e9 non corrig\u00e9, de la fr\u00e9quence du rotor principal et de la fr\u00e9quence du rotor de d\u00e9tection lorsqu&#039;il est utilis\u00e9 avec le logiciel Field Manager\u2122.<\/li>\n<li>Ajoutez facilement des facteurs AAT sans conna\u00eetre les codes sp\u00e9cifiques.<\/li>\n<li>Ajoutez facilement les facteurs Km, Ks, Kmo et A_Bar sur un formulaire d&#039;\u00e9dition facile \u00e0 lire.<\/li>\n<li>L&#039;unit\u00e9 a la capacit\u00e9 de simuler les fr\u00e9quences principales et de d\u00e9tection via un logiciel sans \u00e9quipement suppl\u00e9mentaire.<\/li>\n<li>Peut obtenir un volume corrig\u00e9 ajust\u00e9, mais l&#039;unit\u00e9 calcule \u00e9galement le volume corrig\u00e9 m\u00e9caniquement comme sauvegarde en cas de perte de la fr\u00e9quence principale (capteur de fente)<\/li>\n<\/ul>\n<p><strong>T\u00e9l\u00e9charger:<\/strong><br \/>\n<a href=\"https:\/\/equipmentcontrols.com\/wp-content\/uploads\/2020\/04\/xartu_auto_vc.pdf\">XARTU Auto VC<\/a><\/p>","protected":false},"excerpt":{"rendered":"<p>XARTU\/1\u00ae AAT Volume Corrector &nbsp; The XARTU\/1\u2122-LDVI-AAT Volume Corrector is applicable to the Sensus Auto-Adjust\u2122 Turbine meter. Features of this configuration include:\u25a0Embedded Sensus Auto-Adjust\u2122 Algorithms certified by Sensus\u2122 The XARTU\/1\u2122-LDVI-AAT Volume Corrector is applicable to the Sensus Auto-Adjust\u2122 Turbine meter. Features of this configuration include: Embedded Sensus Auto-Adjust\u2122 Algorithms certified by Sensus\u2122 Live GC inputs [&hellip;]<\/p>\n","protected":false},"featured_media":818,"template":"","meta":[],"product_brand":[],"product_cat":[49,23],"product_tag":[],"class_list":{"0":"post-819","1":"product","2":"type-product","3":"status-publish","4":"has-post-thumbnail","6":"product_cat-eagle-research-corporation","7":"product_cat-instrumentation","9":"first","10":"instock","11":"shipping-taxable","12":"product-type-simple"},"yoast_head":"<!-- This site is optimized with the Yoast SEO Premium plugin v23.9 (Yoast SEO v27.3) - https:\/\/yoast.com\/product\/yoast-seo-premium-wordpress\/ -->\n<title>EAGLE XARTU1 AAT Volume Corrector - ECCO<\/title>\n<meta name=\"robots\" content=\"index, follow, max-snippet:-1, max-image-preview:large, max-video-preview:-1\" \/>\n<link rel=\"canonical\" href=\"https:\/\/equipmentcontrols.com\/fr\/produit\/eagle-xartu1-aat-volume-corrector\/\" \/>\n<meta property=\"og:locale\" content=\"fr_CA\" \/>\n<meta property=\"og:type\" content=\"article\" \/>\n<meta property=\"og:title\" content=\"EAGLE XARTU1 AAT Volume Corrector\" \/>\n<meta property=\"og:description\" content=\"XARTU\/1\u00ae AAT Volume Corrector &nbsp; The XARTU\/1\u2122-LDVI-AAT Volume Corrector is applicable to the Sensus Auto-Adjust\u2122 Turbine meter. Features of this configuration include:\u25a0Embedded Sensus Auto-Adjust\u2122 Algorithms certified by Sensus\u2122 The XARTU\/1\u2122-LDVI-AAT Volume Corrector is applicable to the Sensus Auto-Adjust\u2122 Turbine meter. Features of this configuration include: Embedded Sensus Auto-Adjust\u2122 Algorithms certified by Sensus\u2122 Live GC inputs [&hellip;]\" \/>\n<meta property=\"og:url\" content=\"https:\/\/equipmentcontrols.com\/fr\/produit\/eagle-xartu1-aat-volume-corrector\/\" \/>\n<meta property=\"og:site_name\" content=\"ECCO\" \/>\n<meta property=\"article:modified_time\" content=\"2020-04-30T21:52:55+00:00\" \/>\n<meta property=\"og:image\" content=\"https:\/\/equipmentcontrols.com\/wp-content\/uploads\/2020\/04\/EAGLE20XARTU120AAT20Volume20Corrector.jpg\" \/>\n\t<meta property=\"og:image:width\" content=\"860\" \/>\n\t<meta property=\"og:image:height\" content=\"860\" \/>\n\t<meta property=\"og:image:type\" content=\"image\/jpeg\" \/>\n<meta name=\"twitter:card\" content=\"summary_large_image\" \/>\n<meta name=\"twitter:label1\" content=\"Estimation du temps de lecture\" \/>\n\t<meta name=\"twitter:data1\" content=\"2 minutes\" \/>\n<script type=\"application\/ld+json\" class=\"yoast-schema-graph\">{\"@context\":\"https:\\\/\\\/schema.org\",\"@graph\":[{\"@type\":\"WebPage\",\"@id\":\"https:\\\/\\\/equipmentcontrols.com\\\/product\\\/eagle-xartu1-aat-volume-corrector\\\/\",\"url\":\"https:\\\/\\\/equipmentcontrols.com\\\/product\\\/eagle-xartu1-aat-volume-corrector\\\/\",\"name\":\"EAGLE XARTU1 AAT Volume Corrector - ECCO\",\"isPartOf\":{\"@id\":\"https:\\\/\\\/equipmentcontrols.com\\\/#website\"},\"primaryImageOfPage\":{\"@id\":\"https:\\\/\\\/equipmentcontrols.com\\\/product\\\/eagle-xartu1-aat-volume-corrector\\\/#primaryimage\"},\"image\":{\"@id\":\"https:\\\/\\\/equipmentcontrols.com\\\/product\\\/eagle-xartu1-aat-volume-corrector\\\/#primaryimage\"},\"thumbnailUrl\":\"https:\\\/\\\/equipmentcontrols.com\\\/wp-content\\\/uploads\\\/2020\\\/04\\\/EAGLE20XARTU120AAT20Volume20Corrector.jpg\",\"datePublished\":\"2020-04-30T16:48:34+00:00\",\"dateModified\":\"2020-04-30T21:52:55+00:00\",\"breadcrumb\":{\"@id\":\"https:\\\/\\\/equipmentcontrols.com\\\/product\\\/eagle-xartu1-aat-volume-corrector\\\/#breadcrumb\"},\"inLanguage\":\"fr-CA\",\"potentialAction\":[{\"@type\":\"ReadAction\",\"target\":[\"https:\\\/\\\/equipmentcontrols.com\\\/product\\\/eagle-xartu1-aat-volume-corrector\\\/\"]}]},{\"@type\":\"ImageObject\",\"inLanguage\":\"fr-CA\",\"@id\":\"https:\\\/\\\/equipmentcontrols.com\\\/product\\\/eagle-xartu1-aat-volume-corrector\\\/#primaryimage\",\"url\":\"https:\\\/\\\/equipmentcontrols.com\\\/wp-content\\\/uploads\\\/2020\\\/04\\\/EAGLE20XARTU120AAT20Volume20Corrector.jpg\",\"contentUrl\":\"https:\\\/\\\/equipmentcontrols.com\\\/wp-content\\\/uploads\\\/2020\\\/04\\\/EAGLE20XARTU120AAT20Volume20Corrector.jpg\",\"width\":860,\"height\":860,\"caption\":\"EAGLE20XARTU120AAT20Volume20Corrector\"},{\"@type\":\"BreadcrumbList\",\"@id\":\"https:\\\/\\\/equipmentcontrols.com\\\/product\\\/eagle-xartu1-aat-volume-corrector\\\/#breadcrumb\",\"itemListElement\":[{\"@type\":\"ListItem\",\"position\":1,\"name\":\"Home\",\"item\":\"https:\\\/\\\/equipmentcontrols.com\\\/\"},{\"@type\":\"ListItem\",\"position\":2,\"name\":\"Shop\",\"item\":\"https:\\\/\\\/equipmentcontrols.com\\\/shop\\\/\"},{\"@type\":\"ListItem\",\"position\":3,\"name\":\"EAGLE XARTU1 AAT Volume Corrector\"}]},{\"@type\":\"WebSite\",\"@id\":\"https:\\\/\\\/equipmentcontrols.com\\\/#website\",\"url\":\"https:\\\/\\\/equipmentcontrols.com\\\/\",\"name\":\"ECCO\",\"description\":\"Equipment Controls Company\",\"potentialAction\":[{\"@type\":\"SearchAction\",\"target\":{\"@type\":\"EntryPoint\",\"urlTemplate\":\"https:\\\/\\\/equipmentcontrols.com\\\/?s={search_term_string}\"},\"query-input\":{\"@type\":\"PropertyValueSpecification\",\"valueRequired\":true,\"valueName\":\"search_term_string\"}}],\"inLanguage\":\"fr-CA\"}]}<\/script>\n<!-- \/ Yoast SEO Premium plugin. -->","yoast_head_json":{"title":"EAGLE XARTU1 AAT Volume Corrector - ECCO","robots":{"index":"index","follow":"follow","max-snippet":"max-snippet:-1","max-image-preview":"max-image-preview:large","max-video-preview":"max-video-preview:-1"},"canonical":"https:\/\/equipmentcontrols.com\/fr\/produit\/eagle-xartu1-aat-volume-corrector\/","og_locale":"fr_CA","og_type":"article","og_title":"EAGLE XARTU1 AAT Volume Corrector","og_description":"XARTU\/1\u00ae AAT Volume Corrector &nbsp; The XARTU\/1\u2122-LDVI-AAT Volume Corrector is applicable to the Sensus Auto-Adjust\u2122 Turbine meter. Features of this configuration include:\u25a0Embedded Sensus Auto-Adjust\u2122 Algorithms certified by Sensus\u2122 The XARTU\/1\u2122-LDVI-AAT Volume Corrector is applicable to the Sensus Auto-Adjust\u2122 Turbine meter. Features of this configuration include: Embedded Sensus Auto-Adjust\u2122 Algorithms certified by Sensus\u2122 Live GC inputs [&hellip;]","og_url":"https:\/\/equipmentcontrols.com\/fr\/produit\/eagle-xartu1-aat-volume-corrector\/","og_site_name":"ECCO","article_modified_time":"2020-04-30T21:52:55+00:00","og_image":[{"width":860,"height":860,"url":"https:\/\/equipmentcontrols.com\/wp-content\/uploads\/2020\/04\/EAGLE20XARTU120AAT20Volume20Corrector.jpg","type":"image\/jpeg"}],"twitter_card":"summary_large_image","twitter_misc":{"Estimation du temps de lecture":"2 minutes"},"schema":{"@context":"https:\/\/schema.org","@graph":[{"@type":"WebPage","@id":"https:\/\/equipmentcontrols.com\/product\/eagle-xartu1-aat-volume-corrector\/","url":"https:\/\/equipmentcontrols.com\/product\/eagle-xartu1-aat-volume-corrector\/","name":"EAGLE XARTU1 AAT Volume Corrector - ECCO","isPartOf":{"@id":"https:\/\/equipmentcontrols.com\/#website"},"primaryImageOfPage":{"@id":"https:\/\/equipmentcontrols.com\/product\/eagle-xartu1-aat-volume-corrector\/#primaryimage"},"image":{"@id":"https:\/\/equipmentcontrols.com\/product\/eagle-xartu1-aat-volume-corrector\/#primaryimage"},"thumbnailUrl":"https:\/\/equipmentcontrols.com\/wp-content\/uploads\/2020\/04\/EAGLE20XARTU120AAT20Volume20Corrector.jpg","datePublished":"2020-04-30T16:48:34+00:00","dateModified":"2020-04-30T21:52:55+00:00","breadcrumb":{"@id":"https:\/\/equipmentcontrols.com\/product\/eagle-xartu1-aat-volume-corrector\/#breadcrumb"},"inLanguage":"fr-CA","potentialAction":[{"@type":"ReadAction","target":["https:\/\/equipmentcontrols.com\/product\/eagle-xartu1-aat-volume-corrector\/"]}]},{"@type":"ImageObject","inLanguage":"fr-CA","@id":"https:\/\/equipmentcontrols.com\/product\/eagle-xartu1-aat-volume-corrector\/#primaryimage","url":"https:\/\/equipmentcontrols.com\/wp-content\/uploads\/2020\/04\/EAGLE20XARTU120AAT20Volume20Corrector.jpg","contentUrl":"https:\/\/equipmentcontrols.com\/wp-content\/uploads\/2020\/04\/EAGLE20XARTU120AAT20Volume20Corrector.jpg","width":860,"height":860,"caption":"EAGLE20XARTU120AAT20Volume20Corrector"},{"@type":"BreadcrumbList","@id":"https:\/\/equipmentcontrols.com\/product\/eagle-xartu1-aat-volume-corrector\/#breadcrumb","itemListElement":[{"@type":"ListItem","position":1,"name":"Home","item":"https:\/\/equipmentcontrols.com\/"},{"@type":"ListItem","position":2,"name":"Shop","item":"https:\/\/equipmentcontrols.com\/shop\/"},{"@type":"ListItem","position":3,"name":"EAGLE XARTU1 AAT Volume Corrector"}]},{"@type":"WebSite","@id":"https:\/\/equipmentcontrols.com\/#website","url":"https:\/\/equipmentcontrols.com\/","name":"ECCO","description":"Compagnie de contr\u00f4le d&#039;\u00e9quipement","potentialAction":[{"@type":"SearchAction","target":{"@type":"EntryPoint","urlTemplate":"https:\/\/equipmentcontrols.com\/?s={search_term_string}"},"query-input":{"@type":"PropertyValueSpecification","valueRequired":true,"valueName":"search_term_string"}}],"inLanguage":"fr-CA"}]}},"_links":{"self":[{"href":"https:\/\/equipmentcontrols.com\/fr\/wp-json\/wp\/v2\/product\/819","targetHints":{"allow":["GET"]}}],"collection":[{"href":"https:\/\/equipmentcontrols.com\/fr\/wp-json\/wp\/v2\/product"}],"about":[{"href":"https:\/\/equipmentcontrols.com\/fr\/wp-json\/wp\/v2\/types\/product"}],"wp:featuredmedia":[{"embeddable":true,"href":"https:\/\/equipmentcontrols.com\/fr\/wp-json\/wp\/v2\/media\/818"}],"wp:attachment":[{"href":"https:\/\/equipmentcontrols.com\/fr\/wp-json\/wp\/v2\/media?parent=819"}],"wp:term":[{"taxonomy":"product_brand","embeddable":true,"href":"https:\/\/equipmentcontrols.com\/fr\/wp-json\/wp\/v2\/product_brand?post=819"},{"taxonomy":"product_cat","embeddable":true,"href":"https:\/\/equipmentcontrols.com\/fr\/wp-json\/wp\/v2\/product_cat?post=819"},{"taxonomy":"product_tag","embeddable":true,"href":"https:\/\/equipmentcontrols.com\/fr\/wp-json\/wp\/v2\/product_tag?post=819"}],"curies":[{"name":"wp","href":"https:\/\/api.w.org\/{rel}","templated":true}]}}