{"id":813,"date":"2020-04-30T16:48:32","date_gmt":"2020-04-30T16:48:32","guid":{"rendered":"https:\/\/econtrols.stagemysite.com\/product\/eagle-talon-enterprise-scada-software\/"},"modified":"2020-04-30T22:14:05","modified_gmt":"2020-04-30T22:14:05","slug":"eagle-talon-enterprise-scada-software","status":"publish","type":"product","link":"https:\/\/equipmentcontrols.com\/fr\/produit\/eagle-talon-enterprise-scada-software\/","title":{"rendered":"Logiciel SCADA EAGLE Talon Enterprise."},"content":{"rendered":"<p><strong>Famille Talon\u2122<\/strong><\/p>\n<p>Eagle Research Corporation\u00ae a con\u00e7u la famille Talon\u2122 sp\u00e9cifiquement pour r\u00e9pondre aux besoins de l&#039;utilisateur, en fournissant des modules logiciels pour les op\u00e9rations du bureau central et sur le terrain. La suite logicielle Talon\u2122 fournit des solutions d&#039;application pour les applications de gaz naturel, d&#039;eau\/eaux us\u00e9es, de protection de l&#039;environnement, de vapeur et d&#039;\u00e9lectricit\u00e9. La mesure industrielle\/commerciale, la surveillance de la pression\/temp\u00e9rature, le contr\u00f4le de supervision et l&#039;odorisation ne sont que quelques-uns des syst\u00e8mes qui peuvent b\u00e9n\u00e9ficier de l&#039;utilisation de ce logiciel. Talon Entreprise\u2122<\/p>\n<p>Talon Enterprise \u2122 fournit une plate-forme de r\u00e9seau logiciel \u00e0 l&#039;\u00e9chelle de l&#039;entreprise pour ex\u00e9cuter les fonctions qui sont souvent s\u00e9par\u00e9es dans des SCADA et des syst\u00e8mes de mesure \u00e9lectroniques distincts. La famille de logiciels Talon\u2122 donne \u00e0 l&#039;utilisateur la possibilit\u00e9 de cr\u00e9er une plate-forme h\u00f4te puissante qui r\u00e9pond aux exigences de collecte de donn\u00e9es sp\u00e9cifiques et distribu\u00e9es.<\/p>\n<p>Dans l&#039;environnement actuel de l&#039;industrie de l&#039;\u00e9nergie, de nombreuses entreprises sont dispers\u00e9es \u00e0 travers les fronti\u00e8res nationales et internationales. La possibilit\u00e9 de distribuer les modules Talon Enterprise\u2122 sur l&#039;infrastructure r\u00e9seau rapproche la collecte et la gestion des donn\u00e9es de la source, ce qui am\u00e9liore l&#039;ensemble du syst\u00e8me<br \/>\nperformance.<\/p>\n<p><strong>T\u00e9l\u00e9charger:<\/strong><br \/>\n<a href=\"https:\/\/equipmentcontrols.com\/wp-content\/uploads\/2020\/04\/Talon_Enterprise.pdf\">Brochure de l&#039;entreprise Talon<\/a><\/p>","protected":false},"excerpt":{"rendered":"<p>Talon\u2122 Family Eagle Research Corporation\u00ae designed the Talon\u2122 family specifically to meet the user\u2019s needs, providing software modules for both central office and field operations. Talon\u2122 Software Suite provides application solutions for Natural Gas, Water\/Wastewater, Environmental Protection, Steam, and Electrical applications. Industrial\/Commercial Measurement, Pressure\/ Temperature Monitoring, Supervisory Control, and Odorization are but a few of [&hellip;]<\/p>\n","protected":false},"featured_media":812,"template":"","meta":[],"product_brand":[],"product_cat":[49,23],"product_tag":[],"class_list":{"0":"post-813","1":"product","2":"type-product","3":"status-publish","4":"has-post-thumbnail","6":"product_cat-eagle-research-corporation","7":"product_cat-instrumentation","9":"first","10":"instock","11":"shipping-taxable","12":"product-type-simple"},"yoast_head":"<!-- This site is optimized with the Yoast SEO Premium plugin v23.9 (Yoast SEO v27.3) - https:\/\/yoast.com\/product\/yoast-seo-premium-wordpress\/ -->\n<title>EAGLE Talon Enterprise SCADA Software. - ECCO<\/title>\n<meta name=\"description\" content=\"Talon\u2122 Software Suite provides application solutions for Natural Gas, Water\/Wastewater, Environmental Protection, Steam, and Electrical applications. Industrial\/Commercial Measurement, Pressure\/ Temperature Monitoring, Supervisory Control, and Odorization are but a few of the systems that can benefit from the use of this software. Talon Enterprise\u2122\" \/>\n<meta name=\"robots\" content=\"index, follow, max-snippet:-1, max-image-preview:large, max-video-preview:-1\" \/>\n<link rel=\"canonical\" href=\"https:\/\/equipmentcontrols.com\/fr\/produit\/eagle-talon-enterprise-scada-software\/\" \/>\n<meta property=\"og:locale\" content=\"fr_CA\" \/>\n<meta property=\"og:type\" content=\"article\" \/>\n<meta property=\"og:title\" content=\"EAGLE Talon Enterprise SCADA Software.\" \/>\n<meta property=\"og:description\" content=\"Talon\u2122 Software Suite provides application solutions for Natural Gas, Water\/Wastewater, Environmental Protection, Steam, and Electrical applications. Industrial\/Commercial Measurement, Pressure\/ Temperature Monitoring, Supervisory Control, and Odorization are but a few of the systems that can benefit from the use of this software. Talon Enterprise\u2122\" \/>\n<meta property=\"og:url\" content=\"https:\/\/equipmentcontrols.com\/fr\/produit\/eagle-talon-enterprise-scada-software\/\" \/>\n<meta property=\"og:site_name\" content=\"ECCO\" \/>\n<meta property=\"article:modified_time\" content=\"2020-04-30T22:14:05+00:00\" \/>\n<meta property=\"og:image\" content=\"https:\/\/equipmentcontrols.com\/wp-content\/uploads\/2020\/04\/EAGLE20Talon20Enterprise20SCADA20Software.jpg\" \/>\n\t<meta property=\"og:image:width\" content=\"860\" \/>\n\t<meta property=\"og:image:height\" content=\"860\" \/>\n\t<meta property=\"og:image:type\" content=\"image\/jpeg\" \/>\n<meta name=\"twitter:card\" content=\"summary_large_image\" \/>\n<meta name=\"twitter:label1\" content=\"Estimation du temps de lecture\" \/>\n\t<meta name=\"twitter:data1\" content=\"1 minute\" \/>\n<script type=\"application\/ld+json\" class=\"yoast-schema-graph\">{\"@context\":\"https:\\\/\\\/schema.org\",\"@graph\":[{\"@type\":\"WebPage\",\"@id\":\"https:\\\/\\\/equipmentcontrols.com\\\/product\\\/eagle-talon-enterprise-scada-software\\\/\",\"url\":\"https:\\\/\\\/equipmentcontrols.com\\\/product\\\/eagle-talon-enterprise-scada-software\\\/\",\"name\":\"EAGLE Talon Enterprise SCADA Software. - ECCO\",\"isPartOf\":{\"@id\":\"https:\\\/\\\/equipmentcontrols.com\\\/#website\"},\"primaryImageOfPage\":{\"@id\":\"https:\\\/\\\/equipmentcontrols.com\\\/product\\\/eagle-talon-enterprise-scada-software\\\/#primaryimage\"},\"image\":{\"@id\":\"https:\\\/\\\/equipmentcontrols.com\\\/product\\\/eagle-talon-enterprise-scada-software\\\/#primaryimage\"},\"thumbnailUrl\":\"https:\\\/\\\/equipmentcontrols.com\\\/wp-content\\\/uploads\\\/2020\\\/04\\\/EAGLE20Talon20Enterprise20SCADA20Software.jpg\",\"datePublished\":\"2020-04-30T16:48:32+00:00\",\"dateModified\":\"2020-04-30T22:14:05+00:00\",\"description\":\"Talon\u2122 Software Suite provides application solutions for Natural Gas, Water\\\/Wastewater, Environmental Protection, Steam, and Electrical applications. Industrial\\\/Commercial Measurement, Pressure\\\/ Temperature Monitoring, Supervisory Control, and Odorization are but a few of the systems that can benefit from the use of this software. Talon Enterprise\u2122\",\"breadcrumb\":{\"@id\":\"https:\\\/\\\/equipmentcontrols.com\\\/product\\\/eagle-talon-enterprise-scada-software\\\/#breadcrumb\"},\"inLanguage\":\"fr-CA\",\"potentialAction\":[{\"@type\":\"ReadAction\",\"target\":[\"https:\\\/\\\/equipmentcontrols.com\\\/product\\\/eagle-talon-enterprise-scada-software\\\/\"]}]},{\"@type\":\"ImageObject\",\"inLanguage\":\"fr-CA\",\"@id\":\"https:\\\/\\\/equipmentcontrols.com\\\/product\\\/eagle-talon-enterprise-scada-software\\\/#primaryimage\",\"url\":\"https:\\\/\\\/equipmentcontrols.com\\\/wp-content\\\/uploads\\\/2020\\\/04\\\/EAGLE20Talon20Enterprise20SCADA20Software.jpg\",\"contentUrl\":\"https:\\\/\\\/equipmentcontrols.com\\\/wp-content\\\/uploads\\\/2020\\\/04\\\/EAGLE20Talon20Enterprise20SCADA20Software.jpg\",\"width\":860,\"height\":860,\"caption\":\"EAGLE20Talon20Enterprise20SCADA20Software\"},{\"@type\":\"BreadcrumbList\",\"@id\":\"https:\\\/\\\/equipmentcontrols.com\\\/product\\\/eagle-talon-enterprise-scada-software\\\/#breadcrumb\",\"itemListElement\":[{\"@type\":\"ListItem\",\"position\":1,\"name\":\"Home\",\"item\":\"https:\\\/\\\/equipmentcontrols.com\\\/\"},{\"@type\":\"ListItem\",\"position\":2,\"name\":\"Shop\",\"item\":\"https:\\\/\\\/equipmentcontrols.com\\\/shop\\\/\"},{\"@type\":\"ListItem\",\"position\":3,\"name\":\"EAGLE Talon Enterprise SCADA Software.\"}]},{\"@type\":\"WebSite\",\"@id\":\"https:\\\/\\\/equipmentcontrols.com\\\/#website\",\"url\":\"https:\\\/\\\/equipmentcontrols.com\\\/\",\"name\":\"ECCO\",\"description\":\"Equipment Controls Company\",\"potentialAction\":[{\"@type\":\"SearchAction\",\"target\":{\"@type\":\"EntryPoint\",\"urlTemplate\":\"https:\\\/\\\/equipmentcontrols.com\\\/?s={search_term_string}\"},\"query-input\":{\"@type\":\"PropertyValueSpecification\",\"valueRequired\":true,\"valueName\":\"search_term_string\"}}],\"inLanguage\":\"fr-CA\"}]}<\/script>\n<!-- \/ Yoast SEO Premium plugin. -->","yoast_head_json":{"title":"EAGLE Talon Enterprise SCADA Software. - ECCO","description":"Talon\u2122 Software Suite provides application solutions for Natural Gas, Water\/Wastewater, Environmental Protection, Steam, and Electrical applications. Industrial\/Commercial Measurement, Pressure\/ Temperature Monitoring, Supervisory Control, and Odorization are but a few of the systems that can benefit from the use of this software. Talon Enterprise\u2122","robots":{"index":"index","follow":"follow","max-snippet":"max-snippet:-1","max-image-preview":"max-image-preview:large","max-video-preview":"max-video-preview:-1"},"canonical":"https:\/\/equipmentcontrols.com\/fr\/produit\/eagle-talon-enterprise-scada-software\/","og_locale":"fr_CA","og_type":"article","og_title":"EAGLE Talon Enterprise SCADA Software.","og_description":"Talon\u2122 Software Suite provides application solutions for Natural Gas, Water\/Wastewater, Environmental Protection, Steam, and Electrical applications. Industrial\/Commercial Measurement, Pressure\/ Temperature Monitoring, Supervisory Control, and Odorization are but a few of the systems that can benefit from the use of this software. Talon Enterprise\u2122","og_url":"https:\/\/equipmentcontrols.com\/fr\/produit\/eagle-talon-enterprise-scada-software\/","og_site_name":"ECCO","article_modified_time":"2020-04-30T22:14:05+00:00","og_image":[{"width":860,"height":860,"url":"https:\/\/equipmentcontrols.com\/wp-content\/uploads\/2020\/04\/EAGLE20Talon20Enterprise20SCADA20Software.jpg","type":"image\/jpeg"}],"twitter_card":"summary_large_image","twitter_misc":{"Estimation du temps de lecture":"1 minute"},"schema":{"@context":"https:\/\/schema.org","@graph":[{"@type":"WebPage","@id":"https:\/\/equipmentcontrols.com\/product\/eagle-talon-enterprise-scada-software\/","url":"https:\/\/equipmentcontrols.com\/product\/eagle-talon-enterprise-scada-software\/","name":"EAGLE Talon Enterprise SCADA Software. - ECCO","isPartOf":{"@id":"https:\/\/equipmentcontrols.com\/#website"},"primaryImageOfPage":{"@id":"https:\/\/equipmentcontrols.com\/product\/eagle-talon-enterprise-scada-software\/#primaryimage"},"image":{"@id":"https:\/\/equipmentcontrols.com\/product\/eagle-talon-enterprise-scada-software\/#primaryimage"},"thumbnailUrl":"https:\/\/equipmentcontrols.com\/wp-content\/uploads\/2020\/04\/EAGLE20Talon20Enterprise20SCADA20Software.jpg","datePublished":"2020-04-30T16:48:32+00:00","dateModified":"2020-04-30T22:14:05+00:00","description":"Talon\u2122 Software Suite provides application solutions for Natural Gas, Water\/Wastewater, Environmental Protection, Steam, and Electrical applications. Industrial\/Commercial Measurement, Pressure\/ Temperature Monitoring, Supervisory Control, and Odorization are but a few of the systems that can benefit from the use of this software. Talon Enterprise\u2122","breadcrumb":{"@id":"https:\/\/equipmentcontrols.com\/product\/eagle-talon-enterprise-scada-software\/#breadcrumb"},"inLanguage":"fr-CA","potentialAction":[{"@type":"ReadAction","target":["https:\/\/equipmentcontrols.com\/product\/eagle-talon-enterprise-scada-software\/"]}]},{"@type":"ImageObject","inLanguage":"fr-CA","@id":"https:\/\/equipmentcontrols.com\/product\/eagle-talon-enterprise-scada-software\/#primaryimage","url":"https:\/\/equipmentcontrols.com\/wp-content\/uploads\/2020\/04\/EAGLE20Talon20Enterprise20SCADA20Software.jpg","contentUrl":"https:\/\/equipmentcontrols.com\/wp-content\/uploads\/2020\/04\/EAGLE20Talon20Enterprise20SCADA20Software.jpg","width":860,"height":860,"caption":"EAGLE20Talon20Enterprise20SCADA20Software"},{"@type":"BreadcrumbList","@id":"https:\/\/equipmentcontrols.com\/product\/eagle-talon-enterprise-scada-software\/#breadcrumb","itemListElement":[{"@type":"ListItem","position":1,"name":"Home","item":"https:\/\/equipmentcontrols.com\/"},{"@type":"ListItem","position":2,"name":"Shop","item":"https:\/\/equipmentcontrols.com\/shop\/"},{"@type":"ListItem","position":3,"name":"EAGLE Talon Enterprise SCADA Software."}]},{"@type":"WebSite","@id":"https:\/\/equipmentcontrols.com\/#website","url":"https:\/\/equipmentcontrols.com\/","name":"ECCO","description":"Compagnie de contr\u00f4le d&#039;\u00e9quipement","potentialAction":[{"@type":"SearchAction","target":{"@type":"EntryPoint","urlTemplate":"https:\/\/equipmentcontrols.com\/?s={search_term_string}"},"query-input":{"@type":"PropertyValueSpecification","valueRequired":true,"valueName":"search_term_string"}}],"inLanguage":"fr-CA"}]}},"_links":{"self":[{"href":"https:\/\/equipmentcontrols.com\/fr\/wp-json\/wp\/v2\/product\/813","targetHints":{"allow":["GET"]}}],"collection":[{"href":"https:\/\/equipmentcontrols.com\/fr\/wp-json\/wp\/v2\/product"}],"about":[{"href":"https:\/\/equipmentcontrols.com\/fr\/wp-json\/wp\/v2\/types\/product"}],"wp:featuredmedia":[{"embeddable":true,"href":"https:\/\/equipmentcontrols.com\/fr\/wp-json\/wp\/v2\/media\/812"}],"wp:attachment":[{"href":"https:\/\/equipmentcontrols.com\/fr\/wp-json\/wp\/v2\/media?parent=813"}],"wp:term":[{"taxonomy":"product_brand","embeddable":true,"href":"https:\/\/equipmentcontrols.com\/fr\/wp-json\/wp\/v2\/product_brand?post=813"},{"taxonomy":"product_cat","embeddable":true,"href":"https:\/\/equipmentcontrols.com\/fr\/wp-json\/wp\/v2\/product_cat?post=813"},{"taxonomy":"product_tag","embeddable":true,"href":"https:\/\/equipmentcontrols.com\/fr\/wp-json\/wp\/v2\/product_tag?post=813"}],"curies":[{"name":"wp","href":"https:\/\/api.w.org\/{rel}","templated":true}]}}