{"id":811,"date":"2020-04-30T16:48:32","date_gmt":"2020-04-30T16:48:32","guid":{"rendered":"https:\/\/econtrols.stagemysite.com\/product\/eagle-e-series-epr-electronic-pressure-recorder\/"},"modified":"2020-05-06T21:13:17","modified_gmt":"2020-05-06T21:13:17","slug":"eagle-e-series-epr-electronic-pressure-recorder","status":"publish","type":"product","link":"https:\/\/equipmentcontrols.com\/fr\/produit\/eagle-e-series-epr-electronic-pressure-recorder\/","title":{"rendered":"Enregistreur de pression \u00e9lectronique Eagle E-Series EPR"},"content":{"rendered":"<p><strong>Eagle E-Series\u00ae EPR<\/strong><br \/>\n<strong>Enregistreur de pression \u00e9lectronique<\/strong><\/p>\n<p><strong>Solutions terrain \u00e0 front office\u2122<\/strong><\/p>\n<p>\u2022 Pression et temp\u00e9rature en direct<br \/>\n\u2022 Options de batterie, solaire et onduleur<br \/>\n\u2022 Faible encombrement pour une localisation facile<br \/>\n\u2022 Archivage en direct, min\/max et historique<br \/>\n\u2022 Cartographie circulaire avec Field Manager PLUS<br \/>\n\u2022 Configuration flexible et facilit\u00e9 d&#039;utilisation<br \/>\n\u2022 D\u00e9marrage simple pour un retour sur investissement rapide<br \/>\n\u2022 Compatible multiplateforme et programmable<\/p>\n<p><strong>Applications:<\/strong><\/p>\n<p>\u2022 Remplacement du tableau de surveillance de la station de r\u00e9gulation<br \/>\n\u2022 Surveillance des points d&#039;extr\u00e9mit\u00e9 du syst\u00e8me pour l&#039;\u00e9tude de charge<br \/>\n\u2022 Contr\u00f4le de la pression aux points critiques<br \/>\n\u2022 Syst\u00e8me d&#039;alarme pour la pression et la temp\u00e9rature<br \/>\n\u2022 Contr\u00f4le automatis\u00e9 de la pression d&#039;une station \u00e0 une autre \u00e0 l&#039;aide du logiciel de la famille Talon\u2122 et de la fonction de transfert de point<\/p>\n<p><strong>T\u00e9l\u00e9charger:<\/strong><br \/>\n<a href=\"https:\/\/equipmentcontrols.com\/wp-content\/uploads\/2020\/04\/ESeriesEPR.pdf\">Fiche technique EPR s\u00e9rie ES<\/a><\/p>","protected":false},"excerpt":{"rendered":"<p>Eagle E-Series\u00ae EPR Electronic Pressure Recorder Field to Front Office Solutions\u2122 \u2022\u00a0Live Pressure &amp; Temperature \u2022\u00a0Battery, Solar, and UPS Options \u2022\u00a0Small Footprint for Easy Locating \u2022\u00a0Live, Min\/Max, and Historical Archiving \u2022\u00a0Circular Charting with Field Manager PLUS \u2022\u00a0Flexible Configuration &amp; Ease of Operation \u2022\u00a0Simple Start-up for Fast ROI \u2022\u00a0Cross Platform Compatible &amp; Programmable Applications: \u2022 Regulator [&hellip;]<\/p>\n","protected":false},"featured_media":810,"template":"","meta":[],"product_brand":[],"product_cat":[49,23],"product_tag":[],"class_list":{"0":"post-811","1":"product","2":"type-product","3":"status-publish","4":"has-post-thumbnail","6":"product_cat-eagle-research-corporation","7":"product_cat-instrumentation","9":"first","10":"instock","11":"shipping-taxable","12":"product-type-simple"},"yoast_head":"<!-- This site is optimized with the Yoast SEO Premium plugin v23.9 (Yoast SEO v27.3) - https:\/\/yoast.com\/product\/yoast-seo-premium-wordpress\/ -->\n<title>Eagle E-Series EPR Electronic Pressure Recorder - ECCO<\/title>\n<meta name=\"description\" content=\"Eagle E-Series\u00ae EPRElectronic Pressure Recorder\" \/>\n<meta name=\"robots\" content=\"index, follow, max-snippet:-1, max-image-preview:large, max-video-preview:-1\" \/>\n<link rel=\"canonical\" href=\"https:\/\/equipmentcontrols.com\/fr\/produit\/eagle-e-series-epr-electronic-pressure-recorder\/\" \/>\n<meta property=\"og:locale\" content=\"fr_CA\" \/>\n<meta property=\"og:type\" content=\"article\" \/>\n<meta property=\"og:title\" content=\"Eagle E-Series EPR Electronic Pressure Recorder\" \/>\n<meta property=\"og:description\" content=\"Eagle E-Series\u00ae EPRElectronic Pressure Recorder\" \/>\n<meta property=\"og:url\" content=\"https:\/\/equipmentcontrols.com\/fr\/produit\/eagle-e-series-epr-electronic-pressure-recorder\/\" \/>\n<meta property=\"og:site_name\" content=\"ECCO\" \/>\n<meta property=\"article:modified_time\" content=\"2020-05-06T21:13:17+00:00\" \/>\n<meta property=\"og:image\" content=\"https:\/\/equipmentcontrols.com\/wp-content\/uploads\/2020\/04\/EAGLE20Eagle20E-Series20EPR20Electronic20Pressure20Recorder.jpg\" \/>\n\t<meta property=\"og:image:width\" content=\"860\" \/>\n\t<meta property=\"og:image:height\" content=\"860\" \/>\n\t<meta property=\"og:image:type\" content=\"image\/jpeg\" \/>\n<meta name=\"twitter:card\" content=\"summary_large_image\" \/>\n<script type=\"application\/ld+json\" class=\"yoast-schema-graph\">{\"@context\":\"https:\\\/\\\/schema.org\",\"@graph\":[{\"@type\":\"WebPage\",\"@id\":\"https:\\\/\\\/equipmentcontrols.com\\\/product\\\/eagle-e-series-epr-electronic-pressure-recorder\\\/\",\"url\":\"https:\\\/\\\/equipmentcontrols.com\\\/product\\\/eagle-e-series-epr-electronic-pressure-recorder\\\/\",\"name\":\"Eagle E-Series EPR Electronic Pressure Recorder - ECCO\",\"isPartOf\":{\"@id\":\"https:\\\/\\\/equipmentcontrols.com\\\/#website\"},\"primaryImageOfPage\":{\"@id\":\"https:\\\/\\\/equipmentcontrols.com\\\/product\\\/eagle-e-series-epr-electronic-pressure-recorder\\\/#primaryimage\"},\"image\":{\"@id\":\"https:\\\/\\\/equipmentcontrols.com\\\/product\\\/eagle-e-series-epr-electronic-pressure-recorder\\\/#primaryimage\"},\"thumbnailUrl\":\"https:\\\/\\\/equipmentcontrols.com\\\/wp-content\\\/uploads\\\/2020\\\/04\\\/EAGLE20Eagle20E-Series20EPR20Electronic20Pressure20Recorder.jpg\",\"datePublished\":\"2020-04-30T16:48:32+00:00\",\"dateModified\":\"2020-05-06T21:13:17+00:00\",\"description\":\"Eagle E-Series\u00ae EPRElectronic Pressure Recorder\",\"breadcrumb\":{\"@id\":\"https:\\\/\\\/equipmentcontrols.com\\\/product\\\/eagle-e-series-epr-electronic-pressure-recorder\\\/#breadcrumb\"},\"inLanguage\":\"fr-CA\",\"potentialAction\":[{\"@type\":\"ReadAction\",\"target\":[\"https:\\\/\\\/equipmentcontrols.com\\\/product\\\/eagle-e-series-epr-electronic-pressure-recorder\\\/\"]}]},{\"@type\":\"ImageObject\",\"inLanguage\":\"fr-CA\",\"@id\":\"https:\\\/\\\/equipmentcontrols.com\\\/product\\\/eagle-e-series-epr-electronic-pressure-recorder\\\/#primaryimage\",\"url\":\"https:\\\/\\\/equipmentcontrols.com\\\/wp-content\\\/uploads\\\/2020\\\/04\\\/EAGLE20Eagle20E-Series20EPR20Electronic20Pressure20Recorder.jpg\",\"contentUrl\":\"https:\\\/\\\/equipmentcontrols.com\\\/wp-content\\\/uploads\\\/2020\\\/04\\\/EAGLE20Eagle20E-Series20EPR20Electronic20Pressure20Recorder.jpg\",\"width\":860,\"height\":860,\"caption\":\"EAGLE20Eagle20E-Series20EPR20Electronic20Pressure20Recorder.jpg\"},{\"@type\":\"BreadcrumbList\",\"@id\":\"https:\\\/\\\/equipmentcontrols.com\\\/product\\\/eagle-e-series-epr-electronic-pressure-recorder\\\/#breadcrumb\",\"itemListElement\":[{\"@type\":\"ListItem\",\"position\":1,\"name\":\"Home\",\"item\":\"https:\\\/\\\/equipmentcontrols.com\\\/\"},{\"@type\":\"ListItem\",\"position\":2,\"name\":\"Shop\",\"item\":\"https:\\\/\\\/equipmentcontrols.com\\\/shop\\\/\"},{\"@type\":\"ListItem\",\"position\":3,\"name\":\"Eagle E-Series EPR Electronic Pressure Recorder\"}]},{\"@type\":\"WebSite\",\"@id\":\"https:\\\/\\\/equipmentcontrols.com\\\/#website\",\"url\":\"https:\\\/\\\/equipmentcontrols.com\\\/\",\"name\":\"ECCO\",\"description\":\"Equipment Controls Company\",\"potentialAction\":[{\"@type\":\"SearchAction\",\"target\":{\"@type\":\"EntryPoint\",\"urlTemplate\":\"https:\\\/\\\/equipmentcontrols.com\\\/?s={search_term_string}\"},\"query-input\":{\"@type\":\"PropertyValueSpecification\",\"valueRequired\":true,\"valueName\":\"search_term_string\"}}],\"inLanguage\":\"fr-CA\"}]}<\/script>\n<!-- \/ Yoast SEO Premium plugin. -->","yoast_head_json":{"title":"Eagle E-Series EPR Electronic Pressure Recorder - ECCO","description":"Eagle E-Series\u00ae EPRElectronic Pressure Recorder","robots":{"index":"index","follow":"follow","max-snippet":"max-snippet:-1","max-image-preview":"max-image-preview:large","max-video-preview":"max-video-preview:-1"},"canonical":"https:\/\/equipmentcontrols.com\/fr\/produit\/eagle-e-series-epr-electronic-pressure-recorder\/","og_locale":"fr_CA","og_type":"article","og_title":"Eagle E-Series EPR Electronic Pressure Recorder","og_description":"Eagle E-Series\u00ae EPRElectronic Pressure Recorder","og_url":"https:\/\/equipmentcontrols.com\/fr\/produit\/eagle-e-series-epr-electronic-pressure-recorder\/","og_site_name":"ECCO","article_modified_time":"2020-05-06T21:13:17+00:00","og_image":[{"width":860,"height":860,"url":"https:\/\/equipmentcontrols.com\/wp-content\/uploads\/2020\/04\/EAGLE20Eagle20E-Series20EPR20Electronic20Pressure20Recorder.jpg","type":"image\/jpeg"}],"twitter_card":"summary_large_image","schema":{"@context":"https:\/\/schema.org","@graph":[{"@type":"WebPage","@id":"https:\/\/equipmentcontrols.com\/product\/eagle-e-series-epr-electronic-pressure-recorder\/","url":"https:\/\/equipmentcontrols.com\/product\/eagle-e-series-epr-electronic-pressure-recorder\/","name":"Eagle E-Series EPR Electronic Pressure Recorder - ECCO","isPartOf":{"@id":"https:\/\/equipmentcontrols.com\/#website"},"primaryImageOfPage":{"@id":"https:\/\/equipmentcontrols.com\/product\/eagle-e-series-epr-electronic-pressure-recorder\/#primaryimage"},"image":{"@id":"https:\/\/equipmentcontrols.com\/product\/eagle-e-series-epr-electronic-pressure-recorder\/#primaryimage"},"thumbnailUrl":"https:\/\/equipmentcontrols.com\/wp-content\/uploads\/2020\/04\/EAGLE20Eagle20E-Series20EPR20Electronic20Pressure20Recorder.jpg","datePublished":"2020-04-30T16:48:32+00:00","dateModified":"2020-05-06T21:13:17+00:00","description":"Eagle E-Series\u00ae EPRElectronic Pressure Recorder","breadcrumb":{"@id":"https:\/\/equipmentcontrols.com\/product\/eagle-e-series-epr-electronic-pressure-recorder\/#breadcrumb"},"inLanguage":"fr-CA","potentialAction":[{"@type":"ReadAction","target":["https:\/\/equipmentcontrols.com\/product\/eagle-e-series-epr-electronic-pressure-recorder\/"]}]},{"@type":"ImageObject","inLanguage":"fr-CA","@id":"https:\/\/equipmentcontrols.com\/product\/eagle-e-series-epr-electronic-pressure-recorder\/#primaryimage","url":"https:\/\/equipmentcontrols.com\/wp-content\/uploads\/2020\/04\/EAGLE20Eagle20E-Series20EPR20Electronic20Pressure20Recorder.jpg","contentUrl":"https:\/\/equipmentcontrols.com\/wp-content\/uploads\/2020\/04\/EAGLE20Eagle20E-Series20EPR20Electronic20Pressure20Recorder.jpg","width":860,"height":860,"caption":"EAGLE20Eagle20E-Series20EPR20Electronic20Pressure20Recorder.jpg"},{"@type":"BreadcrumbList","@id":"https:\/\/equipmentcontrols.com\/product\/eagle-e-series-epr-electronic-pressure-recorder\/#breadcrumb","itemListElement":[{"@type":"ListItem","position":1,"name":"Home","item":"https:\/\/equipmentcontrols.com\/"},{"@type":"ListItem","position":2,"name":"Shop","item":"https:\/\/equipmentcontrols.com\/shop\/"},{"@type":"ListItem","position":3,"name":"Eagle E-Series EPR Electronic Pressure Recorder"}]},{"@type":"WebSite","@id":"https:\/\/equipmentcontrols.com\/#website","url":"https:\/\/equipmentcontrols.com\/","name":"ECCO","description":"Compagnie de contr\u00f4le d&#039;\u00e9quipement","potentialAction":[{"@type":"SearchAction","target":{"@type":"EntryPoint","urlTemplate":"https:\/\/equipmentcontrols.com\/?s={search_term_string}"},"query-input":{"@type":"PropertyValueSpecification","valueRequired":true,"valueName":"search_term_string"}}],"inLanguage":"fr-CA"}]}},"_links":{"self":[{"href":"https:\/\/equipmentcontrols.com\/fr\/wp-json\/wp\/v2\/product\/811","targetHints":{"allow":["GET"]}}],"collection":[{"href":"https:\/\/equipmentcontrols.com\/fr\/wp-json\/wp\/v2\/product"}],"about":[{"href":"https:\/\/equipmentcontrols.com\/fr\/wp-json\/wp\/v2\/types\/product"}],"wp:featuredmedia":[{"embeddable":true,"href":"https:\/\/equipmentcontrols.com\/fr\/wp-json\/wp\/v2\/media\/810"}],"wp:attachment":[{"href":"https:\/\/equipmentcontrols.com\/fr\/wp-json\/wp\/v2\/media?parent=811"}],"wp:term":[{"taxonomy":"product_brand","embeddable":true,"href":"https:\/\/equipmentcontrols.com\/fr\/wp-json\/wp\/v2\/product_brand?post=811"},{"taxonomy":"product_cat","embeddable":true,"href":"https:\/\/equipmentcontrols.com\/fr\/wp-json\/wp\/v2\/product_cat?post=811"},{"taxonomy":"product_tag","embeddable":true,"href":"https:\/\/equipmentcontrols.com\/fr\/wp-json\/wp\/v2\/product_tag?post=811"}],"curies":[{"name":"wp","href":"https:\/\/api.w.org\/{rel}","templated":true}]}}