{"id":809,"date":"2020-04-30T16:48:31","date_gmt":"2020-04-30T16:48:31","guid":{"rendered":"https:\/\/econtrols.stagemysite.com\/product\/romet-adem-ptz\/"},"modified":"2020-05-05T17:40:55","modified_gmt":"2020-05-05T17:40:55","slug":"romet-adem-ptz","status":"publish","type":"product","link":"https:\/\/equipmentcontrols.com\/fr\/produit\/romet-adem-ptz\/","title":{"rendered":"Romet AdEM-PTZ"},"content":{"rendered":"<p><strong>Romet AdEM-PTZ<\/strong><\/p>\n<p>La s\u00e9rie de modules \u00e9lectroniques avanc\u00e9s (AdEM\u00ae) de Romet propose des solutions d&#039;instrumentation \u00e0 montage direct et \u00e0 montage d\u00e9port\u00e9 avec des configurations pour la compensation de gaz en direct, l&#039;enregistrement des donn\u00e9es, les sorties d&#039;impulsions et la communication s\u00e9rie. La conception modulaire associ\u00e9e \u00e0 la technologie brevet\u00e9e AdEM\u00ae-Click de Romet permet une installation transparente entre les marques populaires de compteurs de gaz rotatifs.<\/p>\n<p>L&#039;AdEM\u00ae est compact, robuste, sans entretien, inviolable et r\u00e9sistant aux intemp\u00e9ries avec un haut niveau de pr\u00e9cision et de personnalisation. Avec une dur\u00e9e de vie nominale de la batterie de 15 \u00e0 20 ans, l&#039;AdEM\u00ae constitue une mise \u00e0 niveau id\u00e9ale pour tout syst\u00e8me n\u00e9cessitant une instrumentation.<\/p>\n<p>AdEM\u00ae-PTZ<br \/>\nModule \u00e9lectronique avanc\u00e9 (pression, temp\u00e9rature et supercompressibilit\u00e9)<br \/>\nUn module de compteur \u00e9lectronique avec la capacit\u00e9 de compensation en direct pour la pression, la temp\u00e9rature et la surcompressibilit\u00e9 (Z). L&#039;AdEM\u00ae-PTZ est un module \u00e0 montage direct pour une int\u00e9gration transparente avec Romet et d&#039;autres compteurs rotatifs populaires. Certaines fonctionnalit\u00e9s de l&#039;AdEM\u00ae-PTZ incluent une piste d&#039;audit compl\u00e8te, quatre impulsions de sortie disponibles, une communication s\u00e9rie et une autonomie nominale de 15 ans. Ce correcteur \u00e0 la pointe de la technologie est \u00e9galement disponible en tant que variante de montage \u00e0 distance - AdEM\u00ae-PTZ-r.<\/p>\n<p>L&#039;AdEM\u00ae-PTZ est un module de compteur \u00e9lectronique avec la capacit\u00e9 de compensation en direct pour la pression, la temp\u00e9rature et la supercompressibilit\u00e9 (Z). L&#039;AdEM\u00ae-PTZ est un module \u00e0 montage direct pour une int\u00e9gration transparente avec Romet et d&#039;autres compteurs rotatifs populaires. Certaines fonctionnalit\u00e9s de l&#039;AdEM\u00ae-PTZ incluent une piste d&#039;audit compl\u00e8te, quatre impulsions de sortie disponibles, une communication s\u00e9rie et une autonomie nominale de 15 ans. Ce correcteur \u00e0 la pointe de la technologie est \u00e9galement disponible en tant que variante de montage \u00e0 distance - AdEM\u00ae-PTZ-r.<\/p>\n<p><strong>One Size Fits All - mettez \u00e0 niveau vos compteurs rotatifs avec les derniers appareils \u00e9lectroniques en un clic<\/strong><\/p>\n<p>Romet a d\u00e9velopp\u00e9 une plaque d&#039;adaptation unique qui permettra \u00e0 notre AdEM-PTZ d&#039;\u00eatre install\u00e9 sur les compteurs rotatifs Romet RM 600-56000 et les compteurs rotatifs RMT 600-23000. Nous proposons \u00e9galement une plaque d&#039;adaptation unique pour les compteurs Dresser B3 allant de 8C \u00e0 56000 et les compteurs LMMA allant de 1500 \u00e0 16000. L&#039;AdEM-PTZ est livr\u00e9 en standard avec la technologie brevet\u00e9e AdEM Click de Romet permettant une installation transparente entre les compteurs rotatifs Romet et Dresser.<\/p>\n<p><strong>Avec l&#039;AdEM Click, vous pouvez transporter un correcteur \u00e9lectronique pour s&#039;adapter \u00e0 toutes les tailles et marques de compteurs rotatifs de votre syst\u00e8me.<\/strong><\/p>\n<p><strong>\u2022 Simple<\/strong><br \/>\n<strong>\u2022 Inventaire r\u00e9duit<\/strong><br \/>\n<strong>\u2022 R\u00e9duction des d\u00e9placements de camions<\/strong><\/p>\n<p><strong>Caract\u00e9ristiques:<\/strong><br \/>\n\u2022 Dur\u00e9e de vie nominale de la batterie de 15\u00a0ans<br \/>\n\u2022 Autonomie de la batterie indiqu\u00e9e en mois ou en pourcentage<br \/>\n\u2022 Avertissement de fin de vie de la batterie<br \/>\n\u2022 Batterie au lithium longue dur\u00e9e<br \/>\n\u2022 M\u00e9moire EEPROM non volatile avec piste d&#039;audit compl\u00e8te<br \/>\n\u2022 Jusqu&#039;\u00e0 256 jours de relev\u00e9s horaires<br \/>\n\u2022 1024 journaux quotidiens<br \/>\n\u2022 102 journaux d&#039;alarmes horodat\u00e9s avec date et heure<br \/>\n\u2022 166\u00a0journaux d&#039;\u00e9v\u00e9nements<br \/>\n\u2022 Compensation de temp\u00e9rature et de pression en direct ou fixe<br \/>\n\u2022 Facteur de pression fixe (personnalisable)<br \/>\n\u2022 Pr\u00e9cision totale (nominale)\u00a0: +\/-\u00a00,31\u00a0TP2T de lecture<br \/>\n\u2022 \u00c9tend la port\u00e9e du compteur \u00e0 200:1<br \/>\n\u2022 Temp\u00e9rature ambiante standard\u00a0: -40\u00a0F \u00e0 +158\u00a0F (-40\u00a0C \u00e0 +70\u00a0C)<br \/>\n\u2022 Quatre impulsions de sortie disponibles\u00a0:<br \/>\n-Deux canaux de sortie d&#039;impulsion de volume isol\u00e9s (corrig\u00e9s et non corrig\u00e9s)<br \/>\n-Une sortie impulsion isol\u00e9e pour alarme ou volume (corrig\u00e9e ou non corrig\u00e9e)<br \/>\n-Canal de sortie d&#039;impulsions corrig\u00e9 isol\u00e9 suppl\u00e9mentaire pour les appareils AMR\/AMI<br \/>\n\u2022 Largeur d&#039;impulsion et espacement d&#039;impulsion personnalisables<br \/>\n\u2022 Port de communication s\u00e9rie - RS232 ou RS485<br \/>\n\u2022 Compatible avec les modems analogiques et cellulaires<br \/>\n\u2022 Clavier portable en option<br \/>\n\u2022 Capteur RTD tr\u00e8s sensible<br \/>\n\u2022 Plages de capteur standard 0-200 PSIG et 10-190 PSIA. <em>Autres plages de pression disponibles sur demande.<\/em><br \/>\n\u2022 \u00c9talonnage nominal sur 12\u00a0ans<br \/>\n\u00c9talonnage de la temp\u00e9rature en 1 point<br \/>\n\u00c9talonnage de la pression en 3 points<\/p>\n<p>\u2022 Param\u00e8tres fixes\/configurables avec plusieurs niveaux de s\u00e9curit\u00e9<br \/>\n\u2022 Standard avec technologie brevet\u00e9e AdEM Click (disponible uniquement sur la version \u00e0 montage direct)<br \/>\n\u2022 Compatible avec Itron, Sensus, Aclara et d&#039;autres appareils AMI\/AMR<br \/>\n\u2022 Mode de v\u00e9rification pratique par bouton-poussoir (disponible uniquement sur la version \u00e0 montage direct)<br \/>\n\u2022 \u00c9talonnage rapide et efficace avec un \u00e9talonneur mod\u00e8le 5 (disponible uniquement sur la version \u00e0 montage direct)<br \/>\n\u2022 Bouton de d\u00e9filement unique robuste avec jusqu&#039;\u00e0 15 param\u00e8tres d&#039;affichage<br \/>\n\u2022 Grand \u00e9cran LCD facile \u00e0 lire \u00e0 8\u00a0chiffres, 14\u00a0segments semi-alphanum\u00e9riques<br \/>\n\u2022 Bo\u00eetier en polycarbonate technique r\u00e9sistant aux UV<br \/>\n\u2022 \u00c9lectronique scell\u00e9e dans un mat\u00e9riau d&#039;empotage en silicone pour une fiabilit\u00e9 et une dur\u00e9e de vie du produit am\u00e9lior\u00e9es<br \/>\n\u2022 R\u00e9sistant aux intemp\u00e9ries<br \/>\n\u2022 Plaques d&#039;adaptation pour les compteurs Dresser LMMA et B3 (disponibles uniquement sur la version \u00e0 montage direct)<\/p>\n<p><strong>Approbations\/Certifications AdEM-PTZ<\/strong><br \/>\n\u2022 S\u00e9curit\u00e9 intrins\u00e8que classe I division 1 &amp; 2 groupe D<br \/>\n\u2022 Approbation CSA 2277666<br \/>\n\u2022 Certificat de conformit\u00e9 IECEx - S\u00e9curit\u00e9 intrins\u00e8que 60079<br \/>\n\u2022 Approbation AG-0606 de Mesures Canada<br \/>\n\u2022 Approbation MID SK 17-QD-SMU-017 et SK13-MI002-SMU005<br \/>\n\u2022 Approuv\u00e9 par l&#039;\u00c9tat de New\u00a0York<br \/>\n\u2022 Tests de qualification tiers - Gas Technology Institute<br \/>\n\u2022 D\u00e9claration de conformit\u00e9 CE<\/p>\n<p>T\u00e9l\u00e9chargements\u00a0:<\/p>\n<p><a href=\"https:\/\/equipmentcontrols.com\/wp-content\/uploads\/2020\/04\/Romet.AdEM-PTZ_Rev1-1.pdf\">Fiche technique Romet AdEM-PTZ<\/a><\/p>","protected":false},"excerpt":{"rendered":"<p>Romet AdEM-PTZ Romet&#8217;s Advanced Electronic Module (AdEM\u00ae) series offers direct mount and remote mount instrumentation solutions with configurations for live gas compensation, data logging, pulse outputs and serial communication. The modular design along with Romet&#8217;s patented AdEM\u00ae-Click technology allows for seamless installation between popular brands of rotary gas meters. The AdEM\u00ae is compact, rugged, service-free, [&hellip;]<\/p>\n","protected":false},"featured_media":808,"template":"","meta":[],"product_brand":[],"product_cat":[21,23,48],"product_tag":[],"class_list":{"0":"post-809","1":"product","2":"type-product","3":"status-publish","4":"has-post-thumbnail","6":"product_cat-gas-meters","7":"product_cat-instrumentation","8":"product_cat-romet","10":"first","11":"instock","12":"shipping-taxable","13":"product-type-simple"},"yoast_head":"<!-- This site is optimized with the Yoast SEO Premium plugin v23.9 (Yoast SEO v27.3) - https:\/\/yoast.com\/product\/yoast-seo-premium-wordpress\/ -->\n<title>Romet AdEM-PTZ - ECCO<\/title>\n<meta name=\"description\" content=\"omet&#039;s Advanced Electronic Module (AdEM\u00ae) series offers direct mount and remote mount instrumentation solutions with configurations for live gas compensation, data logging, pulse outputs and serial communication. The modular design along with Romet&#039;s patented AdEM\u00ae-Click technology allows for seamless installation between popular brands of rotary gas meters.\" \/>\n<meta name=\"robots\" content=\"index, follow, max-snippet:-1, max-image-preview:large, max-video-preview:-1\" \/>\n<link rel=\"canonical\" href=\"https:\/\/equipmentcontrols.com\/fr\/produit\/romet-adem-ptz\/\" \/>\n<meta property=\"og:locale\" content=\"fr_CA\" \/>\n<meta property=\"og:type\" content=\"article\" \/>\n<meta property=\"og:title\" content=\"Romet AdEM-PTZ\" \/>\n<meta property=\"og:description\" content=\"omet&#039;s Advanced Electronic Module (AdEM\u00ae) series offers direct mount and remote mount instrumentation solutions with configurations for live gas compensation, data logging, pulse outputs and serial communication. The modular design along with Romet&#039;s patented AdEM\u00ae-Click technology allows for seamless installation between popular brands of rotary gas meters.\" \/>\n<meta property=\"og:url\" content=\"https:\/\/equipmentcontrols.com\/fr\/produit\/romet-adem-ptz\/\" \/>\n<meta property=\"og:site_name\" content=\"ECCO\" \/>\n<meta property=\"article:modified_time\" content=\"2020-05-05T17:40:55+00:00\" \/>\n<meta property=\"og:image\" content=\"https:\/\/equipmentcontrols.com\/wp-content\/uploads\/2020\/04\/ROMET20AdEM-PTZ.jpg\" \/>\n\t<meta property=\"og:image:width\" content=\"860\" \/>\n\t<meta property=\"og:image:height\" content=\"860\" \/>\n\t<meta property=\"og:image:type\" content=\"image\/jpeg\" \/>\n<meta name=\"twitter:card\" content=\"summary_large_image\" \/>\n<meta name=\"twitter:label1\" content=\"Estimation du temps de lecture\" \/>\n\t<meta name=\"twitter:data1\" content=\"3 minutes\" \/>\n<script type=\"application\/ld+json\" class=\"yoast-schema-graph\">{\"@context\":\"https:\\\/\\\/schema.org\",\"@graph\":[{\"@type\":\"WebPage\",\"@id\":\"https:\\\/\\\/equipmentcontrols.com\\\/product\\\/romet-adem-ptz\\\/\",\"url\":\"https:\\\/\\\/equipmentcontrols.com\\\/product\\\/romet-adem-ptz\\\/\",\"name\":\"Romet AdEM-PTZ - ECCO\",\"isPartOf\":{\"@id\":\"https:\\\/\\\/equipmentcontrols.com\\\/#website\"},\"primaryImageOfPage\":{\"@id\":\"https:\\\/\\\/equipmentcontrols.com\\\/product\\\/romet-adem-ptz\\\/#primaryimage\"},\"image\":{\"@id\":\"https:\\\/\\\/equipmentcontrols.com\\\/product\\\/romet-adem-ptz\\\/#primaryimage\"},\"thumbnailUrl\":\"https:\\\/\\\/equipmentcontrols.com\\\/wp-content\\\/uploads\\\/2020\\\/04\\\/ROMET20AdEM-PTZ.jpg\",\"datePublished\":\"2020-04-30T16:48:31+00:00\",\"dateModified\":\"2020-05-05T17:40:55+00:00\",\"description\":\"omet's Advanced Electronic Module (AdEM\u00ae) series offers direct mount and remote mount instrumentation solutions with configurations for live gas compensation, data logging, pulse outputs and serial communication. The modular design along with Romet's patented AdEM\u00ae-Click technology allows for seamless installation between popular brands of rotary gas meters.\",\"breadcrumb\":{\"@id\":\"https:\\\/\\\/equipmentcontrols.com\\\/product\\\/romet-adem-ptz\\\/#breadcrumb\"},\"inLanguage\":\"fr-CA\",\"potentialAction\":[{\"@type\":\"ReadAction\",\"target\":[\"https:\\\/\\\/equipmentcontrols.com\\\/product\\\/romet-adem-ptz\\\/\"]}]},{\"@type\":\"ImageObject\",\"inLanguage\":\"fr-CA\",\"@id\":\"https:\\\/\\\/equipmentcontrols.com\\\/product\\\/romet-adem-ptz\\\/#primaryimage\",\"url\":\"https:\\\/\\\/equipmentcontrols.com\\\/wp-content\\\/uploads\\\/2020\\\/04\\\/ROMET20AdEM-PTZ.jpg\",\"contentUrl\":\"https:\\\/\\\/equipmentcontrols.com\\\/wp-content\\\/uploads\\\/2020\\\/04\\\/ROMET20AdEM-PTZ.jpg\",\"width\":860,\"height\":860,\"caption\":\"ROMET20AdEM-PTZ.jpg\"},{\"@type\":\"BreadcrumbList\",\"@id\":\"https:\\\/\\\/equipmentcontrols.com\\\/product\\\/romet-adem-ptz\\\/#breadcrumb\",\"itemListElement\":[{\"@type\":\"ListItem\",\"position\":1,\"name\":\"Home\",\"item\":\"https:\\\/\\\/equipmentcontrols.com\\\/\"},{\"@type\":\"ListItem\",\"position\":2,\"name\":\"Shop\",\"item\":\"https:\\\/\\\/equipmentcontrols.com\\\/shop\\\/\"},{\"@type\":\"ListItem\",\"position\":3,\"name\":\"Romet AdEM-PTZ\"}]},{\"@type\":\"WebSite\",\"@id\":\"https:\\\/\\\/equipmentcontrols.com\\\/#website\",\"url\":\"https:\\\/\\\/equipmentcontrols.com\\\/\",\"name\":\"ECCO\",\"description\":\"Equipment Controls Company\",\"potentialAction\":[{\"@type\":\"SearchAction\",\"target\":{\"@type\":\"EntryPoint\",\"urlTemplate\":\"https:\\\/\\\/equipmentcontrols.com\\\/?s={search_term_string}\"},\"query-input\":{\"@type\":\"PropertyValueSpecification\",\"valueRequired\":true,\"valueName\":\"search_term_string\"}}],\"inLanguage\":\"fr-CA\"}]}<\/script>\n<!-- \/ Yoast SEO Premium plugin. -->","yoast_head_json":{"title":"Romet AdEM-PTZ - ECCO","description":"omet's Advanced Electronic Module (AdEM\u00ae) series offers direct mount and remote mount instrumentation solutions with configurations for live gas compensation, data logging, pulse outputs and serial communication. The modular design along with Romet's patented AdEM\u00ae-Click technology allows for seamless installation between popular brands of rotary gas meters.","robots":{"index":"index","follow":"follow","max-snippet":"max-snippet:-1","max-image-preview":"max-image-preview:large","max-video-preview":"max-video-preview:-1"},"canonical":"https:\/\/equipmentcontrols.com\/fr\/produit\/romet-adem-ptz\/","og_locale":"fr_CA","og_type":"article","og_title":"Romet AdEM-PTZ","og_description":"omet's Advanced Electronic Module (AdEM\u00ae) series offers direct mount and remote mount instrumentation solutions with configurations for live gas compensation, data logging, pulse outputs and serial communication. The modular design along with Romet's patented AdEM\u00ae-Click technology allows for seamless installation between popular brands of rotary gas meters.","og_url":"https:\/\/equipmentcontrols.com\/fr\/produit\/romet-adem-ptz\/","og_site_name":"ECCO","article_modified_time":"2020-05-05T17:40:55+00:00","og_image":[{"width":860,"height":860,"url":"https:\/\/equipmentcontrols.com\/wp-content\/uploads\/2020\/04\/ROMET20AdEM-PTZ.jpg","type":"image\/jpeg"}],"twitter_card":"summary_large_image","twitter_misc":{"Estimation du temps de lecture":"3 minutes"},"schema":{"@context":"https:\/\/schema.org","@graph":[{"@type":"WebPage","@id":"https:\/\/equipmentcontrols.com\/product\/romet-adem-ptz\/","url":"https:\/\/equipmentcontrols.com\/product\/romet-adem-ptz\/","name":"Romet AdEM-PTZ - ECCO","isPartOf":{"@id":"https:\/\/equipmentcontrols.com\/#website"},"primaryImageOfPage":{"@id":"https:\/\/equipmentcontrols.com\/product\/romet-adem-ptz\/#primaryimage"},"image":{"@id":"https:\/\/equipmentcontrols.com\/product\/romet-adem-ptz\/#primaryimage"},"thumbnailUrl":"https:\/\/equipmentcontrols.com\/wp-content\/uploads\/2020\/04\/ROMET20AdEM-PTZ.jpg","datePublished":"2020-04-30T16:48:31+00:00","dateModified":"2020-05-05T17:40:55+00:00","description":"omet's Advanced Electronic Module (AdEM\u00ae) series offers direct mount and remote mount instrumentation solutions with configurations for live gas compensation, data logging, pulse outputs and serial communication. The modular design along with Romet's patented AdEM\u00ae-Click technology allows for seamless installation between popular brands of rotary gas meters.","breadcrumb":{"@id":"https:\/\/equipmentcontrols.com\/product\/romet-adem-ptz\/#breadcrumb"},"inLanguage":"fr-CA","potentialAction":[{"@type":"ReadAction","target":["https:\/\/equipmentcontrols.com\/product\/romet-adem-ptz\/"]}]},{"@type":"ImageObject","inLanguage":"fr-CA","@id":"https:\/\/equipmentcontrols.com\/product\/romet-adem-ptz\/#primaryimage","url":"https:\/\/equipmentcontrols.com\/wp-content\/uploads\/2020\/04\/ROMET20AdEM-PTZ.jpg","contentUrl":"https:\/\/equipmentcontrols.com\/wp-content\/uploads\/2020\/04\/ROMET20AdEM-PTZ.jpg","width":860,"height":860,"caption":"ROMET20AdEM-PTZ.jpg"},{"@type":"BreadcrumbList","@id":"https:\/\/equipmentcontrols.com\/product\/romet-adem-ptz\/#breadcrumb","itemListElement":[{"@type":"ListItem","position":1,"name":"Home","item":"https:\/\/equipmentcontrols.com\/"},{"@type":"ListItem","position":2,"name":"Shop","item":"https:\/\/equipmentcontrols.com\/shop\/"},{"@type":"ListItem","position":3,"name":"Romet AdEM-PTZ"}]},{"@type":"WebSite","@id":"https:\/\/equipmentcontrols.com\/#website","url":"https:\/\/equipmentcontrols.com\/","name":"ECCO","description":"Compagnie de contr\u00f4le d&#039;\u00e9quipement","potentialAction":[{"@type":"SearchAction","target":{"@type":"EntryPoint","urlTemplate":"https:\/\/equipmentcontrols.com\/?s={search_term_string}"},"query-input":{"@type":"PropertyValueSpecification","valueRequired":true,"valueName":"search_term_string"}}],"inLanguage":"fr-CA"}]}},"_links":{"self":[{"href":"https:\/\/equipmentcontrols.com\/fr\/wp-json\/wp\/v2\/product\/809","targetHints":{"allow":["GET"]}}],"collection":[{"href":"https:\/\/equipmentcontrols.com\/fr\/wp-json\/wp\/v2\/product"}],"about":[{"href":"https:\/\/equipmentcontrols.com\/fr\/wp-json\/wp\/v2\/types\/product"}],"wp:featuredmedia":[{"embeddable":true,"href":"https:\/\/equipmentcontrols.com\/fr\/wp-json\/wp\/v2\/media\/808"}],"wp:attachment":[{"href":"https:\/\/equipmentcontrols.com\/fr\/wp-json\/wp\/v2\/media?parent=809"}],"wp:term":[{"taxonomy":"product_brand","embeddable":true,"href":"https:\/\/equipmentcontrols.com\/fr\/wp-json\/wp\/v2\/product_brand?post=809"},{"taxonomy":"product_cat","embeddable":true,"href":"https:\/\/equipmentcontrols.com\/fr\/wp-json\/wp\/v2\/product_cat?post=809"},{"taxonomy":"product_tag","embeddable":true,"href":"https:\/\/equipmentcontrols.com\/fr\/wp-json\/wp\/v2\/product_tag?post=809"}],"curies":[{"name":"wp","href":"https:\/\/api.w.org\/{rel}","templated":true}]}}