{"id":803,"date":"2020-04-30T16:48:30","date_gmt":"2020-04-30T16:48:30","guid":{"rendered":"https:\/\/econtrols.stagemysite.com\/product\/romet-plug\/"},"modified":"2020-05-05T17:38:54","modified_gmt":"2020-05-05T17:38:54","slug":"romet-plug","status":"publish","type":"product","link":"https:\/\/equipmentcontrols.com\/fr\/produit\/romet-plug\/","title":{"rendered":"Prise Romet"},"content":{"rendered":"<p><strong>Prise Romet<\/strong><\/p>\n<p>Des performances robustes et fiables sur lesquelles vous pouvez compter<br \/>\nLes prises de test Romet vous permettent d&#039;effectuer facilement et en toute s\u00e9curit\u00e9 des lectures de pression et de temp\u00e9rature sur une ligne sous pression, ce qui vous permet d&#039;\u00e9conomiser du temps et de l&#039;argent en \u00e9liminant le besoin d&#039;installer des manom\u00e8tres et des indicateurs de temp\u00e9rature en permanence. La prise Romet fournit \u00e9galement un point d&#039;acc\u00e8s s\u00fbr et facile pour huiler les compteurs de gaz rotatifs sous pression.<\/p>\n<p>Le Romet Plug est compos\u00e9 d&#039;un bo\u00eetier en laiton robuste avec un capuchon de protection et de deux vannes internes \u00e0 fermeture automatique. Cette conception permet d&#039;ins\u00e9rer en toute s\u00e9curit\u00e9 une sonde de temp\u00e9rature ou un adaptateur de manom\u00e8tre, avec le manom\u00e8tre appropri\u00e9, \u00e0 travers les vannes \u00e0 fermeture automatique du Romet Plug. Une fois toutes les lectures, tests et r\u00e9glages effectu\u00e9s, la sonde peut facilement \u00eatre retir\u00e9e et les deux vannes se scellent automatiquement. Le capuchon en laiton ajoute une couche de protection suppl\u00e9mentaire et fournit une \u00e9tanch\u00e9it\u00e9 suppl\u00e9mentaire.<\/p>\n<p>Le bouchon Romet peut simplement \u00eatre install\u00e9 dans un raccord filet\u00e9 droit 1\/4&quot; NPT ou 9\/16-18 UNF pour recevoir une sonde de temp\u00e9rature et de pression 1\/16&quot; ou 1\/8&quot; OD.<\/p>\n<p>Selon l&#039;application, le bouchon Romet est \u00e9valu\u00e9 \u00e0 une pression maximale de 500 psig \u00e0 des temp\u00e9ratures de -40 \u00b0F \u00e0 200 \u00b0F et 1000 psig de -20 \u00b0F \u00e0 140 \u00b0Fb<\/p>\n<p><strong>Caract\u00e9ristiques:<\/strong><br \/>\nSp\u00e9cification du mat\u00e9riau Pression et temp\u00e9rature maximales Type de raccordement<br \/>\nCorps en laiton et noyau en n\u00e9opr\u00e8ne 500 psig @ -40\u00b0F \u00e0 200\u00b0F 1\/4\u2033 NPT<br \/>\nCorps en laiton et noyau en n\u00e9opr\u00e8ne. 1000 psig @ -20\u00b0F \u00e0 140\u00b0F 1\/4\u2033 NPT<br \/>\nCorps en laiton et noyau en n\u00e9opr\u00e8ne avec joint torique Buna-N 500 psig @ -40\u00b0F \u00e0 200\u00b0F 9\/16-18 UNF<br \/>\nCorps en laiton et noyau en n\u00e9opr\u00e8ne avec joint torique Buna-N 1000 psig @ -20\u00b0F \u00e0 140\u00b0F 9\/16-18 UNF<\/p>\n<p><strong>T\u00e9l\u00e9charger:<\/strong><br \/>\n<a href=\"https:\/\/equipmentcontrols.com\/wp-content\/uploads\/2020\/04\/Romet-Plug.pdf\">Fiche technique de la prise Romet<\/a><\/p>","protected":false},"excerpt":{"rendered":"<p>Romet Plug Rugged and Reliable Performance You Can Count On Romet Test Plugs allow you to safely and easily take pressure and temperature readings on a pressurized line, saving you time and money by eliminating the need for permanently installed gauges and temperature indicators. The Romet Plug also provides a safe and easy access point [&hellip;]<\/p>\n","protected":false},"featured_media":802,"template":"","meta":[],"product_brand":[],"product_cat":[62,48],"product_tag":[],"class_list":{"0":"post-803","1":"product","2":"type-product","3":"status-publish","4":"has-post-thumbnail","6":"product_cat-accessories","7":"product_cat-romet","9":"first","10":"instock","11":"shipping-taxable","12":"product-type-simple"},"yoast_head":"<!-- This site is optimized with the Yoast SEO Premium plugin v23.9 (Yoast SEO v27.3) - https:\/\/yoast.com\/product\/yoast-seo-premium-wordpress\/ -->\n<title>Romet Plug - ECCO<\/title>\n<meta name=\"description\" content=\"Romet Test Plugs allow you to safely and easily take pressure and temperature readings on a pressurized line, saving you time and money by eliminating the need for permanently installed gauges and temperature indicators and provides a safe and easy access point for oiling rotary gas meters under pressure.The Romet Plug is composed of a rugged brass housing with a protective cap and two internal self-closing valves. This design allows a temperature probe or a gauge adapter, with the appropriate pressure gauge, to be safely inserted through the self-closing valves of the Romet Plug.\" \/>\n<meta name=\"robots\" content=\"index, follow, max-snippet:-1, max-image-preview:large, max-video-preview:-1\" \/>\n<link rel=\"canonical\" href=\"https:\/\/equipmentcontrols.com\/fr\/produit\/romet-plug\/\" \/>\n<meta property=\"og:locale\" content=\"fr_CA\" \/>\n<meta property=\"og:type\" content=\"article\" \/>\n<meta property=\"og:title\" content=\"Romet Plug\" \/>\n<meta property=\"og:description\" content=\"Romet Test Plugs allow you to safely and easily take pressure and temperature readings on a pressurized line, saving you time and money by eliminating the need for permanently installed gauges and temperature indicators and provides a safe and easy access point for oiling rotary gas meters under pressure.The Romet Plug is composed of a rugged brass housing with a protective cap and two internal self-closing valves. This design allows a temperature probe or a gauge adapter, with the appropriate pressure gauge, to be safely inserted through the self-closing valves of the Romet Plug.\" \/>\n<meta property=\"og:url\" content=\"https:\/\/equipmentcontrols.com\/fr\/produit\/romet-plug\/\" \/>\n<meta property=\"og:site_name\" content=\"ECCO\" \/>\n<meta property=\"article:modified_time\" content=\"2020-05-05T17:38:54+00:00\" \/>\n<meta property=\"og:image\" content=\"https:\/\/equipmentcontrols.com\/wp-content\/uploads\/2020\/04\/ROMET20Plug.jpg\" \/>\n\t<meta property=\"og:image:width\" content=\"860\" \/>\n\t<meta property=\"og:image:height\" content=\"860\" \/>\n\t<meta property=\"og:image:type\" content=\"image\/jpeg\" \/>\n<meta name=\"twitter:card\" content=\"summary_large_image\" \/>\n<meta name=\"twitter:label1\" content=\"Estimation du temps de lecture\" \/>\n\t<meta name=\"twitter:data1\" content=\"1 minute\" \/>\n<script type=\"application\/ld+json\" class=\"yoast-schema-graph\">{\"@context\":\"https:\\\/\\\/schema.org\",\"@graph\":[{\"@type\":\"WebPage\",\"@id\":\"https:\\\/\\\/equipmentcontrols.com\\\/product\\\/romet-plug\\\/\",\"url\":\"https:\\\/\\\/equipmentcontrols.com\\\/product\\\/romet-plug\\\/\",\"name\":\"Romet Plug - ECCO\",\"isPartOf\":{\"@id\":\"https:\\\/\\\/equipmentcontrols.com\\\/#website\"},\"primaryImageOfPage\":{\"@id\":\"https:\\\/\\\/equipmentcontrols.com\\\/product\\\/romet-plug\\\/#primaryimage\"},\"image\":{\"@id\":\"https:\\\/\\\/equipmentcontrols.com\\\/product\\\/romet-plug\\\/#primaryimage\"},\"thumbnailUrl\":\"https:\\\/\\\/equipmentcontrols.com\\\/wp-content\\\/uploads\\\/2020\\\/04\\\/ROMET20Plug.jpg\",\"datePublished\":\"2020-04-30T16:48:30+00:00\",\"dateModified\":\"2020-05-05T17:38:54+00:00\",\"description\":\"Romet Test Plugs allow you to safely and easily take pressure and temperature readings on a pressurized line, saving you time and money by eliminating the need for permanently installed gauges and temperature indicators and provides a safe and easy access point for oiling rotary gas meters under pressure.The Romet Plug is composed of a rugged brass housing with a protective cap and two internal self-closing valves. This design allows a temperature probe or a gauge adapter, with the appropriate pressure gauge, to be safely inserted through the self-closing valves of the Romet Plug.\",\"breadcrumb\":{\"@id\":\"https:\\\/\\\/equipmentcontrols.com\\\/product\\\/romet-plug\\\/#breadcrumb\"},\"inLanguage\":\"fr-CA\",\"potentialAction\":[{\"@type\":\"ReadAction\",\"target\":[\"https:\\\/\\\/equipmentcontrols.com\\\/product\\\/romet-plug\\\/\"]}]},{\"@type\":\"ImageObject\",\"inLanguage\":\"fr-CA\",\"@id\":\"https:\\\/\\\/equipmentcontrols.com\\\/product\\\/romet-plug\\\/#primaryimage\",\"url\":\"https:\\\/\\\/equipmentcontrols.com\\\/wp-content\\\/uploads\\\/2020\\\/04\\\/ROMET20Plug.jpg\",\"contentUrl\":\"https:\\\/\\\/equipmentcontrols.com\\\/wp-content\\\/uploads\\\/2020\\\/04\\\/ROMET20Plug.jpg\",\"width\":860,\"height\":860,\"caption\":\"ROMET20Plug\"},{\"@type\":\"BreadcrumbList\",\"@id\":\"https:\\\/\\\/equipmentcontrols.com\\\/product\\\/romet-plug\\\/#breadcrumb\",\"itemListElement\":[{\"@type\":\"ListItem\",\"position\":1,\"name\":\"Home\",\"item\":\"https:\\\/\\\/equipmentcontrols.com\\\/\"},{\"@type\":\"ListItem\",\"position\":2,\"name\":\"Shop\",\"item\":\"https:\\\/\\\/equipmentcontrols.com\\\/shop\\\/\"},{\"@type\":\"ListItem\",\"position\":3,\"name\":\"Romet Plug\"}]},{\"@type\":\"WebSite\",\"@id\":\"https:\\\/\\\/equipmentcontrols.com\\\/#website\",\"url\":\"https:\\\/\\\/equipmentcontrols.com\\\/\",\"name\":\"ECCO\",\"description\":\"Equipment Controls Company\",\"potentialAction\":[{\"@type\":\"SearchAction\",\"target\":{\"@type\":\"EntryPoint\",\"urlTemplate\":\"https:\\\/\\\/equipmentcontrols.com\\\/?s={search_term_string}\"},\"query-input\":{\"@type\":\"PropertyValueSpecification\",\"valueRequired\":true,\"valueName\":\"search_term_string\"}}],\"inLanguage\":\"fr-CA\"}]}<\/script>\n<!-- \/ Yoast SEO Premium plugin. -->","yoast_head_json":{"title":"Romet Plug - ECCO","description":"Romet Test Plugs allow you to safely and easily take pressure and temperature readings on a pressurized line, saving you time and money by eliminating the need for permanently installed gauges and temperature indicators and provides a safe and easy access point for oiling rotary gas meters under pressure.The Romet Plug is composed of a rugged brass housing with a protective cap and two internal self-closing valves. This design allows a temperature probe or a gauge adapter, with the appropriate pressure gauge, to be safely inserted through the self-closing valves of the Romet Plug.","robots":{"index":"index","follow":"follow","max-snippet":"max-snippet:-1","max-image-preview":"max-image-preview:large","max-video-preview":"max-video-preview:-1"},"canonical":"https:\/\/equipmentcontrols.com\/fr\/produit\/romet-plug\/","og_locale":"fr_CA","og_type":"article","og_title":"Romet Plug","og_description":"Romet Test Plugs allow you to safely and easily take pressure and temperature readings on a pressurized line, saving you time and money by eliminating the need for permanently installed gauges and temperature indicators and provides a safe and easy access point for oiling rotary gas meters under pressure.The Romet Plug is composed of a rugged brass housing with a protective cap and two internal self-closing valves. This design allows a temperature probe or a gauge adapter, with the appropriate pressure gauge, to be safely inserted through the self-closing valves of the Romet Plug.","og_url":"https:\/\/equipmentcontrols.com\/fr\/produit\/romet-plug\/","og_site_name":"ECCO","article_modified_time":"2020-05-05T17:38:54+00:00","og_image":[{"width":860,"height":860,"url":"https:\/\/equipmentcontrols.com\/wp-content\/uploads\/2020\/04\/ROMET20Plug.jpg","type":"image\/jpeg"}],"twitter_card":"summary_large_image","twitter_misc":{"Estimation du temps de lecture":"1 minute"},"schema":{"@context":"https:\/\/schema.org","@graph":[{"@type":"WebPage","@id":"https:\/\/equipmentcontrols.com\/product\/romet-plug\/","url":"https:\/\/equipmentcontrols.com\/product\/romet-plug\/","name":"Romet Plug - ECCO","isPartOf":{"@id":"https:\/\/equipmentcontrols.com\/#website"},"primaryImageOfPage":{"@id":"https:\/\/equipmentcontrols.com\/product\/romet-plug\/#primaryimage"},"image":{"@id":"https:\/\/equipmentcontrols.com\/product\/romet-plug\/#primaryimage"},"thumbnailUrl":"https:\/\/equipmentcontrols.com\/wp-content\/uploads\/2020\/04\/ROMET20Plug.jpg","datePublished":"2020-04-30T16:48:30+00:00","dateModified":"2020-05-05T17:38:54+00:00","description":"Romet Test Plugs allow you to safely and easily take pressure and temperature readings on a pressurized line, saving you time and money by eliminating the need for permanently installed gauges and temperature indicators and provides a safe and easy access point for oiling rotary gas meters under pressure.The Romet Plug is composed of a rugged brass housing with a protective cap and two internal self-closing valves. This design allows a temperature probe or a gauge adapter, with the appropriate pressure gauge, to be safely inserted through the self-closing valves of the Romet Plug.","breadcrumb":{"@id":"https:\/\/equipmentcontrols.com\/product\/romet-plug\/#breadcrumb"},"inLanguage":"fr-CA","potentialAction":[{"@type":"ReadAction","target":["https:\/\/equipmentcontrols.com\/product\/romet-plug\/"]}]},{"@type":"ImageObject","inLanguage":"fr-CA","@id":"https:\/\/equipmentcontrols.com\/product\/romet-plug\/#primaryimage","url":"https:\/\/equipmentcontrols.com\/wp-content\/uploads\/2020\/04\/ROMET20Plug.jpg","contentUrl":"https:\/\/equipmentcontrols.com\/wp-content\/uploads\/2020\/04\/ROMET20Plug.jpg","width":860,"height":860,"caption":"ROMET20Plug"},{"@type":"BreadcrumbList","@id":"https:\/\/equipmentcontrols.com\/product\/romet-plug\/#breadcrumb","itemListElement":[{"@type":"ListItem","position":1,"name":"Home","item":"https:\/\/equipmentcontrols.com\/"},{"@type":"ListItem","position":2,"name":"Shop","item":"https:\/\/equipmentcontrols.com\/shop\/"},{"@type":"ListItem","position":3,"name":"Romet Plug"}]},{"@type":"WebSite","@id":"https:\/\/equipmentcontrols.com\/#website","url":"https:\/\/equipmentcontrols.com\/","name":"ECCO","description":"Compagnie de contr\u00f4le d&#039;\u00e9quipement","potentialAction":[{"@type":"SearchAction","target":{"@type":"EntryPoint","urlTemplate":"https:\/\/equipmentcontrols.com\/?s={search_term_string}"},"query-input":{"@type":"PropertyValueSpecification","valueRequired":true,"valueName":"search_term_string"}}],"inLanguage":"fr-CA"}]}},"_links":{"self":[{"href":"https:\/\/equipmentcontrols.com\/fr\/wp-json\/wp\/v2\/product\/803","targetHints":{"allow":["GET"]}}],"collection":[{"href":"https:\/\/equipmentcontrols.com\/fr\/wp-json\/wp\/v2\/product"}],"about":[{"href":"https:\/\/equipmentcontrols.com\/fr\/wp-json\/wp\/v2\/types\/product"}],"wp:featuredmedia":[{"embeddable":true,"href":"https:\/\/equipmentcontrols.com\/fr\/wp-json\/wp\/v2\/media\/802"}],"wp:attachment":[{"href":"https:\/\/equipmentcontrols.com\/fr\/wp-json\/wp\/v2\/media?parent=803"}],"wp:term":[{"taxonomy":"product_brand","embeddable":true,"href":"https:\/\/equipmentcontrols.com\/fr\/wp-json\/wp\/v2\/product_brand?post=803"},{"taxonomy":"product_cat","embeddable":true,"href":"https:\/\/equipmentcontrols.com\/fr\/wp-json\/wp\/v2\/product_cat?post=803"},{"taxonomy":"product_tag","embeddable":true,"href":"https:\/\/equipmentcontrols.com\/fr\/wp-json\/wp\/v2\/product_tag?post=803"}],"curies":[{"name":"wp","href":"https:\/\/api.w.org\/{rel}","templated":true}]}}