{"id":799,"date":"2020-04-30T16:48:29","date_gmt":"2020-04-30T16:48:29","guid":{"rendered":"https:\/\/econtrols.stagemysite.com\/product\/romet-rmt\/"},"modified":"2020-04-30T23:15:34","modified_gmt":"2020-04-30T23:15:34","slug":"romet-rmt","status":"publish","type":"product","link":"https:\/\/equipmentcontrols.com\/fr\/produit\/romet-rmt\/","title":{"rendered":"Romet RMT"},"content":{"rendered":"<p><strong>Romet RMT<\/strong><\/p>\n<p>Le compteur RMT est le corps de compteur le plus avanc\u00e9 de Romet. Le corps en aluminium extrud\u00e9 ainsi que notre profil de turbine exclusif offrent une plage de r\u00e9glage am\u00e9lior\u00e9e tout en maintenant les plus hauts niveaux d&#039;exactitude et de pr\u00e9cision gr\u00e2ce \u00e0 notre conception brevet\u00e9e d&#039;engrenage de distribution \u00e0 goupilles. Un compteur de secours m\u00e9canique int\u00e9gr\u00e9 est standard sur toute la gamme de tailles RMT, offrant \u00e0 nos clients la tranquillit\u00e9 d&#039;esprit qu&#039;une mesure pr\u00e9cise et fiable sera maintenue tout au long de la dur\u00e9e de vie du compteur.<\/p>\n<p><strong>Robuste<\/strong><br \/>\nTous les compteurs sont test\u00e9s sous pression jusqu&#039;\u00e0 4x MAOP pour s&#039;assurer que seuls les compteurs les plus r\u00e9sistants quittent nos installations.<br \/>\n<strong>Sensible<\/strong><br \/>\nChaque compteur est test\u00e9 individuellement en usine et certifi\u00e9 pour une pr\u00e9cision de mesure conforme ou sup\u00e9rieure aux exigences de compteur de gaz rotatif ANSI B109.3.<br \/>\n<strong>Fiable<\/strong><br \/>\nLes compteurs RMT sont livr\u00e9s en standard avec un compteur de secours m\u00e9canique int\u00e9gr\u00e9 pour donner \u00e0 nos clients l&#039;assurance qu&#039;une mesure fiable sera toujours obtenue.<\/p>\n<p><strong>T\u00e9l\u00e9chargements\u00a0:<\/strong><br \/>\n<a href=\"https:\/\/equipmentcontrols.com\/wp-content\/uploads\/2020\/04\/RMT600-Flanged.pdf\">RMT600 Bride.pdf<\/a><br \/>\n<a href=\"https:\/\/equipmentcontrols.com\/wp-content\/uploads\/2020\/04\/RMT1000-Flanged.pdf\">RMT1000 Bride.pdf<\/a><br \/>\n<a href=\"https:\/\/equipmentcontrols.com\/wp-content\/uploads\/2020\/04\/RMT1500-Flanged.pdf\">RMT1500 Bride.pdf<\/a><br \/>\n<a href=\"https:\/\/equipmentcontrols.com\/wp-content\/uploads\/2020\/04\/RMT2000-Flanged.pdf\">RMT2000 Bride.pdf<\/a><br \/>\n<a href=\"https:\/\/equipmentcontrols.com\/wp-content\/uploads\/2020\/04\/RMT3000-Flanged.pdf\">RMT3000 Bride.pdf<\/a><br \/>\n<a href=\"https:\/\/equipmentcontrols.com\/wp-content\/uploads\/2020\/04\/RMT5000-3-inch-Flanged.pdf\">RMT5000 3 pouces \u00e0 bride.pdf<\/a><br \/>\n<a href=\"https:\/\/equipmentcontrols.com\/wp-content\/uploads\/2020\/04\/RMT7000-Flanged.pdf\">RMT7000 Bride.pdf<\/a><br \/>\n<a href=\"https:\/\/equipmentcontrols.com\/wp-content\/uploads\/2020\/04\/RMT11000-Flanged.pdf\">RMT11000 Bride.pdf<\/a><br \/>\n<a href=\"https:\/\/equipmentcontrols.com\/wp-content\/uploads\/2020\/04\/RMT16000-Flanged.pdf\">RMT16000 Bride.pdf<\/a><br \/>\n<a href=\"https:\/\/equipmentcontrols.com\/wp-content\/uploads\/2020\/04\/RMT23000-Flanged.pdf\">RMT23000 Bride.pdf<\/a><\/p>\n<p>je<a href=\"https:\/\/equipmentcontrols.com\/wp-content\/uploads\/2020\/04\/Installation-Bulletin-603_RMT_Rev-4-English.pdf\">Bulletin d&#039;installation 603_RMT_Rev 4 (Anglais).pdf<\/a><\/p>","protected":false},"excerpt":{"rendered":"<p>Romet RMT The RMT meter is Romet\u2019s most advanced meter body. The extruded aluminum body along with our proprietary impeller profile provides improved rangeability while maintaining the highest levels of accuracy and precision through our patented pinned timing gear design. An integral mechanical backup counter comes standard on the entire RMT size range providing our [&hellip;]<\/p>\n","protected":false},"featured_media":798,"template":"","meta":[],"product_brand":[],"product_cat":[21,48],"product_tag":[],"class_list":{"0":"post-799","1":"product","2":"type-product","3":"status-publish","4":"has-post-thumbnail","6":"product_cat-gas-meters","7":"product_cat-romet","9":"first","10":"instock","11":"shipping-taxable","12":"product-type-simple"},"yoast_head":"<!-- This site is optimized with the Yoast SEO Premium plugin v23.9 (Yoast SEO v27.3) - https:\/\/yoast.com\/product\/yoast-seo-premium-wordpress\/ -->\n<title>Romet RMT - ECCO<\/title>\n<meta name=\"description\" content=\"The RMT meter is Romet\u2019s most advanced meter body. The extruded aluminum body along with our proprietary impeller profile provides improved rangeability while maintaining the highest levels of accuracy and precision through our patented pinned timing gear design. An integral mechanical backup counter comes standard on the entire RMT size range providing our customers with the peace of mind that accurate and reliable measurement will be maintained throughout the life of the meter.\" \/>\n<meta name=\"robots\" content=\"index, follow, max-snippet:-1, max-image-preview:large, max-video-preview:-1\" \/>\n<link rel=\"canonical\" href=\"https:\/\/equipmentcontrols.com\/fr\/produit\/romet-rmt\/\" \/>\n<meta property=\"og:locale\" content=\"fr_CA\" \/>\n<meta property=\"og:type\" content=\"article\" \/>\n<meta property=\"og:title\" content=\"Romet RMT\" \/>\n<meta property=\"og:description\" content=\"The RMT meter is Romet\u2019s most advanced meter body. The extruded aluminum body along with our proprietary impeller profile provides improved rangeability while maintaining the highest levels of accuracy and precision through our patented pinned timing gear design. An integral mechanical backup counter comes standard on the entire RMT size range providing our customers with the peace of mind that accurate and reliable measurement will be maintained throughout the life of the meter.\" \/>\n<meta property=\"og:url\" content=\"https:\/\/equipmentcontrols.com\/fr\/produit\/romet-rmt\/\" \/>\n<meta property=\"og:site_name\" content=\"ECCO\" \/>\n<meta property=\"article:modified_time\" content=\"2020-04-30T23:15:34+00:00\" \/>\n<meta property=\"og:image\" content=\"https:\/\/equipmentcontrols.com\/wp-content\/uploads\/2020\/04\/ROMET20RMT.jpg\" \/>\n\t<meta property=\"og:image:width\" content=\"860\" \/>\n\t<meta property=\"og:image:height\" content=\"860\" \/>\n\t<meta property=\"og:image:type\" content=\"image\/jpeg\" \/>\n<meta name=\"twitter:card\" content=\"summary_large_image\" \/>\n<meta name=\"twitter:label1\" content=\"Estimation du temps de lecture\" \/>\n\t<meta name=\"twitter:data1\" content=\"1 minute\" \/>\n<script type=\"application\/ld+json\" class=\"yoast-schema-graph\">{\"@context\":\"https:\\\/\\\/schema.org\",\"@graph\":[{\"@type\":\"WebPage\",\"@id\":\"https:\\\/\\\/equipmentcontrols.com\\\/product\\\/romet-rmt\\\/\",\"url\":\"https:\\\/\\\/equipmentcontrols.com\\\/product\\\/romet-rmt\\\/\",\"name\":\"Romet RMT - ECCO\",\"isPartOf\":{\"@id\":\"https:\\\/\\\/equipmentcontrols.com\\\/#website\"},\"primaryImageOfPage\":{\"@id\":\"https:\\\/\\\/equipmentcontrols.com\\\/product\\\/romet-rmt\\\/#primaryimage\"},\"image\":{\"@id\":\"https:\\\/\\\/equipmentcontrols.com\\\/product\\\/romet-rmt\\\/#primaryimage\"},\"thumbnailUrl\":\"https:\\\/\\\/equipmentcontrols.com\\\/wp-content\\\/uploads\\\/2020\\\/04\\\/ROMET20RMT.jpg\",\"datePublished\":\"2020-04-30T16:48:29+00:00\",\"dateModified\":\"2020-04-30T23:15:34+00:00\",\"description\":\"The RMT meter is Romet\u2019s most advanced meter body. The extruded aluminum body along with our proprietary impeller profile provides improved rangeability while maintaining the highest levels of accuracy and precision through our patented pinned timing gear design. An integral mechanical backup counter comes standard on the entire RMT size range providing our customers with the peace of mind that accurate and reliable measurement will be maintained throughout the life of the meter.\",\"breadcrumb\":{\"@id\":\"https:\\\/\\\/equipmentcontrols.com\\\/product\\\/romet-rmt\\\/#breadcrumb\"},\"inLanguage\":\"fr-CA\",\"potentialAction\":[{\"@type\":\"ReadAction\",\"target\":[\"https:\\\/\\\/equipmentcontrols.com\\\/product\\\/romet-rmt\\\/\"]}]},{\"@type\":\"ImageObject\",\"inLanguage\":\"fr-CA\",\"@id\":\"https:\\\/\\\/equipmentcontrols.com\\\/product\\\/romet-rmt\\\/#primaryimage\",\"url\":\"https:\\\/\\\/equipmentcontrols.com\\\/wp-content\\\/uploads\\\/2020\\\/04\\\/ROMET20RMT.jpg\",\"contentUrl\":\"https:\\\/\\\/equipmentcontrols.com\\\/wp-content\\\/uploads\\\/2020\\\/04\\\/ROMET20RMT.jpg\",\"width\":860,\"height\":860,\"caption\":\"ROMET20RMT\"},{\"@type\":\"BreadcrumbList\",\"@id\":\"https:\\\/\\\/equipmentcontrols.com\\\/product\\\/romet-rmt\\\/#breadcrumb\",\"itemListElement\":[{\"@type\":\"ListItem\",\"position\":1,\"name\":\"Home\",\"item\":\"https:\\\/\\\/equipmentcontrols.com\\\/\"},{\"@type\":\"ListItem\",\"position\":2,\"name\":\"Shop\",\"item\":\"https:\\\/\\\/equipmentcontrols.com\\\/shop\\\/\"},{\"@type\":\"ListItem\",\"position\":3,\"name\":\"Romet RMT\"}]},{\"@type\":\"WebSite\",\"@id\":\"https:\\\/\\\/equipmentcontrols.com\\\/#website\",\"url\":\"https:\\\/\\\/equipmentcontrols.com\\\/\",\"name\":\"ECCO\",\"description\":\"Equipment Controls Company\",\"potentialAction\":[{\"@type\":\"SearchAction\",\"target\":{\"@type\":\"EntryPoint\",\"urlTemplate\":\"https:\\\/\\\/equipmentcontrols.com\\\/?s={search_term_string}\"},\"query-input\":{\"@type\":\"PropertyValueSpecification\",\"valueRequired\":true,\"valueName\":\"search_term_string\"}}],\"inLanguage\":\"fr-CA\"}]}<\/script>\n<!-- \/ Yoast SEO Premium plugin. -->","yoast_head_json":{"title":"Romet RMT - ECCO","description":"Le compteur RMT est le corps de compteur le plus avanc\u00e9 de Romet. Le corps en aluminium extrud\u00e9 ainsi que notre profil de turbine exclusif offrent une plage de r\u00e9glage am\u00e9lior\u00e9e tout en maintenant les plus hauts niveaux d&#039;exactitude et de pr\u00e9cision gr\u00e2ce \u00e0 notre conception brevet\u00e9e d&#039;engrenage de distribution \u00e0 goupilles. Un compteur de secours m\u00e9canique int\u00e9gr\u00e9 est standard sur toute la gamme de tailles RMT, offrant \u00e0 nos clients la tranquillit\u00e9 d&#039;esprit qu&#039;une mesure pr\u00e9cise et fiable sera maintenue tout au long de la dur\u00e9e de vie du compteur.","robots":{"index":"index","follow":"follow","max-snippet":"max-snippet:-1","max-image-preview":"max-image-preview:large","max-video-preview":"max-video-preview:-1"},"canonical":"https:\/\/equipmentcontrols.com\/fr\/produit\/romet-rmt\/","og_locale":"fr_CA","og_type":"article","og_title":"Romet RMT","og_description":"The RMT meter is Romet\u2019s most advanced meter body. The extruded aluminum body along with our proprietary impeller profile provides improved rangeability while maintaining the highest levels of accuracy and precision through our patented pinned timing gear design. An integral mechanical backup counter comes standard on the entire RMT size range providing our customers with the peace of mind that accurate and reliable measurement will be maintained throughout the life of the meter.","og_url":"https:\/\/equipmentcontrols.com\/fr\/produit\/romet-rmt\/","og_site_name":"ECCO","article_modified_time":"2020-04-30T23:15:34+00:00","og_image":[{"width":860,"height":860,"url":"https:\/\/equipmentcontrols.com\/wp-content\/uploads\/2020\/04\/ROMET20RMT.jpg","type":"image\/jpeg"}],"twitter_card":"summary_large_image","twitter_misc":{"Estimation du temps de lecture":"1 minute"},"schema":{"@context":"https:\/\/schema.org","@graph":[{"@type":"WebPage","@id":"https:\/\/equipmentcontrols.com\/product\/romet-rmt\/","url":"https:\/\/equipmentcontrols.com\/product\/romet-rmt\/","name":"Romet RMT - ECCO","isPartOf":{"@id":"https:\/\/equipmentcontrols.com\/#website"},"primaryImageOfPage":{"@id":"https:\/\/equipmentcontrols.com\/product\/romet-rmt\/#primaryimage"},"image":{"@id":"https:\/\/equipmentcontrols.com\/product\/romet-rmt\/#primaryimage"},"thumbnailUrl":"https:\/\/equipmentcontrols.com\/wp-content\/uploads\/2020\/04\/ROMET20RMT.jpg","datePublished":"2020-04-30T16:48:29+00:00","dateModified":"2020-04-30T23:15:34+00:00","description":"Le compteur RMT est le corps de compteur le plus avanc\u00e9 de Romet. Le corps en aluminium extrud\u00e9 ainsi que notre profil de turbine exclusif offrent une plage de r\u00e9glage am\u00e9lior\u00e9e tout en maintenant les plus hauts niveaux d&#039;exactitude et de pr\u00e9cision gr\u00e2ce \u00e0 notre conception brevet\u00e9e d&#039;engrenage de distribution \u00e0 goupilles. Un compteur de secours m\u00e9canique int\u00e9gr\u00e9 est standard sur toute la gamme de tailles RMT, offrant \u00e0 nos clients la tranquillit\u00e9 d&#039;esprit qu&#039;une mesure pr\u00e9cise et fiable sera maintenue tout au long de la dur\u00e9e de vie du compteur.","breadcrumb":{"@id":"https:\/\/equipmentcontrols.com\/product\/romet-rmt\/#breadcrumb"},"inLanguage":"fr-CA","potentialAction":[{"@type":"ReadAction","target":["https:\/\/equipmentcontrols.com\/product\/romet-rmt\/"]}]},{"@type":"ImageObject","inLanguage":"fr-CA","@id":"https:\/\/equipmentcontrols.com\/product\/romet-rmt\/#primaryimage","url":"https:\/\/equipmentcontrols.com\/wp-content\/uploads\/2020\/04\/ROMET20RMT.jpg","contentUrl":"https:\/\/equipmentcontrols.com\/wp-content\/uploads\/2020\/04\/ROMET20RMT.jpg","width":860,"height":860,"caption":"ROMET20RMT"},{"@type":"BreadcrumbList","@id":"https:\/\/equipmentcontrols.com\/product\/romet-rmt\/#breadcrumb","itemListElement":[{"@type":"ListItem","position":1,"name":"Home","item":"https:\/\/equipmentcontrols.com\/"},{"@type":"ListItem","position":2,"name":"Shop","item":"https:\/\/equipmentcontrols.com\/shop\/"},{"@type":"ListItem","position":3,"name":"Romet RMT"}]},{"@type":"WebSite","@id":"https:\/\/equipmentcontrols.com\/#website","url":"https:\/\/equipmentcontrols.com\/","name":"ECCO","description":"Compagnie de contr\u00f4le d&#039;\u00e9quipement","potentialAction":[{"@type":"SearchAction","target":{"@type":"EntryPoint","urlTemplate":"https:\/\/equipmentcontrols.com\/?s={search_term_string}"},"query-input":{"@type":"PropertyValueSpecification","valueRequired":true,"valueName":"search_term_string"}}],"inLanguage":"fr-CA"}]}},"_links":{"self":[{"href":"https:\/\/equipmentcontrols.com\/fr\/wp-json\/wp\/v2\/product\/799","targetHints":{"allow":["GET"]}}],"collection":[{"href":"https:\/\/equipmentcontrols.com\/fr\/wp-json\/wp\/v2\/product"}],"about":[{"href":"https:\/\/equipmentcontrols.com\/fr\/wp-json\/wp\/v2\/types\/product"}],"wp:featuredmedia":[{"embeddable":true,"href":"https:\/\/equipmentcontrols.com\/fr\/wp-json\/wp\/v2\/media\/798"}],"wp:attachment":[{"href":"https:\/\/equipmentcontrols.com\/fr\/wp-json\/wp\/v2\/media?parent=799"}],"wp:term":[{"taxonomy":"product_brand","embeddable":true,"href":"https:\/\/equipmentcontrols.com\/fr\/wp-json\/wp\/v2\/product_brand?post=799"},{"taxonomy":"product_cat","embeddable":true,"href":"https:\/\/equipmentcontrols.com\/fr\/wp-json\/wp\/v2\/product_cat?post=799"},{"taxonomy":"product_tag","embeddable":true,"href":"https:\/\/equipmentcontrols.com\/fr\/wp-json\/wp\/v2\/product_tag?post=799"}],"curies":[{"name":"wp","href":"https:\/\/api.w.org\/{rel}","templated":true}]}}