{"id":5484,"date":"2024-01-18T21:04:21","date_gmt":"2024-01-18T21:04:21","guid":{"rendered":"https:\/\/eccowebsite.wpenginepowered.com\/?post_type=product&#038;p=5484"},"modified":"2024-01-30T22:57:10","modified_gmt":"2024-01-30T22:57:10","slug":"sensus-smartpoint-gm-industrial-transceiver","status":"publish","type":"product","link":"https:\/\/equipmentcontrols.com\/fr\/produit\/sensus-smartpoint-gm-industrial-transceiver\/","title":{"rendered":"SENSUS SmartPoint\u00ae GM Industrial Transceiver"},"content":{"rendered":"<p><strong>SENSUS SmartPoint\u00ae GM Transceiver for Industrial Gas Meter Applications<br \/>\n<\/strong><\/p>\n<div id=\"description\" class=\"tab-content desktop-visible\">The FlexNet\u00ae SmartPoint\u00ae GM transceiver for industrial applications harnesses the power of two-way communications, connecting gas utilities with their customers, for exceptional business-to-business service.<br \/>\n<strong>More impact on revenue, less impact on your customers<\/strong><\/div>\n<div class=\"tab-content desktop-visible\">Collecting detailed usage data once required physical access to restricted, remote or busy industrial locations, but not anymore. With FlexNet SmartPoint transceivers, you uncover revenue generating opportunities while limiting employee exposure to hazardous conditions.<\/div>\n<div class=\"tab-content desktop-visible\"><strong>Walk-by &#8211; Drive-by &#8211; Fixed Base<\/strong><br \/>\nFlexNet SmartPoint transceivers are designed to meet the specific metrology needs of commercial gas service. Our high-power three port SmartPoint fits Form A pulse output devices to report corrected and uncorrected readings and alarm conditions. What\u2019s more, FlexNet SmartPoint transceivers can be installed as walk-by, drive-by or fixed base communication endpoints, then have their broadcast platform reconfigured easily, for true operational efficiency. So the<\/p>\n<h4>Avantages:<\/h4>\n<ul>\n<li>Fournit des lectures de compteur coh\u00e9rentes, jusqu&#039;aux d\u00e9tails horaires<\/li>\n<li>Pr\u00e9serve votre investissement dans les compteurs, les index et la tuyauterie existants<\/li>\n<li>Donne un aper\u00e7u des habitudes de consommation<\/li>\n<li>Permet une migration facile des solutions sans rendez-vous\/en voiture vers des solutions \u00e0 base fixe<\/li>\n<li>Cr\u00e9e de nouvelles opportunit\u00e9s de revenus avec les petites entreprises clientes<\/li>\n<\/ul>\n<\/div>\n<h4>Traits:<\/h4>\n<ul>\n<li>Flexible operation<\/li>\n<li>Less infrastructure<\/li>\n<li>Operational savings<\/li>\n<li>Hourly reading data<\/li>\n<\/ul>\n<h4>Caract\u00e9ristiques:<\/h4>\n<ul>\n<li>Compatible with a range of Sensus and non-Sensus meters<\/li>\n<li>2 watts broadcast power<\/li>\n<li>Frequency range: 896-960 MHz<\/li>\n<li>8000 channels, in 6.25 kHz steps<\/li>\n<li>Proprietary narrow band modulation<\/li>\n<li>Non-volatile memory<\/li>\n<li>Operating temperature: -30\u00b0 F to +150\u00b0 F<\/li>\n<li>Lithium thionyl chloride batteries with hybrid layer capacitor (HLC)<\/li>\n<li>20-year warranty<\/li>\n<li>FCC CFR 47: Part 24D, Part 101C, Part 15 licensed operation<\/li>\n<li>Industry Canada (IC) RSS-GEN, RSS-119, RSS-210<\/li>\n<li>Class 1\/Div. 1 operating environment<\/li>\n<\/ul>\n<h4>T\u00e9l\u00e9chargements\u00a0:<\/h4>\n<p><a href=\"https:\/\/equipmentcontrols.com\/wp-content\/uploads\/2024\/01\/SmartPoint-GM-Industrial-Data-Sheet70.pdf\">Smartpoint GM Transceiver Data Sheet<\/a><\/strong><br \/>\n<a href=\"https:\/\/equipmentcontrols.com\/wp-content\/uploads\/2020\/05\/Gas-SmartPoint-Transceiver-Compatibility-Quick-Guide.pdf\">Guide de compatibilit\u00e9 des \u00e9metteurs-r\u00e9cepteurs Gas SmartPoint<\/a><\/strong><\/h4>","protected":false},"excerpt":{"rendered":"<p>SENSUS SmartPoint\u00ae GM Transceiver for Industrial Gas Meter Applications The FlexNet\u00ae SmartPoint\u00ae GM transceiver for industrial applications harnesses the power of two-way communications, connecting gas utilities with their customers, for exceptional business-to-business service. More impact on revenue, less impact on your customers Collecting detailed usage data once required physical access to restricted, remote or busy [&hellip;]<\/p>\n","protected":false},"featured_media":5482,"template":"","meta":[],"product_brand":[],"product_cat":[41,45,61],"product_tag":[],"class_list":{"0":"post-5484","1":"product","2":"type-product","3":"status-publish","4":"has-post-thumbnail","6":"product_cat-ami","7":"product_cat-sensus","8":"product_cat-sensus-flexnet","10":"first","11":"instock","12":"shipping-taxable","13":"product-type-simple"},"yoast_head":"<!-- This site is optimized with the Yoast SEO Premium plugin v23.9 (Yoast SEO v27.3) - https:\/\/yoast.com\/product\/yoast-seo-premium-wordpress\/ -->\n<title>SENSUS SmartPoint\u00ae GM Industrial Transceiver - ECCO<\/title>\n<meta name=\"description\" content=\"The FlexNet\u00ae SmartPoint\u00ae GM transceiver for industrial applications harnesses the power of two-way communications, connecting gas utilities with their customers, for exceptional business-to-business service. More impact on revenue, less impact on your customers Collecting detailed usage data once required physical access to restricted, remote or busy industrial locations, but not anymore. With FlexNet SmartPoint transceivers, you uncover revenue generating opportunities while limiting employee exposure to hazardous conditions.Walk-by - Drive-by - Fixed Base\" \/>\n<meta name=\"robots\" content=\"index, follow, max-snippet:-1, max-image-preview:large, max-video-preview:-1\" \/>\n<link rel=\"canonical\" href=\"https:\/\/equipmentcontrols.com\/fr\/produit\/sensus-smartpoint-gm-industrial-transceiver\/\" \/>\n<meta property=\"og:locale\" content=\"fr_CA\" \/>\n<meta property=\"og:type\" content=\"article\" \/>\n<meta property=\"og:title\" content=\"SENSUS SmartPoint\u00ae GM Industrial Transceiver\" \/>\n<meta property=\"og:description\" content=\"The FlexNet\u00ae SmartPoint\u00ae GM transceiver for industrial applications harnesses the power of two-way communications, connecting gas utilities with their customers, for exceptional business-to-business service. More impact on revenue, less impact on your customers Collecting detailed usage data once required physical access to restricted, remote or busy industrial locations, but not anymore. With FlexNet SmartPoint transceivers, you uncover revenue generating opportunities while limiting employee exposure to hazardous conditions.Walk-by - Drive-by - Fixed Base\" \/>\n<meta property=\"og:url\" content=\"https:\/\/equipmentcontrols.com\/fr\/produit\/sensus-smartpoint-gm-industrial-transceiver\/\" \/>\n<meta property=\"og:site_name\" content=\"ECCO\" \/>\n<meta property=\"article:modified_time\" content=\"2024-01-30T22:57:10+00:00\" \/>\n<meta property=\"og:image\" content=\"https:\/\/equipmentcontrols.com\/wp-content\/uploads\/2024\/01\/Sensus-SmartPoint-GM.jpg\" \/>\n\t<meta property=\"og:image:width\" content=\"860\" \/>\n\t<meta property=\"og:image:height\" content=\"860\" \/>\n\t<meta property=\"og:image:type\" content=\"image\/jpeg\" \/>\n<meta name=\"twitter:card\" content=\"summary_large_image\" \/>\n<meta name=\"twitter:label1\" content=\"Estimation du temps de lecture\" \/>\n\t<meta name=\"twitter:data1\" content=\"2 minutes\" \/>\n<script type=\"application\/ld+json\" class=\"yoast-schema-graph\">{\"@context\":\"https:\\\/\\\/schema.org\",\"@graph\":[{\"@type\":\"WebPage\",\"@id\":\"https:\\\/\\\/equipmentcontrols.com\\\/product\\\/sensus-smartpoint-gm-industrial-transceiver\\\/\",\"url\":\"https:\\\/\\\/equipmentcontrols.com\\\/product\\\/sensus-smartpoint-gm-industrial-transceiver\\\/\",\"name\":\"SENSUS SmartPoint\u00ae GM Industrial Transceiver - ECCO\",\"isPartOf\":{\"@id\":\"https:\\\/\\\/equipmentcontrols.com\\\/#website\"},\"primaryImageOfPage\":{\"@id\":\"https:\\\/\\\/equipmentcontrols.com\\\/product\\\/sensus-smartpoint-gm-industrial-transceiver\\\/#primaryimage\"},\"image\":{\"@id\":\"https:\\\/\\\/equipmentcontrols.com\\\/product\\\/sensus-smartpoint-gm-industrial-transceiver\\\/#primaryimage\"},\"thumbnailUrl\":\"https:\\\/\\\/equipmentcontrols.com\\\/wp-content\\\/uploads\\\/2024\\\/01\\\/Sensus-SmartPoint-GM.jpg\",\"datePublished\":\"2024-01-18T21:04:21+00:00\",\"dateModified\":\"2024-01-30T22:57:10+00:00\",\"description\":\"The FlexNet\u00ae SmartPoint\u00ae GM transceiver for industrial applications harnesses the power of two-way communications, connecting gas utilities with their customers, for exceptional business-to-business service. More impact on revenue, less impact on your customers Collecting detailed usage data once required physical access to restricted, remote or busy industrial locations, but not anymore. With FlexNet SmartPoint transceivers, you uncover revenue generating opportunities while limiting employee exposure to hazardous conditions.Walk-by - Drive-by - Fixed Base\",\"breadcrumb\":{\"@id\":\"https:\\\/\\\/equipmentcontrols.com\\\/product\\\/sensus-smartpoint-gm-industrial-transceiver\\\/#breadcrumb\"},\"inLanguage\":\"fr-CA\",\"potentialAction\":[{\"@type\":\"ReadAction\",\"target\":[\"https:\\\/\\\/equipmentcontrols.com\\\/product\\\/sensus-smartpoint-gm-industrial-transceiver\\\/\"]}]},{\"@type\":\"ImageObject\",\"inLanguage\":\"fr-CA\",\"@id\":\"https:\\\/\\\/equipmentcontrols.com\\\/product\\\/sensus-smartpoint-gm-industrial-transceiver\\\/#primaryimage\",\"url\":\"https:\\\/\\\/equipmentcontrols.com\\\/wp-content\\\/uploads\\\/2024\\\/01\\\/Sensus-SmartPoint-GM.jpg\",\"contentUrl\":\"https:\\\/\\\/equipmentcontrols.com\\\/wp-content\\\/uploads\\\/2024\\\/01\\\/Sensus-SmartPoint-GM.jpg\",\"width\":860,\"height\":860,\"caption\":\"Sensus SmartPoint GM product\"},{\"@type\":\"BreadcrumbList\",\"@id\":\"https:\\\/\\\/equipmentcontrols.com\\\/product\\\/sensus-smartpoint-gm-industrial-transceiver\\\/#breadcrumb\",\"itemListElement\":[{\"@type\":\"ListItem\",\"position\":1,\"name\":\"Home\",\"item\":\"https:\\\/\\\/equipmentcontrols.com\\\/\"},{\"@type\":\"ListItem\",\"position\":2,\"name\":\"Shop\",\"item\":\"https:\\\/\\\/equipmentcontrols.com\\\/shop\\\/\"},{\"@type\":\"ListItem\",\"position\":3,\"name\":\"SENSUS SmartPoint\u00ae GM Industrial Transceiver\"}]},{\"@type\":\"WebSite\",\"@id\":\"https:\\\/\\\/equipmentcontrols.com\\\/#website\",\"url\":\"https:\\\/\\\/equipmentcontrols.com\\\/\",\"name\":\"ECCO\",\"description\":\"Equipment Controls Company\",\"potentialAction\":[{\"@type\":\"SearchAction\",\"target\":{\"@type\":\"EntryPoint\",\"urlTemplate\":\"https:\\\/\\\/equipmentcontrols.com\\\/?s={search_term_string}\"},\"query-input\":{\"@type\":\"PropertyValueSpecification\",\"valueRequired\":true,\"valueName\":\"search_term_string\"}}],\"inLanguage\":\"fr-CA\"}]}<\/script>\n<!-- \/ Yoast SEO Premium plugin. -->","yoast_head_json":{"title":"SENSUS SmartPoint\u00ae GM Industrial Transceiver - ECCO","description":"The FlexNet\u00ae SmartPoint\u00ae GM transceiver for industrial applications harnesses the power of two-way communications, connecting gas utilities with their customers, for exceptional business-to-business service. More impact on revenue, less impact on your customers Collecting detailed usage data once required physical access to restricted, remote or busy industrial locations, but not anymore. With FlexNet SmartPoint transceivers, you uncover revenue generating opportunities while limiting employee exposure to hazardous conditions.Walk-by - Drive-by - Fixed Base","robots":{"index":"index","follow":"follow","max-snippet":"max-snippet:-1","max-image-preview":"max-image-preview:large","max-video-preview":"max-video-preview:-1"},"canonical":"https:\/\/equipmentcontrols.com\/fr\/produit\/sensus-smartpoint-gm-industrial-transceiver\/","og_locale":"fr_CA","og_type":"article","og_title":"SENSUS SmartPoint\u00ae GM Industrial Transceiver","og_description":"The FlexNet\u00ae SmartPoint\u00ae GM transceiver for industrial applications harnesses the power of two-way communications, connecting gas utilities with their customers, for exceptional business-to-business service. More impact on revenue, less impact on your customers Collecting detailed usage data once required physical access to restricted, remote or busy industrial locations, but not anymore. With FlexNet SmartPoint transceivers, you uncover revenue generating opportunities while limiting employee exposure to hazardous conditions.Walk-by - Drive-by - Fixed Base","og_url":"https:\/\/equipmentcontrols.com\/fr\/produit\/sensus-smartpoint-gm-industrial-transceiver\/","og_site_name":"ECCO","article_modified_time":"2024-01-30T22:57:10+00:00","og_image":[{"width":860,"height":860,"url":"https:\/\/equipmentcontrols.com\/wp-content\/uploads\/2024\/01\/Sensus-SmartPoint-GM.jpg","type":"image\/jpeg"}],"twitter_card":"summary_large_image","twitter_misc":{"Estimation du temps de lecture":"2 minutes"},"schema":{"@context":"https:\/\/schema.org","@graph":[{"@type":"WebPage","@id":"https:\/\/equipmentcontrols.com\/product\/sensus-smartpoint-gm-industrial-transceiver\/","url":"https:\/\/equipmentcontrols.com\/product\/sensus-smartpoint-gm-industrial-transceiver\/","name":"SENSUS SmartPoint\u00ae GM Industrial Transceiver - ECCO","isPartOf":{"@id":"https:\/\/equipmentcontrols.com\/#website"},"primaryImageOfPage":{"@id":"https:\/\/equipmentcontrols.com\/product\/sensus-smartpoint-gm-industrial-transceiver\/#primaryimage"},"image":{"@id":"https:\/\/equipmentcontrols.com\/product\/sensus-smartpoint-gm-industrial-transceiver\/#primaryimage"},"thumbnailUrl":"https:\/\/equipmentcontrols.com\/wp-content\/uploads\/2024\/01\/Sensus-SmartPoint-GM.jpg","datePublished":"2024-01-18T21:04:21+00:00","dateModified":"2024-01-30T22:57:10+00:00","description":"The FlexNet\u00ae SmartPoint\u00ae GM transceiver for industrial applications harnesses the power of two-way communications, connecting gas utilities with their customers, for exceptional business-to-business service. More impact on revenue, less impact on your customers Collecting detailed usage data once required physical access to restricted, remote or busy industrial locations, but not anymore. With FlexNet SmartPoint transceivers, you uncover revenue generating opportunities while limiting employee exposure to hazardous conditions.Walk-by - Drive-by - Fixed Base","breadcrumb":{"@id":"https:\/\/equipmentcontrols.com\/product\/sensus-smartpoint-gm-industrial-transceiver\/#breadcrumb"},"inLanguage":"fr-CA","potentialAction":[{"@type":"ReadAction","target":["https:\/\/equipmentcontrols.com\/product\/sensus-smartpoint-gm-industrial-transceiver\/"]}]},{"@type":"ImageObject","inLanguage":"fr-CA","@id":"https:\/\/equipmentcontrols.com\/product\/sensus-smartpoint-gm-industrial-transceiver\/#primaryimage","url":"https:\/\/equipmentcontrols.com\/wp-content\/uploads\/2024\/01\/Sensus-SmartPoint-GM.jpg","contentUrl":"https:\/\/equipmentcontrols.com\/wp-content\/uploads\/2024\/01\/Sensus-SmartPoint-GM.jpg","width":860,"height":860,"caption":"Sensus SmartPoint GM product"},{"@type":"BreadcrumbList","@id":"https:\/\/equipmentcontrols.com\/product\/sensus-smartpoint-gm-industrial-transceiver\/#breadcrumb","itemListElement":[{"@type":"ListItem","position":1,"name":"Home","item":"https:\/\/equipmentcontrols.com\/"},{"@type":"ListItem","position":2,"name":"Shop","item":"https:\/\/equipmentcontrols.com\/shop\/"},{"@type":"ListItem","position":3,"name":"SENSUS SmartPoint\u00ae GM Industrial Transceiver"}]},{"@type":"WebSite","@id":"https:\/\/equipmentcontrols.com\/#website","url":"https:\/\/equipmentcontrols.com\/","name":"ECCO","description":"Compagnie de contr\u00f4le d&#039;\u00e9quipement","potentialAction":[{"@type":"SearchAction","target":{"@type":"EntryPoint","urlTemplate":"https:\/\/equipmentcontrols.com\/?s={search_term_string}"},"query-input":{"@type":"PropertyValueSpecification","valueRequired":true,"valueName":"search_term_string"}}],"inLanguage":"fr-CA"}]}},"_links":{"self":[{"href":"https:\/\/equipmentcontrols.com\/fr\/wp-json\/wp\/v2\/product\/5484","targetHints":{"allow":["GET"]}}],"collection":[{"href":"https:\/\/equipmentcontrols.com\/fr\/wp-json\/wp\/v2\/product"}],"about":[{"href":"https:\/\/equipmentcontrols.com\/fr\/wp-json\/wp\/v2\/types\/product"}],"wp:featuredmedia":[{"embeddable":true,"href":"https:\/\/equipmentcontrols.com\/fr\/wp-json\/wp\/v2\/media\/5482"}],"wp:attachment":[{"href":"https:\/\/equipmentcontrols.com\/fr\/wp-json\/wp\/v2\/media?parent=5484"}],"wp:term":[{"taxonomy":"product_brand","embeddable":true,"href":"https:\/\/equipmentcontrols.com\/fr\/wp-json\/wp\/v2\/product_brand?post=5484"},{"taxonomy":"product_cat","embeddable":true,"href":"https:\/\/equipmentcontrols.com\/fr\/wp-json\/wp\/v2\/product_cat?post=5484"},{"taxonomy":"product_tag","embeddable":true,"href":"https:\/\/equipmentcontrols.com\/fr\/wp-json\/wp\/v2\/product_tag?post=5484"}],"curies":[{"name":"wp","href":"https:\/\/api.w.org\/{rel}","templated":true}]}}