{"id":418,"date":"2020-04-24T20:28:38","date_gmt":"2020-04-24T20:28:38","guid":{"rendered":"https:\/\/econtrols.stagemysite.com\/product\/sensus-250-s-250-dw-257-s\/"},"modified":"2020-05-13T14:10:21","modified_gmt":"2020-05-13T14:10:21","slug":"sensus-250-s-250-dw-257-s","status":"publish","type":"product","link":"https:\/\/equipmentcontrols.com\/fr\/produit\/sensus-250-s-250-dw-257-s\/","title":{"rendered":"Sensus 250-S, 250-DW, 257-S"},"content":{"rendered":"<p><strong>Sensus 250-S, 250-DW, 257-S<\/strong><\/p>\n<p>Nos soupapes de d\u00e9charge de s\u00e9curit\u00e9 offrent une installation \u00e9conomique pour les applications de d\u00e9charge de grande capacit\u00e9. Et c&#039;est exactement la solution dont vous avez besoin lorsque d&#039;autres dispositifs du syst\u00e8me ne lib\u00e8rent pas de surpression dangereuse dans la transmission, la distribution et l&#039;utilisation du gaz. Des vannes de d\u00e9rivation qui fuient peuvent parfois permettre \u00e0 la pression de s&#039;accumuler pendant les heures creuses. Les r\u00e9gulateurs de pression dont les soupapes ou les si\u00e8ges sont endommag\u00e9s ne sont pas en mesure de se fermer efficacement lorsque cela est n\u00e9cessaire, ce qui peut entra\u00eener des conditions dangereuses.<\/p>\n<p>Nos soupapes de s\u00e9curit\u00e9 m\u00e9caniques sont une solution \u00e9conomique avec une grande capacit\u00e9 de d\u00e9charge. Le mod\u00e8le 257-S est dot\u00e9 d&#039;un diaphragme &quot;roll-out&quot; avec une vanne simple \u00e0 double orifice dans laquelle l&#039;action du diaphragme est constamment adapt\u00e9e \u00e0 l&#039;action du ressort. Cette conception offre une grande capacit\u00e9, une assise et une remise en place serr\u00e9es, une construction robuste et un entretien facile sans ajustements n\u00e9cessaires.<\/p>\n<p>Les vannes mod\u00e8les 250-S et 250-DW int\u00e8grent une membrane moul\u00e9e profonde et offrent un corps inclin\u00e9 avec une grande zone de sortie pour un d\u00e9bit \u00e9lev\u00e9.<\/p>\n<p><strong>Avantages:<\/strong><br \/>\n\u2022 Augmente la s\u00e9curit\u00e9<br \/>\n\u2022 S&#039;installe facilement<br \/>\n\u2022 S&#039;applique aux syst\u00e8mes de distribution de gaz, aux ensembles de comptage et aux C&amp;I<\/p>\n<p><strong>Traits:<\/strong><br \/>\n\u2022 Fonctionne sur le gaz naturel, le GPL, l&#039;azote, le CO2 sec et l&#039;air<br \/>\n\u2022 R\u00e9sistant aux intemp\u00e9ries<br \/>\n\u2022 \u00c9tanche<\/p>\n<p><strong>Caract\u00e9ristiques:<\/strong><br \/>\nFacteurs de forme:<br \/>\n\u2022 257-S<br \/>\n\u2022 250-DW<br \/>\n\u2022 250-S<\/p>\n<p><strong>T\u00e9l\u00e9chargements\u00a0:<\/strong><br \/>\n<a href=\"https:\/\/equipmentcontrols.com\/wp-content\/uploads\/2020\/04\/Safety-Release-Valves-Data-Sheet.pdf\">Fiche technique des soupapes de d\u00e9charge de s\u00e9curit\u00e9<\/a><br \/>\n<a href=\"https:\/\/equipmentcontrols.com\/wp-content\/uploads\/2020\/04\/Models-250-S-and-250-DW-Relief-Valve-Installation-Instructions.pdf\">Instructions d&#039;installation des soupapes de d\u00e9charge des mod\u00e8les 250-S et 250-DW<\/a><br \/>\n<a href=\"https:\/\/equipmentcontrols.com\/wp-content\/uploads\/2020\/04\/Model-257S-Relief-Valve-Installation-Instructions.pdf\">Instructions d&#039;installation de la soupape de d\u00e9charge mod\u00e8le 257S<\/a><\/p>","protected":false},"excerpt":{"rendered":"<p>Sensus 250-S, 250-DW, 257-S Our Safety Relief valves offer an economical installation for large capacity relief applications. And that\u2019s exactly the solution you need when other devices in the system don\u2019t relieve dangerous overpressure in the transmission, distribution and use of gas. Leaking bypass valves can sometimes permit pressure to build during off-peak hours. Pressure [&hellip;]<\/p>\n","protected":false},"featured_media":308,"template":"","meta":[],"product_brand":[],"product_cat":[59,45],"product_tag":[],"class_list":{"0":"post-418","1":"product","2":"type-product","3":"status-publish","4":"has-post-thumbnail","6":"product_cat-safety-devices","7":"product_cat-sensus","9":"first","10":"instock","11":"shipping-taxable","12":"product-type-simple"},"yoast_head":"<!-- This site is optimized with the Yoast SEO Premium plugin v23.9 (Yoast SEO v27.3) - https:\/\/yoast.com\/product\/yoast-seo-premium-wordpress\/ -->\n<title>Sensus 250-S, 250-DW, 257-S - ECCO<\/title>\n<meta name=\"robots\" content=\"index, follow, max-snippet:-1, max-image-preview:large, max-video-preview:-1\" \/>\n<link rel=\"canonical\" href=\"https:\/\/equipmentcontrols.com\/fr\/produit\/sensus-250-s-250-dw-257-s\/\" \/>\n<meta property=\"og:locale\" content=\"fr_CA\" \/>\n<meta property=\"og:type\" content=\"article\" \/>\n<meta property=\"og:title\" content=\"Sensus 250-S, 250-DW, 257-S\" \/>\n<meta property=\"og:description\" content=\"Sensus 250-S, 250-DW, 257-S Our Safety Relief valves offer an economical installation for large capacity relief applications. And that\u2019s exactly the solution you need when other devices in the system don\u2019t relieve dangerous overpressure in the transmission, distribution and use of gas. Leaking bypass valves can sometimes permit pressure to build during off-peak hours. Pressure [&hellip;]\" \/>\n<meta property=\"og:url\" content=\"https:\/\/equipmentcontrols.com\/fr\/produit\/sensus-250-s-250-dw-257-s\/\" \/>\n<meta property=\"og:site_name\" content=\"ECCO\" \/>\n<meta property=\"article:modified_time\" content=\"2020-05-13T14:10:21+00:00\" \/>\n<meta property=\"og:image\" content=\"https:\/\/equipmentcontrols.com\/wp-content\/uploads\/2020\/04\/SENSUS20250-S20Relief20Valve.jpg\" \/>\n\t<meta property=\"og:image:width\" content=\"860\" \/>\n\t<meta property=\"og:image:height\" content=\"860\" \/>\n\t<meta property=\"og:image:type\" content=\"image\/jpeg\" \/>\n<meta name=\"twitter:card\" content=\"summary_large_image\" \/>\n<meta name=\"twitter:label1\" content=\"Estimation du temps de lecture\" \/>\n\t<meta name=\"twitter:data1\" content=\"1 minute\" \/>\n<script type=\"application\/ld+json\" class=\"yoast-schema-graph\">{\"@context\":\"https:\\\/\\\/schema.org\",\"@graph\":[{\"@type\":\"WebPage\",\"@id\":\"https:\\\/\\\/equipmentcontrols.com\\\/product\\\/sensus-250-s-250-dw-257-s\\\/\",\"url\":\"https:\\\/\\\/equipmentcontrols.com\\\/product\\\/sensus-250-s-250-dw-257-s\\\/\",\"name\":\"Sensus 250-S, 250-DW, 257-S - ECCO\",\"isPartOf\":{\"@id\":\"https:\\\/\\\/equipmentcontrols.com\\\/#website\"},\"primaryImageOfPage\":{\"@id\":\"https:\\\/\\\/equipmentcontrols.com\\\/product\\\/sensus-250-s-250-dw-257-s\\\/#primaryimage\"},\"image\":{\"@id\":\"https:\\\/\\\/equipmentcontrols.com\\\/product\\\/sensus-250-s-250-dw-257-s\\\/#primaryimage\"},\"thumbnailUrl\":\"https:\\\/\\\/equipmentcontrols.com\\\/wp-content\\\/uploads\\\/2020\\\/04\\\/SENSUS20250-S20Relief20Valve.jpg\",\"datePublished\":\"2020-04-24T20:28:38+00:00\",\"dateModified\":\"2020-05-13T14:10:21+00:00\",\"breadcrumb\":{\"@id\":\"https:\\\/\\\/equipmentcontrols.com\\\/product\\\/sensus-250-s-250-dw-257-s\\\/#breadcrumb\"},\"inLanguage\":\"fr-CA\",\"potentialAction\":[{\"@type\":\"ReadAction\",\"target\":[\"https:\\\/\\\/equipmentcontrols.com\\\/product\\\/sensus-250-s-250-dw-257-s\\\/\"]}]},{\"@type\":\"ImageObject\",\"inLanguage\":\"fr-CA\",\"@id\":\"https:\\\/\\\/equipmentcontrols.com\\\/product\\\/sensus-250-s-250-dw-257-s\\\/#primaryimage\",\"url\":\"https:\\\/\\\/equipmentcontrols.com\\\/wp-content\\\/uploads\\\/2020\\\/04\\\/SENSUS20250-S20Relief20Valve.jpg\",\"contentUrl\":\"https:\\\/\\\/equipmentcontrols.com\\\/wp-content\\\/uploads\\\/2020\\\/04\\\/SENSUS20250-S20Relief20Valve.jpg\",\"width\":860,\"height\":860,\"caption\":\"SENSUS20250-S20Relief20Valve.jpg\"},{\"@type\":\"BreadcrumbList\",\"@id\":\"https:\\\/\\\/equipmentcontrols.com\\\/product\\\/sensus-250-s-250-dw-257-s\\\/#breadcrumb\",\"itemListElement\":[{\"@type\":\"ListItem\",\"position\":1,\"name\":\"Home\",\"item\":\"https:\\\/\\\/equipmentcontrols.com\\\/\"},{\"@type\":\"ListItem\",\"position\":2,\"name\":\"Shop\",\"item\":\"https:\\\/\\\/equipmentcontrols.com\\\/shop\\\/\"},{\"@type\":\"ListItem\",\"position\":3,\"name\":\"Sensus 250-S, 250-DW, 257-S\"}]},{\"@type\":\"WebSite\",\"@id\":\"https:\\\/\\\/equipmentcontrols.com\\\/#website\",\"url\":\"https:\\\/\\\/equipmentcontrols.com\\\/\",\"name\":\"ECCO\",\"description\":\"Equipment Controls Company\",\"potentialAction\":[{\"@type\":\"SearchAction\",\"target\":{\"@type\":\"EntryPoint\",\"urlTemplate\":\"https:\\\/\\\/equipmentcontrols.com\\\/?s={search_term_string}\"},\"query-input\":{\"@type\":\"PropertyValueSpecification\",\"valueRequired\":true,\"valueName\":\"search_term_string\"}}],\"inLanguage\":\"fr-CA\"}]}<\/script>\n<!-- \/ Yoast SEO Premium plugin. -->","yoast_head_json":{"title":"Sensus 250-S, 250-DW, 257-S - ECCO","robots":{"index":"index","follow":"follow","max-snippet":"max-snippet:-1","max-image-preview":"max-image-preview:large","max-video-preview":"max-video-preview:-1"},"canonical":"https:\/\/equipmentcontrols.com\/fr\/produit\/sensus-250-s-250-dw-257-s\/","og_locale":"fr_CA","og_type":"article","og_title":"Sensus 250-S, 250-DW, 257-S","og_description":"Sensus 250-S, 250-DW, 257-S Our Safety Relief valves offer an economical installation for large capacity relief applications. And that\u2019s exactly the solution you need when other devices in the system don\u2019t relieve dangerous overpressure in the transmission, distribution and use of gas. Leaking bypass valves can sometimes permit pressure to build during off-peak hours. Pressure [&hellip;]","og_url":"https:\/\/equipmentcontrols.com\/fr\/produit\/sensus-250-s-250-dw-257-s\/","og_site_name":"ECCO","article_modified_time":"2020-05-13T14:10:21+00:00","og_image":[{"width":860,"height":860,"url":"https:\/\/equipmentcontrols.com\/wp-content\/uploads\/2020\/04\/SENSUS20250-S20Relief20Valve.jpg","type":"image\/jpeg"}],"twitter_card":"summary_large_image","twitter_misc":{"Estimation du temps de lecture":"1 minute"},"schema":{"@context":"https:\/\/schema.org","@graph":[{"@type":"WebPage","@id":"https:\/\/equipmentcontrols.com\/product\/sensus-250-s-250-dw-257-s\/","url":"https:\/\/equipmentcontrols.com\/product\/sensus-250-s-250-dw-257-s\/","name":"Sensus 250-S, 250-DW, 257-S - ECCO","isPartOf":{"@id":"https:\/\/equipmentcontrols.com\/#website"},"primaryImageOfPage":{"@id":"https:\/\/equipmentcontrols.com\/product\/sensus-250-s-250-dw-257-s\/#primaryimage"},"image":{"@id":"https:\/\/equipmentcontrols.com\/product\/sensus-250-s-250-dw-257-s\/#primaryimage"},"thumbnailUrl":"https:\/\/equipmentcontrols.com\/wp-content\/uploads\/2020\/04\/SENSUS20250-S20Relief20Valve.jpg","datePublished":"2020-04-24T20:28:38+00:00","dateModified":"2020-05-13T14:10:21+00:00","breadcrumb":{"@id":"https:\/\/equipmentcontrols.com\/product\/sensus-250-s-250-dw-257-s\/#breadcrumb"},"inLanguage":"fr-CA","potentialAction":[{"@type":"ReadAction","target":["https:\/\/equipmentcontrols.com\/product\/sensus-250-s-250-dw-257-s\/"]}]},{"@type":"ImageObject","inLanguage":"fr-CA","@id":"https:\/\/equipmentcontrols.com\/product\/sensus-250-s-250-dw-257-s\/#primaryimage","url":"https:\/\/equipmentcontrols.com\/wp-content\/uploads\/2020\/04\/SENSUS20250-S20Relief20Valve.jpg","contentUrl":"https:\/\/equipmentcontrols.com\/wp-content\/uploads\/2020\/04\/SENSUS20250-S20Relief20Valve.jpg","width":860,"height":860,"caption":"SENSUS20250-S20Relief20Valve.jpg"},{"@type":"BreadcrumbList","@id":"https:\/\/equipmentcontrols.com\/product\/sensus-250-s-250-dw-257-s\/#breadcrumb","itemListElement":[{"@type":"ListItem","position":1,"name":"Home","item":"https:\/\/equipmentcontrols.com\/"},{"@type":"ListItem","position":2,"name":"Shop","item":"https:\/\/equipmentcontrols.com\/shop\/"},{"@type":"ListItem","position":3,"name":"Sensus 250-S, 250-DW, 257-S"}]},{"@type":"WebSite","@id":"https:\/\/equipmentcontrols.com\/#website","url":"https:\/\/equipmentcontrols.com\/","name":"ECCO","description":"Compagnie de contr\u00f4le d&#039;\u00e9quipement","potentialAction":[{"@type":"SearchAction","target":{"@type":"EntryPoint","urlTemplate":"https:\/\/equipmentcontrols.com\/?s={search_term_string}"},"query-input":{"@type":"PropertyValueSpecification","valueRequired":true,"valueName":"search_term_string"}}],"inLanguage":"fr-CA"}]}},"_links":{"self":[{"href":"https:\/\/equipmentcontrols.com\/fr\/wp-json\/wp\/v2\/product\/418","targetHints":{"allow":["GET"]}}],"collection":[{"href":"https:\/\/equipmentcontrols.com\/fr\/wp-json\/wp\/v2\/product"}],"about":[{"href":"https:\/\/equipmentcontrols.com\/fr\/wp-json\/wp\/v2\/types\/product"}],"wp:featuredmedia":[{"embeddable":true,"href":"https:\/\/equipmentcontrols.com\/fr\/wp-json\/wp\/v2\/media\/308"}],"wp:attachment":[{"href":"https:\/\/equipmentcontrols.com\/fr\/wp-json\/wp\/v2\/media?parent=418"}],"wp:term":[{"taxonomy":"product_brand","embeddable":true,"href":"https:\/\/equipmentcontrols.com\/fr\/wp-json\/wp\/v2\/product_brand?post=418"},{"taxonomy":"product_cat","embeddable":true,"href":"https:\/\/equipmentcontrols.com\/fr\/wp-json\/wp\/v2\/product_cat?post=418"},{"taxonomy":"product_tag","embeddable":true,"href":"https:\/\/equipmentcontrols.com\/fr\/wp-json\/wp\/v2\/product_tag?post=418"}],"curies":[{"name":"wp","href":"https:\/\/api.w.org\/{rel}","templated":true}]}}