{"id":416,"date":"2020-04-24T20:27:52","date_gmt":"2020-04-24T20:27:52","guid":{"rendered":"https:\/\/econtrols.stagemysite.com\/product\/mark-ii\/"},"modified":"2020-05-05T17:35:54","modified_gmt":"2020-05-05T17:35:54","slug":"mark-ii","status":"publish","type":"product","link":"https:\/\/equipmentcontrols.com\/fr\/produit\/mark-ii\/","title":{"rendered":"Sensus Mark II"},"content":{"rendered":"<p><strong>Compteurs turbo Sensus Mark II\u2122<\/strong><\/p>\n<p>Les d\u00e9bitm\u00e8tres turbo Sensus Mark II\u2122 offrent des capacit\u00e9s de mesure de gaz hautes performances avec des caract\u00e9ristiques de conception r\u00e9fl\u00e9chies qui les rendent faciles \u00e0 installer et \u00e0 entretenir. Les turbos 4 - 12\u2033 pr\u00e9sentent une conception \u00e0 entr\u00e9e par le haut qui permet de retirer le module de mesure du corps du compteur sans d\u00e9monter la canalisation. Ils fournissent des donn\u00e9es de mesure pr\u00e9cises et fiables sur une large gamme de d\u00e9bits et de conditions de fonctionnement. Les d\u00e9bitm\u00e8tres Mark II conviennent parfaitement aux correcteurs de volume mont\u00e9s sur compteur et s&#039;adaptent facilement \u00e0 de nombreux calculateurs de d\u00e9bit.<\/p>\n<p>Toutes les pi\u00e8ces mobiles sont log\u00e9es dans une chambre \u00e9tanche, prot\u00e9g\u00e9e des contaminants de ligne. La conception unique du rotor \u00e0 angle de lame de 45 degr\u00e9s ou 30 degr\u00e9s permet au d\u00e9bitm\u00e8tre d&#039;extraire le maximum d&#039;\u00e9nergie cin\u00e9tique du gaz lorsqu&#039;il s&#039;\u00e9coule parall\u00e8lement aux lames. Les turbom\u00e8tres Mark II acceptent une multitude d&#039;appareils de lecture mont\u00e9s sur le compteur et fournissent des sorties d&#039;impulsions calibr\u00e9es pour la mesure \u00e9lectronique.<\/p>\n<p>Les d\u00e9bitm\u00e8tres turbo Mark II combinent une plage \u00e9tendue, une faible perte de pression, un d\u00e9bit de gaz ininterrompu et une r\u00e9ponse quasi instantan\u00e9e \u00e0 un changement de d\u00e9bit rapide. Cela en fait des choix id\u00e9aux pour les applications de mesure \u00e0 volume \u00e9lev\u00e9, notamment\u00a0:<\/p>\n<p>\u2022 Mesure commerciale et industrielle des transactions commerciales dans les syst\u00e8mes de distribution<br \/>\n\u2022 Mesure des transactions commerciales dans les r\u00e9seaux de transport et aux interconnexions de pipelines<br \/>\n\u2022 Mesure des transactions commerciales pour les gares frontali\u00e8res urbaines<br \/>\n\u2022 Mesure du gaz combustible pour les centrales \u00e9lectriques, les compresseurs et les moteurs \u00e0 gaz<br \/>\n\u2022 Mesure en usine \u00e0 des fins de contr\u00f4le de processus ou de r\u00e9partition des co\u00fbts<\/p>\n<p><strong>Avantages:<\/strong><br \/>\n\u2022 Fournit deux enveloppes de performance distinctes par taille de m\u00e8tre<br \/>\n\u2022 Permet d&#039;acc\u00e9der au module de mesure et \u00e0 toutes les pi\u00e8ces mobiles sans retirer le corps du compteur de la ligne<br \/>\n\u2022 Fournit une durabilit\u00e9 et une pr\u00e9cision sup\u00e9rieure sur une large plage de d\u00e9bit<br \/>\n\u2022 R\u00e9duit les visites de maintenance gr\u00e2ce \u00e0 une cartouche autolubrifiante<br \/>\n\u2022 Mise \u00e0 niveau facile vers la technologie Sensus Auto-Adjust\u2122 sans retirer le corps du lecteur<\/p>\n<p><strong>Traits:<\/strong><br \/>\n\u2022 Angles de pale de rotor de 30\u00a0degr\u00e9s et 45\u00a0degr\u00e9s disponibles<br \/>\n\u2022 Une ou deux sorties d&#039;impulsions via des capteurs de pointe de lame<br \/>\n\u2022 Conception d&#039;entr\u00e9e par le haut<br \/>\n\u2022 L&#039;\u00e9l\u00e9ment de mesure calibr\u00e9 est un module interchangeable<br \/>\n\u2022 Am\u00e9lioration du conditionnement du d\u00e9bit de gaz avec des aubes de redressement int\u00e9gr\u00e9es<br \/>\n\u2022 Roulements \u00e0 billes robustes de l&#039;arbre du rotor<br \/>\n\u2022 Graisseur automatique en option<br \/>\n\u2022 Mise \u00e0 niveau facile vers le compteur turbo \u00e0 r\u00e9glage automatique sans retirer le corps du compteur<\/p>\n<p><strong>Caract\u00e9ristiques:<\/strong><br \/>\n\u2022 Mod\u00e8les adapt\u00e9s aux canalisations de 4&quot;, 6&quot;, 8&quot; et 12&quot;<br \/>\n\u2022 Angles de pale de rotor de 45\u00a0degr\u00e9s ou 30\u00a0degr\u00e9s<\/p>\n<p><strong>T\u00e9l\u00e9chargements\u00a0:<\/strong><br \/>\n<a href=\"https:\/\/equipmentcontrols.com\/wp-content\/uploads\/2020\/04\/Mark-II-Turbo-Meters-Data-Sheet.pdf\">Fiche technique des turbom\u00e8tres Mark II<\/a><\/p>\n<p><a href=\"https:\/\/equipmentcontrols.com\/wp-content\/uploads\/2020\/04\/Mark-II-Mark-IIE-and-Auto-Adjust-Installation-and-Maintenance-Instructions-International.pdf\">Instructions d&#039;installation et de maintenance Mark II, Mark IIE et Auto-Adjust International<\/a><\/p>\n<p><a href=\"https:\/\/equipmentcontrols.com\/wp-content\/uploads\/2020\/04\/Mark-II-and-Mark-IIE-Turbo-Meters-Slot-Sensor-Data-Sheet.pdf\">Fiche technique du capteur \u00e0 fente des turbom\u00e8tres Mark II et Mark IIE<\/a><\/p>\n<p><a href=\"https:\/\/equipmentcontrols.com\/wp-content\/uploads\/2020\/04\/Mark-II-and-Auto-Adjust-Turbo-Meters-30-degree-Blade-Tip-Rotors-Data-Sheet.pdf\">Fiche technique des rotors \u00e0 pointe de lame \u00e0 30 degr\u00e9s Mark II et Auto-Adjust Turbo-Meters<\/a><\/p>","protected":false},"excerpt":{"rendered":"<p>Sensus Mark II\u2122 turbo meters Sensus Mark II\u2122 turbo meters offer high-performance gas measurement capabilities with thoughtful design features that make them easy to install and maintain. The 4 \u2013 12\u2033 turbos feature a top-entry design that allows the measurement module to be removed from the meter body without disassembling the pipeline. They provide accurate [&hellip;]<\/p>\n","protected":false},"featured_media":325,"template":"","meta":[],"product_brand":[],"product_cat":[21,45],"product_tag":[],"class_list":{"0":"post-416","1":"product","2":"type-product","3":"status-publish","4":"has-post-thumbnail","6":"product_cat-gas-meters","7":"product_cat-sensus","9":"first","10":"instock","11":"shipping-taxable","12":"product-type-simple"},"yoast_head":"<!-- This site is optimized with the Yoast SEO Premium plugin v23.9 (Yoast SEO v27.3) - https:\/\/yoast.com\/product\/yoast-seo-premium-wordpress\/ -->\n<title>Sensus Mark-II - ECCO<\/title>\n<meta name=\"description\" content=\"Sensus Mark II\u2122 turbo meters offer high-performance gas measurement capabilities with thoughtful design features that make them easy to install and maintain. The 4 \u2013 12\u2033 turbos feature a top-entry design that allows the measurement module to be removed from the meter body without disassembling the pipeline. They provide accurate and reliable measurement data over a wide range of operating flows and conditions. Mark II meters are ideally suited for meter-mounted volume correctors, and they are easily adapted to many flow computers.\" \/>\n<meta name=\"robots\" content=\"index, follow, max-snippet:-1, max-image-preview:large, max-video-preview:-1\" \/>\n<link rel=\"canonical\" href=\"https:\/\/equipmentcontrols.com\/fr\/produit\/mark-ii\/\" \/>\n<meta property=\"og:locale\" content=\"fr_CA\" \/>\n<meta property=\"og:type\" content=\"article\" \/>\n<meta property=\"og:title\" content=\"Sensus Mark-II\" \/>\n<meta property=\"og:description\" content=\"Sensus Mark II\u2122 turbo meters offer high-performance gas measurement capabilities with thoughtful design features that make them easy to install and maintain. The 4 \u2013 12\u2033 turbos feature a top-entry design that allows the measurement module to be removed from the meter body without disassembling the pipeline. They provide accurate and reliable measurement data over a wide range of operating flows and conditions. Mark II meters are ideally suited for meter-mounted volume correctors, and they are easily adapted to many flow computers.\" \/>\n<meta property=\"og:url\" content=\"https:\/\/equipmentcontrols.com\/fr\/produit\/mark-ii\/\" \/>\n<meta property=\"og:site_name\" content=\"ECCO\" \/>\n<meta property=\"article:modified_time\" content=\"2020-05-05T17:35:54+00:00\" \/>\n<meta property=\"og:image\" content=\"https:\/\/equipmentcontrols.com\/wp-content\/uploads\/2020\/04\/SENSUS20Mark-II20Meter.jpg\" \/>\n\t<meta property=\"og:image:width\" content=\"860\" \/>\n\t<meta property=\"og:image:height\" content=\"860\" \/>\n\t<meta property=\"og:image:type\" content=\"image\/jpeg\" \/>\n<meta name=\"twitter:card\" content=\"summary_large_image\" \/>\n<meta name=\"twitter:label1\" content=\"Estimation du temps de lecture\" \/>\n\t<meta name=\"twitter:data1\" content=\"2 minutes\" \/>\n<script type=\"application\/ld+json\" class=\"yoast-schema-graph\">{\"@context\":\"https:\\\/\\\/schema.org\",\"@graph\":[{\"@type\":\"WebPage\",\"@id\":\"https:\\\/\\\/equipmentcontrols.com\\\/product\\\/mark-ii\\\/\",\"url\":\"https:\\\/\\\/equipmentcontrols.com\\\/product\\\/mark-ii\\\/\",\"name\":\"Sensus Mark-II - ECCO\",\"isPartOf\":{\"@id\":\"https:\\\/\\\/equipmentcontrols.com\\\/#website\"},\"primaryImageOfPage\":{\"@id\":\"https:\\\/\\\/equipmentcontrols.com\\\/product\\\/mark-ii\\\/#primaryimage\"},\"image\":{\"@id\":\"https:\\\/\\\/equipmentcontrols.com\\\/product\\\/mark-ii\\\/#primaryimage\"},\"thumbnailUrl\":\"https:\\\/\\\/equipmentcontrols.com\\\/wp-content\\\/uploads\\\/2020\\\/04\\\/SENSUS20Mark-II20Meter.jpg\",\"datePublished\":\"2020-04-24T20:27:52+00:00\",\"dateModified\":\"2020-05-05T17:35:54+00:00\",\"description\":\"Sensus Mark II\u2122 turbo meters offer high-performance gas measurement capabilities with thoughtful design features that make them easy to install and maintain. The 4 \u2013 12\u2033 turbos feature a top-entry design that allows the measurement module to be removed from the meter body without disassembling the pipeline. They provide accurate and reliable measurement data over a wide range of operating flows and conditions. Mark II meters are ideally suited for meter-mounted volume correctors, and they are easily adapted to many flow computers.\",\"breadcrumb\":{\"@id\":\"https:\\\/\\\/equipmentcontrols.com\\\/product\\\/mark-ii\\\/#breadcrumb\"},\"inLanguage\":\"fr-CA\",\"potentialAction\":[{\"@type\":\"ReadAction\",\"target\":[\"https:\\\/\\\/equipmentcontrols.com\\\/product\\\/mark-ii\\\/\"]}]},{\"@type\":\"ImageObject\",\"inLanguage\":\"fr-CA\",\"@id\":\"https:\\\/\\\/equipmentcontrols.com\\\/product\\\/mark-ii\\\/#primaryimage\",\"url\":\"https:\\\/\\\/equipmentcontrols.com\\\/wp-content\\\/uploads\\\/2020\\\/04\\\/SENSUS20Mark-II20Meter.jpg\",\"contentUrl\":\"https:\\\/\\\/equipmentcontrols.com\\\/wp-content\\\/uploads\\\/2020\\\/04\\\/SENSUS20Mark-II20Meter.jpg\",\"width\":860,\"height\":860,\"caption\":\"SENSUS20Mark-II20Meter.jpg\"},{\"@type\":\"BreadcrumbList\",\"@id\":\"https:\\\/\\\/equipmentcontrols.com\\\/product\\\/mark-ii\\\/#breadcrumb\",\"itemListElement\":[{\"@type\":\"ListItem\",\"position\":1,\"name\":\"Home\",\"item\":\"https:\\\/\\\/equipmentcontrols.com\\\/\"},{\"@type\":\"ListItem\",\"position\":2,\"name\":\"Shop\",\"item\":\"https:\\\/\\\/equipmentcontrols.com\\\/shop\\\/\"},{\"@type\":\"ListItem\",\"position\":3,\"name\":\"Sensus Mark-II\"}]},{\"@type\":\"WebSite\",\"@id\":\"https:\\\/\\\/equipmentcontrols.com\\\/#website\",\"url\":\"https:\\\/\\\/equipmentcontrols.com\\\/\",\"name\":\"ECCO\",\"description\":\"Equipment Controls Company\",\"potentialAction\":[{\"@type\":\"SearchAction\",\"target\":{\"@type\":\"EntryPoint\",\"urlTemplate\":\"https:\\\/\\\/equipmentcontrols.com\\\/?s={search_term_string}\"},\"query-input\":{\"@type\":\"PropertyValueSpecification\",\"valueRequired\":true,\"valueName\":\"search_term_string\"}}],\"inLanguage\":\"fr-CA\"}]}<\/script>\n<!-- \/ Yoast SEO Premium plugin. -->","yoast_head_json":{"title":"Sensus Mark-II - ECCO","description":"Les d\u00e9bitm\u00e8tres turbo Sensus Mark II\u2122 offrent des capacit\u00e9s de mesure de gaz hautes performances avec des caract\u00e9ristiques de conception r\u00e9fl\u00e9chies qui les rendent faciles \u00e0 installer et \u00e0 entretenir. Les turbos 4 - 12\u2033 pr\u00e9sentent une conception \u00e0 entr\u00e9e par le haut qui permet de retirer le module de mesure du corps du compteur sans d\u00e9monter la canalisation. Ils fournissent des donn\u00e9es de mesure pr\u00e9cises et fiables sur une large gamme de d\u00e9bits et de conditions de fonctionnement. Les d\u00e9bitm\u00e8tres Mark II conviennent parfaitement aux correcteurs de volume mont\u00e9s sur compteur et s&#039;adaptent facilement \u00e0 de nombreux calculateurs de d\u00e9bit.","robots":{"index":"index","follow":"follow","max-snippet":"max-snippet:-1","max-image-preview":"max-image-preview:large","max-video-preview":"max-video-preview:-1"},"canonical":"https:\/\/equipmentcontrols.com\/fr\/produit\/mark-ii\/","og_locale":"fr_CA","og_type":"article","og_title":"Sensus Mark-II","og_description":"Sensus Mark II\u2122 turbo meters offer high-performance gas measurement capabilities with thoughtful design features that make them easy to install and maintain. The 4 \u2013 12\u2033 turbos feature a top-entry design that allows the measurement module to be removed from the meter body without disassembling the pipeline. They provide accurate and reliable measurement data over a wide range of operating flows and conditions. Mark II meters are ideally suited for meter-mounted volume correctors, and they are easily adapted to many flow computers.","og_url":"https:\/\/equipmentcontrols.com\/fr\/produit\/mark-ii\/","og_site_name":"ECCO","article_modified_time":"2020-05-05T17:35:54+00:00","og_image":[{"width":860,"height":860,"url":"https:\/\/equipmentcontrols.com\/wp-content\/uploads\/2020\/04\/SENSUS20Mark-II20Meter.jpg","type":"image\/jpeg"}],"twitter_card":"summary_large_image","twitter_misc":{"Estimation du temps de lecture":"2 minutes"},"schema":{"@context":"https:\/\/schema.org","@graph":[{"@type":"WebPage","@id":"https:\/\/equipmentcontrols.com\/product\/mark-ii\/","url":"https:\/\/equipmentcontrols.com\/product\/mark-ii\/","name":"Sensus Mark-II - ECCO","isPartOf":{"@id":"https:\/\/equipmentcontrols.com\/#website"},"primaryImageOfPage":{"@id":"https:\/\/equipmentcontrols.com\/product\/mark-ii\/#primaryimage"},"image":{"@id":"https:\/\/equipmentcontrols.com\/product\/mark-ii\/#primaryimage"},"thumbnailUrl":"https:\/\/equipmentcontrols.com\/wp-content\/uploads\/2020\/04\/SENSUS20Mark-II20Meter.jpg","datePublished":"2020-04-24T20:27:52+00:00","dateModified":"2020-05-05T17:35:54+00:00","description":"Les d\u00e9bitm\u00e8tres turbo Sensus Mark II\u2122 offrent des capacit\u00e9s de mesure de gaz hautes performances avec des caract\u00e9ristiques de conception r\u00e9fl\u00e9chies qui les rendent faciles \u00e0 installer et \u00e0 entretenir. Les turbos 4 - 12\u2033 pr\u00e9sentent une conception \u00e0 entr\u00e9e par le haut qui permet de retirer le module de mesure du corps du compteur sans d\u00e9monter la canalisation. Ils fournissent des donn\u00e9es de mesure pr\u00e9cises et fiables sur une large gamme de d\u00e9bits et de conditions de fonctionnement. Les d\u00e9bitm\u00e8tres Mark II conviennent parfaitement aux correcteurs de volume mont\u00e9s sur compteur et s&#039;adaptent facilement \u00e0 de nombreux calculateurs de d\u00e9bit.","breadcrumb":{"@id":"https:\/\/equipmentcontrols.com\/product\/mark-ii\/#breadcrumb"},"inLanguage":"fr-CA","potentialAction":[{"@type":"ReadAction","target":["https:\/\/equipmentcontrols.com\/product\/mark-ii\/"]}]},{"@type":"ImageObject","inLanguage":"fr-CA","@id":"https:\/\/equipmentcontrols.com\/product\/mark-ii\/#primaryimage","url":"https:\/\/equipmentcontrols.com\/wp-content\/uploads\/2020\/04\/SENSUS20Mark-II20Meter.jpg","contentUrl":"https:\/\/equipmentcontrols.com\/wp-content\/uploads\/2020\/04\/SENSUS20Mark-II20Meter.jpg","width":860,"height":860,"caption":"SENSUS20Mark-II20Meter.jpg"},{"@type":"BreadcrumbList","@id":"https:\/\/equipmentcontrols.com\/product\/mark-ii\/#breadcrumb","itemListElement":[{"@type":"ListItem","position":1,"name":"Home","item":"https:\/\/equipmentcontrols.com\/"},{"@type":"ListItem","position":2,"name":"Shop","item":"https:\/\/equipmentcontrols.com\/shop\/"},{"@type":"ListItem","position":3,"name":"Sensus Mark-II"}]},{"@type":"WebSite","@id":"https:\/\/equipmentcontrols.com\/#website","url":"https:\/\/equipmentcontrols.com\/","name":"ECCO","description":"Compagnie de contr\u00f4le d&#039;\u00e9quipement","potentialAction":[{"@type":"SearchAction","target":{"@type":"EntryPoint","urlTemplate":"https:\/\/equipmentcontrols.com\/?s={search_term_string}"},"query-input":{"@type":"PropertyValueSpecification","valueRequired":true,"valueName":"search_term_string"}}],"inLanguage":"fr-CA"}]}},"_links":{"self":[{"href":"https:\/\/equipmentcontrols.com\/fr\/wp-json\/wp\/v2\/product\/416","targetHints":{"allow":["GET"]}}],"collection":[{"href":"https:\/\/equipmentcontrols.com\/fr\/wp-json\/wp\/v2\/product"}],"about":[{"href":"https:\/\/equipmentcontrols.com\/fr\/wp-json\/wp\/v2\/types\/product"}],"wp:featuredmedia":[{"embeddable":true,"href":"https:\/\/equipmentcontrols.com\/fr\/wp-json\/wp\/v2\/media\/325"}],"wp:attachment":[{"href":"https:\/\/equipmentcontrols.com\/fr\/wp-json\/wp\/v2\/media?parent=416"}],"wp:term":[{"taxonomy":"product_brand","embeddable":true,"href":"https:\/\/equipmentcontrols.com\/fr\/wp-json\/wp\/v2\/product_brand?post=416"},{"taxonomy":"product_cat","embeddable":true,"href":"https:\/\/equipmentcontrols.com\/fr\/wp-json\/wp\/v2\/product_cat?post=416"},{"taxonomy":"product_tag","embeddable":true,"href":"https:\/\/equipmentcontrols.com\/fr\/wp-json\/wp\/v2\/product_tag?post=416"}],"curies":[{"name":"wp","href":"https:\/\/api.w.org\/{rel}","templated":true}]}}