{"id":415,"date":"2020-04-24T20:27:52","date_gmt":"2020-04-24T20:27:52","guid":{"rendered":"https:\/\/econtrols.stagemysite.com\/product\/sonix-2000-3000-2\/"},"modified":"2021-05-11T18:50:34","modified_gmt":"2021-05-11T18:50:34","slug":"sonix-2000-3000-2","status":"publish","type":"product","link":"https:\/\/equipmentcontrols.com\/fr\/produit\/sonix-2000-3000-2\/","title":{"rendered":"Sonix 2000\/3000"},"content":{"rendered":"<p><strong>Sonix 2000\/3000<\/strong><\/p>\n<p><strong>Pas besoin de pi\u00e8ces mobiles. Ou des r\u00e9parations co\u00fbteuses.<\/strong><\/p>\n<p>Utilisant la technologie num\u00e9rique \u00e0 ultrasons, nos compteurs \u00e0 ultrasons Sonix\u00ae sont con\u00e7us sans pi\u00e8ces mobiles, ce qui \u00e9limine pratiquement le co\u00fbt des r\u00e9parations. Ces compteurs conservent leur \u00e9talonnage. Ils fournissent \u00e9galement des alertes en cas de falsification et de dysfonctionnements. Leur conception compacte offre des options d&#039;installation flexibles.<\/p>\n<p>La plate-forme \u00e9lectronique vous permet d&#039;inclure la lecture automatique des compteurs de mani\u00e8re plus rentable et de mettre \u00e0 niveau le compteur avec les derni\u00e8res options pendant qu&#039;il est encore en service.<\/p>\n<p>Pour la collecte et le stockage de donn\u00e9es \u00e0 distance, les compteurs Sonix disposent d&#039;une option de sortie d&#039;impulsions. La sortie d&#039;impulsions \u00e0 deux fils leur permet d&#039;envoyer des donn\u00e9es \u00e0 n&#039;importe quel mat\u00e9riel d&#039;accumulation d&#039;impulsions de forme A. La combinaison des compteurs Sonix et des dispositifs de collecte de donn\u00e9es \u00e0 distance fournit une solution solide pour le besoin croissant d&#039;aujourd&#039;hui en mati\u00e8re de pr\u00e9cision de mesure et de co\u00fbt total de possession le plus bas.<\/p>\n<p><strong>Avantages:<\/strong><br \/>\n\u2022 Fournit des mesures et une fiabilit\u00e9 tr\u00e8s pr\u00e9cises<br \/>\n\u2022 Augmente la fonctionnalit\u00e9 tout en utilisant beaucoup moins de mat\u00e9riel<br \/>\n\u2022 Fonctionne plus efficacement<br \/>\n\u2022 Augmente les \u00e9conomies avec des co\u00fbts d&#039;installation et de main-d&#039;\u0153uvre r\u00e9duits<\/p>\n<p><strong>Traits:<\/strong><br \/>\n<strong>Format compact<\/strong><br \/>\n\u2022\u00a010\u00a0ans de garantie sur la dur\u00e9e de vie de la batterie\/15\u00a0ans de garantie sur l&#039;appareil de mesure<br \/>\n\u2022 Aucune pi\u00e8ce mobile<br \/>\n\u2022 60 jours de donn\u00e9es horaires<br \/>\n\u2022 Diagnostics int\u00e9gr\u00e9s<br \/>\n\u2022 \u00c9tat du compteur<br \/>\n\u2022 Alt\u00e9ration<br \/>\n\u2022 Flux inverse<br \/>\n\u2022 Air dans le compteur<br \/>\n\u2022 Compensation de temp\u00e9rature<br \/>\n\u2022 Compensation de pression \u00e0 facteur fixe<\/p>\n<p><strong>Caract\u00e9ristiques:<\/strong><br \/>\n\u2022 Sonix 16\/12\/25<br \/>\n\u2022 Sonix 2000<br \/>\n\u2022 Sonix 600-880<\/p>\n<p>Les compteurs de gaz Sonix sont con\u00e7us conform\u00e9ment aux normes suivantes :<br \/>\n<strong>Construction et performances<\/strong><br \/>\n<strong>\u2022 Construction aux sections pertinentes de\u00a0:<\/strong><br \/>\nOIML R6:1989 Dispositions g\u00e9n\u00e9rales pour les compteurs de volume de gaz<br \/>\nCompteurs \u00e0 d\u00e9placement de gaz \u00e0 membrane ANSI B109.2<br \/>\nHomologation PS-G-06 de Mesures Canada AG-0514<\/p>\n<p><strong>\u2022 S\u00e9curit\u00e9 \u00e9lectrique:<\/strong><br \/>\nUL1604, troisi\u00e8me \u00e9dition\u00a0: \u00e9quipement \u00e9lectrique destin\u00e9 \u00e0 \u00eatre utilis\u00e9 dans des emplacements class\u00e9s dangereux de classe\u00a0I et de classe\u00a0II, division\u00a02 et de classe\u00a0III, r\u00e9v.\u00a01995<br \/>\nCSA C22.2 n\u00b0 213, premi\u00e8re \u00e9dition : \u00c9quipement \u00e9lectrique non incitatif \u00e0 utiliser dans des emplacements dangereux de classe I, division 2, r\u00e9v. 1999<\/p>\n<p><strong>\u2022 Protection contre la p\u00e9n\u00e9tration:<\/strong><br \/>\nIndice de protection NEMA 3R (IP22)<\/p>\n<p><strong>\u2022 Immunit\u00e9<\/strong> (Magn\u00e9tique et Rayonn\u00e9):<br \/>\nCEI 61000-4-8:1993 pour l&#039;immunit\u00e9 magn\u00e9tique<br \/>\nCEI 61000-4-3:1995 pour l&#039;immunit\u00e9 rayonn\u00e9e<\/p>\n<p><strong>\u2022 Vibrations et chocs\u00a0:<\/strong><br \/>\nCEI 60068\/2-6 et CEI 60068-2-31<\/p>\n<p><strong>\u2022 \u00c9missions CEM\u00a0:<\/strong><br \/>\nTitre 47 du CFR, partie 18, sous-partie C - 18.309(a) et 18.311 Limites d&#039;\u00e9missions rayonn\u00e9es pour les \u00e9quipements industriels, scientifiques et m\u00e9dicaux (ISM), les appareils \u00e0 ultrasons.<\/p>\n<p><strong>\u2022 Communication\u00a0:<\/strong><br \/>\nBS EN 61107 1996, \u00c9change de donn\u00e9es pour la lecture des compteurs, les tarifs et le contr\u00f4le de la charge - \u00c9change direct de donn\u00e9es locales<\/p>\n<p><strong>T\u00e9l\u00e9chargements\u00a0:<\/strong><br \/>\n<a href=\"https:\/\/equipmentcontrols.com\/wp-content\/uploads\/2021\/05\/Sonix-2000-Data-Sheet-4-2021.pdf\">Fiche technique Sonix 2000<\/a><\/p>\n<p><a href=\"https:\/\/equipmentcontrols.com\/wp-content\/uploads\/2020\/04\/Sensus-Gas-Products-Catalog-04-13-20.pdf\">Brochure produit Sensus Gaz<\/a><\/p>","protected":false},"excerpt":{"rendered":"<p>Sonix 2000\/3000 No Need for Moving Parts. Or Costly Repairs. Using digital ultrasonic technology, our Sonix\u00ae ultrasonic meters are designed with no moving parts, virtually eliminating the cost of repairs. These meters retain their calibration. They also provide alerts for tampering and for malfunctions. Their compact design affords flexible installation options. The electronic platform allows [&hellip;]<\/p>\n","protected":false},"featured_media":1294,"template":"","meta":[],"product_brand":[],"product_cat":[21,45],"product_tag":[],"class_list":{"0":"post-415","1":"product","2":"type-product","3":"status-publish","4":"has-post-thumbnail","6":"product_cat-gas-meters","7":"product_cat-sensus","9":"first","10":"instock","11":"shipping-taxable","12":"product-type-simple"},"yoast_head":"<!-- This site is optimized with the Yoast SEO Premium plugin v23.9 (Yoast SEO v27.3) - https:\/\/yoast.com\/product\/yoast-seo-premium-wordpress\/ -->\n<title>Sonix 2000\/3000 - ECCO<\/title>\n<meta name=\"robots\" content=\"index, follow, max-snippet:-1, max-image-preview:large, max-video-preview:-1\" \/>\n<link rel=\"canonical\" href=\"https:\/\/equipmentcontrols.com\/fr\/produit\/sonix-2000-3000-2\/\" \/>\n<meta property=\"og:locale\" content=\"fr_CA\" \/>\n<meta property=\"og:type\" content=\"article\" \/>\n<meta property=\"og:title\" content=\"Sonix 2000\/3000\" \/>\n<meta property=\"og:description\" content=\"Sonix 2000\/3000 No Need for Moving Parts. Or Costly Repairs. Using digital ultrasonic technology, our Sonix\u00ae ultrasonic meters are designed with no moving parts, virtually eliminating the cost of repairs. These meters retain their calibration. They also provide alerts for tampering and for malfunctions. Their compact design affords flexible installation options. The electronic platform allows [&hellip;]\" \/>\n<meta property=\"og:url\" content=\"https:\/\/equipmentcontrols.com\/fr\/produit\/sonix-2000-3000-2\/\" \/>\n<meta property=\"og:site_name\" content=\"ECCO\" \/>\n<meta property=\"article:modified_time\" content=\"2021-05-11T18:50:34+00:00\" \/>\n<meta property=\"og:image\" content=\"https:\/\/equipmentcontrols.com\/wp-content\/uploads\/2020\/05\/SENSUS-Sonix2000.jpg\" \/>\n\t<meta property=\"og:image:width\" content=\"860\" \/>\n\t<meta property=\"og:image:height\" content=\"860\" \/>\n\t<meta property=\"og:image:type\" content=\"image\/jpeg\" \/>\n<meta name=\"twitter:card\" content=\"summary_large_image\" \/>\n<meta name=\"twitter:label1\" content=\"Estimation du temps de lecture\" \/>\n\t<meta name=\"twitter:data1\" content=\"2 minutes\" \/>\n<script type=\"application\/ld+json\" class=\"yoast-schema-graph\">{\"@context\":\"https:\\\/\\\/schema.org\",\"@graph\":[{\"@type\":\"WebPage\",\"@id\":\"https:\\\/\\\/equipmentcontrols.com\\\/product\\\/sonix-2000-3000-2\\\/\",\"url\":\"https:\\\/\\\/equipmentcontrols.com\\\/product\\\/sonix-2000-3000-2\\\/\",\"name\":\"Sonix 2000\\\/3000 - ECCO\",\"isPartOf\":{\"@id\":\"https:\\\/\\\/equipmentcontrols.com\\\/#website\"},\"primaryImageOfPage\":{\"@id\":\"https:\\\/\\\/equipmentcontrols.com\\\/product\\\/sonix-2000-3000-2\\\/#primaryimage\"},\"image\":{\"@id\":\"https:\\\/\\\/equipmentcontrols.com\\\/product\\\/sonix-2000-3000-2\\\/#primaryimage\"},\"thumbnailUrl\":\"https:\\\/\\\/equipmentcontrols.com\\\/wp-content\\\/uploads\\\/2020\\\/05\\\/SENSUS-Sonix2000.jpg\",\"datePublished\":\"2020-04-24T20:27:52+00:00\",\"dateModified\":\"2021-05-11T18:50:34+00:00\",\"breadcrumb\":{\"@id\":\"https:\\\/\\\/equipmentcontrols.com\\\/product\\\/sonix-2000-3000-2\\\/#breadcrumb\"},\"inLanguage\":\"fr-CA\",\"potentialAction\":[{\"@type\":\"ReadAction\",\"target\":[\"https:\\\/\\\/equipmentcontrols.com\\\/product\\\/sonix-2000-3000-2\\\/\"]}]},{\"@type\":\"ImageObject\",\"inLanguage\":\"fr-CA\",\"@id\":\"https:\\\/\\\/equipmentcontrols.com\\\/product\\\/sonix-2000-3000-2\\\/#primaryimage\",\"url\":\"https:\\\/\\\/equipmentcontrols.com\\\/wp-content\\\/uploads\\\/2020\\\/05\\\/SENSUS-Sonix2000.jpg\",\"contentUrl\":\"https:\\\/\\\/equipmentcontrols.com\\\/wp-content\\\/uploads\\\/2020\\\/05\\\/SENSUS-Sonix2000.jpg\",\"width\":860,\"height\":860,\"caption\":\"SENSUS-Sonix2000\"},{\"@type\":\"BreadcrumbList\",\"@id\":\"https:\\\/\\\/equipmentcontrols.com\\\/product\\\/sonix-2000-3000-2\\\/#breadcrumb\",\"itemListElement\":[{\"@type\":\"ListItem\",\"position\":1,\"name\":\"Home\",\"item\":\"https:\\\/\\\/equipmentcontrols.com\\\/\"},{\"@type\":\"ListItem\",\"position\":2,\"name\":\"Shop\",\"item\":\"https:\\\/\\\/equipmentcontrols.com\\\/shop\\\/\"},{\"@type\":\"ListItem\",\"position\":3,\"name\":\"Sonix 2000\\\/3000\"}]},{\"@type\":\"WebSite\",\"@id\":\"https:\\\/\\\/equipmentcontrols.com\\\/#website\",\"url\":\"https:\\\/\\\/equipmentcontrols.com\\\/\",\"name\":\"ECCO\",\"description\":\"Equipment Controls Company\",\"potentialAction\":[{\"@type\":\"SearchAction\",\"target\":{\"@type\":\"EntryPoint\",\"urlTemplate\":\"https:\\\/\\\/equipmentcontrols.com\\\/?s={search_term_string}\"},\"query-input\":{\"@type\":\"PropertyValueSpecification\",\"valueRequired\":true,\"valueName\":\"search_term_string\"}}],\"inLanguage\":\"fr-CA\"}]}<\/script>\n<!-- \/ Yoast SEO Premium plugin. -->","yoast_head_json":{"title":"Sonix 2000\/3000 - ECCO","robots":{"index":"index","follow":"follow","max-snippet":"max-snippet:-1","max-image-preview":"max-image-preview:large","max-video-preview":"max-video-preview:-1"},"canonical":"https:\/\/equipmentcontrols.com\/fr\/produit\/sonix-2000-3000-2\/","og_locale":"fr_CA","og_type":"article","og_title":"Sonix 2000\/3000","og_description":"Sonix 2000\/3000 No Need for Moving Parts. Or Costly Repairs. Using digital ultrasonic technology, our Sonix\u00ae ultrasonic meters are designed with no moving parts, virtually eliminating the cost of repairs. These meters retain their calibration. They also provide alerts for tampering and for malfunctions. Their compact design affords flexible installation options. The electronic platform allows [&hellip;]","og_url":"https:\/\/equipmentcontrols.com\/fr\/produit\/sonix-2000-3000-2\/","og_site_name":"ECCO","article_modified_time":"2021-05-11T18:50:34+00:00","og_image":[{"width":860,"height":860,"url":"https:\/\/equipmentcontrols.com\/wp-content\/uploads\/2020\/05\/SENSUS-Sonix2000.jpg","type":"image\/jpeg"}],"twitter_card":"summary_large_image","twitter_misc":{"Estimation du temps de lecture":"2 minutes"},"schema":{"@context":"https:\/\/schema.org","@graph":[{"@type":"WebPage","@id":"https:\/\/equipmentcontrols.com\/product\/sonix-2000-3000-2\/","url":"https:\/\/equipmentcontrols.com\/product\/sonix-2000-3000-2\/","name":"Sonix 2000\/3000 - ECCO","isPartOf":{"@id":"https:\/\/equipmentcontrols.com\/#website"},"primaryImageOfPage":{"@id":"https:\/\/equipmentcontrols.com\/product\/sonix-2000-3000-2\/#primaryimage"},"image":{"@id":"https:\/\/equipmentcontrols.com\/product\/sonix-2000-3000-2\/#primaryimage"},"thumbnailUrl":"https:\/\/equipmentcontrols.com\/wp-content\/uploads\/2020\/05\/SENSUS-Sonix2000.jpg","datePublished":"2020-04-24T20:27:52+00:00","dateModified":"2021-05-11T18:50:34+00:00","breadcrumb":{"@id":"https:\/\/equipmentcontrols.com\/product\/sonix-2000-3000-2\/#breadcrumb"},"inLanguage":"fr-CA","potentialAction":[{"@type":"ReadAction","target":["https:\/\/equipmentcontrols.com\/product\/sonix-2000-3000-2\/"]}]},{"@type":"ImageObject","inLanguage":"fr-CA","@id":"https:\/\/equipmentcontrols.com\/product\/sonix-2000-3000-2\/#primaryimage","url":"https:\/\/equipmentcontrols.com\/wp-content\/uploads\/2020\/05\/SENSUS-Sonix2000.jpg","contentUrl":"https:\/\/equipmentcontrols.com\/wp-content\/uploads\/2020\/05\/SENSUS-Sonix2000.jpg","width":860,"height":860,"caption":"SENSUS-Sonix2000"},{"@type":"BreadcrumbList","@id":"https:\/\/equipmentcontrols.com\/product\/sonix-2000-3000-2\/#breadcrumb","itemListElement":[{"@type":"ListItem","position":1,"name":"Home","item":"https:\/\/equipmentcontrols.com\/"},{"@type":"ListItem","position":2,"name":"Shop","item":"https:\/\/equipmentcontrols.com\/shop\/"},{"@type":"ListItem","position":3,"name":"Sonix 2000\/3000"}]},{"@type":"WebSite","@id":"https:\/\/equipmentcontrols.com\/#website","url":"https:\/\/equipmentcontrols.com\/","name":"ECCO","description":"Compagnie de contr\u00f4le d&#039;\u00e9quipement","potentialAction":[{"@type":"SearchAction","target":{"@type":"EntryPoint","urlTemplate":"https:\/\/equipmentcontrols.com\/?s={search_term_string}"},"query-input":{"@type":"PropertyValueSpecification","valueRequired":true,"valueName":"search_term_string"}}],"inLanguage":"fr-CA"}]}},"_links":{"self":[{"href":"https:\/\/equipmentcontrols.com\/fr\/wp-json\/wp\/v2\/product\/415","targetHints":{"allow":["GET"]}}],"collection":[{"href":"https:\/\/equipmentcontrols.com\/fr\/wp-json\/wp\/v2\/product"}],"about":[{"href":"https:\/\/equipmentcontrols.com\/fr\/wp-json\/wp\/v2\/types\/product"}],"wp:featuredmedia":[{"embeddable":true,"href":"https:\/\/equipmentcontrols.com\/fr\/wp-json\/wp\/v2\/media\/1294"}],"wp:attachment":[{"href":"https:\/\/equipmentcontrols.com\/fr\/wp-json\/wp\/v2\/media?parent=415"}],"wp:term":[{"taxonomy":"product_brand","embeddable":true,"href":"https:\/\/equipmentcontrols.com\/fr\/wp-json\/wp\/v2\/product_brand?post=415"},{"taxonomy":"product_cat","embeddable":true,"href":"https:\/\/equipmentcontrols.com\/fr\/wp-json\/wp\/v2\/product_cat?post=415"},{"taxonomy":"product_tag","embeddable":true,"href":"https:\/\/equipmentcontrols.com\/fr\/wp-json\/wp\/v2\/product_tag?post=415"}],"curies":[{"name":"wp","href":"https:\/\/api.w.org\/{rel}","templated":true}]}}