{"id":412,"date":"2020-04-24T20:27:51","date_gmt":"2020-04-24T20:27:51","guid":{"rendered":"https:\/\/econtrols.stagemysite.com\/product\/sensus-415-2\/"},"modified":"2020-05-01T02:02:19","modified_gmt":"2020-05-01T02:02:19","slug":"sensus-415-2","status":"publish","type":"product","link":"https:\/\/equipmentcontrols.com\/fr\/produit\/sensus-415-2\/","title":{"rendered":"Sensus 415"},"content":{"rendered":"<p><strong>M\u00e8tre \u00e0 membrane Sensus 415<\/strong><\/p>\n<p>Le 415 est un compteur \u00e0 membrane r\u00e9sidentiel, commercial et industriel de classe 400 qui combine les derniers concepts de conception et des mat\u00e9riaux d&#039;ing\u00e9nierie modernes. Plus l\u00e9ger et facile \u00e0 manipuler, le 415 est plus durable, n\u00e9cessite moins d&#039;entretien et offre une plus grande esp\u00e9rance de vie que les compteurs pr\u00e9c\u00e9dents de cette classe.<\/p>\n<p>L&#039;\u00e9l\u00e9ment de compensation de temp\u00e9rature a une r\u00e9sistance accrue pour minimiser la d\u00e9viation due \u00e0 la tra\u00een\u00e9e de la vanne. Un support de manivelle simplifi\u00e9 permet un positionnement pr\u00e9cis du support de manivelle et son mat\u00e9riau polym\u00e8re \u00e0 faible frottement \u00e9limine le besoin de lubrification. Les tol\u00e9rances \u00e9troites et la construction ph\u00e9nolique moul\u00e9e du si\u00e8ge de soupape assurent un fonctionnement plus fluide et minimisent l&#039;usure. Il accueille des guides de soupape externes, qui s&#039;installent facilement dans ce compteur. Notre d\u00e9bitm\u00e8tre \u00e0 membrane r\u00e9volutionnaire et brevet\u00e9 accuWAVE est d\u00e9sormais standard sur le d\u00e9bitm\u00e8tre 415. Cette conception a une dur\u00e9e de vie plus longue, des performances \u00e0 long terme am\u00e9lior\u00e9es, m\u00eame dans des conditions extr\u00eames, une stabilit\u00e9 d&#039;\u00e9preuve exceptionnelle et un co\u00fbt global de dur\u00e9e de vie inf\u00e9rieur.<\/p>\n<p><strong>Avantages:<\/strong><br \/>\n\u2022 R\u00e9duit le co\u00fbt total de possession<br \/>\n\u2022 R\u00e9duit le temps et les co\u00fbts de r\u00e9paration<br \/>\n\u2022 Augmente l&#039;efficacit\u00e9<br \/>\n\u2022 Prolonge la dur\u00e9e de vie<\/p>\n<p><strong>Traits:<\/strong><br \/>\n\u2022 Diaphragme accuWAVE<br \/>\n\u2022 Plage de temp\u00e9rature de fonctionnement\u00a0: -30\u00a0o\u00a0F \u00e0 150\u00a0o\u00a0F<br \/>\n\u2022 Plus grand volume<\/p>\n<p><strong>Caract\u00e9ristiques:<\/strong><\/p>\n<p><strong>Capacit\u00e9 (pi\u00b3\/h):<\/strong><br \/>\n\u2022 Gaz naturel, 415<br \/>\n\u2022 Butane, 225<br \/>\n\u2022 Propane, 260<br \/>\n\u2022 A\u00e9rien, 320<\/p>\n<p><strong>MAOP : 10-25 psi<\/strong><\/p>\n<p><strong>Poids : 21 livres.<\/strong><\/p>\n<p><strong>Connexions:<\/strong><br \/>\n\u2022 20, 30, 45 litres.<br \/>\n\u2022 1 \u00bc, 1A, #2 &amp; #3 Spg.<\/p>\n<p><strong>R\u00e9volutions\u00a0: 6,5 pi\u00b3<\/strong><\/p>\n<p><strong>T\u00e9l\u00e9chargements\u00a0:<\/strong><br \/>\n<a href=\"https:\/\/equipmentcontrols.com\/wp-content\/uploads\/2020\/04\/R-275-R-315-R-415-Data-Sheet.pdf\">R-275 R-315 R-415 Fiche technique<\/a><\/p>","protected":false},"excerpt":{"rendered":"<p>Sensus 415 Diaphragm Meter The 415 is a Class 400 residential, commercial and industrial diaphragm meter that combines the latest design concepts and modern engineering materials. Lighter weight and easy to handle, the 415 is more durable, requires less maintenance and offers greater life expectancy than previous meters in this class. The temperature compensation element [&hellip;]<\/p>\n","protected":false},"featured_media":317,"template":"","meta":[],"product_brand":[],"product_cat":[21,45],"product_tag":[],"class_list":{"0":"post-412","1":"product","2":"type-product","3":"status-publish","4":"has-post-thumbnail","6":"product_cat-gas-meters","7":"product_cat-sensus","9":"first","10":"instock","11":"shipping-taxable","12":"product-type-simple"},"yoast_head":"<!-- This site is optimized with the Yoast SEO Premium plugin v23.9 (Yoast SEO v27.3) - https:\/\/yoast.com\/product\/yoast-seo-premium-wordpress\/ -->\n<title>Sensus 415 - ECCO<\/title>\n<meta name=\"description\" content=\"Sensus 415 Diaphragm MeterThe 415 is a Class 400 residential, commercial and industrial diaphragm meter that combines the latest design concepts and modern engineering materials. Lighter weight and easy to handle, the 415 is more durable, requires less maintenance and offers greater life expectancy than previous meters in this class.\" \/>\n<meta name=\"robots\" content=\"index, follow, max-snippet:-1, max-image-preview:large, max-video-preview:-1\" \/>\n<link rel=\"canonical\" href=\"https:\/\/equipmentcontrols.com\/fr\/produit\/sensus-415-2\/\" \/>\n<meta property=\"og:locale\" content=\"fr_CA\" \/>\n<meta property=\"og:type\" content=\"article\" \/>\n<meta property=\"og:title\" content=\"Sensus 415\" \/>\n<meta property=\"og:description\" content=\"Sensus 415 Diaphragm MeterThe 415 is a Class 400 residential, commercial and industrial diaphragm meter that combines the latest design concepts and modern engineering materials. Lighter weight and easy to handle, the 415 is more durable, requires less maintenance and offers greater life expectancy than previous meters in this class.\" \/>\n<meta property=\"og:url\" content=\"https:\/\/equipmentcontrols.com\/fr\/produit\/sensus-415-2\/\" \/>\n<meta property=\"og:site_name\" content=\"ECCO\" \/>\n<meta property=\"article:modified_time\" content=\"2020-05-01T02:02:19+00:00\" \/>\n<meta property=\"og:image\" content=\"https:\/\/equipmentcontrols.com\/wp-content\/uploads\/2020\/04\/SENSUS2041520Diaphragm20Meter.jpg\" \/>\n\t<meta property=\"og:image:width\" content=\"860\" \/>\n\t<meta property=\"og:image:height\" content=\"860\" \/>\n\t<meta property=\"og:image:type\" content=\"image\/jpeg\" \/>\n<meta name=\"twitter:card\" content=\"summary_large_image\" \/>\n<meta name=\"twitter:label1\" content=\"Estimation du temps de lecture\" \/>\n\t<meta name=\"twitter:data1\" content=\"1 minute\" \/>\n<script type=\"application\/ld+json\" class=\"yoast-schema-graph\">{\"@context\":\"https:\\\/\\\/schema.org\",\"@graph\":[{\"@type\":\"WebPage\",\"@id\":\"https:\\\/\\\/equipmentcontrols.com\\\/product\\\/sensus-415-2\\\/\",\"url\":\"https:\\\/\\\/equipmentcontrols.com\\\/product\\\/sensus-415-2\\\/\",\"name\":\"Sensus 415 - ECCO\",\"isPartOf\":{\"@id\":\"https:\\\/\\\/equipmentcontrols.com\\\/#website\"},\"primaryImageOfPage\":{\"@id\":\"https:\\\/\\\/equipmentcontrols.com\\\/product\\\/sensus-415-2\\\/#primaryimage\"},\"image\":{\"@id\":\"https:\\\/\\\/equipmentcontrols.com\\\/product\\\/sensus-415-2\\\/#primaryimage\"},\"thumbnailUrl\":\"https:\\\/\\\/equipmentcontrols.com\\\/wp-content\\\/uploads\\\/2020\\\/04\\\/SENSUS2041520Diaphragm20Meter.jpg\",\"datePublished\":\"2020-04-24T20:27:51+00:00\",\"dateModified\":\"2020-05-01T02:02:19+00:00\",\"description\":\"Sensus 415 Diaphragm MeterThe 415 is a Class 400 residential, commercial and industrial diaphragm meter that combines the latest design concepts and modern engineering materials. Lighter weight and easy to handle, the 415 is more durable, requires less maintenance and offers greater life expectancy than previous meters in this class.\",\"breadcrumb\":{\"@id\":\"https:\\\/\\\/equipmentcontrols.com\\\/product\\\/sensus-415-2\\\/#breadcrumb\"},\"inLanguage\":\"fr-CA\",\"potentialAction\":[{\"@type\":\"ReadAction\",\"target\":[\"https:\\\/\\\/equipmentcontrols.com\\\/product\\\/sensus-415-2\\\/\"]}]},{\"@type\":\"ImageObject\",\"inLanguage\":\"fr-CA\",\"@id\":\"https:\\\/\\\/equipmentcontrols.com\\\/product\\\/sensus-415-2\\\/#primaryimage\",\"url\":\"https:\\\/\\\/equipmentcontrols.com\\\/wp-content\\\/uploads\\\/2020\\\/04\\\/SENSUS2041520Diaphragm20Meter.jpg\",\"contentUrl\":\"https:\\\/\\\/equipmentcontrols.com\\\/wp-content\\\/uploads\\\/2020\\\/04\\\/SENSUS2041520Diaphragm20Meter.jpg\",\"width\":860,\"height\":860,\"caption\":\"SENSUS2041520Diaphragm20Meter.jpg\"},{\"@type\":\"BreadcrumbList\",\"@id\":\"https:\\\/\\\/equipmentcontrols.com\\\/product\\\/sensus-415-2\\\/#breadcrumb\",\"itemListElement\":[{\"@type\":\"ListItem\",\"position\":1,\"name\":\"Home\",\"item\":\"https:\\\/\\\/equipmentcontrols.com\\\/\"},{\"@type\":\"ListItem\",\"position\":2,\"name\":\"Shop\",\"item\":\"https:\\\/\\\/equipmentcontrols.com\\\/shop\\\/\"},{\"@type\":\"ListItem\",\"position\":3,\"name\":\"Sensus 415\"}]},{\"@type\":\"WebSite\",\"@id\":\"https:\\\/\\\/equipmentcontrols.com\\\/#website\",\"url\":\"https:\\\/\\\/equipmentcontrols.com\\\/\",\"name\":\"ECCO\",\"description\":\"Equipment Controls Company\",\"potentialAction\":[{\"@type\":\"SearchAction\",\"target\":{\"@type\":\"EntryPoint\",\"urlTemplate\":\"https:\\\/\\\/equipmentcontrols.com\\\/?s={search_term_string}\"},\"query-input\":{\"@type\":\"PropertyValueSpecification\",\"valueRequired\":true,\"valueName\":\"search_term_string\"}}],\"inLanguage\":\"fr-CA\"}]}<\/script>\n<!-- \/ Yoast SEO Premium plugin. -->","yoast_head_json":{"title":"Sensus 415 - ECCO","description":"Sensus 415 Diaphragm MeterThe 415 is a Class 400 residential, commercial and industrial diaphragm meter that combines the latest design concepts and modern engineering materials. Lighter weight and easy to handle, the 415 is more durable, requires less maintenance and offers greater life expectancy than previous meters in this class.","robots":{"index":"index","follow":"follow","max-snippet":"max-snippet:-1","max-image-preview":"max-image-preview:large","max-video-preview":"max-video-preview:-1"},"canonical":"https:\/\/equipmentcontrols.com\/fr\/produit\/sensus-415-2\/","og_locale":"fr_CA","og_type":"article","og_title":"Sensus 415","og_description":"Sensus 415 Diaphragm MeterThe 415 is a Class 400 residential, commercial and industrial diaphragm meter that combines the latest design concepts and modern engineering materials. Lighter weight and easy to handle, the 415 is more durable, requires less maintenance and offers greater life expectancy than previous meters in this class.","og_url":"https:\/\/equipmentcontrols.com\/fr\/produit\/sensus-415-2\/","og_site_name":"ECCO","article_modified_time":"2020-05-01T02:02:19+00:00","og_image":[{"width":860,"height":860,"url":"https:\/\/equipmentcontrols.com\/wp-content\/uploads\/2020\/04\/SENSUS2041520Diaphragm20Meter.jpg","type":"image\/jpeg"}],"twitter_card":"summary_large_image","twitter_misc":{"Estimation du temps de lecture":"1 minute"},"schema":{"@context":"https:\/\/schema.org","@graph":[{"@type":"WebPage","@id":"https:\/\/equipmentcontrols.com\/product\/sensus-415-2\/","url":"https:\/\/equipmentcontrols.com\/product\/sensus-415-2\/","name":"Sensus 415 - ECCO","isPartOf":{"@id":"https:\/\/equipmentcontrols.com\/#website"},"primaryImageOfPage":{"@id":"https:\/\/equipmentcontrols.com\/product\/sensus-415-2\/#primaryimage"},"image":{"@id":"https:\/\/equipmentcontrols.com\/product\/sensus-415-2\/#primaryimage"},"thumbnailUrl":"https:\/\/equipmentcontrols.com\/wp-content\/uploads\/2020\/04\/SENSUS2041520Diaphragm20Meter.jpg","datePublished":"2020-04-24T20:27:51+00:00","dateModified":"2020-05-01T02:02:19+00:00","description":"Sensus 415 Diaphragm MeterThe 415 is a Class 400 residential, commercial and industrial diaphragm meter that combines the latest design concepts and modern engineering materials. Lighter weight and easy to handle, the 415 is more durable, requires less maintenance and offers greater life expectancy than previous meters in this class.","breadcrumb":{"@id":"https:\/\/equipmentcontrols.com\/product\/sensus-415-2\/#breadcrumb"},"inLanguage":"fr-CA","potentialAction":[{"@type":"ReadAction","target":["https:\/\/equipmentcontrols.com\/product\/sensus-415-2\/"]}]},{"@type":"ImageObject","inLanguage":"fr-CA","@id":"https:\/\/equipmentcontrols.com\/product\/sensus-415-2\/#primaryimage","url":"https:\/\/equipmentcontrols.com\/wp-content\/uploads\/2020\/04\/SENSUS2041520Diaphragm20Meter.jpg","contentUrl":"https:\/\/equipmentcontrols.com\/wp-content\/uploads\/2020\/04\/SENSUS2041520Diaphragm20Meter.jpg","width":860,"height":860,"caption":"SENSUS2041520Diaphragm20Meter.jpg"},{"@type":"BreadcrumbList","@id":"https:\/\/equipmentcontrols.com\/product\/sensus-415-2\/#breadcrumb","itemListElement":[{"@type":"ListItem","position":1,"name":"Home","item":"https:\/\/equipmentcontrols.com\/"},{"@type":"ListItem","position":2,"name":"Shop","item":"https:\/\/equipmentcontrols.com\/shop\/"},{"@type":"ListItem","position":3,"name":"Sensus 415"}]},{"@type":"WebSite","@id":"https:\/\/equipmentcontrols.com\/#website","url":"https:\/\/equipmentcontrols.com\/","name":"ECCO","description":"Compagnie de contr\u00f4le d&#039;\u00e9quipement","potentialAction":[{"@type":"SearchAction","target":{"@type":"EntryPoint","urlTemplate":"https:\/\/equipmentcontrols.com\/?s={search_term_string}"},"query-input":{"@type":"PropertyValueSpecification","valueRequired":true,"valueName":"search_term_string"}}],"inLanguage":"fr-CA"}]}},"_links":{"self":[{"href":"https:\/\/equipmentcontrols.com\/fr\/wp-json\/wp\/v2\/product\/412","targetHints":{"allow":["GET"]}}],"collection":[{"href":"https:\/\/equipmentcontrols.com\/fr\/wp-json\/wp\/v2\/product"}],"about":[{"href":"https:\/\/equipmentcontrols.com\/fr\/wp-json\/wp\/v2\/types\/product"}],"wp:featuredmedia":[{"embeddable":true,"href":"https:\/\/equipmentcontrols.com\/fr\/wp-json\/wp\/v2\/media\/317"}],"wp:attachment":[{"href":"https:\/\/equipmentcontrols.com\/fr\/wp-json\/wp\/v2\/media?parent=412"}],"wp:term":[{"taxonomy":"product_brand","embeddable":true,"href":"https:\/\/equipmentcontrols.com\/fr\/wp-json\/wp\/v2\/product_brand?post=412"},{"taxonomy":"product_cat","embeddable":true,"href":"https:\/\/equipmentcontrols.com\/fr\/wp-json\/wp\/v2\/product_cat?post=412"},{"taxonomy":"product_tag","embeddable":true,"href":"https:\/\/equipmentcontrols.com\/fr\/wp-json\/wp\/v2\/product_tag?post=412"}],"curies":[{"name":"wp","href":"https:\/\/api.w.org\/{rel}","templated":true}]}}