{"id":410,"date":"2020-04-24T20:27:51","date_gmt":"2020-04-24T20:27:51","guid":{"rendered":"https:\/\/econtrols.stagemysite.com\/product\/sonix-iq-2\/"},"modified":"2024-01-11T19:20:48","modified_gmt":"2024-01-11T19:20:48","slug":"sonix-iq-2","status":"publish","type":"product","link":"https:\/\/equipmentcontrols.com\/fr\/produit\/sonix-iq-2\/","title":{"rendered":"Sonix IQ"},"content":{"rendered":"<p><strong>Sonix IQ Ultrasonic Meter: <\/strong><strong>Des performances sans pr\u00e9c\u00e9dent gr\u00e2ce \u00e0 un appareil ultrasonique \u00e9l\u00e9gant.<\/strong><\/p>\n<p>Sonix IQ fournit la pr\u00e9cision extr\u00eame de la mesure par ultrasons pour le comptage de gaz r\u00e9sidentiel. Con\u00e7u pour r\u00e9pondre aux normes rigoureuses requises pour les installations ext\u00e9rieures en Am\u00e9rique du Nord, ce compteur \u00e0 semi-conducteurs n&#039;a aucune pi\u00e8ce mobile \u00e0 remplacer ou \u00e0 s&#039;user avec le temps. Il b\u00e9n\u00e9ficie d&#039;une m\u00e9trologie \u00e0 double classe; le m\u00eame compteur de taille peut couvrir les besoins de 250 CFH ou 425 CFH. Et avec une radio FlexNet\u00ae disponible int\u00e9gr\u00e9e \u00e0 l&#039;int\u00e9rieur du bo\u00eetier du compteur - le Sonix IQ offre une valeur ajout\u00e9e dans un format compact.<\/p>\n<p><strong>Avantages:<\/strong><br \/>\n\u2022 Encombrement compact pour s&#039;adapter n&#039;importe o\u00f9<br \/>\n\u2022 Communications bidirectionnelles en cas d&#039;utilisation avec un r\u00e9seau de communication Sensus FlexNet\u00ae<br \/>\n\u2022 Prend en charge les radios tierces<br \/>\n\u2022 Contr\u00f4les de sant\u00e9 continus via des alertes et des alarmes de s\u00e9curit\u00e9<br \/>\n\u2022 Planification simplifi\u00e9e de la gestion des actifs et r\u00e9duction des co\u00fbts gr\u00e2ce \u00e0 la construction \u00e0 semi-conducteurs, au module de communication int\u00e9gr\u00e9 et \u00e0 la dur\u00e9e de vie prolong\u00e9e de la batterie de 20\u00a0ans<\/p>\n<p><strong>Traits:<\/strong><br \/>\n\u2022 M\u00e9trologie \u00e0 double classe\u00a0: 250\u00a0CFH ou 425\u00a0CFH<br \/>\n\u2022 Journaux de donn\u00e9es horaires de 90\u00a0jours<br \/>\n\u2022 D\u00e9tection de vol et de sabotage int\u00e9gr\u00e9e<br \/>\n\u2022 Sortie d&#039;impulsion disponible<br \/>\n\u2022 Capacit\u00e9 FlexNet en option<\/p>\n<p><strong>Caract\u00e9ristiques:<\/strong><br \/>\n<strong>Capacit\u00e9:<\/strong><br \/>\n\u2022 250 cfh \u00e0 \u00bd&quot; diff\u00e9rentiel 425 cfh \u00e0 \u00bd&quot; diff\u00e9rentiel<\/p>\n<p><strong>Connexions:<\/strong><br \/>\n\u2022 Toutes les connexions disponibles sont sur 6 po (152 mm) centre \u00e0 centre. Montage recommand\u00e9 avec connexions vers le haut<\/p>\n<p><strong>Dimensions (moyennes) :<\/strong><br \/>\n\u2022\u00a0252,5\u00a0mm L x 111,3\u00a0mm l x 200,4\u00a0mm H (9,94\u00a0pouces\u00a0L x 4,38\u00a0pouces lx 7,89\u00a0pouces H)<\/p>\n<p><strong>Lester:<\/strong><br \/>\n\u2022 6,3\u00a0lb (2,86\u00a0kg)<\/p>\n<p><strong>Pr\u00e9cision:<\/strong><br \/>\n\u2022 Conforme \u00e0 ANSI B109.1, PS-G-06<\/p>\n<p><strong>SECURITE INTRINSEQUE:<\/strong><br \/>\n\u2022 Classe 1 Division 2, Groupe D T4. CSA C22.2 No 213 Classe 1 Division 1, Mesures Canada en attente<\/p>\n<p><strong>T\u00e9l\u00e9chargements\u00a0:<\/strong><br \/>\n<a href=\"https:\/\/equipmentcontrols.com\/wp-content\/uploads\/2020\/09\/Sonix-IQ-datasheet.pdf\">Fiche technique Sonix IQ<\/a><br \/>\n<a href=\"https:\/\/equipmentcontrols.com\/wp-content\/uploads\/2020\/04\/Sensus-Gas-Products-Catalog-04-13-20.pdf\">Brochure produit Sensus Gaz<\/a><\/p>","protected":false},"excerpt":{"rendered":"<p>Sonix IQ Ultrasonic Meter: Unprecedented performance from a sleek, ultrasonic standout. Sonix IQ provides the pinpoint accuracy of ultrasonic measurement for residential gas metering. Designed to meet rigorous standards required for outdoor installations in North America, this solid state meter has no moving parts to replace or wear out over time. It boasts dual-class metrology; [&hellip;]<\/p>\n","protected":false},"featured_media":313,"template":"","meta":[],"product_brand":[],"product_cat":[41,21,45,61],"product_tag":[],"class_list":{"0":"post-410","1":"product","2":"type-product","3":"status-publish","4":"has-post-thumbnail","6":"product_cat-ami","7":"product_cat-gas-meters","8":"product_cat-sensus","9":"product_cat-sensus-flexnet","11":"first","12":"instock","13":"shipping-taxable","14":"product-type-simple"},"yoast_head":"<!-- This site is optimized with the Yoast SEO Premium plugin v23.9 (Yoast SEO v27.3) - https:\/\/yoast.com\/product\/yoast-seo-premium-wordpress\/ -->\n<title>Sonix IQ - ECCO<\/title>\n<meta name=\"robots\" content=\"index, follow, max-snippet:-1, max-image-preview:large, max-video-preview:-1\" \/>\n<link rel=\"canonical\" href=\"https:\/\/equipmentcontrols.com\/fr\/produit\/sonix-iq-2\/\" \/>\n<meta property=\"og:locale\" content=\"fr_CA\" \/>\n<meta property=\"og:type\" content=\"article\" \/>\n<meta property=\"og:title\" content=\"Sonix IQ\" \/>\n<meta property=\"og:description\" content=\"Sonix IQ Ultrasonic Meter: Unprecedented performance from a sleek, ultrasonic standout. Sonix IQ provides the pinpoint accuracy of ultrasonic measurement for residential gas metering. Designed to meet rigorous standards required for outdoor installations in North America, this solid state meter has no moving parts to replace or wear out over time. It boasts dual-class metrology; [&hellip;]\" \/>\n<meta property=\"og:url\" content=\"https:\/\/equipmentcontrols.com\/fr\/produit\/sonix-iq-2\/\" \/>\n<meta property=\"og:site_name\" content=\"ECCO\" \/>\n<meta property=\"article:modified_time\" content=\"2024-01-11T19:20:48+00:00\" \/>\n<meta property=\"og:image\" content=\"https:\/\/equipmentcontrols.com\/wp-content\/uploads\/2020\/04\/SENSUS20SonixIQ20Meter.jpg\" \/>\n\t<meta property=\"og:image:width\" content=\"860\" \/>\n\t<meta property=\"og:image:height\" content=\"860\" \/>\n\t<meta property=\"og:image:type\" content=\"image\/jpeg\" \/>\n<meta name=\"twitter:card\" content=\"summary_large_image\" \/>\n<meta name=\"twitter:label1\" content=\"Estimation du temps de lecture\" \/>\n\t<meta name=\"twitter:data1\" content=\"2 minutes\" \/>\n<script type=\"application\/ld+json\" class=\"yoast-schema-graph\">{\"@context\":\"https:\\\/\\\/schema.org\",\"@graph\":[{\"@type\":\"WebPage\",\"@id\":\"https:\\\/\\\/equipmentcontrols.com\\\/product\\\/sonix-iq-2\\\/\",\"url\":\"https:\\\/\\\/equipmentcontrols.com\\\/product\\\/sonix-iq-2\\\/\",\"name\":\"Sonix IQ - ECCO\",\"isPartOf\":{\"@id\":\"https:\\\/\\\/equipmentcontrols.com\\\/#website\"},\"primaryImageOfPage\":{\"@id\":\"https:\\\/\\\/equipmentcontrols.com\\\/product\\\/sonix-iq-2\\\/#primaryimage\"},\"image\":{\"@id\":\"https:\\\/\\\/equipmentcontrols.com\\\/product\\\/sonix-iq-2\\\/#primaryimage\"},\"thumbnailUrl\":\"https:\\\/\\\/equipmentcontrols.com\\\/wp-content\\\/uploads\\\/2020\\\/04\\\/SENSUS20SonixIQ20Meter.jpg\",\"datePublished\":\"2020-04-24T20:27:51+00:00\",\"dateModified\":\"2024-01-11T19:20:48+00:00\",\"breadcrumb\":{\"@id\":\"https:\\\/\\\/equipmentcontrols.com\\\/product\\\/sonix-iq-2\\\/#breadcrumb\"},\"inLanguage\":\"fr-CA\",\"potentialAction\":[{\"@type\":\"ReadAction\",\"target\":[\"https:\\\/\\\/equipmentcontrols.com\\\/product\\\/sonix-iq-2\\\/\"]}]},{\"@type\":\"ImageObject\",\"inLanguage\":\"fr-CA\",\"@id\":\"https:\\\/\\\/equipmentcontrols.com\\\/product\\\/sonix-iq-2\\\/#primaryimage\",\"url\":\"https:\\\/\\\/equipmentcontrols.com\\\/wp-content\\\/uploads\\\/2020\\\/04\\\/SENSUS20SonixIQ20Meter.jpg\",\"contentUrl\":\"https:\\\/\\\/equipmentcontrols.com\\\/wp-content\\\/uploads\\\/2020\\\/04\\\/SENSUS20SonixIQ20Meter.jpg\",\"width\":860,\"height\":860,\"caption\":\"SENSUS20SonixIQ20Meter\"},{\"@type\":\"BreadcrumbList\",\"@id\":\"https:\\\/\\\/equipmentcontrols.com\\\/product\\\/sonix-iq-2\\\/#breadcrumb\",\"itemListElement\":[{\"@type\":\"ListItem\",\"position\":1,\"name\":\"Home\",\"item\":\"https:\\\/\\\/equipmentcontrols.com\\\/\"},{\"@type\":\"ListItem\",\"position\":2,\"name\":\"Shop\",\"item\":\"https:\\\/\\\/equipmentcontrols.com\\\/shop\\\/\"},{\"@type\":\"ListItem\",\"position\":3,\"name\":\"Sonix IQ\"}]},{\"@type\":\"WebSite\",\"@id\":\"https:\\\/\\\/equipmentcontrols.com\\\/#website\",\"url\":\"https:\\\/\\\/equipmentcontrols.com\\\/\",\"name\":\"ECCO\",\"description\":\"Equipment Controls Company\",\"potentialAction\":[{\"@type\":\"SearchAction\",\"target\":{\"@type\":\"EntryPoint\",\"urlTemplate\":\"https:\\\/\\\/equipmentcontrols.com\\\/?s={search_term_string}\"},\"query-input\":{\"@type\":\"PropertyValueSpecification\",\"valueRequired\":true,\"valueName\":\"search_term_string\"}}],\"inLanguage\":\"fr-CA\"}]}<\/script>\n<!-- \/ Yoast SEO Premium plugin. -->","yoast_head_json":{"title":"Sonix IQ - ECCO","robots":{"index":"index","follow":"follow","max-snippet":"max-snippet:-1","max-image-preview":"max-image-preview:large","max-video-preview":"max-video-preview:-1"},"canonical":"https:\/\/equipmentcontrols.com\/fr\/produit\/sonix-iq-2\/","og_locale":"fr_CA","og_type":"article","og_title":"Sonix IQ","og_description":"Sonix IQ Ultrasonic Meter: Unprecedented performance from a sleek, ultrasonic standout. Sonix IQ provides the pinpoint accuracy of ultrasonic measurement for residential gas metering. Designed to meet rigorous standards required for outdoor installations in North America, this solid state meter has no moving parts to replace or wear out over time. It boasts dual-class metrology; [&hellip;]","og_url":"https:\/\/equipmentcontrols.com\/fr\/produit\/sonix-iq-2\/","og_site_name":"ECCO","article_modified_time":"2024-01-11T19:20:48+00:00","og_image":[{"width":860,"height":860,"url":"https:\/\/equipmentcontrols.com\/wp-content\/uploads\/2020\/04\/SENSUS20SonixIQ20Meter.jpg","type":"image\/jpeg"}],"twitter_card":"summary_large_image","twitter_misc":{"Estimation du temps de lecture":"2 minutes"},"schema":{"@context":"https:\/\/schema.org","@graph":[{"@type":"WebPage","@id":"https:\/\/equipmentcontrols.com\/product\/sonix-iq-2\/","url":"https:\/\/equipmentcontrols.com\/product\/sonix-iq-2\/","name":"Sonix IQ - ECCO","isPartOf":{"@id":"https:\/\/equipmentcontrols.com\/#website"},"primaryImageOfPage":{"@id":"https:\/\/equipmentcontrols.com\/product\/sonix-iq-2\/#primaryimage"},"image":{"@id":"https:\/\/equipmentcontrols.com\/product\/sonix-iq-2\/#primaryimage"},"thumbnailUrl":"https:\/\/equipmentcontrols.com\/wp-content\/uploads\/2020\/04\/SENSUS20SonixIQ20Meter.jpg","datePublished":"2020-04-24T20:27:51+00:00","dateModified":"2024-01-11T19:20:48+00:00","breadcrumb":{"@id":"https:\/\/equipmentcontrols.com\/product\/sonix-iq-2\/#breadcrumb"},"inLanguage":"fr-CA","potentialAction":[{"@type":"ReadAction","target":["https:\/\/equipmentcontrols.com\/product\/sonix-iq-2\/"]}]},{"@type":"ImageObject","inLanguage":"fr-CA","@id":"https:\/\/equipmentcontrols.com\/product\/sonix-iq-2\/#primaryimage","url":"https:\/\/equipmentcontrols.com\/wp-content\/uploads\/2020\/04\/SENSUS20SonixIQ20Meter.jpg","contentUrl":"https:\/\/equipmentcontrols.com\/wp-content\/uploads\/2020\/04\/SENSUS20SonixIQ20Meter.jpg","width":860,"height":860,"caption":"SENSUS20SonixIQ20Meter"},{"@type":"BreadcrumbList","@id":"https:\/\/equipmentcontrols.com\/product\/sonix-iq-2\/#breadcrumb","itemListElement":[{"@type":"ListItem","position":1,"name":"Home","item":"https:\/\/equipmentcontrols.com\/"},{"@type":"ListItem","position":2,"name":"Shop","item":"https:\/\/equipmentcontrols.com\/shop\/"},{"@type":"ListItem","position":3,"name":"Sonix IQ"}]},{"@type":"WebSite","@id":"https:\/\/equipmentcontrols.com\/#website","url":"https:\/\/equipmentcontrols.com\/","name":"ECCO","description":"Compagnie de contr\u00f4le d&#039;\u00e9quipement","potentialAction":[{"@type":"SearchAction","target":{"@type":"EntryPoint","urlTemplate":"https:\/\/equipmentcontrols.com\/?s={search_term_string}"},"query-input":{"@type":"PropertyValueSpecification","valueRequired":true,"valueName":"search_term_string"}}],"inLanguage":"fr-CA"}]}},"_links":{"self":[{"href":"https:\/\/equipmentcontrols.com\/fr\/wp-json\/wp\/v2\/product\/410","targetHints":{"allow":["GET"]}}],"collection":[{"href":"https:\/\/equipmentcontrols.com\/fr\/wp-json\/wp\/v2\/product"}],"about":[{"href":"https:\/\/equipmentcontrols.com\/fr\/wp-json\/wp\/v2\/types\/product"}],"wp:featuredmedia":[{"embeddable":true,"href":"https:\/\/equipmentcontrols.com\/fr\/wp-json\/wp\/v2\/media\/313"}],"wp:attachment":[{"href":"https:\/\/equipmentcontrols.com\/fr\/wp-json\/wp\/v2\/media?parent=410"}],"wp:term":[{"taxonomy":"product_brand","embeddable":true,"href":"https:\/\/equipmentcontrols.com\/fr\/wp-json\/wp\/v2\/product_brand?post=410"},{"taxonomy":"product_cat","embeddable":true,"href":"https:\/\/equipmentcontrols.com\/fr\/wp-json\/wp\/v2\/product_cat?post=410"},{"taxonomy":"product_tag","embeddable":true,"href":"https:\/\/equipmentcontrols.com\/fr\/wp-json\/wp\/v2\/product_tag?post=410"}],"curies":[{"name":"wp","href":"https:\/\/api.w.org\/{rel}","templated":true}]}}