{"id":408,"date":"2020-04-24T20:26:51","date_gmt":"2020-04-24T20:26:51","guid":{"rendered":"https:\/\/econtrols.stagemysite.com\/product\/sensus-smart-gateway-sensor-interface-2\/"},"modified":"2023-08-22T13:32:00","modified_gmt":"2023-08-22T13:32:00","slug":"sensus-smart-gateway-sensor-interface-2","status":"publish","type":"product","link":"https:\/\/equipmentcontrols.com\/fr\/produit\/sensus-smart-gateway-sensor-interface-2\/","title":{"rendered":"Interface de capteur de passerelle intelligente SENSUS"},"content":{"rendered":"<p><strong>Interface de capteur de passerelle intelligente SENSUS<\/strong><\/p>\n<p><strong>G\u00e9rez vos actifs o\u00f9 qu&#039;ils se trouvent<\/strong><\/p>\n<p>Vous avez besoin de donn\u00e9es opportunes pour prendre des d\u00e9cisions critiques et rapides pour votre communaut\u00e9. Avec une interface de capteur Sensus\u00ae Smart Gateway aliment\u00e9e par batterie, les services publics de gaz et d&#039;eau peuvent se connecter \u00e0 une vari\u00e9t\u00e9 d&#039;applications dans tous les endroits, m\u00eame dans les zones o\u00f9 aucune alimentation ou communication terrestre n&#039;est disponible.<\/p>\n<p>Gr\u00e2ce au r\u00e9seau de communication FlexNet\u00ae, vous pouvez utiliser l&#039;application d&#039;interface pour surveiller \u00e0 distance les pressions, les temp\u00e9ratures, les niveaux et les commutateurs. Vous pouvez \u00e9galement r\u00e9soudre rapidement les probl\u00e8mes en transmettant et en transf\u00e9rant les alarmes aux syst\u00e8mes de services publics ou aux particuliers. De plus, vous pouvez analyser les donn\u00e9es que vous avez stock\u00e9es au fil du temps pour d\u00e9velopper de nouvelles informations sur vos conditions de fonctionnement.<\/p>\n<p>L&#039;interface du capteur est flexible. Il dispose de deux entr\u00e9es analogiques 4-20 mA et de deux entr\u00e9es discr\u00e8tes, ce qui le rend id\u00e9al pour un certain nombre d&#039;applications possibles. Cet appareil \u00e9conomique vous donne le pouvoir de recueillir des informations auparavant trop difficiles \u00e0 capturer.<\/p>\n<p><strong>Avantages:<\/strong><br \/>\n<strong>\u2022 Am\u00e9liore les performances op\u00e9rationnelles de votre syst\u00e8me<\/strong><br \/>\nPermet une maintenance proactive et pr\u00e9ventive<br \/>\nPermet une r\u00e9solution rapide des pannes d&#039;\u00e9quipement<br \/>\nR\u00e9duit le besoin de d\u00e9ployer des \u00e9quipes sur le terrain<br \/>\n<strong>\u2022 Maximise votre retour sur investissement<\/strong><br \/>\nCompl\u00e8te le syst\u00e8me SCADA existant<br \/>\nTire parti du r\u00e9seau FlexNet existant<br \/>\nAucune infrastructure de ligne \u00e9lectrique suppl\u00e9mentaire n&#039;est n\u00e9cessaire<br \/>\n<strong>\u2022 Emp\u00eache le vol et la falsification et am\u00e9liore la s\u00e9curit\u00e9 en communiquant des alarmes configur\u00e9es par l&#039;utilisateur<\/strong><br \/>\n<strong>\u2022 Facilite une installation flexible et \u00e9volutive \u00e0 travers votre syst\u00e8me, y compris les sites distants<\/strong><br \/>\n<strong>\u2022 Capture et enregistre de mani\u00e8re rentable des donn\u00e9es volumineuses<\/strong><\/p>\n<p><strong>Traits:<\/strong><br \/>\n\u2022 Aliment\u00e9 par pile<br \/>\n\u2022 R\u00e9seau FlexNet activ\u00e9<br \/>\n\u2022 Deux entr\u00e9es analogiques 4-20\u00a0mA, 2\u00a0fils et deux entr\u00e9es discr\u00e8tes par unit\u00e9<br \/>\n\u2022 \u00c9chantillonnage de donn\u00e9es de 15\u00a0minutes rapport\u00e9 quatre fois par jour<br \/>\n\u2022 Emballage IP66 pour les applications ext\u00e9rieures<br \/>\n\u2022 Languettes de montage pour montage sur tuyau ou poteau<br \/>\n\u2022 Classe de s\u00e9curit\u00e9 intrins\u00e8que 1 Div. 2<br \/>\n\u2022 Sans entretien pendant toute la dur\u00e9e de vie du produit<br \/>\n\u2022 Interfaces avec d&#039;autres infrastructures syst\u00e8me telles que CMEP et Multispeak<br \/>\n\u2022 Garantie un an<\/p>\n<p><strong>Caract\u00e9ristiques:<\/strong><br \/>\n\u2022\u00a0Dimensions\u00a0: largeur\u00a0: 6,4\u00a0pouces\u00a0x hauteur\u00a0: 4\u00a0pouces\u00a0x profondeur\u00a0: 2,8\u00a0pouces<br \/>\n\u2022 Poids\u00a0: 1,5\u00a0lb.<br \/>\n\u2022 Gamme de fr\u00e9quences\u00a0: 900-950\u00a0MHz, 8\u00a0000\u00a0canaux x 6,25\u00a0kHz<br \/>\n\u2022 Modulation\u00a0: bande de fr\u00e9quence propri\u00e9taire<br \/>\n\u2022 Environnement d&#039;installation\u00a0: con\u00e7u pour une installation sur un poteau ou un tuyau o\u00f9 il n&#039;est pas soumis \u00e0 l&#039;immersion dans l&#039;eau<br \/>\n\u2022 Temp\u00e9rature de fonctionnement\u00a0:<br \/>\n\u2022 -22\u00a0\u00b0F \u00e0 +185\u00a0\u00b0F<br \/>\n\u2022 -30\u00a0\u00b0C \u00e0 +85\u00a0\u00b0C<\/p>\n<p><strong>T\u00e9l\u00e9chargements\u00a0:<\/strong><br \/>\n<a href=\"https:\/\/equipmentcontrols.com\/wp-content\/uploads\/2020\/04\/Sensus-Smart-Gateway-Data-Sheet.pdf\">Fiche technique de la passerelle intelligente Sensus<\/a><\/p>\n<p><a href=\"https:\/\/equipmentcontrols.com\/wp-content\/uploads\/2020\/04\/Sensus-Gas-Products-Catalog-04-13-20.pdf\">Brochure sur les produits de gaz Sensus<\/a><\/p>","protected":false},"excerpt":{"rendered":"<p>A proactive solution for monitoring your sewer lift stations, water, and natural gas piping for pressure, fluid levels, open or closed gates\/doors, the Smart Gateway gives you increased monitoring capabilities.<\/p>","protected":false},"featured_media":328,"template":"","meta":[],"product_brand":[],"product_cat":[41,61],"product_tag":[157,57,156],"class_list":{"0":"post-408","1":"product","2":"type-product","3":"status-publish","4":"has-post-thumbnail","6":"product_cat-ami","7":"product_cat-sensus-flexnet","8":"product_tag-flexnet","9":"product_tag-sensus","10":"product_tag-smart-gateway","12":"first","13":"instock","14":"shipping-taxable","15":"product-type-simple"},"yoast_head":"<!-- This site is optimized with the Yoast SEO Premium plugin v23.9 (Yoast SEO v27.2) - https:\/\/yoast.com\/product\/yoast-seo-premium-wordpress\/ -->\n<title>SENSUS Smart Gateway Sensor Interface - ECCO<\/title>\n<meta name=\"description\" content=\"Sensus Smart Gateway Sensor is a proactive solution for monitoring sewer lift stations, water, and natural gas piping; monitoring critical infrastructure.\" \/>\n<meta name=\"robots\" content=\"index, follow, max-snippet:-1, max-image-preview:large, max-video-preview:-1\" \/>\n<link rel=\"canonical\" href=\"https:\/\/equipmentcontrols.com\/fr\/produit\/sensus-smart-gateway-sensor-interface-2\/\" \/>\n<meta property=\"og:locale\" content=\"fr_CA\" \/>\n<meta property=\"og:type\" content=\"article\" \/>\n<meta property=\"og:title\" content=\"SENSUS Smart Gateway Sensor Interface\" \/>\n<meta property=\"og:description\" content=\"Sensus Smart Gateway Sensor is a proactive solution for monitoring sewer lift stations, water, and natural gas piping; monitoring critical infrastructure.\" \/>\n<meta property=\"og:url\" content=\"https:\/\/equipmentcontrols.com\/fr\/produit\/sensus-smart-gateway-sensor-interface-2\/\" \/>\n<meta property=\"og:site_name\" content=\"ECCO\" \/>\n<meta property=\"article:modified_time\" content=\"2023-08-22T13:32:00+00:00\" \/>\n<meta property=\"og:image\" content=\"https:\/\/equipmentcontrols.com\/wp-content\/uploads\/2020\/04\/SENSUS20Smart20Gateway20Sensor20Interface.jpg\" \/>\n\t<meta property=\"og:image:width\" content=\"860\" \/>\n\t<meta property=\"og:image:height\" content=\"860\" \/>\n\t<meta property=\"og:image:type\" content=\"image\/jpeg\" \/>\n<meta name=\"twitter:card\" content=\"summary_large_image\" \/>\n<meta name=\"twitter:label1\" content=\"Estimation du temps de lecture\" \/>\n\t<meta name=\"twitter:data1\" content=\"2 minutes\" \/>\n<script type=\"application\/ld+json\" class=\"yoast-schema-graph\">{\"@context\":\"https:\/\/schema.org\",\"@graph\":[{\"@type\":\"WebPage\",\"@id\":\"https:\/\/equipmentcontrols.com\/product\/sensus-smart-gateway-sensor-interface-2\/\",\"url\":\"https:\/\/equipmentcontrols.com\/product\/sensus-smart-gateway-sensor-interface-2\/\",\"name\":\"SENSUS Smart Gateway Sensor Interface - ECCO\",\"isPartOf\":{\"@id\":\"https:\/\/equipmentcontrols.com\/#website\"},\"primaryImageOfPage\":{\"@id\":\"https:\/\/equipmentcontrols.com\/product\/sensus-smart-gateway-sensor-interface-2\/#primaryimage\"},\"image\":{\"@id\":\"https:\/\/equipmentcontrols.com\/product\/sensus-smart-gateway-sensor-interface-2\/#primaryimage\"},\"thumbnailUrl\":\"https:\/\/equipmentcontrols.com\/wp-content\/uploads\/2020\/04\/SENSUS20Smart20Gateway20Sensor20Interface.jpg\",\"datePublished\":\"2020-04-24T20:26:51+00:00\",\"dateModified\":\"2023-08-22T13:32:00+00:00\",\"description\":\"Sensus Smart Gateway Sensor is a proactive solution for monitoring sewer lift stations, water, and natural gas piping; monitoring critical infrastructure.\",\"breadcrumb\":{\"@id\":\"https:\/\/equipmentcontrols.com\/product\/sensus-smart-gateway-sensor-interface-2\/#breadcrumb\"},\"inLanguage\":\"fr-CA\",\"potentialAction\":[{\"@type\":\"ReadAction\",\"target\":[\"https:\/\/equipmentcontrols.com\/product\/sensus-smart-gateway-sensor-interface-2\/\"]}]},{\"@type\":\"ImageObject\",\"inLanguage\":\"fr-CA\",\"@id\":\"https:\/\/equipmentcontrols.com\/product\/sensus-smart-gateway-sensor-interface-2\/#primaryimage\",\"url\":\"https:\/\/equipmentcontrols.com\/wp-content\/uploads\/2020\/04\/SENSUS20Smart20Gateway20Sensor20Interface.jpg\",\"contentUrl\":\"https:\/\/equipmentcontrols.com\/wp-content\/uploads\/2020\/04\/SENSUS20Smart20Gateway20Sensor20Interface.jpg\",\"width\":860,\"height\":860,\"caption\":\"SENSUS20Smart20Gateway20Sensor20Interface\"},{\"@type\":\"BreadcrumbList\",\"@id\":\"https:\/\/equipmentcontrols.com\/product\/sensus-smart-gateway-sensor-interface-2\/#breadcrumb\",\"itemListElement\":[{\"@type\":\"ListItem\",\"position\":1,\"name\":\"Home\",\"item\":\"https:\/\/equipmentcontrols.com\/\"},{\"@type\":\"ListItem\",\"position\":2,\"name\":\"Shop\",\"item\":\"https:\/\/equipmentcontrols.com\/shop\/\"},{\"@type\":\"ListItem\",\"position\":3,\"name\":\"SENSUS Smart Gateway Sensor Interface\"}]},{\"@type\":\"WebSite\",\"@id\":\"https:\/\/equipmentcontrols.com\/#website\",\"url\":\"https:\/\/equipmentcontrols.com\/\",\"name\":\"ECCO\",\"description\":\"Equipment Controls Company\",\"potentialAction\":[{\"@type\":\"SearchAction\",\"target\":{\"@type\":\"EntryPoint\",\"urlTemplate\":\"https:\/\/equipmentcontrols.com\/?s={search_term_string}\"},\"query-input\":{\"@type\":\"PropertyValueSpecification\",\"valueRequired\":true,\"valueName\":\"search_term_string\"}}],\"inLanguage\":\"fr-CA\"}]}<\/script>\n<!-- \/ Yoast SEO Premium plugin. -->","yoast_head_json":{"title":"SENSUS Smart Gateway Sensor Interface - ECCO","description":"Sensus Smart Gateway Sensor is a proactive solution for monitoring sewer lift stations, water, and natural gas piping; monitoring critical infrastructure.","robots":{"index":"index","follow":"follow","max-snippet":"max-snippet:-1","max-image-preview":"max-image-preview:large","max-video-preview":"max-video-preview:-1"},"canonical":"https:\/\/equipmentcontrols.com\/fr\/produit\/sensus-smart-gateway-sensor-interface-2\/","og_locale":"fr_CA","og_type":"article","og_title":"SENSUS Smart Gateway Sensor Interface","og_description":"Sensus Smart Gateway Sensor is a proactive solution for monitoring sewer lift stations, water, and natural gas piping; monitoring critical infrastructure.","og_url":"https:\/\/equipmentcontrols.com\/fr\/produit\/sensus-smart-gateway-sensor-interface-2\/","og_site_name":"ECCO","article_modified_time":"2023-08-22T13:32:00+00:00","og_image":[{"width":860,"height":860,"url":"https:\/\/equipmentcontrols.com\/wp-content\/uploads\/2020\/04\/SENSUS20Smart20Gateway20Sensor20Interface.jpg","type":"image\/jpeg"}],"twitter_card":"summary_large_image","twitter_misc":{"Estimation du temps de lecture":"2 minutes"},"schema":{"@context":"https:\/\/schema.org","@graph":[{"@type":"WebPage","@id":"https:\/\/equipmentcontrols.com\/product\/sensus-smart-gateway-sensor-interface-2\/","url":"https:\/\/equipmentcontrols.com\/product\/sensus-smart-gateway-sensor-interface-2\/","name":"SENSUS Smart Gateway Sensor Interface - ECCO","isPartOf":{"@id":"https:\/\/equipmentcontrols.com\/#website"},"primaryImageOfPage":{"@id":"https:\/\/equipmentcontrols.com\/product\/sensus-smart-gateway-sensor-interface-2\/#primaryimage"},"image":{"@id":"https:\/\/equipmentcontrols.com\/product\/sensus-smart-gateway-sensor-interface-2\/#primaryimage"},"thumbnailUrl":"https:\/\/equipmentcontrols.com\/wp-content\/uploads\/2020\/04\/SENSUS20Smart20Gateway20Sensor20Interface.jpg","datePublished":"2020-04-24T20:26:51+00:00","dateModified":"2023-08-22T13:32:00+00:00","description":"Sensus Smart Gateway Sensor is a proactive solution for monitoring sewer lift stations, water, and natural gas piping; monitoring critical infrastructure.","breadcrumb":{"@id":"https:\/\/equipmentcontrols.com\/product\/sensus-smart-gateway-sensor-interface-2\/#breadcrumb"},"inLanguage":"fr-CA","potentialAction":[{"@type":"ReadAction","target":["https:\/\/equipmentcontrols.com\/product\/sensus-smart-gateway-sensor-interface-2\/"]}]},{"@type":"ImageObject","inLanguage":"fr-CA","@id":"https:\/\/equipmentcontrols.com\/product\/sensus-smart-gateway-sensor-interface-2\/#primaryimage","url":"https:\/\/equipmentcontrols.com\/wp-content\/uploads\/2020\/04\/SENSUS20Smart20Gateway20Sensor20Interface.jpg","contentUrl":"https:\/\/equipmentcontrols.com\/wp-content\/uploads\/2020\/04\/SENSUS20Smart20Gateway20Sensor20Interface.jpg","width":860,"height":860,"caption":"SENSUS20Smart20Gateway20Sensor20Interface"},{"@type":"BreadcrumbList","@id":"https:\/\/equipmentcontrols.com\/product\/sensus-smart-gateway-sensor-interface-2\/#breadcrumb","itemListElement":[{"@type":"ListItem","position":1,"name":"Home","item":"https:\/\/equipmentcontrols.com\/"},{"@type":"ListItem","position":2,"name":"Shop","item":"https:\/\/equipmentcontrols.com\/shop\/"},{"@type":"ListItem","position":3,"name":"SENSUS Smart Gateway Sensor Interface"}]},{"@type":"WebSite","@id":"https:\/\/equipmentcontrols.com\/#website","url":"https:\/\/equipmentcontrols.com\/","name":"ECCO","description":"Compagnie de contr\u00f4le d&#039;\u00e9quipement","potentialAction":[{"@type":"SearchAction","target":{"@type":"EntryPoint","urlTemplate":"https:\/\/equipmentcontrols.com\/?s={search_term_string}"},"query-input":{"@type":"PropertyValueSpecification","valueRequired":true,"valueName":"search_term_string"}}],"inLanguage":"fr-CA"}]}},"_links":{"self":[{"href":"https:\/\/equipmentcontrols.com\/fr\/wp-json\/wp\/v2\/product\/408","targetHints":{"allow":["GET"]}}],"collection":[{"href":"https:\/\/equipmentcontrols.com\/fr\/wp-json\/wp\/v2\/product"}],"about":[{"href":"https:\/\/equipmentcontrols.com\/fr\/wp-json\/wp\/v2\/types\/product"}],"wp:featuredmedia":[{"embeddable":true,"href":"https:\/\/equipmentcontrols.com\/fr\/wp-json\/wp\/v2\/media\/328"}],"wp:attachment":[{"href":"https:\/\/equipmentcontrols.com\/fr\/wp-json\/wp\/v2\/media?parent=408"}],"wp:term":[{"taxonomy":"product_brand","embeddable":true,"href":"https:\/\/equipmentcontrols.com\/fr\/wp-json\/wp\/v2\/product_brand?post=408"},{"taxonomy":"product_cat","embeddable":true,"href":"https:\/\/equipmentcontrols.com\/fr\/wp-json\/wp\/v2\/product_cat?post=408"},{"taxonomy":"product_tag","embeddable":true,"href":"https:\/\/equipmentcontrols.com\/fr\/wp-json\/wp\/v2\/product_tag?post=408"}],"curies":[{"name":"wp","href":"https:\/\/api.w.org\/{rel}","templated":true}]}}