{"id":407,"date":"2020-04-24T20:26:51","date_gmt":"2020-04-24T20:26:51","guid":{"rendered":"https:\/\/econtrols.stagemysite.com\/product\/sensus-sentrypoint-cathodix-protection-test-point-cptp100-2\/"},"modified":"2020-05-05T17:13:46","modified_gmt":"2020-05-05T17:13:46","slug":"sensus-sentrypoint-cathodix-protection-test-point-cptp100-2","status":"publish","type":"product","link":"https:\/\/equipmentcontrols.com\/fr\/produit\/sensus-sentrypoint-cathodix-protection-test-point-cptp100-2\/","title":{"rendered":"Point de test de protection cathodique SENSUS SentryPoint CPTP100"},"content":{"rendered":"<p><strong>Point de test de protection cathodique SENSUS SentryPoint CPTP100<\/strong><\/p>\n<p>Le point de test de protection cathodique SentryPoint\u2122 (CPTP100) mesure et collecte les donn\u00e9es de tension de protection dans les stations de test de protection cathodique. Ces donn\u00e9es vous sont ensuite transmises pour affichage et analyse. Avec des rapports de donn\u00e9es quotidiens, une r\u00e9ponse d&#039;alarme en une heure et la prise en charge de jusqu&#039;\u00e0 quatre canaux de donn\u00e9es, le CPTP100 vous donne la confiance n\u00e9cessaire pour g\u00e9rer la protection cathodique \u00e0 distance.<\/p>\n<p><strong>Avantages:<\/strong><br \/>\n\u2022 S&#039;installe rapidement et discr\u00e8tement<br \/>\n\u2022 G\u00e9n\u00e8re des renseignements plus opportuns et exploitables<br \/>\n\u2022 Am\u00e9liore l&#039;efficacit\u00e9 op\u00e9rationnelle<br \/>\n\u2022 Solution rentable<br \/>\n\u2022 Amortissement rapide<\/p>\n<p><strong>Traits:<\/strong><br \/>\n\u2022 Options de couverture scell\u00e9e et \u00e9tanche en polycarbonate ou NEMA<br \/>\n\u2022 Le corps mince se fixe au bo\u00eetier du redresseur<br \/>\n\u2022 Mesure la tension CA et CC avec une pr\u00e9cision de lecture d&#039;un pour cent<\/p>\n<p><strong>Caract\u00e9ristiques:<\/strong><br \/>\n\u2022\u00a0Dimensions de montage interne (bo\u00eetier en polycarbonate)\u00a0: 7,9\u00a0po x 5,0\u00a0po x 2,2\u00a0po<br \/>\n\u2022 Dimensions de montage externe (bo\u00eetier conforme NEMA 4X)\u00a0\u2013 4,0&quot; x 7,3&quot; x 12,4&quot;<\/p>\n<p><strong>T\u00e9l\u00e9chargements\u00a0:<\/strong><br \/>\n<a href=\"https:\/\/equipmentcontrols.com\/wp-content\/uploads\/2020\/04\/SentryPoint-CPTP100-Data-Sheet.pdf\">Fiche technique SentryPoint CPTP100<\/a><\/p>","protected":false},"excerpt":{"rendered":"<p>SENSUS SentryPoint Cathodic Protection Test Point CPTP100 The SentryPoint\u2122 Cathodic Protection Test Point (CPTP100) measures and collects protective voltage data at cathodic protection test stations. That data is then transmitted back to you for display and analysis. With daily data reporting, one-hour alarm response, and support for up to four data channels, the CPTP100 gives [&hellip;]<\/p>\n","protected":false},"featured_media":340,"template":"","meta":[],"product_brand":[],"product_cat":[41,61],"product_tag":[],"class_list":{"0":"post-407","1":"product","2":"type-product","3":"status-publish","4":"has-post-thumbnail","6":"product_cat-ami","7":"product_cat-sensus-flexnet","9":"first","10":"instock","11":"shipping-taxable","12":"product-type-simple"},"yoast_head":"<!-- This site is optimized with the Yoast SEO Premium plugin v23.9 (Yoast SEO v27.3) - https:\/\/yoast.com\/product\/yoast-seo-premium-wordpress\/ -->\n<title>SENSUS SentryPoint Cathodic Protection Test Point CPTP100 - ECCO<\/title>\n<meta name=\"description\" content=\"The SentryPoint\u2122 Cathodic Protection Test Point (CPTP100) measures and collects protective voltage data at cathodic protection test stations. That data is then transmitted back to you for display and analysis. With daily data reporting, one-hour alarm response, and support for up to four data channels, the CPTP100 gives you confidence to manage cathodic protection remotely.\" \/>\n<meta name=\"robots\" content=\"index, follow, max-snippet:-1, max-image-preview:large, max-video-preview:-1\" \/>\n<link rel=\"canonical\" href=\"https:\/\/equipmentcontrols.com\/fr\/produit\/sensus-sentrypoint-cathodix-protection-test-point-cptp100-2\/\" \/>\n<meta property=\"og:locale\" content=\"fr_CA\" \/>\n<meta property=\"og:type\" content=\"article\" \/>\n<meta property=\"og:title\" content=\"SENSUS SentryPoint Cathodic Protection Test Point CPTP100\" \/>\n<meta property=\"og:description\" content=\"The SentryPoint\u2122 Cathodic Protection Test Point (CPTP100) measures and collects protective voltage data at cathodic protection test stations. That data is then transmitted back to you for display and analysis. With daily data reporting, one-hour alarm response, and support for up to four data channels, the CPTP100 gives you confidence to manage cathodic protection remotely.\" \/>\n<meta property=\"og:url\" content=\"https:\/\/equipmentcontrols.com\/fr\/produit\/sensus-sentrypoint-cathodix-protection-test-point-cptp100-2\/\" \/>\n<meta property=\"og:site_name\" content=\"ECCO\" \/>\n<meta property=\"article:modified_time\" content=\"2020-05-05T17:13:46+00:00\" \/>\n<meta property=\"og:image\" content=\"https:\/\/equipmentcontrols.com\/wp-content\/uploads\/2020\/04\/SENSUS20SentryPoint20Cathodix20Protection20Test20Point20CPTP100.jpg\" \/>\n\t<meta property=\"og:image:width\" content=\"794\" \/>\n\t<meta property=\"og:image:height\" content=\"794\" \/>\n\t<meta property=\"og:image:type\" content=\"image\/jpeg\" \/>\n<meta name=\"twitter:card\" content=\"summary_large_image\" \/>\n<meta name=\"twitter:label1\" content=\"Estimation du temps de lecture\" \/>\n\t<meta name=\"twitter:data1\" content=\"1 minute\" \/>\n<script type=\"application\/ld+json\" class=\"yoast-schema-graph\">{\"@context\":\"https:\\\/\\\/schema.org\",\"@graph\":[{\"@type\":\"WebPage\",\"@id\":\"https:\\\/\\\/equipmentcontrols.com\\\/product\\\/sensus-sentrypoint-cathodix-protection-test-point-cptp100-2\\\/\",\"url\":\"https:\\\/\\\/equipmentcontrols.com\\\/product\\\/sensus-sentrypoint-cathodix-protection-test-point-cptp100-2\\\/\",\"name\":\"SENSUS SentryPoint Cathodic Protection Test Point CPTP100 - ECCO\",\"isPartOf\":{\"@id\":\"https:\\\/\\\/equipmentcontrols.com\\\/#website\"},\"primaryImageOfPage\":{\"@id\":\"https:\\\/\\\/equipmentcontrols.com\\\/product\\\/sensus-sentrypoint-cathodix-protection-test-point-cptp100-2\\\/#primaryimage\"},\"image\":{\"@id\":\"https:\\\/\\\/equipmentcontrols.com\\\/product\\\/sensus-sentrypoint-cathodix-protection-test-point-cptp100-2\\\/#primaryimage\"},\"thumbnailUrl\":\"https:\\\/\\\/equipmentcontrols.com\\\/wp-content\\\/uploads\\\/2020\\\/04\\\/SENSUS20SentryPoint20Cathodix20Protection20Test20Point20CPTP100.jpg\",\"datePublished\":\"2020-04-24T20:26:51+00:00\",\"dateModified\":\"2020-05-05T17:13:46+00:00\",\"description\":\"The SentryPoint\u2122 Cathodic Protection Test Point (CPTP100) measures and collects protective voltage data at cathodic protection test stations. That data is then transmitted back to you for display and analysis. With daily data reporting, one-hour alarm response, and support for up to four data channels, the CPTP100 gives you confidence to manage cathodic protection remotely.\",\"breadcrumb\":{\"@id\":\"https:\\\/\\\/equipmentcontrols.com\\\/product\\\/sensus-sentrypoint-cathodix-protection-test-point-cptp100-2\\\/#breadcrumb\"},\"inLanguage\":\"fr-CA\",\"potentialAction\":[{\"@type\":\"ReadAction\",\"target\":[\"https:\\\/\\\/equipmentcontrols.com\\\/product\\\/sensus-sentrypoint-cathodix-protection-test-point-cptp100-2\\\/\"]}]},{\"@type\":\"ImageObject\",\"inLanguage\":\"fr-CA\",\"@id\":\"https:\\\/\\\/equipmentcontrols.com\\\/product\\\/sensus-sentrypoint-cathodix-protection-test-point-cptp100-2\\\/#primaryimage\",\"url\":\"https:\\\/\\\/equipmentcontrols.com\\\/wp-content\\\/uploads\\\/2020\\\/04\\\/SENSUS20SentryPoint20Cathodix20Protection20Test20Point20CPTP100.jpg\",\"contentUrl\":\"https:\\\/\\\/equipmentcontrols.com\\\/wp-content\\\/uploads\\\/2020\\\/04\\\/SENSUS20SentryPoint20Cathodix20Protection20Test20Point20CPTP100.jpg\",\"width\":794,\"height\":794,\"caption\":\"SENSUS20SentryPoint20Cathodix20Protection20Test20Point20CPTP100\"},{\"@type\":\"BreadcrumbList\",\"@id\":\"https:\\\/\\\/equipmentcontrols.com\\\/product\\\/sensus-sentrypoint-cathodix-protection-test-point-cptp100-2\\\/#breadcrumb\",\"itemListElement\":[{\"@type\":\"ListItem\",\"position\":1,\"name\":\"Home\",\"item\":\"https:\\\/\\\/equipmentcontrols.com\\\/\"},{\"@type\":\"ListItem\",\"position\":2,\"name\":\"Shop\",\"item\":\"https:\\\/\\\/equipmentcontrols.com\\\/shop\\\/\"},{\"@type\":\"ListItem\",\"position\":3,\"name\":\"SENSUS SentryPoint Cathodic Protection Test Point CPTP100\"}]},{\"@type\":\"WebSite\",\"@id\":\"https:\\\/\\\/equipmentcontrols.com\\\/#website\",\"url\":\"https:\\\/\\\/equipmentcontrols.com\\\/\",\"name\":\"ECCO\",\"description\":\"Equipment Controls Company\",\"potentialAction\":[{\"@type\":\"SearchAction\",\"target\":{\"@type\":\"EntryPoint\",\"urlTemplate\":\"https:\\\/\\\/equipmentcontrols.com\\\/?s={search_term_string}\"},\"query-input\":{\"@type\":\"PropertyValueSpecification\",\"valueRequired\":true,\"valueName\":\"search_term_string\"}}],\"inLanguage\":\"fr-CA\"}]}<\/script>\n<!-- \/ Yoast SEO Premium plugin. -->","yoast_head_json":{"title":"SENSUS SentryPoint Cathodic Protection Test Point CPTP100 - ECCO","description":"Le point de test de protection cathodique SentryPoint\u2122 (CPTP100) mesure et collecte les donn\u00e9es de tension de protection dans les stations de test de protection cathodique. Ces donn\u00e9es vous sont ensuite transmises pour affichage et analyse. Avec des rapports de donn\u00e9es quotidiens, une r\u00e9ponse d&#039;alarme en une heure et la prise en charge de jusqu&#039;\u00e0 quatre canaux de donn\u00e9es, le CPTP100 vous donne la confiance n\u00e9cessaire pour g\u00e9rer la protection cathodique \u00e0 distance.","robots":{"index":"index","follow":"follow","max-snippet":"max-snippet:-1","max-image-preview":"max-image-preview:large","max-video-preview":"max-video-preview:-1"},"canonical":"https:\/\/equipmentcontrols.com\/fr\/produit\/sensus-sentrypoint-cathodix-protection-test-point-cptp100-2\/","og_locale":"fr_CA","og_type":"article","og_title":"SENSUS SentryPoint Cathodic Protection Test Point CPTP100","og_description":"The SentryPoint\u2122 Cathodic Protection Test Point (CPTP100) measures and collects protective voltage data at cathodic protection test stations. That data is then transmitted back to you for display and analysis. With daily data reporting, one-hour alarm response, and support for up to four data channels, the CPTP100 gives you confidence to manage cathodic protection remotely.","og_url":"https:\/\/equipmentcontrols.com\/fr\/produit\/sensus-sentrypoint-cathodix-protection-test-point-cptp100-2\/","og_site_name":"ECCO","article_modified_time":"2020-05-05T17:13:46+00:00","og_image":[{"width":794,"height":794,"url":"https:\/\/equipmentcontrols.com\/wp-content\/uploads\/2020\/04\/SENSUS20SentryPoint20Cathodix20Protection20Test20Point20CPTP100.jpg","type":"image\/jpeg"}],"twitter_card":"summary_large_image","twitter_misc":{"Estimation du temps de lecture":"1 minute"},"schema":{"@context":"https:\/\/schema.org","@graph":[{"@type":"WebPage","@id":"https:\/\/equipmentcontrols.com\/product\/sensus-sentrypoint-cathodix-protection-test-point-cptp100-2\/","url":"https:\/\/equipmentcontrols.com\/product\/sensus-sentrypoint-cathodix-protection-test-point-cptp100-2\/","name":"SENSUS SentryPoint Cathodic Protection Test Point CPTP100 - ECCO","isPartOf":{"@id":"https:\/\/equipmentcontrols.com\/#website"},"primaryImageOfPage":{"@id":"https:\/\/equipmentcontrols.com\/product\/sensus-sentrypoint-cathodix-protection-test-point-cptp100-2\/#primaryimage"},"image":{"@id":"https:\/\/equipmentcontrols.com\/product\/sensus-sentrypoint-cathodix-protection-test-point-cptp100-2\/#primaryimage"},"thumbnailUrl":"https:\/\/equipmentcontrols.com\/wp-content\/uploads\/2020\/04\/SENSUS20SentryPoint20Cathodix20Protection20Test20Point20CPTP100.jpg","datePublished":"2020-04-24T20:26:51+00:00","dateModified":"2020-05-05T17:13:46+00:00","description":"Le point de test de protection cathodique SentryPoint\u2122 (CPTP100) mesure et collecte les donn\u00e9es de tension de protection dans les stations de test de protection cathodique. Ces donn\u00e9es vous sont ensuite transmises pour affichage et analyse. Avec des rapports de donn\u00e9es quotidiens, une r\u00e9ponse d&#039;alarme en une heure et la prise en charge de jusqu&#039;\u00e0 quatre canaux de donn\u00e9es, le CPTP100 vous donne la confiance n\u00e9cessaire pour g\u00e9rer la protection cathodique \u00e0 distance.","breadcrumb":{"@id":"https:\/\/equipmentcontrols.com\/product\/sensus-sentrypoint-cathodix-protection-test-point-cptp100-2\/#breadcrumb"},"inLanguage":"fr-CA","potentialAction":[{"@type":"ReadAction","target":["https:\/\/equipmentcontrols.com\/product\/sensus-sentrypoint-cathodix-protection-test-point-cptp100-2\/"]}]},{"@type":"ImageObject","inLanguage":"fr-CA","@id":"https:\/\/equipmentcontrols.com\/product\/sensus-sentrypoint-cathodix-protection-test-point-cptp100-2\/#primaryimage","url":"https:\/\/equipmentcontrols.com\/wp-content\/uploads\/2020\/04\/SENSUS20SentryPoint20Cathodix20Protection20Test20Point20CPTP100.jpg","contentUrl":"https:\/\/equipmentcontrols.com\/wp-content\/uploads\/2020\/04\/SENSUS20SentryPoint20Cathodix20Protection20Test20Point20CPTP100.jpg","width":794,"height":794,"caption":"SENSUS20SentryPoint20Cathodix20Protection20Test20Point20CPTP100"},{"@type":"BreadcrumbList","@id":"https:\/\/equipmentcontrols.com\/product\/sensus-sentrypoint-cathodix-protection-test-point-cptp100-2\/#breadcrumb","itemListElement":[{"@type":"ListItem","position":1,"name":"Home","item":"https:\/\/equipmentcontrols.com\/"},{"@type":"ListItem","position":2,"name":"Shop","item":"https:\/\/equipmentcontrols.com\/shop\/"},{"@type":"ListItem","position":3,"name":"SENSUS SentryPoint Cathodic Protection Test Point CPTP100"}]},{"@type":"WebSite","@id":"https:\/\/equipmentcontrols.com\/#website","url":"https:\/\/equipmentcontrols.com\/","name":"ECCO","description":"Compagnie de contr\u00f4le d&#039;\u00e9quipement","potentialAction":[{"@type":"SearchAction","target":{"@type":"EntryPoint","urlTemplate":"https:\/\/equipmentcontrols.com\/?s={search_term_string}"},"query-input":{"@type":"PropertyValueSpecification","valueRequired":true,"valueName":"search_term_string"}}],"inLanguage":"fr-CA"}]}},"_links":{"self":[{"href":"https:\/\/equipmentcontrols.com\/fr\/wp-json\/wp\/v2\/product\/407","targetHints":{"allow":["GET"]}}],"collection":[{"href":"https:\/\/equipmentcontrols.com\/fr\/wp-json\/wp\/v2\/product"}],"about":[{"href":"https:\/\/equipmentcontrols.com\/fr\/wp-json\/wp\/v2\/types\/product"}],"wp:featuredmedia":[{"embeddable":true,"href":"https:\/\/equipmentcontrols.com\/fr\/wp-json\/wp\/v2\/media\/340"}],"wp:attachment":[{"href":"https:\/\/equipmentcontrols.com\/fr\/wp-json\/wp\/v2\/media?parent=407"}],"wp:term":[{"taxonomy":"product_brand","embeddable":true,"href":"https:\/\/equipmentcontrols.com\/fr\/wp-json\/wp\/v2\/product_brand?post=407"},{"taxonomy":"product_cat","embeddable":true,"href":"https:\/\/equipmentcontrols.com\/fr\/wp-json\/wp\/v2\/product_cat?post=407"},{"taxonomy":"product_tag","embeddable":true,"href":"https:\/\/equipmentcontrols.com\/fr\/wp-json\/wp\/v2\/product_tag?post=407"}],"curies":[{"name":"wp","href":"https:\/\/api.w.org\/{rel}","templated":true}]}}