{"id":406,"date":"2020-04-24T20:26:51","date_gmt":"2020-04-24T20:26:51","guid":{"rendered":"https:\/\/econtrols.stagemysite.com\/product\/sensus-r100na-flexnet-collector-2\/"},"modified":"2020-04-29T19:03:51","modified_gmt":"2020-04-29T19:03:51","slug":"sensus-r100na-flexnet-collector-2","status":"publish","type":"product","link":"https:\/\/equipmentcontrols.com\/fr\/produit\/sensus-r100na-flexnet-collector-2\/","title":{"rendered":"Collecteur FlexNet SENSUS R100NA"},"content":{"rendered":"<p><strong>Le collecteur R100NA FlexNet\u00ae<\/strong> fournit une couverture r\u00e9seau compl\u00e9mentaire pour les groupes de compteurs situ\u00e9s dans des endroits difficiles d&#039;acc\u00e8s. Le R100NA r\u00e9duit le besoin de lectures co\u00fbteuses des points finaux \u00e0 pied\/en voiture dans les \u00ab\u00a0angles morts\u00a0\u00bb ou une combinaison complexe de m\u00e9thodes de communication. Une couverture AMI \u00e0 cent pour cent est maintenant plus accessible et plus rentable que jamais.<\/p>\n<p>Mesurant 12 pouces sur 12 pouces sur 6 pouces, cette solution compacte peut \u00eatre d\u00e9ploy\u00e9e dans une grande vari\u00e9t\u00e9 d&#039;environnements o\u00f9 l&#039;espace est limit\u00e9. Le R100NA s&#039;int\u00e8gre de mani\u00e8re transparente au r\u00e9seau de communication Sensus FlexNet et prend en charge les fonctionnalit\u00e9s de nouvelle g\u00e9n\u00e9ration qui permettent une communication s\u00e9curis\u00e9e et haute performance directement avec le RNI (Regional Network Interface). Le t\u00e9l\u00e9chargement du micrologiciel, la surveillance des alarmes, le cryptage avanc\u00e9, la prise en charge ESM et la configuration des terminaux \u00e0 distance simplifient le d\u00e9ploiement et le fonctionnement.<\/p>\n<p><strong>Avantages:<\/strong><br \/>\n\u2022 Fournir une couverture \u00e9conomique \u00e0 100 % : le collecteur R100NA fournit une solution de remplissage \u00e0 faible co\u00fbt qui fournit une couverture de liaison directe. Vous pouvez atteindre chaque m\u00e8tre avec une infrastructure minimale tout en conservant notre architecture point \u00e0 multipoint hautes performances.<br \/>\n\u2022 Utilisation d&#039;un syst\u00e8me d&#039;exploitation commun : Le R100NA partage un syst\u00e8me d&#039;exploitation commun avec les stations de base Sensus FlexNet, garantissant une configuration et une gestion simples et coh\u00e9rentes de tous les composants FlexNet.<br \/>\n\u2022 Fonctionne sur le spectre radio sous licence : En Am\u00e9rique du Nord, le spectre d&#039;utilisation principale prot\u00e9g\u00e9 par la Commission f\u00e9d\u00e9rale des communications (FCC)\/Industrie Canada (IC) \u00e9vite la concurrence avec d&#039;autres services sans fil et les interf\u00e9rences d&#039;autres appareils radio.<br \/>\n\u2022 D\u00e9ploiement d&#039;un faible encombrement : une unit\u00e9 l\u00e9g\u00e8re avec des options flexibles de montage sur poteau ou au mur permet un d\u00e9ploiement strat\u00e9gique avec une apparence discr\u00e8te.<br \/>\n\u2022 S\u00e9curit\u00e9 \u00e0 la pointe de l&#039;industrie : Sensus a obtenu la certification de communication General Electric Co.\/Wurldtech\u2122 Achilles\u00ae pour la s\u00e9curit\u00e9 des infrastructures critiques contre les cybermenaces.<\/p>\n<p><strong>Traits:<\/strong><br \/>\n\u2022 Couverture r\u00e9seau pour les compteurs difficiles d&#039;acc\u00e8s<br \/>\n\u2022 \u00c9mettre et recevoir dans une bande de spectre de 200\u00a0kHz<br \/>\n\u2022 R\u00e9cepteur GPS pour la synchronisation de l&#039;heure<br \/>\n\u2022 Alimentation\/chargeur de batterie int\u00e9gr\u00e9s<br \/>\n\u2022 Batterie de secours d&#039;une heure<br \/>\n\u2022 Alarmes et capacit\u00e9 de rapport<br \/>\n\u2022 Backhaul flexible via cellulaire int\u00e9gr\u00e9 ou Ethernet\/IP<br \/>\n\u2022 Montage sur poteau, mur et tour<br \/>\n\u2022 Licence FCC, CFR 47, Partie 15 certifi\u00e9<br \/>\n\u2022 Bo\u00eetier NEMA 4 \u00e0 une porte<\/p>\n<p><strong>Caract\u00e9ristiques:<\/strong><br \/>\n\u2022 Spectre sous licence PCS\/MAS de 900\u00a0MHz<br \/>\n\u2022 Fonctionnement enti\u00e8rement duplex avec une seule transmission<br \/>\n\u2022 Trois canaux de r\u00e9ception d\u00e9di\u00e9s<br \/>\n\u2022 Compatibilit\u00e9 SNMP (Simple Network Management Protocol) pour les rapports d&#039;alarme et d&#039;\u00e9tat<br \/>\n\u2022 Applications\u00a0: infrastructure de compteur avanc\u00e9e bidirectionnelle, automatisation de la distribution, r\u00e9ponse \u00e0 la demande, r\u00e9seau domestique et commande d&#039;\u00e9clairage Sensus VantagePoint\u2122<\/p>\n<p><strong>T\u00e9l\u00e9chargements\u00a0:<\/strong><br \/>\n<a href=\"https:\/\/equipmentcontrols.com\/wp-content\/uploads\/2020\/04\/FlexNet-R100NA-Collector-Indoor-Data-Sheet.pdf\">Fiche technique int\u00e9rieure du capteur FlexNet R100NA<\/a><br \/>\n<a href=\"https:\/\/equipmentcontrols.com\/wp-content\/uploads\/2020\/04\/FlexNet-R100NA-Collector-Data-Sheet.pdf\">Fiche technique du collecteur FlexNet R100NA<\/a><\/p>","protected":false},"excerpt":{"rendered":"<p>The R100NA FlexNet\u00ae collector provides fill-in network coverage for groups of meters in hard-to-reach locations. The R100NA reduces the need for costly walk-by\/drive-by end point reads in \u201cblind spots,\u201d or a complex mix of communication methods. One hundred percent AMI coverage is now more attainable and cost effective than ever. Measuring 12 inches by 12 [&hellip;]<\/p>\n","protected":false},"featured_media":338,"template":"","meta":[],"product_brand":[],"product_cat":[41,61],"product_tag":[],"class_list":{"0":"post-406","1":"product","2":"type-product","3":"status-publish","4":"has-post-thumbnail","6":"product_cat-ami","7":"product_cat-sensus-flexnet","9":"first","10":"instock","11":"shipping-taxable","12":"product-type-simple"},"yoast_head":"<!-- This site is optimized with the Yoast SEO Premium plugin v23.9 (Yoast SEO v27.3) - https:\/\/yoast.com\/product\/yoast-seo-premium-wordpress\/ -->\n<title>SENSUS R100NA FlexNet Collector - ECCO<\/title>\n<meta name=\"robots\" content=\"index, follow, max-snippet:-1, max-image-preview:large, max-video-preview:-1\" \/>\n<link rel=\"canonical\" href=\"https:\/\/equipmentcontrols.com\/fr\/produit\/sensus-r100na-flexnet-collector-2\/\" \/>\n<meta property=\"og:locale\" content=\"fr_CA\" \/>\n<meta property=\"og:type\" content=\"article\" \/>\n<meta property=\"og:title\" content=\"SENSUS R100NA FlexNet Collector\" \/>\n<meta property=\"og:description\" content=\"The R100NA FlexNet\u00ae collector provides fill-in network coverage for groups of meters in hard-to-reach locations. The R100NA reduces the need for costly walk-by\/drive-by end point reads in \u201cblind spots,\u201d or a complex mix of communication methods. One hundred percent AMI coverage is now more attainable and cost effective than ever. Measuring 12 inches by 12 [&hellip;]\" \/>\n<meta property=\"og:url\" content=\"https:\/\/equipmentcontrols.com\/fr\/produit\/sensus-r100na-flexnet-collector-2\/\" \/>\n<meta property=\"og:site_name\" content=\"ECCO\" \/>\n<meta property=\"article:modified_time\" content=\"2020-04-29T19:03:51+00:00\" \/>\n<meta property=\"og:image\" content=\"https:\/\/equipmentcontrols.com\/wp-content\/uploads\/2020\/04\/SENSUS20R100NA20FlexNet20Collector.jpg\" \/>\n\t<meta property=\"og:image:width\" content=\"860\" \/>\n\t<meta property=\"og:image:height\" content=\"860\" \/>\n\t<meta property=\"og:image:type\" content=\"image\/jpeg\" \/>\n<meta name=\"twitter:card\" content=\"summary_large_image\" \/>\n<meta name=\"twitter:label1\" content=\"Estimation du temps de lecture\" \/>\n\t<meta name=\"twitter:data1\" content=\"2 minutes\" \/>\n<script type=\"application\/ld+json\" class=\"yoast-schema-graph\">{\"@context\":\"https:\\\/\\\/schema.org\",\"@graph\":[{\"@type\":\"WebPage\",\"@id\":\"https:\\\/\\\/equipmentcontrols.com\\\/product\\\/sensus-r100na-flexnet-collector-2\\\/\",\"url\":\"https:\\\/\\\/equipmentcontrols.com\\\/product\\\/sensus-r100na-flexnet-collector-2\\\/\",\"name\":\"SENSUS R100NA FlexNet Collector - ECCO\",\"isPartOf\":{\"@id\":\"https:\\\/\\\/equipmentcontrols.com\\\/#website\"},\"primaryImageOfPage\":{\"@id\":\"https:\\\/\\\/equipmentcontrols.com\\\/product\\\/sensus-r100na-flexnet-collector-2\\\/#primaryimage\"},\"image\":{\"@id\":\"https:\\\/\\\/equipmentcontrols.com\\\/product\\\/sensus-r100na-flexnet-collector-2\\\/#primaryimage\"},\"thumbnailUrl\":\"https:\\\/\\\/equipmentcontrols.com\\\/wp-content\\\/uploads\\\/2020\\\/04\\\/SENSUS20R100NA20FlexNet20Collector.jpg\",\"datePublished\":\"2020-04-24T20:26:51+00:00\",\"dateModified\":\"2020-04-29T19:03:51+00:00\",\"breadcrumb\":{\"@id\":\"https:\\\/\\\/equipmentcontrols.com\\\/product\\\/sensus-r100na-flexnet-collector-2\\\/#breadcrumb\"},\"inLanguage\":\"fr-CA\",\"potentialAction\":[{\"@type\":\"ReadAction\",\"target\":[\"https:\\\/\\\/equipmentcontrols.com\\\/product\\\/sensus-r100na-flexnet-collector-2\\\/\"]}]},{\"@type\":\"ImageObject\",\"inLanguage\":\"fr-CA\",\"@id\":\"https:\\\/\\\/equipmentcontrols.com\\\/product\\\/sensus-r100na-flexnet-collector-2\\\/#primaryimage\",\"url\":\"https:\\\/\\\/equipmentcontrols.com\\\/wp-content\\\/uploads\\\/2020\\\/04\\\/SENSUS20R100NA20FlexNet20Collector.jpg\",\"contentUrl\":\"https:\\\/\\\/equipmentcontrols.com\\\/wp-content\\\/uploads\\\/2020\\\/04\\\/SENSUS20R100NA20FlexNet20Collector.jpg\",\"width\":860,\"height\":860,\"caption\":\"SENSUS20R100NA20FlexNet20Collector\"},{\"@type\":\"BreadcrumbList\",\"@id\":\"https:\\\/\\\/equipmentcontrols.com\\\/product\\\/sensus-r100na-flexnet-collector-2\\\/#breadcrumb\",\"itemListElement\":[{\"@type\":\"ListItem\",\"position\":1,\"name\":\"Home\",\"item\":\"https:\\\/\\\/equipmentcontrols.com\\\/\"},{\"@type\":\"ListItem\",\"position\":2,\"name\":\"Shop\",\"item\":\"https:\\\/\\\/equipmentcontrols.com\\\/shop\\\/\"},{\"@type\":\"ListItem\",\"position\":3,\"name\":\"SENSUS R100NA FlexNet Collector\"}]},{\"@type\":\"WebSite\",\"@id\":\"https:\\\/\\\/equipmentcontrols.com\\\/#website\",\"url\":\"https:\\\/\\\/equipmentcontrols.com\\\/\",\"name\":\"ECCO\",\"description\":\"Equipment Controls Company\",\"potentialAction\":[{\"@type\":\"SearchAction\",\"target\":{\"@type\":\"EntryPoint\",\"urlTemplate\":\"https:\\\/\\\/equipmentcontrols.com\\\/?s={search_term_string}\"},\"query-input\":{\"@type\":\"PropertyValueSpecification\",\"valueRequired\":true,\"valueName\":\"search_term_string\"}}],\"inLanguage\":\"fr-CA\"}]}<\/script>\n<!-- \/ Yoast SEO Premium plugin. -->","yoast_head_json":{"title":"SENSUS R100NA FlexNet Collector - ECCO","robots":{"index":"index","follow":"follow","max-snippet":"max-snippet:-1","max-image-preview":"max-image-preview:large","max-video-preview":"max-video-preview:-1"},"canonical":"https:\/\/equipmentcontrols.com\/fr\/produit\/sensus-r100na-flexnet-collector-2\/","og_locale":"fr_CA","og_type":"article","og_title":"SENSUS R100NA FlexNet Collector","og_description":"The R100NA FlexNet\u00ae collector provides fill-in network coverage for groups of meters in hard-to-reach locations. The R100NA reduces the need for costly walk-by\/drive-by end point reads in \u201cblind spots,\u201d or a complex mix of communication methods. One hundred percent AMI coverage is now more attainable and cost effective than ever. Measuring 12 inches by 12 [&hellip;]","og_url":"https:\/\/equipmentcontrols.com\/fr\/produit\/sensus-r100na-flexnet-collector-2\/","og_site_name":"ECCO","article_modified_time":"2020-04-29T19:03:51+00:00","og_image":[{"width":860,"height":860,"url":"https:\/\/equipmentcontrols.com\/wp-content\/uploads\/2020\/04\/SENSUS20R100NA20FlexNet20Collector.jpg","type":"image\/jpeg"}],"twitter_card":"summary_large_image","twitter_misc":{"Estimation du temps de lecture":"2 minutes"},"schema":{"@context":"https:\/\/schema.org","@graph":[{"@type":"WebPage","@id":"https:\/\/equipmentcontrols.com\/product\/sensus-r100na-flexnet-collector-2\/","url":"https:\/\/equipmentcontrols.com\/product\/sensus-r100na-flexnet-collector-2\/","name":"SENSUS R100NA FlexNet Collector - ECCO","isPartOf":{"@id":"https:\/\/equipmentcontrols.com\/#website"},"primaryImageOfPage":{"@id":"https:\/\/equipmentcontrols.com\/product\/sensus-r100na-flexnet-collector-2\/#primaryimage"},"image":{"@id":"https:\/\/equipmentcontrols.com\/product\/sensus-r100na-flexnet-collector-2\/#primaryimage"},"thumbnailUrl":"https:\/\/equipmentcontrols.com\/wp-content\/uploads\/2020\/04\/SENSUS20R100NA20FlexNet20Collector.jpg","datePublished":"2020-04-24T20:26:51+00:00","dateModified":"2020-04-29T19:03:51+00:00","breadcrumb":{"@id":"https:\/\/equipmentcontrols.com\/product\/sensus-r100na-flexnet-collector-2\/#breadcrumb"},"inLanguage":"fr-CA","potentialAction":[{"@type":"ReadAction","target":["https:\/\/equipmentcontrols.com\/product\/sensus-r100na-flexnet-collector-2\/"]}]},{"@type":"ImageObject","inLanguage":"fr-CA","@id":"https:\/\/equipmentcontrols.com\/product\/sensus-r100na-flexnet-collector-2\/#primaryimage","url":"https:\/\/equipmentcontrols.com\/wp-content\/uploads\/2020\/04\/SENSUS20R100NA20FlexNet20Collector.jpg","contentUrl":"https:\/\/equipmentcontrols.com\/wp-content\/uploads\/2020\/04\/SENSUS20R100NA20FlexNet20Collector.jpg","width":860,"height":860,"caption":"SENSUS20R100NA20FlexNet20Collector"},{"@type":"BreadcrumbList","@id":"https:\/\/equipmentcontrols.com\/product\/sensus-r100na-flexnet-collector-2\/#breadcrumb","itemListElement":[{"@type":"ListItem","position":1,"name":"Home","item":"https:\/\/equipmentcontrols.com\/"},{"@type":"ListItem","position":2,"name":"Shop","item":"https:\/\/equipmentcontrols.com\/shop\/"},{"@type":"ListItem","position":3,"name":"SENSUS R100NA FlexNet Collector"}]},{"@type":"WebSite","@id":"https:\/\/equipmentcontrols.com\/#website","url":"https:\/\/equipmentcontrols.com\/","name":"ECCO","description":"Compagnie de contr\u00f4le d&#039;\u00e9quipement","potentialAction":[{"@type":"SearchAction","target":{"@type":"EntryPoint","urlTemplate":"https:\/\/equipmentcontrols.com\/?s={search_term_string}"},"query-input":{"@type":"PropertyValueSpecification","valueRequired":true,"valueName":"search_term_string"}}],"inLanguage":"fr-CA"}]}},"_links":{"self":[{"href":"https:\/\/equipmentcontrols.com\/fr\/wp-json\/wp\/v2\/product\/406","targetHints":{"allow":["GET"]}}],"collection":[{"href":"https:\/\/equipmentcontrols.com\/fr\/wp-json\/wp\/v2\/product"}],"about":[{"href":"https:\/\/equipmentcontrols.com\/fr\/wp-json\/wp\/v2\/types\/product"}],"wp:featuredmedia":[{"embeddable":true,"href":"https:\/\/equipmentcontrols.com\/fr\/wp-json\/wp\/v2\/media\/338"}],"wp:attachment":[{"href":"https:\/\/equipmentcontrols.com\/fr\/wp-json\/wp\/v2\/media?parent=406"}],"wp:term":[{"taxonomy":"product_brand","embeddable":true,"href":"https:\/\/equipmentcontrols.com\/fr\/wp-json\/wp\/v2\/product_brand?post=406"},{"taxonomy":"product_cat","embeddable":true,"href":"https:\/\/equipmentcontrols.com\/fr\/wp-json\/wp\/v2\/product_cat?post=406"},{"taxonomy":"product_tag","embeddable":true,"href":"https:\/\/equipmentcontrols.com\/fr\/wp-json\/wp\/v2\/product_tag?post=406"}],"curies":[{"name":"wp","href":"https:\/\/api.w.org\/{rel}","templated":true}]}}