{"id":403,"date":"2020-04-24T20:26:51","date_gmt":"2020-04-24T20:26:51","guid":{"rendered":"https:\/\/econtrols.stagemysite.com\/product\/sensus-flexnet-easylink-reader-2\/"},"modified":"2020-05-14T17:20:23","modified_gmt":"2020-05-14T17:20:23","slug":"sensus-flexnet-easylink-reader-2","status":"publish","type":"product","link":"https:\/\/equipmentcontrols.com\/fr\/produit\/sensus-flexnet-easylink-reader-2\/","title":{"rendered":"Lecteur SENSUS FlexNet EasyLink"},"content":{"rendered":"<p><strong> Sensus FlexNet EasyLink\u2122 <\/strong><\/p>\n<p><strong>Le Sensus FlexNet EasyLink\u2122<\/strong> Reader est un appareil radio portable utilis\u00e9 pour acqu\u00e9rir des donn\u00e9es \u00e0 partir de compteurs de services publics qui utilisent des modules Sensus SmartPoint\u00ae et\/ou des radios Itron ERT. Le lecteur est compact et portable, ce qui lui permet d&#039;\u00eatre utilis\u00e9 dans n&#039;importe quel v\u00e9hicule fournissant une alimentation CC de 12 volts.<\/p>\n<p><strong>Compatibilit\u00e9 FlexNet et Itron<\/strong><br \/>\nLe lecteur offre la possibilit\u00e9 de lire les modules SmartPoint pour les compteurs d&#039;eau, de gaz et d&#039;\u00e9lectricit\u00e9 ainsi que les messages de consommation standard Itron (SCM) et la technologie SCM+ utilis\u00e9e par les ERT. En combinant ces deux technologies, le service public peut utiliser ses ERT existants lors de la transition vers FlexNet.<\/p>\n<p>Conservez vos ERT et mettez \u00e0 niveau vers les modules SmartPoint si n\u00e9cessaire - c&#039;est le meilleur des deux mondes.<\/p>\n<p><strong>Facilit\u00e9 d&#039;utilisation<\/strong><br \/>\nPour faire fonctionner le lecteur, placez simplement l&#039;appareil dans un v\u00e9hicule et parcourez l&#039;itin\u00e9raire assign\u00e9. Les donn\u00e9es sont collect\u00e9es automatiquement.<\/p>\n<p>Plusieurs modes de lecture sont disponibles en fonction du type d&#039;appareils en fonctionnement. Le lecteur est capable de capturer des donn\u00e9es en mode bulle ou interrogation et propose \u00e9galement des alarmes configurables.<\/p>\n<p><strong>Portabilit\u00e9<\/strong><br \/>\nLa conception avanc\u00e9e donne un bo\u00eetier portable de la taille d&#039;une petite mallette. Avec l&#039;ajout de l&#039;ordinateur portable, du c\u00e2ble de connexion et des antennes, la solution compl\u00e8te de communications mobiles FlexNet EasyLink peut \u00eatre configur\u00e9e en quelques minutes. Tout v\u00e9hicule peut devenir une machine \u00e0 relever les compteurs.<\/p>\n<p><strong>Fiabilit\u00e9 du syst\u00e8me<\/strong><br \/>\nLe r\u00e9seau de communication FlexNet\u00ae utilise des fr\u00e9quences radio d&#039;utilisation principale pour communiquer avec les modules SmartPoint. La combinaison de fr\u00e9quences prot\u00e9g\u00e9es par la FCC et d&#039;une puissance de transmission compl\u00e8te de deux watts des modules SmartPoint garantit une communication fiable du compteur et une port\u00e9e plus longue. De plus, les modules SmartPoint et ERT fournissent des d\u00e9tails sur l&#039;infrastructure en surveillant les conditions de fonctionnement et en signalant les alarmes de sabotage du compteur, de d\u00e9bit continu et de batterie faible.<\/p>\n<p><strong>Logiciel convivial<\/strong><br \/>\nLe lecteur utilise l&#039;application FlexNet EasyLink\u2122 Workbook qui fournit un syst\u00e8me de menu d\u00e9roulant pratique et convivial pour la lecture des compteurs. La fonction de cartographie permet une efficacit\u00e9 accrue en personnalisant la vue du lecteur de compteur pour les informations de processus pertinentes.<\/p>\n<p><strong>Avantages:<\/strong><br \/>\n\u2022 Le mat\u00e9riel ax\u00e9 sur l&#039;utilisateur fonctionne avec le logiciel pour fournir une efficacit\u00e9 de lecture des compteurs exceptionnelle<br \/>\n\u2022 La capacit\u00e9 de double lecture permet une transition facile vers une plate-forme fixe<br \/>\n\u2022 Mise \u00e0 niveau vers Work Order Management Suite<\/p>\n<p><strong>Traits:<\/strong><br \/>\n\u2022 Utilisation dans n&#039;importe quel v\u00e9hicule fournissant une alimentation CC de 12\u00a0volts<br \/>\n\u2022 Lit les modules Sensus SmartPoint pour les compteurs d&#039;eau, de gaz et d&#039;\u00e9lectricit\u00e9<br \/>\n\u2022 Lit les ERT SCM et SCM+<br \/>\n\u2022 Les op\u00e9rateurs peuvent saisir manuellement des informations, y compris des notes d&#039;itin\u00e9raire, via un clavier de PC<\/p>\n<p>Caract\u00e9ristiques:<br \/>\nCaract\u00e9ristiques physiques<br \/>\n\u2022 8\u2033L x 12\u2033P x 4\u2033H (20,32 cm x 30,48 cm x 10,16 cm)<br \/>\n\u2022 Comprend des antennes \u00e0 montage magn\u00e9tique et un \u00e9tui de transport rigide<\/p>\n<p><strong>Lester:<\/strong><br \/>\n\u2022 18\u00a0lb (8,16\u00a0kg)<\/p>\n<p><strong>Gamme de fr\u00e9quences:<\/strong><br \/>\n\u2022 R\u00e9ception FlexNet\u00a0:\u00a0901-932\u00a0Mhz<br \/>\n\u2022 FlexNet\u00a0TX\u00a0: 940-960\u00a0Mhz<br \/>\n\u2022 R\u00e9ception ERT\u00a0: 908-924\u00a0Mhz<br \/>\n\u2022 \u00c9mission ERT\u00a0:\u00a0952-956\u00a0Mhz<\/p>\n<p><strong>Sensibilit\u00e9 du r\u00e9cepteur\u00a0:<\/strong><br \/>\nLa sensibilit\u00e9 d\u00e9pend de la modulation et du canal BW. Pour 7FSK dans un canal 25Khz, la sp\u00e9cification de sensibilit\u00e9 est de -120dBm<\/p>\n<p><strong>T\u00e9l\u00e9chargements\u00a0:<\/strong><br \/>\n<a href=\"https:\/\/equipmentcontrols.com\/wp-content\/uploads\/2020\/04\/FlexNet-EasyLink-Reader-Data-Sheet.pdf\">Fiche technique du lecteur FlexNet EasyLink<\/a><\/p>\n<p><a href=\"https:\/\/equipmentcontrols.com\/wp-content\/uploads\/2020\/04\/Sensus-Gas-Products-Catalog-04-13-20.pdf\">Brochure sur les produits de gaz Sensus<\/a><\/p>","protected":false},"excerpt":{"rendered":"<p>Sensus FlexNet EasyLink\u2122 The Sensus FlexNet EasyLink\u2122 Reader is a portable, radio-based device used to acquire data from utility meters that utilize Sensus SmartPoint\u00ae modules and\/or Itron ERT radios. The Reader is compact and portable, allowing it to be used in any vehicle providing 12-volt DC power. FlexNet and Itron Compatibility The Reader provides the [&hellip;]<\/p>\n","protected":false},"featured_media":332,"template":"","meta":[],"product_brand":[],"product_cat":[41,61],"product_tag":[],"class_list":{"0":"post-403","1":"product","2":"type-product","3":"status-publish","4":"has-post-thumbnail","6":"product_cat-ami","7":"product_cat-sensus-flexnet","9":"first","10":"instock","11":"shipping-taxable","12":"product-type-simple"},"yoast_head":"<!-- This site is optimized with the Yoast SEO Premium plugin v23.9 (Yoast SEO v27.3) - https:\/\/yoast.com\/product\/yoast-seo-premium-wordpress\/ -->\n<title>SENSUS FlexNet EasyLink Reader - ECCO<\/title>\n<meta name=\"description\" content=\"The Sensus FlexNet EasyLink\u2122 Reader is a portable, radio-based device used to acquire data from utility meters that utilize Sensus SmartPoint\u00ae modules and\/or Itron ERT radios. The Reader is compact and portable, allowing it to be used in any vehicle providing 12-volt DC power.\" \/>\n<meta name=\"robots\" content=\"index, follow, max-snippet:-1, max-image-preview:large, max-video-preview:-1\" \/>\n<link rel=\"canonical\" href=\"https:\/\/equipmentcontrols.com\/fr\/produit\/sensus-flexnet-easylink-reader-2\/\" \/>\n<meta property=\"og:locale\" content=\"fr_CA\" \/>\n<meta property=\"og:type\" content=\"article\" \/>\n<meta property=\"og:title\" content=\"SENSUS FlexNet EasyLink Reader\" \/>\n<meta property=\"og:description\" content=\"The Sensus FlexNet EasyLink\u2122 Reader is a portable, radio-based device used to acquire data from utility meters that utilize Sensus SmartPoint\u00ae modules and\/or Itron ERT radios. The Reader is compact and portable, allowing it to be used in any vehicle providing 12-volt DC power.\" \/>\n<meta property=\"og:url\" content=\"https:\/\/equipmentcontrols.com\/fr\/produit\/sensus-flexnet-easylink-reader-2\/\" \/>\n<meta property=\"og:site_name\" content=\"ECCO\" \/>\n<meta property=\"article:modified_time\" content=\"2020-05-14T17:20:23+00:00\" \/>\n<meta property=\"og:image\" content=\"https:\/\/equipmentcontrols.com\/wp-content\/uploads\/2020\/04\/SENSUS20FlexNet20EasyLink20Reader.jpg\" \/>\n\t<meta property=\"og:image:width\" content=\"860\" \/>\n\t<meta property=\"og:image:height\" content=\"860\" \/>\n\t<meta property=\"og:image:type\" content=\"image\/jpeg\" \/>\n<meta name=\"twitter:card\" content=\"summary_large_image\" \/>\n<meta name=\"twitter:label1\" content=\"Estimation du temps de lecture\" \/>\n\t<meta name=\"twitter:data1\" content=\"2 minutes\" \/>\n<script type=\"application\/ld+json\" class=\"yoast-schema-graph\">{\"@context\":\"https:\\\/\\\/schema.org\",\"@graph\":[{\"@type\":\"WebPage\",\"@id\":\"https:\\\/\\\/equipmentcontrols.com\\\/product\\\/sensus-flexnet-easylink-reader-2\\\/\",\"url\":\"https:\\\/\\\/equipmentcontrols.com\\\/product\\\/sensus-flexnet-easylink-reader-2\\\/\",\"name\":\"SENSUS FlexNet EasyLink Reader - ECCO\",\"isPartOf\":{\"@id\":\"https:\\\/\\\/equipmentcontrols.com\\\/#website\"},\"primaryImageOfPage\":{\"@id\":\"https:\\\/\\\/equipmentcontrols.com\\\/product\\\/sensus-flexnet-easylink-reader-2\\\/#primaryimage\"},\"image\":{\"@id\":\"https:\\\/\\\/equipmentcontrols.com\\\/product\\\/sensus-flexnet-easylink-reader-2\\\/#primaryimage\"},\"thumbnailUrl\":\"https:\\\/\\\/equipmentcontrols.com\\\/wp-content\\\/uploads\\\/2020\\\/04\\\/SENSUS20FlexNet20EasyLink20Reader.jpg\",\"datePublished\":\"2020-04-24T20:26:51+00:00\",\"dateModified\":\"2020-05-14T17:20:23+00:00\",\"description\":\"The Sensus FlexNet EasyLink\u2122 Reader is a portable, radio-based device used to acquire data from utility meters that utilize Sensus SmartPoint\u00ae modules and\\\/or Itron ERT radios. The Reader is compact and portable, allowing it to be used in any vehicle providing 12-volt DC power.\",\"breadcrumb\":{\"@id\":\"https:\\\/\\\/equipmentcontrols.com\\\/product\\\/sensus-flexnet-easylink-reader-2\\\/#breadcrumb\"},\"inLanguage\":\"fr-CA\",\"potentialAction\":[{\"@type\":\"ReadAction\",\"target\":[\"https:\\\/\\\/equipmentcontrols.com\\\/product\\\/sensus-flexnet-easylink-reader-2\\\/\"]}]},{\"@type\":\"ImageObject\",\"inLanguage\":\"fr-CA\",\"@id\":\"https:\\\/\\\/equipmentcontrols.com\\\/product\\\/sensus-flexnet-easylink-reader-2\\\/#primaryimage\",\"url\":\"https:\\\/\\\/equipmentcontrols.com\\\/wp-content\\\/uploads\\\/2020\\\/04\\\/SENSUS20FlexNet20EasyLink20Reader.jpg\",\"contentUrl\":\"https:\\\/\\\/equipmentcontrols.com\\\/wp-content\\\/uploads\\\/2020\\\/04\\\/SENSUS20FlexNet20EasyLink20Reader.jpg\",\"width\":860,\"height\":860,\"caption\":\"SENSUS20FlexNet20EasyLink20Reader\"},{\"@type\":\"BreadcrumbList\",\"@id\":\"https:\\\/\\\/equipmentcontrols.com\\\/product\\\/sensus-flexnet-easylink-reader-2\\\/#breadcrumb\",\"itemListElement\":[{\"@type\":\"ListItem\",\"position\":1,\"name\":\"Home\",\"item\":\"https:\\\/\\\/equipmentcontrols.com\\\/\"},{\"@type\":\"ListItem\",\"position\":2,\"name\":\"Shop\",\"item\":\"https:\\\/\\\/equipmentcontrols.com\\\/shop\\\/\"},{\"@type\":\"ListItem\",\"position\":3,\"name\":\"SENSUS FlexNet EasyLink Reader\"}]},{\"@type\":\"WebSite\",\"@id\":\"https:\\\/\\\/equipmentcontrols.com\\\/#website\",\"url\":\"https:\\\/\\\/equipmentcontrols.com\\\/\",\"name\":\"ECCO\",\"description\":\"Equipment Controls Company\",\"potentialAction\":[{\"@type\":\"SearchAction\",\"target\":{\"@type\":\"EntryPoint\",\"urlTemplate\":\"https:\\\/\\\/equipmentcontrols.com\\\/?s={search_term_string}\"},\"query-input\":{\"@type\":\"PropertyValueSpecification\",\"valueRequired\":true,\"valueName\":\"search_term_string\"}}],\"inLanguage\":\"fr-CA\"}]}<\/script>\n<!-- \/ Yoast SEO Premium plugin. -->","yoast_head_json":{"title":"SENSUS FlexNet EasyLink Reader - ECCO","description":"The Sensus FlexNet EasyLink\u2122 Reader is a portable, radio-based device used to acquire data from utility meters that utilize Sensus SmartPoint\u00ae modules and\/or Itron ERT radios. The Reader is compact and portable, allowing it to be used in any vehicle providing 12-volt DC power.","robots":{"index":"index","follow":"follow","max-snippet":"max-snippet:-1","max-image-preview":"max-image-preview:large","max-video-preview":"max-video-preview:-1"},"canonical":"https:\/\/equipmentcontrols.com\/fr\/produit\/sensus-flexnet-easylink-reader-2\/","og_locale":"fr_CA","og_type":"article","og_title":"SENSUS FlexNet EasyLink Reader","og_description":"The Sensus FlexNet EasyLink\u2122 Reader is a portable, radio-based device used to acquire data from utility meters that utilize Sensus SmartPoint\u00ae modules and\/or Itron ERT radios. The Reader is compact and portable, allowing it to be used in any vehicle providing 12-volt DC power.","og_url":"https:\/\/equipmentcontrols.com\/fr\/produit\/sensus-flexnet-easylink-reader-2\/","og_site_name":"ECCO","article_modified_time":"2020-05-14T17:20:23+00:00","og_image":[{"width":860,"height":860,"url":"https:\/\/equipmentcontrols.com\/wp-content\/uploads\/2020\/04\/SENSUS20FlexNet20EasyLink20Reader.jpg","type":"image\/jpeg"}],"twitter_card":"summary_large_image","twitter_misc":{"Estimation du temps de lecture":"2 minutes"},"schema":{"@context":"https:\/\/schema.org","@graph":[{"@type":"WebPage","@id":"https:\/\/equipmentcontrols.com\/product\/sensus-flexnet-easylink-reader-2\/","url":"https:\/\/equipmentcontrols.com\/product\/sensus-flexnet-easylink-reader-2\/","name":"SENSUS FlexNet EasyLink Reader - ECCO","isPartOf":{"@id":"https:\/\/equipmentcontrols.com\/#website"},"primaryImageOfPage":{"@id":"https:\/\/equipmentcontrols.com\/product\/sensus-flexnet-easylink-reader-2\/#primaryimage"},"image":{"@id":"https:\/\/equipmentcontrols.com\/product\/sensus-flexnet-easylink-reader-2\/#primaryimage"},"thumbnailUrl":"https:\/\/equipmentcontrols.com\/wp-content\/uploads\/2020\/04\/SENSUS20FlexNet20EasyLink20Reader.jpg","datePublished":"2020-04-24T20:26:51+00:00","dateModified":"2020-05-14T17:20:23+00:00","description":"The Sensus FlexNet EasyLink\u2122 Reader is a portable, radio-based device used to acquire data from utility meters that utilize Sensus SmartPoint\u00ae modules and\/or Itron ERT radios. The Reader is compact and portable, allowing it to be used in any vehicle providing 12-volt DC power.","breadcrumb":{"@id":"https:\/\/equipmentcontrols.com\/product\/sensus-flexnet-easylink-reader-2\/#breadcrumb"},"inLanguage":"fr-CA","potentialAction":[{"@type":"ReadAction","target":["https:\/\/equipmentcontrols.com\/product\/sensus-flexnet-easylink-reader-2\/"]}]},{"@type":"ImageObject","inLanguage":"fr-CA","@id":"https:\/\/equipmentcontrols.com\/product\/sensus-flexnet-easylink-reader-2\/#primaryimage","url":"https:\/\/equipmentcontrols.com\/wp-content\/uploads\/2020\/04\/SENSUS20FlexNet20EasyLink20Reader.jpg","contentUrl":"https:\/\/equipmentcontrols.com\/wp-content\/uploads\/2020\/04\/SENSUS20FlexNet20EasyLink20Reader.jpg","width":860,"height":860,"caption":"SENSUS20FlexNet20EasyLink20Reader"},{"@type":"BreadcrumbList","@id":"https:\/\/equipmentcontrols.com\/product\/sensus-flexnet-easylink-reader-2\/#breadcrumb","itemListElement":[{"@type":"ListItem","position":1,"name":"Home","item":"https:\/\/equipmentcontrols.com\/"},{"@type":"ListItem","position":2,"name":"Shop","item":"https:\/\/equipmentcontrols.com\/shop\/"},{"@type":"ListItem","position":3,"name":"SENSUS FlexNet EasyLink Reader"}]},{"@type":"WebSite","@id":"https:\/\/equipmentcontrols.com\/#website","url":"https:\/\/equipmentcontrols.com\/","name":"ECCO","description":"Compagnie de contr\u00f4le d&#039;\u00e9quipement","potentialAction":[{"@type":"SearchAction","target":{"@type":"EntryPoint","urlTemplate":"https:\/\/equipmentcontrols.com\/?s={search_term_string}"},"query-input":{"@type":"PropertyValueSpecification","valueRequired":true,"valueName":"search_term_string"}}],"inLanguage":"fr-CA"}]}},"_links":{"self":[{"href":"https:\/\/equipmentcontrols.com\/fr\/wp-json\/wp\/v2\/product\/403","targetHints":{"allow":["GET"]}}],"collection":[{"href":"https:\/\/equipmentcontrols.com\/fr\/wp-json\/wp\/v2\/product"}],"about":[{"href":"https:\/\/equipmentcontrols.com\/fr\/wp-json\/wp\/v2\/types\/product"}],"wp:featuredmedia":[{"embeddable":true,"href":"https:\/\/equipmentcontrols.com\/fr\/wp-json\/wp\/v2\/media\/332"}],"wp:attachment":[{"href":"https:\/\/equipmentcontrols.com\/fr\/wp-json\/wp\/v2\/media?parent=403"}],"wp:term":[{"taxonomy":"product_brand","embeddable":true,"href":"https:\/\/equipmentcontrols.com\/fr\/wp-json\/wp\/v2\/product_brand?post=403"},{"taxonomy":"product_cat","embeddable":true,"href":"https:\/\/equipmentcontrols.com\/fr\/wp-json\/wp\/v2\/product_cat?post=403"},{"taxonomy":"product_tag","embeddable":true,"href":"https:\/\/equipmentcontrols.com\/fr\/wp-json\/wp\/v2\/product_tag?post=403"}],"curies":[{"name":"wp","href":"https:\/\/api.w.org\/{rel}","templated":true}]}}