{"id":398,"date":"2020-04-24T20:25:55","date_gmt":"2020-04-24T20:25:55","guid":{"rendered":"https:\/\/econtrols.stagemysite.com\/product\/pf-staflux-mini\/"},"modified":"2023-07-16T23:41:39","modified_gmt":"2023-07-16T23:41:39","slug":"pf-staflux-mini","status":"publish","type":"product","link":"https:\/\/equipmentcontrols.com\/fr\/produit\/pf-staflux-mini\/","title":{"rendered":"PF Staflux MINI"},"content":{"rendered":"<p><strong>Staflux MINI<\/strong><br \/>\n<strong>R\u00e9gulateurs de pression de gaz \u00e0 action directe<\/strong><\/p>\n<p>The is a direct-operated pressure regulator controlled by a diaphragm and contrasting regulated counter pressure action. Mainly used for CNG trailers, high-pressure transmission systems and for medium pressure natural gas distribution networks, it can be used with previously filtered non-corrosive gases. According\u00a0 to the European Standard EN 334, it is classified as Fail Close. The Staflux Mini is Hydrogen Ready for NG-H2 blending.<\/p>\n<p>Ce d\u00e9tendeur convient \u00e9galement pour une utilisation avec des gaz non corrosifs pr\u00e9alablement filtr\u00e9s. Il s&#039;agit d&#039;une v\u00e9ritable \u00ab conception d&#039;entr\u00e9e de gamme \u00bb qui permet une maintenance facile des pi\u00e8ces directement sur le terrain.<\/p>\n<p>Set point adjustment of the regulator is operated via a three way \u2013 two valve unit used to load and unload the pressure on the top of the chamber.A small capacity relief valve prevents to set pressure at values beyond limits and, at the same time, protects the pressurised chamber from over-pressure subsequent to high ambient temperatures.<\/p>\n<p>La pression dans la chambre sup\u00e9rieure cr\u00e9e une contre-action similaire \u00e0 celle d&#039;un ressort dans des r\u00e9gulateurs plus conventionnels.<\/p>\n<p><strong>Fonctionnalit\u00e9s<\/strong><br \/>\nDonn\u00e9es techniques<br \/>\n\u2022 Taille DN disponible<br \/>\n\u2022 Temp\u00e9rature de conception<br \/>\n\u2022 Brider<br \/>\n\u2022 Connexions filet\u00e9es<br \/>\n\u2022 Dimensions<br \/>\n\u2022 Pression d&#039;entr\u00e9e<\/p>\n<p><strong>\u00c9valuer<\/strong><br \/>\n\u2022 1&quot;<br \/>\n\u2022 -15\u00a0\u00b0C \u00e0 60\u00a0\u00b0C<br \/>\n\u2022 ANSI 1500 RF<br \/>\n\u2022 NPT<br \/>\n\u2022 265 x 126 mm (sans brides)<br \/>\n\u2022 250 bars<\/p>\n<p><strong>T\u00e9l\u00e9chargements\u00a0:<\/strong><\/p>\n<p><a href=\"https:\/\/equipmentcontrols.com\/wp-content\/uploads\/2023\/04\/PF-Staflux-Mini-Flyer-04.17.23.pdf\">PF Staflux MINI Product Flyer<\/a><br \/>\n<a href=\"https:\/\/equipmentcontrols.com\/wp-content\/uploads\/2020\/04\/1225_StafluxMini_CT_E_Oct-2015_lr.pdf\">1225_StafluxMini_CT_E_Oct 2015_lr<\/a><br \/>\n<a href=\"https:\/\/equipmentcontrols.com\/wp-content\/uploads\/2020\/04\/1308_MT239_E_STAFLUXMINI.pdf\">1308_MT239_E_STAFLUXMINI<\/a><br \/>\n<a href=\"https:\/\/equipmentcontrols.com\/wp-content\/uploads\/2020\/04\/1154_Staflux-Mini-Sett-14-rev-a.pdf\">1154_Staflux Mini Sett 14 rev a<\/a><\/p>","protected":false},"excerpt":{"rendered":"<p>Staflux MINI Direct-Acting Gas Pressure Regulators The is a direct-operated pressure regulator controlled by a diaphragm and contrasting regulated counter pressure action. Mainly used for CNG trailers, high-pressure transmission systems and for medium pressure natural gas distribution networks, it can be used with previously filtered non-corrosive gases. According\u00a0 to the European Standard EN 334, it [&hellip;]<\/p>\n","protected":false},"featured_media":397,"template":"","meta":[],"product_brand":[],"product_cat":[20,139,46],"product_tag":[],"class_list":{"0":"post-398","1":"product","2":"type-product","3":"status-publish","4":"has-post-thumbnail","6":"product_cat-gas-regulators","7":"product_cat-hydrogen-ready-pressure-products","8":"product_cat-pietro-fiorentini","10":"first","11":"instock","12":"shipping-taxable","13":"product-type-simple"},"yoast_head":"<!-- This site is optimized with the Yoast SEO Premium plugin v23.9 (Yoast SEO v27.3) - https:\/\/yoast.com\/product\/yoast-seo-premium-wordpress\/ -->\n<title>PF Staflux MINI - ECCO<\/title>\n<meta name=\"description\" content=\"The STAFLUX Mini is a direct action device for high pressure, controlled by a diaphragm and contrasting regulated counter pressure action. This regulator is also suitable for using with previously filtered, non corrosive gases. It is a truly \u201ctop entry design\u201d which allows an easy maintenance of parts directly on the field.\" \/>\n<meta name=\"robots\" content=\"index, follow, max-snippet:-1, max-image-preview:large, max-video-preview:-1\" \/>\n<link rel=\"canonical\" href=\"https:\/\/equipmentcontrols.com\/fr\/produit\/pf-staflux-mini\/\" \/>\n<meta property=\"og:locale\" content=\"fr_CA\" \/>\n<meta property=\"og:type\" content=\"article\" \/>\n<meta property=\"og:title\" content=\"PF Staflux MINI\" \/>\n<meta property=\"og:description\" content=\"The STAFLUX Mini is a direct action device for high pressure, controlled by a diaphragm and contrasting regulated counter pressure action. This regulator is also suitable for using with previously filtered, non corrosive gases. It is a truly \u201ctop entry design\u201d which allows an easy maintenance of parts directly on the field.\" \/>\n<meta property=\"og:url\" content=\"https:\/\/equipmentcontrols.com\/fr\/produit\/pf-staflux-mini\/\" \/>\n<meta property=\"og:site_name\" content=\"ECCO\" \/>\n<meta property=\"article:modified_time\" content=\"2023-07-16T23:41:39+00:00\" \/>\n<meta property=\"og:image\" content=\"https:\/\/equipmentcontrols.com\/wp-content\/uploads\/2020\/04\/PF20Staflux20MINI.jpg\" \/>\n\t<meta property=\"og:image:width\" content=\"860\" \/>\n\t<meta property=\"og:image:height\" content=\"860\" \/>\n\t<meta property=\"og:image:type\" content=\"image\/jpeg\" \/>\n<meta name=\"twitter:card\" content=\"summary_large_image\" \/>\n<meta name=\"twitter:label1\" content=\"Estimation du temps de lecture\" \/>\n\t<meta name=\"twitter:data1\" content=\"2 minutes\" \/>\n<script type=\"application\/ld+json\" class=\"yoast-schema-graph\">{\"@context\":\"https:\\\/\\\/schema.org\",\"@graph\":[{\"@type\":\"WebPage\",\"@id\":\"https:\\\/\\\/equipmentcontrols.com\\\/product\\\/pf-staflux-mini\\\/\",\"url\":\"https:\\\/\\\/equipmentcontrols.com\\\/product\\\/pf-staflux-mini\\\/\",\"name\":\"PF Staflux MINI - ECCO\",\"isPartOf\":{\"@id\":\"https:\\\/\\\/equipmentcontrols.com\\\/#website\"},\"primaryImageOfPage\":{\"@id\":\"https:\\\/\\\/equipmentcontrols.com\\\/product\\\/pf-staflux-mini\\\/#primaryimage\"},\"image\":{\"@id\":\"https:\\\/\\\/equipmentcontrols.com\\\/product\\\/pf-staflux-mini\\\/#primaryimage\"},\"thumbnailUrl\":\"https:\\\/\\\/equipmentcontrols.com\\\/wp-content\\\/uploads\\\/2020\\\/04\\\/PF20Staflux20MINI.jpg\",\"datePublished\":\"2020-04-24T20:25:55+00:00\",\"dateModified\":\"2023-07-16T23:41:39+00:00\",\"description\":\"The STAFLUX Mini is a direct action device for high pressure, controlled by a diaphragm and contrasting regulated counter pressure action. This regulator is also suitable for using with previously filtered, non corrosive gases. It is a truly \u201ctop entry design\u201d which allows an easy maintenance of parts directly on the field.\",\"breadcrumb\":{\"@id\":\"https:\\\/\\\/equipmentcontrols.com\\\/product\\\/pf-staflux-mini\\\/#breadcrumb\"},\"inLanguage\":\"fr-CA\",\"potentialAction\":[{\"@type\":\"ReadAction\",\"target\":[\"https:\\\/\\\/equipmentcontrols.com\\\/product\\\/pf-staflux-mini\\\/\"]}]},{\"@type\":\"ImageObject\",\"inLanguage\":\"fr-CA\",\"@id\":\"https:\\\/\\\/equipmentcontrols.com\\\/product\\\/pf-staflux-mini\\\/#primaryimage\",\"url\":\"https:\\\/\\\/equipmentcontrols.com\\\/wp-content\\\/uploads\\\/2020\\\/04\\\/PF20Staflux20MINI.jpg\",\"contentUrl\":\"https:\\\/\\\/equipmentcontrols.com\\\/wp-content\\\/uploads\\\/2020\\\/04\\\/PF20Staflux20MINI.jpg\",\"width\":860,\"height\":860,\"caption\":\"PF20Staflux20MINI\"},{\"@type\":\"BreadcrumbList\",\"@id\":\"https:\\\/\\\/equipmentcontrols.com\\\/product\\\/pf-staflux-mini\\\/#breadcrumb\",\"itemListElement\":[{\"@type\":\"ListItem\",\"position\":1,\"name\":\"Home\",\"item\":\"https:\\\/\\\/equipmentcontrols.com\\\/\"},{\"@type\":\"ListItem\",\"position\":2,\"name\":\"Shop\",\"item\":\"https:\\\/\\\/equipmentcontrols.com\\\/shop\\\/\"},{\"@type\":\"ListItem\",\"position\":3,\"name\":\"PF Staflux MINI\"}]},{\"@type\":\"WebSite\",\"@id\":\"https:\\\/\\\/equipmentcontrols.com\\\/#website\",\"url\":\"https:\\\/\\\/equipmentcontrols.com\\\/\",\"name\":\"ECCO\",\"description\":\"Equipment Controls Company\",\"potentialAction\":[{\"@type\":\"SearchAction\",\"target\":{\"@type\":\"EntryPoint\",\"urlTemplate\":\"https:\\\/\\\/equipmentcontrols.com\\\/?s={search_term_string}\"},\"query-input\":{\"@type\":\"PropertyValueSpecification\",\"valueRequired\":true,\"valueName\":\"search_term_string\"}}],\"inLanguage\":\"fr-CA\"}]}<\/script>\n<!-- \/ Yoast SEO Premium plugin. -->","yoast_head_json":{"title":"PF Staflux MINI - ECCO","description":"The STAFLUX Mini is a direct action device for high pressure, controlled by a diaphragm and contrasting regulated counter pressure action. This regulator is also suitable for using with previously filtered, non corrosive gases. It is a truly \u201ctop entry design\u201d which allows an easy maintenance of parts directly on the field.","robots":{"index":"index","follow":"follow","max-snippet":"max-snippet:-1","max-image-preview":"max-image-preview:large","max-video-preview":"max-video-preview:-1"},"canonical":"https:\/\/equipmentcontrols.com\/fr\/produit\/pf-staflux-mini\/","og_locale":"fr_CA","og_type":"article","og_title":"PF Staflux MINI","og_description":"The STAFLUX Mini is a direct action device for high pressure, controlled by a diaphragm and contrasting regulated counter pressure action. This regulator is also suitable for using with previously filtered, non corrosive gases. It is a truly \u201ctop entry design\u201d which allows an easy maintenance of parts directly on the field.","og_url":"https:\/\/equipmentcontrols.com\/fr\/produit\/pf-staflux-mini\/","og_site_name":"ECCO","article_modified_time":"2023-07-16T23:41:39+00:00","og_image":[{"width":860,"height":860,"url":"https:\/\/equipmentcontrols.com\/wp-content\/uploads\/2020\/04\/PF20Staflux20MINI.jpg","type":"image\/jpeg"}],"twitter_card":"summary_large_image","twitter_misc":{"Estimation du temps de lecture":"2 minutes"},"schema":{"@context":"https:\/\/schema.org","@graph":[{"@type":"WebPage","@id":"https:\/\/equipmentcontrols.com\/product\/pf-staflux-mini\/","url":"https:\/\/equipmentcontrols.com\/product\/pf-staflux-mini\/","name":"PF Staflux MINI - ECCO","isPartOf":{"@id":"https:\/\/equipmentcontrols.com\/#website"},"primaryImageOfPage":{"@id":"https:\/\/equipmentcontrols.com\/product\/pf-staflux-mini\/#primaryimage"},"image":{"@id":"https:\/\/equipmentcontrols.com\/product\/pf-staflux-mini\/#primaryimage"},"thumbnailUrl":"https:\/\/equipmentcontrols.com\/wp-content\/uploads\/2020\/04\/PF20Staflux20MINI.jpg","datePublished":"2020-04-24T20:25:55+00:00","dateModified":"2023-07-16T23:41:39+00:00","description":"The STAFLUX Mini is a direct action device for high pressure, controlled by a diaphragm and contrasting regulated counter pressure action. This regulator is also suitable for using with previously filtered, non corrosive gases. It is a truly \u201ctop entry design\u201d which allows an easy maintenance of parts directly on the field.","breadcrumb":{"@id":"https:\/\/equipmentcontrols.com\/product\/pf-staflux-mini\/#breadcrumb"},"inLanguage":"fr-CA","potentialAction":[{"@type":"ReadAction","target":["https:\/\/equipmentcontrols.com\/product\/pf-staflux-mini\/"]}]},{"@type":"ImageObject","inLanguage":"fr-CA","@id":"https:\/\/equipmentcontrols.com\/product\/pf-staflux-mini\/#primaryimage","url":"https:\/\/equipmentcontrols.com\/wp-content\/uploads\/2020\/04\/PF20Staflux20MINI.jpg","contentUrl":"https:\/\/equipmentcontrols.com\/wp-content\/uploads\/2020\/04\/PF20Staflux20MINI.jpg","width":860,"height":860,"caption":"PF20Staflux20MINI"},{"@type":"BreadcrumbList","@id":"https:\/\/equipmentcontrols.com\/product\/pf-staflux-mini\/#breadcrumb","itemListElement":[{"@type":"ListItem","position":1,"name":"Home","item":"https:\/\/equipmentcontrols.com\/"},{"@type":"ListItem","position":2,"name":"Shop","item":"https:\/\/equipmentcontrols.com\/shop\/"},{"@type":"ListItem","position":3,"name":"PF Staflux MINI"}]},{"@type":"WebSite","@id":"https:\/\/equipmentcontrols.com\/#website","url":"https:\/\/equipmentcontrols.com\/","name":"ECCO","description":"Compagnie de contr\u00f4le d&#039;\u00e9quipement","potentialAction":[{"@type":"SearchAction","target":{"@type":"EntryPoint","urlTemplate":"https:\/\/equipmentcontrols.com\/?s={search_term_string}"},"query-input":{"@type":"PropertyValueSpecification","valueRequired":true,"valueName":"search_term_string"}}],"inLanguage":"fr-CA"}]}},"_links":{"self":[{"href":"https:\/\/equipmentcontrols.com\/fr\/wp-json\/wp\/v2\/product\/398","targetHints":{"allow":["GET"]}}],"collection":[{"href":"https:\/\/equipmentcontrols.com\/fr\/wp-json\/wp\/v2\/product"}],"about":[{"href":"https:\/\/equipmentcontrols.com\/fr\/wp-json\/wp\/v2\/types\/product"}],"wp:featuredmedia":[{"embeddable":true,"href":"https:\/\/equipmentcontrols.com\/fr\/wp-json\/wp\/v2\/media\/397"}],"wp:attachment":[{"href":"https:\/\/equipmentcontrols.com\/fr\/wp-json\/wp\/v2\/media?parent=398"}],"wp:term":[{"taxonomy":"product_brand","embeddable":true,"href":"https:\/\/equipmentcontrols.com\/fr\/wp-json\/wp\/v2\/product_brand?post=398"},{"taxonomy":"product_cat","embeddable":true,"href":"https:\/\/equipmentcontrols.com\/fr\/wp-json\/wp\/v2\/product_cat?post=398"},{"taxonomy":"product_tag","embeddable":true,"href":"https:\/\/equipmentcontrols.com\/fr\/wp-json\/wp\/v2\/product_tag?post=398"}],"curies":[{"name":"wp","href":"https:\/\/api.w.org\/{rel}","templated":true}]}}