{"id":393,"date":"2020-04-24T20:25:54","date_gmt":"2020-04-24T20:25:54","guid":{"rendered":"https:\/\/econtrols.stagemysite.com\/product\/pf-staflux-185\/"},"modified":"2020-04-29T18:28:35","modified_gmt":"2020-04-29T18:28:35","slug":"pf-staflux-185","status":"publish","type":"product","link":"https:\/\/equipmentcontrols.com\/fr\/produit\/pf-staflux-185\/","title":{"rendered":"PF Staflux 185"},"content":{"rendered":"<p><strong>R\u00e9gulateur de pression Pietro Fiorentini Staflux 185<\/strong><\/p>\n<p>Les d\u00e9tendeurs STAFLUX 185 sont des appareils \u00e0 action directe pour moyenne et haute pression, command\u00e9s par une membrane et \u00e0 action de contre-pression r\u00e9gul\u00e9e contrast\u00e9e.<\/p>\n<p>Ces r\u00e9gulateurs conviennent \u00e0 une utilisation avec des gaz pr\u00e9filtr\u00e9s non corrosifs.<\/p>\n<p><strong>Fonctionnalit\u00e9s<\/strong><br \/>\n<strong>Donn\u00e9es techniques:<\/strong><br \/>\n\u2022 Classe de pr\u00e9cision<br \/>\n\u2022 Taille DN disponible<br \/>\n\u2022 Classe de pression de fermeture SG<br \/>\n\u2022 Pression de conception<br \/>\n\u2022 Temp\u00e9rature de conception<br \/>\n\u2022 Brider<br \/>\n\u2022 Plage de pression de sortie de Wd<br \/>\n\u2022 Plage de pression d&#039;entr\u00e9e bpu<\/p>\n<p><strong>\u00c9valuer:<\/strong><br \/>\n\u2022 jusqu&#039;\u00e0 5<br \/>\n\u2022 -20\u00a0\u00b0C \u00e0 60\u00a0\u00b0C<br \/>\n\u2022 1\u2033 \u2013 2\u2033 \u2013 3\u2033<br \/>\n\u2022 jusqu&#039;\u00e0 10<br \/>\n\u2022 jusqu&#039;\u00e0 100 bars<br \/>\n\u2022 -15\u00a0\u00b0C \u00e0 60\u00a0\u00b0C<br \/>\n\u2022 classe 300-600 RF selon ANSI B16.5.<br \/>\n\u2022 1 \u00f7 75 bars<br \/>\n\u2022 2 \u00e0 85 bars<\/p>\n<p><strong>T\u00e9l\u00e9chargements\u00a0:<\/strong><br \/>\n<a href=\"https:\/\/equipmentcontrols.com\/wp-content\/uploads\/2020\/04\/143_185_staflux_185_ct-s515-e_sept_2013_rgb.pdf\">Brochure PF Staflux 185<\/a><br \/>\n<a href=\"https:\/\/equipmentcontrols.com\/wp-content\/uploads\/2020\/04\/306_staflux185mt_eng.pdf\">Instructions techniques <\/a><br \/>\n<a href=\"https:\/\/equipmentcontrols.com\/wp-content\/uploads\/2020\/04\/406_staflux185_p_414__poster.pdf\">Affiche<\/a><\/p>","protected":false},"excerpt":{"rendered":"<p>Pietro Fiorentini Staflux 185 Pressure Regulator The STAFLUX 185 pressure regulators are direct-action devices for medium and high pressure, controlled by a diaphragm and contrasting regulated counter pressure action. These regulators are suitable for use with pre-filtered, non-corrosive gases. Features Technical data: \u2022 Accuracy class \u2022\u00a0Available size DN \u2022\u00a0Closing pressure class SG \u2022\u00a0Design pressure \u2022\u00a0Design [&hellip;]<\/p>\n","protected":false},"featured_media":392,"template":"","meta":[],"product_brand":[],"product_cat":[20,46],"product_tag":[],"class_list":{"0":"post-393","1":"product","2":"type-product","3":"status-publish","4":"has-post-thumbnail","6":"product_cat-gas-regulators","7":"product_cat-pietro-fiorentini","9":"first","10":"instock","11":"shipping-taxable","12":"product-type-simple"},"yoast_head":"<!-- This site is optimized with the Yoast SEO Premium plugin v23.9 (Yoast SEO v27.5) - https:\/\/yoast.com\/product\/yoast-seo-premium-wordpress\/ -->\n<title>PF Staflux 185 - ECCO<\/title>\n<meta name=\"robots\" content=\"index, follow, max-snippet:-1, max-image-preview:large, max-video-preview:-1\" \/>\n<link rel=\"canonical\" href=\"https:\/\/equipmentcontrols.com\/fr\/produit\/pf-staflux-185\/\" \/>\n<meta property=\"og:locale\" content=\"fr_CA\" \/>\n<meta property=\"og:type\" content=\"article\" \/>\n<meta property=\"og:title\" content=\"PF Staflux 185\" \/>\n<meta property=\"og:description\" content=\"Pietro Fiorentini Staflux 185 Pressure Regulator The STAFLUX 185 pressure regulators are direct-action devices for medium and high pressure, controlled by a diaphragm and contrasting regulated counter pressure action. These regulators are suitable for use with pre-filtered, non-corrosive gases. Features Technical data: \u2022 Accuracy class \u2022\u00a0Available size DN \u2022\u00a0Closing pressure class SG \u2022\u00a0Design pressure \u2022\u00a0Design [&hellip;]\" \/>\n<meta property=\"og:url\" content=\"https:\/\/equipmentcontrols.com\/fr\/produit\/pf-staflux-185\/\" \/>\n<meta property=\"og:site_name\" content=\"ECCO\" \/>\n<meta property=\"article:modified_time\" content=\"2020-04-29T18:28:35+00:00\" \/>\n<meta property=\"og:image\" content=\"https:\/\/equipmentcontrols.com\/wp-content\/uploads\/2020\/04\/PF20Staflux20185.jpg\" \/>\n\t<meta property=\"og:image:width\" content=\"860\" \/>\n\t<meta property=\"og:image:height\" content=\"860\" \/>\n\t<meta property=\"og:image:type\" content=\"image\/jpeg\" \/>\n<meta name=\"twitter:card\" content=\"summary_large_image\" \/>\n<script type=\"application\/ld+json\" class=\"yoast-schema-graph\">{\"@context\":\"https:\\\/\\\/schema.org\",\"@graph\":[{\"@type\":\"WebPage\",\"@id\":\"https:\\\/\\\/equipmentcontrols.com\\\/product\\\/pf-staflux-185\\\/\",\"url\":\"https:\\\/\\\/equipmentcontrols.com\\\/product\\\/pf-staflux-185\\\/\",\"name\":\"PF Staflux 185 - ECCO\",\"isPartOf\":{\"@id\":\"https:\\\/\\\/equipmentcontrols.com\\\/#website\"},\"primaryImageOfPage\":{\"@id\":\"https:\\\/\\\/equipmentcontrols.com\\\/product\\\/pf-staflux-185\\\/#primaryimage\"},\"image\":{\"@id\":\"https:\\\/\\\/equipmentcontrols.com\\\/product\\\/pf-staflux-185\\\/#primaryimage\"},\"thumbnailUrl\":\"https:\\\/\\\/equipmentcontrols.com\\\/wp-content\\\/uploads\\\/2020\\\/04\\\/PF20Staflux20185.jpg\",\"datePublished\":\"2020-04-24T20:25:54+00:00\",\"dateModified\":\"2020-04-29T18:28:35+00:00\",\"breadcrumb\":{\"@id\":\"https:\\\/\\\/equipmentcontrols.com\\\/product\\\/pf-staflux-185\\\/#breadcrumb\"},\"inLanguage\":\"fr-CA\",\"potentialAction\":[{\"@type\":\"ReadAction\",\"target\":[\"https:\\\/\\\/equipmentcontrols.com\\\/product\\\/pf-staflux-185\\\/\"]}]},{\"@type\":\"ImageObject\",\"inLanguage\":\"fr-CA\",\"@id\":\"https:\\\/\\\/equipmentcontrols.com\\\/product\\\/pf-staflux-185\\\/#primaryimage\",\"url\":\"https:\\\/\\\/equipmentcontrols.com\\\/wp-content\\\/uploads\\\/2020\\\/04\\\/PF20Staflux20185.jpg\",\"contentUrl\":\"https:\\\/\\\/equipmentcontrols.com\\\/wp-content\\\/uploads\\\/2020\\\/04\\\/PF20Staflux20185.jpg\",\"width\":860,\"height\":860,\"caption\":\"PF20Staflux20185\"},{\"@type\":\"BreadcrumbList\",\"@id\":\"https:\\\/\\\/equipmentcontrols.com\\\/product\\\/pf-staflux-185\\\/#breadcrumb\",\"itemListElement\":[{\"@type\":\"ListItem\",\"position\":1,\"name\":\"Home\",\"item\":\"https:\\\/\\\/equipmentcontrols.com\\\/\"},{\"@type\":\"ListItem\",\"position\":2,\"name\":\"Shop\",\"item\":\"https:\\\/\\\/equipmentcontrols.com\\\/shop\\\/\"},{\"@type\":\"ListItem\",\"position\":3,\"name\":\"PF Staflux 185\"}]},{\"@type\":\"WebSite\",\"@id\":\"https:\\\/\\\/equipmentcontrols.com\\\/#website\",\"url\":\"https:\\\/\\\/equipmentcontrols.com\\\/\",\"name\":\"ECCO\",\"description\":\"Equipment Controls Company\",\"potentialAction\":[{\"@type\":\"SearchAction\",\"target\":{\"@type\":\"EntryPoint\",\"urlTemplate\":\"https:\\\/\\\/equipmentcontrols.com\\\/?s={search_term_string}\"},\"query-input\":{\"@type\":\"PropertyValueSpecification\",\"valueRequired\":true,\"valueName\":\"search_term_string\"}}],\"inLanguage\":\"fr-CA\"}]}<\/script>\n<!-- \/ Yoast SEO Premium plugin. -->","yoast_head_json":{"title":"PF Staflux 185 - ECCO","robots":{"index":"index","follow":"follow","max-snippet":"max-snippet:-1","max-image-preview":"max-image-preview:large","max-video-preview":"max-video-preview:-1"},"canonical":"https:\/\/equipmentcontrols.com\/fr\/produit\/pf-staflux-185\/","og_locale":"fr_CA","og_type":"article","og_title":"PF Staflux 185","og_description":"Pietro Fiorentini Staflux 185 Pressure Regulator The STAFLUX 185 pressure regulators are direct-action devices for medium and high pressure, controlled by a diaphragm and contrasting regulated counter pressure action. These regulators are suitable for use with pre-filtered, non-corrosive gases. Features Technical data: \u2022 Accuracy class \u2022\u00a0Available size DN \u2022\u00a0Closing pressure class SG \u2022\u00a0Design pressure \u2022\u00a0Design [&hellip;]","og_url":"https:\/\/equipmentcontrols.com\/fr\/produit\/pf-staflux-185\/","og_site_name":"ECCO","article_modified_time":"2020-04-29T18:28:35+00:00","og_image":[{"width":860,"height":860,"url":"https:\/\/equipmentcontrols.com\/wp-content\/uploads\/2020\/04\/PF20Staflux20185.jpg","type":"image\/jpeg"}],"twitter_card":"summary_large_image","schema":{"@context":"https:\/\/schema.org","@graph":[{"@type":"WebPage","@id":"https:\/\/equipmentcontrols.com\/product\/pf-staflux-185\/","url":"https:\/\/equipmentcontrols.com\/product\/pf-staflux-185\/","name":"PF Staflux 185 - ECCO","isPartOf":{"@id":"https:\/\/equipmentcontrols.com\/#website"},"primaryImageOfPage":{"@id":"https:\/\/equipmentcontrols.com\/product\/pf-staflux-185\/#primaryimage"},"image":{"@id":"https:\/\/equipmentcontrols.com\/product\/pf-staflux-185\/#primaryimage"},"thumbnailUrl":"https:\/\/equipmentcontrols.com\/wp-content\/uploads\/2020\/04\/PF20Staflux20185.jpg","datePublished":"2020-04-24T20:25:54+00:00","dateModified":"2020-04-29T18:28:35+00:00","breadcrumb":{"@id":"https:\/\/equipmentcontrols.com\/product\/pf-staflux-185\/#breadcrumb"},"inLanguage":"fr-CA","potentialAction":[{"@type":"ReadAction","target":["https:\/\/equipmentcontrols.com\/product\/pf-staflux-185\/"]}]},{"@type":"ImageObject","inLanguage":"fr-CA","@id":"https:\/\/equipmentcontrols.com\/product\/pf-staflux-185\/#primaryimage","url":"https:\/\/equipmentcontrols.com\/wp-content\/uploads\/2020\/04\/PF20Staflux20185.jpg","contentUrl":"https:\/\/equipmentcontrols.com\/wp-content\/uploads\/2020\/04\/PF20Staflux20185.jpg","width":860,"height":860,"caption":"PF20Staflux20185"},{"@type":"BreadcrumbList","@id":"https:\/\/equipmentcontrols.com\/product\/pf-staflux-185\/#breadcrumb","itemListElement":[{"@type":"ListItem","position":1,"name":"Home","item":"https:\/\/equipmentcontrols.com\/"},{"@type":"ListItem","position":2,"name":"Shop","item":"https:\/\/equipmentcontrols.com\/shop\/"},{"@type":"ListItem","position":3,"name":"PF Staflux 185"}]},{"@type":"WebSite","@id":"https:\/\/equipmentcontrols.com\/#website","url":"https:\/\/equipmentcontrols.com\/","name":"ECCO","description":"Compagnie de contr\u00f4le d&#039;\u00e9quipement","potentialAction":[{"@type":"SearchAction","target":{"@type":"EntryPoint","urlTemplate":"https:\/\/equipmentcontrols.com\/?s={search_term_string}"},"query-input":{"@type":"PropertyValueSpecification","valueRequired":true,"valueName":"search_term_string"}}],"inLanguage":"fr-CA"}]}},"_links":{"self":[{"href":"https:\/\/equipmentcontrols.com\/fr\/wp-json\/wp\/v2\/product\/393","targetHints":{"allow":["GET"]}}],"collection":[{"href":"https:\/\/equipmentcontrols.com\/fr\/wp-json\/wp\/v2\/product"}],"about":[{"href":"https:\/\/equipmentcontrols.com\/fr\/wp-json\/wp\/v2\/types\/product"}],"wp:featuredmedia":[{"embeddable":true,"href":"https:\/\/equipmentcontrols.com\/fr\/wp-json\/wp\/v2\/media\/392"}],"wp:attachment":[{"href":"https:\/\/equipmentcontrols.com\/fr\/wp-json\/wp\/v2\/media?parent=393"}],"wp:term":[{"taxonomy":"product_brand","embeddable":true,"href":"https:\/\/equipmentcontrols.com\/fr\/wp-json\/wp\/v2\/product_brand?post=393"},{"taxonomy":"product_cat","embeddable":true,"href":"https:\/\/equipmentcontrols.com\/fr\/wp-json\/wp\/v2\/product_cat?post=393"},{"taxonomy":"product_tag","embeddable":true,"href":"https:\/\/equipmentcontrols.com\/fr\/wp-json\/wp\/v2\/product_tag?post=393"}],"curies":[{"name":"wp","href":"https:\/\/api.w.org\/{rel}","templated":true}]}}