{"id":373,"date":"2020-04-24T20:25:52","date_gmt":"2020-04-24T20:25:52","guid":{"rendered":"https:\/\/econtrols.stagemysite.com\/product\/pf-norval\/"},"modified":"2025-05-28T19:27:03","modified_gmt":"2025-05-28T19:27:03","slug":"pf-norval","status":"publish","type":"product","link":"https:\/\/equipmentcontrols.com\/fr\/produit\/pf-norval\/","title":{"rendered":"PF NORVAL"},"content":{"rendered":"<p><strong>PF NORVAL <\/strong><strong>R\u00e9gulateurs de pression de gaz \u00e0 action directe<\/strong><\/p>\n<p>Le NORVAL est un r\u00e9gulateur de pression aval, auto actionn\u00e9, \u00e0 ressort pour les applications moyenne et basse pression. Il convient aux fluides gazeux, non corrosifs, pr\u00e9alablement filtr\u00e9s.<\/p>\n<p>Sa conception de vanne \u00e9quilibr\u00e9e donne une r\u00e9ponse rapide aux conditions de fonctionnement variables, ce qui la rend particuli\u00e8rement adapt\u00e9e \u00e0 une utilisation lors du service de br\u00fbleurs ON-OFF et dans tout processus industriel o\u00f9 vous avez un changement rapide du d\u00e9bit.<\/p>\n<p>Its features of good accuracy of regulation, even in presence of significant upstream pressure changes and\/or flow rate, which makes the Norval regulator also particularly suitable for use in natural gas gate stations and industrial and commercial applications.<\/p>\n<p>Le d\u00e9tendeur NORVAL, dans sa version de base, est class\u00e9 comme d\u00e9tendeur \u00e0 d\u00e9faut d&#039;ouverture (Fail to Open). Il s&#039;agit v\u00e9ritablement d&#039;une conception TOP ENTRY, qui conf\u00e8re au r\u00e9gulateur des avantages de gestion, par exemple la possibilit\u00e9 d&#039;effectuer une maintenance compl\u00e8te sans le retirer de la tuyauterie connect\u00e9e.<\/p>\n<p><strong>Caract\u00e9ristiques fonctionnelles : *<br \/>\n<\/strong><\/p>\n<p>\u2022 Pression d&#039;entr\u00e9e maximale jusqu&#039;\u00e0\u00a0:<br \/>\n-284 PSIG pour les r\u00e9gulateurs de 1&quot; \u00e0 3&quot;<br \/>\n-116 PSIG pour les d\u00e9tendeurs de 4&quot; \u00e0 8&quot;<br \/>\n-275 PSIG pour le corps en acier et 246 PSIG pour la fonte ductile<br \/>\n\u2022 Gamme de pression aval :<br \/>\n-de 4.0\u2033 WC \u00e0 63.81 PSIG pour les d\u00e9tendeurs de 1\u201d \u00e0 4\u201d<br \/>\n-de 4.8 \u201d WC \u00e0 26.10 PSIG pour les d\u00e9tendeurs (6\u201d) et (8\u201d)<br \/>\n\u2022 Temp\u00e9rature ambiante minimale : Ex\u00e9cution jusqu&#039;\u00e0 -40\u00b0F (\u00e0 pr\u00e9ciser dans la demande)<br \/>\n\u2022 Temp\u00e9rature ambiante maximale\u00a0: +140\u00a0\u00b0F<br \/>\n\u2022\u00a0Temp\u00e9rature du gaz en circulation\u00a0: jusqu&#039;\u00e0 -4\u00a0\u00b0F + 140\u00a0\u00b0F<br \/>\n\u2022 Classe de pr\u00e9cision AC\u00a0: jusqu&#039;\u00e0 5<br \/>\n\u2022 Classe de pression de recherche SG\u00a0: jusqu&#039;\u00e0 10<\/p>\n<p><strong>Caract\u00e9ristiques de conception:<\/strong><br \/>\n\u2022 Dimensions nominales DN : 1\u201d \u2013 1\u201d -1\/2 \u2013 2\u201d \u2013 2\u201d1\/2 \u2013 3\u201d \u2013 4\u201d \u2013 16\u201d \u2013 8\u201d<br \/>\n\u2022 Raccordements \u00e0 brides : UNI PN 16 ; classe 150 RF<\/p>\n<p><strong>Mat\u00e9riaux:**<\/strong><br \/>\n\u2022 Corps : Acier coul\u00e9 ASTM A 216 WCB (tous DN). Fonte ductile sph\u00e9ro\u00efdale GS 400 \u2013 18 ISO 1083 DN 150 (6&quot;) inclus.<br \/>\n\u2022 Couvercles : Diam\u00e8tre du 375 au 630 Acier au carbone matric\u00e9 \/ du 658 au 817 Aluminium<br \/>\n\u2022 Diaphragme\u00a0: toile caoutchout\u00e9e (r\u00e9alis\u00e9e par un proc\u00e9d\u00e9 de pressage \u00e0 chaud)<br \/>\n\u2022 Si\u00e8ge\u00a0: acier inoxydable<br \/>\n\u2022 Bague d&#039;\u00e9tanch\u00e9it\u00e9\u00a0: caoutchouc nitrile<br \/>\n\u2022 Raccords de raccordement : En acier au carbone zingu\u00e9 selon DIN 2353 ; Inox sur demande<\/p>\n<p><em>* Diff\u00e9rentes caract\u00e9ristiques fonctionnelles disponibles sur demande.<\/em><br \/>\n<em>** Les mat\u00e9riaux indiqu\u00e9s ci-dessus se r\u00e9f\u00e8rent aux mod\u00e8les standards.<\/em><br \/>\n<em>Diff\u00e9rents mat\u00e9riaux peuvent \u00eatre fournis selon les besoins sp\u00e9cifiques.<\/em><\/p>\n<p>&nbsp;<\/p>\n<p><strong>T\u00e9l\u00e9chargements\u00a0:<\/strong><br \/>\n<a href=\"https:\/\/equipmentcontrols.com\/wp-content\/uploads\/2023\/04\/PF-Norval-Flyer-04.17.23.pdf\">Brochure PF Norval<\/a><br \/>\n<a href=\"https:\/\/equipmentcontrols.com\/wp-content\/uploads\/2023\/04\/PF-Norval-Flyer-04.17.23.pdf\">PF Norval Flyer<\/a><br \/>\n<a href=\"https:\/\/equipmentcontrols.com\/wp-content\/uploads\/2020\/04\/405_norval_po_ps505_eng.pdf\">Affiche<\/a><\/p>","protected":false},"excerpt":{"rendered":"<p>The PF Norval features of good accuracy of regulation, even in presence of significant upstream pressure changes and\/or flow rate, which makes it particularly suitable for use in natural gas gate stations and industrial and commercial applications.<\/p>","protected":false},"featured_media":372,"template":"","meta":[],"product_brand":[],"product_cat":[20,139,46],"product_tag":[118,122,168,167,120],"class_list":{"0":"post-373","1":"product","2":"type-product","3":"status-publish","4":"has-post-thumbnail","6":"product_cat-gas-regulators","7":"product_cat-hydrogen-ready-pressure-products","8":"product_cat-pietro-fiorentini","9":"product_tag-gas-pressure-regulator","10":"product_tag-natural-gas-regulator","11":"product_tag-pf-gas-regulator","12":"product_tag-pf-norval","13":"product_tag-pietro-fiorentini","15":"first","16":"instock","17":"shipping-taxable","18":"product-type-simple"},"yoast_head":"<!-- This site is optimized with the Yoast SEO Premium plugin v23.9 (Yoast SEO v27.3) - https:\/\/yoast.com\/product\/yoast-seo-premium-wordpress\/ -->\n<title>PF NORVAL - ECCO<\/title>\n<meta name=\"description\" content=\"The PF NORVAL is a direct-acting gas pressure regulator. The balanced valve design gives quick response to varying operating conditions.\" \/>\n<meta name=\"robots\" content=\"index, follow, max-snippet:-1, max-image-preview:large, max-video-preview:-1\" \/>\n<link rel=\"canonical\" href=\"https:\/\/equipmentcontrols.com\/fr\/produit\/pf-norval\/\" \/>\n<meta property=\"og:locale\" content=\"fr_CA\" \/>\n<meta property=\"og:type\" content=\"article\" \/>\n<meta property=\"og:title\" content=\"PF NORVAL\" \/>\n<meta property=\"og:description\" content=\"The PF NORVAL is a direct-acting gas pressure regulator. The balanced valve design gives quick response to varying operating conditions.\" \/>\n<meta property=\"og:url\" content=\"https:\/\/equipmentcontrols.com\/fr\/produit\/pf-norval\/\" \/>\n<meta property=\"og:site_name\" content=\"ECCO\" \/>\n<meta property=\"article:modified_time\" content=\"2025-05-28T19:27:03+00:00\" \/>\n<meta property=\"og:image\" content=\"https:\/\/equipmentcontrols.com\/wp-content\/uploads\/2020\/04\/PF20Norval.jpg\" \/>\n\t<meta property=\"og:image:width\" content=\"860\" \/>\n\t<meta property=\"og:image:height\" content=\"860\" \/>\n\t<meta property=\"og:image:type\" content=\"image\/jpeg\" \/>\n<meta name=\"twitter:card\" content=\"summary_large_image\" \/>\n<meta name=\"twitter:label1\" content=\"Estimation du temps de lecture\" \/>\n\t<meta name=\"twitter:data1\" content=\"2 minutes\" \/>\n<script type=\"application\/ld+json\" class=\"yoast-schema-graph\">{\"@context\":\"https:\\\/\\\/schema.org\",\"@graph\":[{\"@type\":\"WebPage\",\"@id\":\"https:\\\/\\\/equipmentcontrols.com\\\/product\\\/pf-norval\\\/\",\"url\":\"https:\\\/\\\/equipmentcontrols.com\\\/product\\\/pf-norval\\\/\",\"name\":\"PF NORVAL - ECCO\",\"isPartOf\":{\"@id\":\"https:\\\/\\\/equipmentcontrols.com\\\/#website\"},\"primaryImageOfPage\":{\"@id\":\"https:\\\/\\\/equipmentcontrols.com\\\/product\\\/pf-norval\\\/#primaryimage\"},\"image\":{\"@id\":\"https:\\\/\\\/equipmentcontrols.com\\\/product\\\/pf-norval\\\/#primaryimage\"},\"thumbnailUrl\":\"https:\\\/\\\/equipmentcontrols.com\\\/wp-content\\\/uploads\\\/2020\\\/04\\\/PF20Norval.jpg\",\"datePublished\":\"2020-04-24T20:25:52+00:00\",\"dateModified\":\"2025-05-28T19:27:03+00:00\",\"description\":\"The PF NORVAL is a direct-acting gas pressure regulator. The balanced valve design gives quick response to varying operating conditions.\",\"breadcrumb\":{\"@id\":\"https:\\\/\\\/equipmentcontrols.com\\\/product\\\/pf-norval\\\/#breadcrumb\"},\"inLanguage\":\"fr-CA\",\"potentialAction\":[{\"@type\":\"ReadAction\",\"target\":[\"https:\\\/\\\/equipmentcontrols.com\\\/product\\\/pf-norval\\\/\"]}]},{\"@type\":\"ImageObject\",\"inLanguage\":\"fr-CA\",\"@id\":\"https:\\\/\\\/equipmentcontrols.com\\\/product\\\/pf-norval\\\/#primaryimage\",\"url\":\"https:\\\/\\\/equipmentcontrols.com\\\/wp-content\\\/uploads\\\/2020\\\/04\\\/PF20Norval.jpg\",\"contentUrl\":\"https:\\\/\\\/equipmentcontrols.com\\\/wp-content\\\/uploads\\\/2020\\\/04\\\/PF20Norval.jpg\",\"width\":860,\"height\":860,\"caption\":\"PF20Norval\"},{\"@type\":\"BreadcrumbList\",\"@id\":\"https:\\\/\\\/equipmentcontrols.com\\\/product\\\/pf-norval\\\/#breadcrumb\",\"itemListElement\":[{\"@type\":\"ListItem\",\"position\":1,\"name\":\"Home\",\"item\":\"https:\\\/\\\/equipmentcontrols.com\\\/\"},{\"@type\":\"ListItem\",\"position\":2,\"name\":\"Shop\",\"item\":\"https:\\\/\\\/equipmentcontrols.com\\\/shop\\\/\"},{\"@type\":\"ListItem\",\"position\":3,\"name\":\"PF NORVAL\"}]},{\"@type\":\"WebSite\",\"@id\":\"https:\\\/\\\/equipmentcontrols.com\\\/#website\",\"url\":\"https:\\\/\\\/equipmentcontrols.com\\\/\",\"name\":\"ECCO\",\"description\":\"Equipment Controls Company\",\"potentialAction\":[{\"@type\":\"SearchAction\",\"target\":{\"@type\":\"EntryPoint\",\"urlTemplate\":\"https:\\\/\\\/equipmentcontrols.com\\\/?s={search_term_string}\"},\"query-input\":{\"@type\":\"PropertyValueSpecification\",\"valueRequired\":true,\"valueName\":\"search_term_string\"}}],\"inLanguage\":\"fr-CA\"}]}<\/script>\n<!-- \/ Yoast SEO Premium plugin. -->","yoast_head_json":{"title":"PF NORVAL - ECCO","description":"The PF NORVAL is a direct-acting gas pressure regulator. The balanced valve design gives quick response to varying operating conditions.","robots":{"index":"index","follow":"follow","max-snippet":"max-snippet:-1","max-image-preview":"max-image-preview:large","max-video-preview":"max-video-preview:-1"},"canonical":"https:\/\/equipmentcontrols.com\/fr\/produit\/pf-norval\/","og_locale":"fr_CA","og_type":"article","og_title":"PF NORVAL","og_description":"The PF NORVAL is a direct-acting gas pressure regulator. The balanced valve design gives quick response to varying operating conditions.","og_url":"https:\/\/equipmentcontrols.com\/fr\/produit\/pf-norval\/","og_site_name":"ECCO","article_modified_time":"2025-05-28T19:27:03+00:00","og_image":[{"width":860,"height":860,"url":"https:\/\/equipmentcontrols.com\/wp-content\/uploads\/2020\/04\/PF20Norval.jpg","type":"image\/jpeg"}],"twitter_card":"summary_large_image","twitter_misc":{"Estimation du temps de lecture":"2 minutes"},"schema":{"@context":"https:\/\/schema.org","@graph":[{"@type":"WebPage","@id":"https:\/\/equipmentcontrols.com\/product\/pf-norval\/","url":"https:\/\/equipmentcontrols.com\/product\/pf-norval\/","name":"PF NORVAL - ECCO","isPartOf":{"@id":"https:\/\/equipmentcontrols.com\/#website"},"primaryImageOfPage":{"@id":"https:\/\/equipmentcontrols.com\/product\/pf-norval\/#primaryimage"},"image":{"@id":"https:\/\/equipmentcontrols.com\/product\/pf-norval\/#primaryimage"},"thumbnailUrl":"https:\/\/equipmentcontrols.com\/wp-content\/uploads\/2020\/04\/PF20Norval.jpg","datePublished":"2020-04-24T20:25:52+00:00","dateModified":"2025-05-28T19:27:03+00:00","description":"The PF NORVAL is a direct-acting gas pressure regulator. The balanced valve design gives quick response to varying operating conditions.","breadcrumb":{"@id":"https:\/\/equipmentcontrols.com\/product\/pf-norval\/#breadcrumb"},"inLanguage":"fr-CA","potentialAction":[{"@type":"ReadAction","target":["https:\/\/equipmentcontrols.com\/product\/pf-norval\/"]}]},{"@type":"ImageObject","inLanguage":"fr-CA","@id":"https:\/\/equipmentcontrols.com\/product\/pf-norval\/#primaryimage","url":"https:\/\/equipmentcontrols.com\/wp-content\/uploads\/2020\/04\/PF20Norval.jpg","contentUrl":"https:\/\/equipmentcontrols.com\/wp-content\/uploads\/2020\/04\/PF20Norval.jpg","width":860,"height":860,"caption":"PF20Norval"},{"@type":"BreadcrumbList","@id":"https:\/\/equipmentcontrols.com\/product\/pf-norval\/#breadcrumb","itemListElement":[{"@type":"ListItem","position":1,"name":"Home","item":"https:\/\/equipmentcontrols.com\/"},{"@type":"ListItem","position":2,"name":"Shop","item":"https:\/\/equipmentcontrols.com\/shop\/"},{"@type":"ListItem","position":3,"name":"PF NORVAL"}]},{"@type":"WebSite","@id":"https:\/\/equipmentcontrols.com\/#website","url":"https:\/\/equipmentcontrols.com\/","name":"ECCO","description":"Compagnie de contr\u00f4le d&#039;\u00e9quipement","potentialAction":[{"@type":"SearchAction","target":{"@type":"EntryPoint","urlTemplate":"https:\/\/equipmentcontrols.com\/?s={search_term_string}"},"query-input":{"@type":"PropertyValueSpecification","valueRequired":true,"valueName":"search_term_string"}}],"inLanguage":"fr-CA"}]}},"_links":{"self":[{"href":"https:\/\/equipmentcontrols.com\/fr\/wp-json\/wp\/v2\/product\/373","targetHints":{"allow":["GET"]}}],"collection":[{"href":"https:\/\/equipmentcontrols.com\/fr\/wp-json\/wp\/v2\/product"}],"about":[{"href":"https:\/\/equipmentcontrols.com\/fr\/wp-json\/wp\/v2\/types\/product"}],"wp:featuredmedia":[{"embeddable":true,"href":"https:\/\/equipmentcontrols.com\/fr\/wp-json\/wp\/v2\/media\/372"}],"wp:attachment":[{"href":"https:\/\/equipmentcontrols.com\/fr\/wp-json\/wp\/v2\/media?parent=373"}],"wp:term":[{"taxonomy":"product_brand","embeddable":true,"href":"https:\/\/equipmentcontrols.com\/fr\/wp-json\/wp\/v2\/product_brand?post=373"},{"taxonomy":"product_cat","embeddable":true,"href":"https:\/\/equipmentcontrols.com\/fr\/wp-json\/wp\/v2\/product_cat?post=373"},{"taxonomy":"product_tag","embeddable":true,"href":"https:\/\/equipmentcontrols.com\/fr\/wp-json\/wp\/v2\/product_tag?post=373"}],"curies":[{"name":"wp","href":"https:\/\/api.w.org\/{rel}","templated":true}]}}