{"id":370,"date":"2020-04-24T20:25:51","date_gmt":"2020-04-24T20:25:51","guid":{"rendered":"https:\/\/econtrols.stagemysite.com\/product\/pf-mod-fex\/"},"modified":"2023-07-16T23:54:00","modified_gmt":"2023-07-16T23:54:00","slug":"pf-mod-fex","status":"publish","type":"product","link":"https:\/\/equipmentcontrols.com\/fr\/produit\/pf-mod-fex\/","title":{"rendered":"Mod.PF. FX"},"content":{"rendered":"<p><strong>R\u00e9gulateur de service commercial PF Mod FEX<\/strong><\/p>\n<p>La s\u00e9rie FEX de r\u00e9gulateurs \u00e0 ressort auto-entra\u00een\u00e9s \u00e0 deux \u00e9tages est largement utilis\u00e9e dans les installations commerciales et industrielles utilisant du gaz naturel, du GPL et d&#039;autres gaz non corrosifs.<\/p>\n<p>Ils sont con\u00e7us pour une installation directe sur un compteur de gaz et pour une utilisation dans les travaux g\u00e9n\u00e9raux sur les canalisations. Ils peuvent \u00eatre mont\u00e9s dans n&#039;importe quelle position \u00e0 condition que l&#039;\u00e9vent soit prot\u00e9g\u00e9 des intemp\u00e9ries. Lorsque l&#039;installation se trouve dans une zone ferm\u00e9e, l&#039;\u00e9vent de d\u00e9charge interne peut \u00eatre raccord\u00e9 \u00e0 l&#039;ext\u00e9rieur.<\/p>\n<p>Un r\u00e9gulateur \u00e9quilibr\u00e9 \u00e0 deux \u00e9tages permet une r\u00e9gulation pr\u00e9cise et une grande fiabilit\u00e9 de fonctionnement.<\/p>\n<p>Les r\u00e9gulateurs sont fabriqu\u00e9s selon les normes UNI 8827 et ANSI B109.<\/p>\n<p><strong>Caract\u00e9ristiques principales:<\/strong><br \/>\n\u2022 Plage de pression d&#039;entr\u00e9e\u00a0: bpu\u00a0: 4,35\u00a0-\u00a0125\u00a0PSIG<br \/>\n\u2022 Pression maximale autoris\u00e9e\u00a0: PS\u00a0: 125\u00a0PSIG<br \/>\n\u2022 Plage de pression de sortie Wd\u00a0:<br \/>\nBP : 5,2 \u2013 40,1&quot; CE<br \/>\nD\u00e9put\u00e9 : 40.1\u2033 WC \u2013 5 PSIG<br \/>\n\u2022 Plage de r\u00e9glage d&#039;arr\u00eat en cas de surpression\u00a0:<br \/>\nWd OPSO BP 12.8 - WC 64.3&quot;<br \/>\nWd OPSO MP 62,2 \u2013 180,8&quot; WC<br \/>\n\u2022 Plage de r\u00e9glage de l&#039;arr\u00eat sous pression\u00a0:<br \/>\nWd UPSO 2.4 - WC 32.1&quot;<br \/>\nWd UPSO MP 32.1 \u2013 WC 80.3&quot;<br \/>\n\u2022 Classe de pr\u00e9cision : AC 5\/10%<br \/>\n\u2022 Classe de pression de blocage : SG 30% Max<br \/>\n\u2022 Classe de temp\u00e9rature\u00a0:\u00a02\u00a0: -68\u00a0\u00b0F+140\u00a0\u00b0F<\/p>\n<p><strong>Dispositifs de s\u00e9curit\u00e9 et accessoires\u00a0:<\/strong><br \/>\n\u2022 Filtre d&#039;entr\u00e9e int\u00e9gr\u00e9 de 100\u00a0\u03bcm avec une surface de 1,55\u00a0pouce<br \/>\n\u2022 Dispositif d&#039;arr\u00eat de surpression (OPSO)<br \/>\n\u2022 Dispositif d&#039;arr\u00eat sous pression (UPSO)<br \/>\n\u2022 Soupape d&#039;exc\u00e8s de d\u00e9bit<br \/>\n\u2022 Soupape de d\u00e9charge interne \u00e0 jeton interne (IRV)<br \/>\n\u2022 Dispositif d&#039;arr\u00eat de s\u00e9curit\u00e9 en cas de manque d&#039;alimentation (UPSO)<br \/>\n\u2022 R\u00e9armement manuel du dispositif d&#039;arr\u00eat de s\u00e9curit\u00e9 uniquement<\/p>\n<p><strong>Mat\u00e9riaux:<\/strong><br \/>\n\u2022 Corps \u2013 Aluminium Al GD-AlSi12 \u2013 EN AB 46100<br \/>\n\u2022 Couvercle \u2013 Aluminium Al GD-AlSi12 \u2013 EN AB 46100<br \/>\n\u2022 Traitements ext\u00e9rieurs : 2\u00e8me \u00e9tage corps et couvercle sablage + phosphatation + cuisson sur peinture poudre \u00e9poxy polyur\u00e9thane. Rev\u00eatement couvercle 1er allure et obturateur<\/p>\n<p><strong>T\u00e9l\u00e9chargements\u00a0:<\/strong><br \/>\n<a href=\"https:\/\/equipmentcontrols.com\/wp-content\/uploads\/2022\/01\/PF-FEX-Brochure-ECCO-01.26.22.pdf\">Brochure du produit PF Mod FEX<\/a><br \/>\n<a href=\"https:\/\/equipmentcontrols.com\/wp-content\/uploads\/2023\/04\/PF-FEX-Flyer-04.17.23.pdf\">PF Mod FEX Product Flyer<\/a><\/p>","protected":false},"excerpt":{"rendered":"<p>PF Mod FEX Commercial Service Regulator The FEX series of two-stage self-driven spring loaded regulators are widely used in both commercial and industrial installations using natural gas, LPG and other non-corrosive gases. They are designed for direct installation to a gas meter and for use in general pipeline work. They can be mounted in any [&hellip;]<\/p>\n","protected":false},"featured_media":3026,"template":"","meta":[],"product_brand":[],"product_cat":[20,139,46],"product_tag":[73],"class_list":{"0":"post-370","1":"product","2":"type-product","3":"status-publish","4":"has-post-thumbnail","6":"product_cat-gas-regulators","7":"product_cat-hydrogen-ready-pressure-products","8":"product_cat-pietro-fiorentini","9":"product_tag-commercial-service-regulators","11":"first","12":"instock","13":"shipping-taxable","14":"product-type-simple"},"yoast_head":"<!-- This site is optimized with the Yoast SEO Premium plugin v23.9 (Yoast SEO v27.2) - https:\/\/yoast.com\/product\/yoast-seo-premium-wordpress\/ -->\n<title>PF Mod. FEX - ECCO<\/title>\n<meta name=\"description\" content=\"PF Mod FEX Commercial Service Regulator series of two-stage self-driven spring loaded regulators are widely used in both commercial and industrial installations using natural gas, LPG and other non-corrosive gases.They are designed for direct installation to a gas meter and for use in general pipeline work. They can be mounted in any position provided the vent is protected from weather. When the installation is in an enclosed area, the internal relief vent can be piped outside.\" \/>\n<meta name=\"robots\" content=\"index, follow, max-snippet:-1, max-image-preview:large, max-video-preview:-1\" \/>\n<link rel=\"canonical\" href=\"https:\/\/equipmentcontrols.com\/fr\/produit\/pf-mod-fex\/\" \/>\n<meta property=\"og:locale\" content=\"fr_CA\" \/>\n<meta property=\"og:type\" content=\"article\" \/>\n<meta property=\"og:title\" content=\"PF Mod. FEX\" \/>\n<meta property=\"og:description\" content=\"PF Mod FEX Commercial Service Regulator series of two-stage self-driven spring loaded regulators are widely used in both commercial and industrial installations using natural gas, LPG and other non-corrosive gases.They are designed for direct installation to a gas meter and for use in general pipeline work. They can be mounted in any position provided the vent is protected from weather. When the installation is in an enclosed area, the internal relief vent can be piped outside.\" \/>\n<meta property=\"og:url\" content=\"https:\/\/equipmentcontrols.com\/fr\/produit\/pf-mod-fex\/\" \/>\n<meta property=\"og:site_name\" content=\"ECCO\" \/>\n<meta property=\"article:modified_time\" content=\"2023-07-16T23:54:00+00:00\" \/>\n<meta property=\"og:image\" content=\"https:\/\/equipmentcontrols.com\/wp-content\/uploads\/2022\/10\/PF-FEX-photo-10.2022.jpeg\" \/>\n\t<meta property=\"og:image:width\" content=\"860\" \/>\n\t<meta property=\"og:image:height\" content=\"860\" \/>\n\t<meta property=\"og:image:type\" content=\"image\/jpeg\" \/>\n<meta name=\"twitter:card\" content=\"summary_large_image\" \/>\n<meta name=\"twitter:label1\" content=\"Estimation du temps de lecture\" \/>\n\t<meta name=\"twitter:data1\" content=\"2 minutes\" \/>\n<script type=\"application\/ld+json\" class=\"yoast-schema-graph\">{\"@context\":\"https:\/\/schema.org\",\"@graph\":[{\"@type\":\"WebPage\",\"@id\":\"https:\/\/equipmentcontrols.com\/product\/pf-mod-fex\/\",\"url\":\"https:\/\/equipmentcontrols.com\/product\/pf-mod-fex\/\",\"name\":\"PF Mod. FEX - ECCO\",\"isPartOf\":{\"@id\":\"https:\/\/equipmentcontrols.com\/#website\"},\"primaryImageOfPage\":{\"@id\":\"https:\/\/equipmentcontrols.com\/product\/pf-mod-fex\/#primaryimage\"},\"image\":{\"@id\":\"https:\/\/equipmentcontrols.com\/product\/pf-mod-fex\/#primaryimage\"},\"thumbnailUrl\":\"https:\/\/equipmentcontrols.com\/wp-content\/uploads\/2022\/10\/PF-FEX-photo-10.2022.jpeg\",\"datePublished\":\"2020-04-24T20:25:51+00:00\",\"dateModified\":\"2023-07-16T23:54:00+00:00\",\"description\":\"PF Mod FEX Commercial Service Regulator series of two-stage self-driven spring loaded regulators are widely used in both commercial and industrial installations using natural gas, LPG and other non-corrosive gases.They are designed for direct installation to a gas meter and for use in general pipeline work. They can be mounted in any position provided the vent is protected from weather. When the installation is in an enclosed area, the internal relief vent can be piped outside.\",\"breadcrumb\":{\"@id\":\"https:\/\/equipmentcontrols.com\/product\/pf-mod-fex\/#breadcrumb\"},\"inLanguage\":\"fr-CA\",\"potentialAction\":[{\"@type\":\"ReadAction\",\"target\":[\"https:\/\/equipmentcontrols.com\/product\/pf-mod-fex\/\"]}]},{\"@type\":\"ImageObject\",\"inLanguage\":\"fr-CA\",\"@id\":\"https:\/\/equipmentcontrols.com\/product\/pf-mod-fex\/#primaryimage\",\"url\":\"https:\/\/equipmentcontrols.com\/wp-content\/uploads\/2022\/10\/PF-FEX-photo-10.2022.jpeg\",\"contentUrl\":\"https:\/\/equipmentcontrols.com\/wp-content\/uploads\/2022\/10\/PF-FEX-photo-10.2022.jpeg\",\"width\":860,\"height\":860,\"caption\":\"PF FEX Regulator\"},{\"@type\":\"BreadcrumbList\",\"@id\":\"https:\/\/equipmentcontrols.com\/product\/pf-mod-fex\/#breadcrumb\",\"itemListElement\":[{\"@type\":\"ListItem\",\"position\":1,\"name\":\"Home\",\"item\":\"https:\/\/equipmentcontrols.com\/\"},{\"@type\":\"ListItem\",\"position\":2,\"name\":\"Shop\",\"item\":\"https:\/\/equipmentcontrols.com\/shop\/\"},{\"@type\":\"ListItem\",\"position\":3,\"name\":\"PF Mod. FEX\"}]},{\"@type\":\"WebSite\",\"@id\":\"https:\/\/equipmentcontrols.com\/#website\",\"url\":\"https:\/\/equipmentcontrols.com\/\",\"name\":\"ECCO\",\"description\":\"Equipment Controls Company\",\"potentialAction\":[{\"@type\":\"SearchAction\",\"target\":{\"@type\":\"EntryPoint\",\"urlTemplate\":\"https:\/\/equipmentcontrols.com\/?s={search_term_string}\"},\"query-input\":{\"@type\":\"PropertyValueSpecification\",\"valueRequired\":true,\"valueName\":\"search_term_string\"}}],\"inLanguage\":\"fr-CA\"}]}<\/script>\n<!-- \/ Yoast SEO Premium plugin. -->","yoast_head_json":{"title":"PF Mod. FEX - ECCO","description":"PF Mod FEX Commercial Service Regulator series of two-stage self-driven spring loaded regulators are widely used in both commercial and industrial installations using natural gas, LPG and other non-corrosive gases.They are designed for direct installation to a gas meter and for use in general pipeline work. They can be mounted in any position provided the vent is protected from weather. When the installation is in an enclosed area, the internal relief vent can be piped outside.","robots":{"index":"index","follow":"follow","max-snippet":"max-snippet:-1","max-image-preview":"max-image-preview:large","max-video-preview":"max-video-preview:-1"},"canonical":"https:\/\/equipmentcontrols.com\/fr\/produit\/pf-mod-fex\/","og_locale":"fr_CA","og_type":"article","og_title":"PF Mod. FEX","og_description":"PF Mod FEX Commercial Service Regulator series of two-stage self-driven spring loaded regulators are widely used in both commercial and industrial installations using natural gas, LPG and other non-corrosive gases.They are designed for direct installation to a gas meter and for use in general pipeline work. They can be mounted in any position provided the vent is protected from weather. When the installation is in an enclosed area, the internal relief vent can be piped outside.","og_url":"https:\/\/equipmentcontrols.com\/fr\/produit\/pf-mod-fex\/","og_site_name":"ECCO","article_modified_time":"2023-07-16T23:54:00+00:00","og_image":[{"width":860,"height":860,"url":"https:\/\/equipmentcontrols.com\/wp-content\/uploads\/2022\/10\/PF-FEX-photo-10.2022.jpeg","type":"image\/jpeg"}],"twitter_card":"summary_large_image","twitter_misc":{"Estimation du temps de lecture":"2 minutes"},"schema":{"@context":"https:\/\/schema.org","@graph":[{"@type":"WebPage","@id":"https:\/\/equipmentcontrols.com\/product\/pf-mod-fex\/","url":"https:\/\/equipmentcontrols.com\/product\/pf-mod-fex\/","name":"PF Mod. FEX - ECCO","isPartOf":{"@id":"https:\/\/equipmentcontrols.com\/#website"},"primaryImageOfPage":{"@id":"https:\/\/equipmentcontrols.com\/product\/pf-mod-fex\/#primaryimage"},"image":{"@id":"https:\/\/equipmentcontrols.com\/product\/pf-mod-fex\/#primaryimage"},"thumbnailUrl":"https:\/\/equipmentcontrols.com\/wp-content\/uploads\/2022\/10\/PF-FEX-photo-10.2022.jpeg","datePublished":"2020-04-24T20:25:51+00:00","dateModified":"2023-07-16T23:54:00+00:00","description":"PF Mod FEX Commercial Service Regulator series of two-stage self-driven spring loaded regulators are widely used in both commercial and industrial installations using natural gas, LPG and other non-corrosive gases.They are designed for direct installation to a gas meter and for use in general pipeline work. They can be mounted in any position provided the vent is protected from weather. When the installation is in an enclosed area, the internal relief vent can be piped outside.","breadcrumb":{"@id":"https:\/\/equipmentcontrols.com\/product\/pf-mod-fex\/#breadcrumb"},"inLanguage":"fr-CA","potentialAction":[{"@type":"ReadAction","target":["https:\/\/equipmentcontrols.com\/product\/pf-mod-fex\/"]}]},{"@type":"ImageObject","inLanguage":"fr-CA","@id":"https:\/\/equipmentcontrols.com\/product\/pf-mod-fex\/#primaryimage","url":"https:\/\/equipmentcontrols.com\/wp-content\/uploads\/2022\/10\/PF-FEX-photo-10.2022.jpeg","contentUrl":"https:\/\/equipmentcontrols.com\/wp-content\/uploads\/2022\/10\/PF-FEX-photo-10.2022.jpeg","width":860,"height":860,"caption":"PF FEX Regulator"},{"@type":"BreadcrumbList","@id":"https:\/\/equipmentcontrols.com\/product\/pf-mod-fex\/#breadcrumb","itemListElement":[{"@type":"ListItem","position":1,"name":"Home","item":"https:\/\/equipmentcontrols.com\/"},{"@type":"ListItem","position":2,"name":"Shop","item":"https:\/\/equipmentcontrols.com\/shop\/"},{"@type":"ListItem","position":3,"name":"PF Mod. FEX"}]},{"@type":"WebSite","@id":"https:\/\/equipmentcontrols.com\/#website","url":"https:\/\/equipmentcontrols.com\/","name":"ECCO","description":"Compagnie de contr\u00f4le d&#039;\u00e9quipement","potentialAction":[{"@type":"SearchAction","target":{"@type":"EntryPoint","urlTemplate":"https:\/\/equipmentcontrols.com\/?s={search_term_string}"},"query-input":{"@type":"PropertyValueSpecification","valueRequired":true,"valueName":"search_term_string"}}],"inLanguage":"fr-CA"}]}},"_links":{"self":[{"href":"https:\/\/equipmentcontrols.com\/fr\/wp-json\/wp\/v2\/product\/370","targetHints":{"allow":["GET"]}}],"collection":[{"href":"https:\/\/equipmentcontrols.com\/fr\/wp-json\/wp\/v2\/product"}],"about":[{"href":"https:\/\/equipmentcontrols.com\/fr\/wp-json\/wp\/v2\/types\/product"}],"wp:featuredmedia":[{"embeddable":true,"href":"https:\/\/equipmentcontrols.com\/fr\/wp-json\/wp\/v2\/media\/3026"}],"wp:attachment":[{"href":"https:\/\/equipmentcontrols.com\/fr\/wp-json\/wp\/v2\/media?parent=370"}],"wp:term":[{"taxonomy":"product_brand","embeddable":true,"href":"https:\/\/equipmentcontrols.com\/fr\/wp-json\/wp\/v2\/product_brand?post=370"},{"taxonomy":"product_cat","embeddable":true,"href":"https:\/\/equipmentcontrols.com\/fr\/wp-json\/wp\/v2\/product_cat?post=370"},{"taxonomy":"product_tag","embeddable":true,"href":"https:\/\/equipmentcontrols.com\/fr\/wp-json\/wp\/v2\/product_tag?post=370"}],"curies":[{"name":"wp","href":"https:\/\/api.w.org\/{rel}","templated":true}]}}