{"id":355,"date":"2020-04-24T20:25:47","date_gmt":"2020-04-24T20:25:47","guid":{"rendered":"https:\/\/econtrols.stagemysite.com\/product\/governor-dual-cut-10-psig\/"},"modified":"2023-11-27T14:14:33","modified_gmt":"2023-11-27T14:14:33","slug":"governor-dual-cut-10-psig","status":"publish","type":"product","link":"https:\/\/equipmentcontrols.com\/fr\/produit\/governor-dual-cut-10-psig\/","title":{"rendered":"GOVERNOR Dual Cut 10 PSIG"},"content":{"rendered":"<p><strong>Pietro Fiorentini GOVERNOR Dual Cut 10 PSIG<\/strong><\/p>\n<p>Conception CSA certifi\u00e9e Z21.80\/ CSA 6.22 R\u00e9gulateur de pression de gaz de ligne de classe I avec protection contre les surpressions (OPD) pour une pression d&#039;entr\u00e9e de 5 psig, une plage de pression de sortie de 2&quot; WC \u00e0 \u00bd psig. Le GOVERNOR permet une installation \u00e0 \u00e9vents limit\u00e9s**, multi-positions et un verrouillage positif sans issue pour \u00bd&quot; \u00e0 2&quot;. Le r\u00e9gulateur de pression de gaz GOVERNOR est \u00e9galement dot\u00e9 d&#039;un double diaphragme, d&#039;un limiteur d&#039;\u00e9vent int\u00e9gr\u00e9 avec une conception de soupape \u00e9quilibr\u00e9e pour fournir une capacit\u00e9 et une pr\u00e9cision accrues. Le GOVERNOR peut \u00eatre install\u00e9 \u00e0 l&#039;int\u00e9rieur et \u00e0 l&#039;ext\u00e9rieur.<\/p>\n<p><strong>Caract\u00e9ristiques principales:<\/strong><br \/>\n\u2022 Certifi\u00e9 CSA selon ANSI Z21.80A2005<br \/>\n\u2022\u00a0CSA Certified 6.22a-2005 ANSI Z21.80A2005 Class I for outlet pressures up to 1 PSIG and inlet pressures up<br \/>\n\u2022\u00a0CSA Certified 6.22a-2005 ANSI Z21.80A2005 Class II for outlet pressures up to 1 PSIG and inlet pressures up to 10 PSIG<br \/>\n\u2022 Limiteur de ventilation int\u00e9gr\u00e9<br \/>\n\u2022 Limiteur d&#039;\u00e9vent externe - aucune conduite d&#039;\u00e9vent requise**<br \/>\n\u2022 Verrouillage sans issue positif<br \/>\n\u2022 Ports de test d&#039;entr\u00e9e et de sortie<br \/>\n\u2022 500 \u00e0 1 refus<\/p>\n<p><strong>Caract\u00e9ristiques:<\/strong><br \/>\n\u2022 Convient pour une utilisation avec du gaz naturel, du GPL et tout gaz propre non corrosif<br \/>\n\u2022 Plage de temp\u00e9rature\u00a0: -40\u00a0F \u00e0 150\u00a0F<br \/>\n\u2022 Pression de sortie : 2\u2033 WC \u00e0 14\u2033 WC pour CSA Classe I<br \/>\n\u2022 Pression de sortie\u00a0: 2\u2033\u00a0WC \u00e0 1\u00a0PSIG pour la classe\u00a0II de la CSA<br \/>\n\u2022 Pression de sortie\u00a0: 2\u2033\u00a0WC jusqu&#039;\u00e0 4,25\u00a0PSIG pour les non-CSA<br \/>\n\u2022\u00a0Pression d&#039;entr\u00e9e\u00a0: 3\u00a0PSIG \u00e0 10\u00a0PSIG<br \/>\n\u2022 Max. Entr\u00e9e 10 PSIG pour CSA et non-CSA<br \/>\n\u2022 Connexions\u00a0: 1\/2\u2033 \u00e0 2\u2033<br \/>\n\u2022\u00a0Pression d&#039;exposition d&#039;entr\u00e9e d&#039;urgence maximale\u00a0: 80\u00a0PSIG<br \/>\n\u2022 Convient pour une installation int\u00e9rieure ou ext\u00e9rieure<\/p>\n<p><strong>Gamme de ressorts de sortie OPD\u00a0:<\/strong><br \/>\n\u2022 WC vert de 2\u2033 \u00e0 5,1\u2033 WC*<br \/>\n\u2022 WC rouge de 2,75\u2033 \u00e0 7,87\u2033 WC*<br \/>\n\u2022 WC blanc de 4\u2033 \u00e0 11,8\u2033 WC*<br \/>\n\u2022 WC noir de 6\u2033 \u00e0 14\u2033 WC*<br \/>\n\u2022 WC jaune de 9,8\u00a0\u2033 \u00e0 27,5\u00a0\u2033 WC*<br \/>\n\u2022 Violet 23,6\u2033 WC \u00e0 59\u2033 WC ou 0,96 \u00e0 2,13 PSIG<br \/>\n\u2022 Orange 55\u2033 WC \u00e0 118\u2033 WC ou 2 \u00e0 4,26 PSIG<\/p>\n<p>*Le ressort est certifi\u00e9 CSA pour la pression de sortie<\/p>\n<p>** Tel qu&#039;approuv\u00e9 par les codes et normes locaux<\/p>\n<p><strong>T\u00e9l\u00e9chargements\u00a0:<\/strong><br \/>\n<a href=\"ttps:\/\/www.staffordllc.net\/uploads\/1097_10 psig December 15_1.pdf https:\/\/www.staffordllc.net\/uploads\/1101_10 PSIG Installation Manual_1.pdf\">PG GOVERNOR DC Engineering Specification Sheet<\/a><br \/>\n<a href=\"https:\/\/equipmentcontrols.com\/wp-content\/uploads\/2022\/08\/PF-GOVERNOR400-Brochure-ECCO-08.29.22-FINAL.pdf\">PF GOVERNOR 400 Brochure &#8211; English<\/a><br \/>\n<a href=\"https:\/\/equipmentcontrols.com\/wp-content\/uploads\/2023\/11\/PF-GOVERNOR400-Brochure-ECCO-Spanish-10.30.23-FINAL.pdf\">PF GOVERNOR400 Brochure &#8211; Spanish<\/a><br \/>\n<a href=\"https:\/\/equipmentcontrols.com\/wp-content\/uploads\/2023\/11\/PF-GOVERNOR400-Brochure-ECCO-French-Canadian-08.29.22-FINAL.pdf\">PF GOVERNOR 400 Brochure &#8211; French Canadian<\/a><br \/>\n<a href=\"https:\/\/equipmentcontrols.com\/wp-content\/uploads\/2023\/04\/PF-GOVERNORs-Flyer-04.17.23.pdf\">PF GOVERNOR Flyer<\/a><br \/>\n<a href=\"https:\/\/equipmentcontrols.com\/wp-content\/uploads\/2020\/09\/Governor-OPD-Engineering-Specification-Sheet-9-2020.pdf\">PF GOVERNOR OPD Engineering Specification Sheet<\/a><\/p>\n<p>&nbsp;<\/p>","protected":false},"excerpt":{"rendered":"<p>The Governor Dual Cut 10 PSIG Gas Pressure Regulator features double diaphragm, integral vent limiter with balanced valve design to provide increased capacity and accuracy.<\/p>","protected":false},"featured_media":354,"template":"","meta":[],"product_brand":[],"product_cat":[20,46],"product_tag":[161,118,158,159,120],"class_list":{"0":"post-355","1":"product","2":"type-product","3":"status-publish","4":"has-post-thumbnail","6":"product_cat-gas-regulators","7":"product_cat-pietro-fiorentini","8":"product_tag-dual-cut-governor","9":"product_tag-gas-pressure-regulator","10":"product_tag-governor","11":"product_tag-pf-governor","12":"product_tag-pietro-fiorentini","14":"first","15":"instock","16":"shipping-taxable","17":"product-type-simple"},"yoast_head":"<!-- This site is optimized with the Yoast SEO Premium plugin v23.9 (Yoast SEO v27.3) - https:\/\/yoast.com\/product\/yoast-seo-premium-wordpress\/ -->\n<title>GOVERNOR Dual Cut 10 PSIG - ECCO<\/title>\n<meta name=\"description\" content=\"Pietro Fiorentini Governor Dual Cut 10 PSIG features double diaphragm, integral vent limiter with balanced valve design for increased capacity and accuracy.\" \/>\n<meta name=\"robots\" content=\"index, follow, max-snippet:-1, max-image-preview:large, max-video-preview:-1\" \/>\n<link rel=\"canonical\" href=\"https:\/\/equipmentcontrols.com\/fr\/produit\/governor-dual-cut-10-psig\/\" \/>\n<meta property=\"og:locale\" content=\"fr_CA\" \/>\n<meta property=\"og:type\" content=\"article\" \/>\n<meta property=\"og:title\" content=\"GOVERNOR Dual Cut 10 PSIG\" \/>\n<meta property=\"og:description\" content=\"Pietro Fiorentini Governor Dual Cut 10 PSIG features double diaphragm, integral vent limiter with balanced valve design for increased capacity and accuracy.\" \/>\n<meta property=\"og:url\" content=\"https:\/\/equipmentcontrols.com\/fr\/produit\/governor-dual-cut-10-psig\/\" \/>\n<meta property=\"og:site_name\" content=\"ECCO\" \/>\n<meta property=\"article:modified_time\" content=\"2023-11-27T14:14:33+00:00\" \/>\n<meta property=\"og:image\" content=\"https:\/\/equipmentcontrols.com\/wp-content\/uploads\/2020\/04\/PF20Governor20Dual20Cut201020PSIG.jpg\" \/>\n\t<meta property=\"og:image:width\" content=\"860\" \/>\n\t<meta property=\"og:image:height\" content=\"860\" \/>\n\t<meta property=\"og:image:type\" content=\"image\/jpeg\" \/>\n<meta name=\"twitter:card\" content=\"summary_large_image\" \/>\n<meta name=\"twitter:label1\" content=\"Estimation du temps de lecture\" \/>\n\t<meta name=\"twitter:data1\" content=\"2 minutes\" \/>\n<script type=\"application\/ld+json\" class=\"yoast-schema-graph\">{\"@context\":\"https:\\\/\\\/schema.org\",\"@graph\":[{\"@type\":\"WebPage\",\"@id\":\"https:\\\/\\\/equipmentcontrols.com\\\/product\\\/governor-dual-cut-10-psig\\\/\",\"url\":\"https:\\\/\\\/equipmentcontrols.com\\\/product\\\/governor-dual-cut-10-psig\\\/\",\"name\":\"GOVERNOR Dual Cut 10 PSIG - ECCO\",\"isPartOf\":{\"@id\":\"https:\\\/\\\/equipmentcontrols.com\\\/#website\"},\"primaryImageOfPage\":{\"@id\":\"https:\\\/\\\/equipmentcontrols.com\\\/product\\\/governor-dual-cut-10-psig\\\/#primaryimage\"},\"image\":{\"@id\":\"https:\\\/\\\/equipmentcontrols.com\\\/product\\\/governor-dual-cut-10-psig\\\/#primaryimage\"},\"thumbnailUrl\":\"https:\\\/\\\/equipmentcontrols.com\\\/wp-content\\\/uploads\\\/2020\\\/04\\\/PF20Governor20Dual20Cut201020PSIG.jpg\",\"datePublished\":\"2020-04-24T20:25:47+00:00\",\"dateModified\":\"2023-11-27T14:14:33+00:00\",\"description\":\"Pietro Fiorentini Governor Dual Cut 10 PSIG features double diaphragm, integral vent limiter with balanced valve design for increased capacity and accuracy.\",\"breadcrumb\":{\"@id\":\"https:\\\/\\\/equipmentcontrols.com\\\/product\\\/governor-dual-cut-10-psig\\\/#breadcrumb\"},\"inLanguage\":\"fr-CA\",\"potentialAction\":[{\"@type\":\"ReadAction\",\"target\":[\"https:\\\/\\\/equipmentcontrols.com\\\/product\\\/governor-dual-cut-10-psig\\\/\"]}]},{\"@type\":\"ImageObject\",\"inLanguage\":\"fr-CA\",\"@id\":\"https:\\\/\\\/equipmentcontrols.com\\\/product\\\/governor-dual-cut-10-psig\\\/#primaryimage\",\"url\":\"https:\\\/\\\/equipmentcontrols.com\\\/wp-content\\\/uploads\\\/2020\\\/04\\\/PF20Governor20Dual20Cut201020PSIG.jpg\",\"contentUrl\":\"https:\\\/\\\/equipmentcontrols.com\\\/wp-content\\\/uploads\\\/2020\\\/04\\\/PF20Governor20Dual20Cut201020PSIG.jpg\",\"width\":860,\"height\":860,\"caption\":\"PF20Governor20Dual20Cut201020PSIG\"},{\"@type\":\"BreadcrumbList\",\"@id\":\"https:\\\/\\\/equipmentcontrols.com\\\/product\\\/governor-dual-cut-10-psig\\\/#breadcrumb\",\"itemListElement\":[{\"@type\":\"ListItem\",\"position\":1,\"name\":\"Home\",\"item\":\"https:\\\/\\\/equipmentcontrols.com\\\/\"},{\"@type\":\"ListItem\",\"position\":2,\"name\":\"Shop\",\"item\":\"https:\\\/\\\/equipmentcontrols.com\\\/shop\\\/\"},{\"@type\":\"ListItem\",\"position\":3,\"name\":\"GOVERNOR Dual Cut 10 PSIG\"}]},{\"@type\":\"WebSite\",\"@id\":\"https:\\\/\\\/equipmentcontrols.com\\\/#website\",\"url\":\"https:\\\/\\\/equipmentcontrols.com\\\/\",\"name\":\"ECCO\",\"description\":\"Equipment Controls Company\",\"potentialAction\":[{\"@type\":\"SearchAction\",\"target\":{\"@type\":\"EntryPoint\",\"urlTemplate\":\"https:\\\/\\\/equipmentcontrols.com\\\/?s={search_term_string}\"},\"query-input\":{\"@type\":\"PropertyValueSpecification\",\"valueRequired\":true,\"valueName\":\"search_term_string\"}}],\"inLanguage\":\"fr-CA\"}]}<\/script>\n<!-- \/ Yoast SEO Premium plugin. -->","yoast_head_json":{"title":"GOVERNOR Dual Cut 10 PSIG - ECCO","description":"Pietro Fiorentini Governor Dual Cut 10 PSIG features double diaphragm, integral vent limiter with balanced valve design for increased capacity and accuracy.","robots":{"index":"index","follow":"follow","max-snippet":"max-snippet:-1","max-image-preview":"max-image-preview:large","max-video-preview":"max-video-preview:-1"},"canonical":"https:\/\/equipmentcontrols.com\/fr\/produit\/governor-dual-cut-10-psig\/","og_locale":"fr_CA","og_type":"article","og_title":"GOVERNOR Dual Cut 10 PSIG","og_description":"Pietro Fiorentini Governor Dual Cut 10 PSIG features double diaphragm, integral vent limiter with balanced valve design for increased capacity and accuracy.","og_url":"https:\/\/equipmentcontrols.com\/fr\/produit\/governor-dual-cut-10-psig\/","og_site_name":"ECCO","article_modified_time":"2023-11-27T14:14:33+00:00","og_image":[{"width":860,"height":860,"url":"https:\/\/equipmentcontrols.com\/wp-content\/uploads\/2020\/04\/PF20Governor20Dual20Cut201020PSIG.jpg","type":"image\/jpeg"}],"twitter_card":"summary_large_image","twitter_misc":{"Estimation du temps de lecture":"2 minutes"},"schema":{"@context":"https:\/\/schema.org","@graph":[{"@type":"WebPage","@id":"https:\/\/equipmentcontrols.com\/product\/governor-dual-cut-10-psig\/","url":"https:\/\/equipmentcontrols.com\/product\/governor-dual-cut-10-psig\/","name":"GOVERNOR Dual Cut 10 PSIG - ECCO","isPartOf":{"@id":"https:\/\/equipmentcontrols.com\/#website"},"primaryImageOfPage":{"@id":"https:\/\/equipmentcontrols.com\/product\/governor-dual-cut-10-psig\/#primaryimage"},"image":{"@id":"https:\/\/equipmentcontrols.com\/product\/governor-dual-cut-10-psig\/#primaryimage"},"thumbnailUrl":"https:\/\/equipmentcontrols.com\/wp-content\/uploads\/2020\/04\/PF20Governor20Dual20Cut201020PSIG.jpg","datePublished":"2020-04-24T20:25:47+00:00","dateModified":"2023-11-27T14:14:33+00:00","description":"Pietro Fiorentini Governor Dual Cut 10 PSIG features double diaphragm, integral vent limiter with balanced valve design for increased capacity and accuracy.","breadcrumb":{"@id":"https:\/\/equipmentcontrols.com\/product\/governor-dual-cut-10-psig\/#breadcrumb"},"inLanguage":"fr-CA","potentialAction":[{"@type":"ReadAction","target":["https:\/\/equipmentcontrols.com\/product\/governor-dual-cut-10-psig\/"]}]},{"@type":"ImageObject","inLanguage":"fr-CA","@id":"https:\/\/equipmentcontrols.com\/product\/governor-dual-cut-10-psig\/#primaryimage","url":"https:\/\/equipmentcontrols.com\/wp-content\/uploads\/2020\/04\/PF20Governor20Dual20Cut201020PSIG.jpg","contentUrl":"https:\/\/equipmentcontrols.com\/wp-content\/uploads\/2020\/04\/PF20Governor20Dual20Cut201020PSIG.jpg","width":860,"height":860,"caption":"PF20Governor20Dual20Cut201020PSIG"},{"@type":"BreadcrumbList","@id":"https:\/\/equipmentcontrols.com\/product\/governor-dual-cut-10-psig\/#breadcrumb","itemListElement":[{"@type":"ListItem","position":1,"name":"Home","item":"https:\/\/equipmentcontrols.com\/"},{"@type":"ListItem","position":2,"name":"Shop","item":"https:\/\/equipmentcontrols.com\/shop\/"},{"@type":"ListItem","position":3,"name":"GOVERNOR Dual Cut 10 PSIG"}]},{"@type":"WebSite","@id":"https:\/\/equipmentcontrols.com\/#website","url":"https:\/\/equipmentcontrols.com\/","name":"ECCO","description":"Compagnie de contr\u00f4le d&#039;\u00e9quipement","potentialAction":[{"@type":"SearchAction","target":{"@type":"EntryPoint","urlTemplate":"https:\/\/equipmentcontrols.com\/?s={search_term_string}"},"query-input":{"@type":"PropertyValueSpecification","valueRequired":true,"valueName":"search_term_string"}}],"inLanguage":"fr-CA"}]}},"_links":{"self":[{"href":"https:\/\/equipmentcontrols.com\/fr\/wp-json\/wp\/v2\/product\/355","targetHints":{"allow":["GET"]}}],"collection":[{"href":"https:\/\/equipmentcontrols.com\/fr\/wp-json\/wp\/v2\/product"}],"about":[{"href":"https:\/\/equipmentcontrols.com\/fr\/wp-json\/wp\/v2\/types\/product"}],"wp:featuredmedia":[{"embeddable":true,"href":"https:\/\/equipmentcontrols.com\/fr\/wp-json\/wp\/v2\/media\/354"}],"wp:attachment":[{"href":"https:\/\/equipmentcontrols.com\/fr\/wp-json\/wp\/v2\/media?parent=355"}],"wp:term":[{"taxonomy":"product_brand","embeddable":true,"href":"https:\/\/equipmentcontrols.com\/fr\/wp-json\/wp\/v2\/product_brand?post=355"},{"taxonomy":"product_cat","embeddable":true,"href":"https:\/\/equipmentcontrols.com\/fr\/wp-json\/wp\/v2\/product_cat?post=355"},{"taxonomy":"product_tag","embeddable":true,"href":"https:\/\/equipmentcontrols.com\/fr\/wp-json\/wp\/v2\/product_tag?post=355"}],"curies":[{"name":"wp","href":"https:\/\/api.w.org\/{rel}","templated":true}]}}