{"id":351,"date":"2020-04-24T20:25:46","date_gmt":"2020-04-24T20:25:46","guid":{"rendered":"https:\/\/econtrols.stagemysite.com\/product\/governor-2-psig\/"},"modified":"2023-11-27T13:44:08","modified_gmt":"2023-11-27T13:44:08","slug":"governor-2-psig","status":"publish","type":"product","link":"https:\/\/equipmentcontrols.com\/fr\/produit\/governor-2-psig\/","title":{"rendered":"GOVERNOR 2 PSIG"},"content":{"rendered":"<p><strong>Pietro Fiorentini GOVERNOR 2 PSIG Standard Model<br \/>\n<\/strong><\/p>\n<p>La gamme de r\u00e9gulateurs de gaz GOVERNOR de Pietro Fiorentini est con\u00e7ue pour se conformer aux derni\u00e8res normes CSA et internationales pour les r\u00e9gulateurs adapt\u00e9s aux installations int\u00e9rieures et ext\u00e9rieures sans aucune modification.<\/p>\n<p>La famille de r\u00e9gulateurs GOVERNOR est id\u00e9ale pour une large gamme d&#039;applications r\u00e9sidentielles \u00e0 grandes industrielles. Les mat\u00e9riaux et les pi\u00e8ces souples utilis\u00e9s dans la construction des r\u00e9gulateurs GOVERNOR les rendent adapt\u00e9s \u00e0 une utilisation avec du gaz naturel, du GPL, de l&#039;air propane et d&#039;autres gaz non corrosifs.<\/p>\n<p>Tous les r\u00e9gulateurs GOVERNOR sont \u00e9quip\u00e9s d&#039;une conception de vanne \u00e9quilibr\u00e9e pour une meilleure pr\u00e9cision de la pression de sortie \u00e9lev\u00e9e, quelle que soit la variation de la pression d&#039;entr\u00e9e. Le double diaphragme avec limiteur d&#039;\u00e9vent int\u00e9gr\u00e9 offre une s\u00e9curit\u00e9 suppl\u00e9mentaire. Le limiteur de ventilation externe r\u00e9duit les co\u00fbts de tuyauterie et le besoin de tuyauterie de ventilation co\u00fbteuse pour les installations int\u00e9rieures et est conforme aux directives de la CSA.* Le nombre de capacit\u00e9s \u00e9lev\u00e9es et d&#039;options de r\u00e9gulateur \u00e9limine parfois le besoin d&#039;unit\u00e9s s\u00e9par\u00e9es et r\u00e9duit consid\u00e9rablement les co\u00fbts d&#039;installation.<\/p>\n<p><strong>S\u00fbr, fiable et haute performance<\/strong><\/p>\n<p><strong>Caract\u00e9ristiques principales:<\/strong><br \/>\n\u2022 ANSI Z21.80A-2012 \/ CSA 6.22A-2012(R2016) Classe I pour les pressions de sortie jusqu&#039;\u00e0 14&quot; WC Certifi\u00e9<br \/>\n\u2022 Limiteur de ventilation int\u00e9gr\u00e9<br \/>\n\u2022 Limiteur d&#039;\u00e9vent externe - aucune conduite d&#039;\u00e9vent requise**<br \/>\n\u2022 Verrouillage \u00e9tanche positif 100%<br \/>\n\u2022 Ports de test d&#039;entr\u00e9e et de sortie 500 \u00e0 1 Turndown<br \/>\n\u2022 Filtre inclus dans tous les mod\u00e8les<\/p>\n<p><strong>Caract\u00e9ristiques:<\/strong><br \/>\n\u2022 Convient pour une utilisation avec du gaz naturel, du GPL et tout gaz propre non corrosif<br \/>\n\u2022 Pression d&#039;entr\u00e9e : 3\u2033 WC \u00e0 2 PSIG ; Max. Entr\u00e9e : 7,25 PSIG pour les applications non CSA<br \/>\n\u2022 Pression de sortie\u00a0: 2\u00a0\u2033\u00a0WC \u00e0 14\u00a0\u2033\u00a0WC<br \/>\n\u2022 Plage de temp\u00e9rature\u00a0: -40\u00a0F \u00e0 150\u00a0F<br \/>\n\u2022 Connexions\u00a0: 1\/2\u2033 \u00e0 4\u2033<br \/>\n\u2022\u00a0Pression d&#039;exposition d&#039;entr\u00e9e d&#039;urgence maximale\u00a0: 80\u00a0PSIG<br \/>\n\u2022 Convient pour une installation int\u00e9rieure ou ext\u00e9rieure<\/p>\n<p><strong>Gamme de ressorts de sortie standard\u00a0:<\/strong><br \/>\n\u2022 Convient pour une utilisation avec du gaz naturel, du GPL et tout gaz propre non corrosif<br \/>\n\u2022 Pression d&#039;entr\u00e9e\u00a0: 3\u00a0po\u00a0WC \u00e0 2\u00a0PSIG approuv\u00e9e CSA<br \/>\n\u2022 Max. Entr\u00e9e 7,25 PSIG pour les applications non CSA<br \/>\n\u2022 Pression de sortie\u00a0: 2\u00a0po\u00a0WC \u00e0 14\u00a0po\u00a0WC et jusqu&#039;\u00e0 4,25\u00a0PSIG pour les applications non CSA<br \/>\n\u2022 Plage de temp\u00e9rature\u00a0: -40\u00a0\u00b0F \u00e0 150\u00a0\u00b0F<br \/>\n\u2022 Connexions : \u00bd&quot; \u00e0 4&quot;<br \/>\n\u2022\u00a0Pression d&#039;exposition d&#039;entr\u00e9e d&#039;urgence maximale\u00a0: 80\u00a0PSIG<br \/>\n\u2022 Convient pour une installation int\u00e9rieure ou ext\u00e9rieure***<\/p>\n<p><strong>Gamme de ressorts de sortie standard\u00a0:<br \/>\n<\/strong>\u2022 Vert 2\u201d W .C. \u00e0 5,1&quot; WC*<br \/>\n\u2022 Rouge 2,75&quot; W .C. \u00e0 7,87&quot; WC*<br \/>\n\u2022 Blanc 4\u201d W .C. \u00e0 11,8&quot; WC*<br \/>\n\u2022\u00a0WC noir de 6\u00a0pouces \u00e0 14\u00a0pouces*<br \/>\n\u2022 WC jaune de 9,8\u00a0pouces \u00e0 27,5\u00a0pouces*<br \/>\n\u2022 Violet 23,6&quot; WC \u00e0 59&quot; WC ou 0,85 \u00e0 2,13 PSIG *<br \/>\n\u2022 WC orange de 55\u00a0pouces \u00e0 118\u00a0pouces ou 2 \u00e0 4,26\u00a0PSIG<\/p>\n<p>*Le ressort est certifi\u00e9 CSA pour la pression de sortie<br \/>\n** Tel qu&#039;approuv\u00e9 par les codes et normes locaux<br \/>\n*** Le limiteur d&#039;\u00e9vent en laiton doit \u00eatre retir\u00e9 pour une installation \u00e0 l&#039;ext\u00e9rieur<\/p>\n<p><strong>T\u00e9l\u00e9chargements\u00a0:<\/strong><\/p>\n<p><a href=\"https:\/\/equipmentcontrols.com\/wp-content\/uploads\/2022\/08\/PF-GOVERNOR400-Brochure-ECCO-08.29.22-FINAL.pdf\">PF GOVERNOR 400 Brochure &#8211; English<\/a><br \/>\n<a href=\"https:\/\/equipmentcontrols.com\/wp-content\/uploads\/2023\/11\/PF-GOVERNOR400-Brochure-ECCO-Spanish-10.30.23-FINAL.pdf\">PF GOVERNOR400 Brochure &#8211; Spanish<\/a><br \/>\n<a href=\"https:\/\/equipmentcontrols.com\/wp-content\/uploads\/2023\/11\/PF-GOVERNOR400-Brochure-ECCO-French-Canadian-08.29.22-FINAL.pdf\">PF GOVERNOR 400 Brochure &#8211; French Canadian<\/a><br \/>\n<a href=\"http:\/\/Line Gas Pressure Regulator with Over Pressure Protection (OPD) for 10 psig inlet pressure, outlet pressure range of 2\u201d W.C. to \u00bd psig. The GOVERNOR allows for vent limited**, multi-position installation and positive dead-end lockup for \u00bd\u201d through 2&quot;. The GOVERNOR Gas Pressure Regulator also features double diaphragm, integral vent limiter with balanced valve design to provide increased capacity and accuracy. The GOVERNOR is suitable for indoor and outdoor installation.\">PF GOVERNOR Flyer<\/a><br \/>\n<a href=\"https:\/\/equipmentcontrols.com\/wp-content\/uploads\/2020\/09\/Governor-High-Capacity-Engineering-Specification-Sheet-9-2020.pdf\">PF GOVERNOR High Capacity Engineering Specification Sheet Governor Brochure<\/a><br \/>\n<a href=\"https:\/\/equipmentcontrols.com\/wp-content\/uploads\/2020\/09\/Governor-Standard-Regulator-Engineering-Specification-Sheet-9-2020.pdf\">PF GOVERNOR\u00a0 Standard Regulator Engineering Specification Sheet<\/a><\/p>\n<p>&nbsp;<\/p>","protected":false},"excerpt":{"rendered":"<p>Pietro Fiorentini&#8217;s Governor line of gas regulators are ideal for a wide range of residential through large industrial applications.<\/p>","protected":false},"featured_media":350,"template":"","meta":[],"product_brand":[],"product_cat":[20,139,46],"product_tag":[160,158,159,120],"class_list":{"0":"post-351","1":"product","2":"type-product","3":"status-publish","4":"has-post-thumbnail","6":"product_cat-gas-regulators","7":"product_cat-hydrogen-ready-pressure-products","8":"product_cat-pietro-fiorentini","9":"product_tag-gas-regulator","10":"product_tag-governor","11":"product_tag-pf-governor","12":"product_tag-pietro-fiorentini","14":"first","15":"instock","16":"shipping-taxable","17":"product-type-simple"},"yoast_head":"<!-- This site is optimized with the Yoast SEO Premium plugin v23.9 (Yoast SEO v27.3) - https:\/\/yoast.com\/product\/yoast-seo-premium-wordpress\/ -->\n<title>GOVERNOR 2 PSIG - ECCO<\/title>\n<meta name=\"description\" content=\"The Pietro Fiorentini\u2019s Governor 2PSIG natural gas regulator is suitable for indoor and outdoor installations, suitable for natural gas and propane.\" \/>\n<meta name=\"robots\" content=\"index, follow, max-snippet:-1, max-image-preview:large, max-video-preview:-1\" \/>\n<link rel=\"canonical\" href=\"https:\/\/equipmentcontrols.com\/fr\/produit\/governor-2-psig\/\" \/>\n<meta property=\"og:locale\" content=\"fr_CA\" \/>\n<meta property=\"og:type\" content=\"article\" \/>\n<meta property=\"og:title\" content=\"GOVERNOR 2 PSIG\" \/>\n<meta property=\"og:description\" content=\"The Pietro Fiorentini\u2019s Governor 2PSIG natural gas regulator is suitable for indoor and outdoor installations, suitable for natural gas and propane.\" \/>\n<meta property=\"og:url\" content=\"https:\/\/equipmentcontrols.com\/fr\/produit\/governor-2-psig\/\" \/>\n<meta property=\"og:site_name\" content=\"ECCO\" \/>\n<meta property=\"article:modified_time\" content=\"2023-11-27T13:44:08+00:00\" \/>\n<meta property=\"og:image\" content=\"https:\/\/equipmentcontrols.com\/wp-content\/uploads\/2020\/04\/PF20Governor20220PSIG.jpg\" \/>\n\t<meta property=\"og:image:width\" content=\"860\" \/>\n\t<meta property=\"og:image:height\" content=\"860\" \/>\n\t<meta property=\"og:image:type\" content=\"image\/jpeg\" \/>\n<meta name=\"twitter:card\" content=\"summary_large_image\" \/>\n<meta name=\"twitter:label1\" content=\"Estimation du temps de lecture\" \/>\n\t<meta name=\"twitter:data1\" content=\"3 minutes\" \/>\n<script type=\"application\/ld+json\" class=\"yoast-schema-graph\">{\"@context\":\"https:\\\/\\\/schema.org\",\"@graph\":[{\"@type\":\"WebPage\",\"@id\":\"https:\\\/\\\/equipmentcontrols.com\\\/product\\\/governor-2-psig\\\/\",\"url\":\"https:\\\/\\\/equipmentcontrols.com\\\/product\\\/governor-2-psig\\\/\",\"name\":\"GOVERNOR 2 PSIG - ECCO\",\"isPartOf\":{\"@id\":\"https:\\\/\\\/equipmentcontrols.com\\\/#website\"},\"primaryImageOfPage\":{\"@id\":\"https:\\\/\\\/equipmentcontrols.com\\\/product\\\/governor-2-psig\\\/#primaryimage\"},\"image\":{\"@id\":\"https:\\\/\\\/equipmentcontrols.com\\\/product\\\/governor-2-psig\\\/#primaryimage\"},\"thumbnailUrl\":\"https:\\\/\\\/equipmentcontrols.com\\\/wp-content\\\/uploads\\\/2020\\\/04\\\/PF20Governor20220PSIG.jpg\",\"datePublished\":\"2020-04-24T20:25:46+00:00\",\"dateModified\":\"2023-11-27T13:44:08+00:00\",\"description\":\"The Pietro Fiorentini\u2019s Governor 2PSIG natural gas regulator is suitable for indoor and outdoor installations, suitable for natural gas and propane.\",\"breadcrumb\":{\"@id\":\"https:\\\/\\\/equipmentcontrols.com\\\/product\\\/governor-2-psig\\\/#breadcrumb\"},\"inLanguage\":\"fr-CA\",\"potentialAction\":[{\"@type\":\"ReadAction\",\"target\":[\"https:\\\/\\\/equipmentcontrols.com\\\/product\\\/governor-2-psig\\\/\"]}]},{\"@type\":\"ImageObject\",\"inLanguage\":\"fr-CA\",\"@id\":\"https:\\\/\\\/equipmentcontrols.com\\\/product\\\/governor-2-psig\\\/#primaryimage\",\"url\":\"https:\\\/\\\/equipmentcontrols.com\\\/wp-content\\\/uploads\\\/2020\\\/04\\\/PF20Governor20220PSIG.jpg\",\"contentUrl\":\"https:\\\/\\\/equipmentcontrols.com\\\/wp-content\\\/uploads\\\/2020\\\/04\\\/PF20Governor20220PSIG.jpg\",\"width\":860,\"height\":860,\"caption\":\"PF20Governor20220PSIG\"},{\"@type\":\"BreadcrumbList\",\"@id\":\"https:\\\/\\\/equipmentcontrols.com\\\/product\\\/governor-2-psig\\\/#breadcrumb\",\"itemListElement\":[{\"@type\":\"ListItem\",\"position\":1,\"name\":\"Home\",\"item\":\"https:\\\/\\\/equipmentcontrols.com\\\/\"},{\"@type\":\"ListItem\",\"position\":2,\"name\":\"Shop\",\"item\":\"https:\\\/\\\/equipmentcontrols.com\\\/shop\\\/\"},{\"@type\":\"ListItem\",\"position\":3,\"name\":\"GOVERNOR 2 PSIG\"}]},{\"@type\":\"WebSite\",\"@id\":\"https:\\\/\\\/equipmentcontrols.com\\\/#website\",\"url\":\"https:\\\/\\\/equipmentcontrols.com\\\/\",\"name\":\"ECCO\",\"description\":\"Equipment Controls Company\",\"potentialAction\":[{\"@type\":\"SearchAction\",\"target\":{\"@type\":\"EntryPoint\",\"urlTemplate\":\"https:\\\/\\\/equipmentcontrols.com\\\/?s={search_term_string}\"},\"query-input\":{\"@type\":\"PropertyValueSpecification\",\"valueRequired\":true,\"valueName\":\"search_term_string\"}}],\"inLanguage\":\"fr-CA\"}]}<\/script>\n<!-- \/ Yoast SEO Premium plugin. -->","yoast_head_json":{"title":"GOVERNOR 2 PSIG - ECCO","description":"The Pietro Fiorentini\u2019s Governor 2PSIG natural gas regulator is suitable for indoor and outdoor installations, suitable for natural gas and propane.","robots":{"index":"index","follow":"follow","max-snippet":"max-snippet:-1","max-image-preview":"max-image-preview:large","max-video-preview":"max-video-preview:-1"},"canonical":"https:\/\/equipmentcontrols.com\/fr\/produit\/governor-2-psig\/","og_locale":"fr_CA","og_type":"article","og_title":"GOVERNOR 2 PSIG","og_description":"The Pietro Fiorentini\u2019s Governor 2PSIG natural gas regulator is suitable for indoor and outdoor installations, suitable for natural gas and propane.","og_url":"https:\/\/equipmentcontrols.com\/fr\/produit\/governor-2-psig\/","og_site_name":"ECCO","article_modified_time":"2023-11-27T13:44:08+00:00","og_image":[{"width":860,"height":860,"url":"https:\/\/equipmentcontrols.com\/wp-content\/uploads\/2020\/04\/PF20Governor20220PSIG.jpg","type":"image\/jpeg"}],"twitter_card":"summary_large_image","twitter_misc":{"Estimation du temps de lecture":"3 minutes"},"schema":{"@context":"https:\/\/schema.org","@graph":[{"@type":"WebPage","@id":"https:\/\/equipmentcontrols.com\/product\/governor-2-psig\/","url":"https:\/\/equipmentcontrols.com\/product\/governor-2-psig\/","name":"GOVERNOR 2 PSIG - ECCO","isPartOf":{"@id":"https:\/\/equipmentcontrols.com\/#website"},"primaryImageOfPage":{"@id":"https:\/\/equipmentcontrols.com\/product\/governor-2-psig\/#primaryimage"},"image":{"@id":"https:\/\/equipmentcontrols.com\/product\/governor-2-psig\/#primaryimage"},"thumbnailUrl":"https:\/\/equipmentcontrols.com\/wp-content\/uploads\/2020\/04\/PF20Governor20220PSIG.jpg","datePublished":"2020-04-24T20:25:46+00:00","dateModified":"2023-11-27T13:44:08+00:00","description":"The Pietro Fiorentini\u2019s Governor 2PSIG natural gas regulator is suitable for indoor and outdoor installations, suitable for natural gas and propane.","breadcrumb":{"@id":"https:\/\/equipmentcontrols.com\/product\/governor-2-psig\/#breadcrumb"},"inLanguage":"fr-CA","potentialAction":[{"@type":"ReadAction","target":["https:\/\/equipmentcontrols.com\/product\/governor-2-psig\/"]}]},{"@type":"ImageObject","inLanguage":"fr-CA","@id":"https:\/\/equipmentcontrols.com\/product\/governor-2-psig\/#primaryimage","url":"https:\/\/equipmentcontrols.com\/wp-content\/uploads\/2020\/04\/PF20Governor20220PSIG.jpg","contentUrl":"https:\/\/equipmentcontrols.com\/wp-content\/uploads\/2020\/04\/PF20Governor20220PSIG.jpg","width":860,"height":860,"caption":"PF20Governor20220PSIG"},{"@type":"BreadcrumbList","@id":"https:\/\/equipmentcontrols.com\/product\/governor-2-psig\/#breadcrumb","itemListElement":[{"@type":"ListItem","position":1,"name":"Home","item":"https:\/\/equipmentcontrols.com\/"},{"@type":"ListItem","position":2,"name":"Shop","item":"https:\/\/equipmentcontrols.com\/shop\/"},{"@type":"ListItem","position":3,"name":"GOVERNOR 2 PSIG"}]},{"@type":"WebSite","@id":"https:\/\/equipmentcontrols.com\/#website","url":"https:\/\/equipmentcontrols.com\/","name":"ECCO","description":"Compagnie de contr\u00f4le d&#039;\u00e9quipement","potentialAction":[{"@type":"SearchAction","target":{"@type":"EntryPoint","urlTemplate":"https:\/\/equipmentcontrols.com\/?s={search_term_string}"},"query-input":{"@type":"PropertyValueSpecification","valueRequired":true,"valueName":"search_term_string"}}],"inLanguage":"fr-CA"}]}},"_links":{"self":[{"href":"https:\/\/equipmentcontrols.com\/fr\/wp-json\/wp\/v2\/product\/351","targetHints":{"allow":["GET"]}}],"collection":[{"href":"https:\/\/equipmentcontrols.com\/fr\/wp-json\/wp\/v2\/product"}],"about":[{"href":"https:\/\/equipmentcontrols.com\/fr\/wp-json\/wp\/v2\/types\/product"}],"wp:featuredmedia":[{"embeddable":true,"href":"https:\/\/equipmentcontrols.com\/fr\/wp-json\/wp\/v2\/media\/350"}],"wp:attachment":[{"href":"https:\/\/equipmentcontrols.com\/fr\/wp-json\/wp\/v2\/media?parent=351"}],"wp:term":[{"taxonomy":"product_brand","embeddable":true,"href":"https:\/\/equipmentcontrols.com\/fr\/wp-json\/wp\/v2\/product_brand?post=351"},{"taxonomy":"product_cat","embeddable":true,"href":"https:\/\/equipmentcontrols.com\/fr\/wp-json\/wp\/v2\/product_cat?post=351"},{"taxonomy":"product_tag","embeddable":true,"href":"https:\/\/equipmentcontrols.com\/fr\/wp-json\/wp\/v2\/product_tag?post=351"}],"curies":[{"name":"wp","href":"https:\/\/api.w.org\/{rel}","templated":true}]}}