{"id":307,"date":"2020-04-21T20:36:39","date_gmt":"2020-04-21T20:36:39","guid":{"rendered":"https:\/\/econtrols.stagemysite.com\/product\/sensus-441-461\/"},"modified":"2024-06-21T19:13:27","modified_gmt":"2024-06-21T19:13:27","slug":"usg-441-461","status":"publish","type":"product","link":"https:\/\/equipmentcontrols.com\/fr\/produit\/usg-441-461\/","title":{"rendered":"USG 441-X57"},"content":{"rendered":"<p><strong>USG 441-X57 High Pressure Regulator<\/strong><\/p>\n<div id=\"description\" class=\"tab-content desktop-visible\">\n<p>USG Model 461-X57 and Model 441-X57 regulators are unique high-pressure, large-capacity, spring-operated regulators. These high-pressure regulators incorporate the same \u201croll-out\u201d diaphragm principal that is so successful in our widely used 461-57S and 441-57S medium-pressure regulator models.<\/p>\n<p>Les deux r\u00e9gulateurs offrent des performances de type pilote avec la simplicit\u00e9 du r\u00e9gulateur \u00e0 ressort. L&#039;action de la membrane d\u00e9roulante rend possible les performances exceptionnelles des d\u00e9tendeurs en r\u00e9duisant au minimum le &quot;statisme&quot; (chute de la pression de sortie lorsqu&#039;un d\u00e9tendeur \u00e0 ressort s&#039;ouvre pour augmenter le d\u00e9bit).<\/p>\n<p>Avec une r\u00e9ponse rapide et une facilit\u00e9 d&#039;installation, de r\u00e9glage et d&#039;entretien, les mod\u00e8les 461-X57 et 441-X57 sont parfaits pour la plupart des applications \u00e0 haute pression et \u00e0 grande capacit\u00e9. Cela comprend : les ensembles de r\u00e9gulateurs haute pression, les syst\u00e8mes de distribution de gaz, les stations frontali\u00e8res urbaines, les syst\u00e8mes de transmission et la plupart des applications industrielles.<\/p>\n<p>Les r\u00e9gulateurs mod\u00e8les 461-X57 et mod\u00e8les 441-X57 peuvent \u00e9galement \u00eatre utilis\u00e9s comme moniteurs et prendre rapidement le contr\u00f4le si une d\u00e9faillance du r\u00e9gulateur de fonctionnement permet \u00e0 la pression de sortie de d\u00e9passer son point de consigne. Aucune modification n&#039;est requise pour une utilisation en tant que moniteur, m\u00eame s&#039;il est utilis\u00e9 en tant que moniteur pour d&#039;autres types de r\u00e9gulateurs.<\/p>\n<p><strong>Avantages:<\/strong><\/p>\n<ul>\n<li>S&#039;installe et s&#039;entretient facilement<\/li>\n<li>Fournit des performances \u00e9lev\u00e9es pour un registre \u00e0 ressort<\/li>\n<li>Permet une utilisation en tant que moniteur, prenant le contr\u00f4le en cas de panne<\/li>\n<\/ul>\n<p><strong>Traits:<\/strong><\/p>\n<ul>\n<li>Conception simplifi\u00e9e<\/li>\n<li>R\u00e9gulation fiable<\/li>\n<li>Fonctionnement sans probl\u00e8me<\/li>\n<li>Une r\u00e9ponse rapide<\/li>\n<li>Pas d&#039;entretien pilote<\/li>\n<li>Sentinelle \u00e0 diaphragme \u00e0 bille pour plus de s\u00e9curit\u00e9<\/li>\n<li>Construction robuste<\/li>\n<\/ul>\n<p><strong>T\u00e9l\u00e9chargements\u00a0:<\/strong><\/p>\n<p><a href=\"https:\/\/equipmentcontrols.com\/wp-content\/uploads\/2020\/05\/441-X57-Installation-Maintenance.pdf\">Instructions d&#039;installation Sensus 441-X57<\/a><\/p>\n<p><a href=\"https:\/\/equipmentcontrols.com\/wp-content\/uploads\/2020\/05\/441-X57-Install-Maintenance-Instructions.pdf\">Instructions d&#039;entretien Sensus 441-X57<\/a><\/p>\n<\/div>","protected":false},"excerpt":{"rendered":"<p>D\u00e9pendez de ces b\u00eates de somme pour des performances \u00e9lev\u00e9es et une r\u00e9ponse rapide. Nos d\u00e9tendeurs moyenne pression mod\u00e8le 461-57S et mod\u00e8le 441-57S sont des d\u00e9tendeurs \u00e0 ressort qui incorporent un diaphragme \u00ab roll-out \u00bb, similaire aux performances trouv\u00e9es dans les d\u00e9tendeurs pilot\u00e9s.<\/p>","protected":false},"featured_media":306,"template":"","meta":[],"product_brand":[],"product_cat":[20,105],"product_tag":[],"class_list":{"0":"post-307","1":"product","2":"type-product","3":"status-publish","4":"has-post-thumbnail","6":"product_cat-gas-regulators","7":"product_cat-usg","9":"first","10":"instock","11":"shipping-taxable","12":"product-type-simple"},"yoast_head":"<!-- This site is optimized with the Yoast SEO Premium plugin v23.9 (Yoast SEO v27.3) - https:\/\/yoast.com\/product\/yoast-seo-premium-wordpress\/ -->\n<title>USG 441-X57 - ECCO<\/title>\n<meta name=\"description\" content=\"Our Model 461-X57 and Model 441-X57 regulators are unique high-pressure, large-capacity, spring-operated regulators. These high-pressure regulators incorporate the same \u201croll-out\u201d diaphragm principal that is so successful in our widely used 461-57S and 441-57S medium-pressure regulator models.\" \/>\n<meta name=\"robots\" content=\"index, follow, max-snippet:-1, max-image-preview:large, max-video-preview:-1\" \/>\n<link rel=\"canonical\" href=\"https:\/\/equipmentcontrols.com\/fr\/produit\/usg-441-461\/\" \/>\n<meta property=\"og:locale\" content=\"fr_CA\" \/>\n<meta property=\"og:type\" content=\"article\" \/>\n<meta property=\"og:title\" content=\"USG 441-X57\" \/>\n<meta property=\"og:description\" content=\"Our Model 461-X57 and Model 441-X57 regulators are unique high-pressure, large-capacity, spring-operated regulators. These high-pressure regulators incorporate the same \u201croll-out\u201d diaphragm principal that is so successful in our widely used 461-57S and 441-57S medium-pressure regulator models.\" \/>\n<meta property=\"og:url\" content=\"https:\/\/equipmentcontrols.com\/fr\/produit\/usg-441-461\/\" \/>\n<meta property=\"og:site_name\" content=\"ECCO\" \/>\n<meta property=\"article:modified_time\" content=\"2024-06-21T19:13:27+00:00\" \/>\n<meta property=\"og:image\" content=\"https:\/\/equipmentcontrols.com\/wp-content\/uploads\/2020\/04\/SENSUS20441-46120Gas20Regulator.jpg\" \/>\n\t<meta property=\"og:image:width\" content=\"766\" \/>\n\t<meta property=\"og:image:height\" content=\"766\" \/>\n\t<meta property=\"og:image:type\" content=\"image\/jpeg\" \/>\n<meta name=\"twitter:card\" content=\"summary_large_image\" \/>\n<meta name=\"twitter:label1\" content=\"Estimation du temps de lecture\" \/>\n\t<meta name=\"twitter:data1\" content=\"2 minutes\" \/>\n<script type=\"application\/ld+json\" class=\"yoast-schema-graph\">{\"@context\":\"https:\\\/\\\/schema.org\",\"@graph\":[{\"@type\":\"WebPage\",\"@id\":\"https:\\\/\\\/equipmentcontrols.com\\\/product\\\/usg-441-461\\\/\",\"url\":\"https:\\\/\\\/equipmentcontrols.com\\\/product\\\/usg-441-461\\\/\",\"name\":\"USG 441-X57 - ECCO\",\"isPartOf\":{\"@id\":\"https:\\\/\\\/equipmentcontrols.com\\\/#website\"},\"primaryImageOfPage\":{\"@id\":\"https:\\\/\\\/equipmentcontrols.com\\\/product\\\/usg-441-461\\\/#primaryimage\"},\"image\":{\"@id\":\"https:\\\/\\\/equipmentcontrols.com\\\/product\\\/usg-441-461\\\/#primaryimage\"},\"thumbnailUrl\":\"https:\\\/\\\/equipmentcontrols.com\\\/wp-content\\\/uploads\\\/2020\\\/04\\\/SENSUS20441-46120Gas20Regulator.jpg\",\"datePublished\":\"2020-04-21T20:36:39+00:00\",\"dateModified\":\"2024-06-21T19:13:27+00:00\",\"description\":\"Our Model 461-X57 and Model 441-X57 regulators are unique high-pressure, large-capacity, spring-operated regulators. These high-pressure regulators incorporate the same \u201croll-out\u201d diaphragm principal that is so successful in our widely used 461-57S and 441-57S medium-pressure regulator models.\",\"breadcrumb\":{\"@id\":\"https:\\\/\\\/equipmentcontrols.com\\\/product\\\/usg-441-461\\\/#breadcrumb\"},\"inLanguage\":\"fr-CA\",\"potentialAction\":[{\"@type\":\"ReadAction\",\"target\":[\"https:\\\/\\\/equipmentcontrols.com\\\/product\\\/usg-441-461\\\/\"]}]},{\"@type\":\"ImageObject\",\"inLanguage\":\"fr-CA\",\"@id\":\"https:\\\/\\\/equipmentcontrols.com\\\/product\\\/usg-441-461\\\/#primaryimage\",\"url\":\"https:\\\/\\\/equipmentcontrols.com\\\/wp-content\\\/uploads\\\/2020\\\/04\\\/SENSUS20441-46120Gas20Regulator.jpg\",\"contentUrl\":\"https:\\\/\\\/equipmentcontrols.com\\\/wp-content\\\/uploads\\\/2020\\\/04\\\/SENSUS20441-46120Gas20Regulator.jpg\",\"width\":766,\"height\":766,\"caption\":\"SENSUS20441-46120Gas20Regulator.jpg\"},{\"@type\":\"BreadcrumbList\",\"@id\":\"https:\\\/\\\/equipmentcontrols.com\\\/product\\\/usg-441-461\\\/#breadcrumb\",\"itemListElement\":[{\"@type\":\"ListItem\",\"position\":1,\"name\":\"Home\",\"item\":\"https:\\\/\\\/equipmentcontrols.com\\\/\"},{\"@type\":\"ListItem\",\"position\":2,\"name\":\"Shop\",\"item\":\"https:\\\/\\\/equipmentcontrols.com\\\/shop\\\/\"},{\"@type\":\"ListItem\",\"position\":3,\"name\":\"USG 441-X57\"}]},{\"@type\":\"WebSite\",\"@id\":\"https:\\\/\\\/equipmentcontrols.com\\\/#website\",\"url\":\"https:\\\/\\\/equipmentcontrols.com\\\/\",\"name\":\"ECCO\",\"description\":\"Equipment Controls Company\",\"potentialAction\":[{\"@type\":\"SearchAction\",\"target\":{\"@type\":\"EntryPoint\",\"urlTemplate\":\"https:\\\/\\\/equipmentcontrols.com\\\/?s={search_term_string}\"},\"query-input\":{\"@type\":\"PropertyValueSpecification\",\"valueRequired\":true,\"valueName\":\"search_term_string\"}}],\"inLanguage\":\"fr-CA\"}]}<\/script>\n<!-- \/ Yoast SEO Premium plugin. -->","yoast_head_json":{"title":"USG 441-X57 - ECCO","description":"Nos r\u00e9gulateurs mod\u00e8les 461-X57 et mod\u00e8les 441-X57 sont des r\u00e9gulateurs uniques \u00e0 haute pression, \u00e0 grande capacit\u00e9 et \u00e0 ressort. Ces r\u00e9gulateurs haute pression int\u00e8grent le m\u00eame principe de diaphragme \u00ab d\u00e9roulant \u00bb qui a tant de succ\u00e8s dans nos mod\u00e8les de r\u00e9gulateurs moyenne pression 461-57S et 441-57S largement utilis\u00e9s.","robots":{"index":"index","follow":"follow","max-snippet":"max-snippet:-1","max-image-preview":"max-image-preview:large","max-video-preview":"max-video-preview:-1"},"canonical":"https:\/\/equipmentcontrols.com\/fr\/produit\/usg-441-461\/","og_locale":"fr_CA","og_type":"article","og_title":"USG 441-X57","og_description":"Our Model 461-X57 and Model 441-X57 regulators are unique high-pressure, large-capacity, spring-operated regulators. These high-pressure regulators incorporate the same \u201croll-out\u201d diaphragm principal that is so successful in our widely used 461-57S and 441-57S medium-pressure regulator models.","og_url":"https:\/\/equipmentcontrols.com\/fr\/produit\/usg-441-461\/","og_site_name":"ECCO","article_modified_time":"2024-06-21T19:13:27+00:00","og_image":[{"width":766,"height":766,"url":"https:\/\/equipmentcontrols.com\/wp-content\/uploads\/2020\/04\/SENSUS20441-46120Gas20Regulator.jpg","type":"image\/jpeg"}],"twitter_card":"summary_large_image","twitter_misc":{"Estimation du temps de lecture":"2 minutes"},"schema":{"@context":"https:\/\/schema.org","@graph":[{"@type":"WebPage","@id":"https:\/\/equipmentcontrols.com\/product\/usg-441-461\/","url":"https:\/\/equipmentcontrols.com\/product\/usg-441-461\/","name":"USG 441-X57 - ECCO","isPartOf":{"@id":"https:\/\/equipmentcontrols.com\/#website"},"primaryImageOfPage":{"@id":"https:\/\/equipmentcontrols.com\/product\/usg-441-461\/#primaryimage"},"image":{"@id":"https:\/\/equipmentcontrols.com\/product\/usg-441-461\/#primaryimage"},"thumbnailUrl":"https:\/\/equipmentcontrols.com\/wp-content\/uploads\/2020\/04\/SENSUS20441-46120Gas20Regulator.jpg","datePublished":"2020-04-21T20:36:39+00:00","dateModified":"2024-06-21T19:13:27+00:00","description":"Nos r\u00e9gulateurs mod\u00e8les 461-X57 et mod\u00e8les 441-X57 sont des r\u00e9gulateurs uniques \u00e0 haute pression, \u00e0 grande capacit\u00e9 et \u00e0 ressort. Ces r\u00e9gulateurs haute pression int\u00e8grent le m\u00eame principe de diaphragme \u00ab d\u00e9roulant \u00bb qui a tant de succ\u00e8s dans nos mod\u00e8les de r\u00e9gulateurs moyenne pression 461-57S et 441-57S largement utilis\u00e9s.","breadcrumb":{"@id":"https:\/\/equipmentcontrols.com\/product\/usg-441-461\/#breadcrumb"},"inLanguage":"fr-CA","potentialAction":[{"@type":"ReadAction","target":["https:\/\/equipmentcontrols.com\/product\/usg-441-461\/"]}]},{"@type":"ImageObject","inLanguage":"fr-CA","@id":"https:\/\/equipmentcontrols.com\/product\/usg-441-461\/#primaryimage","url":"https:\/\/equipmentcontrols.com\/wp-content\/uploads\/2020\/04\/SENSUS20441-46120Gas20Regulator.jpg","contentUrl":"https:\/\/equipmentcontrols.com\/wp-content\/uploads\/2020\/04\/SENSUS20441-46120Gas20Regulator.jpg","width":766,"height":766,"caption":"SENSUS20441-46120Gas20Regulator.jpg"},{"@type":"BreadcrumbList","@id":"https:\/\/equipmentcontrols.com\/product\/usg-441-461\/#breadcrumb","itemListElement":[{"@type":"ListItem","position":1,"name":"Home","item":"https:\/\/equipmentcontrols.com\/"},{"@type":"ListItem","position":2,"name":"Shop","item":"https:\/\/equipmentcontrols.com\/shop\/"},{"@type":"ListItem","position":3,"name":"USG 441-X57"}]},{"@type":"WebSite","@id":"https:\/\/equipmentcontrols.com\/#website","url":"https:\/\/equipmentcontrols.com\/","name":"ECCO","description":"Compagnie de contr\u00f4le d&#039;\u00e9quipement","potentialAction":[{"@type":"SearchAction","target":{"@type":"EntryPoint","urlTemplate":"https:\/\/equipmentcontrols.com\/?s={search_term_string}"},"query-input":{"@type":"PropertyValueSpecification","valueRequired":true,"valueName":"search_term_string"}}],"inLanguage":"fr-CA"}]}},"_links":{"self":[{"href":"https:\/\/equipmentcontrols.com\/fr\/wp-json\/wp\/v2\/product\/307","targetHints":{"allow":["GET"]}}],"collection":[{"href":"https:\/\/equipmentcontrols.com\/fr\/wp-json\/wp\/v2\/product"}],"about":[{"href":"https:\/\/equipmentcontrols.com\/fr\/wp-json\/wp\/v2\/types\/product"}],"wp:featuredmedia":[{"embeddable":true,"href":"https:\/\/equipmentcontrols.com\/fr\/wp-json\/wp\/v2\/media\/306"}],"wp:attachment":[{"href":"https:\/\/equipmentcontrols.com\/fr\/wp-json\/wp\/v2\/media?parent=307"}],"wp:term":[{"taxonomy":"product_brand","embeddable":true,"href":"https:\/\/equipmentcontrols.com\/fr\/wp-json\/wp\/v2\/product_brand?post=307"},{"taxonomy":"product_cat","embeddable":true,"href":"https:\/\/equipmentcontrols.com\/fr\/wp-json\/wp\/v2\/product_cat?post=307"},{"taxonomy":"product_tag","embeddable":true,"href":"https:\/\/equipmentcontrols.com\/fr\/wp-json\/wp\/v2\/product_tag?post=307"}],"curies":[{"name":"wp","href":"https:\/\/api.w.org\/{rel}","templated":true}]}}