{"id":303,"date":"2020-04-21T20:36:39","date_gmt":"2020-04-21T20:36:39","guid":{"rendered":"https:\/\/econtrols.stagemysite.com\/product\/sensus-121-122\/"},"modified":"2026-02-25T18:15:14","modified_gmt":"2026-02-25T18:15:14","slug":"usg-121-122","status":"publish","type":"product","link":"https:\/\/equipmentcontrols.com\/fr\/produit\/usg-121-122\/","title":{"rendered":"USG 121\/122"},"content":{"rendered":"<p>Le mod\u00e8le 121 et le mod\u00e8le 122 sont tous deux des r\u00e9gulateurs hautement fonctionnels dot\u00e9s de bo\u00eetiers \u00e0 membrane moul\u00e9s sous pression et de corps en fonte. Cela les rend solides et r\u00e9sistants \u00e0 la corrosion. Les deux mod\u00e8les int\u00e8grent un mat\u00e9riau de soupape \u00e0 si\u00e8ge souple, ainsi qu&#039;un orifice en \u00ab lame de couteau \u00bb usin\u00e9 avec pr\u00e9cision pour une fermeture positive et \u00e9tanche.<\/p>\n<p><strong>Cette famille de r\u00e9gulateurs comprend des mod\u00e8les pour :<\/strong><br \/>\n\u2022 R\u00e9gulateurs standards<br \/>\n\u2022 Z\u00e9ro r\u00e9gulateur ou r\u00e9gulateurs atmosph\u00e9riques<br \/>\n\u2022 R\u00e9gulateurs diff\u00e9rentiels<br \/>\n\u2022 R\u00e9gulateurs de contre-pression (ou soupapes de d\u00e9charge)<br \/>\n\u2022 R\u00e9gulateurs de vide<br \/>\n\u2022 Casse-vide<\/p>\n<p>Ils peuvent \u00eatre utilis\u00e9s dans une vari\u00e9t\u00e9 d&#039;applications commerciales et industrielles, y compris les br\u00fbleurs, les chaudi\u00e8res, les fours, les r\u00e9chauffeurs d&#039;air et les fours. Ces r\u00e9gulateurs fonctionnent \u00e9galement bien pour les moteurs \u00e0 essence o\u00f9 une r\u00e9ponse rapide am\u00e9liore les performances globales.<\/p>\n<p><strong>Benefits to you:<\/strong><br \/>\n\u2022 Permet une installation au-dessus du sol ou dans une vo\u00fbte<br \/>\n\u2022 Fournit des options pilot\u00e9es, sous pression et V-port<br \/>\n\u2022 Dessert les installations de grande capacit\u00e9<br \/>\n\u2022 Permet des pressions d&#039;entr\u00e9e \u00e9lev\u00e9es<\/p>\n<p><strong>Model 121 Regulators<\/strong><\/p>\n<p>These regulators may be used for commercial and industrial applications, such as: burners, boilers, furnaces, air heaters, kilns, and gas engines. These offer the versatility to be utilized as both large capacity supply regulators on commercial and industrial service lines, or as a small district regulator.<\/p>\n<p>They offer excellent performance as either a primary control or for monitoring \u2014 use it for either or both.<\/p>\n<p>Model 121 Regulators can be used with natural gas, propane, LPG, air nitrogen, etc. Special materials are available for certain corrosive gases.<\/p>\n<p><strong>Model 122 Industrial Combustion Regulators<\/strong><\/p>\n<p>For an unbeatable combination of capacity, performance, and economy.<\/p>\n<p>Streamlined body passages provide large capacity. Carefully engineered internal sensing produces accurate pressure control without an external control line. And, just in case a particular application necessitates one, a handy tap on the 122 makes connection into an external control line a simple matter.<\/p>\n<p>The 122 is manufactured in 1-inch through 2 \u00bd-inch pipe sizes only.<\/p>\n<p><strong>T\u00e9l\u00e9chargements\u00a0:<\/strong><br \/>\n<a href=\"https:\/\/equipmentcontrols.com\/wp-content\/uploads\/2026\/02\/Model-121-Installation-Maintenance-Manual-1.pdf\">USG Model 121 Field Regulator Installation Instructions<\/a><br \/>\n<a href=\"https:\/\/equipmentcontrols.com\/wp-content\/uploads\/2026\/02\/Model-121-Brochure-1.pdf\">USG Model 121 Field Regulator Brochure<\/a><\/p>\n<p><a href=\"https:\/\/equipmentcontrols.com\/wp-content\/uploads\/2026\/02\/Model-122-Installation-Maintenance-Manual-1.pdf\">USG Model 122 Field Regulator Installation Instructions<\/a><br \/>\n<a href=\"https:\/\/equipmentcontrols.com\/wp-content\/uploads\/2026\/02\/Model-122-Brochure.pdf\">USG Model 122 Field Regulator Brochure<\/a><\/p>","protected":false},"excerpt":{"rendered":"<p>Achieve greater capacity, higher inlet pressure, more accurate performance and a faster response for higher volume commercial\/industrial applications with our industrial combustion regulators. These regulators provide an unbeatable combination of capacity, performance and economy. In most applications, our design allows you to use a smaller regulator than other brands for primary control or monitoring, or both.<\/p>","protected":false},"featured_media":302,"template":"","meta":[],"product_brand":[],"product_cat":[20,105],"product_tag":[],"class_list":{"0":"post-303","1":"product","2":"type-product","3":"status-publish","4":"has-post-thumbnail","6":"product_cat-gas-regulators","7":"product_cat-usg","9":"first","10":"instock","11":"shipping-taxable","12":"product-type-simple"},"yoast_head":"<!-- This site is optimized with the Yoast SEO Premium plugin v23.9 (Yoast SEO v27.3) - https:\/\/yoast.com\/product\/yoast-seo-premium-wordpress\/ -->\n<title>USG 121\/122 - ECCO<\/title>\n<meta name=\"robots\" content=\"index, follow, max-snippet:-1, max-image-preview:large, max-video-preview:-1\" \/>\n<link rel=\"canonical\" href=\"https:\/\/equipmentcontrols.com\/fr\/produit\/usg-121-122\/\" \/>\n<meta property=\"og:locale\" content=\"fr_CA\" \/>\n<meta property=\"og:type\" content=\"article\" \/>\n<meta property=\"og:title\" content=\"USG 121\/122\" \/>\n<meta property=\"og:description\" content=\"Achieve greater capacity, higher inlet pressure, more accurate performance and a faster response for higher volume commercial\/industrial applications with our industrial combustion regulators. These regulators provide an unbeatable combination of capacity, performance and economy. In most applications, our design allows you to use a smaller regulator than other brands for primary control or monitoring, or both.\" \/>\n<meta property=\"og:url\" content=\"https:\/\/equipmentcontrols.com\/fr\/produit\/usg-121-122\/\" \/>\n<meta property=\"og:site_name\" content=\"ECCO\" \/>\n<meta property=\"article:modified_time\" content=\"2026-02-25T18:15:14+00:00\" \/>\n<meta property=\"og:image\" content=\"https:\/\/equipmentcontrols.com\/wp-content\/uploads\/2020\/04\/SENSUS20121-12220Gas20Regulator.jpg\" \/>\n\t<meta property=\"og:image:width\" content=\"860\" \/>\n\t<meta property=\"og:image:height\" content=\"860\" \/>\n\t<meta property=\"og:image:type\" content=\"image\/jpeg\" \/>\n<meta name=\"twitter:card\" content=\"summary_large_image\" \/>\n<meta name=\"twitter:label1\" content=\"Estimation du temps de lecture\" \/>\n\t<meta name=\"twitter:data1\" content=\"2 minutes\" \/>\n<script type=\"application\/ld+json\" class=\"yoast-schema-graph\">{\"@context\":\"https:\\\/\\\/schema.org\",\"@graph\":[{\"@type\":\"WebPage\",\"@id\":\"https:\\\/\\\/equipmentcontrols.com\\\/product\\\/usg-121-122\\\/\",\"url\":\"https:\\\/\\\/equipmentcontrols.com\\\/product\\\/usg-121-122\\\/\",\"name\":\"USG 121\\\/122 - ECCO\",\"isPartOf\":{\"@id\":\"https:\\\/\\\/equipmentcontrols.com\\\/#website\"},\"primaryImageOfPage\":{\"@id\":\"https:\\\/\\\/equipmentcontrols.com\\\/product\\\/usg-121-122\\\/#primaryimage\"},\"image\":{\"@id\":\"https:\\\/\\\/equipmentcontrols.com\\\/product\\\/usg-121-122\\\/#primaryimage\"},\"thumbnailUrl\":\"https:\\\/\\\/equipmentcontrols.com\\\/wp-content\\\/uploads\\\/2020\\\/04\\\/SENSUS20121-12220Gas20Regulator.jpg\",\"datePublished\":\"2020-04-21T20:36:39+00:00\",\"dateModified\":\"2026-02-25T18:15:14+00:00\",\"breadcrumb\":{\"@id\":\"https:\\\/\\\/equipmentcontrols.com\\\/product\\\/usg-121-122\\\/#breadcrumb\"},\"inLanguage\":\"fr-CA\",\"potentialAction\":[{\"@type\":\"ReadAction\",\"target\":[\"https:\\\/\\\/equipmentcontrols.com\\\/product\\\/usg-121-122\\\/\"]}]},{\"@type\":\"ImageObject\",\"inLanguage\":\"fr-CA\",\"@id\":\"https:\\\/\\\/equipmentcontrols.com\\\/product\\\/usg-121-122\\\/#primaryimage\",\"url\":\"https:\\\/\\\/equipmentcontrols.com\\\/wp-content\\\/uploads\\\/2020\\\/04\\\/SENSUS20121-12220Gas20Regulator.jpg\",\"contentUrl\":\"https:\\\/\\\/equipmentcontrols.com\\\/wp-content\\\/uploads\\\/2020\\\/04\\\/SENSUS20121-12220Gas20Regulator.jpg\",\"width\":860,\"height\":860,\"caption\":\"SENSUS20121-12220Gas20Regulator.jpg\"},{\"@type\":\"BreadcrumbList\",\"@id\":\"https:\\\/\\\/equipmentcontrols.com\\\/product\\\/usg-121-122\\\/#breadcrumb\",\"itemListElement\":[{\"@type\":\"ListItem\",\"position\":1,\"name\":\"Home\",\"item\":\"https:\\\/\\\/equipmentcontrols.com\\\/\"},{\"@type\":\"ListItem\",\"position\":2,\"name\":\"Shop\",\"item\":\"https:\\\/\\\/equipmentcontrols.com\\\/shop\\\/\"},{\"@type\":\"ListItem\",\"position\":3,\"name\":\"USG 121\\\/122\"}]},{\"@type\":\"WebSite\",\"@id\":\"https:\\\/\\\/equipmentcontrols.com\\\/#website\",\"url\":\"https:\\\/\\\/equipmentcontrols.com\\\/\",\"name\":\"ECCO\",\"description\":\"Equipment Controls Company\",\"potentialAction\":[{\"@type\":\"SearchAction\",\"target\":{\"@type\":\"EntryPoint\",\"urlTemplate\":\"https:\\\/\\\/equipmentcontrols.com\\\/?s={search_term_string}\"},\"query-input\":{\"@type\":\"PropertyValueSpecification\",\"valueRequired\":true,\"valueName\":\"search_term_string\"}}],\"inLanguage\":\"fr-CA\"}]}<\/script>\n<!-- \/ Yoast SEO Premium plugin. -->","yoast_head_json":{"title":"USG 121\/122 - ECCO","robots":{"index":"index","follow":"follow","max-snippet":"max-snippet:-1","max-image-preview":"max-image-preview:large","max-video-preview":"max-video-preview:-1"},"canonical":"https:\/\/equipmentcontrols.com\/fr\/produit\/usg-121-122\/","og_locale":"fr_CA","og_type":"article","og_title":"USG 121\/122","og_description":"Achieve greater capacity, higher inlet pressure, more accurate performance and a faster response for higher volume commercial\/industrial applications with our industrial combustion regulators. These regulators provide an unbeatable combination of capacity, performance and economy. In most applications, our design allows you to use a smaller regulator than other brands for primary control or monitoring, or both.","og_url":"https:\/\/equipmentcontrols.com\/fr\/produit\/usg-121-122\/","og_site_name":"ECCO","article_modified_time":"2026-02-25T18:15:14+00:00","og_image":[{"width":860,"height":860,"url":"https:\/\/equipmentcontrols.com\/wp-content\/uploads\/2020\/04\/SENSUS20121-12220Gas20Regulator.jpg","type":"image\/jpeg"}],"twitter_card":"summary_large_image","twitter_misc":{"Estimation du temps de lecture":"2 minutes"},"schema":{"@context":"https:\/\/schema.org","@graph":[{"@type":"WebPage","@id":"https:\/\/equipmentcontrols.com\/product\/usg-121-122\/","url":"https:\/\/equipmentcontrols.com\/product\/usg-121-122\/","name":"USG 121\/122 - ECCO","isPartOf":{"@id":"https:\/\/equipmentcontrols.com\/#website"},"primaryImageOfPage":{"@id":"https:\/\/equipmentcontrols.com\/product\/usg-121-122\/#primaryimage"},"image":{"@id":"https:\/\/equipmentcontrols.com\/product\/usg-121-122\/#primaryimage"},"thumbnailUrl":"https:\/\/equipmentcontrols.com\/wp-content\/uploads\/2020\/04\/SENSUS20121-12220Gas20Regulator.jpg","datePublished":"2020-04-21T20:36:39+00:00","dateModified":"2026-02-25T18:15:14+00:00","breadcrumb":{"@id":"https:\/\/equipmentcontrols.com\/product\/usg-121-122\/#breadcrumb"},"inLanguage":"fr-CA","potentialAction":[{"@type":"ReadAction","target":["https:\/\/equipmentcontrols.com\/product\/usg-121-122\/"]}]},{"@type":"ImageObject","inLanguage":"fr-CA","@id":"https:\/\/equipmentcontrols.com\/product\/usg-121-122\/#primaryimage","url":"https:\/\/equipmentcontrols.com\/wp-content\/uploads\/2020\/04\/SENSUS20121-12220Gas20Regulator.jpg","contentUrl":"https:\/\/equipmentcontrols.com\/wp-content\/uploads\/2020\/04\/SENSUS20121-12220Gas20Regulator.jpg","width":860,"height":860,"caption":"SENSUS20121-12220Gas20Regulator.jpg"},{"@type":"BreadcrumbList","@id":"https:\/\/equipmentcontrols.com\/product\/usg-121-122\/#breadcrumb","itemListElement":[{"@type":"ListItem","position":1,"name":"Home","item":"https:\/\/equipmentcontrols.com\/"},{"@type":"ListItem","position":2,"name":"Shop","item":"https:\/\/equipmentcontrols.com\/shop\/"},{"@type":"ListItem","position":3,"name":"USG 121\/122"}]},{"@type":"WebSite","@id":"https:\/\/equipmentcontrols.com\/#website","url":"https:\/\/equipmentcontrols.com\/","name":"ECCO","description":"Compagnie de contr\u00f4le d&#039;\u00e9quipement","potentialAction":[{"@type":"SearchAction","target":{"@type":"EntryPoint","urlTemplate":"https:\/\/equipmentcontrols.com\/?s={search_term_string}"},"query-input":{"@type":"PropertyValueSpecification","valueRequired":true,"valueName":"search_term_string"}}],"inLanguage":"fr-CA"}]}},"_links":{"self":[{"href":"https:\/\/equipmentcontrols.com\/fr\/wp-json\/wp\/v2\/product\/303","targetHints":{"allow":["GET"]}}],"collection":[{"href":"https:\/\/equipmentcontrols.com\/fr\/wp-json\/wp\/v2\/product"}],"about":[{"href":"https:\/\/equipmentcontrols.com\/fr\/wp-json\/wp\/v2\/types\/product"}],"wp:featuredmedia":[{"embeddable":true,"href":"https:\/\/equipmentcontrols.com\/fr\/wp-json\/wp\/v2\/media\/302"}],"wp:attachment":[{"href":"https:\/\/equipmentcontrols.com\/fr\/wp-json\/wp\/v2\/media?parent=303"}],"wp:term":[{"taxonomy":"product_brand","embeddable":true,"href":"https:\/\/equipmentcontrols.com\/fr\/wp-json\/wp\/v2\/product_brand?post=303"},{"taxonomy":"product_cat","embeddable":true,"href":"https:\/\/equipmentcontrols.com\/fr\/wp-json\/wp\/v2\/product_cat?post=303"},{"taxonomy":"product_tag","embeddable":true,"href":"https:\/\/equipmentcontrols.com\/fr\/wp-json\/wp\/v2\/product_tag?post=303"}],"curies":[{"name":"wp","href":"https:\/\/api.w.org\/{rel}","templated":true}]}}