{"id":301,"date":"2020-04-21T20:36:38","date_gmt":"2020-04-21T20:36:38","guid":{"rendered":"https:\/\/econtrols.stagemysite.com\/product\/sensus-243-rpc\/"},"modified":"2020-04-21T20:36:38","modified_gmt":"2020-04-21T20:36:38","slug":"sensus-243-rpc","status":"publish","type":"product","link":"https:\/\/equipmentcontrols.com\/fr\/produit\/sensus-243-rpc\/","title":{"rendered":"Sensus 243-RPC"},"content":{"rendered":"<p>Le r\u00e9gulateur pilot\u00e9 243-RPC est con\u00e7u pour la factorisation fixe, la mesure du facteur de pression, la mesure compens\u00e9e en pression et d&#039;autres applications n\u00e9cessitant un contr\u00f4le de pression exceptionnellement pr\u00e9cis. Bien que ces r\u00e9gulateurs soient principalement utilis\u00e9s pour le gaz naturel, ils fonctionnent aussi bien avec le GPL, l&#039;azote, l&#039;air, le CO2 sec et d&#039;autres gaz inertes.<br \/>\nAvantages pour vous<br \/>\n\u2022 Fournit un contr\u00f4le pr\u00e9cis de la pression<br \/>\n\u2022 Prot\u00e8ge contre la surpression<br \/>\n\u2022 Fournit une vitesse de r\u00e9ponse am\u00e9lior\u00e9e<br \/>\nFonctionnalit\u00e9s<br \/>\n\u2022 Disponible avec soupape de d\u00e9charge interne, coupure basse pression<br \/>\n\u2022 Pr\u00e9cision de \u00b1 0,5% (pression de sortie absolue) du d\u00e9bit minimum au d\u00e9bit grand ouvert<br \/>\n\u2022 Fonctionne sur le gaz naturel, le GPL, l&#039;azote, le CO2 sec et l&#039;air<br \/>\nCaract\u00e9ristiques<br \/>\nDes mod\u00e8les:<br \/>\n\u2022 243-RPC<br \/>\n\u2022 243-RPC-A<br \/>\n\u2022 243-RPC-B<\/p>","protected":false},"excerpt":{"rendered":"<p>Les r\u00e9gulateurs Sensus mod\u00e8le 243-RPC sont bas\u00e9s sur notre r\u00e9gulateur robuste mod\u00e8le 243 avec un r\u00e9gulateur de contr\u00f4le secondaire plus petit qui d\u00e9tecte la pression r\u00e9gul\u00e9e et actionne ensuite la vanne principale pour contr\u00f4ler le d\u00e9bit global de gaz. Ils offrent une r\u00e9gulation exceptionnellement pr\u00e9cise et sont pr\u00e9cis \u00e0 \u00b1 0,5% (pression de sortie absolue) du d\u00e9bit minimum au d\u00e9bit grand ouvert.<\/p>","protected":false},"featured_media":300,"template":"","meta":[],"product_brand":[],"product_cat":[20,45],"product_tag":[],"class_list":{"0":"post-301","1":"product","2":"type-product","3":"status-publish","4":"has-post-thumbnail","6":"product_cat-gas-regulators","7":"product_cat-sensus","9":"first","10":"instock","11":"shipping-taxable","12":"product-type-simple"},"yoast_head":"<!-- This site is optimized with the Yoast SEO Premium plugin v23.9 (Yoast SEO v27.3) - https:\/\/yoast.com\/product\/yoast-seo-premium-wordpress\/ -->\n<title>Sensus 243-RPC - ECCO<\/title>\n<meta name=\"robots\" content=\"index, follow, max-snippet:-1, max-image-preview:large, max-video-preview:-1\" \/>\n<link rel=\"canonical\" href=\"https:\/\/equipmentcontrols.com\/fr\/produit\/sensus-243-rpc\/\" \/>\n<meta property=\"og:locale\" content=\"fr_CA\" \/>\n<meta property=\"og:type\" content=\"article\" \/>\n<meta property=\"og:title\" content=\"Sensus 243-RPC\" \/>\n<meta property=\"og:description\" content=\"Sensus Model 243-RPC regulators are based on our rugged Model 243 regulator with a smaller, secondary control regulator that senses regulated pressure and then operates the main valve to control the overall flow of gas. They offer exceptionally precise regulation and are accurate to within \u00b1 0.5% (absolute outlet pressure) from minimum to wide-open flow.\" \/>\n<meta property=\"og:url\" content=\"https:\/\/equipmentcontrols.com\/fr\/produit\/sensus-243-rpc\/\" \/>\n<meta property=\"og:site_name\" content=\"ECCO\" \/>\n<meta property=\"og:image\" content=\"https:\/\/equipmentcontrols.com\/wp-content\/uploads\/2020\/04\/SENSUS20243-RPC20Gas20Regulator.jpg\" \/>\n\t<meta property=\"og:image:width\" content=\"766\" \/>\n\t<meta property=\"og:image:height\" content=\"766\" \/>\n\t<meta property=\"og:image:type\" content=\"image\/jpeg\" \/>\n<meta name=\"twitter:card\" content=\"summary_large_image\" \/>\n<script type=\"application\/ld+json\" class=\"yoast-schema-graph\">{\"@context\":\"https:\\\/\\\/schema.org\",\"@graph\":[{\"@type\":\"WebPage\",\"@id\":\"https:\\\/\\\/equipmentcontrols.com\\\/product\\\/sensus-243-rpc\\\/\",\"url\":\"https:\\\/\\\/equipmentcontrols.com\\\/product\\\/sensus-243-rpc\\\/\",\"name\":\"Sensus 243-RPC - ECCO\",\"isPartOf\":{\"@id\":\"https:\\\/\\\/equipmentcontrols.com\\\/#website\"},\"primaryImageOfPage\":{\"@id\":\"https:\\\/\\\/equipmentcontrols.com\\\/product\\\/sensus-243-rpc\\\/#primaryimage\"},\"image\":{\"@id\":\"https:\\\/\\\/equipmentcontrols.com\\\/product\\\/sensus-243-rpc\\\/#primaryimage\"},\"thumbnailUrl\":\"https:\\\/\\\/equipmentcontrols.com\\\/wp-content\\\/uploads\\\/2020\\\/04\\\/SENSUS20243-RPC20Gas20Regulator.jpg\",\"datePublished\":\"2020-04-21T20:36:38+00:00\",\"breadcrumb\":{\"@id\":\"https:\\\/\\\/equipmentcontrols.com\\\/product\\\/sensus-243-rpc\\\/#breadcrumb\"},\"inLanguage\":\"fr-CA\",\"potentialAction\":[{\"@type\":\"ReadAction\",\"target\":[\"https:\\\/\\\/equipmentcontrols.com\\\/product\\\/sensus-243-rpc\\\/\"]}]},{\"@type\":\"ImageObject\",\"inLanguage\":\"fr-CA\",\"@id\":\"https:\\\/\\\/equipmentcontrols.com\\\/product\\\/sensus-243-rpc\\\/#primaryimage\",\"url\":\"https:\\\/\\\/equipmentcontrols.com\\\/wp-content\\\/uploads\\\/2020\\\/04\\\/SENSUS20243-RPC20Gas20Regulator.jpg\",\"contentUrl\":\"https:\\\/\\\/equipmentcontrols.com\\\/wp-content\\\/uploads\\\/2020\\\/04\\\/SENSUS20243-RPC20Gas20Regulator.jpg\",\"width\":766,\"height\":766,\"caption\":\"SENSUS20243-RPC20Gas20Regulator.jpg\"},{\"@type\":\"BreadcrumbList\",\"@id\":\"https:\\\/\\\/equipmentcontrols.com\\\/product\\\/sensus-243-rpc\\\/#breadcrumb\",\"itemListElement\":[{\"@type\":\"ListItem\",\"position\":1,\"name\":\"Home\",\"item\":\"https:\\\/\\\/equipmentcontrols.com\\\/\"},{\"@type\":\"ListItem\",\"position\":2,\"name\":\"Shop\",\"item\":\"https:\\\/\\\/equipmentcontrols.com\\\/shop\\\/\"},{\"@type\":\"ListItem\",\"position\":3,\"name\":\"Sensus 243-RPC\"}]},{\"@type\":\"WebSite\",\"@id\":\"https:\\\/\\\/equipmentcontrols.com\\\/#website\",\"url\":\"https:\\\/\\\/equipmentcontrols.com\\\/\",\"name\":\"ECCO\",\"description\":\"Equipment Controls Company\",\"potentialAction\":[{\"@type\":\"SearchAction\",\"target\":{\"@type\":\"EntryPoint\",\"urlTemplate\":\"https:\\\/\\\/equipmentcontrols.com\\\/?s={search_term_string}\"},\"query-input\":{\"@type\":\"PropertyValueSpecification\",\"valueRequired\":true,\"valueName\":\"search_term_string\"}}],\"inLanguage\":\"fr-CA\"}]}<\/script>\n<!-- \/ Yoast SEO Premium plugin. -->","yoast_head_json":{"title":"Sensus 243-RPC - ECCO","robots":{"index":"index","follow":"follow","max-snippet":"max-snippet:-1","max-image-preview":"max-image-preview:large","max-video-preview":"max-video-preview:-1"},"canonical":"https:\/\/equipmentcontrols.com\/fr\/produit\/sensus-243-rpc\/","og_locale":"fr_CA","og_type":"article","og_title":"Sensus 243-RPC","og_description":"Sensus Model 243-RPC regulators are based on our rugged Model 243 regulator with a smaller, secondary control regulator that senses regulated pressure and then operates the main valve to control the overall flow of gas. They offer exceptionally precise regulation and are accurate to within \u00b1 0.5% (absolute outlet pressure) from minimum to wide-open flow.","og_url":"https:\/\/equipmentcontrols.com\/fr\/produit\/sensus-243-rpc\/","og_site_name":"ECCO","og_image":[{"width":766,"height":766,"url":"https:\/\/equipmentcontrols.com\/wp-content\/uploads\/2020\/04\/SENSUS20243-RPC20Gas20Regulator.jpg","type":"image\/jpeg"}],"twitter_card":"summary_large_image","schema":{"@context":"https:\/\/schema.org","@graph":[{"@type":"WebPage","@id":"https:\/\/equipmentcontrols.com\/product\/sensus-243-rpc\/","url":"https:\/\/equipmentcontrols.com\/product\/sensus-243-rpc\/","name":"Sensus 243-RPC - ECCO","isPartOf":{"@id":"https:\/\/equipmentcontrols.com\/#website"},"primaryImageOfPage":{"@id":"https:\/\/equipmentcontrols.com\/product\/sensus-243-rpc\/#primaryimage"},"image":{"@id":"https:\/\/equipmentcontrols.com\/product\/sensus-243-rpc\/#primaryimage"},"thumbnailUrl":"https:\/\/equipmentcontrols.com\/wp-content\/uploads\/2020\/04\/SENSUS20243-RPC20Gas20Regulator.jpg","datePublished":"2020-04-21T20:36:38+00:00","breadcrumb":{"@id":"https:\/\/equipmentcontrols.com\/product\/sensus-243-rpc\/#breadcrumb"},"inLanguage":"fr-CA","potentialAction":[{"@type":"ReadAction","target":["https:\/\/equipmentcontrols.com\/product\/sensus-243-rpc\/"]}]},{"@type":"ImageObject","inLanguage":"fr-CA","@id":"https:\/\/equipmentcontrols.com\/product\/sensus-243-rpc\/#primaryimage","url":"https:\/\/equipmentcontrols.com\/wp-content\/uploads\/2020\/04\/SENSUS20243-RPC20Gas20Regulator.jpg","contentUrl":"https:\/\/equipmentcontrols.com\/wp-content\/uploads\/2020\/04\/SENSUS20243-RPC20Gas20Regulator.jpg","width":766,"height":766,"caption":"SENSUS20243-RPC20Gas20Regulator.jpg"},{"@type":"BreadcrumbList","@id":"https:\/\/equipmentcontrols.com\/product\/sensus-243-rpc\/#breadcrumb","itemListElement":[{"@type":"ListItem","position":1,"name":"Home","item":"https:\/\/equipmentcontrols.com\/"},{"@type":"ListItem","position":2,"name":"Shop","item":"https:\/\/equipmentcontrols.com\/shop\/"},{"@type":"ListItem","position":3,"name":"Sensus 243-RPC"}]},{"@type":"WebSite","@id":"https:\/\/equipmentcontrols.com\/#website","url":"https:\/\/equipmentcontrols.com\/","name":"ECCO","description":"Compagnie de contr\u00f4le d&#039;\u00e9quipement","potentialAction":[{"@type":"SearchAction","target":{"@type":"EntryPoint","urlTemplate":"https:\/\/equipmentcontrols.com\/?s={search_term_string}"},"query-input":{"@type":"PropertyValueSpecification","valueRequired":true,"valueName":"search_term_string"}}],"inLanguage":"fr-CA"}]}},"_links":{"self":[{"href":"https:\/\/equipmentcontrols.com\/fr\/wp-json\/wp\/v2\/product\/301","targetHints":{"allow":["GET"]}}],"collection":[{"href":"https:\/\/equipmentcontrols.com\/fr\/wp-json\/wp\/v2\/product"}],"about":[{"href":"https:\/\/equipmentcontrols.com\/fr\/wp-json\/wp\/v2\/types\/product"}],"wp:featuredmedia":[{"embeddable":true,"href":"https:\/\/equipmentcontrols.com\/fr\/wp-json\/wp\/v2\/media\/300"}],"wp:attachment":[{"href":"https:\/\/equipmentcontrols.com\/fr\/wp-json\/wp\/v2\/media?parent=301"}],"wp:term":[{"taxonomy":"product_brand","embeddable":true,"href":"https:\/\/equipmentcontrols.com\/fr\/wp-json\/wp\/v2\/product_brand?post=301"},{"taxonomy":"product_cat","embeddable":true,"href":"https:\/\/equipmentcontrols.com\/fr\/wp-json\/wp\/v2\/product_cat?post=301"},{"taxonomy":"product_tag","embeddable":true,"href":"https:\/\/equipmentcontrols.com\/fr\/wp-json\/wp\/v2\/product_tag?post=301"}],"curies":[{"name":"wp","href":"https:\/\/api.w.org\/{rel}","templated":true}]}}