{"id":2956,"date":"2022-09-22T17:01:26","date_gmt":"2022-09-22T17:01:26","guid":{"rendered":"https:\/\/eccowebsite.wpenginepowered.com\/?post_type=product&#038;p=2956"},"modified":"2022-09-23T13:14:17","modified_gmt":"2022-09-23T13:14:17","slug":"eagle-field-manager-v2-software","status":"publish","type":"product","link":"https:\/\/equipmentcontrols.com\/fr\/produit\/eagle-field-manager-v2-software\/","title":{"rendered":"Logiciel EAGLE Field Manager\u2122 V2"},"content":{"rendered":"<p><strong>Logiciel EAGLE Field Manager\u2122 V2<\/strong><\/p>\n<p>Field Manager\u2122 est une application bas\u00e9e sur Windows\u00ae sp\u00e9cialement con\u00e7ue pour prendre en charge tous les produits Eagle Research Corporation\u00ae au sein d&#039;une plate-forme commune. Field Manager\u2122 fournit un ensemble de fonctionnalit\u00e9s faciles \u00e0 utiliser pour aider les utilisateurs avec 1) l&#039;installation et la configuration, 2) la collecte de donn\u00e9es, 3) la visualisation des alarmes\/\u00e9v\u00e9nements et 4) les \u00e9talonnages de l&#039;appareil. Il comprend \u00e9galement une vari\u00e9t\u00e9 d&#039;autres outils utiles pour le d\u00e9pannage et la cr\u00e9ation de rapports. La communication avec l&#039;appareil de terrain est g\u00e9r\u00e9e via USB, Ethernet, un c\u00e2ble de communication RS232 ou \u00e0 l&#039;aide de l&#039;interface Bluetooth en option. Une vaste biblioth\u00e8que de bases de donn\u00e9es de configuration simplifie l&#039;identification des types d&#039;appareils standard sur le terrain. Le logiciel associe automatiquement l&#039;appareil de terrain \u00e0 un type d&#039;appareil correspondant et affiche les formulaires de configuration graphique appropri\u00e9s pour l&#039;utilisateur.<\/p>\n<p><strong>Caract\u00e9ristiques et avantages:<\/strong><\/p>\n<p>\u2022 Identification automatique de l&#039;unit\u00e9<br \/>\n\u2022 G\u00e9n\u00e9ration de rapports format\u00e9s et CSV<br \/>\n\u2022 Collecte de donn\u00e9es d&#039;historique simple<br \/>\n\u2022 Navigation facile par onglets pour l&#039;affichage des donn\u00e9es et la configuration du logiciel<br \/>\n\u2022 Connexion directe, commut\u00e9e ou TCP\/IP<br \/>\n\u2022 Assistants d&#039;\u00e9talonnage<br \/>\n\u2022 Graphiques en direct sur certains \u00e9l\u00e9ments de processus<br \/>\n\u2022 Cartographie circulaire<br \/>\n\u2022 Synchronisation de l&#039;exportation des donn\u00e9es vers la famille de produits Talon\u2122 et partage avec d&#039;autres techniciens<br \/>\n\u2022 Syst\u00e8me d&#039;exploitation Windows\u00ae : Serveur 2003, 2008, 2012, 2016, 2019 ; Windows\u00ae 7, 8.1, 10, 11<\/p>\n<p>Fonctions du clavier virtuel :<\/p>\n<p>\u2022 V\u00e9rifier et\/ou effacer les alarmes<br \/>\n\u2022 Acc\u00e9der aux modes de configuration, d&#039;\u00e9talonnage et de d\u00e9bogage<br \/>\n\u2022 Acc\u00e9der aux di\ufb00\u00e9rentes \u00e9tiquettes con\ufb01gur\u00e9es dans l&#039;appareil de terrain<br \/>\n\u2022 Travailler avec des mots de passe syst\u00e8me<br \/>\n\u2022 Afficher la version du micrologiciel et le num\u00e9ro de s\u00e9rie de l&#039;appareil<\/p>\n<p><strong>T\u00e9l\u00e9charger:<\/strong><br \/>\n<a href=\"https:\/\/equipmentcontrols.com\/wp-content\/uploads\/2022\/09\/Eagle-Field-Manager-Version-2.pdf\">Bulletin Eagle Field Manager V2<\/a><\/p>","protected":false},"excerpt":{"rendered":"<p>EAGLE Field Manager\u2122 V2 Software Field Manager\u2122 is a Windows\u00ae based application speci\ufb01cally designed to support all Eagle Research Corporation\u00ae products within one common platform. Field Manager\u2122 provides an easy-to-use feature set to assist users with 1) Setup and Con\ufb01guration, 2) Data collection, 3) Viewing alarms\/events, and 4) Device calibrations. It also includes a variety [&hellip;]<\/p>\n","protected":false},"featured_media":1039,"template":"","meta":[],"product_brand":[],"product_cat":[49,23],"product_tag":[],"class_list":{"0":"post-2956","1":"product","2":"type-product","3":"status-publish","4":"has-post-thumbnail","6":"product_cat-eagle-research-corporation","7":"product_cat-instrumentation","9":"first","10":"instock","11":"shipping-taxable","12":"product-type-simple"},"yoast_head":"<!-- This site is optimized with the Yoast SEO Premium plugin v23.9 (Yoast SEO v27.3) - https:\/\/yoast.com\/product\/yoast-seo-premium-wordpress\/ -->\n<title>EAGLE Field Manager\u2122 V2 Software - ECCO<\/title>\n<meta name=\"description\" content=\"Eagle Field Manager\u2122 V2 is a Windows\u00ae based application speci\ufb01cally designed to support all Eagle Research Corporation\u00ae products within one common platform. Field Manager\u2122 provides an easy-to-use feature set to assist users with 1) Setup and Con\ufb01guration, 2) Data collection, 3) Viewing alarms\/events, and 4) Device calibrations.\" \/>\n<meta name=\"robots\" content=\"index, follow, max-snippet:-1, max-image-preview:large, max-video-preview:-1\" \/>\n<link rel=\"canonical\" href=\"https:\/\/equipmentcontrols.com\/fr\/produit\/eagle-field-manager-v2-software\/\" \/>\n<meta property=\"og:locale\" content=\"fr_CA\" \/>\n<meta property=\"og:type\" content=\"article\" \/>\n<meta property=\"og:title\" content=\"EAGLE Field Manager\u2122 V2 Software\" \/>\n<meta property=\"og:description\" content=\"Eagle Field Manager\u2122 V2 is a Windows\u00ae based application speci\ufb01cally designed to support all Eagle Research Corporation\u00ae products within one common platform. Field Manager\u2122 provides an easy-to-use feature set to assist users with 1) Setup and Con\ufb01guration, 2) Data collection, 3) Viewing alarms\/events, and 4) Device calibrations.\" \/>\n<meta property=\"og:url\" content=\"https:\/\/equipmentcontrols.com\/fr\/produit\/eagle-field-manager-v2-software\/\" \/>\n<meta property=\"og:site_name\" content=\"ECCO\" \/>\n<meta property=\"article:modified_time\" content=\"2022-09-23T13:14:17+00:00\" \/>\n<meta property=\"og:image\" content=\"https:\/\/equipmentcontrols.com\/wp-content\/uploads\/2020\/05\/EAGLE-Field-Manager-Bulletin.jpg\" \/>\n\t<meta property=\"og:image:width\" content=\"860\" \/>\n\t<meta property=\"og:image:height\" content=\"860\" \/>\n\t<meta property=\"og:image:type\" content=\"image\/jpeg\" \/>\n<meta name=\"twitter:card\" content=\"summary_large_image\" \/>\n<meta name=\"twitter:label1\" content=\"Estimation du temps de lecture\" \/>\n\t<meta name=\"twitter:data1\" content=\"2 minutes\" \/>\n<script type=\"application\/ld+json\" class=\"yoast-schema-graph\">{\"@context\":\"https:\\\/\\\/schema.org\",\"@graph\":[{\"@type\":\"WebPage\",\"@id\":\"https:\\\/\\\/equipmentcontrols.com\\\/product\\\/eagle-field-manager-v2-software\\\/\",\"url\":\"https:\\\/\\\/equipmentcontrols.com\\\/product\\\/eagle-field-manager-v2-software\\\/\",\"name\":\"EAGLE Field Manager\u2122 V2 Software - ECCO\",\"isPartOf\":{\"@id\":\"https:\\\/\\\/equipmentcontrols.com\\\/#website\"},\"primaryImageOfPage\":{\"@id\":\"https:\\\/\\\/equipmentcontrols.com\\\/product\\\/eagle-field-manager-v2-software\\\/#primaryimage\"},\"image\":{\"@id\":\"https:\\\/\\\/equipmentcontrols.com\\\/product\\\/eagle-field-manager-v2-software\\\/#primaryimage\"},\"thumbnailUrl\":\"https:\\\/\\\/equipmentcontrols.com\\\/wp-content\\\/uploads\\\/2020\\\/05\\\/EAGLE-Field-Manager-Bulletin.jpg\",\"datePublished\":\"2022-09-22T17:01:26+00:00\",\"dateModified\":\"2022-09-23T13:14:17+00:00\",\"description\":\"Eagle Field Manager\u2122 V2 is a Windows\u00ae based application speci\ufb01cally designed to support all Eagle Research Corporation\u00ae products within one common platform. Field Manager\u2122 provides an easy-to-use feature set to assist users with 1) Setup and Con\ufb01guration, 2) Data collection, 3) Viewing alarms\\\/events, and 4) Device calibrations.\",\"breadcrumb\":{\"@id\":\"https:\\\/\\\/equipmentcontrols.com\\\/product\\\/eagle-field-manager-v2-software\\\/#breadcrumb\"},\"inLanguage\":\"fr-CA\",\"potentialAction\":[{\"@type\":\"ReadAction\",\"target\":[\"https:\\\/\\\/equipmentcontrols.com\\\/product\\\/eagle-field-manager-v2-software\\\/\"]}]},{\"@type\":\"ImageObject\",\"inLanguage\":\"fr-CA\",\"@id\":\"https:\\\/\\\/equipmentcontrols.com\\\/product\\\/eagle-field-manager-v2-software\\\/#primaryimage\",\"url\":\"https:\\\/\\\/equipmentcontrols.com\\\/wp-content\\\/uploads\\\/2020\\\/05\\\/EAGLE-Field-Manager-Bulletin.jpg\",\"contentUrl\":\"https:\\\/\\\/equipmentcontrols.com\\\/wp-content\\\/uploads\\\/2020\\\/05\\\/EAGLE-Field-Manager-Bulletin.jpg\",\"width\":860,\"height\":860,\"caption\":\"EAGLE Field Manager Bulletin\"},{\"@type\":\"BreadcrumbList\",\"@id\":\"https:\\\/\\\/equipmentcontrols.com\\\/product\\\/eagle-field-manager-v2-software\\\/#breadcrumb\",\"itemListElement\":[{\"@type\":\"ListItem\",\"position\":1,\"name\":\"Home\",\"item\":\"https:\\\/\\\/equipmentcontrols.com\\\/\"},{\"@type\":\"ListItem\",\"position\":2,\"name\":\"Shop\",\"item\":\"https:\\\/\\\/equipmentcontrols.com\\\/shop\\\/\"},{\"@type\":\"ListItem\",\"position\":3,\"name\":\"EAGLE Field Manager\u2122 V2 Software\"}]},{\"@type\":\"WebSite\",\"@id\":\"https:\\\/\\\/equipmentcontrols.com\\\/#website\",\"url\":\"https:\\\/\\\/equipmentcontrols.com\\\/\",\"name\":\"ECCO\",\"description\":\"Equipment Controls Company\",\"potentialAction\":[{\"@type\":\"SearchAction\",\"target\":{\"@type\":\"EntryPoint\",\"urlTemplate\":\"https:\\\/\\\/equipmentcontrols.com\\\/?s={search_term_string}\"},\"query-input\":{\"@type\":\"PropertyValueSpecification\",\"valueRequired\":true,\"valueName\":\"search_term_string\"}}],\"inLanguage\":\"fr-CA\"}]}<\/script>\n<!-- \/ Yoast SEO Premium plugin. -->","yoast_head_json":{"title":"EAGLE Field Manager\u2122 V2 Software - ECCO","description":"Eagle Field Manager\u2122 V2 is a Windows\u00ae based application speci\ufb01cally designed to support all Eagle Research Corporation\u00ae products within one common platform. Field Manager\u2122 provides an easy-to-use feature set to assist users with 1) Setup and Con\ufb01guration, 2) Data collection, 3) Viewing alarms\/events, and 4) Device calibrations.","robots":{"index":"index","follow":"follow","max-snippet":"max-snippet:-1","max-image-preview":"max-image-preview:large","max-video-preview":"max-video-preview:-1"},"canonical":"https:\/\/equipmentcontrols.com\/fr\/produit\/eagle-field-manager-v2-software\/","og_locale":"fr_CA","og_type":"article","og_title":"EAGLE Field Manager\u2122 V2 Software","og_description":"Eagle Field Manager\u2122 V2 is a Windows\u00ae based application speci\ufb01cally designed to support all Eagle Research Corporation\u00ae products within one common platform. Field Manager\u2122 provides an easy-to-use feature set to assist users with 1) Setup and Con\ufb01guration, 2) Data collection, 3) Viewing alarms\/events, and 4) Device calibrations.","og_url":"https:\/\/equipmentcontrols.com\/fr\/produit\/eagle-field-manager-v2-software\/","og_site_name":"ECCO","article_modified_time":"2022-09-23T13:14:17+00:00","og_image":[{"width":860,"height":860,"url":"https:\/\/equipmentcontrols.com\/wp-content\/uploads\/2020\/05\/EAGLE-Field-Manager-Bulletin.jpg","type":"image\/jpeg"}],"twitter_card":"summary_large_image","twitter_misc":{"Estimation du temps de lecture":"2 minutes"},"schema":{"@context":"https:\/\/schema.org","@graph":[{"@type":"WebPage","@id":"https:\/\/equipmentcontrols.com\/product\/eagle-field-manager-v2-software\/","url":"https:\/\/equipmentcontrols.com\/product\/eagle-field-manager-v2-software\/","name":"EAGLE Field Manager\u2122 V2 Software - ECCO","isPartOf":{"@id":"https:\/\/equipmentcontrols.com\/#website"},"primaryImageOfPage":{"@id":"https:\/\/equipmentcontrols.com\/product\/eagle-field-manager-v2-software\/#primaryimage"},"image":{"@id":"https:\/\/equipmentcontrols.com\/product\/eagle-field-manager-v2-software\/#primaryimage"},"thumbnailUrl":"https:\/\/equipmentcontrols.com\/wp-content\/uploads\/2020\/05\/EAGLE-Field-Manager-Bulletin.jpg","datePublished":"2022-09-22T17:01:26+00:00","dateModified":"2022-09-23T13:14:17+00:00","description":"Eagle Field Manager\u2122 V2 is a Windows\u00ae based application speci\ufb01cally designed to support all Eagle Research Corporation\u00ae products within one common platform. Field Manager\u2122 provides an easy-to-use feature set to assist users with 1) Setup and Con\ufb01guration, 2) Data collection, 3) Viewing alarms\/events, and 4) Device calibrations.","breadcrumb":{"@id":"https:\/\/equipmentcontrols.com\/product\/eagle-field-manager-v2-software\/#breadcrumb"},"inLanguage":"fr-CA","potentialAction":[{"@type":"ReadAction","target":["https:\/\/equipmentcontrols.com\/product\/eagle-field-manager-v2-software\/"]}]},{"@type":"ImageObject","inLanguage":"fr-CA","@id":"https:\/\/equipmentcontrols.com\/product\/eagle-field-manager-v2-software\/#primaryimage","url":"https:\/\/equipmentcontrols.com\/wp-content\/uploads\/2020\/05\/EAGLE-Field-Manager-Bulletin.jpg","contentUrl":"https:\/\/equipmentcontrols.com\/wp-content\/uploads\/2020\/05\/EAGLE-Field-Manager-Bulletin.jpg","width":860,"height":860,"caption":"EAGLE Field Manager Bulletin"},{"@type":"BreadcrumbList","@id":"https:\/\/equipmentcontrols.com\/product\/eagle-field-manager-v2-software\/#breadcrumb","itemListElement":[{"@type":"ListItem","position":1,"name":"Home","item":"https:\/\/equipmentcontrols.com\/"},{"@type":"ListItem","position":2,"name":"Shop","item":"https:\/\/equipmentcontrols.com\/shop\/"},{"@type":"ListItem","position":3,"name":"EAGLE Field Manager\u2122 V2 Software"}]},{"@type":"WebSite","@id":"https:\/\/equipmentcontrols.com\/#website","url":"https:\/\/equipmentcontrols.com\/","name":"ECCO","description":"Compagnie de contr\u00f4le d&#039;\u00e9quipement","potentialAction":[{"@type":"SearchAction","target":{"@type":"EntryPoint","urlTemplate":"https:\/\/equipmentcontrols.com\/?s={search_term_string}"},"query-input":{"@type":"PropertyValueSpecification","valueRequired":true,"valueName":"search_term_string"}}],"inLanguage":"fr-CA"}]}},"_links":{"self":[{"href":"https:\/\/equipmentcontrols.com\/fr\/wp-json\/wp\/v2\/product\/2956","targetHints":{"allow":["GET"]}}],"collection":[{"href":"https:\/\/equipmentcontrols.com\/fr\/wp-json\/wp\/v2\/product"}],"about":[{"href":"https:\/\/equipmentcontrols.com\/fr\/wp-json\/wp\/v2\/types\/product"}],"wp:featuredmedia":[{"embeddable":true,"href":"https:\/\/equipmentcontrols.com\/fr\/wp-json\/wp\/v2\/media\/1039"}],"wp:attachment":[{"href":"https:\/\/equipmentcontrols.com\/fr\/wp-json\/wp\/v2\/media?parent=2956"}],"wp:term":[{"taxonomy":"product_brand","embeddable":true,"href":"https:\/\/equipmentcontrols.com\/fr\/wp-json\/wp\/v2\/product_brand?post=2956"},{"taxonomy":"product_cat","embeddable":true,"href":"https:\/\/equipmentcontrols.com\/fr\/wp-json\/wp\/v2\/product_cat?post=2956"},{"taxonomy":"product_tag","embeddable":true,"href":"https:\/\/equipmentcontrols.com\/fr\/wp-json\/wp\/v2\/product_tag?post=2956"}],"curies":[{"name":"wp","href":"https:\/\/api.w.org\/{rel}","templated":true}]}}