{"id":2947,"date":"2022-09-08T11:35:11","date_gmt":"2022-09-08T11:35:11","guid":{"rendered":"https:\/\/eccowebsite.wpenginepowered.com\/?post_type=product&#038;p=2947"},"modified":"2022-09-08T11:58:35","modified_gmt":"2022-09-08T11:58:35","slug":"lz-50","status":"publish","type":"product","link":"https:\/\/equipmentcontrols.com\/fr\/produit\/lz-50\/","title":{"rendered":"SENSIT\u00ae LZ-50"},"content":{"rendered":"<p><strong>GAS\u2022TRAC\u00ae LZ-50<\/strong><br \/>\n<strong>D\u00e9tecteur de fuite de gaz \u00e0 distance laser portatif<\/strong><strong>GAS\u2022TRAC<sup>\u00ae<\/sup> <\/strong><\/p>\n<p><strong>LZ-50<\/strong> est un d\u00e9tecteur de gaz m\u00e9thane portable innovant qui fournit des lectures instantan\u00e9es \u00e0 une distance de la cible allant jusqu&#039;\u00e0 164\u2032. Sa photonique laser r\u00e9volutionnaire combin\u00e9e \u00e0 une technologie r\u00e9volutionnaire, TARGET GPS, en fait le choix \u00e9vident pour la d\u00e9tection \u00e0 distance du m\u00e9thane par laser.<\/p>\n<p>L\u00e9ger et facile \u00e0 utiliser, <strong>GAS\u2022TRAC<sup>\u00ae<\/sup> LZ-50<\/strong> dispose d&#039;une cam\u00e9ra embarqu\u00e9e pour les photos et les vid\u00e9os. Les donn\u00e9es sont captur\u00e9es au rythme de 10 lectures par seconde et peuvent \u00eatre visualis\u00e9es via <strong>SENSIT<sup>\u00ae<\/sup> Technologies SIG <\/strong><strong>360<\/strong> Logiciel. <strong>SENSIT<\/strong> La technologie exclusive TARGET GPS am\u00e9liore la pr\u00e9cision des rapports et du suivi des \u00e9missions de m\u00e9thane.<\/p>\n<p>D\u00e9tectez rapidement les \u00e9missions et les fuites fugitives de m\u00e9thane, sans entrer dans le panache de gaz.<\/p>\n<p><strong>\u00a0<\/strong><strong>Traits:<\/strong><br \/>\n\u2022 D\u00e9tection s\u00e9lective continue du m\u00e9thane<br \/>\n\u2022 GPS cible int\u00e9gr\u00e9<br \/>\n\u2022 Appareil photo pour photos\/vid\u00e9os avec zoom num\u00e9rique<br \/>\n\u2022 Cellule d&#039;\u00e9talonnage\/test fonctionnel int\u00e9gr\u00e9e dans la mallette de transport<br \/>\n\u2022 Alarmes visuelles, sonores et tactiles<br \/>\n\u2022 Batterie Li-ion rechargeable<br \/>\n\u2022 Collecte de donn\u00e9es int\u00e9gr\u00e9e avec transfert de donn\u00e9es sans fil (Wi-Fi Direct)<br \/>\n\u2022 Design ergonomique<br \/>\n\u2022 Conception \u00e0 s\u00e9curit\u00e9 intrins\u00e8que<br \/>\n\u2022 Bo\u00eetier caoutchout\u00e9 surmoul\u00e9<\/p>\n<p><strong>Compatible avec:<\/strong><br \/>\n<strong>SMART-CAL 360<\/strong> (\u00c9talonnage automatique\/Test fonctionnel)<br \/>\n<strong>SERVICES 360<\/strong>\u00a0 (Mises \u00e0 jour du micrologiciel)<br \/>\n<strong>SMART-LINK 360<\/strong> (T\u00e9l\u00e9charger les journaux)<br \/>\n<strong>SIG 360<\/strong> (Cartographie\/journalisation en temps r\u00e9el)<\/p>\n<p><strong>Applications:<\/strong><br \/>\nIndustrie du gaz naturel \u2013 En amont | \u00c0 mi-chemin | En aval<br \/>\nIntervention d&#039;urgence \u2013 Incendie | mati\u00e8res dangereuses | Sauvetage<br \/>\nIndustriel \u2013 sid\u00e9rurgie | Installations p\u00e9trochimiques | Papier et p\u00e2te<\/p>\n<p><strong>T\u00e9l\u00e9chargements\u00a0:<\/strong><br \/>\n<a href=\"https:\/\/equipmentcontrols.com\/wp-content\/uploads\/2022\/09\/LZ-50-Brochure_Web.pdf\">Brochure GAS-TRAC-LZ-50<\/a><\/p>","protected":false},"excerpt":{"rendered":"<p>GAS\u2022TRAC\u00ae LZ-50 Hand-Held Laser Remote Gas Leak DetectorGAS\u2022TRAC\u00ae LZ-50 is an innovative handheld methane gas detector that provides instantaneous readings from a distance to the target of up to 164\u2032. Its revolutionary laser photonics combined with break-through technology, TARGET GPS, makes it the clear choice in remote laser methane detection. Lightweight and easy to use, [&hellip;]<\/p>\n","protected":false},"featured_media":2946,"template":"","meta":[],"product_brand":[],"product_cat":[24,50],"product_tag":[],"class_list":{"0":"post-2947","1":"product","2":"type-product","3":"status-publish","4":"has-post-thumbnail","6":"product_cat-leak-detection","7":"product_cat-sensit","9":"first","10":"instock","11":"shipping-taxable","12":"product-type-simple"},"yoast_head":"<!-- This site is optimized with the Yoast SEO Premium plugin v23.9 (Yoast SEO v27.3) - https:\/\/yoast.com\/product\/yoast-seo-premium-wordpress\/ -->\n<title>SENSIT\u00ae LZ-50 - ECCO<\/title>\n<meta name=\"description\" content=\"LZ-50 is an innovative handheld methane gas detector that provides instantaneous readings from a distance to the target of up to 164\u2032. Its revolutionary laser photonics combined with break-through technology, TARGET GPS, makes it the clear choice in remote laser methane detection. Detect fugitive methane emissions and leaks quickly, without entering the gas plume.\" \/>\n<meta name=\"robots\" content=\"index, follow, max-snippet:-1, max-image-preview:large, max-video-preview:-1\" \/>\n<link rel=\"canonical\" href=\"https:\/\/equipmentcontrols.com\/fr\/produit\/lz-50\/\" \/>\n<meta property=\"og:locale\" content=\"fr_CA\" \/>\n<meta property=\"og:type\" content=\"article\" \/>\n<meta property=\"og:title\" content=\"SENSIT\u00ae LZ-50\" \/>\n<meta property=\"og:description\" content=\"LZ-50 is an innovative handheld methane gas detector that provides instantaneous readings from a distance to the target of up to 164\u2032. Its revolutionary laser photonics combined with break-through technology, TARGET GPS, makes it the clear choice in remote laser methane detection. Detect fugitive methane emissions and leaks quickly, without entering the gas plume.\" \/>\n<meta property=\"og:url\" content=\"https:\/\/equipmentcontrols.com\/fr\/produit\/lz-50\/\" \/>\n<meta property=\"og:site_name\" content=\"ECCO\" \/>\n<meta property=\"article:modified_time\" content=\"2022-09-08T11:58:35+00:00\" \/>\n<meta property=\"og:image\" content=\"https:\/\/equipmentcontrols.com\/wp-content\/uploads\/2022\/09\/SENSIT-GasTrac-LZ-50-Hand-Held-Laser-Remote-Gas-Leak-Detector.jpg\" \/>\n\t<meta property=\"og:image:width\" content=\"860\" \/>\n\t<meta property=\"og:image:height\" content=\"860\" \/>\n\t<meta property=\"og:image:type\" content=\"image\/jpeg\" \/>\n<meta name=\"twitter:card\" content=\"summary_large_image\" \/>\n<meta name=\"twitter:label1\" content=\"Estimation du temps de lecture\" \/>\n\t<meta name=\"twitter:data1\" content=\"1 minute\" \/>\n<script type=\"application\/ld+json\" class=\"yoast-schema-graph\">{\"@context\":\"https:\\\/\\\/schema.org\",\"@graph\":[{\"@type\":\"WebPage\",\"@id\":\"https:\\\/\\\/equipmentcontrols.com\\\/product\\\/lz-50\\\/\",\"url\":\"https:\\\/\\\/equipmentcontrols.com\\\/product\\\/lz-50\\\/\",\"name\":\"SENSIT\u00ae LZ-50 - ECCO\",\"isPartOf\":{\"@id\":\"https:\\\/\\\/equipmentcontrols.com\\\/#website\"},\"primaryImageOfPage\":{\"@id\":\"https:\\\/\\\/equipmentcontrols.com\\\/product\\\/lz-50\\\/#primaryimage\"},\"image\":{\"@id\":\"https:\\\/\\\/equipmentcontrols.com\\\/product\\\/lz-50\\\/#primaryimage\"},\"thumbnailUrl\":\"https:\\\/\\\/equipmentcontrols.com\\\/wp-content\\\/uploads\\\/2022\\\/09\\\/SENSIT-GasTrac-LZ-50-Hand-Held-Laser-Remote-Gas-Leak-Detector.jpg\",\"datePublished\":\"2022-09-08T11:35:11+00:00\",\"dateModified\":\"2022-09-08T11:58:35+00:00\",\"description\":\"LZ-50 is an innovative handheld methane gas detector that provides instantaneous readings from a distance to the target of up to 164\u2032. Its revolutionary laser photonics combined with break-through technology, TARGET GPS, makes it the clear choice in remote laser methane detection. Detect fugitive methane emissions and leaks quickly, without entering the gas plume.\",\"breadcrumb\":{\"@id\":\"https:\\\/\\\/equipmentcontrols.com\\\/product\\\/lz-50\\\/#breadcrumb\"},\"inLanguage\":\"fr-CA\",\"potentialAction\":[{\"@type\":\"ReadAction\",\"target\":[\"https:\\\/\\\/equipmentcontrols.com\\\/product\\\/lz-50\\\/\"]}]},{\"@type\":\"ImageObject\",\"inLanguage\":\"fr-CA\",\"@id\":\"https:\\\/\\\/equipmentcontrols.com\\\/product\\\/lz-50\\\/#primaryimage\",\"url\":\"https:\\\/\\\/equipmentcontrols.com\\\/wp-content\\\/uploads\\\/2022\\\/09\\\/SENSIT-GasTrac-LZ-50-Hand-Held-Laser-Remote-Gas-Leak-Detector.jpg\",\"contentUrl\":\"https:\\\/\\\/equipmentcontrols.com\\\/wp-content\\\/uploads\\\/2022\\\/09\\\/SENSIT-GasTrac-LZ-50-Hand-Held-Laser-Remote-Gas-Leak-Detector.jpg\",\"width\":860,\"height\":860,\"caption\":\"SENSIT GasTrac LZ-50\"},{\"@type\":\"BreadcrumbList\",\"@id\":\"https:\\\/\\\/equipmentcontrols.com\\\/product\\\/lz-50\\\/#breadcrumb\",\"itemListElement\":[{\"@type\":\"ListItem\",\"position\":1,\"name\":\"Home\",\"item\":\"https:\\\/\\\/equipmentcontrols.com\\\/\"},{\"@type\":\"ListItem\",\"position\":2,\"name\":\"Shop\",\"item\":\"https:\\\/\\\/equipmentcontrols.com\\\/shop\\\/\"},{\"@type\":\"ListItem\",\"position\":3,\"name\":\"SENSIT\u00ae LZ-50\"}]},{\"@type\":\"WebSite\",\"@id\":\"https:\\\/\\\/equipmentcontrols.com\\\/#website\",\"url\":\"https:\\\/\\\/equipmentcontrols.com\\\/\",\"name\":\"ECCO\",\"description\":\"Equipment Controls Company\",\"potentialAction\":[{\"@type\":\"SearchAction\",\"target\":{\"@type\":\"EntryPoint\",\"urlTemplate\":\"https:\\\/\\\/equipmentcontrols.com\\\/?s={search_term_string}\"},\"query-input\":{\"@type\":\"PropertyValueSpecification\",\"valueRequired\":true,\"valueName\":\"search_term_string\"}}],\"inLanguage\":\"fr-CA\"}]}<\/script>\n<!-- \/ Yoast SEO Premium plugin. -->","yoast_head_json":{"title":"SENSIT\u00ae LZ-50 - ECCO","description":"LZ-50 is an innovative handheld methane gas detector that provides instantaneous readings from a distance to the target of up to 164\u2032. Its revolutionary laser photonics combined with break-through technology, TARGET GPS, makes it the clear choice in remote laser methane detection. Detect fugitive methane emissions and leaks quickly, without entering the gas plume.","robots":{"index":"index","follow":"follow","max-snippet":"max-snippet:-1","max-image-preview":"max-image-preview:large","max-video-preview":"max-video-preview:-1"},"canonical":"https:\/\/equipmentcontrols.com\/fr\/produit\/lz-50\/","og_locale":"fr_CA","og_type":"article","og_title":"SENSIT\u00ae LZ-50","og_description":"LZ-50 is an innovative handheld methane gas detector that provides instantaneous readings from a distance to the target of up to 164\u2032. Its revolutionary laser photonics combined with break-through technology, TARGET GPS, makes it the clear choice in remote laser methane detection. Detect fugitive methane emissions and leaks quickly, without entering the gas plume.","og_url":"https:\/\/equipmentcontrols.com\/fr\/produit\/lz-50\/","og_site_name":"ECCO","article_modified_time":"2022-09-08T11:58:35+00:00","og_image":[{"width":860,"height":860,"url":"https:\/\/equipmentcontrols.com\/wp-content\/uploads\/2022\/09\/SENSIT-GasTrac-LZ-50-Hand-Held-Laser-Remote-Gas-Leak-Detector.jpg","type":"image\/jpeg"}],"twitter_card":"summary_large_image","twitter_misc":{"Estimation du temps de lecture":"1 minute"},"schema":{"@context":"https:\/\/schema.org","@graph":[{"@type":"WebPage","@id":"https:\/\/equipmentcontrols.com\/product\/lz-50\/","url":"https:\/\/equipmentcontrols.com\/product\/lz-50\/","name":"SENSIT\u00ae LZ-50 - ECCO","isPartOf":{"@id":"https:\/\/equipmentcontrols.com\/#website"},"primaryImageOfPage":{"@id":"https:\/\/equipmentcontrols.com\/product\/lz-50\/#primaryimage"},"image":{"@id":"https:\/\/equipmentcontrols.com\/product\/lz-50\/#primaryimage"},"thumbnailUrl":"https:\/\/equipmentcontrols.com\/wp-content\/uploads\/2022\/09\/SENSIT-GasTrac-LZ-50-Hand-Held-Laser-Remote-Gas-Leak-Detector.jpg","datePublished":"2022-09-08T11:35:11+00:00","dateModified":"2022-09-08T11:58:35+00:00","description":"LZ-50 is an innovative handheld methane gas detector that provides instantaneous readings from a distance to the target of up to 164\u2032. Its revolutionary laser photonics combined with break-through technology, TARGET GPS, makes it the clear choice in remote laser methane detection. Detect fugitive methane emissions and leaks quickly, without entering the gas plume.","breadcrumb":{"@id":"https:\/\/equipmentcontrols.com\/product\/lz-50\/#breadcrumb"},"inLanguage":"fr-CA","potentialAction":[{"@type":"ReadAction","target":["https:\/\/equipmentcontrols.com\/product\/lz-50\/"]}]},{"@type":"ImageObject","inLanguage":"fr-CA","@id":"https:\/\/equipmentcontrols.com\/product\/lz-50\/#primaryimage","url":"https:\/\/equipmentcontrols.com\/wp-content\/uploads\/2022\/09\/SENSIT-GasTrac-LZ-50-Hand-Held-Laser-Remote-Gas-Leak-Detector.jpg","contentUrl":"https:\/\/equipmentcontrols.com\/wp-content\/uploads\/2022\/09\/SENSIT-GasTrac-LZ-50-Hand-Held-Laser-Remote-Gas-Leak-Detector.jpg","width":860,"height":860,"caption":"SENSIT GasTrac LZ-50"},{"@type":"BreadcrumbList","@id":"https:\/\/equipmentcontrols.com\/product\/lz-50\/#breadcrumb","itemListElement":[{"@type":"ListItem","position":1,"name":"Home","item":"https:\/\/equipmentcontrols.com\/"},{"@type":"ListItem","position":2,"name":"Shop","item":"https:\/\/equipmentcontrols.com\/shop\/"},{"@type":"ListItem","position":3,"name":"SENSIT\u00ae LZ-50"}]},{"@type":"WebSite","@id":"https:\/\/equipmentcontrols.com\/#website","url":"https:\/\/equipmentcontrols.com\/","name":"ECCO","description":"Compagnie de contr\u00f4le d&#039;\u00e9quipement","potentialAction":[{"@type":"SearchAction","target":{"@type":"EntryPoint","urlTemplate":"https:\/\/equipmentcontrols.com\/?s={search_term_string}"},"query-input":{"@type":"PropertyValueSpecification","valueRequired":true,"valueName":"search_term_string"}}],"inLanguage":"fr-CA"}]}},"_links":{"self":[{"href":"https:\/\/equipmentcontrols.com\/fr\/wp-json\/wp\/v2\/product\/2947","targetHints":{"allow":["GET"]}}],"collection":[{"href":"https:\/\/equipmentcontrols.com\/fr\/wp-json\/wp\/v2\/product"}],"about":[{"href":"https:\/\/equipmentcontrols.com\/fr\/wp-json\/wp\/v2\/types\/product"}],"wp:featuredmedia":[{"embeddable":true,"href":"https:\/\/equipmentcontrols.com\/fr\/wp-json\/wp\/v2\/media\/2946"}],"wp:attachment":[{"href":"https:\/\/equipmentcontrols.com\/fr\/wp-json\/wp\/v2\/media?parent=2947"}],"wp:term":[{"taxonomy":"product_brand","embeddable":true,"href":"https:\/\/equipmentcontrols.com\/fr\/wp-json\/wp\/v2\/product_brand?post=2947"},{"taxonomy":"product_cat","embeddable":true,"href":"https:\/\/equipmentcontrols.com\/fr\/wp-json\/wp\/v2\/product_cat?post=2947"},{"taxonomy":"product_tag","embeddable":true,"href":"https:\/\/equipmentcontrols.com\/fr\/wp-json\/wp\/v2\/product_tag?post=2947"}],"curies":[{"name":"wp","href":"https:\/\/api.w.org\/{rel}","templated":true}]}}