{"id":2759,"date":"2022-08-22T16:56:58","date_gmt":"2022-08-22T16:56:58","guid":{"rendered":"https:\/\/eccowebsite.wpenginepowered.com\/?post_type=product&#038;p=2759"},"modified":"2023-09-20T16:53:17","modified_gmt":"2023-09-20T16:53:17","slug":"sensit-gold-g3","status":"publish","type":"product","link":"https:\/\/equipmentcontrols.com\/fr\/produit\/sensit-gold-g3\/","title":{"rendered":"SENSIT\u00ae Or G3"},"content":{"rendered":"<p><strong>D\u00e9tecteur multi-gaz<\/strong><\/p>\n<p>D\u00c9TECTION RAPIDE. VISUALISATION TRANSPARENTE DES DONN\u00c9ES. S\u00c9CURIT\u00c9 DES TRAVAILLEURS ET DE LA COMMUNAUT\u00c9.<\/p>\n<p>The SENSIT \u00ae GOLD G3 makes gas detection faster and more accurate than ever. Designed with worker productivity in mind, the SENSIT \u00ae GOLD G3 features improved durability, sensor and pump performance monitoring, and unmatched data logging and mapping capabilities.<\/p>\n<p>SENSIT \u00ae GOLD G3 est id\u00e9al pour localiser les fuites de gaz au-dessus et au-dessous du sol, la surveillance des espaces confin\u00e9s, la purge des pipelines, la d\u00e9tection des fuites et d&#039;autres applications. Le d\u00e9tecteur multigaz SENSIT \u00ae GOLD G3 peut \u00eatre configur\u00e9 avec jusqu&#039;\u00e0 5 capteurs pour les gaz combustibles et toxiques ainsi que l&#039;oxyg\u00e8ne.<\/p>\n<p><strong>Affiche jusqu&#039;\u00e0 5 gaz<\/strong><br \/>\n\u2022 LIE pour CH4 et C3H8 (m\u00e9thane et propane) avec %Volume et PPM en option<br \/>\n\u2022 Oxyg\u00e8ne \u2013 O2<br \/>\n\u2022 Monoxyde de carbone \u2013 CO<br \/>\n\u2022 Sulfure d&#039;hydrog\u00e8ne - H2S<br \/>\n\u2022 Cyanure d&#039;hydrog\u00e8ne - HCN<\/p>\n<p><strong>Type de gaz s\u00e9lectionnable<\/strong><br \/>\n\u2022 M\u00e9thane (gaz naturel)<br \/>\n\u2022 Propane<\/p>\n<p><strong>Liste partielle des gaz d\u00e9tect\u00e9s\u00a0:<\/strong><br \/>\n\u2022 Butane<br \/>\n\u2022 Monoxyde de carbone<br \/>\n\u2022 De l&#039;essence<br \/>\n\u2022 Sulfure d&#039;hydrog\u00e8ne<br \/>\n\u2022 Hydrog\u00e8ne<br \/>\n\u2022 Cyanure d&#039;hydrog\u00e8ne<br \/>\n\u2022 Gaz naturel<br \/>\n\u2022 Oxyg\u00e8ne<br \/>\n\u2022 Propane<br \/>\n\u2022 Pentane<\/p>\n<p><strong>Traits:<\/strong><br \/>\n\u2022 Conception \u00e0 s\u00e9curit\u00e9 intrins\u00e8que (certifi\u00e9e)<br \/>\n\u2022 Pompe \u00e0 2 vitesses pour un \u00e9chantillonnage rapide<br \/>\n\u2022 Tick audible pour une localisation rapide des fuites<br \/>\n\u2022 Capteurs &quot;intelligents&quot; \u00e0 longue dur\u00e9e de vie<br \/>\n\u2022 Voyant d&#039;avertissement de d\u00f4me \u00e0 DEL multicolore<br \/>\n\u2022 Affichage lumineux et facile \u00e0 lire<br \/>\n\u2022 Alarme sonore forte<br \/>\n\u2022 Indicateur de charge de la batterie<br \/>\n\u2022 M\u00e9moire interne pour la conservation des enregistrements<br \/>\n\u2022 Protection exceptionnelle contre l&#039;eau et la poussi\u00e8re (IP64)<br \/>\n\u2022 Bo\u00eetier caoutchout\u00e9 pour plus de durabilit\u00e9<br \/>\n\u2022 Lampe de poche<br \/>\n\u2022 Prise en charge multilingue<br \/>\n\u2022 Bluetooth<br \/>\n\u2022 Compatible SMART-CAL 360 (\u00e9talonnage automatique\/test fonctionnel)<br \/>\n\u2022\u00a0Compatible avec SMART-LINK\u00a0360 (journaux de t\u00e9l\u00e9chargement)<br \/>\n\u2022 Compatibilit\u00e9 SERVICE 360 (mises \u00e0 jour du micrologiciel)<br \/>\n\u2022 Batterie rechargeable<\/p>\n<p><strong>Applications:<\/strong><br \/>\n\u2022 D\u00e9tection de fuite de gaz combustible<br \/>\n\u2022 Enqu\u00eate sur les fuites de gaz<br \/>\n\u2022 Localisation des fuites au-dessus et au-dessous du sol<br \/>\n\u2022 Enqu\u00eates sur le monoxyde de carbone<br \/>\n\u2022 Surveillance d&#039;espace confin\u00e9<br \/>\n\u2022 Mesures de gaz combustibles<br \/>\n\u2022 Purge du pipeline<br \/>\n\u2022 Test d&#039;\u00e9missions selon la m\u00e9thode\u00a021<br \/>\n\u2022 Op\u00e9rations de gaz inerte<\/p>\n<p><strong>T\u00e9l\u00e9chargements\u00a0:<\/strong><br \/>\n<a href=\"https:\/\/equipmentcontrols.com\/wp-content\/uploads\/2022\/08\/Sensit-Gold-G3.pdf\">Brochure SENSIT\u00ae Gold G3<\/a><\/p>","protected":false},"excerpt":{"rendered":"<p>Multi Gas Detector FAST DETECTION. SEAMLESS DATA VISUALIZATION. WORKER AND COMMUNITY SAFETY. The SENSIT \u00ae GOLD G3 makes gas detection faster and more accurate than ever. Designed with worker productivity in mind, the SENSIT \u00ae GOLD G3 features improved durability, sensor and pump performance monitoring, and unmatched data logging and mapping capabilities. SENSIT \u00ae GOLD [&hellip;]<\/p>\n","protected":false},"featured_media":2760,"template":"","meta":[],"product_brand":[],"product_cat":[24,50],"product_tag":[],"class_list":{"0":"post-2759","1":"product","2":"type-product","3":"status-publish","4":"has-post-thumbnail","6":"product_cat-leak-detection","7":"product_cat-sensit","9":"first","10":"instock","11":"shipping-taxable","12":"product-type-simple"},"yoast_head":"<!-- This site is optimized with the Yoast SEO Premium plugin v23.9 (Yoast SEO v27.3) - https:\/\/yoast.com\/product\/yoast-seo-premium-wordpress\/ -->\n<title>SENSIT\u00ae Gold G3 - ECCO<\/title>\n<meta name=\"description\" content=\"SENSIT \u00ae GOLD G3 features improved durability, sensor and pump performance monitoring, and unmatched data logging and mapping capabilities.\" \/>\n<meta name=\"robots\" content=\"index, follow, max-snippet:-1, max-image-preview:large, max-video-preview:-1\" \/>\n<link rel=\"canonical\" href=\"https:\/\/equipmentcontrols.com\/fr\/produit\/sensit-gold-g3\/\" \/>\n<meta property=\"og:locale\" content=\"fr_CA\" \/>\n<meta property=\"og:type\" content=\"article\" \/>\n<meta property=\"og:title\" content=\"SENSIT\u00ae Gold G3\" \/>\n<meta property=\"og:description\" content=\"SENSIT \u00ae GOLD G3 features improved durability, sensor and pump performance monitoring, and unmatched data logging and mapping capabilities.\" \/>\n<meta property=\"og:url\" content=\"https:\/\/equipmentcontrols.com\/fr\/produit\/sensit-gold-g3\/\" \/>\n<meta property=\"og:site_name\" content=\"ECCO\" \/>\n<meta property=\"article:modified_time\" content=\"2023-09-20T16:53:17+00:00\" \/>\n<meta property=\"og:image\" content=\"https:\/\/equipmentcontrols.com\/wp-content\/uploads\/2022\/08\/SENSIT-GOLD-G3.jpeg\" \/>\n\t<meta property=\"og:image:width\" content=\"860\" \/>\n\t<meta property=\"og:image:height\" content=\"860\" \/>\n\t<meta property=\"og:image:type\" content=\"image\/jpeg\" \/>\n<meta name=\"twitter:card\" content=\"summary_large_image\" \/>\n<meta name=\"twitter:label1\" content=\"Estimation du temps de lecture\" \/>\n\t<meta name=\"twitter:data1\" content=\"2 minutes\" \/>\n<script type=\"application\/ld+json\" class=\"yoast-schema-graph\">{\"@context\":\"https:\\\/\\\/schema.org\",\"@graph\":[{\"@type\":\"WebPage\",\"@id\":\"https:\\\/\\\/equipmentcontrols.com\\\/product\\\/sensit-gold-g3\\\/\",\"url\":\"https:\\\/\\\/equipmentcontrols.com\\\/product\\\/sensit-gold-g3\\\/\",\"name\":\"SENSIT\u00ae Gold G3 - ECCO\",\"isPartOf\":{\"@id\":\"https:\\\/\\\/equipmentcontrols.com\\\/#website\"},\"primaryImageOfPage\":{\"@id\":\"https:\\\/\\\/equipmentcontrols.com\\\/product\\\/sensit-gold-g3\\\/#primaryimage\"},\"image\":{\"@id\":\"https:\\\/\\\/equipmentcontrols.com\\\/product\\\/sensit-gold-g3\\\/#primaryimage\"},\"thumbnailUrl\":\"https:\\\/\\\/equipmentcontrols.com\\\/wp-content\\\/uploads\\\/2022\\\/08\\\/SENSIT-GOLD-G3.jpeg\",\"datePublished\":\"2022-08-22T16:56:58+00:00\",\"dateModified\":\"2023-09-20T16:53:17+00:00\",\"description\":\"SENSIT \u00ae GOLD G3 features improved durability, sensor and pump performance monitoring, and unmatched data logging and mapping capabilities.\",\"breadcrumb\":{\"@id\":\"https:\\\/\\\/equipmentcontrols.com\\\/product\\\/sensit-gold-g3\\\/#breadcrumb\"},\"inLanguage\":\"fr-CA\",\"potentialAction\":[{\"@type\":\"ReadAction\",\"target\":[\"https:\\\/\\\/equipmentcontrols.com\\\/product\\\/sensit-gold-g3\\\/\"]}]},{\"@type\":\"ImageObject\",\"inLanguage\":\"fr-CA\",\"@id\":\"https:\\\/\\\/equipmentcontrols.com\\\/product\\\/sensit-gold-g3\\\/#primaryimage\",\"url\":\"https:\\\/\\\/equipmentcontrols.com\\\/wp-content\\\/uploads\\\/2022\\\/08\\\/SENSIT-GOLD-G3.jpeg\",\"contentUrl\":\"https:\\\/\\\/equipmentcontrols.com\\\/wp-content\\\/uploads\\\/2022\\\/08\\\/SENSIT-GOLD-G3.jpeg\",\"width\":860,\"height\":860,\"caption\":\"Sensit Gold G3\"},{\"@type\":\"BreadcrumbList\",\"@id\":\"https:\\\/\\\/equipmentcontrols.com\\\/product\\\/sensit-gold-g3\\\/#breadcrumb\",\"itemListElement\":[{\"@type\":\"ListItem\",\"position\":1,\"name\":\"Home\",\"item\":\"https:\\\/\\\/equipmentcontrols.com\\\/\"},{\"@type\":\"ListItem\",\"position\":2,\"name\":\"Shop\",\"item\":\"https:\\\/\\\/equipmentcontrols.com\\\/shop\\\/\"},{\"@type\":\"ListItem\",\"position\":3,\"name\":\"SENSIT\u00ae Gold G3\"}]},{\"@type\":\"WebSite\",\"@id\":\"https:\\\/\\\/equipmentcontrols.com\\\/#website\",\"url\":\"https:\\\/\\\/equipmentcontrols.com\\\/\",\"name\":\"ECCO\",\"description\":\"Equipment Controls Company\",\"potentialAction\":[{\"@type\":\"SearchAction\",\"target\":{\"@type\":\"EntryPoint\",\"urlTemplate\":\"https:\\\/\\\/equipmentcontrols.com\\\/?s={search_term_string}\"},\"query-input\":{\"@type\":\"PropertyValueSpecification\",\"valueRequired\":true,\"valueName\":\"search_term_string\"}}],\"inLanguage\":\"fr-CA\"}]}<\/script>\n<!-- \/ Yoast SEO Premium plugin. -->","yoast_head_json":{"title":"SENSIT\u00ae Gold G3 - ECCO","description":"SENSIT \u00ae GOLD G3 features improved durability, sensor and pump performance monitoring, and unmatched data logging and mapping capabilities.","robots":{"index":"index","follow":"follow","max-snippet":"max-snippet:-1","max-image-preview":"max-image-preview:large","max-video-preview":"max-video-preview:-1"},"canonical":"https:\/\/equipmentcontrols.com\/fr\/produit\/sensit-gold-g3\/","og_locale":"fr_CA","og_type":"article","og_title":"SENSIT\u00ae Gold G3","og_description":"SENSIT \u00ae GOLD G3 features improved durability, sensor and pump performance monitoring, and unmatched data logging and mapping capabilities.","og_url":"https:\/\/equipmentcontrols.com\/fr\/produit\/sensit-gold-g3\/","og_site_name":"ECCO","article_modified_time":"2023-09-20T16:53:17+00:00","og_image":[{"width":860,"height":860,"url":"https:\/\/equipmentcontrols.com\/wp-content\/uploads\/2022\/08\/SENSIT-GOLD-G3.jpeg","type":"image\/jpeg"}],"twitter_card":"summary_large_image","twitter_misc":{"Estimation du temps de lecture":"2 minutes"},"schema":{"@context":"https:\/\/schema.org","@graph":[{"@type":"WebPage","@id":"https:\/\/equipmentcontrols.com\/product\/sensit-gold-g3\/","url":"https:\/\/equipmentcontrols.com\/product\/sensit-gold-g3\/","name":"SENSIT\u00ae Gold G3 - ECCO","isPartOf":{"@id":"https:\/\/equipmentcontrols.com\/#website"},"primaryImageOfPage":{"@id":"https:\/\/equipmentcontrols.com\/product\/sensit-gold-g3\/#primaryimage"},"image":{"@id":"https:\/\/equipmentcontrols.com\/product\/sensit-gold-g3\/#primaryimage"},"thumbnailUrl":"https:\/\/equipmentcontrols.com\/wp-content\/uploads\/2022\/08\/SENSIT-GOLD-G3.jpeg","datePublished":"2022-08-22T16:56:58+00:00","dateModified":"2023-09-20T16:53:17+00:00","description":"SENSIT \u00ae GOLD G3 features improved durability, sensor and pump performance monitoring, and unmatched data logging and mapping capabilities.","breadcrumb":{"@id":"https:\/\/equipmentcontrols.com\/product\/sensit-gold-g3\/#breadcrumb"},"inLanguage":"fr-CA","potentialAction":[{"@type":"ReadAction","target":["https:\/\/equipmentcontrols.com\/product\/sensit-gold-g3\/"]}]},{"@type":"ImageObject","inLanguage":"fr-CA","@id":"https:\/\/equipmentcontrols.com\/product\/sensit-gold-g3\/#primaryimage","url":"https:\/\/equipmentcontrols.com\/wp-content\/uploads\/2022\/08\/SENSIT-GOLD-G3.jpeg","contentUrl":"https:\/\/equipmentcontrols.com\/wp-content\/uploads\/2022\/08\/SENSIT-GOLD-G3.jpeg","width":860,"height":860,"caption":"Sensit Gold G3"},{"@type":"BreadcrumbList","@id":"https:\/\/equipmentcontrols.com\/product\/sensit-gold-g3\/#breadcrumb","itemListElement":[{"@type":"ListItem","position":1,"name":"Home","item":"https:\/\/equipmentcontrols.com\/"},{"@type":"ListItem","position":2,"name":"Shop","item":"https:\/\/equipmentcontrols.com\/shop\/"},{"@type":"ListItem","position":3,"name":"SENSIT\u00ae Gold G3"}]},{"@type":"WebSite","@id":"https:\/\/equipmentcontrols.com\/#website","url":"https:\/\/equipmentcontrols.com\/","name":"ECCO","description":"Compagnie de contr\u00f4le d&#039;\u00e9quipement","potentialAction":[{"@type":"SearchAction","target":{"@type":"EntryPoint","urlTemplate":"https:\/\/equipmentcontrols.com\/?s={search_term_string}"},"query-input":{"@type":"PropertyValueSpecification","valueRequired":true,"valueName":"search_term_string"}}],"inLanguage":"fr-CA"}]}},"_links":{"self":[{"href":"https:\/\/equipmentcontrols.com\/fr\/wp-json\/wp\/v2\/product\/2759","targetHints":{"allow":["GET"]}}],"collection":[{"href":"https:\/\/equipmentcontrols.com\/fr\/wp-json\/wp\/v2\/product"}],"about":[{"href":"https:\/\/equipmentcontrols.com\/fr\/wp-json\/wp\/v2\/types\/product"}],"wp:featuredmedia":[{"embeddable":true,"href":"https:\/\/equipmentcontrols.com\/fr\/wp-json\/wp\/v2\/media\/2760"}],"wp:attachment":[{"href":"https:\/\/equipmentcontrols.com\/fr\/wp-json\/wp\/v2\/media?parent=2759"}],"wp:term":[{"taxonomy":"product_brand","embeddable":true,"href":"https:\/\/equipmentcontrols.com\/fr\/wp-json\/wp\/v2\/product_brand?post=2759"},{"taxonomy":"product_cat","embeddable":true,"href":"https:\/\/equipmentcontrols.com\/fr\/wp-json\/wp\/v2\/product_cat?post=2759"},{"taxonomy":"product_tag","embeddable":true,"href":"https:\/\/equipmentcontrols.com\/fr\/wp-json\/wp\/v2\/product_tag?post=2759"}],"curies":[{"name":"wp","href":"https:\/\/api.w.org\/{rel}","templated":true}]}}