{"id":2477,"date":"2022-05-10T15:10:44","date_gmt":"2022-05-10T15:10:44","guid":{"rendered":"https:\/\/eccowebsite.wpenginepowered.com\/?post_type=product&#038;p=2477"},"modified":"2024-01-04T15:25:35","modified_gmt":"2024-01-04T15:25:35","slug":"sensit-pmd2","status":"publish","type":"product","link":"https:\/\/equipmentcontrols.com\/fr\/produit\/sensit-pmd2\/","title":{"rendered":"SENSIT\u00ae PMD2"},"content":{"rendered":"<p><strong>D\u00e9tecteur de m\u00e9thane portable<\/strong><\/p>\n<p><strong>SENSIT<sup>\u00ae<\/sup> PMD2 <\/strong>est utilis\u00e9 pour surveiller, localiser et classer les fuites de m\u00e9thane.<\/p>\n<p><strong>SENSIT<sup>\u00ae<\/sup> PMD2<\/strong> est un petit instrument de pr\u00e9cision l\u00e9ger utilis\u00e9 pour surveiller, localiser et \u00e9valuer les fuites de m\u00e9thane. Gr\u00e2ce \u00e0 la technologie TDLAS, le <strong>SENSIT<sup>\u00ae<\/sup> PMD2<\/strong> est s\u00e9lectif du m\u00e9thane et parfait pour les applications \u00e0 pied ou en v\u00e9hicule.<\/p>\n<p><strong>Traits:<\/strong><br \/>\n\u2022 S\u00e9lectif au m\u00e9thane. PMD2 filtre les autres gaz dans la gamme PPM.<br \/>\n\u2022 La pompe puissante permet une d\u00e9tection rapide du m\u00e9thane.<br \/>\n\u2022 Haute sensibilit\u00e9 de 1 PPM d\u00e9tecte les fuites de m\u00e9thane plus rapidement.<br \/>\n\u2022 Plage de d\u00e9tection de volume 0-100% pour une classification plus rapide des fuites de gaz naturel.<br \/>\n\u2022 La marche ou la conduite d&#039;un v\u00e9hicule permet une plus grande souplesse d&#039;enqu\u00eate aupr\u00e8s des utilisateurs.<br \/>\n\u2022 Con\u00e7u pour \u00eatre \u00e0 s\u00e9curit\u00e9 intrins\u00e8que. PMD2 peut \u00eatre utilis\u00e9 \u00e0 l&#039;int\u00e9rieur ou \u00e0 l&#039;ext\u00e9rieur.<br \/>\n\u2022 Conformit\u00e9 d&#039;\u00e9talonnage simple \u00e0 l&#039;aide de Smart-Cal 360.<br \/>\n\u2022\u00a0GPS, pompe, batterie, flux de donn\u00e9es, alarmes sonores, indicateurs d&#039;\u00e9tat de d\u00e9bit bloqu\u00e9 et Bluetooth<\/p>\n<p>Compatible avec la station d&#039;\u00e9talonnage SMART-CAL 360 | Service360 | Smart-Link 360 | SIG 360<\/p>\n<p><strong>Applications:<\/strong><br \/>\n\u2022 \u00c9tudes de fuites de gaz au-dessus du sol D\u00e9tection<br \/>\n\u2022 Localisation des fuites de gaz souterraines<br \/>\n\u2022 Enqu\u00eates mobiles sur les fuites de gaz<br \/>\n\u2022 Cartographie des fuites de gaz<\/p>\n<p><strong>T\u00e9l\u00e9chargements\u00a0:<\/strong><br \/>\n<a href=\"https:\/\/equipmentcontrols.com\/wp-content\/uploads\/2022\/05\/PMD2_Brochure-_Web.pdf\">Bulletin SENSIT\u00ae PMD2<\/a><\/p>","protected":false},"excerpt":{"rendered":"<p>Portable Methane Detector SENSIT\u00ae PMD2 is used to survey, pinpoint, and grade methane leaks. SENSIT\u00ae PMD2 is a small, lightweight precision instrument used to survey, pinpoint, and grade methane leaks. With TDLAS technology, the SENSIT\u00ae PMD2 is methane selective and perfect for walking or vehicle applications. Features: \u2022 Methane selective. PMD2 filters out other gases [&hellip;]<\/p>\n","protected":false},"featured_media":2475,"template":"","meta":[],"product_brand":[],"product_cat":[24,50],"product_tag":[192,193,191,194],"class_list":{"0":"post-2477","1":"product","2":"type-product","3":"status-publish","4":"has-post-thumbnail","6":"product_cat-leak-detection","7":"product_cat-sensit","8":"product_tag-methane-gas-leak-detector","9":"product_tag-natual-gas-leak-detector","10":"product_tag-portable-methane-detector","11":"product_tag-sensitpmd2","13":"first","14":"instock","15":"shipping-taxable","16":"product-type-simple"},"yoast_head":"<!-- This site is optimized with the Yoast SEO Premium plugin v23.9 (Yoast SEO v27.3) - https:\/\/yoast.com\/product\/yoast-seo-premium-wordpress\/ -->\n<title>SENSIT\u00ae PMD2 - ECCO<\/title>\n<meta name=\"description\" content=\"SENSIT\u00ae PMD2 is used to survey, pinpoint, and grade methane leaks. SENSIT\u00ae PMD2 is a small, lightweight precision instrument used to survey, pinpoint, and grade methane leaks. With TDLAS technology, the SENSIT\u00ae PMD2 is methane selective and perfect for walking or vehicle applications.\" \/>\n<meta name=\"robots\" content=\"index, follow, max-snippet:-1, max-image-preview:large, max-video-preview:-1\" \/>\n<link rel=\"canonical\" href=\"https:\/\/equipmentcontrols.com\/fr\/produit\/sensit-pmd2\/\" \/>\n<meta property=\"og:locale\" content=\"fr_CA\" \/>\n<meta property=\"og:type\" content=\"article\" \/>\n<meta property=\"og:title\" content=\"SENSIT\u00ae PMD2\" \/>\n<meta property=\"og:description\" content=\"SENSIT\u00ae PMD2 is used to survey, pinpoint, and grade methane leaks. SENSIT\u00ae PMD2 is a small, lightweight precision instrument used to survey, pinpoint, and grade methane leaks. With TDLAS technology, the SENSIT\u00ae PMD2 is methane selective and perfect for walking or vehicle applications.\" \/>\n<meta property=\"og:url\" content=\"https:\/\/equipmentcontrols.com\/fr\/produit\/sensit-pmd2\/\" \/>\n<meta property=\"og:site_name\" content=\"ECCO\" \/>\n<meta property=\"article:modified_time\" content=\"2024-01-04T15:25:35+00:00\" \/>\n<meta property=\"og:image\" content=\"https:\/\/equipmentcontrols.com\/wp-content\/uploads\/2022\/05\/PMD2-photo.jpeg\" \/>\n\t<meta property=\"og:image:width\" content=\"860\" \/>\n\t<meta property=\"og:image:height\" content=\"860\" \/>\n\t<meta property=\"og:image:type\" content=\"image\/jpeg\" \/>\n<meta name=\"twitter:card\" content=\"summary_large_image\" \/>\n<meta name=\"twitter:label1\" content=\"Estimation du temps de lecture\" \/>\n\t<meta name=\"twitter:data1\" content=\"1 minute\" \/>\n<script type=\"application\/ld+json\" class=\"yoast-schema-graph\">{\"@context\":\"https:\\\/\\\/schema.org\",\"@graph\":[{\"@type\":\"WebPage\",\"@id\":\"https:\\\/\\\/equipmentcontrols.com\\\/product\\\/sensit-pmd2\\\/\",\"url\":\"https:\\\/\\\/equipmentcontrols.com\\\/product\\\/sensit-pmd2\\\/\",\"name\":\"SENSIT\u00ae PMD2 - ECCO\",\"isPartOf\":{\"@id\":\"https:\\\/\\\/equipmentcontrols.com\\\/#website\"},\"primaryImageOfPage\":{\"@id\":\"https:\\\/\\\/equipmentcontrols.com\\\/product\\\/sensit-pmd2\\\/#primaryimage\"},\"image\":{\"@id\":\"https:\\\/\\\/equipmentcontrols.com\\\/product\\\/sensit-pmd2\\\/#primaryimage\"},\"thumbnailUrl\":\"https:\\\/\\\/equipmentcontrols.com\\\/wp-content\\\/uploads\\\/2022\\\/05\\\/PMD2-photo.jpeg\",\"datePublished\":\"2022-05-10T15:10:44+00:00\",\"dateModified\":\"2024-01-04T15:25:35+00:00\",\"description\":\"SENSIT\u00ae PMD2 is used to survey, pinpoint, and grade methane leaks. SENSIT\u00ae PMD2 is a small, lightweight precision instrument used to survey, pinpoint, and grade methane leaks. With TDLAS technology, the SENSIT\u00ae PMD2 is methane selective and perfect for walking or vehicle applications.\",\"breadcrumb\":{\"@id\":\"https:\\\/\\\/equipmentcontrols.com\\\/product\\\/sensit-pmd2\\\/#breadcrumb\"},\"inLanguage\":\"fr-CA\",\"potentialAction\":[{\"@type\":\"ReadAction\",\"target\":[\"https:\\\/\\\/equipmentcontrols.com\\\/product\\\/sensit-pmd2\\\/\"]}]},{\"@type\":\"ImageObject\",\"inLanguage\":\"fr-CA\",\"@id\":\"https:\\\/\\\/equipmentcontrols.com\\\/product\\\/sensit-pmd2\\\/#primaryimage\",\"url\":\"https:\\\/\\\/equipmentcontrols.com\\\/wp-content\\\/uploads\\\/2022\\\/05\\\/PMD2-photo.jpeg\",\"contentUrl\":\"https:\\\/\\\/equipmentcontrols.com\\\/wp-content\\\/uploads\\\/2022\\\/05\\\/PMD2-photo.jpeg\",\"width\":860,\"height\":860,\"caption\":\"PMD2 photo\"},{\"@type\":\"BreadcrumbList\",\"@id\":\"https:\\\/\\\/equipmentcontrols.com\\\/product\\\/sensit-pmd2\\\/#breadcrumb\",\"itemListElement\":[{\"@type\":\"ListItem\",\"position\":1,\"name\":\"Home\",\"item\":\"https:\\\/\\\/equipmentcontrols.com\\\/\"},{\"@type\":\"ListItem\",\"position\":2,\"name\":\"Shop\",\"item\":\"https:\\\/\\\/equipmentcontrols.com\\\/shop\\\/\"},{\"@type\":\"ListItem\",\"position\":3,\"name\":\"SENSIT\u00ae PMD2\"}]},{\"@type\":\"WebSite\",\"@id\":\"https:\\\/\\\/equipmentcontrols.com\\\/#website\",\"url\":\"https:\\\/\\\/equipmentcontrols.com\\\/\",\"name\":\"ECCO\",\"description\":\"Equipment Controls Company\",\"potentialAction\":[{\"@type\":\"SearchAction\",\"target\":{\"@type\":\"EntryPoint\",\"urlTemplate\":\"https:\\\/\\\/equipmentcontrols.com\\\/?s={search_term_string}\"},\"query-input\":{\"@type\":\"PropertyValueSpecification\",\"valueRequired\":true,\"valueName\":\"search_term_string\"}}],\"inLanguage\":\"fr-CA\"}]}<\/script>\n<!-- \/ Yoast SEO Premium plugin. -->","yoast_head_json":{"title":"SENSIT\u00ae PMD2 - ECCO","description":"SENSIT\u00ae PMD2 is used to survey, pinpoint, and grade methane leaks. SENSIT\u00ae PMD2 is a small, lightweight precision instrument used to survey, pinpoint, and grade methane leaks. With TDLAS technology, the SENSIT\u00ae PMD2 is methane selective and perfect for walking or vehicle applications.","robots":{"index":"index","follow":"follow","max-snippet":"max-snippet:-1","max-image-preview":"max-image-preview:large","max-video-preview":"max-video-preview:-1"},"canonical":"https:\/\/equipmentcontrols.com\/fr\/produit\/sensit-pmd2\/","og_locale":"fr_CA","og_type":"article","og_title":"SENSIT\u00ae PMD2","og_description":"SENSIT\u00ae PMD2 is used to survey, pinpoint, and grade methane leaks. SENSIT\u00ae PMD2 is a small, lightweight precision instrument used to survey, pinpoint, and grade methane leaks. With TDLAS technology, the SENSIT\u00ae PMD2 is methane selective and perfect for walking or vehicle applications.","og_url":"https:\/\/equipmentcontrols.com\/fr\/produit\/sensit-pmd2\/","og_site_name":"ECCO","article_modified_time":"2024-01-04T15:25:35+00:00","og_image":[{"width":860,"height":860,"url":"https:\/\/equipmentcontrols.com\/wp-content\/uploads\/2022\/05\/PMD2-photo.jpeg","type":"image\/jpeg"}],"twitter_card":"summary_large_image","twitter_misc":{"Estimation du temps de lecture":"1 minute"},"schema":{"@context":"https:\/\/schema.org","@graph":[{"@type":"WebPage","@id":"https:\/\/equipmentcontrols.com\/product\/sensit-pmd2\/","url":"https:\/\/equipmentcontrols.com\/product\/sensit-pmd2\/","name":"SENSIT\u00ae PMD2 - ECCO","isPartOf":{"@id":"https:\/\/equipmentcontrols.com\/#website"},"primaryImageOfPage":{"@id":"https:\/\/equipmentcontrols.com\/product\/sensit-pmd2\/#primaryimage"},"image":{"@id":"https:\/\/equipmentcontrols.com\/product\/sensit-pmd2\/#primaryimage"},"thumbnailUrl":"https:\/\/equipmentcontrols.com\/wp-content\/uploads\/2022\/05\/PMD2-photo.jpeg","datePublished":"2022-05-10T15:10:44+00:00","dateModified":"2024-01-04T15:25:35+00:00","description":"SENSIT\u00ae PMD2 is used to survey, pinpoint, and grade methane leaks. SENSIT\u00ae PMD2 is a small, lightweight precision instrument used to survey, pinpoint, and grade methane leaks. With TDLAS technology, the SENSIT\u00ae PMD2 is methane selective and perfect for walking or vehicle applications.","breadcrumb":{"@id":"https:\/\/equipmentcontrols.com\/product\/sensit-pmd2\/#breadcrumb"},"inLanguage":"fr-CA","potentialAction":[{"@type":"ReadAction","target":["https:\/\/equipmentcontrols.com\/product\/sensit-pmd2\/"]}]},{"@type":"ImageObject","inLanguage":"fr-CA","@id":"https:\/\/equipmentcontrols.com\/product\/sensit-pmd2\/#primaryimage","url":"https:\/\/equipmentcontrols.com\/wp-content\/uploads\/2022\/05\/PMD2-photo.jpeg","contentUrl":"https:\/\/equipmentcontrols.com\/wp-content\/uploads\/2022\/05\/PMD2-photo.jpeg","width":860,"height":860,"caption":"PMD2 photo"},{"@type":"BreadcrumbList","@id":"https:\/\/equipmentcontrols.com\/product\/sensit-pmd2\/#breadcrumb","itemListElement":[{"@type":"ListItem","position":1,"name":"Home","item":"https:\/\/equipmentcontrols.com\/"},{"@type":"ListItem","position":2,"name":"Shop","item":"https:\/\/equipmentcontrols.com\/shop\/"},{"@type":"ListItem","position":3,"name":"SENSIT\u00ae PMD2"}]},{"@type":"WebSite","@id":"https:\/\/equipmentcontrols.com\/#website","url":"https:\/\/equipmentcontrols.com\/","name":"ECCO","description":"Compagnie de contr\u00f4le d&#039;\u00e9quipement","potentialAction":[{"@type":"SearchAction","target":{"@type":"EntryPoint","urlTemplate":"https:\/\/equipmentcontrols.com\/?s={search_term_string}"},"query-input":{"@type":"PropertyValueSpecification","valueRequired":true,"valueName":"search_term_string"}}],"inLanguage":"fr-CA"}]}},"_links":{"self":[{"href":"https:\/\/equipmentcontrols.com\/fr\/wp-json\/wp\/v2\/product\/2477","targetHints":{"allow":["GET"]}}],"collection":[{"href":"https:\/\/equipmentcontrols.com\/fr\/wp-json\/wp\/v2\/product"}],"about":[{"href":"https:\/\/equipmentcontrols.com\/fr\/wp-json\/wp\/v2\/types\/product"}],"wp:featuredmedia":[{"embeddable":true,"href":"https:\/\/equipmentcontrols.com\/fr\/wp-json\/wp\/v2\/media\/2475"}],"wp:attachment":[{"href":"https:\/\/equipmentcontrols.com\/fr\/wp-json\/wp\/v2\/media?parent=2477"}],"wp:term":[{"taxonomy":"product_brand","embeddable":true,"href":"https:\/\/equipmentcontrols.com\/fr\/wp-json\/wp\/v2\/product_brand?post=2477"},{"taxonomy":"product_cat","embeddable":true,"href":"https:\/\/equipmentcontrols.com\/fr\/wp-json\/wp\/v2\/product_cat?post=2477"},{"taxonomy":"product_tag","embeddable":true,"href":"https:\/\/equipmentcontrols.com\/fr\/wp-json\/wp\/v2\/product_tag?post=2477"}],"curies":[{"name":"wp","href":"https:\/\/api.w.org\/{rel}","templated":true}]}}