{"id":2422,"date":"2022-03-24T01:59:01","date_gmt":"2022-03-24T01:59:01","guid":{"rendered":"https:\/\/eccowebsite.wpenginepowered.com\/?post_type=product&#038;p=2422"},"modified":"2022-11-30T21:57:30","modified_gmt":"2022-11-30T21:57:30","slug":"belgas-p140-pressure-regulator-non-relieving","status":"publish","type":"product","link":"https:\/\/equipmentcontrols.com\/fr\/produit\/belgas-p140-pressure-regulator-non-relieving\/","title":{"rendered":"R\u00e9gulateur de pression BelGAS P140 - Sans d\u00e9charge"},"content":{"rendered":"<p>Le r\u00e9gulateur de pression de type P140 est id\u00e9al pour la r\u00e9gulation de la pression du gaz naturel, de l&#039;air, du propane et des gaz \u00e0 usage g\u00e9n\u00e9ral. Les utilisations incluent le commerce, le r\u00e9sidentiel et l&#039;industrie l\u00e9g\u00e8re pour les br\u00fbleurs et les a\u00e9rothermes. Disponible avec ou sans relief interne. <span id=\"page3533R_mcid8\" class=\"markedContent\"><span dir=\"ltr\" role=\"presentation\">Le site <\/span><\/span><span id=\"page3533R_mcid9\" class=\"markedContent\"><span dir=\"ltr\" role=\"presentation\">P140 est conforme \u00e0 la norme ANSI B109.4.<\/span><\/span><span id=\"page3533R_mcid3\" class=\"markedContent\"><\/span><span id=\"page3533R_mcid8\" class=\"markedContent\"><\/span><\/p>\n<p><strong>Traits:<\/strong><\/p>\n<ul class=\"pl-3 mb-3\">\n<li>Polyvalent<\/li>\n<li>Pr\u00e9cision de contr\u00f4le<\/li>\n<li>Design compact<\/li>\n<\/ul>\n<p><strong>Applications:<\/strong><\/p>\n<ul class=\"pl-3 mb-3\">\n<li>Fluides gazeux<\/li>\n<li>Air<\/li>\n<li>Gaz naturel<\/li>\n<li>Propane<\/li>\n<\/ul>\n<p><strong>T\u00e9l\u00e9chargements\u00a0:<\/strong><\/p>\n<p><a href=\"https:\/\/equipmentcontrols.com\/wp-content\/uploads\/2022\/03\/P140_Spec_Sheet_524366f98b.pdf\">Fiche technique du r\u00e9gulateur de gaz BelGAS P140<\/a><\/p>","protected":false},"excerpt":{"rendered":"<p>The Type P140 pressure regulator is ideal for natural gas, air, propane and general purpose gas pressure regulation. Uses include commercial, residential and light industrial for burners and unit heaters. Available with or without internal relief. The P140 is ANSI B109.4 compliant. Features: Versatile Control Accuracy Compact Design Applications: Gaseous Fluids Air Natural Gas Propane [&hellip;]<\/p>\n","protected":false},"featured_media":2417,"template":"","meta":[],"product_brand":[],"product_cat":[99,20],"product_tag":[100],"class_list":{"0":"post-2422","1":"product","2":"type-product","3":"status-publish","4":"has-post-thumbnail","6":"product_cat-belgas","7":"product_cat-gas-regulators","8":"product_tag-pressure-reducing-gas-regulator","10":"first","11":"instock","12":"shipping-taxable","13":"product-type-simple"},"yoast_head":"<!-- This site is optimized with the Yoast SEO Premium plugin v23.9 (Yoast SEO v27.3) - https:\/\/yoast.com\/product\/yoast-seo-premium-wordpress\/ -->\n<title>BelGAS P140 Pressure Regulator- Non Relieving - ECCO<\/title>\n<meta name=\"description\" content=\"The BelGAS Type P140 pressure regulator is ideal for natural gas, air, propane and general purpose gas pressure regulation. Uses include commercial, residential and light industrial for burners and unit heaters. Available with or without internal relief.\" \/>\n<meta name=\"robots\" content=\"index, follow, max-snippet:-1, max-image-preview:large, max-video-preview:-1\" \/>\n<link rel=\"canonical\" href=\"https:\/\/equipmentcontrols.com\/fr\/produit\/belgas-p140-pressure-regulator-non-relieving\/\" \/>\n<meta property=\"og:locale\" content=\"fr_CA\" \/>\n<meta property=\"og:type\" content=\"article\" \/>\n<meta property=\"og:title\" content=\"BelGAS P140 Pressure Regulator- Non Relieving\" \/>\n<meta property=\"og:description\" content=\"The BelGAS Type P140 pressure regulator is ideal for natural gas, air, propane and general purpose gas pressure regulation. Uses include commercial, residential and light industrial for burners and unit heaters. Available with or without internal relief.\" \/>\n<meta property=\"og:url\" content=\"https:\/\/equipmentcontrols.com\/fr\/produit\/belgas-p140-pressure-regulator-non-relieving\/\" \/>\n<meta property=\"og:site_name\" content=\"ECCO\" \/>\n<meta property=\"article:modified_time\" content=\"2022-11-30T21:57:30+00:00\" \/>\n<meta property=\"og:image\" content=\"https:\/\/equipmentcontrols.com\/wp-content\/uploads\/2022\/03\/Belgas-P140.png\" \/>\n\t<meta property=\"og:image:width\" content=\"860\" \/>\n\t<meta property=\"og:image:height\" content=\"860\" \/>\n\t<meta property=\"og:image:type\" content=\"image\/png\" \/>\n<meta name=\"twitter:card\" content=\"summary_large_image\" \/>\n<meta name=\"twitter:label1\" content=\"Estimation du temps de lecture\" \/>\n\t<meta name=\"twitter:data1\" content=\"1 minute\" \/>\n<script type=\"application\/ld+json\" class=\"yoast-schema-graph\">{\"@context\":\"https:\\\/\\\/schema.org\",\"@graph\":[{\"@type\":\"WebPage\",\"@id\":\"https:\\\/\\\/equipmentcontrols.com\\\/product\\\/belgas-p140-pressure-regulator-non-relieving\\\/\",\"url\":\"https:\\\/\\\/equipmentcontrols.com\\\/product\\\/belgas-p140-pressure-regulator-non-relieving\\\/\",\"name\":\"BelGAS P140 Pressure Regulator- Non Relieving - ECCO\",\"isPartOf\":{\"@id\":\"https:\\\/\\\/equipmentcontrols.com\\\/#website\"},\"primaryImageOfPage\":{\"@id\":\"https:\\\/\\\/equipmentcontrols.com\\\/product\\\/belgas-p140-pressure-regulator-non-relieving\\\/#primaryimage\"},\"image\":{\"@id\":\"https:\\\/\\\/equipmentcontrols.com\\\/product\\\/belgas-p140-pressure-regulator-non-relieving\\\/#primaryimage\"},\"thumbnailUrl\":\"https:\\\/\\\/equipmentcontrols.com\\\/wp-content\\\/uploads\\\/2022\\\/03\\\/Belgas-P140.png\",\"datePublished\":\"2022-03-24T01:59:01+00:00\",\"dateModified\":\"2022-11-30T21:57:30+00:00\",\"description\":\"The BelGAS Type P140 pressure regulator is ideal for natural gas, air, propane and general purpose gas pressure regulation. Uses include commercial, residential and light industrial for burners and unit heaters. Available with or without internal relief.\",\"breadcrumb\":{\"@id\":\"https:\\\/\\\/equipmentcontrols.com\\\/product\\\/belgas-p140-pressure-regulator-non-relieving\\\/#breadcrumb\"},\"inLanguage\":\"fr-CA\",\"potentialAction\":[{\"@type\":\"ReadAction\",\"target\":[\"https:\\\/\\\/equipmentcontrols.com\\\/product\\\/belgas-p140-pressure-regulator-non-relieving\\\/\"]}]},{\"@type\":\"ImageObject\",\"inLanguage\":\"fr-CA\",\"@id\":\"https:\\\/\\\/equipmentcontrols.com\\\/product\\\/belgas-p140-pressure-regulator-non-relieving\\\/#primaryimage\",\"url\":\"https:\\\/\\\/equipmentcontrols.com\\\/wp-content\\\/uploads\\\/2022\\\/03\\\/Belgas-P140.png\",\"contentUrl\":\"https:\\\/\\\/equipmentcontrols.com\\\/wp-content\\\/uploads\\\/2022\\\/03\\\/Belgas-P140.png\",\"width\":860,\"height\":860,\"caption\":\"Image for Belgas P140 natural gas regulator\"},{\"@type\":\"BreadcrumbList\",\"@id\":\"https:\\\/\\\/equipmentcontrols.com\\\/product\\\/belgas-p140-pressure-regulator-non-relieving\\\/#breadcrumb\",\"itemListElement\":[{\"@type\":\"ListItem\",\"position\":1,\"name\":\"Home\",\"item\":\"https:\\\/\\\/equipmentcontrols.com\\\/\"},{\"@type\":\"ListItem\",\"position\":2,\"name\":\"Shop\",\"item\":\"https:\\\/\\\/equipmentcontrols.com\\\/shop\\\/\"},{\"@type\":\"ListItem\",\"position\":3,\"name\":\"BelGAS P140 Pressure Regulator- Non Relieving\"}]},{\"@type\":\"WebSite\",\"@id\":\"https:\\\/\\\/equipmentcontrols.com\\\/#website\",\"url\":\"https:\\\/\\\/equipmentcontrols.com\\\/\",\"name\":\"ECCO\",\"description\":\"Equipment Controls Company\",\"potentialAction\":[{\"@type\":\"SearchAction\",\"target\":{\"@type\":\"EntryPoint\",\"urlTemplate\":\"https:\\\/\\\/equipmentcontrols.com\\\/?s={search_term_string}\"},\"query-input\":{\"@type\":\"PropertyValueSpecification\",\"valueRequired\":true,\"valueName\":\"search_term_string\"}}],\"inLanguage\":\"fr-CA\"}]}<\/script>\n<!-- \/ Yoast SEO Premium plugin. -->","yoast_head_json":{"title":"BelGAS P140 Pressure Regulator- Non Relieving - ECCO","description":"The BelGAS Type P140 pressure regulator is ideal for natural gas, air, propane and general purpose gas pressure regulation. Uses include commercial, residential and light industrial for burners and unit heaters. Available with or without internal relief.","robots":{"index":"index","follow":"follow","max-snippet":"max-snippet:-1","max-image-preview":"max-image-preview:large","max-video-preview":"max-video-preview:-1"},"canonical":"https:\/\/equipmentcontrols.com\/fr\/produit\/belgas-p140-pressure-regulator-non-relieving\/","og_locale":"fr_CA","og_type":"article","og_title":"BelGAS P140 Pressure Regulator- Non Relieving","og_description":"The BelGAS Type P140 pressure regulator is ideal for natural gas, air, propane and general purpose gas pressure regulation. Uses include commercial, residential and light industrial for burners and unit heaters. Available with or without internal relief.","og_url":"https:\/\/equipmentcontrols.com\/fr\/produit\/belgas-p140-pressure-regulator-non-relieving\/","og_site_name":"ECCO","article_modified_time":"2022-11-30T21:57:30+00:00","og_image":[{"width":860,"height":860,"url":"https:\/\/equipmentcontrols.com\/wp-content\/uploads\/2022\/03\/Belgas-P140.png","type":"image\/png"}],"twitter_card":"summary_large_image","twitter_misc":{"Estimation du temps de lecture":"1 minute"},"schema":{"@context":"https:\/\/schema.org","@graph":[{"@type":"WebPage","@id":"https:\/\/equipmentcontrols.com\/product\/belgas-p140-pressure-regulator-non-relieving\/","url":"https:\/\/equipmentcontrols.com\/product\/belgas-p140-pressure-regulator-non-relieving\/","name":"BelGAS P140 Pressure Regulator- Non Relieving - ECCO","isPartOf":{"@id":"https:\/\/equipmentcontrols.com\/#website"},"primaryImageOfPage":{"@id":"https:\/\/equipmentcontrols.com\/product\/belgas-p140-pressure-regulator-non-relieving\/#primaryimage"},"image":{"@id":"https:\/\/equipmentcontrols.com\/product\/belgas-p140-pressure-regulator-non-relieving\/#primaryimage"},"thumbnailUrl":"https:\/\/equipmentcontrols.com\/wp-content\/uploads\/2022\/03\/Belgas-P140.png","datePublished":"2022-03-24T01:59:01+00:00","dateModified":"2022-11-30T21:57:30+00:00","description":"The BelGAS Type P140 pressure regulator is ideal for natural gas, air, propane and general purpose gas pressure regulation. Uses include commercial, residential and light industrial for burners and unit heaters. Available with or without internal relief.","breadcrumb":{"@id":"https:\/\/equipmentcontrols.com\/product\/belgas-p140-pressure-regulator-non-relieving\/#breadcrumb"},"inLanguage":"fr-CA","potentialAction":[{"@type":"ReadAction","target":["https:\/\/equipmentcontrols.com\/product\/belgas-p140-pressure-regulator-non-relieving\/"]}]},{"@type":"ImageObject","inLanguage":"fr-CA","@id":"https:\/\/equipmentcontrols.com\/product\/belgas-p140-pressure-regulator-non-relieving\/#primaryimage","url":"https:\/\/equipmentcontrols.com\/wp-content\/uploads\/2022\/03\/Belgas-P140.png","contentUrl":"https:\/\/equipmentcontrols.com\/wp-content\/uploads\/2022\/03\/Belgas-P140.png","width":860,"height":860,"caption":"Image for Belgas P140 natural gas regulator"},{"@type":"BreadcrumbList","@id":"https:\/\/equipmentcontrols.com\/product\/belgas-p140-pressure-regulator-non-relieving\/#breadcrumb","itemListElement":[{"@type":"ListItem","position":1,"name":"Home","item":"https:\/\/equipmentcontrols.com\/"},{"@type":"ListItem","position":2,"name":"Shop","item":"https:\/\/equipmentcontrols.com\/shop\/"},{"@type":"ListItem","position":3,"name":"BelGAS P140 Pressure Regulator- Non Relieving"}]},{"@type":"WebSite","@id":"https:\/\/equipmentcontrols.com\/#website","url":"https:\/\/equipmentcontrols.com\/","name":"ECCO","description":"Compagnie de contr\u00f4le d&#039;\u00e9quipement","potentialAction":[{"@type":"SearchAction","target":{"@type":"EntryPoint","urlTemplate":"https:\/\/equipmentcontrols.com\/?s={search_term_string}"},"query-input":{"@type":"PropertyValueSpecification","valueRequired":true,"valueName":"search_term_string"}}],"inLanguage":"fr-CA"}]}},"_links":{"self":[{"href":"https:\/\/equipmentcontrols.com\/fr\/wp-json\/wp\/v2\/product\/2422","targetHints":{"allow":["GET"]}}],"collection":[{"href":"https:\/\/equipmentcontrols.com\/fr\/wp-json\/wp\/v2\/product"}],"about":[{"href":"https:\/\/equipmentcontrols.com\/fr\/wp-json\/wp\/v2\/types\/product"}],"wp:featuredmedia":[{"embeddable":true,"href":"https:\/\/equipmentcontrols.com\/fr\/wp-json\/wp\/v2\/media\/2417"}],"wp:attachment":[{"href":"https:\/\/equipmentcontrols.com\/fr\/wp-json\/wp\/v2\/media?parent=2422"}],"wp:term":[{"taxonomy":"product_brand","embeddable":true,"href":"https:\/\/equipmentcontrols.com\/fr\/wp-json\/wp\/v2\/product_brand?post=2422"},{"taxonomy":"product_cat","embeddable":true,"href":"https:\/\/equipmentcontrols.com\/fr\/wp-json\/wp\/v2\/product_cat?post=2422"},{"taxonomy":"product_tag","embeddable":true,"href":"https:\/\/equipmentcontrols.com\/fr\/wp-json\/wp\/v2\/product_tag?post=2422"}],"curies":[{"name":"wp","href":"https:\/\/api.w.org\/{rel}","templated":true}]}}