{"id":2419,"date":"2022-03-24T01:33:24","date_gmt":"2022-03-24T01:33:24","guid":{"rendered":"https:\/\/eccowebsite.wpenginepowered.com\/?post_type=product&#038;p=2419"},"modified":"2022-11-30T22:05:40","modified_gmt":"2022-11-30T22:05:40","slug":"belgas-p143-gas-pressure-regulator","status":"publish","type":"product","link":"https:\/\/equipmentcontrols.com\/fr\/produit\/belgas-p143-gas-pressure-regulator\/","title":{"rendered":"R\u00e9gulateur de pression de gaz BelGAS P143"},"content":{"rendered":"<p>Le r\u00e9gulateur de pression de gaz de type P143 de BelGAS est id\u00e9al pour la r\u00e9gulation de la pression du gaz naturel, de l&#039;air, du propane et des gaz \u00e0 usage g\u00e9n\u00e9ral. Les utilisations incluent le commerce, le r\u00e9sidentiel et l&#039;industrie l\u00e9g\u00e8re pour les br\u00fbleurs et les a\u00e9rothermes. Le type P143 poss\u00e8de un dispositif de d\u00e9charge interne et est disponible en version \u00e0 coupure basse pression - LPCO -. Le r\u00e9gulateur est applicable \u00e0 une large gamme de fluides gazeux, y compris l&#039;air, le gaz naturel et le propane. Peut \u00eatre utilis\u00e9 comme r\u00e9gulateur LP.<\/p>\n<p><strong>Traits:<\/strong><\/p>\n<ul class=\"pl-3 mb-3\">\n<li>Polyvalent<\/li>\n<li>Pr\u00e9cision de contr\u00f4le<\/li>\n<li>Design compact<\/li>\n<li>Coupure basse pression<\/li>\n<\/ul>\n<p><strong>Applications:<\/strong><\/p>\n<ul class=\"pl-3 mb-3\">\n<li>Peut \u00eatre utilis\u00e9 comme r\u00e9gulateur LP.<\/li>\n<li>Commercial, r\u00e9sidentiel et industriel l\u00e9ger pour br\u00fbleurs et a\u00e9rothermes<\/li>\n<\/ul>\n<p><strong>T\u00e9l\u00e9chargements\u00a0:<\/strong><\/p>\n<p><a href=\"https:\/\/equipmentcontrols.com\/wp-content\/uploads\/2022\/03\/P143_Spec_Sheet_85ed15eac7.pdf\">Fiche technique du r\u00e9gulateur de gaz BelGAS P143<\/a><\/p>","protected":false},"excerpt":{"rendered":"<p>Le BelGAS P143 est un r\u00e9gulateur de pression de gaz id\u00e9al pour la r\u00e9gulation de pression de gaz naturel, d&#039;air, de propane et de gaz \u00e0 usage g\u00e9n\u00e9ral. Ce d\u00e9tendeur dispose d&#039;un dispositif de d\u00e9compression interne et est disponible en version coupure basse pression \u2013 LPCO \u2013.<\/p>","protected":false},"featured_media":2418,"template":"","meta":[],"product_brand":[],"product_cat":[99,20],"product_tag":[117,118,119,100],"class_list":{"0":"post-2419","1":"product","2":"type-product","3":"status-publish","4":"has-post-thumbnail","6":"product_cat-belgas","7":"product_cat-gas-regulators","8":"product_tag-belgas","9":"product_tag-gas-pressure-regulator","10":"product_tag-internal-relief-valve","11":"product_tag-pressure-reducing-gas-regulator","13":"first","14":"instock","15":"shipping-taxable","16":"product-type-simple"},"yoast_head":"<!-- This site is optimized with the Yoast SEO Premium plugin v23.9 (Yoast SEO v27.3) - https:\/\/yoast.com\/product\/yoast-seo-premium-wordpress\/ -->\n<title>BelGAS P143 Gas Pressure Regulator - ECCO<\/title>\n<meta name=\"description\" content=\"The Type P143 gas pressure regulator from BelGAS is ideal for natural gas, air, propane and general purpose gas pressure regulation. Uses include commercial, residential and light industrial for burners and unit heaters. The Type P143 has an internal relief device and is available in the low pressure cut off \u2013 LPCO \u2013 version.\" \/>\n<meta name=\"robots\" content=\"index, follow, max-snippet:-1, max-image-preview:large, max-video-preview:-1\" \/>\n<link rel=\"canonical\" href=\"https:\/\/equipmentcontrols.com\/fr\/produit\/belgas-p143-gas-pressure-regulator\/\" \/>\n<meta property=\"og:locale\" content=\"fr_CA\" \/>\n<meta property=\"og:type\" content=\"article\" \/>\n<meta property=\"og:title\" content=\"BelGAS P143 Gas Pressure Regulator\" \/>\n<meta property=\"og:description\" content=\"The Type P143 gas pressure regulator from BelGAS is ideal for natural gas, air, propane and general purpose gas pressure regulation. Uses include commercial, residential and light industrial for burners and unit heaters. The Type P143 has an internal relief device and is available in the low pressure cut off \u2013 LPCO \u2013 version.\" \/>\n<meta property=\"og:url\" content=\"https:\/\/equipmentcontrols.com\/fr\/produit\/belgas-p143-gas-pressure-regulator\/\" \/>\n<meta property=\"og:site_name\" content=\"ECCO\" \/>\n<meta property=\"article:modified_time\" content=\"2022-11-30T22:05:40+00:00\" \/>\n<meta property=\"og:image\" content=\"https:\/\/equipmentcontrols.com\/wp-content\/uploads\/2022\/03\/BelGas-P143.png\" \/>\n\t<meta property=\"og:image:width\" content=\"860\" \/>\n\t<meta property=\"og:image:height\" content=\"860\" \/>\n\t<meta property=\"og:image:type\" content=\"image\/png\" \/>\n<meta name=\"twitter:card\" content=\"summary_large_image\" \/>\n<meta name=\"twitter:label1\" content=\"Estimation du temps de lecture\" \/>\n\t<meta name=\"twitter:data1\" content=\"1 minute\" \/>\n<script type=\"application\/ld+json\" class=\"yoast-schema-graph\">{\"@context\":\"https:\\\/\\\/schema.org\",\"@graph\":[{\"@type\":\"WebPage\",\"@id\":\"https:\\\/\\\/equipmentcontrols.com\\\/product\\\/belgas-p143-gas-pressure-regulator\\\/\",\"url\":\"https:\\\/\\\/equipmentcontrols.com\\\/product\\\/belgas-p143-gas-pressure-regulator\\\/\",\"name\":\"BelGAS P143 Gas Pressure Regulator - ECCO\",\"isPartOf\":{\"@id\":\"https:\\\/\\\/equipmentcontrols.com\\\/#website\"},\"primaryImageOfPage\":{\"@id\":\"https:\\\/\\\/equipmentcontrols.com\\\/product\\\/belgas-p143-gas-pressure-regulator\\\/#primaryimage\"},\"image\":{\"@id\":\"https:\\\/\\\/equipmentcontrols.com\\\/product\\\/belgas-p143-gas-pressure-regulator\\\/#primaryimage\"},\"thumbnailUrl\":\"https:\\\/\\\/equipmentcontrols.com\\\/wp-content\\\/uploads\\\/2022\\\/03\\\/BelGas-P143.png\",\"datePublished\":\"2022-03-24T01:33:24+00:00\",\"dateModified\":\"2022-11-30T22:05:40+00:00\",\"description\":\"The Type P143 gas pressure regulator from BelGAS is ideal for natural gas, air, propane and general purpose gas pressure regulation. Uses include commercial, residential and light industrial for burners and unit heaters. The Type P143 has an internal relief device and is available in the low pressure cut off \u2013 LPCO \u2013 version.\",\"breadcrumb\":{\"@id\":\"https:\\\/\\\/equipmentcontrols.com\\\/product\\\/belgas-p143-gas-pressure-regulator\\\/#breadcrumb\"},\"inLanguage\":\"fr-CA\",\"potentialAction\":[{\"@type\":\"ReadAction\",\"target\":[\"https:\\\/\\\/equipmentcontrols.com\\\/product\\\/belgas-p143-gas-pressure-regulator\\\/\"]}]},{\"@type\":\"ImageObject\",\"inLanguage\":\"fr-CA\",\"@id\":\"https:\\\/\\\/equipmentcontrols.com\\\/product\\\/belgas-p143-gas-pressure-regulator\\\/#primaryimage\",\"url\":\"https:\\\/\\\/equipmentcontrols.com\\\/wp-content\\\/uploads\\\/2022\\\/03\\\/BelGas-P143.png\",\"contentUrl\":\"https:\\\/\\\/equipmentcontrols.com\\\/wp-content\\\/uploads\\\/2022\\\/03\\\/BelGas-P143.png\",\"width\":860,\"height\":860,\"caption\":\"image for Begas 143 natural gas reguator\"},{\"@type\":\"BreadcrumbList\",\"@id\":\"https:\\\/\\\/equipmentcontrols.com\\\/product\\\/belgas-p143-gas-pressure-regulator\\\/#breadcrumb\",\"itemListElement\":[{\"@type\":\"ListItem\",\"position\":1,\"name\":\"Home\",\"item\":\"https:\\\/\\\/equipmentcontrols.com\\\/\"},{\"@type\":\"ListItem\",\"position\":2,\"name\":\"Shop\",\"item\":\"https:\\\/\\\/equipmentcontrols.com\\\/shop\\\/\"},{\"@type\":\"ListItem\",\"position\":3,\"name\":\"BelGAS P143 Gas Pressure Regulator\"}]},{\"@type\":\"WebSite\",\"@id\":\"https:\\\/\\\/equipmentcontrols.com\\\/#website\",\"url\":\"https:\\\/\\\/equipmentcontrols.com\\\/\",\"name\":\"ECCO\",\"description\":\"Equipment Controls Company\",\"potentialAction\":[{\"@type\":\"SearchAction\",\"target\":{\"@type\":\"EntryPoint\",\"urlTemplate\":\"https:\\\/\\\/equipmentcontrols.com\\\/?s={search_term_string}\"},\"query-input\":{\"@type\":\"PropertyValueSpecification\",\"valueRequired\":true,\"valueName\":\"search_term_string\"}}],\"inLanguage\":\"fr-CA\"}]}<\/script>\n<!-- \/ Yoast SEO Premium plugin. -->","yoast_head_json":{"title":"BelGAS P143 Gas Pressure Regulator - ECCO","description":"The Type P143 gas pressure regulator from BelGAS is ideal for natural gas, air, propane and general purpose gas pressure regulation. Uses include commercial, residential and light industrial for burners and unit heaters. The Type P143 has an internal relief device and is available in the low pressure cut off \u2013 LPCO \u2013 version.","robots":{"index":"index","follow":"follow","max-snippet":"max-snippet:-1","max-image-preview":"max-image-preview:large","max-video-preview":"max-video-preview:-1"},"canonical":"https:\/\/equipmentcontrols.com\/fr\/produit\/belgas-p143-gas-pressure-regulator\/","og_locale":"fr_CA","og_type":"article","og_title":"BelGAS P143 Gas Pressure Regulator","og_description":"The Type P143 gas pressure regulator from BelGAS is ideal for natural gas, air, propane and general purpose gas pressure regulation. Uses include commercial, residential and light industrial for burners and unit heaters. The Type P143 has an internal relief device and is available in the low pressure cut off \u2013 LPCO \u2013 version.","og_url":"https:\/\/equipmentcontrols.com\/fr\/produit\/belgas-p143-gas-pressure-regulator\/","og_site_name":"ECCO","article_modified_time":"2022-11-30T22:05:40+00:00","og_image":[{"width":860,"height":860,"url":"https:\/\/equipmentcontrols.com\/wp-content\/uploads\/2022\/03\/BelGas-P143.png","type":"image\/png"}],"twitter_card":"summary_large_image","twitter_misc":{"Estimation du temps de lecture":"1 minute"},"schema":{"@context":"https:\/\/schema.org","@graph":[{"@type":"WebPage","@id":"https:\/\/equipmentcontrols.com\/product\/belgas-p143-gas-pressure-regulator\/","url":"https:\/\/equipmentcontrols.com\/product\/belgas-p143-gas-pressure-regulator\/","name":"BelGAS P143 Gas Pressure Regulator - ECCO","isPartOf":{"@id":"https:\/\/equipmentcontrols.com\/#website"},"primaryImageOfPage":{"@id":"https:\/\/equipmentcontrols.com\/product\/belgas-p143-gas-pressure-regulator\/#primaryimage"},"image":{"@id":"https:\/\/equipmentcontrols.com\/product\/belgas-p143-gas-pressure-regulator\/#primaryimage"},"thumbnailUrl":"https:\/\/equipmentcontrols.com\/wp-content\/uploads\/2022\/03\/BelGas-P143.png","datePublished":"2022-03-24T01:33:24+00:00","dateModified":"2022-11-30T22:05:40+00:00","description":"The Type P143 gas pressure regulator from BelGAS is ideal for natural gas, air, propane and general purpose gas pressure regulation. Uses include commercial, residential and light industrial for burners and unit heaters. The Type P143 has an internal relief device and is available in the low pressure cut off \u2013 LPCO \u2013 version.","breadcrumb":{"@id":"https:\/\/equipmentcontrols.com\/product\/belgas-p143-gas-pressure-regulator\/#breadcrumb"},"inLanguage":"fr-CA","potentialAction":[{"@type":"ReadAction","target":["https:\/\/equipmentcontrols.com\/product\/belgas-p143-gas-pressure-regulator\/"]}]},{"@type":"ImageObject","inLanguage":"fr-CA","@id":"https:\/\/equipmentcontrols.com\/product\/belgas-p143-gas-pressure-regulator\/#primaryimage","url":"https:\/\/equipmentcontrols.com\/wp-content\/uploads\/2022\/03\/BelGas-P143.png","contentUrl":"https:\/\/equipmentcontrols.com\/wp-content\/uploads\/2022\/03\/BelGas-P143.png","width":860,"height":860,"caption":"image for Begas 143 natural gas reguator"},{"@type":"BreadcrumbList","@id":"https:\/\/equipmentcontrols.com\/product\/belgas-p143-gas-pressure-regulator\/#breadcrumb","itemListElement":[{"@type":"ListItem","position":1,"name":"Home","item":"https:\/\/equipmentcontrols.com\/"},{"@type":"ListItem","position":2,"name":"Shop","item":"https:\/\/equipmentcontrols.com\/shop\/"},{"@type":"ListItem","position":3,"name":"BelGAS P143 Gas Pressure Regulator"}]},{"@type":"WebSite","@id":"https:\/\/equipmentcontrols.com\/#website","url":"https:\/\/equipmentcontrols.com\/","name":"ECCO","description":"Compagnie de contr\u00f4le d&#039;\u00e9quipement","potentialAction":[{"@type":"SearchAction","target":{"@type":"EntryPoint","urlTemplate":"https:\/\/equipmentcontrols.com\/?s={search_term_string}"},"query-input":{"@type":"PropertyValueSpecification","valueRequired":true,"valueName":"search_term_string"}}],"inLanguage":"fr-CA"}]}},"_links":{"self":[{"href":"https:\/\/equipmentcontrols.com\/fr\/wp-json\/wp\/v2\/product\/2419","targetHints":{"allow":["GET"]}}],"collection":[{"href":"https:\/\/equipmentcontrols.com\/fr\/wp-json\/wp\/v2\/product"}],"about":[{"href":"https:\/\/equipmentcontrols.com\/fr\/wp-json\/wp\/v2\/types\/product"}],"wp:featuredmedia":[{"embeddable":true,"href":"https:\/\/equipmentcontrols.com\/fr\/wp-json\/wp\/v2\/media\/2418"}],"wp:attachment":[{"href":"https:\/\/equipmentcontrols.com\/fr\/wp-json\/wp\/v2\/media?parent=2419"}],"wp:term":[{"taxonomy":"product_brand","embeddable":true,"href":"https:\/\/equipmentcontrols.com\/fr\/wp-json\/wp\/v2\/product_brand?post=2419"},{"taxonomy":"product_cat","embeddable":true,"href":"https:\/\/equipmentcontrols.com\/fr\/wp-json\/wp\/v2\/product_cat?post=2419"},{"taxonomy":"product_tag","embeddable":true,"href":"https:\/\/equipmentcontrols.com\/fr\/wp-json\/wp\/v2\/product_tag?post=2419"}],"curies":[{"name":"wp","href":"https:\/\/api.w.org\/{rel}","templated":true}]}}