{"id":2310,"date":"2021-11-04T16:01:24","date_gmt":"2021-11-04T16:01:24","guid":{"rendered":"https:\/\/eccowebsite.wpenginepowered.com\/?post_type=product&#038;p=2310"},"modified":"2023-08-22T13:12:34","modified_gmt":"2023-08-22T13:12:34","slug":"eagle-mpplus-ii-series-volume-corrector","status":"publish","type":"product","link":"https:\/\/equipmentcontrols.com\/fr\/produit\/eagle-mpplus-ii-series-volume-corrector\/","title":{"rendered":"EAGLE RESEARCH CORPORATION\u00ae MPplus II Series\u2122 Correcteur de volume"},"content":{"rendered":"<p>Le correcteur de volume MPplus II MVC combine un processeur ultra-basse consommation et un transducteur num\u00e9rique de haute pr\u00e9cision, ce qui en fait le correcteur le plus pr\u00e9cis produit par EAGLE RESEARCH CORPORATION\u00ae.<\/p>\n<p>Le MPplus II MVC est la solution parfaite pour les entreprises de distribution de gaz naturel qui recherchent un correcteur compact, robuste et convivial pour r\u00e9pondre \u00e0 leurs besoins de mesure. Le MVC commence par le tout nouveau processeur Ultra-Low Power d&#039;EAGLES contenu dans un bo\u00eetier en polycarbonate l\u00e9ger et adapt\u00e9 \u00e0 l&#039;ext\u00e9rieur avec un loquet verrouillable \u00e0 d\u00e9gagement rapide. Le MVC est dot\u00e9 d&#039;un grand \u00e9cran LCD facile \u00e0 lire avec indicateur d&#039;alarme clignotant et interrupteur de d\u00e9filement magn\u00e9tique inclus. Un pav\u00e9 de d\u00e9filement en option pour la navigation dans les param\u00e8tres et l&#039;acquittement des alarmes est \u00e9galement disponible. La conception de l&#039;indice vertical composite (CVI) permet une s\u00e9lection facile des rotations du compteur CW ou CCW. Le CVI est \u00e9galement disponible en versions bidirectionnelles pour les conditions d&#039;\u00e9coulement direct et inverse.<\/p>\n<p><strong>APPLICATIONS:<\/strong><\/p>\n<ul>\n<li>Compteurs \u00e0 d\u00e9placement positif<\/li>\n<li>Int\u00e9grit\u00e9 du transfert de garde<\/li>\n<li>Comptage commercial et industriel<\/li>\n<li>Compatibilit\u00e9 AMR\/AMI<\/li>\n<li>Versions d&#039;accumulateur de volume\/d&#039;impulsions<\/li>\n<li>Mesure \u00e0 ultrasons<\/li>\n<li>Comptage commercial et industriel<\/li>\n<\/ul>\n<p><strong>T\u00e9l\u00e9charger:<\/strong><br \/>\n<a href=\"https:\/\/equipmentcontrols.com\/wp-content\/uploads\/2021\/11\/Eagle-MpPlus-II-Bulletin.pdf\">Bulletin correcteur de volume EAGLE MPplusII Series\u2122<\/a><\/p>","protected":false},"excerpt":{"rendered":"<p>Intelligent, compact, rugged, and reliable..the perfect solution for natural gas distribution companies who need a robust, user-friendly corrector for their measurement needs.<\/p>","protected":false},"featured_media":2308,"template":"","meta":[],"product_brand":[],"product_cat":[49,23],"product_tag":[151,150,152,89,86],"class_list":{"0":"post-2310","1":"product","2":"type-product","3":"status-publish","4":"has-post-thumbnail","6":"product_cat-eagle-research-corporation","7":"product_cat-instrumentation","8":"product_tag-eagle-mpplus","9":"product_tag-eagle-natural-gas","10":"product_tag-eagle-volume-corrector","11":"product_tag-natural-gas-measurement","12":"product_tag-volume-corrector","14":"first","15":"instock","16":"shipping-taxable","17":"product-type-simple"},"yoast_head":"<!-- This site is optimized with the Yoast SEO Premium plugin v23.9 (Yoast SEO v27.3) - https:\/\/yoast.com\/product\/yoast-seo-premium-wordpress\/ -->\n<title>EAGLE RESEARCH CORPORATION\u00ae MPplus II Series\u2122 Volume Corrector - ECCO<\/title>\n<meta name=\"description\" content=\"Eagle MPplus series MVC Volume Corrector is a solution for natural gas distribution companies who need a user-friendly corrector for measurement.\" \/>\n<meta name=\"robots\" content=\"index, follow, max-snippet:-1, max-image-preview:large, max-video-preview:-1\" \/>\n<link rel=\"canonical\" href=\"https:\/\/equipmentcontrols.com\/fr\/produit\/eagle-mpplus-ii-series-volume-corrector\/\" \/>\n<meta property=\"og:locale\" content=\"fr_CA\" \/>\n<meta property=\"og:type\" content=\"article\" \/>\n<meta property=\"og:title\" content=\"EAGLE RESEARCH CORPORATION\u00ae MPplus II Series\u2122 Volume Corrector\" \/>\n<meta property=\"og:description\" content=\"Eagle MPplus series MVC Volume Corrector is a solution for natural gas distribution companies who need a user-friendly corrector for measurement.\" \/>\n<meta property=\"og:url\" content=\"https:\/\/equipmentcontrols.com\/fr\/produit\/eagle-mpplus-ii-series-volume-corrector\/\" \/>\n<meta property=\"og:site_name\" content=\"ECCO\" \/>\n<meta property=\"article:modified_time\" content=\"2023-08-22T13:12:34+00:00\" \/>\n<meta property=\"og:image\" content=\"https:\/\/equipmentcontrols.com\/wp-content\/uploads\/2021\/11\/MPplusIIVC.jpg\" \/>\n\t<meta property=\"og:image:width\" content=\"1200\" \/>\n\t<meta property=\"og:image:height\" content=\"1348\" \/>\n\t<meta property=\"og:image:type\" content=\"image\/jpeg\" \/>\n<meta name=\"twitter:card\" content=\"summary_large_image\" \/>\n<meta name=\"twitter:label1\" content=\"Estimation du temps de lecture\" \/>\n\t<meta name=\"twitter:data1\" content=\"1 minute\" \/>\n<script type=\"application\/ld+json\" class=\"yoast-schema-graph\">{\"@context\":\"https:\\\/\\\/schema.org\",\"@graph\":[{\"@type\":\"WebPage\",\"@id\":\"https:\\\/\\\/equipmentcontrols.com\\\/product\\\/eagle-mpplus-ii-series-volume-corrector\\\/\",\"url\":\"https:\\\/\\\/equipmentcontrols.com\\\/product\\\/eagle-mpplus-ii-series-volume-corrector\\\/\",\"name\":\"EAGLE RESEARCH CORPORATION\u00ae MPplus II Series\u2122 Volume Corrector - ECCO\",\"isPartOf\":{\"@id\":\"https:\\\/\\\/equipmentcontrols.com\\\/#website\"},\"primaryImageOfPage\":{\"@id\":\"https:\\\/\\\/equipmentcontrols.com\\\/product\\\/eagle-mpplus-ii-series-volume-corrector\\\/#primaryimage\"},\"image\":{\"@id\":\"https:\\\/\\\/equipmentcontrols.com\\\/product\\\/eagle-mpplus-ii-series-volume-corrector\\\/#primaryimage\"},\"thumbnailUrl\":\"https:\\\/\\\/equipmentcontrols.com\\\/wp-content\\\/uploads\\\/2021\\\/11\\\/MPplusIIVC.jpg\",\"datePublished\":\"2021-11-04T16:01:24+00:00\",\"dateModified\":\"2023-08-22T13:12:34+00:00\",\"description\":\"Eagle MPplus series MVC Volume Corrector is a solution for natural gas distribution companies who need a user-friendly corrector for measurement.\",\"breadcrumb\":{\"@id\":\"https:\\\/\\\/equipmentcontrols.com\\\/product\\\/eagle-mpplus-ii-series-volume-corrector\\\/#breadcrumb\"},\"inLanguage\":\"fr-CA\",\"potentialAction\":[{\"@type\":\"ReadAction\",\"target\":[\"https:\\\/\\\/equipmentcontrols.com\\\/product\\\/eagle-mpplus-ii-series-volume-corrector\\\/\"]}]},{\"@type\":\"ImageObject\",\"inLanguage\":\"fr-CA\",\"@id\":\"https:\\\/\\\/equipmentcontrols.com\\\/product\\\/eagle-mpplus-ii-series-volume-corrector\\\/#primaryimage\",\"url\":\"https:\\\/\\\/equipmentcontrols.com\\\/wp-content\\\/uploads\\\/2021\\\/11\\\/MPplusIIVC.jpg\",\"contentUrl\":\"https:\\\/\\\/equipmentcontrols.com\\\/wp-content\\\/uploads\\\/2021\\\/11\\\/MPplusIIVC.jpg\",\"width\":1200,\"height\":1348,\"caption\":\"MPplusIIVC\"},{\"@type\":\"BreadcrumbList\",\"@id\":\"https:\\\/\\\/equipmentcontrols.com\\\/product\\\/eagle-mpplus-ii-series-volume-corrector\\\/#breadcrumb\",\"itemListElement\":[{\"@type\":\"ListItem\",\"position\":1,\"name\":\"Home\",\"item\":\"https:\\\/\\\/equipmentcontrols.com\\\/\"},{\"@type\":\"ListItem\",\"position\":2,\"name\":\"Shop\",\"item\":\"https:\\\/\\\/equipmentcontrols.com\\\/shop\\\/\"},{\"@type\":\"ListItem\",\"position\":3,\"name\":\"EAGLE RESEARCH CORPORATION\u00ae MPplus II Series\u2122 Volume Corrector\"}]},{\"@type\":\"WebSite\",\"@id\":\"https:\\\/\\\/equipmentcontrols.com\\\/#website\",\"url\":\"https:\\\/\\\/equipmentcontrols.com\\\/\",\"name\":\"ECCO\",\"description\":\"Equipment Controls Company\",\"potentialAction\":[{\"@type\":\"SearchAction\",\"target\":{\"@type\":\"EntryPoint\",\"urlTemplate\":\"https:\\\/\\\/equipmentcontrols.com\\\/?s={search_term_string}\"},\"query-input\":{\"@type\":\"PropertyValueSpecification\",\"valueRequired\":true,\"valueName\":\"search_term_string\"}}],\"inLanguage\":\"fr-CA\"}]}<\/script>\n<!-- \/ Yoast SEO Premium plugin. -->","yoast_head_json":{"title":"EAGLE RESEARCH CORPORATION\u00ae MPplus II Series\u2122 Volume Corrector - ECCO","description":"Eagle MPplus series MVC Volume Corrector is a solution for natural gas distribution companies who need a user-friendly corrector for measurement.","robots":{"index":"index","follow":"follow","max-snippet":"max-snippet:-1","max-image-preview":"max-image-preview:large","max-video-preview":"max-video-preview:-1"},"canonical":"https:\/\/equipmentcontrols.com\/fr\/produit\/eagle-mpplus-ii-series-volume-corrector\/","og_locale":"fr_CA","og_type":"article","og_title":"EAGLE RESEARCH CORPORATION\u00ae MPplus II Series\u2122 Volume Corrector","og_description":"Eagle MPplus series MVC Volume Corrector is a solution for natural gas distribution companies who need a user-friendly corrector for measurement.","og_url":"https:\/\/equipmentcontrols.com\/fr\/produit\/eagle-mpplus-ii-series-volume-corrector\/","og_site_name":"ECCO","article_modified_time":"2023-08-22T13:12:34+00:00","og_image":[{"width":1200,"height":1348,"url":"https:\/\/equipmentcontrols.com\/wp-content\/uploads\/2021\/11\/MPplusIIVC.jpg","type":"image\/jpeg"}],"twitter_card":"summary_large_image","twitter_misc":{"Estimation du temps de lecture":"1 minute"},"schema":{"@context":"https:\/\/schema.org","@graph":[{"@type":"WebPage","@id":"https:\/\/equipmentcontrols.com\/product\/eagle-mpplus-ii-series-volume-corrector\/","url":"https:\/\/equipmentcontrols.com\/product\/eagle-mpplus-ii-series-volume-corrector\/","name":"EAGLE RESEARCH CORPORATION\u00ae MPplus II Series\u2122 Volume Corrector - ECCO","isPartOf":{"@id":"https:\/\/equipmentcontrols.com\/#website"},"primaryImageOfPage":{"@id":"https:\/\/equipmentcontrols.com\/product\/eagle-mpplus-ii-series-volume-corrector\/#primaryimage"},"image":{"@id":"https:\/\/equipmentcontrols.com\/product\/eagle-mpplus-ii-series-volume-corrector\/#primaryimage"},"thumbnailUrl":"https:\/\/equipmentcontrols.com\/wp-content\/uploads\/2021\/11\/MPplusIIVC.jpg","datePublished":"2021-11-04T16:01:24+00:00","dateModified":"2023-08-22T13:12:34+00:00","description":"Eagle MPplus series MVC Volume Corrector is a solution for natural gas distribution companies who need a user-friendly corrector for measurement.","breadcrumb":{"@id":"https:\/\/equipmentcontrols.com\/product\/eagle-mpplus-ii-series-volume-corrector\/#breadcrumb"},"inLanguage":"fr-CA","potentialAction":[{"@type":"ReadAction","target":["https:\/\/equipmentcontrols.com\/product\/eagle-mpplus-ii-series-volume-corrector\/"]}]},{"@type":"ImageObject","inLanguage":"fr-CA","@id":"https:\/\/equipmentcontrols.com\/product\/eagle-mpplus-ii-series-volume-corrector\/#primaryimage","url":"https:\/\/equipmentcontrols.com\/wp-content\/uploads\/2021\/11\/MPplusIIVC.jpg","contentUrl":"https:\/\/equipmentcontrols.com\/wp-content\/uploads\/2021\/11\/MPplusIIVC.jpg","width":1200,"height":1348,"caption":"MPplusIIVC"},{"@type":"BreadcrumbList","@id":"https:\/\/equipmentcontrols.com\/product\/eagle-mpplus-ii-series-volume-corrector\/#breadcrumb","itemListElement":[{"@type":"ListItem","position":1,"name":"Home","item":"https:\/\/equipmentcontrols.com\/"},{"@type":"ListItem","position":2,"name":"Shop","item":"https:\/\/equipmentcontrols.com\/shop\/"},{"@type":"ListItem","position":3,"name":"EAGLE RESEARCH CORPORATION\u00ae MPplus II Series\u2122 Volume Corrector"}]},{"@type":"WebSite","@id":"https:\/\/equipmentcontrols.com\/#website","url":"https:\/\/equipmentcontrols.com\/","name":"ECCO","description":"Compagnie de contr\u00f4le d&#039;\u00e9quipement","potentialAction":[{"@type":"SearchAction","target":{"@type":"EntryPoint","urlTemplate":"https:\/\/equipmentcontrols.com\/?s={search_term_string}"},"query-input":{"@type":"PropertyValueSpecification","valueRequired":true,"valueName":"search_term_string"}}],"inLanguage":"fr-CA"}]}},"_links":{"self":[{"href":"https:\/\/equipmentcontrols.com\/fr\/wp-json\/wp\/v2\/product\/2310","targetHints":{"allow":["GET"]}}],"collection":[{"href":"https:\/\/equipmentcontrols.com\/fr\/wp-json\/wp\/v2\/product"}],"about":[{"href":"https:\/\/equipmentcontrols.com\/fr\/wp-json\/wp\/v2\/types\/product"}],"wp:featuredmedia":[{"embeddable":true,"href":"https:\/\/equipmentcontrols.com\/fr\/wp-json\/wp\/v2\/media\/2308"}],"wp:attachment":[{"href":"https:\/\/equipmentcontrols.com\/fr\/wp-json\/wp\/v2\/media?parent=2310"}],"wp:term":[{"taxonomy":"product_brand","embeddable":true,"href":"https:\/\/equipmentcontrols.com\/fr\/wp-json\/wp\/v2\/product_brand?post=2310"},{"taxonomy":"product_cat","embeddable":true,"href":"https:\/\/equipmentcontrols.com\/fr\/wp-json\/wp\/v2\/product_cat?post=2310"},{"taxonomy":"product_tag","embeddable":true,"href":"https:\/\/equipmentcontrols.com\/fr\/wp-json\/wp\/v2\/product_tag?post=2310"}],"curies":[{"name":"wp","href":"https:\/\/api.w.org\/{rel}","templated":true}]}}