{"id":1568,"date":"2020-05-28T16:47:41","date_gmt":"2020-05-28T16:47:41","guid":{"rendered":"https:\/\/eccowebsite.wpenginepowered.com\/?post_type=product&#038;p=1568"},"modified":"2024-01-31T16:53:06","modified_gmt":"2024-01-31T16:53:06","slug":"pf-dival-600","status":"publish","type":"product","link":"https:\/\/equipmentcontrols.com\/fr\/produit\/pf-dival-600\/","title":{"rendered":"PF Dival 600"},"content":{"rendered":"<p><strong>PF Dival 600 <\/strong><strong>R\u00e9gulateurs de pression de gaz \u00e0 action directe<\/strong><\/p>\n<div class=\"col-lg-8 col-md-8 col-sm-8 col-xs-12\">\n<p>Les r\u00e9gulateurs de pression Dival s\u00e9rie 600 sont des dispositifs \u00e0 action directe pour les applications \u00e0 basse et moyenne pression contr\u00f4l\u00e9s par un diaphragme et un contre-ressort.<\/p>\n<p>Ces r\u00e9gulateurs conviennent pour une utilisation avec des gaz non corrosifs pr\u00e9alablement filtr\u00e9s.<\/p>\n<p>La conception modulaire de la s\u00e9rie Dival 600 permet l&#039;ajout d&#039;un clapet de s\u00e9curit\u00e9 ou d&#039;un moniteur en ligne dans le m\u00eame corps sans modifier les dimensions face \u00e0 face.<\/p>\n<p>La conception \u00e0 entr\u00e9e par le haut permet un entretien p\u00e9riodique facile sans retirer le corps de la ligne.<\/p>\n<p>Les caract\u00e9ristiques des d\u00e9tendeurs Dival s\u00e9rie 600 en font un produit adapt\u00e9 \u00e0 toutes les applications. Le temps de r\u00e9ponse rapide le rend id\u00e9al pour les br\u00fbleurs ou les applications industrielles ou chaque fois que des changements soudains de d\u00e9bit font partie du processus. La haute pr\u00e9cision contre toute variation de pression d&#039;entr\u00e9e fait de la s\u00e9rie Dival 600 un produit optimal pour les syst\u00e8mes de district de gaz et les applications g\u00e9n\u00e9ralement non adapt\u00e9es aux r\u00e9gulateurs \u00e0 action directe.<\/p>\n<p>L&#039;entretien extr\u00eamement facile et le nombre r\u00e9duit de pi\u00e8ces entra\u00eenent une r\u00e9duction des d\u00e9penses d&#039;exploitation et de la main-d&#039;\u0153uvre.<\/p>\n<p><strong>Accessoires sur demande :<\/strong><br \/>\n\u2013 Silencieux<br \/>\n\u2013 Soupape de d\u00e9charge \u00e0 jeton<\/p>\n<p><strong>Traits:<\/strong><br \/>\n\u2022 Design pressure 290 PSIG for all the components<br \/>\n\u2022 Accuracy (AC): 5% of the pressure set-point for pressure increase; 15% for pressure decreasing<br \/>\n\u2022 Internal bypass<br \/>\n\u2022 Intervention for over pressure and\/or under pressure<br \/>\n\u2022 Commande manuelle \u00e0 bouton-poussoir<br \/>\n\u2022 Options for pneumatic or electromagnetic remote control<br \/>\n\u2022 Compact overall dimensions<br \/>\n\u2022 Easy maintenance<br \/>\n\u2022 Possibility of application of devices for remote signal (contact or inductive microswitches)<\/p>\n<\/div>\n<p><strong>Fonctionnalit\u00e9s<\/strong><br \/>\nDonn\u00e9es techniques<br \/>\n\u2022 Pression de calcul PS\u00a0: corps en fonte ductile 246\u00a0PSIG pour corps en acier 275\u00a0PSIG<br \/>\n\u2022 Temp\u00e9rature de conception\u00a0: -4\u00a0\u00b0F \u00e0 + 140\u00a0\u00b0F<br \/>\n\u2022 Temp\u00e9rature ambiante\u00a0: -4\u00a0\u00b0F \u00e0 + 140\u00a0\u00b0F<br \/>\n\u2022 Pression d&#039;entr\u00e9e maximale Pu\u00a0: 290 PSIG versions filet\u00e9es en acier<br \/>\n\u2022 Plage de pression de sortie de Wd\u00a0:<br \/>\n-Taille 1&quot; : 5&quot; WC \u00e0 4,9 PSIG pour la t\u00eate de commande BP\/MP 4 PSIG \u00e0 63,8 PSIG pour la t\u00eate de commande TR<br \/>\n-Taille 1 1\/2&quot; \u2013 2&quot;: 5&quot;WC \u00e0 34&quot; WC pour t\u00eate de commande BP BP 32 WC \u00e0 4,9 PSIG pour t\u00eate de commande MP, 4,3 PSIG \u00e0 60,9 PSIG pour t\u00eate de commande TR<br \/>\n\u2022 Classe de pr\u00e9cision AC\u00a0: jusqu&#039;\u00e0 5<br \/>\n\u2022 Classe de pression de blocage SG\u00a0: jusqu&#039;\u00e0 10<br \/>\n\u2022 Grandeur disponible : 1\u201d \u2013 1 1\/2\u201d \u2013 2\u201d<br \/>\n\u2022 Brides : classe PN 16\/25 selon ISO 7005-1, ISO 7005-2 ; classe ANSI 150RF selon ANSI B16.5, ASME B16.42 et classe ANSI 125 FF selon ASME B16.1<br \/>\n\u2022 Raccords filet\u00e9s\u00a0: taille\u00a02\u00a0po\u00a0NPT ASME\u00a0B1.20.1 (uniquement disponible dans le corps en acier)<\/p>\n<p><strong>T\u00e9l\u00e9chargements\u00a0:<\/strong><br \/>\n<a title=\"Manuel technique Dival 160 Ap (ENG-ITA)\" href=\"https:\/\/equipmentcontrols.com\/wp-content\/uploads\/2022\/01\/PF-Dival-600-Brochure-ECCO-01.25.22.pdf\" target=\"_blank\" rel=\"noopener noreferrer\">PF Dival 600 Brochure<\/a><br \/>\n<a href=\"https:\/\/equipmentcontrols.com\/wp-content\/uploads\/2023\/04\/PF-Dival-600-Flyer-04.17.23.pdf\">PF Dival 600 Flyer<\/a><\/p>","protected":false},"excerpt":{"rendered":"<p>PF Dival 600 Direct-Acting Gas Pressure Regulators Dival 600 series pressure regulators are direct acting devices for low and medium pressure applications controlled by a diaphragm and counter spring. These regulators are suitable for use with previously filtered, non corrosive gases. The modular design of the Dival 600 series allows for the addition of a [&hellip;]<\/p>\n","protected":false},"featured_media":1571,"template":"","meta":[],"product_brand":[],"product_cat":[20,139,46],"product_tag":[90,199,198,120],"class_list":{"0":"post-1568","1":"product","2":"type-product","3":"status-publish","4":"has-post-thumbnail","6":"product_cat-gas-regulators","7":"product_cat-hydrogen-ready-pressure-products","8":"product_cat-pietro-fiorentini","9":"product_tag-direct-acting-gas-pressure-regulator","10":"product_tag-divall-600","11":"product_tag-pf-dival","12":"product_tag-pietro-fiorentini","14":"first","15":"instock","16":"shipping-taxable","17":"product-type-simple"},"yoast_head":"<!-- This site is optimized with the Yoast SEO Premium plugin v23.9 (Yoast SEO v27.3) - https:\/\/yoast.com\/product\/yoast-seo-premium-wordpress\/ -->\n<title>PF Dival 600 - ECCO<\/title>\n<meta name=\"description\" content=\"The PF DIVAL 500 series of spring loaded, diaphragm controlled balanced plug gas regulators are suitable for low, medium and high pressure.\" \/>\n<meta name=\"robots\" content=\"index, follow, max-snippet:-1, max-image-preview:large, max-video-preview:-1\" \/>\n<link rel=\"canonical\" href=\"https:\/\/equipmentcontrols.com\/fr\/produit\/pf-dival-600\/\" \/>\n<meta property=\"og:locale\" content=\"fr_CA\" \/>\n<meta property=\"og:type\" content=\"article\" \/>\n<meta property=\"og:title\" content=\"PF Dival 600\" \/>\n<meta property=\"og:description\" content=\"The PF DIVAL 500 series of spring loaded, diaphragm controlled balanced plug gas regulators are suitable for low, medium and high pressure.\" \/>\n<meta property=\"og:url\" content=\"https:\/\/equipmentcontrols.com\/fr\/produit\/pf-dival-600\/\" \/>\n<meta property=\"og:site_name\" content=\"ECCO\" \/>\n<meta property=\"article:modified_time\" content=\"2024-01-31T16:53:06+00:00\" \/>\n<meta property=\"og:image\" content=\"https:\/\/equipmentcontrols.com\/wp-content\/uploads\/2020\/04\/Dival600.jpeg\" \/>\n\t<meta property=\"og:image:width\" content=\"860\" \/>\n\t<meta property=\"og:image:height\" content=\"860\" \/>\n\t<meta property=\"og:image:type\" content=\"image\/jpeg\" \/>\n<meta name=\"twitter:card\" content=\"summary_large_image\" \/>\n<meta name=\"twitter:label1\" content=\"Estimation du temps de lecture\" \/>\n\t<meta name=\"twitter:data1\" content=\"3 minutes\" \/>\n<script type=\"application\/ld+json\" class=\"yoast-schema-graph\">{\"@context\":\"https:\\\/\\\/schema.org\",\"@graph\":[{\"@type\":\"WebPage\",\"@id\":\"https:\\\/\\\/equipmentcontrols.com\\\/product\\\/pf-dival-600\\\/\",\"url\":\"https:\\\/\\\/equipmentcontrols.com\\\/product\\\/pf-dival-600\\\/\",\"name\":\"PF Dival 600 - ECCO\",\"isPartOf\":{\"@id\":\"https:\\\/\\\/equipmentcontrols.com\\\/#website\"},\"primaryImageOfPage\":{\"@id\":\"https:\\\/\\\/equipmentcontrols.com\\\/product\\\/pf-dival-600\\\/#primaryimage\"},\"image\":{\"@id\":\"https:\\\/\\\/equipmentcontrols.com\\\/product\\\/pf-dival-600\\\/#primaryimage\"},\"thumbnailUrl\":\"https:\\\/\\\/equipmentcontrols.com\\\/wp-content\\\/uploads\\\/2020\\\/04\\\/Dival600.jpeg\",\"datePublished\":\"2020-05-28T16:47:41+00:00\",\"dateModified\":\"2024-01-31T16:53:06+00:00\",\"description\":\"The PF DIVAL 500 series of spring loaded, diaphragm controlled balanced plug gas regulators are suitable for low, medium and high pressure.\",\"breadcrumb\":{\"@id\":\"https:\\\/\\\/equipmentcontrols.com\\\/product\\\/pf-dival-600\\\/#breadcrumb\"},\"inLanguage\":\"fr-CA\",\"potentialAction\":[{\"@type\":\"ReadAction\",\"target\":[\"https:\\\/\\\/equipmentcontrols.com\\\/product\\\/pf-dival-600\\\/\"]}]},{\"@type\":\"ImageObject\",\"inLanguage\":\"fr-CA\",\"@id\":\"https:\\\/\\\/equipmentcontrols.com\\\/product\\\/pf-dival-600\\\/#primaryimage\",\"url\":\"https:\\\/\\\/equipmentcontrols.com\\\/wp-content\\\/uploads\\\/2020\\\/04\\\/Dival600.jpeg\",\"contentUrl\":\"https:\\\/\\\/equipmentcontrols.com\\\/wp-content\\\/uploads\\\/2020\\\/04\\\/Dival600.jpeg\",\"width\":860,\"height\":860,\"caption\":\"Dival 600\"},{\"@type\":\"BreadcrumbList\",\"@id\":\"https:\\\/\\\/equipmentcontrols.com\\\/product\\\/pf-dival-600\\\/#breadcrumb\",\"itemListElement\":[{\"@type\":\"ListItem\",\"position\":1,\"name\":\"Home\",\"item\":\"https:\\\/\\\/equipmentcontrols.com\\\/\"},{\"@type\":\"ListItem\",\"position\":2,\"name\":\"Shop\",\"item\":\"https:\\\/\\\/equipmentcontrols.com\\\/shop\\\/\"},{\"@type\":\"ListItem\",\"position\":3,\"name\":\"PF Dival 600\"}]},{\"@type\":\"WebSite\",\"@id\":\"https:\\\/\\\/equipmentcontrols.com\\\/#website\",\"url\":\"https:\\\/\\\/equipmentcontrols.com\\\/\",\"name\":\"ECCO\",\"description\":\"Equipment Controls Company\",\"potentialAction\":[{\"@type\":\"SearchAction\",\"target\":{\"@type\":\"EntryPoint\",\"urlTemplate\":\"https:\\\/\\\/equipmentcontrols.com\\\/?s={search_term_string}\"},\"query-input\":{\"@type\":\"PropertyValueSpecification\",\"valueRequired\":true,\"valueName\":\"search_term_string\"}}],\"inLanguage\":\"fr-CA\"}]}<\/script>\n<!-- \/ Yoast SEO Premium plugin. -->","yoast_head_json":{"title":"PF Dival 600 - ECCO","description":"The PF DIVAL 500 series of spring loaded, diaphragm controlled balanced plug gas regulators are suitable for low, medium and high pressure.","robots":{"index":"index","follow":"follow","max-snippet":"max-snippet:-1","max-image-preview":"max-image-preview:large","max-video-preview":"max-video-preview:-1"},"canonical":"https:\/\/equipmentcontrols.com\/fr\/produit\/pf-dival-600\/","og_locale":"fr_CA","og_type":"article","og_title":"PF Dival 600","og_description":"The PF DIVAL 500 series of spring loaded, diaphragm controlled balanced plug gas regulators are suitable for low, medium and high pressure.","og_url":"https:\/\/equipmentcontrols.com\/fr\/produit\/pf-dival-600\/","og_site_name":"ECCO","article_modified_time":"2024-01-31T16:53:06+00:00","og_image":[{"width":860,"height":860,"url":"https:\/\/equipmentcontrols.com\/wp-content\/uploads\/2020\/04\/Dival600.jpeg","type":"image\/jpeg"}],"twitter_card":"summary_large_image","twitter_misc":{"Estimation du temps de lecture":"3 minutes"},"schema":{"@context":"https:\/\/schema.org","@graph":[{"@type":"WebPage","@id":"https:\/\/equipmentcontrols.com\/product\/pf-dival-600\/","url":"https:\/\/equipmentcontrols.com\/product\/pf-dival-600\/","name":"PF Dival 600 - ECCO","isPartOf":{"@id":"https:\/\/equipmentcontrols.com\/#website"},"primaryImageOfPage":{"@id":"https:\/\/equipmentcontrols.com\/product\/pf-dival-600\/#primaryimage"},"image":{"@id":"https:\/\/equipmentcontrols.com\/product\/pf-dival-600\/#primaryimage"},"thumbnailUrl":"https:\/\/equipmentcontrols.com\/wp-content\/uploads\/2020\/04\/Dival600.jpeg","datePublished":"2020-05-28T16:47:41+00:00","dateModified":"2024-01-31T16:53:06+00:00","description":"The PF DIVAL 500 series of spring loaded, diaphragm controlled balanced plug gas regulators are suitable for low, medium and high pressure.","breadcrumb":{"@id":"https:\/\/equipmentcontrols.com\/product\/pf-dival-600\/#breadcrumb"},"inLanguage":"fr-CA","potentialAction":[{"@type":"ReadAction","target":["https:\/\/equipmentcontrols.com\/product\/pf-dival-600\/"]}]},{"@type":"ImageObject","inLanguage":"fr-CA","@id":"https:\/\/equipmentcontrols.com\/product\/pf-dival-600\/#primaryimage","url":"https:\/\/equipmentcontrols.com\/wp-content\/uploads\/2020\/04\/Dival600.jpeg","contentUrl":"https:\/\/equipmentcontrols.com\/wp-content\/uploads\/2020\/04\/Dival600.jpeg","width":860,"height":860,"caption":"Dival 600"},{"@type":"BreadcrumbList","@id":"https:\/\/equipmentcontrols.com\/product\/pf-dival-600\/#breadcrumb","itemListElement":[{"@type":"ListItem","position":1,"name":"Home","item":"https:\/\/equipmentcontrols.com\/"},{"@type":"ListItem","position":2,"name":"Shop","item":"https:\/\/equipmentcontrols.com\/shop\/"},{"@type":"ListItem","position":3,"name":"PF Dival 600"}]},{"@type":"WebSite","@id":"https:\/\/equipmentcontrols.com\/#website","url":"https:\/\/equipmentcontrols.com\/","name":"ECCO","description":"Compagnie de contr\u00f4le d&#039;\u00e9quipement","potentialAction":[{"@type":"SearchAction","target":{"@type":"EntryPoint","urlTemplate":"https:\/\/equipmentcontrols.com\/?s={search_term_string}"},"query-input":{"@type":"PropertyValueSpecification","valueRequired":true,"valueName":"search_term_string"}}],"inLanguage":"fr-CA"}]}},"_links":{"self":[{"href":"https:\/\/equipmentcontrols.com\/fr\/wp-json\/wp\/v2\/product\/1568","targetHints":{"allow":["GET"]}}],"collection":[{"href":"https:\/\/equipmentcontrols.com\/fr\/wp-json\/wp\/v2\/product"}],"about":[{"href":"https:\/\/equipmentcontrols.com\/fr\/wp-json\/wp\/v2\/types\/product"}],"wp:featuredmedia":[{"embeddable":true,"href":"https:\/\/equipmentcontrols.com\/fr\/wp-json\/wp\/v2\/media\/1571"}],"wp:attachment":[{"href":"https:\/\/equipmentcontrols.com\/fr\/wp-json\/wp\/v2\/media?parent=1568"}],"wp:term":[{"taxonomy":"product_brand","embeddable":true,"href":"https:\/\/equipmentcontrols.com\/fr\/wp-json\/wp\/v2\/product_brand?post=1568"},{"taxonomy":"product_cat","embeddable":true,"href":"https:\/\/equipmentcontrols.com\/fr\/wp-json\/wp\/v2\/product_cat?post=1568"},{"taxonomy":"product_tag","embeddable":true,"href":"https:\/\/equipmentcontrols.com\/fr\/wp-json\/wp\/v2\/product_tag?post=1568"}],"curies":[{"name":"wp","href":"https:\/\/api.w.org\/{rel}","templated":true}]}}