{"id":1384,"date":"2020-05-13T14:58:14","date_gmt":"2020-05-13T14:58:14","guid":{"rendered":"https:\/\/econtrols.stagemysite.com\/?post_type=product&#038;p=1384"},"modified":"2022-09-07T19:22:34","modified_gmt":"2022-09-07T19:22:34","slug":"pvs-803-slam-shut","status":"publish","type":"product","link":"https:\/\/equipmentcontrols.com\/fr\/produit\/pvs-803-slam-shut\/","title":{"rendered":"PF PVS 803 Slam Shut"},"content":{"rendered":"<p><strong>PF PVS 803 Slam Shut <\/strong><\/p>\n<p>Les vannes de s\u00e9curit\u00e9 de type PVS sont des soupapes de s\u00fbret\u00e9 pilot\u00e9es dans lesquelles l&#039;ouverture et la fermeture du clapet principal sont command\u00e9es par un dispositif de pilotage tr\u00e8s sensible aux variations des pressions en ligne.<\/p>\n<p><strong>Les principales caract\u00e9ristiques de ce type de vanne \u00e0 clapet sont les suivantes\u00a0:<\/strong><br \/>\n\u2022 Tr\u00e8s grande pr\u00e9cision et rapidit\u00e9 d&#039;intervention (pression 2% uniquement) ;<br \/>\n\u2022 Etanch\u00e9it\u00e9 parfaite jusqu&#039;\u00e0 des pressions tr\u00e8s proches de la consigne (contrairement \u00e0 ce qui se passe pour les clapets \u00e0 ressort, l&#039;effort sur le boisseau de ce clapet de s\u00e9curit\u00e9 augmente \u00e0 l&#039;approche de la consigne) ;<br \/>\n\u2022 Taux de sortie \u00e9lev\u00e9 ;<br \/>\n\u2022 Dimensions r\u00e9duites ;<\/p>\n<p><strong>Champs d&#039;application:<\/strong><br \/>\n\u2022 Fluides non corrosifs : (air, oxyg\u00e8ne, azote, h\u00e9lium, hydrog\u00e8ne, m\u00e9thane, propane, butane, etc.)<br \/>\n\u2022 Plage d&#039;intervention : 1.5\u00f7 74 bars<br \/>\n\u2022 DN 50 (2&quot;) ; 80 (3\u00a0pouces)\u00a0; 100 (4\u00a0pouces)\u00a0; 150 (6&quot;)<br \/>\n\u2022 Bride\u00a0: Classe 150, 300, 600 (EN1759-1), PN16, PN 50, PN 100 (ISO 7005-1)<\/p>\n<p>&nbsp;<\/p>\n<p><strong>T\u00e9l\u00e9chargements\u00a0:<\/strong><br \/>\n<a title=\"Manuel technique Dival 160 Ap (ENG-ITA)\" href=\"https:\/\/equipmentcontrols.com\/wp-content\/uploads\/2020\/05\/2367_MT-226-I_PVS803.pdf\" target=\"_blank\" rel=\"noopener noreferrer\">Manuel d&#039;installation du clapet de s\u00e9curit\u00e9 PF PVS 803<\/a><\/p>\n<p><a href=\"https:\/\/equipmentcontrols.com\/wp-content\/uploads\/2020\/05\/1309_PVS803CT-s632EDec15.pdf\">Bulletin d&#039;arr\u00eat de s\u00e9curit\u00e9 PF PVS 803<\/a><\/p>\n<p><a title=\"Manuel technique Dival 160 Ap (ENG-ITA)\" href=\"https:\/\/equipmentcontrols.com\/wp-content\/uploads\/2020\/05\/2396_PVS-803-PTs527-January-17-A4.pdf\" target=\"_blank\" rel=\"noopener noreferrer\">PF PVS 803 Slam Shut Poster<\/a><\/p>\n<p>&nbsp;<\/p>","protected":false},"excerpt":{"rendered":"<p>PF PVS 803 Slam Shut PVS type slam shut valves are pilot-operated relief valves in which the opening and the closing of the main plug is controlled by a pilot device which is very sensitive to the variations of the in-line pressures. The main features of such type of slam shut valve are the following: [&hellip;]<\/p>\n","protected":false},"featured_media":1395,"template":"","meta":[],"product_brand":[],"product_cat":[46,59],"product_tag":[93,92],"class_list":{"0":"post-1384","1":"product","2":"type-product","3":"status-publish","4":"has-post-thumbnail","6":"product_cat-pietro-fiorentini","7":"product_cat-safety-devices","8":"product_tag-pilot-operated-relief-valves","9":"product_tag-slam-shut-valves","11":"first","12":"instock","13":"shipping-taxable","14":"product-type-simple"},"yoast_head":"<!-- This site is optimized with the Yoast SEO Premium plugin v23.9 (Yoast SEO v27.3) - https:\/\/yoast.com\/product\/yoast-seo-premium-wordpress\/ -->\n<title>PF PVS 803 Slam Shut - ECCO<\/title>\n<meta name=\"description\" content=\"The PF PVS type slam shut valves are pilot-operated relief valves in which the opening and the closing of the main plug is controlled by a pilot device which is very sensitive to the variations of the in-line pressures.\" \/>\n<meta name=\"robots\" content=\"index, follow, max-snippet:-1, max-image-preview:large, max-video-preview:-1\" \/>\n<link rel=\"canonical\" href=\"https:\/\/equipmentcontrols.com\/fr\/produit\/pvs-803-slam-shut\/\" \/>\n<meta property=\"og:locale\" content=\"fr_CA\" \/>\n<meta property=\"og:type\" content=\"article\" \/>\n<meta property=\"og:title\" content=\"PF PVS 803 Slam Shut\" \/>\n<meta property=\"og:description\" content=\"The PF PVS type slam shut valves are pilot-operated relief valves in which the opening and the closing of the main plug is controlled by a pilot device which is very sensitive to the variations of the in-line pressures.\" \/>\n<meta property=\"og:url\" content=\"https:\/\/equipmentcontrols.com\/fr\/produit\/pvs-803-slam-shut\/\" \/>\n<meta property=\"og:site_name\" content=\"ECCO\" \/>\n<meta property=\"article:modified_time\" content=\"2022-09-07T19:22:34+00:00\" \/>\n<meta property=\"og:image\" content=\"https:\/\/equipmentcontrols.com\/wp-content\/uploads\/2020\/05\/PF-PVS-803.jpg\" \/>\n\t<meta property=\"og:image:width\" content=\"860\" \/>\n\t<meta property=\"og:image:height\" content=\"860\" \/>\n\t<meta property=\"og:image:type\" content=\"image\/jpeg\" \/>\n<meta name=\"twitter:card\" content=\"summary_large_image\" \/>\n<meta name=\"twitter:label1\" content=\"Estimation du temps de lecture\" \/>\n\t<meta name=\"twitter:data1\" content=\"1 minute\" \/>\n<script type=\"application\/ld+json\" class=\"yoast-schema-graph\">{\"@context\":\"https:\\\/\\\/schema.org\",\"@graph\":[{\"@type\":\"WebPage\",\"@id\":\"https:\\\/\\\/equipmentcontrols.com\\\/product\\\/pvs-803-slam-shut\\\/\",\"url\":\"https:\\\/\\\/equipmentcontrols.com\\\/product\\\/pvs-803-slam-shut\\\/\",\"name\":\"PF PVS 803 Slam Shut - ECCO\",\"isPartOf\":{\"@id\":\"https:\\\/\\\/equipmentcontrols.com\\\/#website\"},\"primaryImageOfPage\":{\"@id\":\"https:\\\/\\\/equipmentcontrols.com\\\/product\\\/pvs-803-slam-shut\\\/#primaryimage\"},\"image\":{\"@id\":\"https:\\\/\\\/equipmentcontrols.com\\\/product\\\/pvs-803-slam-shut\\\/#primaryimage\"},\"thumbnailUrl\":\"https:\\\/\\\/equipmentcontrols.com\\\/wp-content\\\/uploads\\\/2020\\\/05\\\/PF-PVS-803.jpg\",\"datePublished\":\"2020-05-13T14:58:14+00:00\",\"dateModified\":\"2022-09-07T19:22:34+00:00\",\"description\":\"The PF PVS type slam shut valves are pilot-operated relief valves in which the opening and the closing of the main plug is controlled by a pilot device which is very sensitive to the variations of the in-line pressures.\",\"breadcrumb\":{\"@id\":\"https:\\\/\\\/equipmentcontrols.com\\\/product\\\/pvs-803-slam-shut\\\/#breadcrumb\"},\"inLanguage\":\"fr-CA\",\"potentialAction\":[{\"@type\":\"ReadAction\",\"target\":[\"https:\\\/\\\/equipmentcontrols.com\\\/product\\\/pvs-803-slam-shut\\\/\"]}]},{\"@type\":\"ImageObject\",\"inLanguage\":\"fr-CA\",\"@id\":\"https:\\\/\\\/equipmentcontrols.com\\\/product\\\/pvs-803-slam-shut\\\/#primaryimage\",\"url\":\"https:\\\/\\\/equipmentcontrols.com\\\/wp-content\\\/uploads\\\/2020\\\/05\\\/PF-PVS-803.jpg\",\"contentUrl\":\"https:\\\/\\\/equipmentcontrols.com\\\/wp-content\\\/uploads\\\/2020\\\/05\\\/PF-PVS-803.jpg\",\"width\":860,\"height\":860,\"caption\":\"PF-PVS 803\"},{\"@type\":\"BreadcrumbList\",\"@id\":\"https:\\\/\\\/equipmentcontrols.com\\\/product\\\/pvs-803-slam-shut\\\/#breadcrumb\",\"itemListElement\":[{\"@type\":\"ListItem\",\"position\":1,\"name\":\"Home\",\"item\":\"https:\\\/\\\/equipmentcontrols.com\\\/\"},{\"@type\":\"ListItem\",\"position\":2,\"name\":\"Shop\",\"item\":\"https:\\\/\\\/equipmentcontrols.com\\\/shop\\\/\"},{\"@type\":\"ListItem\",\"position\":3,\"name\":\"PF PVS 803 Slam Shut\"}]},{\"@type\":\"WebSite\",\"@id\":\"https:\\\/\\\/equipmentcontrols.com\\\/#website\",\"url\":\"https:\\\/\\\/equipmentcontrols.com\\\/\",\"name\":\"ECCO\",\"description\":\"Equipment Controls Company\",\"potentialAction\":[{\"@type\":\"SearchAction\",\"target\":{\"@type\":\"EntryPoint\",\"urlTemplate\":\"https:\\\/\\\/equipmentcontrols.com\\\/?s={search_term_string}\"},\"query-input\":{\"@type\":\"PropertyValueSpecification\",\"valueRequired\":true,\"valueName\":\"search_term_string\"}}],\"inLanguage\":\"fr-CA\"}]}<\/script>\n<!-- \/ Yoast SEO Premium plugin. -->","yoast_head_json":{"title":"PF PVS 803 Slam Shut - ECCO","description":"The PF PVS type slam shut valves are pilot-operated relief valves in which the opening and the closing of the main plug is controlled by a pilot device which is very sensitive to the variations of the in-line pressures.","robots":{"index":"index","follow":"follow","max-snippet":"max-snippet:-1","max-image-preview":"max-image-preview:large","max-video-preview":"max-video-preview:-1"},"canonical":"https:\/\/equipmentcontrols.com\/fr\/produit\/pvs-803-slam-shut\/","og_locale":"fr_CA","og_type":"article","og_title":"PF PVS 803 Slam Shut","og_description":"The PF PVS type slam shut valves are pilot-operated relief valves in which the opening and the closing of the main plug is controlled by a pilot device which is very sensitive to the variations of the in-line pressures.","og_url":"https:\/\/equipmentcontrols.com\/fr\/produit\/pvs-803-slam-shut\/","og_site_name":"ECCO","article_modified_time":"2022-09-07T19:22:34+00:00","og_image":[{"width":860,"height":860,"url":"https:\/\/equipmentcontrols.com\/wp-content\/uploads\/2020\/05\/PF-PVS-803.jpg","type":"image\/jpeg"}],"twitter_card":"summary_large_image","twitter_misc":{"Estimation du temps de lecture":"1 minute"},"schema":{"@context":"https:\/\/schema.org","@graph":[{"@type":"WebPage","@id":"https:\/\/equipmentcontrols.com\/product\/pvs-803-slam-shut\/","url":"https:\/\/equipmentcontrols.com\/product\/pvs-803-slam-shut\/","name":"PF PVS 803 Slam Shut - ECCO","isPartOf":{"@id":"https:\/\/equipmentcontrols.com\/#website"},"primaryImageOfPage":{"@id":"https:\/\/equipmentcontrols.com\/product\/pvs-803-slam-shut\/#primaryimage"},"image":{"@id":"https:\/\/equipmentcontrols.com\/product\/pvs-803-slam-shut\/#primaryimage"},"thumbnailUrl":"https:\/\/equipmentcontrols.com\/wp-content\/uploads\/2020\/05\/PF-PVS-803.jpg","datePublished":"2020-05-13T14:58:14+00:00","dateModified":"2022-09-07T19:22:34+00:00","description":"The PF PVS type slam shut valves are pilot-operated relief valves in which the opening and the closing of the main plug is controlled by a pilot device which is very sensitive to the variations of the in-line pressures.","breadcrumb":{"@id":"https:\/\/equipmentcontrols.com\/product\/pvs-803-slam-shut\/#breadcrumb"},"inLanguage":"fr-CA","potentialAction":[{"@type":"ReadAction","target":["https:\/\/equipmentcontrols.com\/product\/pvs-803-slam-shut\/"]}]},{"@type":"ImageObject","inLanguage":"fr-CA","@id":"https:\/\/equipmentcontrols.com\/product\/pvs-803-slam-shut\/#primaryimage","url":"https:\/\/equipmentcontrols.com\/wp-content\/uploads\/2020\/05\/PF-PVS-803.jpg","contentUrl":"https:\/\/equipmentcontrols.com\/wp-content\/uploads\/2020\/05\/PF-PVS-803.jpg","width":860,"height":860,"caption":"PF-PVS 803"},{"@type":"BreadcrumbList","@id":"https:\/\/equipmentcontrols.com\/product\/pvs-803-slam-shut\/#breadcrumb","itemListElement":[{"@type":"ListItem","position":1,"name":"Home","item":"https:\/\/equipmentcontrols.com\/"},{"@type":"ListItem","position":2,"name":"Shop","item":"https:\/\/equipmentcontrols.com\/shop\/"},{"@type":"ListItem","position":3,"name":"PF PVS 803 Slam Shut"}]},{"@type":"WebSite","@id":"https:\/\/equipmentcontrols.com\/#website","url":"https:\/\/equipmentcontrols.com\/","name":"ECCO","description":"Compagnie de contr\u00f4le d&#039;\u00e9quipement","potentialAction":[{"@type":"SearchAction","target":{"@type":"EntryPoint","urlTemplate":"https:\/\/equipmentcontrols.com\/?s={search_term_string}"},"query-input":{"@type":"PropertyValueSpecification","valueRequired":true,"valueName":"search_term_string"}}],"inLanguage":"fr-CA"}]}},"_links":{"self":[{"href":"https:\/\/equipmentcontrols.com\/fr\/wp-json\/wp\/v2\/product\/1384","targetHints":{"allow":["GET"]}}],"collection":[{"href":"https:\/\/equipmentcontrols.com\/fr\/wp-json\/wp\/v2\/product"}],"about":[{"href":"https:\/\/equipmentcontrols.com\/fr\/wp-json\/wp\/v2\/types\/product"}],"wp:featuredmedia":[{"embeddable":true,"href":"https:\/\/equipmentcontrols.com\/fr\/wp-json\/wp\/v2\/media\/1395"}],"wp:attachment":[{"href":"https:\/\/equipmentcontrols.com\/fr\/wp-json\/wp\/v2\/media?parent=1384"}],"wp:term":[{"taxonomy":"product_brand","embeddable":true,"href":"https:\/\/equipmentcontrols.com\/fr\/wp-json\/wp\/v2\/product_brand?post=1384"},{"taxonomy":"product_cat","embeddable":true,"href":"https:\/\/equipmentcontrols.com\/fr\/wp-json\/wp\/v2\/product_cat?post=1384"},{"taxonomy":"product_tag","embeddable":true,"href":"https:\/\/equipmentcontrols.com\/fr\/wp-json\/wp\/v2\/product_tag?post=1384"}],"curies":[{"name":"wp","href":"https:\/\/api.w.org\/{rel}","templated":true}]}}