{"id":1376,"date":"2020-05-13T14:26:43","date_gmt":"2020-05-13T14:26:43","guid":{"rendered":"https:\/\/econtrols.stagemysite.com\/?post_type=product&#038;p=1376"},"modified":"2022-09-07T19:14:25","modified_gmt":"2022-09-07T19:14:25","slug":"pf-dilock-safety-device","status":"publish","type":"product","link":"https:\/\/equipmentcontrols.com\/fr\/produit\/pf-dilock-safety-device\/","title":{"rendered":"Dispositif de s\u00e9curit\u00e9 PF Dilock"},"content":{"rendered":"<p><strong>Dispositif de s\u00e9curit\u00e9 PF Dilock<\/strong><\/p>\n<div class=\"col-lg-8 col-md-8 col-sm-8 col-xs-12\">\n<p>Dilock est un dispositif de s\u00e9curit\u00e9 (SAV) qui coupe rapidement le d\u00e9bit de gaz lorsque la pression qu&#039;il surveille atteint une limite pr\u00e9d\u00e9finie en raison d&#039;une anomalie dans le syst\u00e8me, ou lorsque l&#039;op\u00e9rateur demande \u00e0 l&#039;op\u00e9rateur d&#039;op\u00e9rer \u00e0 partir d&#039;un point distant.<\/p>\n<p><strong>Traits:<\/strong><\/p>\n<p>\u2022 Max. pression d&#039;entr\u00e9e Pe max : 274 PSIG<br \/>\n\u2022 Temp\u00e9rature de fonctionnement du gaz\u00a0: \u2013 4\u00a0\u00b0F \u00e0 + 140\u00a0\u00b0F<br \/>\n\u2022 Temp\u00e9rature ambiante : \u2013 40 \u00b0F \u00e0 + 140 \u00b0F<br \/>\n\u2022 Plage de pression de sortie Wh\u00a0: 0,43 \u00e0 79,77\u00a0PSIG<br \/>\n\u2022 Pr\u00e9cision : AG \u00b1 5% sur la valeur de la pression de r\u00e9glage<br \/>\n\u2022 Intervention sur augmentation et\/ou diminution de pression<br \/>\n\u2022 Commande manuelle \u00e0 bouton-poussoir<br \/>\n\u2022 Option pour t\u00e9l\u00e9commande pneumatique ou \u00e9lectromagn\u00e9tique<br \/>\n\u2022 R\u00e9armement manuel avec by-pass interne activ\u00e9 par le levier de man\u0153uvre<br \/>\n\u2022 Possibilit\u00e9 d&#039;application de dispositifs pour le signal d&#039;intervention \u00e0 distance (interrupteurs de contact ou d\u00e9tecteurs de proximit\u00e9)<br \/>\n\u2022 Petite taille globale<br \/>\n\u2022 Taille disponible\u00a0:<br \/>\n\u2013 Dilock 75 : Rp 1\u201d x 1\u201d<br \/>\n\u2013 Dilock 125 : Rp 1\u201d x 1\u201d1\/2<br \/>\n\u2013 Dilock 1080 : Rp 1\u201d, 11\/4 x 1\u201d1\/4, 11\/2 x 1\u201d1\/2, 2\u201d x 2\u201d<br \/>\n\u2022 Connexions:<br \/>\n\u2013 Filet\u00e9 NPT<br \/>\n\u2013 Classe de bridage 150RF selon ANSI B 16.<\/p>\n<\/div>\n<div><\/div>\n<p><strong>T\u00e9l\u00e9chargements\u00a0:<\/strong><br \/>\n<a title=\"Manuel technique Dival 160 Ap (ENG-ITA)\" href=\"https:\/\/equipmentcontrols.com\/wp-content\/uploads\/2020\/05\/Dilock_CT_257_ENG_-usa-10-2019.pdf\" target=\"_blank\" rel=\"noopener noreferrer\">Manuel d&#039;installation PF Dilock<\/a><\/p>\n<p>Poster<\/p>\n<p>&nbsp;<\/p>","protected":false},"excerpt":{"rendered":"<p>PF Dilock Safety Device Dilock is a safety device (SAV) which quickly shuts off the gas flow when the pressure it is monitoring reaches a pre-set limit due to any abnomality in the system, or when required by the operator to operate from a remote point. Features: \u2022 Max. inlet pressure Pe max: 274 PSIG [&hellip;]<\/p>\n","protected":false},"featured_media":1393,"template":"","meta":[],"product_brand":[],"product_cat":[46,59],"product_tag":[91],"class_list":{"0":"post-1376","1":"product","2":"type-product","3":"status-publish","4":"has-post-thumbnail","6":"product_cat-pietro-fiorentini","7":"product_cat-safety-devices","8":"product_tag-safety-device-that-intercepts-gas-flow","10":"first","11":"instock","12":"shipping-taxable","13":"product-type-simple"},"yoast_head":"<!-- This site is optimized with the Yoast SEO Premium plugin v23.9 (Yoast SEO v27.3) - https:\/\/yoast.com\/product\/yoast-seo-premium-wordpress\/ -->\n<title>PF Dilock Safety Device - ECCO<\/title>\n<meta name=\"description\" content=\"The SCN is a compact safety device (SAV) which quickly intercepts gas flow whenever the pressure under monitoring reaches a pre-set limits, or whenever manually required by operator on site or through a remote command (optional device). SCN is a slam-shut valve with self-operated actuation and manual resetting, it is an ideal product for distribution networks and industrial and chemical engineering applications. SCN is suitable for natural gas and all non-corrosive gaseous media. Its &#039;top entry&#039; design makes it easy to maintain without removing the body from the pipeline.\" \/>\n<meta name=\"robots\" content=\"index, follow, max-snippet:-1, max-image-preview:large, max-video-preview:-1\" \/>\n<link rel=\"canonical\" href=\"https:\/\/equipmentcontrols.com\/fr\/produit\/pf-dilock-safety-device\/\" \/>\n<meta property=\"og:locale\" content=\"fr_CA\" \/>\n<meta property=\"og:type\" content=\"article\" \/>\n<meta property=\"og:title\" content=\"PF Dilock Safety Device\" \/>\n<meta property=\"og:description\" content=\"The SCN is a compact safety device (SAV) which quickly intercepts gas flow whenever the pressure under monitoring reaches a pre-set limits, or whenever manually required by operator on site or through a remote command (optional device). SCN is a slam-shut valve with self-operated actuation and manual resetting, it is an ideal product for distribution networks and industrial and chemical engineering applications. SCN is suitable for natural gas and all non-corrosive gaseous media. Its &#039;top entry&#039; design makes it easy to maintain without removing the body from the pipeline.\" \/>\n<meta property=\"og:url\" content=\"https:\/\/equipmentcontrols.com\/fr\/produit\/pf-dilock-safety-device\/\" \/>\n<meta property=\"og:site_name\" content=\"ECCO\" \/>\n<meta property=\"article:modified_time\" content=\"2022-09-07T19:14:25+00:00\" \/>\n<meta property=\"og:image\" content=\"https:\/\/equipmentcontrols.com\/wp-content\/uploads\/2020\/05\/PF-Dilock.jpg\" \/>\n\t<meta property=\"og:image:width\" content=\"860\" \/>\n\t<meta property=\"og:image:height\" content=\"860\" \/>\n\t<meta property=\"og:image:type\" content=\"image\/jpeg\" \/>\n<meta name=\"twitter:card\" content=\"summary_large_image\" \/>\n<meta name=\"twitter:label1\" content=\"Estimation du temps de lecture\" \/>\n\t<meta name=\"twitter:data1\" content=\"1 minute\" \/>\n<script type=\"application\/ld+json\" class=\"yoast-schema-graph\">{\"@context\":\"https:\\\/\\\/schema.org\",\"@graph\":[{\"@type\":\"WebPage\",\"@id\":\"https:\\\/\\\/equipmentcontrols.com\\\/product\\\/pf-dilock-safety-device\\\/\",\"url\":\"https:\\\/\\\/equipmentcontrols.com\\\/product\\\/pf-dilock-safety-device\\\/\",\"name\":\"PF Dilock Safety Device - ECCO\",\"isPartOf\":{\"@id\":\"https:\\\/\\\/equipmentcontrols.com\\\/#website\"},\"primaryImageOfPage\":{\"@id\":\"https:\\\/\\\/equipmentcontrols.com\\\/product\\\/pf-dilock-safety-device\\\/#primaryimage\"},\"image\":{\"@id\":\"https:\\\/\\\/equipmentcontrols.com\\\/product\\\/pf-dilock-safety-device\\\/#primaryimage\"},\"thumbnailUrl\":\"https:\\\/\\\/equipmentcontrols.com\\\/wp-content\\\/uploads\\\/2020\\\/05\\\/PF-Dilock.jpg\",\"datePublished\":\"2020-05-13T14:26:43+00:00\",\"dateModified\":\"2022-09-07T19:14:25+00:00\",\"description\":\"The SCN is a compact safety device (SAV) which quickly intercepts gas flow whenever the pressure under monitoring reaches a pre-set limits, or whenever manually required by operator on site or through a remote command (optional device). SCN is a slam-shut valve with self-operated actuation and manual resetting, it is an ideal product for distribution networks and industrial and chemical engineering applications. SCN is suitable for natural gas and all non-corrosive gaseous media. Its 'top entry' design makes it easy to maintain without removing the body from the pipeline.\",\"breadcrumb\":{\"@id\":\"https:\\\/\\\/equipmentcontrols.com\\\/product\\\/pf-dilock-safety-device\\\/#breadcrumb\"},\"inLanguage\":\"fr-CA\",\"potentialAction\":[{\"@type\":\"ReadAction\",\"target\":[\"https:\\\/\\\/equipmentcontrols.com\\\/product\\\/pf-dilock-safety-device\\\/\"]}]},{\"@type\":\"ImageObject\",\"inLanguage\":\"fr-CA\",\"@id\":\"https:\\\/\\\/equipmentcontrols.com\\\/product\\\/pf-dilock-safety-device\\\/#primaryimage\",\"url\":\"https:\\\/\\\/equipmentcontrols.com\\\/wp-content\\\/uploads\\\/2020\\\/05\\\/PF-Dilock.jpg\",\"contentUrl\":\"https:\\\/\\\/equipmentcontrols.com\\\/wp-content\\\/uploads\\\/2020\\\/05\\\/PF-Dilock.jpg\",\"width\":860,\"height\":860,\"caption\":\"PF-Dilock\"},{\"@type\":\"BreadcrumbList\",\"@id\":\"https:\\\/\\\/equipmentcontrols.com\\\/product\\\/pf-dilock-safety-device\\\/#breadcrumb\",\"itemListElement\":[{\"@type\":\"ListItem\",\"position\":1,\"name\":\"Home\",\"item\":\"https:\\\/\\\/equipmentcontrols.com\\\/\"},{\"@type\":\"ListItem\",\"position\":2,\"name\":\"Shop\",\"item\":\"https:\\\/\\\/equipmentcontrols.com\\\/shop\\\/\"},{\"@type\":\"ListItem\",\"position\":3,\"name\":\"PF Dilock Safety Device\"}]},{\"@type\":\"WebSite\",\"@id\":\"https:\\\/\\\/equipmentcontrols.com\\\/#website\",\"url\":\"https:\\\/\\\/equipmentcontrols.com\\\/\",\"name\":\"ECCO\",\"description\":\"Equipment Controls Company\",\"potentialAction\":[{\"@type\":\"SearchAction\",\"target\":{\"@type\":\"EntryPoint\",\"urlTemplate\":\"https:\\\/\\\/equipmentcontrols.com\\\/?s={search_term_string}\"},\"query-input\":{\"@type\":\"PropertyValueSpecification\",\"valueRequired\":true,\"valueName\":\"search_term_string\"}}],\"inLanguage\":\"fr-CA\"}]}<\/script>\n<!-- \/ Yoast SEO Premium plugin. -->","yoast_head_json":{"title":"PF Dilock Safety Device - ECCO","description":"The SCN is a compact safety device (SAV) which quickly intercepts gas flow whenever the pressure under monitoring reaches a pre-set limits, or whenever manually required by operator on site or through a remote command (optional device). SCN is a slam-shut valve with self-operated actuation and manual resetting, it is an ideal product for distribution networks and industrial and chemical engineering applications. SCN is suitable for natural gas and all non-corrosive gaseous media. Its 'top entry' design makes it easy to maintain without removing the body from the pipeline.","robots":{"index":"index","follow":"follow","max-snippet":"max-snippet:-1","max-image-preview":"max-image-preview:large","max-video-preview":"max-video-preview:-1"},"canonical":"https:\/\/equipmentcontrols.com\/fr\/produit\/pf-dilock-safety-device\/","og_locale":"fr_CA","og_type":"article","og_title":"PF Dilock Safety Device","og_description":"The SCN is a compact safety device (SAV) which quickly intercepts gas flow whenever the pressure under monitoring reaches a pre-set limits, or whenever manually required by operator on site or through a remote command (optional device). SCN is a slam-shut valve with self-operated actuation and manual resetting, it is an ideal product for distribution networks and industrial and chemical engineering applications. SCN is suitable for natural gas and all non-corrosive gaseous media. Its 'top entry' design makes it easy to maintain without removing the body from the pipeline.","og_url":"https:\/\/equipmentcontrols.com\/fr\/produit\/pf-dilock-safety-device\/","og_site_name":"ECCO","article_modified_time":"2022-09-07T19:14:25+00:00","og_image":[{"width":860,"height":860,"url":"https:\/\/equipmentcontrols.com\/wp-content\/uploads\/2020\/05\/PF-Dilock.jpg","type":"image\/jpeg"}],"twitter_card":"summary_large_image","twitter_misc":{"Estimation du temps de lecture":"1 minute"},"schema":{"@context":"https:\/\/schema.org","@graph":[{"@type":"WebPage","@id":"https:\/\/equipmentcontrols.com\/product\/pf-dilock-safety-device\/","url":"https:\/\/equipmentcontrols.com\/product\/pf-dilock-safety-device\/","name":"PF Dilock Safety Device - ECCO","isPartOf":{"@id":"https:\/\/equipmentcontrols.com\/#website"},"primaryImageOfPage":{"@id":"https:\/\/equipmentcontrols.com\/product\/pf-dilock-safety-device\/#primaryimage"},"image":{"@id":"https:\/\/equipmentcontrols.com\/product\/pf-dilock-safety-device\/#primaryimage"},"thumbnailUrl":"https:\/\/equipmentcontrols.com\/wp-content\/uploads\/2020\/05\/PF-Dilock.jpg","datePublished":"2020-05-13T14:26:43+00:00","dateModified":"2022-09-07T19:14:25+00:00","description":"The SCN is a compact safety device (SAV) which quickly intercepts gas flow whenever the pressure under monitoring reaches a pre-set limits, or whenever manually required by operator on site or through a remote command (optional device). SCN is a slam-shut valve with self-operated actuation and manual resetting, it is an ideal product for distribution networks and industrial and chemical engineering applications. SCN is suitable for natural gas and all non-corrosive gaseous media. Its 'top entry' design makes it easy to maintain without removing the body from the pipeline.","breadcrumb":{"@id":"https:\/\/equipmentcontrols.com\/product\/pf-dilock-safety-device\/#breadcrumb"},"inLanguage":"fr-CA","potentialAction":[{"@type":"ReadAction","target":["https:\/\/equipmentcontrols.com\/product\/pf-dilock-safety-device\/"]}]},{"@type":"ImageObject","inLanguage":"fr-CA","@id":"https:\/\/equipmentcontrols.com\/product\/pf-dilock-safety-device\/#primaryimage","url":"https:\/\/equipmentcontrols.com\/wp-content\/uploads\/2020\/05\/PF-Dilock.jpg","contentUrl":"https:\/\/equipmentcontrols.com\/wp-content\/uploads\/2020\/05\/PF-Dilock.jpg","width":860,"height":860,"caption":"PF-Dilock"},{"@type":"BreadcrumbList","@id":"https:\/\/equipmentcontrols.com\/product\/pf-dilock-safety-device\/#breadcrumb","itemListElement":[{"@type":"ListItem","position":1,"name":"Home","item":"https:\/\/equipmentcontrols.com\/"},{"@type":"ListItem","position":2,"name":"Shop","item":"https:\/\/equipmentcontrols.com\/shop\/"},{"@type":"ListItem","position":3,"name":"PF Dilock Safety Device"}]},{"@type":"WebSite","@id":"https:\/\/equipmentcontrols.com\/#website","url":"https:\/\/equipmentcontrols.com\/","name":"ECCO","description":"Compagnie de contr\u00f4le d&#039;\u00e9quipement","potentialAction":[{"@type":"SearchAction","target":{"@type":"EntryPoint","urlTemplate":"https:\/\/equipmentcontrols.com\/?s={search_term_string}"},"query-input":{"@type":"PropertyValueSpecification","valueRequired":true,"valueName":"search_term_string"}}],"inLanguage":"fr-CA"}]}},"_links":{"self":[{"href":"https:\/\/equipmentcontrols.com\/fr\/wp-json\/wp\/v2\/product\/1376","targetHints":{"allow":["GET"]}}],"collection":[{"href":"https:\/\/equipmentcontrols.com\/fr\/wp-json\/wp\/v2\/product"}],"about":[{"href":"https:\/\/equipmentcontrols.com\/fr\/wp-json\/wp\/v2\/types\/product"}],"wp:featuredmedia":[{"embeddable":true,"href":"https:\/\/equipmentcontrols.com\/fr\/wp-json\/wp\/v2\/media\/1393"}],"wp:attachment":[{"href":"https:\/\/equipmentcontrols.com\/fr\/wp-json\/wp\/v2\/media?parent=1376"}],"wp:term":[{"taxonomy":"product_brand","embeddable":true,"href":"https:\/\/equipmentcontrols.com\/fr\/wp-json\/wp\/v2\/product_brand?post=1376"},{"taxonomy":"product_cat","embeddable":true,"href":"https:\/\/equipmentcontrols.com\/fr\/wp-json\/wp\/v2\/product_cat?post=1376"},{"taxonomy":"product_tag","embeddable":true,"href":"https:\/\/equipmentcontrols.com\/fr\/wp-json\/wp\/v2\/product_tag?post=1376"}],"curies":[{"name":"wp","href":"https:\/\/api.w.org\/{rel}","templated":true}]}}